{"id":3380,"date":"2023-05-03T09:18:51","date_gmt":"2023-05-03T09:18:51","guid":{"rendered":"https:\/\/www.gunmeplug.com\/?post_type=product&#038;p=3380"},"modified":"2023-05-03T10:13:18","modified_gmt":"2023-05-03T10:13:18","slug":"smith-wesson-mp9-shield-ez-9mm-pistol-w-safety-3-6-81rd-12436","status":"publish","type":"product","link":"https:\/\/www.gunmeplug.com\/hu\/termek\/smith-wesson-mp9-shield-ez-9mm-pistol-w-safety-3-6-81rd-12436\/","title":{"rendered":"Smith &#038; Wesson M&#038;P9 Shield EZ 9mm Pistol w\/ Safety 3.6&#8243; 8+1RD 12436"},"content":{"rendered":"<h3 class=\"tab_content_head\">R\u00c9SZLETEK<\/h3>\n<div class=\"product attribute description\">\n<div class=\"value\">\n<p>Built for personal and home protection, the new M&amp;P9 Shield EZ pistol is the latest addition to the M&amp;P M2.0\u2122 family and features an 8+1 round capacity and a 3.675\u201d barrel. The M&amp;P9 Shield EZ pistol ships with two 8 round magazines that feature a load assist tab for quick, easy loading, as well as a picatinny-style equipment rail to accommodate accessories. The pistol also features an optimal M&amp;P pistol 18-degree grip angle for a natural point of aim, white-dot front and adjustable white-dot rear sights, and a light, crisp trigger.<\/p>\n<p><strong>A term\u00e9k jellemz\u0151i:<\/strong><\/p>\n<ul class=\"disc\">\n<li>K\u00f6nnyen \u00e1llv\u00e1ny cs\u00faszda<\/li>\n<li>\u00c9les, k\u00f6nny\u0171 ravasz tapinthat\u00f3 \u00e9s hallhat\u00f3 vissza\u00e1ll\u00edt\u00e1ssal<\/li>\n<li>Fog\u00e1sbiztons\u00e1g<\/li>\n<li>Sz\u00e9less\u00e9g \u00e1ll\u00edthat\u00f3, feh\u00e9r pont h\u00e1ts\u00f3 c\u00e9lkereszt<\/li>\n<li>Sz\u00e9tszerelhet\u0151 a ravasz megh\u00faz\u00e1sa n\u00e9lk\u00fcl<\/li>\n<li>M\u00e9retre \u00e9s visszar\u00fag\u00e1sra optimaliz\u00e1lt markolat text\u00fara<\/li>\n<li>Tapinthat\u00f3 t\u00f6lt\u00f6tt kamrajelz\u0151 (TLCI)<\/li>\n<li>Picatinny-st\u00edlus\u00fa s\u00edn<\/li>\n<li>T\u00f6k\u00e9letes m\u00e9ret \u00e9jjeliszekr\u00e9nyre, hordoz\u00e1sra vagy egy napra a l\u0151t\u00e9ren.<\/li>\n<li>Megford\u00edthat\u00f3 t\u00e1rkiold\u00f3<\/li>\n<li>Optimal 18\u00ba grip angle for natural point of aim<\/li>\n<li>Armornite\u00ae \u2013 Durable, Corrosion Resistant Finish<\/li>\n<li>Tartalmaz (2) 8rd, k\u00f6nnyen pakolhat\u00f3 t\u00e1rat<\/li>\n<li>Kiold\u00f3 h\u00faz\u00f3s\u00faly: 5,5 font<\/li>\n<\/ul>\n<\/div>\n<\/div>","protected":false},"excerpt":{"rendered":"<p>DETAILS Built for personal and home protection, the new M&amp;P9 Shield EZ pistol is the latest addition to the M&amp;P M2.0\u2122 family and features an 8+1 round capacity and a 3.675\u201d barrel. The M&amp;P9 Shield EZ pistol ships with two 8 round magazines that feature a load assist tab for quick, easy loading, as well [&hellip;]<\/p>","protected":false},"featured_media":3387,"template":"","meta":{"_acf_changed":false,"_joinchat":[]},"product_brand":[],"product_cat":[130],"product_tag":[],"class_list":{"0":"post-3380","1":"product","2":"type-product","3":"status-publish","4":"has-post-thumbnail","6":"product_cat-handguns","8":"first","9":"instock","10":"sale","11":"shipping-taxable","12":"purchasable","13":"product-type-simple"},"acf":[],"yoast_head":"<!-- This site is optimized with the Yoast SEO plugin v26.3 - https:\/\/yoast.com\/wordpress\/plugins\/seo\/ -->\n<title>Smith &amp; Wesson M&amp;P9 Shield EZ 9mm Pistol w\/ Safety 3.6&quot; 8+1RD 12436 - Buy gun online USA<\/title>\n<meta name=\"robots\" content=\"index, follow, max-snippet:-1, max-image-preview:large, max-video-preview:-1\" \/>\n<link rel=\"canonical\" href=\"https:\/\/www.gunmeplug.com\/hu\/termek\/smith-wesson-mp9-shield-ez-9mm-pistol-w-safety-3-6-81rd-12436\/\" \/>\n<meta property=\"og:locale\" content=\"hu_HU\" \/>\n<meta property=\"og:type\" content=\"article\" \/>\n<meta property=\"og:title\" content=\"Smith &amp; Wesson M&amp;P9 Shield EZ 9mm Pistol w\/ Safety 3.6&quot; 8+1RD 12436 - Buy gun online USA\" \/>\n<meta property=\"og:description\" content=\"DETAILS Built for personal and home protection, the new M&amp;P9 Shield EZ pistol is the latest addition to the M&amp;P M2.0\u2122 family and features an 8+1 round capacity and a 3.675\u201d barrel. The M&amp;P9 Shield EZ pistol ships with two 8 round magazines that feature a load assist tab for quick, easy loading, as well [&hellip;]\" \/>\n<meta property=\"og:url\" content=\"https:\/\/www.gunmeplug.com\/hu\/termek\/smith-wesson-mp9-shield-ez-9mm-pistol-w-safety-3-6-81rd-12436\/\" \/>\n<meta property=\"og:site_name\" content=\"Buy gun online USA\" \/>\n<meta property=\"article:modified_time\" content=\"2023-05-03T10:13:18+00:00\" \/>\n<meta property=\"og:image\" content=\"https:\/\/www.gunmeplug.com\/wp-content\/uploads\/2023\/05\/Smith-Wesson-MP9-Shield-EZ-1.jpg\" \/>\n\t<meta property=\"og:image:width\" content=\"600\" \/>\n\t<meta property=\"og:image:height\" content=\"600\" \/>\n\t<meta property=\"og:image:type\" content=\"image\/jpeg\" \/>\n<meta name=\"twitter:card\" content=\"summary_large_image\" \/>\n<meta name=\"twitter:label1\" content=\"Becs\u00fclt olvas\u00e1si id\u0151\" \/>\n\t<meta name=\"twitter:data1\" content=\"1 perc\" \/>\n<script type=\"application\/ld+json\" class=\"yoast-schema-graph\">{\"@context\":\"https:\/\/schema.org\",\"@graph\":[{\"@type\":\"WebPage\",\"@id\":\"https:\/\/www.gunmeplug.com\/hu\/termek\/smith-wesson-mp9-shield-ez-9mm-pistol-w-safety-3-6-81rd-12436\/\",\"url\":\"https:\/\/www.gunmeplug.com\/hu\/termek\/smith-wesson-mp9-shield-ez-9mm-pistol-w-safety-3-6-81rd-12436\/\",\"name\":\"Smith & Wesson M&P9 Shield EZ 9mm Pistol w\/ Safety 3.6\\\" 8+1RD 12436 - Buy gun online USA\",\"isPartOf\":{\"@id\":\"https:\/\/www.gunmeplug.com\/#website\"},\"primaryImageOfPage\":{\"@id\":\"https:\/\/www.gunmeplug.com\/hu\/termek\/smith-wesson-mp9-shield-ez-9mm-pistol-w-safety-3-6-81rd-12436\/#primaryimage\"},\"image\":{\"@id\":\"https:\/\/www.gunmeplug.com\/hu\/termek\/smith-wesson-mp9-shield-ez-9mm-pistol-w-safety-3-6-81rd-12436\/#primaryimage\"},\"thumbnailUrl\":\"https:\/\/www.gunmeplug.com\/wp-content\/uploads\/2023\/05\/Smith-Wesson-MP9-Shield-EZ-1.jpg\",\"datePublished\":\"2023-05-03T09:18:51+00:00\",\"dateModified\":\"2023-05-03T10:13:18+00:00\",\"breadcrumb\":{\"@id\":\"https:\/\/www.gunmeplug.com\/hu\/termek\/smith-wesson-mp9-shield-ez-9mm-pistol-w-safety-3-6-81rd-12436\/#breadcrumb\"},\"inLanguage\":\"hu\",\"potentialAction\":[{\"@type\":\"ReadAction\",\"target\":[\"https:\/\/www.gunmeplug.com\/hu\/termek\/smith-wesson-mp9-shield-ez-9mm-pistol-w-safety-3-6-81rd-12436\/\"]}]},{\"@type\":\"ImageObject\",\"inLanguage\":\"hu\",\"@id\":\"https:\/\/www.gunmeplug.com\/hu\/termek\/smith-wesson-mp9-shield-ez-9mm-pistol-w-safety-3-6-81rd-12436\/#primaryimage\",\"url\":\"https:\/\/www.gunmeplug.com\/wp-content\/uploads\/2023\/05\/Smith-Wesson-MP9-Shield-EZ-1.jpg\",\"contentUrl\":\"https:\/\/www.gunmeplug.com\/wp-content\/uploads\/2023\/05\/Smith-Wesson-MP9-Shield-EZ-1.jpg\",\"width\":600,\"height\":600,\"caption\":\"Smith-&-Wesson-M&P9-Shield-EZ\"},{\"@type\":\"BreadcrumbList\",\"@id\":\"https:\/\/www.gunmeplug.com\/hu\/termek\/smith-wesson-mp9-shield-ez-9mm-pistol-w-safety-3-6-81rd-12436\/#breadcrumb\",\"itemListElement\":[{\"@type\":\"ListItem\",\"position\":1,\"name\":\"Home\",\"item\":\"https:\/\/www.gunmeplug.com\/es\/\"},{\"@type\":\"ListItem\",\"position\":2,\"name\":\"Shop\",\"item\":\"https:\/\/www.gunmeplug.com\/es\/shop\/\"},{\"@type\":\"ListItem\",\"position\":3,\"name\":\"Smith &#038; Wesson M&#038;P9 Shield EZ 9mm Pistol w\/ Safety 3.6&#8243; 8+1RD 12436\"}]},{\"@type\":\"WebSite\",\"@id\":\"https:\/\/www.gunmeplug.com\/#website\",\"url\":\"https:\/\/www.gunmeplug.com\/\",\"name\":\"Buy gun online USA\",\"description\":\"FireArms for sale online \",\"potentialAction\":[{\"@type\":\"SearchAction\",\"target\":{\"@type\":\"EntryPoint\",\"urlTemplate\":\"https:\/\/www.gunmeplug.com\/?s={search_term_string}\"},\"query-input\":{\"@type\":\"PropertyValueSpecification\",\"valueRequired\":true,\"valueName\":\"search_term_string\"}}],\"inLanguage\":\"hu\"}]}<\/script>\n<!-- \/ Yoast SEO plugin. -->","yoast_head_json":{"title":"Smith &amp; Wesson M&amp;P9 Shield EZ 9mm pisztoly 3.6\" 8+1RD 12436 - Fegyver online v\u00e1s\u00e1rl\u00e1s USA-ban","robots":{"index":"index","follow":"follow","max-snippet":"max-snippet:-1","max-image-preview":"max-image-preview:large","max-video-preview":"max-video-preview:-1"},"canonical":"https:\/\/www.gunmeplug.com\/hu\/termek\/smith-wesson-mp9-shield-ez-9mm-pistol-w-safety-3-6-81rd-12436\/","og_locale":"hu_HU","og_type":"article","og_title":"Smith & Wesson M&P9 Shield EZ 9mm Pistol w\/ Safety 3.6\" 8+1RD 12436 - Buy gun online USA","og_description":"DETAILS Built for personal and home protection, the new M&amp;P9 Shield EZ pistol is the latest addition to the M&amp;P M2.0\u2122 family and features an 8+1 round capacity and a 3.675\u201d barrel. The M&amp;P9 Shield EZ pistol ships with two 8 round magazines that feature a load assist tab for quick, easy loading, as well [&hellip;]","og_url":"https:\/\/www.gunmeplug.com\/hu\/termek\/smith-wesson-mp9-shield-ez-9mm-pistol-w-safety-3-6-81rd-12436\/","og_site_name":"Buy gun online USA","article_modified_time":"2023-05-03T10:13:18+00:00","og_image":[{"width":600,"height":600,"url":"https:\/\/www.gunmeplug.com\/wp-content\/uploads\/2023\/05\/Smith-Wesson-MP9-Shield-EZ-1.jpg","type":"image\/jpeg"}],"twitter_card":"summary_large_image","twitter_misc":{"Becs\u00fclt olvas\u00e1si id\u0151":"1 perc"},"schema":{"@context":"https:\/\/schema.org","@graph":[{"@type":"WebPage","@id":"https:\/\/www.gunmeplug.com\/hu\/termek\/smith-wesson-mp9-shield-ez-9mm-pistol-w-safety-3-6-81rd-12436\/","url":"https:\/\/www.gunmeplug.com\/hu\/termek\/smith-wesson-mp9-shield-ez-9mm-pistol-w-safety-3-6-81rd-12436\/","name":"Smith &amp; Wesson M&amp;P9 Shield EZ 9mm pisztoly 3.6\" 8+1RD 12436 - Fegyver online v\u00e1s\u00e1rl\u00e1s USA-ban","isPartOf":{"@id":"https:\/\/www.gunmeplug.com\/#website"},"primaryImageOfPage":{"@id":"https:\/\/www.gunmeplug.com\/hu\/termek\/smith-wesson-mp9-shield-ez-9mm-pistol-w-safety-3-6-81rd-12436\/#primaryimage"},"image":{"@id":"https:\/\/www.gunmeplug.com\/hu\/termek\/smith-wesson-mp9-shield-ez-9mm-pistol-w-safety-3-6-81rd-12436\/#primaryimage"},"thumbnailUrl":"https:\/\/www.gunmeplug.com\/wp-content\/uploads\/2023\/05\/Smith-Wesson-MP9-Shield-EZ-1.jpg","datePublished":"2023-05-03T09:18:51+00:00","dateModified":"2023-05-03T10:13:18+00:00","breadcrumb":{"@id":"https:\/\/www.gunmeplug.com\/hu\/termek\/smith-wesson-mp9-shield-ez-9mm-pistol-w-safety-3-6-81rd-12436\/#breadcrumb"},"inLanguage":"hu","potentialAction":[{"@type":"ReadAction","target":["https:\/\/www.gunmeplug.com\/hu\/termek\/smith-wesson-mp9-shield-ez-9mm-pistol-w-safety-3-6-81rd-12436\/"]}]},{"@type":"ImageObject","inLanguage":"hu","@id":"https:\/\/www.gunmeplug.com\/hu\/termek\/smith-wesson-mp9-shield-ez-9mm-pistol-w-safety-3-6-81rd-12436\/#primaryimage","url":"https:\/\/www.gunmeplug.com\/wp-content\/uploads\/2023\/05\/Smith-Wesson-MP9-Shield-EZ-1.jpg","contentUrl":"https:\/\/www.gunmeplug.com\/wp-content\/uploads\/2023\/05\/Smith-Wesson-MP9-Shield-EZ-1.jpg","width":600,"height":600,"caption":"Smith-&-Wesson-M&P9-Shield-EZ"},{"@type":"BreadcrumbList","@id":"https:\/\/www.gunmeplug.com\/hu\/termek\/smith-wesson-mp9-shield-ez-9mm-pistol-w-safety-3-6-81rd-12436\/#breadcrumb","itemListElement":[{"@type":"ListItem","position":1,"name":"Home","item":"https:\/\/www.gunmeplug.com\/es\/"},{"@type":"ListItem","position":2,"name":"Shop","item":"https:\/\/www.gunmeplug.com\/es\/shop\/"},{"@type":"ListItem","position":3,"name":"Smith &#038; Wesson M&#038;P9 Shield EZ 9mm Pistol w\/ Safety 3.6&#8243; 8+1RD 12436"}]},{"@type":"WebSite","@id":"https:\/\/www.gunmeplug.com\/#website","url":"https:\/\/www.gunmeplug.com\/","name":"Fegyverv\u00e1s\u00e1rl\u00e1s online USA","description":"Online elad\u00f3 t\u0171zfegyverek","potentialAction":[{"@type":"SearchAction","target":{"@type":"EntryPoint","urlTemplate":"https:\/\/www.gunmeplug.com\/?s={search_term_string}"},"query-input":{"@type":"PropertyValueSpecification","valueRequired":true,"valueName":"search_term_string"}}],"inLanguage":"hu"}]}},"_links":{"self":[{"href":"https:\/\/www.gunmeplug.com\/hu\/wp-json\/wp\/v2\/product\/3380","targetHints":{"allow":["GET"]}}],"collection":[{"href":"https:\/\/www.gunmeplug.com\/hu\/wp-json\/wp\/v2\/product"}],"about":[{"href":"https:\/\/www.gunmeplug.com\/hu\/wp-json\/wp\/v2\/types\/product"}],"wp:featuredmedia":[{"embeddable":true,"href":"https:\/\/www.gunmeplug.com\/hu\/wp-json\/wp\/v2\/media\/3387"}],"wp:attachment":[{"href":"https:\/\/www.gunmeplug.com\/hu\/wp-json\/wp\/v2\/media?parent=3380"}],"wp:term":[{"taxonomy":"product_brand","embeddable":true,"href":"https:\/\/www.gunmeplug.com\/hu\/wp-json\/wp\/v2\/product_brand?post=3380"},{"taxonomy":"product_cat","embeddable":true,"href":"https:\/\/www.gunmeplug.com\/hu\/wp-json\/wp\/v2\/product_cat?post=3380"},{"taxonomy":"product_tag","embeddable":true,"href":"https:\/\/www.gunmeplug.com\/hu\/wp-json\/wp\/v2\/product_tag?post=3380"}],"curies":[{"name":"wp","href":"https:\/\/api.w.org\/{rel}","templated":true}]}}