{"id":3158,"date":"2021-04-08T06:40:57","date_gmt":"2021-04-08T06:40:57","guid":{"rendered":"https:\/\/www.gunmeplug.com\/?post_type=product&#038;p=3158"},"modified":"2025-07-24T02:24:43","modified_gmt":"2025-07-24T02:24:43","slug":"glock-43x-9mm-px4350201","status":"publish","type":"product","link":"https:\/\/www.gunmeplug.com\/hu\/termek\/glock-43x-9mm-px4350201\/","title":{"rendered":"Glock 43X 9mm PX4350201"},"content":{"rendered":"<h1>Glock 43X 9mm PX4350201<\/h1>\n<p>A 9 mm-es Luger-kamr\u00e1s G43X s\u00edn kompakt Slimline kerettel rendelkezik, fekete cs\u00faszd\u00e1val, nDLC bevonattal. A 10 k\u00f6r\u00f6s t\u00e1rkapacit\u00e1s ide\u00e1liss\u00e1 teszi a rejtett sz\u00e1ll\u00edt\u00e1shoz.<\/p>\n<p>K\u00e9nyelemre tervezve, <a href=\"https:\/\/en.wikipedia.org\/wiki\/Gun#Military\">a<\/a> G43X combines a compact-size grip length, a built-in beaver tail and a subcompact-slim slide for a comfortably balanced, versatile grip that\u00b4s ideal for a variety of users.<\/p>\n<p>A v\u00e1z a Gen5 \u00e9s a Slimline sorozat elemeit tartalmazza, mint pl <a href=\"https:\/\/www.gunmeplug.com\/hu\/termek\/glock-g43-9mm-subcompact-pistol-usa-ui4350201\/\">r\u00f6vid<\/a> kiold\u00f3t\u00e1vols\u00e1g, be\u00e9p\u00edtett h\u00f3dfarokkal ell\u00e1tott keret, megford\u00edthat\u00f3 t\u00e1rfog\u00f3, valamint a hihetetlen\u00fcl pontos, megfelel\u0151 GLOCK Marksman hord\u00f3 (GMB) \u00e9s a prec\u00edzi\u00f3san mart el\u00fcls\u0151 fogazat.<\/p>\n<table>\n<tbody>\n<tr data-exp=\"H;;;;;;\" data-exp-noani=\"1\">\n<td><strong>Glock<\/strong>\u00a0<strong>Elad\u00f3<\/strong>\u00a0&#8211; In Stock\u00a0<strong>Glock<\/strong>\u00a0Fegyverek \u00e1ra Olcs\u00f3<\/td>\n<\/tr>\n<\/tbody>\n<\/table>\n<h3 class=\"tab_content_head\">T\u00d6BB INFORM\u00c1CI\u00d3<\/h3>\n<div class=\"additional-attributes-wrapper table-wrapper\">\n<table id=\"product-attribute-specs-table\" class=\"data table additional-attributes\">\n<caption class=\"table-caption\">Tov\u00e1bbi inform\u00e1ci\u00f3<\/caption>\n<tbody>\n<tr>\n<th class=\"col label\" scope=\"row\">SKU<\/th>\n<td class=\"col data\" data-th=\"SKU\">31300158<\/td>\n<\/tr>\n<tr>\n<th class=\"col label\" scope=\"row\">UPC<\/th>\n<td class=\"col data\" data-th=\"UPC\">764503037894<\/td>\n<\/tr>\n<tr>\n<th class=\"col label\" scope=\"row\">M\u00e1rka<\/th>\n<td class=\"col data\" data-th=\"Brand\">Glock<\/td>\n<\/tr>\n<tr>\n<th class=\"col label\" scope=\"row\">Modell neve<\/th>\n<td class=\"col data\" data-th=\"Model Name\">43X<\/td>\n<\/tr>\n<tr>\n<th class=\"col label\" scope=\"row\">MPN<\/th>\n<td class=\"col data\" data-th=\"MPN\">PX4350201<\/td>\n<\/tr>\n<tr>\n<th class=\"col label\" scope=\"row\">Kaliber<\/th>\n<td class=\"col data\" data-th=\"Caliber\">9mm<\/td>\n<\/tr>\n<tr>\n<th class=\"col label\" scope=\"row\">Oszt\u00e1ly<\/th>\n<td class=\"col data\" data-th=\"Class\">Subcompact<\/td>\n<\/tr>\n<tr>\n<th class=\"col label\" scope=\"row\">Kapacit\u00e1s<\/th>\n<td class=\"col data\" data-th=\"Capacity\">10+1<\/td>\n<\/tr>\n<tr>\n<th class=\"col label\" scope=\"row\">Cs\u0151 hossza<\/th>\n<td class=\"col data\" data-th=\"Barrel Length\">3.41&#8243;<\/td>\n<\/tr>\n<tr>\n<th class=\"col label\" scope=\"row\">Hossz\u00fas\u00e1g<\/th>\n<td class=\"col data\" data-th=\"Length\">6.5&#8243;<\/td>\n<\/tr>\n<tr>\n<th class=\"col label\" scope=\"row\">S\u00faly<\/th>\n<td class=\"col data\" data-th=\"Weight\">23.07oz<\/td>\n<\/tr>\n<tr>\n<th class=\"col label\" scope=\"row\">L\u00e1tv\u00e1nyoss\u00e1gok<\/th>\n<td class=\"col data\" data-th=\"Sights\">R\u00f6gz\u00edtett<\/td>\n<\/tr>\n<tr>\n<th class=\"col label\" scope=\"row\">Fog\u00e1s<\/th>\n<td class=\"col data\" data-th=\"Grip\">Standard<\/td>\n<\/tr>\n<tr>\n<th class=\"col label\" scope=\"row\">Trigger<\/th>\n<td class=\"col data\" data-th=\"Trigger\">Standard<\/td>\n<\/tr>\n<tr>\n<th class=\"col label\" scope=\"row\">Biztons\u00e1g<\/th>\n<td class=\"col data\" data-th=\"Safety\">Nincs k\u00e9zi biztons\u00e1g<\/td>\n<\/tr>\n<tr>\n<th class=\"col label\" scope=\"row\">Befejez\u00e9s<\/th>\n<td class=\"col data\" data-th=\"Finish\">Fekete nDLC kivitel<\/td>\n<\/tr>\n<tr>\n<th class=\"col label\" scope=\"row\">Felt\u00e9tel<\/th>\n<td class=\"col data\" data-th=\"Condition\">\u00daj dobozban<\/td>\n<\/tr>\n<tr>\n<th class=\"col label\" scope=\"row\">MSRP (statikus)<\/th>\n<td class=\"col data\" data-th=\"MSRP (Static)\">538.00<\/td>\n<\/tr>\n<\/tbody>\n<\/table>\n<\/div>","protected":false},"excerpt":{"rendered":"<p>Glock 43X 9mm PX4350201 Chambered in 9mm Luger the G43X Rail feature a compact Slimline frame with a black slide with an nDLC finish. The 10-round magazine capacity makes it ideal for concealed carry. Designed for comfort, the G43X combines a compact-size grip length, a built-in beaver tail and a subcompact-slim slide for a comfortably [&hellip;]<\/p>","protected":false},"featured_media":3159,"template":"","meta":{"_acf_changed":false,"_joinchat":[]},"product_brand":[],"product_cat":[136,130],"product_tag":[194,189,191,202,192,193,188,190,198,201,195,200,197,199,196],"class_list":{"0":"post-3158","1":"product","2":"type-product","3":"status-publish","4":"has-post-thumbnail","6":"product_cat-glocks-for-sale","7":"product_cat-handguns","8":"product_tag-best-glock-accessories","9":"product_tag-buy-a-glock-17-gen","10":"product_tag-g17-gen5-mos","11":"product_tag-glock-113558","12":"product_tag-glock-17-9mm-pistol","13":"product_tag-glock-17-gen-5","14":"product_tag-glock-17-gen-5-for-sale","15":"product_tag-glock-17-gen5-mos","16":"product_tag-glock-43x-9mm-for-sale","17":"product_tag-glock-43x-buds","18":"product_tag-glock-43x-buds-gun-shop","19":"product_tag-glock-43x-for-sale-nj","20":"product_tag-glock-43x-for-sale-vendor","21":"product_tag-glock-43x-gun-deals","22":"product_tag-glock-43x-rural-king","24":"first","25":"instock","26":"sale","27":"shipping-taxable","28":"purchasable","29":"product-type-simple"},"acf":[],"yoast_head":"<!-- This site is optimized with the Yoast SEO plugin v26.3 - https:\/\/yoast.com\/wordpress\/plugins\/seo\/ -->\n<title>Glock 43X 9mm PX4350201, Glock 43 - 9mm, Glock Handguns for Sale<\/title>\n<meta name=\"description\" content=\"Glock 43X 9mm PX4350201, Glock 43x for sale. The GLOCK G43X Sub-Compact Slimline 9mm Pistol combines a sub-compact frame and GLOCK\u2019s\" \/>\n<meta name=\"robots\" content=\"index, follow, max-snippet:-1, max-image-preview:large, max-video-preview:-1\" \/>\n<link rel=\"canonical\" href=\"https:\/\/www.gunmeplug.com\/hu\/termek\/glock-43x-9mm-px4350201\/\" \/>\n<meta property=\"og:locale\" content=\"hu_HU\" \/>\n<meta property=\"og:type\" content=\"article\" \/>\n<meta property=\"og:title\" content=\"Glock 43X 9mm PX4350201, Glock 43 - 9mm, Glock Handguns for Sale\" \/>\n<meta property=\"og:description\" content=\"Glock 43X 9mm PX4350201, Glock 43x for sale. The GLOCK G43X Sub-Compact Slimline 9mm Pistol combines a sub-compact frame and GLOCK\u2019s\" \/>\n<meta property=\"og:url\" content=\"https:\/\/www.gunmeplug.com\/hu\/termek\/glock-43x-9mm-px4350201\/\" \/>\n<meta property=\"og:site_name\" content=\"Buy gun online USA\" \/>\n<meta property=\"article:modified_time\" content=\"2025-07-24T02:24:43+00:00\" \/>\n<meta property=\"og:image\" content=\"https:\/\/www.gunmeplug.com\/wp-content\/uploads\/2021\/04\/glock-43x-9mm-px4350201.jpg\" \/>\n\t<meta property=\"og:image:width\" content=\"600\" \/>\n\t<meta property=\"og:image:height\" content=\"600\" \/>\n\t<meta property=\"og:image:type\" content=\"image\/jpeg\" \/>\n<meta name=\"twitter:card\" content=\"summary_large_image\" \/>\n<meta name=\"twitter:label1\" content=\"Becs\u00fclt olvas\u00e1si id\u0151\" \/>\n\t<meta name=\"twitter:data1\" content=\"1 perc\" \/>\n<script type=\"application\/ld+json\" class=\"yoast-schema-graph\">{\"@context\":\"https:\/\/schema.org\",\"@graph\":[{\"@type\":\"WebPage\",\"@id\":\"https:\/\/www.gunmeplug.com\/nl\/product\/glock-43x-9mm-px4350201\/\",\"url\":\"https:\/\/www.gunmeplug.com\/nl\/product\/glock-43x-9mm-px4350201\/\",\"name\":\"Glock 43X 9mm PX4350201, Glock 43 - 9mm, Glock Handguns for Sale\",\"isPartOf\":{\"@id\":\"https:\/\/www.gunmeplug.com\/#website\"},\"primaryImageOfPage\":{\"@id\":\"https:\/\/www.gunmeplug.com\/nl\/product\/glock-43x-9mm-px4350201\/#primaryimage\"},\"image\":{\"@id\":\"https:\/\/www.gunmeplug.com\/nl\/product\/glock-43x-9mm-px4350201\/#primaryimage\"},\"thumbnailUrl\":\"https:\/\/www.gunmeplug.com\/wp-content\/uploads\/2021\/04\/glock-43x-9mm-px4350201.jpg\",\"datePublished\":\"2021-04-08T06:40:57+00:00\",\"dateModified\":\"2025-07-24T02:24:43+00:00\",\"description\":\"Glock 43X 9mm PX4350201, Glock 43x for sale. The GLOCK G43X Sub-Compact Slimline 9mm Pistol combines a sub-compact frame and GLOCK\u2019s\",\"breadcrumb\":{\"@id\":\"https:\/\/www.gunmeplug.com\/nl\/product\/glock-43x-9mm-px4350201\/#breadcrumb\"},\"inLanguage\":\"hu\",\"potentialAction\":[{\"@type\":\"ReadAction\",\"target\":[\"https:\/\/www.gunmeplug.com\/nl\/product\/glock-43x-9mm-px4350201\/\"]}]},{\"@type\":\"ImageObject\",\"inLanguage\":\"hu\",\"@id\":\"https:\/\/www.gunmeplug.com\/nl\/product\/glock-43x-9mm-px4350201\/#primaryimage\",\"url\":\"https:\/\/www.gunmeplug.com\/wp-content\/uploads\/2021\/04\/glock-43x-9mm-px4350201.jpg\",\"contentUrl\":\"https:\/\/www.gunmeplug.com\/wp-content\/uploads\/2021\/04\/glock-43x-9mm-px4350201.jpg\",\"width\":600,\"height\":600,\"caption\":\"Glock 43X 9mm PX4350201\"},{\"@type\":\"BreadcrumbList\",\"@id\":\"https:\/\/www.gunmeplug.com\/nl\/product\/glock-43x-9mm-px4350201\/#breadcrumb\",\"itemListElement\":[{\"@type\":\"ListItem\",\"position\":1,\"name\":\"Home\",\"item\":\"https:\/\/www.gunmeplug.com\/es\/\"},{\"@type\":\"ListItem\",\"position\":2,\"name\":\"Shop\",\"item\":\"https:\/\/www.gunmeplug.com\/es\/shop\/\"},{\"@type\":\"ListItem\",\"position\":3,\"name\":\"Glock 43X 9mm PX4350201\"}]},{\"@type\":\"WebSite\",\"@id\":\"https:\/\/www.gunmeplug.com\/#website\",\"url\":\"https:\/\/www.gunmeplug.com\/\",\"name\":\"Buy gun online USA\",\"description\":\"FireArms for sale online \",\"potentialAction\":[{\"@type\":\"SearchAction\",\"target\":{\"@type\":\"EntryPoint\",\"urlTemplate\":\"https:\/\/www.gunmeplug.com\/?s={search_term_string}\"},\"query-input\":{\"@type\":\"PropertyValueSpecification\",\"valueRequired\":true,\"valueName\":\"search_term_string\"}}],\"inLanguage\":\"hu\"}]}<\/script>\n<!-- \/ Yoast SEO plugin. -->","yoast_head_json":{"title":"Glock 43X 9mm PX4350201, Glock 43 - 9mm, Glock k\u00e9zifegyverek, Glock k\u00e9zifegyverek elad\u00f3","description":"Glock 43X 9mm PX4350201, Glock 43x for sale. The GLOCK G43X Sub-Compact Slimline 9mm Pistol combines a sub-compact frame and GLOCK\u2019s","robots":{"index":"index","follow":"follow","max-snippet":"max-snippet:-1","max-image-preview":"max-image-preview:large","max-video-preview":"max-video-preview:-1"},"canonical":"https:\/\/www.gunmeplug.com\/hu\/termek\/glock-43x-9mm-px4350201\/","og_locale":"hu_HU","og_type":"article","og_title":"Glock 43X 9mm PX4350201, Glock 43 - 9mm, Glock Handguns for Sale","og_description":"Glock 43X 9mm PX4350201, Glock 43x for sale. The GLOCK G43X Sub-Compact Slimline 9mm Pistol combines a sub-compact frame and GLOCK\u2019s","og_url":"https:\/\/www.gunmeplug.com\/hu\/termek\/glock-43x-9mm-px4350201\/","og_site_name":"Buy gun online USA","article_modified_time":"2025-07-24T02:24:43+00:00","og_image":[{"width":600,"height":600,"url":"https:\/\/www.gunmeplug.com\/wp-content\/uploads\/2021\/04\/glock-43x-9mm-px4350201.jpg","type":"image\/jpeg"}],"twitter_card":"summary_large_image","twitter_misc":{"Becs\u00fclt olvas\u00e1si id\u0151":"1 perc"},"schema":{"@context":"https:\/\/schema.org","@graph":[{"@type":"WebPage","@id":"https:\/\/www.gunmeplug.com\/nl\/product\/glock-43x-9mm-px4350201\/","url":"https:\/\/www.gunmeplug.com\/nl\/product\/glock-43x-9mm-px4350201\/","name":"Glock 43X 9mm PX4350201, Glock 43 - 9mm, Glock k\u00e9zifegyverek, Glock k\u00e9zifegyverek elad\u00f3","isPartOf":{"@id":"https:\/\/www.gunmeplug.com\/#website"},"primaryImageOfPage":{"@id":"https:\/\/www.gunmeplug.com\/nl\/product\/glock-43x-9mm-px4350201\/#primaryimage"},"image":{"@id":"https:\/\/www.gunmeplug.com\/nl\/product\/glock-43x-9mm-px4350201\/#primaryimage"},"thumbnailUrl":"https:\/\/www.gunmeplug.com\/wp-content\/uploads\/2021\/04\/glock-43x-9mm-px4350201.jpg","datePublished":"2021-04-08T06:40:57+00:00","dateModified":"2025-07-24T02:24:43+00:00","description":"Glock 43X 9mm PX4350201, Glock 43x for sale. The GLOCK G43X Sub-Compact Slimline 9mm Pistol combines a sub-compact frame and GLOCK\u2019s","breadcrumb":{"@id":"https:\/\/www.gunmeplug.com\/nl\/product\/glock-43x-9mm-px4350201\/#breadcrumb"},"inLanguage":"hu","potentialAction":[{"@type":"ReadAction","target":["https:\/\/www.gunmeplug.com\/nl\/product\/glock-43x-9mm-px4350201\/"]}]},{"@type":"ImageObject","inLanguage":"hu","@id":"https:\/\/www.gunmeplug.com\/nl\/product\/glock-43x-9mm-px4350201\/#primaryimage","url":"https:\/\/www.gunmeplug.com\/wp-content\/uploads\/2021\/04\/glock-43x-9mm-px4350201.jpg","contentUrl":"https:\/\/www.gunmeplug.com\/wp-content\/uploads\/2021\/04\/glock-43x-9mm-px4350201.jpg","width":600,"height":600,"caption":"Glock 43X 9mm PX4350201"},{"@type":"BreadcrumbList","@id":"https:\/\/www.gunmeplug.com\/nl\/product\/glock-43x-9mm-px4350201\/#breadcrumb","itemListElement":[{"@type":"ListItem","position":1,"name":"Home","item":"https:\/\/www.gunmeplug.com\/es\/"},{"@type":"ListItem","position":2,"name":"Shop","item":"https:\/\/www.gunmeplug.com\/es\/shop\/"},{"@type":"ListItem","position":3,"name":"Glock 43X 9mm PX4350201"}]},{"@type":"WebSite","@id":"https:\/\/www.gunmeplug.com\/#website","url":"https:\/\/www.gunmeplug.com\/","name":"Fegyverv\u00e1s\u00e1rl\u00e1s online USA","description":"Online elad\u00f3 t\u0171zfegyverek","potentialAction":[{"@type":"SearchAction","target":{"@type":"EntryPoint","urlTemplate":"https:\/\/www.gunmeplug.com\/?s={search_term_string}"},"query-input":{"@type":"PropertyValueSpecification","valueRequired":true,"valueName":"search_term_string"}}],"inLanguage":"hu"}]}},"_links":{"self":[{"href":"https:\/\/www.gunmeplug.com\/hu\/wp-json\/wp\/v2\/product\/3158","targetHints":{"allow":["GET"]}}],"collection":[{"href":"https:\/\/www.gunmeplug.com\/hu\/wp-json\/wp\/v2\/product"}],"about":[{"href":"https:\/\/www.gunmeplug.com\/hu\/wp-json\/wp\/v2\/types\/product"}],"wp:featuredmedia":[{"embeddable":true,"href":"https:\/\/www.gunmeplug.com\/hu\/wp-json\/wp\/v2\/media\/3159"}],"wp:attachment":[{"href":"https:\/\/www.gunmeplug.com\/hu\/wp-json\/wp\/v2\/media?parent=3158"}],"wp:term":[{"taxonomy":"product_brand","embeddable":true,"href":"https:\/\/www.gunmeplug.com\/hu\/wp-json\/wp\/v2\/product_brand?post=3158"},{"taxonomy":"product_cat","embeddable":true,"href":"https:\/\/www.gunmeplug.com\/hu\/wp-json\/wp\/v2\/product_cat?post=3158"},{"taxonomy":"product_tag","embeddable":true,"href":"https:\/\/www.gunmeplug.com\/hu\/wp-json\/wp\/v2\/product_tag?post=3158"}],"curies":[{"name":"wp","href":"https:\/\/api.w.org\/{rel}","templated":true}]}}