{"id":3150,"date":"2021-04-08T06:27:12","date_gmt":"2021-04-08T06:27:12","guid":{"rendered":"https:\/\/www.gunmeplug.com\/?post_type=product&#038;p=3150"},"modified":"2025-04-19T00:26:27","modified_gmt":"2025-04-19T00:26:27","slug":"dpms-panther-oracle-atacs-308-ar-15-rifle-60560","status":"publish","type":"product","link":"https:\/\/www.gunmeplug.com\/hu\/termek\/dpms-panther-oracle-atacs-308-ar-15-rifle-60560\/","title":{"rendered":"DPMS Panther Oracle .308 AR-10 20rd 16&#8243; Rifle 60560"},"content":{"rendered":"<div id=\"description\" class=\"data item content\">\n<div class=\"product attribute description\">\n<h1>DPMS LR-308 online v\u00e1s\u00e1rl\u00e1s<\/h1>\n<div><\/div>\n<div class=\"value\">Buy DPMS LR-308 Online, The .308 Oracle, much like it\u2019s 5.56mm little brother, is one of our most popular rifles due to its compact size, rugged military carbine features and .308 firepower. Just <a href=\"https:\/\/www.gunmeplug.com\/hu\/termek\/century-arms-ras47-7-62x39mm-ak-47-semi-automatic-30rd-16-5-rifle-ri2403n\/\">add<\/a> optics and ammo and it\u2019s ready to <a href=\"https:\/\/en.wikipedia.org\/wiki\/Gun#Military\">vad\u00e1szat<\/a> vagy a l\u0151t\u00e9ren.<\/div>\n<\/div>\n<\/div>\n<div id=\"additional\" class=\"data item content\"><\/div>\n<div>\n<div class=\"postContent\">If you are looking for an entry level AR-10 style rifle, then the DPMS Oracle at Gunmeplug is just for you. This firearm is chambered in .308 Winchester\/7.62 NATO Rifle and has a 16&#8243; barrel. The magazine holds 20 rounds of ammunition and the rifle has a collapsible stock. The A3 upper receiver and gas block allow quick attachment of either optics or detachable Iron sights.<\/p>\n<p><strong>M\u0171szaki adatok \u00e9s jellemz\u0151k:<\/strong><\/div>\n<div class=\"postContent\">\nDPMS<br \/>\nOracle f\u00e9lautomata puska<br \/>\n7.62 NATO kamra (elfogadja a .308 Winchester-t is)<br \/>\n16&#8243; 4140 Chrome Moly Steel Barrel with .308 A2 Flash Hider<br \/>\n20 k\u00f6r<br \/>\nFekete kivitel<br \/>\n1\/10 jobb k\u00e9zi csavar<br \/>\nG\u00e1z\u00fczem\u0171<br \/>\nA3 st\u00edlus\u00fa Flattop fels\u0151 kem\u00e9ny bevonat\u00fa elox\u00e1lt teflon bevonat\u00fa fekete sz\u00edn\u0171<br \/>\nBillet kem\u00e9ny bevonat\u00fa elox\u00e1lt als\u00f3<br \/>\nStandard AR-15 ravaszcsoport<br \/>\nOptika k\u00e9szen \u00e1ll<br \/>\nDPMS 6 poz\u00edci\u00f3 Pardus Stock<br \/>\nKarab\u00e9lyhossz\u00fas\u00e1g\u00fa GlacierGuards<br \/>\n8.3 lb&#8217;s<br \/>\n36.38&#8243; Overall Length<\/div>\n<p>&nbsp;<\/p>\n<div class=\"vendor-footer\">A Lakeland Firearms egy enged\u00e9lyezett l\u0151fegyver-keresked\u0151 Waupaca, WI-ban tal\u00e1lhat\u00f3. Az Egyes\u00fclt \u00c1llamokban tal\u00e1lhat\u00f3 b\u00e1rmely enged\u00e9lyezett FFL-keresked\u0151h\u00f6z tudunk sz\u00e1ll\u00edtani. Vagy \u00e1tveheti t\u0151l\u00fcnk a l\u0151fegyvert az \u00fczlet\u00fcnkben. (Ki kell t\u00f6ltenie az \u00f6sszes sz\u00fcks\u00e9ges pap\u00edrmunk\u00e1t) Ha b\u00e1rmilyen k\u00e9rd\u00e9se van, k\u00e9rj\u00fck, b\u00e1tran k\u00fcldj\u00f6n nek\u00fcnk egy e-mailt, vagy h\u00edvjon minket a 715-258-2110-es telefonsz\u00e1mon.<\/div>\n<\/div>","protected":false},"excerpt":{"rendered":"<p>Buy DPMS LR-308 Online Buy DPMS LR-308 Online, The .308 Oracle, much like it\u2019s 5.56mm little brother, is one of our most popular rifles due to its compact size, rugged military carbine features and .308 firepower. Just add optics and ammo and it\u2019s ready to hunt or turn heads at the range. If you are [&hellip;]<\/p>","protected":false},"featured_media":3151,"template":"","meta":{"_acf_changed":false,"_joinchat":[]},"product_brand":[],"product_cat":[166],"product_tag":[228,231,233,232,230,229,226,227],"class_list":{"0":"post-3150","1":"product","2":"type-product","3":"status-publish","4":"has-post-thumbnail","6":"product_cat-rifles","7":"product_tag-dpms-308-rifle-price","8":"product_tag-dpms-ar-10-308-price","9":"product_tag-dpms-model-lr-308-value","10":"product_tag-dpms-oracle-308-upgrades","11":"product_tag-dpms-panther-308-for-sale","12":"product_tag-dpms-panther-arms-308-for-sale","13":"product_tag-dpms-panther-lr-308-price","14":"product_tag-dpms-panther-oracle-308","16":"first","17":"instock","18":"sale","19":"shipping-taxable","20":"purchasable","21":"product-type-simple"},"acf":[],"yoast_head":"<!-- This site is optimized with the Yoast SEO plugin v26.3 - https:\/\/yoast.com\/wordpress\/plugins\/seo\/ -->\n<title>Buy DPMS LR-308 Online , DPMS - rifles for sale<\/title>\n<meta name=\"description\" content=\"Buy DPMS LR-308 Online, Find DPMS LR-308 for sale at Gunmeplug.com, You can buy DPMS LR-308 with confidence from thousands of sellers\" \/>\n<meta name=\"robots\" content=\"index, follow, max-snippet:-1, max-image-preview:large, max-video-preview:-1\" \/>\n<link rel=\"canonical\" href=\"https:\/\/www.gunmeplug.com\/hu\/termek\/dpms-panther-oracle-atacs-308-ar-15-rifle-60560\/\" \/>\n<meta property=\"og:locale\" content=\"hu_HU\" \/>\n<meta property=\"og:type\" content=\"article\" \/>\n<meta property=\"og:title\" content=\"Buy DPMS LR-308 Online , DPMS - rifles for sale\" \/>\n<meta property=\"og:description\" content=\"Buy DPMS LR-308 Online, Find DPMS LR-308 for sale at Gunmeplug.com, You can buy DPMS LR-308 with confidence from thousands of sellers\" \/>\n<meta property=\"og:url\" content=\"https:\/\/www.gunmeplug.com\/hu\/termek\/dpms-panther-oracle-atacs-308-ar-15-rifle-60560\/\" \/>\n<meta property=\"og:site_name\" content=\"Buy gun online USA\" \/>\n<meta property=\"article:modified_time\" content=\"2025-04-19T00:26:27+00:00\" \/>\n<meta property=\"og:image\" content=\"https:\/\/www.gunmeplug.com\/wp-content\/uploads\/2021\/04\/dpms-panther-oracle-atacs-308-ar-15-rifle-60560.jpg\" \/>\n\t<meta property=\"og:image:width\" content=\"600\" \/>\n\t<meta property=\"og:image:height\" content=\"600\" \/>\n\t<meta property=\"og:image:type\" content=\"image\/jpeg\" \/>\n<meta name=\"twitter:card\" content=\"summary_large_image\" \/>\n<meta name=\"twitter:label1\" content=\"Becs\u00fclt olvas\u00e1si id\u0151\" \/>\n\t<meta name=\"twitter:data1\" content=\"2 perc\" \/>\n<script type=\"application\/ld+json\" class=\"yoast-schema-graph\">{\"@context\":\"https:\/\/schema.org\",\"@graph\":[{\"@type\":\"WebPage\",\"@id\":\"https:\/\/www.gunmeplug.com\/de\/produkt\/dpms-panther-oracle-atacs-308-ar-15-rifle-60560\/\",\"url\":\"https:\/\/www.gunmeplug.com\/de\/produkt\/dpms-panther-oracle-atacs-308-ar-15-rifle-60560\/\",\"name\":\"Buy DPMS LR-308 Online , DPMS - rifles for sale\",\"isPartOf\":{\"@id\":\"https:\/\/www.gunmeplug.com\/#website\"},\"primaryImageOfPage\":{\"@id\":\"https:\/\/www.gunmeplug.com\/de\/produkt\/dpms-panther-oracle-atacs-308-ar-15-rifle-60560\/#primaryimage\"},\"image\":{\"@id\":\"https:\/\/www.gunmeplug.com\/de\/produkt\/dpms-panther-oracle-atacs-308-ar-15-rifle-60560\/#primaryimage\"},\"thumbnailUrl\":\"https:\/\/www.gunmeplug.com\/wp-content\/uploads\/2021\/04\/dpms-panther-oracle-atacs-308-ar-15-rifle-60560.jpg\",\"datePublished\":\"2021-04-08T06:27:12+00:00\",\"dateModified\":\"2025-04-19T00:26:27+00:00\",\"description\":\"Buy DPMS LR-308 Online, Find DPMS LR-308 for sale at Gunmeplug.com, You can buy DPMS LR-308 with confidence from thousands of sellers\",\"breadcrumb\":{\"@id\":\"https:\/\/www.gunmeplug.com\/de\/produkt\/dpms-panther-oracle-atacs-308-ar-15-rifle-60560\/#breadcrumb\"},\"inLanguage\":\"hu\",\"potentialAction\":[{\"@type\":\"ReadAction\",\"target\":[\"https:\/\/www.gunmeplug.com\/de\/produkt\/dpms-panther-oracle-atacs-308-ar-15-rifle-60560\/\"]}]},{\"@type\":\"ImageObject\",\"inLanguage\":\"hu\",\"@id\":\"https:\/\/www.gunmeplug.com\/de\/produkt\/dpms-panther-oracle-atacs-308-ar-15-rifle-60560\/#primaryimage\",\"url\":\"https:\/\/www.gunmeplug.com\/wp-content\/uploads\/2021\/04\/dpms-panther-oracle-atacs-308-ar-15-rifle-60560.jpg\",\"contentUrl\":\"https:\/\/www.gunmeplug.com\/wp-content\/uploads\/2021\/04\/dpms-panther-oracle-atacs-308-ar-15-rifle-60560.jpg\",\"width\":600,\"height\":600,\"caption\":\"Buy DPMS LR-308 Online\"},{\"@type\":\"BreadcrumbList\",\"@id\":\"https:\/\/www.gunmeplug.com\/de\/produkt\/dpms-panther-oracle-atacs-308-ar-15-rifle-60560\/#breadcrumb\",\"itemListElement\":[{\"@type\":\"ListItem\",\"position\":1,\"name\":\"Home\",\"item\":\"https:\/\/www.gunmeplug.com\/es\/\"},{\"@type\":\"ListItem\",\"position\":2,\"name\":\"Shop\",\"item\":\"https:\/\/www.gunmeplug.com\/es\/shop\/\"},{\"@type\":\"ListItem\",\"position\":3,\"name\":\"DPMS Panther Oracle .308 AR-10 20rd 16&#8243; Rifle 60560\"}]},{\"@type\":\"WebSite\",\"@id\":\"https:\/\/www.gunmeplug.com\/#website\",\"url\":\"https:\/\/www.gunmeplug.com\/\",\"name\":\"Buy gun online USA\",\"description\":\"FireArms for sale online \",\"potentialAction\":[{\"@type\":\"SearchAction\",\"target\":{\"@type\":\"EntryPoint\",\"urlTemplate\":\"https:\/\/www.gunmeplug.com\/?s={search_term_string}\"},\"query-input\":{\"@type\":\"PropertyValueSpecification\",\"valueRequired\":true,\"valueName\":\"search_term_string\"}}],\"inLanguage\":\"hu\"}]}<\/script>\n<!-- \/ Yoast SEO plugin. -->","yoast_head_json":{"title":"V\u00e1s\u00e1rl\u00e1s DPMS LR-308 online , DPMS - elad\u00f3 pusk\u00e1k","description":"V\u00e1s\u00e1rl\u00e1s DPMS LR-308 Online, Keresse DPMS LR-308 elad\u00f3 Gunmeplug.com, akkor v\u00e1s\u00e1rolni DPMS LR-308 bizalommal t\u00f6bb ezer elad\u00f3k","robots":{"index":"index","follow":"follow","max-snippet":"max-snippet:-1","max-image-preview":"max-image-preview:large","max-video-preview":"max-video-preview:-1"},"canonical":"https:\/\/www.gunmeplug.com\/hu\/termek\/dpms-panther-oracle-atacs-308-ar-15-rifle-60560\/","og_locale":"hu_HU","og_type":"article","og_title":"Buy DPMS LR-308 Online , DPMS - rifles for sale","og_description":"Buy DPMS LR-308 Online, Find DPMS LR-308 for sale at Gunmeplug.com, You can buy DPMS LR-308 with confidence from thousands of sellers","og_url":"https:\/\/www.gunmeplug.com\/hu\/termek\/dpms-panther-oracle-atacs-308-ar-15-rifle-60560\/","og_site_name":"Buy gun online USA","article_modified_time":"2025-04-19T00:26:27+00:00","og_image":[{"width":600,"height":600,"url":"https:\/\/www.gunmeplug.com\/wp-content\/uploads\/2021\/04\/dpms-panther-oracle-atacs-308-ar-15-rifle-60560.jpg","type":"image\/jpeg"}],"twitter_card":"summary_large_image","twitter_misc":{"Becs\u00fclt olvas\u00e1si id\u0151":"2 perc"},"schema":{"@context":"https:\/\/schema.org","@graph":[{"@type":"WebPage","@id":"https:\/\/www.gunmeplug.com\/de\/produkt\/dpms-panther-oracle-atacs-308-ar-15-rifle-60560\/","url":"https:\/\/www.gunmeplug.com\/de\/produkt\/dpms-panther-oracle-atacs-308-ar-15-rifle-60560\/","name":"V\u00e1s\u00e1rl\u00e1s DPMS LR-308 online , DPMS - elad\u00f3 pusk\u00e1k","isPartOf":{"@id":"https:\/\/www.gunmeplug.com\/#website"},"primaryImageOfPage":{"@id":"https:\/\/www.gunmeplug.com\/de\/produkt\/dpms-panther-oracle-atacs-308-ar-15-rifle-60560\/#primaryimage"},"image":{"@id":"https:\/\/www.gunmeplug.com\/de\/produkt\/dpms-panther-oracle-atacs-308-ar-15-rifle-60560\/#primaryimage"},"thumbnailUrl":"https:\/\/www.gunmeplug.com\/wp-content\/uploads\/2021\/04\/dpms-panther-oracle-atacs-308-ar-15-rifle-60560.jpg","datePublished":"2021-04-08T06:27:12+00:00","dateModified":"2025-04-19T00:26:27+00:00","description":"V\u00e1s\u00e1rl\u00e1s DPMS LR-308 Online, Keresse DPMS LR-308 elad\u00f3 Gunmeplug.com, akkor v\u00e1s\u00e1rolni DPMS LR-308 bizalommal t\u00f6bb ezer elad\u00f3k","breadcrumb":{"@id":"https:\/\/www.gunmeplug.com\/de\/produkt\/dpms-panther-oracle-atacs-308-ar-15-rifle-60560\/#breadcrumb"},"inLanguage":"hu","potentialAction":[{"@type":"ReadAction","target":["https:\/\/www.gunmeplug.com\/de\/produkt\/dpms-panther-oracle-atacs-308-ar-15-rifle-60560\/"]}]},{"@type":"ImageObject","inLanguage":"hu","@id":"https:\/\/www.gunmeplug.com\/de\/produkt\/dpms-panther-oracle-atacs-308-ar-15-rifle-60560\/#primaryimage","url":"https:\/\/www.gunmeplug.com\/wp-content\/uploads\/2021\/04\/dpms-panther-oracle-atacs-308-ar-15-rifle-60560.jpg","contentUrl":"https:\/\/www.gunmeplug.com\/wp-content\/uploads\/2021\/04\/dpms-panther-oracle-atacs-308-ar-15-rifle-60560.jpg","width":600,"height":600,"caption":"Buy DPMS LR-308 Online"},{"@type":"BreadcrumbList","@id":"https:\/\/www.gunmeplug.com\/de\/produkt\/dpms-panther-oracle-atacs-308-ar-15-rifle-60560\/#breadcrumb","itemListElement":[{"@type":"ListItem","position":1,"name":"Home","item":"https:\/\/www.gunmeplug.com\/es\/"},{"@type":"ListItem","position":2,"name":"Shop","item":"https:\/\/www.gunmeplug.com\/es\/shop\/"},{"@type":"ListItem","position":3,"name":"DPMS Panther Oracle .308 AR-10 20rd 16&#8243; Rifle 60560"}]},{"@type":"WebSite","@id":"https:\/\/www.gunmeplug.com\/#website","url":"https:\/\/www.gunmeplug.com\/","name":"Fegyverv\u00e1s\u00e1rl\u00e1s online USA","description":"Online elad\u00f3 t\u0171zfegyverek","potentialAction":[{"@type":"SearchAction","target":{"@type":"EntryPoint","urlTemplate":"https:\/\/www.gunmeplug.com\/?s={search_term_string}"},"query-input":{"@type":"PropertyValueSpecification","valueRequired":true,"valueName":"search_term_string"}}],"inLanguage":"hu"}]}},"_links":{"self":[{"href":"https:\/\/www.gunmeplug.com\/hu\/wp-json\/wp\/v2\/product\/3150","targetHints":{"allow":["GET"]}}],"collection":[{"href":"https:\/\/www.gunmeplug.com\/hu\/wp-json\/wp\/v2\/product"}],"about":[{"href":"https:\/\/www.gunmeplug.com\/hu\/wp-json\/wp\/v2\/types\/product"}],"wp:featuredmedia":[{"embeddable":true,"href":"https:\/\/www.gunmeplug.com\/hu\/wp-json\/wp\/v2\/media\/3151"}],"wp:attachment":[{"href":"https:\/\/www.gunmeplug.com\/hu\/wp-json\/wp\/v2\/media?parent=3150"}],"wp:term":[{"taxonomy":"product_brand","embeddable":true,"href":"https:\/\/www.gunmeplug.com\/hu\/wp-json\/wp\/v2\/product_brand?post=3150"},{"taxonomy":"product_cat","embeddable":true,"href":"https:\/\/www.gunmeplug.com\/hu\/wp-json\/wp\/v2\/product_cat?post=3150"},{"taxonomy":"product_tag","embeddable":true,"href":"https:\/\/www.gunmeplug.com\/hu\/wp-json\/wp\/v2\/product_tag?post=3150"}],"curies":[{"name":"wp","href":"https:\/\/api.w.org\/{rel}","templated":true}]}}