{"id":3128,"date":"2021-04-06T09:20:26","date_gmt":"2021-04-06T09:20:26","guid":{"rendered":"https:\/\/www.gunmeplug.com\/?post_type=product&#038;p=3128"},"modified":"2025-07-14T03:35:24","modified_gmt":"2025-07-14T03:35:24","slug":"century-arms-ras47-7-62x39mm-ak-47-semi-automatic-30rd-16-5-rifle-ri2403n","status":"publish","type":"product","link":"https:\/\/www.gunmeplug.com\/hu\/termek\/century-arms-ras47-7-62x39mm-ak-47-semi-automatic-30rd-16-5-rifle-ri2403n\/","title":{"rendered":"Century Arms RAS47 7.62X39mm AK-47 Semi-Automatic 30rd 16.5&#8243; Rifle RI2403N"},"content":{"rendered":"<h1>Century Arms RAS47 AK puska<\/h1>\n<p>A Century Arms Red Army Standard (RAS47) a k\u00f6vetkez\u0151 <a href=\"https:\/\/www.gunmeplug.com\/hu\/termek\/century-arms-ras47-7-62x39mm-ak-47-semi-automatic-30rd-16-5-rifle-ri2403n\/\">1<\/a>00% American-made featuring a 16&#8243; Chrome-moly 4150 nitrate treated barrel and is the first AK side scope rail mount to offer a return to zero capability. Offers four times clamping improvement over traditional side scope <a href=\"https:\/\/en.wikipedia.org\/wiki\/Gun#Military\">vas\u00fati<\/a> r\u00f6gz\u00edti \u00e9s jav\u00edtja a c\u00e9lz\u00e1st az ut\u00f3lagos l\u00f6v\u00e9sekhez.<\/p>\n<div class=\"product-primary-details-wrapper\">\n<div id=\"accordion\">\n<div id=\"product-details-wrapper\" class=\"collapse in\" aria-labelledby=\"productDetails\">\n<div class=\"product-description\">\n<p>A Century Arms RAS47 egy amerikai tervez\u00e9s\u0171 AK st\u00edlus\u00fa puska, amelyet 100 sz\u00e1zal\u00e9kban az Egyes\u00fclt \u00c1llamokban gy\u00e1rtanak. A 7,62x39 mm-es t\u00f6lt\u00e9nyh\u00fcvely\u0171 RAS47 30 t\u00f6lt\u00e9nyes t\u00e1rral rendelkezik, b\u00e1r az \u00f6sszes szabv\u00e1nyos AK t\u00e1rat elfogadja. A RAS47s AK oldals\u00f3 t\u00e1vcs\u00f6ves s\u00edntart\u00f3ja n\u00e9gyszer olyan megb\u00edzhat\u00f3, mint a hagyom\u00e1nyos oldals\u00f3 tart\u00f3k. A Magpul MOE AK pisztolymarkolattal \u00e9s k\u00e9zv\u00e9d\u0151vel felszerelve a RAS47 megb\u00edzhat\u00f3 \u00e9s k\u00f6nnyen haszn\u00e1lhat\u00f3.<\/p>\n<p>AK-47 t\u00edpus\u00fa f\u00e9lautomata puska<br \/>\n30 t\u00f6lt\u00e9nyes kapacit\u00e1s<br \/>\nAK oldals\u00f3 c\u00e9lt\u00e1vcs\u0151 tart\u00f3<br \/>\nAc\u00e9l vev\u0151k\u00e9sz\u00fcl\u00e9k \u00e9s cs\u0151<br \/>\nMagpul MOE AK pisztolymarkolat \u00e9s k\u00e9zv\u00e9d\u0151<\/p>\n<h6>ELAD\u00d3 LE\u00cdR\u00c1SA<\/h6>\n<p>A Century Arms RAS47 egy f\u00e9lautomata puska 7,62x39 mm-es h\u00fcvelyben, 30 plusz egy t\u00f6lt\u00e9nyes kapacit\u00e1ssal. Ez a Kaliforni\u00e1nak megfelel\u0151 AK-47 st\u00edlus\u00fa puska 16,5 h\u00fcvelykes kr\u00f3mozott ac\u00e9l menetes cs\u0151vel rendelkezik, amelyet szabv\u00e1nyos nyitott puska c\u00e9lz\u00f3k\u00e9sz\u00fcl\u00e9kek d\u00edsz\u00edtenek. A fekete polimer b\u00fatorzat textur\u00e1lt, sz\u00f6gletes pisztolymarkolatot \u00e9s b\u00e9lelt el\u00fcls\u0151t tartalmaz, hogy a felhaszn\u00e1l\u00f3knak biztos fog\u00e1st biztos\u00edtson. Ez a csomag n\u00e9gy darab 30 t\u00f6lt\u00e9nyes t\u00e1rat tartalmaz.<\/p>\n<h6>M\u00d3DOS\u00cdT\u00c1SOK<\/h6>\n<p>4-30 RD MAGS<\/p>\n<table>\n<tbody>\n<tr>\n<td>UPC<\/td>\n<td>GDC0000001984<\/td>\n<\/tr>\n<tr>\n<td>Kaliber<\/td>\n<td>7.62X39MM<\/td>\n<\/tr>\n<tr>\n<td>Akci\u00f3<\/td>\n<td>NEM MEGHAT\u00c1ROZOTT<\/td>\n<\/tr>\n<tr>\n<td>Kapacit\u00e1s<\/td>\n<td>30 K\u00d6R<\/td>\n<\/tr>\n<tr>\n<td>Cs\u0151 hossza<\/td>\n<td>16.5 HORD\u00d3<\/td>\n<\/tr>\n<tr>\n<td>S\u00faly<\/td>\n<td>8.4<\/td>\n<\/tr>\n<\/tbody>\n<\/table>\n<\/div>\n<\/div>\n<\/div>\n<\/div>\n<div class=\"related-products-wrapper\">\n<div class=\"cross-sell-pdp\">\n<div class=\"cross-sell-carousel-item-container slick-initialized slick-slider\"><\/div>\n<\/div>\n<\/div>","protected":false},"excerpt":{"rendered":"<p>Century Arms RAS47 AK Rifle The Century Arms Red Army Standard (RAS47) is 100% American-made featuring a 16&#8243; Chrome-moly 4150 nitrate treated barrel and is the first AK side scope rail mount to offer a return to zero capability. Offers four times clamping improvement over traditional side scope rail mounts and improves sight acquisition for [&hellip;]<\/p>","protected":false},"featured_media":3129,"template":"","meta":{"_acf_changed":false,"_joinchat":[]},"product_brand":[],"product_cat":[166],"product_tag":[],"class_list":{"0":"post-3128","1":"product","2":"type-product","3":"status-publish","4":"has-post-thumbnail","6":"product_cat-rifles","8":"first","9":"instock","10":"sale","11":"shipping-taxable","12":"purchasable","13":"product-type-simple"},"acf":[],"yoast_head":"<!-- This site is optimized with the Yoast SEO plugin v26.3 - https:\/\/yoast.com\/wordpress\/plugins\/seo\/ -->\n<title>Century Arms RAS47 AK Rifle , Century Arms Ras47 - For Sale<\/title>\n<meta name=\"description\" content=\"Century Arms RAS47 AK Rifle, Find Century Arms RAS-47 For Sale for sale at gunmeplug the best online firearms and outdoor gear site.\" \/>\n<meta name=\"robots\" content=\"index, follow, max-snippet:-1, max-image-preview:large, max-video-preview:-1\" \/>\n<link rel=\"canonical\" href=\"https:\/\/www.gunmeplug.com\/hu\/termek\/century-arms-ras47-7-62x39mm-ak-47-semi-automatic-30rd-16-5-rifle-ri2403n\/\" \/>\n<meta property=\"og:locale\" content=\"hu_HU\" \/>\n<meta property=\"og:type\" content=\"article\" \/>\n<meta property=\"og:title\" content=\"Century Arms RAS47 AK Rifle , Century Arms Ras47 - For Sale\" \/>\n<meta property=\"og:description\" content=\"Century Arms RAS47 AK Rifle, Find Century Arms RAS-47 For Sale for sale at gunmeplug the best online firearms and outdoor gear site.\" \/>\n<meta property=\"og:url\" content=\"https:\/\/www.gunmeplug.com\/hu\/termek\/century-arms-ras47-7-62x39mm-ak-47-semi-automatic-30rd-16-5-rifle-ri2403n\/\" \/>\n<meta property=\"og:site_name\" content=\"Buy gun online USA\" \/>\n<meta property=\"article:modified_time\" content=\"2025-07-14T03:35:24+00:00\" \/>\n<meta property=\"og:image\" content=\"https:\/\/www.gunmeplug.com\/wp-content\/uploads\/2021\/04\/century-arms-ras47-7-62x39-ak-47-semi-automatic-rifle-ri2403n.jpg\" \/>\n\t<meta property=\"og:image:width\" content=\"600\" \/>\n\t<meta property=\"og:image:height\" content=\"600\" \/>\n\t<meta property=\"og:image:type\" content=\"image\/jpeg\" \/>\n<meta name=\"twitter:card\" content=\"summary_large_image\" \/>\n<meta name=\"twitter:label1\" content=\"Becs\u00fclt olvas\u00e1si id\u0151\" \/>\n\t<meta name=\"twitter:data1\" content=\"2 perc\" \/>\n<script type=\"application\/ld+json\" class=\"yoast-schema-graph\">{\"@context\":\"https:\/\/schema.org\",\"@graph\":[{\"@type\":\"WebPage\",\"@id\":\"https:\/\/www.gunmeplug.com\/nl\/product\/century-arms-ras47-7-62x39mm-ak-47-semi-automatic-30rd-16-5-rifle-ri2403n\/\",\"url\":\"https:\/\/www.gunmeplug.com\/nl\/product\/century-arms-ras47-7-62x39mm-ak-47-semi-automatic-30rd-16-5-rifle-ri2403n\/\",\"name\":\"Century Arms RAS47 AK Rifle , Century Arms Ras47 - For Sale\",\"isPartOf\":{\"@id\":\"https:\/\/www.gunmeplug.com\/#website\"},\"primaryImageOfPage\":{\"@id\":\"https:\/\/www.gunmeplug.com\/nl\/product\/century-arms-ras47-7-62x39mm-ak-47-semi-automatic-30rd-16-5-rifle-ri2403n\/#primaryimage\"},\"image\":{\"@id\":\"https:\/\/www.gunmeplug.com\/nl\/product\/century-arms-ras47-7-62x39mm-ak-47-semi-automatic-30rd-16-5-rifle-ri2403n\/#primaryimage\"},\"thumbnailUrl\":\"https:\/\/www.gunmeplug.com\/wp-content\/uploads\/2021\/04\/century-arms-ras47-7-62x39-ak-47-semi-automatic-rifle-ri2403n.jpg\",\"datePublished\":\"2021-04-06T09:20:26+00:00\",\"dateModified\":\"2025-07-14T03:35:24+00:00\",\"description\":\"Century Arms RAS47 AK Rifle, Find Century Arms RAS-47 For Sale for sale at gunmeplug the best online firearms and outdoor gear site.\",\"breadcrumb\":{\"@id\":\"https:\/\/www.gunmeplug.com\/nl\/product\/century-arms-ras47-7-62x39mm-ak-47-semi-automatic-30rd-16-5-rifle-ri2403n\/#breadcrumb\"},\"inLanguage\":\"hu\",\"potentialAction\":[{\"@type\":\"ReadAction\",\"target\":[\"https:\/\/www.gunmeplug.com\/nl\/product\/century-arms-ras47-7-62x39mm-ak-47-semi-automatic-30rd-16-5-rifle-ri2403n\/\"]}]},{\"@type\":\"ImageObject\",\"inLanguage\":\"hu\",\"@id\":\"https:\/\/www.gunmeplug.com\/nl\/product\/century-arms-ras47-7-62x39mm-ak-47-semi-automatic-30rd-16-5-rifle-ri2403n\/#primaryimage\",\"url\":\"https:\/\/www.gunmeplug.com\/wp-content\/uploads\/2021\/04\/century-arms-ras47-7-62x39-ak-47-semi-automatic-rifle-ri2403n.jpg\",\"contentUrl\":\"https:\/\/www.gunmeplug.com\/wp-content\/uploads\/2021\/04\/century-arms-ras47-7-62x39-ak-47-semi-automatic-rifle-ri2403n.jpg\",\"width\":600,\"height\":600,\"caption\":\"Century Arms RAS47 AK Rifle\"},{\"@type\":\"BreadcrumbList\",\"@id\":\"https:\/\/www.gunmeplug.com\/nl\/product\/century-arms-ras47-7-62x39mm-ak-47-semi-automatic-30rd-16-5-rifle-ri2403n\/#breadcrumb\",\"itemListElement\":[{\"@type\":\"ListItem\",\"position\":1,\"name\":\"Home\",\"item\":\"https:\/\/www.gunmeplug.com\/es\/\"},{\"@type\":\"ListItem\",\"position\":2,\"name\":\"Shop\",\"item\":\"https:\/\/www.gunmeplug.com\/es\/shop\/\"},{\"@type\":\"ListItem\",\"position\":3,\"name\":\"Century Arms RAS47 7.62X39mm AK-47 Semi-Automatic 30rd 16.5&#8243; Rifle RI2403N\"}]},{\"@type\":\"WebSite\",\"@id\":\"https:\/\/www.gunmeplug.com\/#website\",\"url\":\"https:\/\/www.gunmeplug.com\/\",\"name\":\"Buy gun online USA\",\"description\":\"FireArms for sale online \",\"potentialAction\":[{\"@type\":\"SearchAction\",\"target\":{\"@type\":\"EntryPoint\",\"urlTemplate\":\"https:\/\/www.gunmeplug.com\/?s={search_term_string}\"},\"query-input\":{\"@type\":\"PropertyValueSpecification\",\"valueRequired\":true,\"valueName\":\"search_term_string\"}}],\"inLanguage\":\"hu\"}]}<\/script>\n<!-- \/ Yoast SEO plugin. -->","yoast_head_json":{"title":"Century Arms RAS47 AK puska , Century Arms Ras47 - Elad\u00f3","description":"Century Arms RAS47 AK RAS-47 AK Rifle, Find Century Arms RAS-47 For Sale for sale at gunmeplug the best online firearms and outdoor gear site.","robots":{"index":"index","follow":"follow","max-snippet":"max-snippet:-1","max-image-preview":"max-image-preview:large","max-video-preview":"max-video-preview:-1"},"canonical":"https:\/\/www.gunmeplug.com\/hu\/termek\/century-arms-ras47-7-62x39mm-ak-47-semi-automatic-30rd-16-5-rifle-ri2403n\/","og_locale":"hu_HU","og_type":"article","og_title":"Century Arms RAS47 AK Rifle , Century Arms Ras47 - For Sale","og_description":"Century Arms RAS47 AK Rifle, Find Century Arms RAS-47 For Sale for sale at gunmeplug the best online firearms and outdoor gear site.","og_url":"https:\/\/www.gunmeplug.com\/hu\/termek\/century-arms-ras47-7-62x39mm-ak-47-semi-automatic-30rd-16-5-rifle-ri2403n\/","og_site_name":"Buy gun online USA","article_modified_time":"2025-07-14T03:35:24+00:00","og_image":[{"width":600,"height":600,"url":"https:\/\/www.gunmeplug.com\/wp-content\/uploads\/2021\/04\/century-arms-ras47-7-62x39-ak-47-semi-automatic-rifle-ri2403n.jpg","type":"image\/jpeg"}],"twitter_card":"summary_large_image","twitter_misc":{"Becs\u00fclt olvas\u00e1si id\u0151":"2 perc"},"schema":{"@context":"https:\/\/schema.org","@graph":[{"@type":"WebPage","@id":"https:\/\/www.gunmeplug.com\/nl\/product\/century-arms-ras47-7-62x39mm-ak-47-semi-automatic-30rd-16-5-rifle-ri2403n\/","url":"https:\/\/www.gunmeplug.com\/nl\/product\/century-arms-ras47-7-62x39mm-ak-47-semi-automatic-30rd-16-5-rifle-ri2403n\/","name":"Century Arms RAS47 AK puska , Century Arms Ras47 - Elad\u00f3","isPartOf":{"@id":"https:\/\/www.gunmeplug.com\/#website"},"primaryImageOfPage":{"@id":"https:\/\/www.gunmeplug.com\/nl\/product\/century-arms-ras47-7-62x39mm-ak-47-semi-automatic-30rd-16-5-rifle-ri2403n\/#primaryimage"},"image":{"@id":"https:\/\/www.gunmeplug.com\/nl\/product\/century-arms-ras47-7-62x39mm-ak-47-semi-automatic-30rd-16-5-rifle-ri2403n\/#primaryimage"},"thumbnailUrl":"https:\/\/www.gunmeplug.com\/wp-content\/uploads\/2021\/04\/century-arms-ras47-7-62x39-ak-47-semi-automatic-rifle-ri2403n.jpg","datePublished":"2021-04-06T09:20:26+00:00","dateModified":"2025-07-14T03:35:24+00:00","description":"Century Arms RAS47 AK RAS-47 AK Rifle, Find Century Arms RAS-47 For Sale for sale at gunmeplug the best online firearms and outdoor gear site.","breadcrumb":{"@id":"https:\/\/www.gunmeplug.com\/nl\/product\/century-arms-ras47-7-62x39mm-ak-47-semi-automatic-30rd-16-5-rifle-ri2403n\/#breadcrumb"},"inLanguage":"hu","potentialAction":[{"@type":"ReadAction","target":["https:\/\/www.gunmeplug.com\/nl\/product\/century-arms-ras47-7-62x39mm-ak-47-semi-automatic-30rd-16-5-rifle-ri2403n\/"]}]},{"@type":"ImageObject","inLanguage":"hu","@id":"https:\/\/www.gunmeplug.com\/nl\/product\/century-arms-ras47-7-62x39mm-ak-47-semi-automatic-30rd-16-5-rifle-ri2403n\/#primaryimage","url":"https:\/\/www.gunmeplug.com\/wp-content\/uploads\/2021\/04\/century-arms-ras47-7-62x39-ak-47-semi-automatic-rifle-ri2403n.jpg","contentUrl":"https:\/\/www.gunmeplug.com\/wp-content\/uploads\/2021\/04\/century-arms-ras47-7-62x39-ak-47-semi-automatic-rifle-ri2403n.jpg","width":600,"height":600,"caption":"Century Arms RAS47 AK Rifle"},{"@type":"BreadcrumbList","@id":"https:\/\/www.gunmeplug.com\/nl\/product\/century-arms-ras47-7-62x39mm-ak-47-semi-automatic-30rd-16-5-rifle-ri2403n\/#breadcrumb","itemListElement":[{"@type":"ListItem","position":1,"name":"Home","item":"https:\/\/www.gunmeplug.com\/es\/"},{"@type":"ListItem","position":2,"name":"Shop","item":"https:\/\/www.gunmeplug.com\/es\/shop\/"},{"@type":"ListItem","position":3,"name":"Century Arms RAS47 7.62X39mm AK-47 Semi-Automatic 30rd 16.5&#8243; Rifle RI2403N"}]},{"@type":"WebSite","@id":"https:\/\/www.gunmeplug.com\/#website","url":"https:\/\/www.gunmeplug.com\/","name":"Fegyverv\u00e1s\u00e1rl\u00e1s online USA","description":"Online elad\u00f3 t\u0171zfegyverek","potentialAction":[{"@type":"SearchAction","target":{"@type":"EntryPoint","urlTemplate":"https:\/\/www.gunmeplug.com\/?s={search_term_string}"},"query-input":{"@type":"PropertyValueSpecification","valueRequired":true,"valueName":"search_term_string"}}],"inLanguage":"hu"}]}},"_links":{"self":[{"href":"https:\/\/www.gunmeplug.com\/hu\/wp-json\/wp\/v2\/product\/3128","targetHints":{"allow":["GET"]}}],"collection":[{"href":"https:\/\/www.gunmeplug.com\/hu\/wp-json\/wp\/v2\/product"}],"about":[{"href":"https:\/\/www.gunmeplug.com\/hu\/wp-json\/wp\/v2\/types\/product"}],"wp:featuredmedia":[{"embeddable":true,"href":"https:\/\/www.gunmeplug.com\/hu\/wp-json\/wp\/v2\/media\/3129"}],"wp:attachment":[{"href":"https:\/\/www.gunmeplug.com\/hu\/wp-json\/wp\/v2\/media?parent=3128"}],"wp:term":[{"taxonomy":"product_brand","embeddable":true,"href":"https:\/\/www.gunmeplug.com\/hu\/wp-json\/wp\/v2\/product_brand?post=3128"},{"taxonomy":"product_cat","embeddable":true,"href":"https:\/\/www.gunmeplug.com\/hu\/wp-json\/wp\/v2\/product_cat?post=3128"},{"taxonomy":"product_tag","embeddable":true,"href":"https:\/\/www.gunmeplug.com\/hu\/wp-json\/wp\/v2\/product_tag?post=3128"}],"curies":[{"name":"wp","href":"https:\/\/api.w.org\/{rel}","templated":true}]}}