{"id":3123,"date":"2021-04-06T08:36:13","date_gmt":"2021-04-06T08:36:13","guid":{"rendered":"https:\/\/www.gunmeplug.com\/?post_type=product&#038;p=3123"},"modified":"2024-10-22T13:36:13","modified_gmt":"2024-10-22T13:36:13","slug":"taurus-g2c-9mm-12rd-3-2-pistol-1-g2c931-12-2","status":"publish","type":"product","link":"https:\/\/www.gunmeplug.com\/hu\/termek\/taurus-g2c-9mm-12rd-3-2-pistol-1-g2c931-12-2\/","title":{"rendered":"Taurus G2C 9mm 12rd 3.2&#8243; Pistol 1-G2C931-12"},"content":{"rendered":"<h1>Taurus G2C 9mm 12rd 3.2&#8243; Pistol 1-G2C931-12<\/h1>\n<p>Taurus G2C 9mm Pistol, With its lightweight polymer frame, thin profile, and ramped 3.2&#8243; barrel, the G2C is the ideal concealed carry handgun. The G2C features an accessory rail, high-profile sights with a fixed front, an aggressive, textured grip <a href=\"https:\/\/en.wikipedia.org\/wiki\/Gun#Military\">\u00e9s<\/a> olvadt \u00e9lek a tov\u00e1bbi k\u00e9nyelem \u00e9s a k\u00f6nny\u0171 elrejt\u00e9s \u00e9rdek\u00e9ben. T\u00f6lt\u00f6tt t\u00e1rjelz\u0151vel, k\u00e9zi \u00e9s ravaszbiztos\u00edt\u00e1ssal rendelkezik. Ez a G2C modell k\u00e9kes rozsdamentes ac\u00e9l cs\u00faszd\u00e1val \u00e9s fekete v\u00e1zzal rendelkezik.<\/p>\n<p>M\u00e1rka: Taurus<br \/>\nModell: G2C<br \/>\nT\u00edpus: Pisztoly: Pisztoly: F\u00e9lautomata<br \/>\nKaliber: 9MM<br \/>\nBefejez\u00e9s: Fekete matt<br \/>\nInt\u00e9zked\u00e9s: Dupla akci\u00f3: Dupla akci\u00f3<br \/>\nK\u00e9szlet: V\u00e1z: Polimer v\u00e1z<br \/>\nL\u00e1tv\u00e1ny: FT: Feh\u00e9r<a href=\"https:\/\/www.gunmeplug.com\/hu\/termek\/taurus-g2c-9mm-12rd-3-2-pistol-1-g2c931-12-2\/\"> Dot<\/a> RR: \u00c1ll\u00edthat\u00f3 feh\u00e9r pont<br \/>\nCs\u0151hossz: 3.2<br \/>\nTeljes hossz: 6.2<br \/>\nS\u00faly: 22 oz<br \/>\nKapacit\u00e1s: 12+1<br \/>\n# of Mags: 2<br \/>\nBiztons\u00e1g: K\u00e9zi biztons\u00e1g<br \/>\nVev\u0151: Accedssory Rail<br \/>\nJellemz\u0151k: V\u00e9kony profil, magas profil\u00fa c\u00e9lz\u00f3k\u00e9sz\u00fcl\u00e9k.<\/p>\n<p>&nbsp;<\/p>\n<h1>Taurus G2C online a k\u00f6vetkez\u0151 c\u00edmen <a href=\"https:\/\/www.gunmeplug.com\/hu\/\">Gunmeplug.com<\/a><\/h1>\n<div class=\"seo-wrap\">\n<p>A Taurus G2C egy egyszeres m\u0171k\u00f6d\u00e9s\u0171, \u00fajraind\u00edt\u00e1ssal ell\u00e1tott kompakt f\u00e9lautomata pisztoly. Az \u00fct\u0151szerkezetes pisztoly 12+1 kapacit\u00e1s\u00fa 9 mm Luger vagy 10+1 kapacit\u00e1s\u00fa .40 S&amp;W v\u00e1ltozatban kaphat\u00f3.<\/p>\n<p>Key dimensions include a 1.2\u201d width, 5.1\u201d height, 6.3\u201d overall length. All this envelopes a 3.2\u201d long barrel and the aforementioned 12-round or 10-round double-stack magazine. There\u2019s a single-slot Mil-STD 1913 Picatinny accessory rail under the recoil spring housing. The gun has good looks derived from its functionality. For instance, the slide front is cut down some to cut weight and bulk. The back of the slide has diagonal slide serrations. Key controls (magazine release, thumb safety and slide catch) are on the left. Actually, the magazine release is reversible, so it can be on the right too. Thanks to the polymer frame, weight is only 22 ounces.<\/p>\n<\/div>\n<p>&nbsp;<\/p>","protected":false},"excerpt":{"rendered":"<p>Taurus G2C 9mm 12rd 3.2&#8243; Pistol 1-G2C931-12 Taurus G2C 9mm Pistol, With its lightweight polymer frame, thin profile, and ramped 3.2&#8243; barrel, the G2C is the ideal concealed carry handgun. The G2C features an accessory rail, high-profile sights with a fixed front, an aggressive, textured grip and melted edges for added comfort and easy concealment. [&hellip;]<\/p>","protected":false},"featured_media":3125,"template":"","meta":{"_acf_changed":false,"_joinchat":[]},"product_brand":[],"product_cat":[130],"product_tag":[236,240,234,235,239,238,237],"class_list":{"0":"post-3123","1":"product","2":"type-product","3":"status-publish","4":"has-post-thumbnail","6":"product_cat-handguns","7":"product_tag-best-price-on-taurus-g2c","8":"product_tag-buy-taurus-g2c-online","9":"product_tag-taurus-g2c-9mm-best-price","10":"product_tag-taurus-g2c-9mm-in-stock","11":"product_tag-taurus-g2c-9mm-near-me","12":"product_tag-taurus-g2c-9mm-price","13":"product_tag-taurus-g2c-used-price","15":"first","16":"instock","17":"sale","18":"shipping-taxable","19":"purchasable","20":"product-type-simple"},"acf":[],"yoast_head":"<!-- This site is optimized with the Yoast SEO plugin v26.3 - https:\/\/yoast.com\/wordpress\/plugins\/seo\/ -->\n<title>Taurus G2C 9mm Pistol, Taurus G2C For Sale - 9MM 1-G2C931-12<\/title>\n<meta name=\"description\" content=\"Taurus G2C 9mm Pistol, Taurus G2C For Sale - 9MM 1-G2C931-12 -725327616030, You can buy original registered Taurus G2C 9mm pistol at Gunmeplug\" \/>\n<meta name=\"robots\" content=\"index, follow, max-snippet:-1, max-image-preview:large, max-video-preview:-1\" \/>\n<link rel=\"canonical\" href=\"https:\/\/www.gunmeplug.com\/hu\/termek\/taurus-g2c-9mm-12rd-3-2-pistol-1-g2c931-12-2\/\" \/>\n<meta property=\"og:locale\" content=\"hu_HU\" \/>\n<meta property=\"og:type\" content=\"article\" \/>\n<meta property=\"og:title\" content=\"Taurus G2C 9mm Pistol, Taurus G2C For Sale - 9MM 1-G2C931-12\" \/>\n<meta property=\"og:description\" content=\"Taurus G2C 9mm Pistol, Taurus G2C For Sale - 9MM 1-G2C931-12 -725327616030, You can buy original registered Taurus G2C 9mm pistol at Gunmeplug\" \/>\n<meta property=\"og:url\" content=\"https:\/\/www.gunmeplug.com\/hu\/termek\/taurus-g2c-9mm-12rd-3-2-pistol-1-g2c931-12-2\/\" \/>\n<meta property=\"og:site_name\" content=\"Buy gun online USA\" \/>\n<meta property=\"article:modified_time\" content=\"2024-10-22T13:36:13+00:00\" \/>\n<meta property=\"og:image\" content=\"https:\/\/www.gunmeplug.com\/wp-content\/uploads\/2021\/04\/taurus-g2c-9mm-12rd-3-2-pistol-1-g2c931-12.jpg\" \/>\n\t<meta property=\"og:image:width\" content=\"600\" \/>\n\t<meta property=\"og:image:height\" content=\"600\" \/>\n\t<meta property=\"og:image:type\" content=\"image\/jpeg\" \/>\n<meta name=\"twitter:card\" content=\"summary_large_image\" \/>\n<meta name=\"twitter:label1\" content=\"Becs\u00fclt olvas\u00e1si id\u0151\" \/>\n\t<meta name=\"twitter:data1\" content=\"2 perc\" \/>\n<script type=\"application\/ld+json\" class=\"yoast-schema-graph\">{\"@context\":\"https:\/\/schema.org\",\"@graph\":[{\"@type\":\"WebPage\",\"@id\":\"https:\/\/www.gunmeplug.com\/es\/producto\/taurus-g2c-9mm-12rd-3-2-pistol-1-g2c931-12\/\",\"url\":\"https:\/\/www.gunmeplug.com\/es\/producto\/taurus-g2c-9mm-12rd-3-2-pistol-1-g2c931-12\/\",\"name\":\"Taurus G2C 9mm Pistol, Taurus G2C For Sale - 9MM 1-G2C931-12\",\"isPartOf\":{\"@id\":\"https:\/\/www.gunmeplug.com\/#website\"},\"primaryImageOfPage\":{\"@id\":\"https:\/\/www.gunmeplug.com\/es\/producto\/taurus-g2c-9mm-12rd-3-2-pistol-1-g2c931-12\/#primaryimage\"},\"image\":{\"@id\":\"https:\/\/www.gunmeplug.com\/es\/producto\/taurus-g2c-9mm-12rd-3-2-pistol-1-g2c931-12\/#primaryimage\"},\"thumbnailUrl\":\"https:\/\/www.gunmeplug.com\/wp-content\/uploads\/2021\/04\/taurus-g2c-9mm-12rd-3-2-pistol-1-g2c931-12.jpg\",\"datePublished\":\"2021-04-06T08:36:13+00:00\",\"dateModified\":\"2024-10-22T13:36:13+00:00\",\"description\":\"Taurus G2C 9mm Pistol, Taurus G2C For Sale - 9MM 1-G2C931-12 -725327616030, You can buy original registered Taurus G2C 9mm pistol at Gunmeplug\",\"breadcrumb\":{\"@id\":\"https:\/\/www.gunmeplug.com\/es\/producto\/taurus-g2c-9mm-12rd-3-2-pistol-1-g2c931-12\/#breadcrumb\"},\"inLanguage\":\"hu\",\"potentialAction\":[{\"@type\":\"ReadAction\",\"target\":[\"https:\/\/www.gunmeplug.com\/es\/producto\/taurus-g2c-9mm-12rd-3-2-pistol-1-g2c931-12\/\"]}]},{\"@type\":\"ImageObject\",\"inLanguage\":\"hu\",\"@id\":\"https:\/\/www.gunmeplug.com\/es\/producto\/taurus-g2c-9mm-12rd-3-2-pistol-1-g2c931-12\/#primaryimage\",\"url\":\"https:\/\/www.gunmeplug.com\/wp-content\/uploads\/2021\/04\/taurus-g2c-9mm-12rd-3-2-pistol-1-g2c931-12.jpg\",\"contentUrl\":\"https:\/\/www.gunmeplug.com\/wp-content\/uploads\/2021\/04\/taurus-g2c-9mm-12rd-3-2-pistol-1-g2c931-12.jpg\",\"width\":600,\"height\":600,\"caption\":\"Taurus G2C 9mm Pistol\"},{\"@type\":\"BreadcrumbList\",\"@id\":\"https:\/\/www.gunmeplug.com\/es\/producto\/taurus-g2c-9mm-12rd-3-2-pistol-1-g2c931-12\/#breadcrumb\",\"itemListElement\":[{\"@type\":\"ListItem\",\"position\":1,\"name\":\"Home\",\"item\":\"https:\/\/www.gunmeplug.com\/es\/\"},{\"@type\":\"ListItem\",\"position\":2,\"name\":\"Shop\",\"item\":\"https:\/\/www.gunmeplug.com\/es\/shop\/\"},{\"@type\":\"ListItem\",\"position\":3,\"name\":\"Taurus G2C 9mm 12rd 3.2&#8243; Pistol 1-G2C931-12\"}]},{\"@type\":\"WebSite\",\"@id\":\"https:\/\/www.gunmeplug.com\/#website\",\"url\":\"https:\/\/www.gunmeplug.com\/\",\"name\":\"Buy gun online USA\",\"description\":\"FireArms for sale online \",\"potentialAction\":[{\"@type\":\"SearchAction\",\"target\":{\"@type\":\"EntryPoint\",\"urlTemplate\":\"https:\/\/www.gunmeplug.com\/?s={search_term_string}\"},\"query-input\":{\"@type\":\"PropertyValueSpecification\",\"valueRequired\":true,\"valueName\":\"search_term_string\"}}],\"inLanguage\":\"hu\"}]}<\/script>\n<!-- \/ Yoast SEO plugin. -->","yoast_head_json":{"title":"Taurus G2C 9mm pisztoly, Taurus G2C Elad\u00f3 - 9MM 1-G2C931-12","description":"Taurus G2C 9mm pisztoly, Taurus G2C elad\u00f3 - 9MM 1-G2C931-12 -725327616030, megv\u00e1s\u00e1rolhatja az eredeti regisztr\u00e1lt Taurus G2C 9mm pisztolyt a Gunmeplugn\u00e1l.","robots":{"index":"index","follow":"follow","max-snippet":"max-snippet:-1","max-image-preview":"max-image-preview:large","max-video-preview":"max-video-preview:-1"},"canonical":"https:\/\/www.gunmeplug.com\/hu\/termek\/taurus-g2c-9mm-12rd-3-2-pistol-1-g2c931-12-2\/","og_locale":"hu_HU","og_type":"article","og_title":"Taurus G2C 9mm Pistol, Taurus G2C For Sale - 9MM 1-G2C931-12","og_description":"Taurus G2C 9mm Pistol, Taurus G2C For Sale - 9MM 1-G2C931-12 -725327616030, You can buy original registered Taurus G2C 9mm pistol at Gunmeplug","og_url":"https:\/\/www.gunmeplug.com\/hu\/termek\/taurus-g2c-9mm-12rd-3-2-pistol-1-g2c931-12-2\/","og_site_name":"Buy gun online USA","article_modified_time":"2024-10-22T13:36:13+00:00","og_image":[{"width":600,"height":600,"url":"https:\/\/www.gunmeplug.com\/wp-content\/uploads\/2021\/04\/taurus-g2c-9mm-12rd-3-2-pistol-1-g2c931-12.jpg","type":"image\/jpeg"}],"twitter_card":"summary_large_image","twitter_misc":{"Becs\u00fclt olvas\u00e1si id\u0151":"2 perc"},"schema":{"@context":"https:\/\/schema.org","@graph":[{"@type":"WebPage","@id":"https:\/\/www.gunmeplug.com\/es\/producto\/taurus-g2c-9mm-12rd-3-2-pistol-1-g2c931-12\/","url":"https:\/\/www.gunmeplug.com\/es\/producto\/taurus-g2c-9mm-12rd-3-2-pistol-1-g2c931-12\/","name":"Taurus G2C 9mm pisztoly, Taurus G2C Elad\u00f3 - 9MM 1-G2C931-12","isPartOf":{"@id":"https:\/\/www.gunmeplug.com\/#website"},"primaryImageOfPage":{"@id":"https:\/\/www.gunmeplug.com\/es\/producto\/taurus-g2c-9mm-12rd-3-2-pistol-1-g2c931-12\/#primaryimage"},"image":{"@id":"https:\/\/www.gunmeplug.com\/es\/producto\/taurus-g2c-9mm-12rd-3-2-pistol-1-g2c931-12\/#primaryimage"},"thumbnailUrl":"https:\/\/www.gunmeplug.com\/wp-content\/uploads\/2021\/04\/taurus-g2c-9mm-12rd-3-2-pistol-1-g2c931-12.jpg","datePublished":"2021-04-06T08:36:13+00:00","dateModified":"2024-10-22T13:36:13+00:00","description":"Taurus G2C 9mm pisztoly, Taurus G2C elad\u00f3 - 9MM 1-G2C931-12 -725327616030, megv\u00e1s\u00e1rolhatja az eredeti regisztr\u00e1lt Taurus G2C 9mm pisztolyt a Gunmeplugn\u00e1l.","breadcrumb":{"@id":"https:\/\/www.gunmeplug.com\/es\/producto\/taurus-g2c-9mm-12rd-3-2-pistol-1-g2c931-12\/#breadcrumb"},"inLanguage":"hu","potentialAction":[{"@type":"ReadAction","target":["https:\/\/www.gunmeplug.com\/es\/producto\/taurus-g2c-9mm-12rd-3-2-pistol-1-g2c931-12\/"]}]},{"@type":"ImageObject","inLanguage":"hu","@id":"https:\/\/www.gunmeplug.com\/es\/producto\/taurus-g2c-9mm-12rd-3-2-pistol-1-g2c931-12\/#primaryimage","url":"https:\/\/www.gunmeplug.com\/wp-content\/uploads\/2021\/04\/taurus-g2c-9mm-12rd-3-2-pistol-1-g2c931-12.jpg","contentUrl":"https:\/\/www.gunmeplug.com\/wp-content\/uploads\/2021\/04\/taurus-g2c-9mm-12rd-3-2-pistol-1-g2c931-12.jpg","width":600,"height":600,"caption":"Taurus G2C 9mm Pistol"},{"@type":"BreadcrumbList","@id":"https:\/\/www.gunmeplug.com\/es\/producto\/taurus-g2c-9mm-12rd-3-2-pistol-1-g2c931-12\/#breadcrumb","itemListElement":[{"@type":"ListItem","position":1,"name":"Home","item":"https:\/\/www.gunmeplug.com\/es\/"},{"@type":"ListItem","position":2,"name":"Shop","item":"https:\/\/www.gunmeplug.com\/es\/shop\/"},{"@type":"ListItem","position":3,"name":"Taurus G2C 9mm 12rd 3.2&#8243; Pistol 1-G2C931-12"}]},{"@type":"WebSite","@id":"https:\/\/www.gunmeplug.com\/#website","url":"https:\/\/www.gunmeplug.com\/","name":"Fegyverv\u00e1s\u00e1rl\u00e1s online USA","description":"Online elad\u00f3 t\u0171zfegyverek","potentialAction":[{"@type":"SearchAction","target":{"@type":"EntryPoint","urlTemplate":"https:\/\/www.gunmeplug.com\/?s={search_term_string}"},"query-input":{"@type":"PropertyValueSpecification","valueRequired":true,"valueName":"search_term_string"}}],"inLanguage":"hu"}]}},"_links":{"self":[{"href":"https:\/\/www.gunmeplug.com\/hu\/wp-json\/wp\/v2\/product\/3123","targetHints":{"allow":["GET"]}}],"collection":[{"href":"https:\/\/www.gunmeplug.com\/hu\/wp-json\/wp\/v2\/product"}],"about":[{"href":"https:\/\/www.gunmeplug.com\/hu\/wp-json\/wp\/v2\/types\/product"}],"wp:featuredmedia":[{"embeddable":true,"href":"https:\/\/www.gunmeplug.com\/hu\/wp-json\/wp\/v2\/media\/3125"}],"wp:attachment":[{"href":"https:\/\/www.gunmeplug.com\/hu\/wp-json\/wp\/v2\/media?parent=3123"}],"wp:term":[{"taxonomy":"product_brand","embeddable":true,"href":"https:\/\/www.gunmeplug.com\/hu\/wp-json\/wp\/v2\/product_brand?post=3123"},{"taxonomy":"product_cat","embeddable":true,"href":"https:\/\/www.gunmeplug.com\/hu\/wp-json\/wp\/v2\/product_cat?post=3123"},{"taxonomy":"product_tag","embeddable":true,"href":"https:\/\/www.gunmeplug.com\/hu\/wp-json\/wp\/v2\/product_tag?post=3123"}],"curies":[{"name":"wp","href":"https:\/\/api.w.org\/{rel}","templated":true}]}}