{"id":3117,"date":"2021-04-06T08:32:26","date_gmt":"2021-04-06T08:32:26","guid":{"rendered":"https:\/\/www.gunmeplug.com\/?post_type=product&#038;p=3117"},"modified":"2025-08-12T22:52:36","modified_gmt":"2025-08-12T22:52:36","slug":"century-arms-draco-nak9-9mm-semi-auto-ak-pistol-33rd-11-14-hg3736-n","status":"publish","type":"product","link":"https:\/\/www.gunmeplug.com\/hu\/termek\/century-arms-draco-nak9-9mm-semi-auto-ak-pistol-33rd-11-14-hg3736-n\/","title":{"rendered":"Century Arms Draco NAK9 9mm Semi-Auto AK Pistol 33rd 11.14&#8243; HG3736-N"},"content":{"rendered":"<p>A Draco NAK9 9 mm-es AK pisztoly b\u00e9lyegzett vev\u0151vel rendelkezik Picatinny optikai s\u00ednnel, 14x1 mm-es LH menetekkel, fa el\u00fcls\u0151 v\u00e9ggel \u00e9s h\u00e1ts\u00f3 hevederr\u00f6gz\u00edt\u00e9ssel. Elfogadja a Glock 17 \u00e9s 19 magokat, \u00e9s az is <a href=\"https:\/\/www.gunmeplug.com\/hu\/termek\/ruger-57-5-7x28mm-pistol-16401-201-4-94\/\">\u00f6sszeegyeztethet\u0151<\/a> with an AKM handguard. This model has a black finish, 11.14&#8243; barrel, and comes with one 33-round magazine.<\/p>\n<p><strong>R\u00c9SZLETEK<\/strong><\/p>\n<div id=\"description\" class=\"data item content\">\n<div class=\"product attribute description\">\n<div class=\"value\">\n<p>FIGYELEM: Ez a t\u00e9tel meghosszabb\u00edtott, 10 napos feldolgoz\u00e1si id\u0151t ig\u00e9nyel.<\/p>\n<p>A Draco NAK9 9 mm-es AK pisztoly b\u00e9lyegzett vev\u0151vel rendelkezik Picatinny optikai s\u00ednnel, 14x1 mm-es LH menetekkel, <a href=\"https:\/\/en.wikipedia.org\/wiki\/Gun#Military\">fa<\/a> forend, and rear sling mount. It accepts Glock 17 and 19 mags and is compatible with an AKM handguard. This model has a black finish, 11.14&#8243; barrel, and comes with one 33-round magazine.<\/p>\n<h3>A term\u00e9k jellemz\u0151i:<\/h3>\n<ul class=\"disc\">\n<li>Made in Romania<\/li>\n<li>1\/2X28 RH menet<\/li>\n<li>B\u00e9lyegzett vev\u0151egys\u00e9g<\/li>\n<li>Elfogadja a Glock 17 \u00e9s 19 t\u00e1rakat.<\/li>\n<li>Picatinny optikai s\u00edn a porv\u00e9d\u0151 tetej\u00e9n<\/li>\n<li>H\u00e1ts\u00f3 hevedertart\u00f3<\/li>\n<li>Kompatibilit\u00e1s az AKM k\u00e9zv\u00e9d\u0151vel<\/li>\n<li>Egy 33 t\u00e1rral \u00e9rkezik.<\/li>\n<\/ul>\n<\/div>\n<\/div>\n<\/div>\n<div id=\"additional\" class=\"data item content\">\n<h3 class=\"tab_content_head\">T\u00d6BB INFORM\u00c1CI\u00d3<\/h3>\n<div class=\"additional-attributes-wrapper table-wrapper\">\n<table id=\"product-attribute-specs-table\" class=\"data table additional-attributes\">\n<caption class=\"table-caption\">Tov\u00e1bbi inform\u00e1ci\u00f3<\/caption>\n<tbody>\n<tr>\n<th class=\"col label\" scope=\"row\">SKU<\/th>\n<td class=\"col data\" data-th=\"SKU\">502550764<\/td>\n<\/tr>\n<tr>\n<th class=\"col label\" scope=\"row\">UPC<\/th>\n<td class=\"col data\" data-th=\"UPC\">787450474901<\/td>\n<\/tr>\n<tr>\n<th class=\"col label\" scope=\"row\">M\u00e1rka<\/th>\n<td class=\"col data\" data-th=\"Brand\">Century International Arms<\/td>\n<\/tr>\n<tr>\n<th class=\"col label\" scope=\"row\">Modell neve<\/th>\n<td class=\"col data\" data-th=\"Model Name\">Draco NAK9<\/td>\n<\/tr>\n<tr>\n<th class=\"col label\" scope=\"row\">MPN<\/th>\n<td class=\"col data\" data-th=\"MPN\">HG3736N<\/td>\n<\/tr>\n<tr>\n<th class=\"col label\" scope=\"row\">Kaliber<\/th>\n<td class=\"col data\" data-th=\"Caliber\">9mm<\/td>\n<\/tr>\n<tr>\n<th class=\"col label\" scope=\"row\">Oszt\u00e1ly<\/th>\n<td class=\"col data\" data-th=\"Class\">Teljes m\u00e9ret\u0171<\/td>\n<\/tr>\n<tr>\n<th class=\"col label\" scope=\"row\">Kapacit\u00e1s<\/th>\n<td class=\"col data\" data-th=\"Capacity\">33+1<\/td>\n<\/tr>\n<tr>\n<th class=\"col label\" scope=\"row\">Cs\u0151 hossza<\/th>\n<td class=\"col data\" data-th=\"Barrel Length\">11.14&#8243;<\/td>\n<\/tr>\n<tr>\n<th class=\"col label\" scope=\"row\">Hossz\u00fas\u00e1g<\/th>\n<td class=\"col data\" data-th=\"Length\">19.1&#8243;<\/td>\n<\/tr>\n<tr>\n<th class=\"col label\" scope=\"row\">S\u00faly<\/th>\n<td class=\"col data\" data-th=\"Weight\">6,38 font.<\/td>\n<\/tr>\n<tr>\n<th class=\"col label\" scope=\"row\">L\u00e1tv\u00e1nyoss\u00e1gok<\/th>\n<td class=\"col data\" data-th=\"Sights\">Vas<\/td>\n<\/tr>\n<tr>\n<th class=\"col label\" scope=\"row\">Fog\u00e1s<\/th>\n<td class=\"col data\" data-th=\"Grip\">Fekete polimer<\/td>\n<\/tr>\n<tr>\n<th class=\"col label\" scope=\"row\">Trigger<\/th>\n<td class=\"col data\" data-th=\"Trigger\">Standard<\/td>\n<\/tr>\n<tr>\n<th class=\"col label\" scope=\"row\">Biztons\u00e1g<\/th>\n<td class=\"col data\" data-th=\"Safety\">Kar<\/td>\n<\/tr>\n<tr>\n<th class=\"col label\" scope=\"row\">Befejez\u00e9s<\/th>\n<td class=\"col data\" data-th=\"Finish\">Matt fekete<\/td>\n<\/tr>\n<tr>\n<th class=\"col label\" scope=\"row\">Felt\u00e9tel<\/th>\n<td class=\"col data\" data-th=\"Condition\">\u00daj dobozban<\/td>\n<\/tr>\n<\/tbody>\n<\/table>\n<\/div>\n<\/div>","protected":false},"excerpt":{"rendered":"<p>The Draco NAK9 9mm AK Pistol features a stamped receiver with a Picatinny optics rail, 14x1mm LH threads, wood forend, and rear sling mount. It accepts Glock 17 and 19 mags and is compatible with an AKM handguard. This model has a black finish, 11.14&#8243; barrel, and comes with one 33-round magazine. DETAILS PLEASE NOTE: [&hellip;]<\/p>","protected":false},"featured_media":3119,"template":"","meta":{"_acf_changed":false,"_joinchat":[]},"product_brand":[],"product_cat":[130],"product_tag":[],"class_list":{"0":"post-3117","1":"product","2":"type-product","3":"status-publish","4":"has-post-thumbnail","6":"product_cat-handguns","8":"first","9":"instock","10":"sale","11":"featured","12":"shipping-taxable","13":"purchasable","14":"product-type-simple"},"acf":[],"yoast_head":"<!-- This site is optimized with the Yoast SEO plugin v26.3 - https:\/\/yoast.com\/wordpress\/plugins\/seo\/ -->\n<title>Draco NAK9 9mm AK Pistol - Proven Arms and Outfitters<\/title>\n<meta name=\"description\" content=\"Draco NAK9 9mm AK Pistol, Gunmeplug.com They supply Century Arms Draco NAK9 AK Pistol at affordable costs. with guarantee\" \/>\n<meta name=\"robots\" content=\"index, follow, max-snippet:-1, max-image-preview:large, max-video-preview:-1\" \/>\n<link rel=\"canonical\" href=\"https:\/\/www.gunmeplug.com\/hu\/termek\/century-arms-draco-nak9-9mm-semi-auto-ak-pistol-33rd-11-14-hg3736-n\/\" \/>\n<meta property=\"og:locale\" content=\"hu_HU\" \/>\n<meta property=\"og:type\" content=\"article\" \/>\n<meta property=\"og:title\" content=\"Draco NAK9 9mm AK Pistol - Proven Arms and Outfitters\" \/>\n<meta property=\"og:description\" content=\"Draco NAK9 9mm AK Pistol, Gunmeplug.com They supply Century Arms Draco NAK9 AK Pistol at affordable costs. with guarantee\" \/>\n<meta property=\"og:url\" content=\"https:\/\/www.gunmeplug.com\/hu\/termek\/century-arms-draco-nak9-9mm-semi-auto-ak-pistol-33rd-11-14-hg3736-n\/\" \/>\n<meta property=\"og:site_name\" content=\"Buy gun online USA\" \/>\n<meta property=\"article:modified_time\" content=\"2025-08-12T22:52:36+00:00\" \/>\n<meta property=\"og:image\" content=\"https:\/\/www.gunmeplug.com\/wp-content\/uploads\/2021\/04\/century-arms-draco-nak9-9mm-semi-auto-ak-pistol-33rd-11-14-hg3736-n.jpg\" \/>\n\t<meta property=\"og:image:width\" content=\"600\" \/>\n\t<meta property=\"og:image:height\" content=\"600\" \/>\n\t<meta property=\"og:image:type\" content=\"image\/jpeg\" \/>\n<meta name=\"twitter:card\" content=\"summary_large_image\" \/>\n<meta name=\"twitter:label1\" content=\"Becs\u00fclt olvas\u00e1si id\u0151\" \/>\n\t<meta name=\"twitter:data1\" content=\"1 perc\" \/>\n<script type=\"application\/ld+json\" class=\"yoast-schema-graph\">{\"@context\":\"https:\/\/schema.org\",\"@graph\":[{\"@type\":\"WebPage\",\"@id\":\"https:\/\/www.gunmeplug.com\/pl\/produkt\/century-arms-draco-nak9-9mm-semi-auto-ak-pistol-33rd-11-14-hg3736-n\/\",\"url\":\"https:\/\/www.gunmeplug.com\/pl\/produkt\/century-arms-draco-nak9-9mm-semi-auto-ak-pistol-33rd-11-14-hg3736-n\/\",\"name\":\"Draco NAK9 9mm AK Pistol - Proven Arms and Outfitters\",\"isPartOf\":{\"@id\":\"https:\/\/www.gunmeplug.com\/#website\"},\"primaryImageOfPage\":{\"@id\":\"https:\/\/www.gunmeplug.com\/pl\/produkt\/century-arms-draco-nak9-9mm-semi-auto-ak-pistol-33rd-11-14-hg3736-n\/#primaryimage\"},\"image\":{\"@id\":\"https:\/\/www.gunmeplug.com\/pl\/produkt\/century-arms-draco-nak9-9mm-semi-auto-ak-pistol-33rd-11-14-hg3736-n\/#primaryimage\"},\"thumbnailUrl\":\"https:\/\/www.gunmeplug.com\/wp-content\/uploads\/2021\/04\/century-arms-draco-nak9-9mm-semi-auto-ak-pistol-33rd-11-14-hg3736-n.jpg\",\"datePublished\":\"2021-04-06T08:32:26+00:00\",\"dateModified\":\"2025-08-12T22:52:36+00:00\",\"description\":\"Draco NAK9 9mm AK Pistol, Gunmeplug.com They supply Century Arms Draco NAK9 AK Pistol at affordable costs. with guarantee\",\"breadcrumb\":{\"@id\":\"https:\/\/www.gunmeplug.com\/pl\/produkt\/century-arms-draco-nak9-9mm-semi-auto-ak-pistol-33rd-11-14-hg3736-n\/#breadcrumb\"},\"inLanguage\":\"hu\",\"potentialAction\":[{\"@type\":\"ReadAction\",\"target\":[\"https:\/\/www.gunmeplug.com\/pl\/produkt\/century-arms-draco-nak9-9mm-semi-auto-ak-pistol-33rd-11-14-hg3736-n\/\"]}]},{\"@type\":\"ImageObject\",\"inLanguage\":\"hu\",\"@id\":\"https:\/\/www.gunmeplug.com\/pl\/produkt\/century-arms-draco-nak9-9mm-semi-auto-ak-pistol-33rd-11-14-hg3736-n\/#primaryimage\",\"url\":\"https:\/\/www.gunmeplug.com\/wp-content\/uploads\/2021\/04\/century-arms-draco-nak9-9mm-semi-auto-ak-pistol-33rd-11-14-hg3736-n.jpg\",\"contentUrl\":\"https:\/\/www.gunmeplug.com\/wp-content\/uploads\/2021\/04\/century-arms-draco-nak9-9mm-semi-auto-ak-pistol-33rd-11-14-hg3736-n.jpg\",\"width\":600,\"height\":600,\"caption\":\"Draco NAK9 9mm AK Pistol\"},{\"@type\":\"BreadcrumbList\",\"@id\":\"https:\/\/www.gunmeplug.com\/pl\/produkt\/century-arms-draco-nak9-9mm-semi-auto-ak-pistol-33rd-11-14-hg3736-n\/#breadcrumb\",\"itemListElement\":[{\"@type\":\"ListItem\",\"position\":1,\"name\":\"Home\",\"item\":\"https:\/\/www.gunmeplug.com\/es\/\"},{\"@type\":\"ListItem\",\"position\":2,\"name\":\"Shop\",\"item\":\"https:\/\/www.gunmeplug.com\/es\/shop\/\"},{\"@type\":\"ListItem\",\"position\":3,\"name\":\"Century Arms Draco NAK9 9mm Semi-Auto AK Pistol 33rd 11.14&#8243; HG3736-N\"}]},{\"@type\":\"WebSite\",\"@id\":\"https:\/\/www.gunmeplug.com\/#website\",\"url\":\"https:\/\/www.gunmeplug.com\/\",\"name\":\"Buy gun online USA\",\"description\":\"FireArms for sale online \",\"potentialAction\":[{\"@type\":\"SearchAction\",\"target\":{\"@type\":\"EntryPoint\",\"urlTemplate\":\"https:\/\/www.gunmeplug.com\/?s={search_term_string}\"},\"query-input\":{\"@type\":\"PropertyValueSpecification\",\"valueRequired\":true,\"valueName\":\"search_term_string\"}}],\"inLanguage\":\"hu\"}]}<\/script>\n<!-- \/ Yoast SEO plugin. -->","yoast_head_json":{"title":"Draco NAK9 9mm AK pisztoly - Proven Arms and Outfitters","description":"Draco NAK9 9mm AK pisztoly, Gunmeplug.com \u0150k sz\u00e1ll\u00edtj\u00e1k a Century Arms Draco NAK9 AK pisztolyt megfizethet\u0151 \u00e1ron, garanci\u00e1val.","robots":{"index":"index","follow":"follow","max-snippet":"max-snippet:-1","max-image-preview":"max-image-preview:large","max-video-preview":"max-video-preview:-1"},"canonical":"https:\/\/www.gunmeplug.com\/hu\/termek\/century-arms-draco-nak9-9mm-semi-auto-ak-pistol-33rd-11-14-hg3736-n\/","og_locale":"hu_HU","og_type":"article","og_title":"Draco NAK9 9mm AK Pistol - Proven Arms and Outfitters","og_description":"Draco NAK9 9mm AK Pistol, Gunmeplug.com They supply Century Arms Draco NAK9 AK Pistol at affordable costs. with guarantee","og_url":"https:\/\/www.gunmeplug.com\/hu\/termek\/century-arms-draco-nak9-9mm-semi-auto-ak-pistol-33rd-11-14-hg3736-n\/","og_site_name":"Buy gun online USA","article_modified_time":"2025-08-12T22:52:36+00:00","og_image":[{"width":600,"height":600,"url":"https:\/\/www.gunmeplug.com\/wp-content\/uploads\/2021\/04\/century-arms-draco-nak9-9mm-semi-auto-ak-pistol-33rd-11-14-hg3736-n.jpg","type":"image\/jpeg"}],"twitter_card":"summary_large_image","twitter_misc":{"Becs\u00fclt olvas\u00e1si id\u0151":"1 perc"},"schema":{"@context":"https:\/\/schema.org","@graph":[{"@type":"WebPage","@id":"https:\/\/www.gunmeplug.com\/pl\/produkt\/century-arms-draco-nak9-9mm-semi-auto-ak-pistol-33rd-11-14-hg3736-n\/","url":"https:\/\/www.gunmeplug.com\/pl\/produkt\/century-arms-draco-nak9-9mm-semi-auto-ak-pistol-33rd-11-14-hg3736-n\/","name":"Draco NAK9 9mm AK pisztoly - Proven Arms and Outfitters","isPartOf":{"@id":"https:\/\/www.gunmeplug.com\/#website"},"primaryImageOfPage":{"@id":"https:\/\/www.gunmeplug.com\/pl\/produkt\/century-arms-draco-nak9-9mm-semi-auto-ak-pistol-33rd-11-14-hg3736-n\/#primaryimage"},"image":{"@id":"https:\/\/www.gunmeplug.com\/pl\/produkt\/century-arms-draco-nak9-9mm-semi-auto-ak-pistol-33rd-11-14-hg3736-n\/#primaryimage"},"thumbnailUrl":"https:\/\/www.gunmeplug.com\/wp-content\/uploads\/2021\/04\/century-arms-draco-nak9-9mm-semi-auto-ak-pistol-33rd-11-14-hg3736-n.jpg","datePublished":"2021-04-06T08:32:26+00:00","dateModified":"2025-08-12T22:52:36+00:00","description":"Draco NAK9 9mm AK pisztoly, Gunmeplug.com \u0150k sz\u00e1ll\u00edtj\u00e1k a Century Arms Draco NAK9 AK pisztolyt megfizethet\u0151 \u00e1ron, garanci\u00e1val.","breadcrumb":{"@id":"https:\/\/www.gunmeplug.com\/pl\/produkt\/century-arms-draco-nak9-9mm-semi-auto-ak-pistol-33rd-11-14-hg3736-n\/#breadcrumb"},"inLanguage":"hu","potentialAction":[{"@type":"ReadAction","target":["https:\/\/www.gunmeplug.com\/pl\/produkt\/century-arms-draco-nak9-9mm-semi-auto-ak-pistol-33rd-11-14-hg3736-n\/"]}]},{"@type":"ImageObject","inLanguage":"hu","@id":"https:\/\/www.gunmeplug.com\/pl\/produkt\/century-arms-draco-nak9-9mm-semi-auto-ak-pistol-33rd-11-14-hg3736-n\/#primaryimage","url":"https:\/\/www.gunmeplug.com\/wp-content\/uploads\/2021\/04\/century-arms-draco-nak9-9mm-semi-auto-ak-pistol-33rd-11-14-hg3736-n.jpg","contentUrl":"https:\/\/www.gunmeplug.com\/wp-content\/uploads\/2021\/04\/century-arms-draco-nak9-9mm-semi-auto-ak-pistol-33rd-11-14-hg3736-n.jpg","width":600,"height":600,"caption":"Draco NAK9 9mm AK Pistol"},{"@type":"BreadcrumbList","@id":"https:\/\/www.gunmeplug.com\/pl\/produkt\/century-arms-draco-nak9-9mm-semi-auto-ak-pistol-33rd-11-14-hg3736-n\/#breadcrumb","itemListElement":[{"@type":"ListItem","position":1,"name":"Home","item":"https:\/\/www.gunmeplug.com\/es\/"},{"@type":"ListItem","position":2,"name":"Shop","item":"https:\/\/www.gunmeplug.com\/es\/shop\/"},{"@type":"ListItem","position":3,"name":"Century Arms Draco NAK9 9mm Semi-Auto AK Pistol 33rd 11.14&#8243; HG3736-N"}]},{"@type":"WebSite","@id":"https:\/\/www.gunmeplug.com\/#website","url":"https:\/\/www.gunmeplug.com\/","name":"Fegyverv\u00e1s\u00e1rl\u00e1s online USA","description":"Online elad\u00f3 t\u0171zfegyverek","potentialAction":[{"@type":"SearchAction","target":{"@type":"EntryPoint","urlTemplate":"https:\/\/www.gunmeplug.com\/?s={search_term_string}"},"query-input":{"@type":"PropertyValueSpecification","valueRequired":true,"valueName":"search_term_string"}}],"inLanguage":"hu"}]}},"_links":{"self":[{"href":"https:\/\/www.gunmeplug.com\/hu\/wp-json\/wp\/v2\/product\/3117","targetHints":{"allow":["GET"]}}],"collection":[{"href":"https:\/\/www.gunmeplug.com\/hu\/wp-json\/wp\/v2\/product"}],"about":[{"href":"https:\/\/www.gunmeplug.com\/hu\/wp-json\/wp\/v2\/types\/product"}],"wp:featuredmedia":[{"embeddable":true,"href":"https:\/\/www.gunmeplug.com\/hu\/wp-json\/wp\/v2\/media\/3119"}],"wp:attachment":[{"href":"https:\/\/www.gunmeplug.com\/hu\/wp-json\/wp\/v2\/media?parent=3117"}],"wp:term":[{"taxonomy":"product_brand","embeddable":true,"href":"https:\/\/www.gunmeplug.com\/hu\/wp-json\/wp\/v2\/product_brand?post=3117"},{"taxonomy":"product_cat","embeddable":true,"href":"https:\/\/www.gunmeplug.com\/hu\/wp-json\/wp\/v2\/product_cat?post=3117"},{"taxonomy":"product_tag","embeddable":true,"href":"https:\/\/www.gunmeplug.com\/hu\/wp-json\/wp\/v2\/product_tag?post=3117"}],"curies":[{"name":"wp","href":"https:\/\/api.w.org\/{rel}","templated":true}]}}