{"id":3243,"date":"2022-03-09T10:55:06","date_gmt":"2022-03-09T10:55:06","guid":{"rendered":"https:\/\/www.gunmeplug.com\/?page_id=3243"},"modified":"2022-03-09T10:55:06","modified_gmt":"2022-03-09T10:55:06","slug":"hogyan-vegyek-fegyvert-online","status":"publish","type":"page","link":"https:\/\/www.gunmeplug.com\/hu\/hogyan-vegyek-fegyvert-online\/","title":{"rendered":"Hogyan v\u00e1s\u00e1roljon fegyvert online"},"content":{"rendered":"<div class=\"vc_row wpb_row vc_row-fluid\"><div class=\"wpb_column vc_column_container vc_col-sm-12\"><div class=\"vc_column-inner\"><div class=\"wpb_wrapper\">\n\t<div class=\"wpb_text_column wpb_content_element\" >\n\t\t<div class=\"wpb_wrapper\">\n\t\t\t<p style=\"text-align: justify;\">Megteheti <a href=\"https:\/\/www.gunmeplug.com\/hu\/\"><strong>buy\u00a0gun online<\/strong><\/a> mint ahogy b\u00e1rmi m\u00e1st is v\u00e1s\u00e1rolhatsz. A f\u0151 k\u00fcl\u00f6nbs\u00e9g az, hogy a fegyvereket nem lehet k\u00f6zvetlen\u00fcl a v\u00e1s\u00e1rl\u00f3nak sz\u00e1ll\u00edtani. A fegyverek \u00e1tv\u00e9tel\u00e9hez hiteles\u00edtett fegyverkeresked\u0151nek kell lennie. V\u00e1lasszon ki egy fegyverkeresked\u0151t az \u00d6n r\u00e9gi\u00f3j\u00e1ban sz\u00e1ll\u00edt\u00e1si c\u00edmk\u00e9nt a p\u00e9nzt\u00e1rfolyamat sor\u00e1n.<\/p>\n<p style=\"text-align: justify;\">A l\u0151fegyvert az \u00d6n \u00e1ltal kiv\u00e1lasztott keresked\u0151h\u00f6z k\u00fcldj\u00fck. A 4473-as nyomtatv\u00e1nyt \u00e9s az FBI h\u00e1tt\u00e9rellen\u0151rz\u00e9st ki kell t\u00f6lteni, miel\u0151tt \u00e1tveheti \u00faj l\u0151fegyver\u00e9t egy fegyverboltban. A fegyver \u00e1tad\u00e1sa a legt\u00f6bb fegyverboltban gyakran ingyenes. Egy k\u00e9zifegyver \u00e1tad\u00e1sa a keresked\u0151t\u0151l a v\u00e1s\u00e1rl\u00f3nak \u00e1ltal\u00e1ban 10-15 percet vesz ig\u00e9nybe.<\/p>\n<p style=\"text-align: justify;\">Bizonyos helyeken az \u00e1thelyez\u00e9si elj\u00e1r\u00e1s befejez\u00e9se ut\u00e1n v\u00e1rakoz\u00e1si id\u0151 kezd\u0151dik. Amint az \u00e1truh\u00e1z\u00e1si elj\u00e1r\u00e1s befejez\u0151dik, a m\u00e1s \u00e1llamokban \u00e9l\u0151 v\u00e1s\u00e1rl\u00f3k birtokba vehetik a l\u0151fegyvert.<\/p>\n<h3 style=\"text-align: justify;\">A megrendel\u00e9s lead\u00e1s\u00e1nak l\u00e9p\u00e9sei<\/h3>\n<ol style=\"text-align: justify;\">\n<li>Adja hozz\u00e1 a fegyvert (<strong><a href=\"https:\/\/www.gunmeplug.com\/hu\/termekkategoria\/kezifegyverek\/\">K\u00e9zifegyver<\/a>, <a href=\"https:\/\/www.gunmeplug.com\/hu\/termekkategoria\/puskak\/\">Puska<\/a>, <a href=\"https:\/\/www.gunmeplug.com\/hu\/termekkategoria\/glocks-for-sale\/\">Glock<\/a><\/strong>) you want to your cart after you&#8217;ve found it.<\/li>\n<li>Menjen a Kos\u00e1r oldalra, \u00e9s kattintson a P\u00e9nzt\u00e1r gombra a v\u00e1s\u00e1rl\u00e1s befejez\u00e9s\u00e9hez.<\/li>\n<li>Vend\u00e9gk\u00e9nt is bejelentkezhet, ha nem rendelkezik felhaszn\u00e1l\u00f3n\u00e9vvel \u00e9s jelsz\u00f3val.<\/li>\n<li>Folytassa a sz\u00e1ml\u00e1z\u00e1si c\u00edmadatok megad\u00e1s\u00e1val.<\/li>\n<li>Adja meg az ir\u00e1ny\u00edt\u00f3sz\u00e1m\u00e1t \u00e9s az FFL-keres\u00e9s k\u00f6rzet\u00e9t, majd kattintson a Keres\u00e9s gombra.<\/li>\n<li>Click Continue once you&#8217;ve selected the FFL dealer who will receive and process your weapon.<\/li>\n<li>Folytassa a sz\u00e1ll\u00edt\u00e1si m\u00f3d kiv\u00e1laszt\u00e1s\u00e1val.<\/li>\n<li>Click Continue once you&#8217;ve entered your payment information.<\/li>\n<li>Click the &#8220;<strong><a href=\"https:\/\/www.gunmeplug.com\/hu\/shop\/\">Rendel\u00e9s lead\u00e1sa<\/a><\/strong>&#8221; tab after checking your order.<\/li>\n<\/ol>\n<p style=\"text-align: justify;\">Ez minden! A megrendel\u00e9s lead\u00e1sa ut\u00e1n azonnal k\u00fcld\u00fcnk egy visszaigazol\u00f3 e-mailt. Egy nyomon k\u00f6vet\u00e9si inform\u00e1ci\u00f3kat tartalmaz\u00f3 e-mailt k\u00fcld\u00fcnk \u00d6nnek, amikor a term\u00e9k\u00e9t elk\u00fcldj\u00fck.<\/p>\n<p><strong>K\u00f6sz\u00f6nj\u00fck, hogy a Gunmeplugn\u00e1l v\u00e1s\u00e1rolt\u00e1l!<\/strong><\/p>\n<p>Ha k\u00e9rd\u00e9se van, vagy seg\u00edts\u00e9gre van sz\u00fcks\u00e9ge, k\u00e9rj\u00fck, forduljon hozz\u00e1nk bizalommal a info@gunmeplug.com e-mail c\u00edmen.<\/p>\n\n\t\t<\/div>\n\t<\/div>\n<\/div><\/div><\/div><\/div>","protected":false},"excerpt":{"rendered":"You can buy\u00a0gun online just like you can buy anything else. The major difference is that arms cannot be shipped directly to the purchaser. There must be a certified guns dealer to receive weapons. Select a gun dealer in your region as your shipping address during the checkout process. Your firearm will be sent to [...]","protected":false},"author":1,"featured_media":0,"parent":0,"menu_order":0,"comment_status":"closed","ping_status":"closed","template":"","meta":{"_acf_changed":false,"_joinchat":[],"footnotes":""},"class_list":["post-3243","page","type-page","status-publish","hentry"],"acf":[],"yoast_head":"<!-- This site is optimized with the Yoast SEO plugin v26.3 - https:\/\/yoast.com\/wordpress\/plugins\/seo\/ -->\n<title>How to Buy A Gun Online - Buy gun online USA<\/title>\n<meta name=\"robots\" content=\"index, follow, max-snippet:-1, max-image-preview:large, max-video-preview:-1\" \/>\n<link rel=\"canonical\" href=\"https:\/\/www.gunmeplug.com\/hu\/hogyan-vegyek-fegyvert-online\/\" \/>\n<meta property=\"og:locale\" content=\"hu_HU\" \/>\n<meta property=\"og:type\" content=\"article\" \/>\n<meta property=\"og:title\" content=\"How to Buy A Gun Online - Buy gun online USA\" \/>\n<meta property=\"og:url\" content=\"https:\/\/www.gunmeplug.com\/hu\/hogyan-vegyek-fegyvert-online\/\" \/>\n<meta property=\"og:site_name\" content=\"Buy gun online USA\" \/>\n<meta name=\"twitter:card\" content=\"summary_large_image\" \/>\n<meta name=\"twitter:label1\" content=\"Becs\u00fclt olvas\u00e1si id\u0151\" \/>\n\t<meta name=\"twitter:data1\" content=\"2 perc\" \/>\n<script type=\"application\/ld+json\" class=\"yoast-schema-graph\">{\"@context\":\"https:\/\/schema.org\",\"@graph\":[{\"@type\":\"WebPage\",\"@id\":\"https:\/\/www.gunmeplug.com\/how-to-buy-a-gun-online\/\",\"url\":\"https:\/\/www.gunmeplug.com\/how-to-buy-a-gun-online\/\",\"name\":\"How to Buy A Gun Online - Buy gun online USA\",\"isPartOf\":{\"@id\":\"https:\/\/www.gunmeplug.com\/#website\"},\"datePublished\":\"2022-03-09T10:55:06+00:00\",\"breadcrumb\":{\"@id\":\"https:\/\/www.gunmeplug.com\/how-to-buy-a-gun-online\/#breadcrumb\"},\"inLanguage\":\"hu\",\"potentialAction\":[{\"@type\":\"ReadAction\",\"target\":[\"https:\/\/www.gunmeplug.com\/how-to-buy-a-gun-online\/\"]}]},{\"@type\":\"BreadcrumbList\",\"@id\":\"https:\/\/www.gunmeplug.com\/how-to-buy-a-gun-online\/#breadcrumb\",\"itemListElement\":[{\"@type\":\"ListItem\",\"position\":1,\"name\":\"Home\",\"item\":\"https:\/\/www.gunmeplug.com\/es\/\"},{\"@type\":\"ListItem\",\"position\":2,\"name\":\"How to Buy A Gun Online\"}]},{\"@type\":\"WebSite\",\"@id\":\"https:\/\/www.gunmeplug.com\/#website\",\"url\":\"https:\/\/www.gunmeplug.com\/\",\"name\":\"Buy gun online USA\",\"description\":\"FireArms for sale online \",\"potentialAction\":[{\"@type\":\"SearchAction\",\"target\":{\"@type\":\"EntryPoint\",\"urlTemplate\":\"https:\/\/www.gunmeplug.com\/?s={search_term_string}\"},\"query-input\":{\"@type\":\"PropertyValueSpecification\",\"valueRequired\":true,\"valueName\":\"search_term_string\"}}],\"inLanguage\":\"hu\"}]}<\/script>\n<!-- \/ Yoast SEO plugin. -->","yoast_head_json":{"title":"Hogyan v\u00e1s\u00e1roljunk fegyvert online - Buy gun online USA","robots":{"index":"index","follow":"follow","max-snippet":"max-snippet:-1","max-image-preview":"max-image-preview:large","max-video-preview":"max-video-preview:-1"},"canonical":"https:\/\/www.gunmeplug.com\/hu\/hogyan-vegyek-fegyvert-online\/","og_locale":"hu_HU","og_type":"article","og_title":"How to Buy A Gun Online - Buy gun online USA","og_url":"https:\/\/www.gunmeplug.com\/hu\/hogyan-vegyek-fegyvert-online\/","og_site_name":"Buy gun online USA","twitter_card":"summary_large_image","twitter_misc":{"Becs\u00fclt olvas\u00e1si id\u0151":"2 perc"},"schema":{"@context":"https:\/\/schema.org","@graph":[{"@type":"WebPage","@id":"https:\/\/www.gunmeplug.com\/how-to-buy-a-gun-online\/","url":"https:\/\/www.gunmeplug.com\/how-to-buy-a-gun-online\/","name":"Hogyan v\u00e1s\u00e1roljunk fegyvert online - Buy gun online USA","isPartOf":{"@id":"https:\/\/www.gunmeplug.com\/#website"},"datePublished":"2022-03-09T10:55:06+00:00","breadcrumb":{"@id":"https:\/\/www.gunmeplug.com\/how-to-buy-a-gun-online\/#breadcrumb"},"inLanguage":"hu","potentialAction":[{"@type":"ReadAction","target":["https:\/\/www.gunmeplug.com\/how-to-buy-a-gun-online\/"]}]},{"@type":"BreadcrumbList","@id":"https:\/\/www.gunmeplug.com\/how-to-buy-a-gun-online\/#breadcrumb","itemListElement":[{"@type":"ListItem","position":1,"name":"Home","item":"https:\/\/www.gunmeplug.com\/es\/"},{"@type":"ListItem","position":2,"name":"How to Buy A Gun Online"}]},{"@type":"WebSite","@id":"https:\/\/www.gunmeplug.com\/#website","url":"https:\/\/www.gunmeplug.com\/","name":"Fegyverv\u00e1s\u00e1rl\u00e1s online USA","description":"Online elad\u00f3 t\u0171zfegyverek","potentialAction":[{"@type":"SearchAction","target":{"@type":"EntryPoint","urlTemplate":"https:\/\/www.gunmeplug.com\/?s={search_term_string}"},"query-input":{"@type":"PropertyValueSpecification","valueRequired":true,"valueName":"search_term_string"}}],"inLanguage":"hu"}]}},"_links":{"self":[{"href":"https:\/\/www.gunmeplug.com\/hu\/wp-json\/wp\/v2\/pages\/3243","targetHints":{"allow":["GET"]}}],"collection":[{"href":"https:\/\/www.gunmeplug.com\/hu\/wp-json\/wp\/v2\/pages"}],"about":[{"href":"https:\/\/www.gunmeplug.com\/hu\/wp-json\/wp\/v2\/types\/page"}],"author":[{"embeddable":true,"href":"https:\/\/www.gunmeplug.com\/hu\/wp-json\/wp\/v2\/users\/1"}],"replies":[{"embeddable":true,"href":"https:\/\/www.gunmeplug.com\/hu\/wp-json\/wp\/v2\/comments?post=3243"}],"version-history":[{"count":2,"href":"https:\/\/www.gunmeplug.com\/hu\/wp-json\/wp\/v2\/pages\/3243\/revisions"}],"predecessor-version":[{"id":3245,"href":"https:\/\/www.gunmeplug.com\/hu\/wp-json\/wp\/v2\/pages\/3243\/revisions\/3245"}],"wp:attachment":[{"href":"https:\/\/www.gunmeplug.com\/hu\/wp-json\/wp\/v2\/media?parent=3243"}],"curies":[{"name":"wp","href":"https:\/\/api.w.org\/{rel}","templated":true}]}}