{"id":3229,"date":"2021-11-05T17:23:33","date_gmt":"2021-11-05T17:23:33","guid":{"rendered":"https:\/\/www.gunmeplug.com\/?page_id=3229"},"modified":"2023-05-03T10:02:34","modified_gmt":"2023-05-03T10:02:34","slug":"refund_returns","status":"publish","type":"page","link":"https:\/\/www.gunmeplug.com\/hu\/refund_returns\/","title":{"rendered":"Visszat\u00e9r\u00edt\u00e9si \u00e9s visszak\u00fcld\u00e9si szab\u00e1lyzat"},"content":{"rendered":"<div class=\"vc_row wpb_row vc_row-fluid\"><div class=\"wpb_column vc_column_container vc_col-sm-12\"><div class=\"vc_column-inner\"><div class=\"wpb_wrapper\">\n\t<div class=\"wpb_text_column wpb_content_element\" >\n\t\t<div class=\"wpb_wrapper\">\n\t\t\t<p style=\"text-align: justify;\">K\u00f6sz\u00f6nj\u00fck, hogy a Gunmeplug.com webhelyet v\u00e1lasztotta l\u0151fegyverrel kapcsolatos ig\u00e9nyeinek kiel\u00e9g\u00edt\u00e9s\u00e9re. Tiszt\u00e1ban vagyunk vele, hogy id\u0151nk\u00e9nt visszak\u00fcld\u00e9sre\/cser\u00e9re vagy t\u00f6rl\u00e9sre lehet sz\u00fcks\u00e9g, \u00e9s szeretn\u00e9nk biztos\u00edtani, hogy a folyamat a lehet\u0151 legegyszer\u0171bb legyen.<\/p>\n<p style=\"text-align: justify;\"><strong>Cser\u00e9k<\/strong>:<\/p>\n<p style=\"text-align: justify;\">Ha s\u00e9r\u00fclt vagy hib\u00e1s term\u00e9ket kap, sz\u00edvesen kicser\u00e9lj\u00fck egy \u00fajra. Csere kezdem\u00e9nyez\u00e9s\u00e9hez vegye fel a kapcsolatot \u00fcgyf\u00e9lszolg\u00e1latunkkal a [telefonsz\u00e1m vagy e-mail c\u00edm] telefonsz\u00e1mon, \u00e9s adja meg rendel\u00e9si sz\u00e1m\u00e1t \u00e9s a csere ok\u00e1t.<\/p>\n<p style=\"text-align: justify;\">Csapatunk megadja \u00d6nnek a visszak\u00fcld\u00e9si enged\u00e9ly sz\u00e1m\u00e1t (RAN) \u00e9s a cikk visszak\u00fcld\u00e9s\u00e9re vonatkoz\u00f3 utas\u00edt\u00e1sokat. Miut\u00e1n megkaptuk a visszak\u00fcld\u00f6tt term\u00e9ket, \u00e9s ellen\u0151rizt\u00fck annak \u00e1llapot\u00e1t, tov\u00e1bbi k\u00f6lts\u00e9g n\u00e9lk\u00fcl kisz\u00e1ll\u00edtjuk \u00d6nnek a csereterm\u00e9ket.<\/p>\n<p style=\"text-align: justify;\">Ha egy term\u00e9ket m\u00e1sik term\u00e9kre szeretne cser\u00e9lni, k\u00e9rj\u00fck, forduljon \u00fcgyf\u00e9lszolg\u00e1latunkhoz a fent le\u00edrt visszak\u00fcld\u00e9si folyamat elind\u00edt\u00e1s\u00e1hoz. Amint megkaptuk a visszak\u00fcld\u00f6tt term\u00e9ket, az eredeti fizet\u00e9si m\u00f3dra visszat\u00e9r\u00edtj\u00fck a visszat\u00e9r\u00edt\u00e9st, \u00e9s helyette \u00faj rendel\u00e9st adhat le arra a term\u00e9kre, amelyet szeretne megkapni.<\/p>\n<p style=\"text-align: justify;\"><strong>Sz\u00e1ll\u00edt\u00e1s<\/strong>:<\/p>\n<p style=\"text-align: justify;\">Alle returneringer og ombytninger er underlagt forsendelsesgebyrer, som vil blive trukket fra din refusion. Hvis du har modtaget en beskadiget eller defekt vare, bedes du kontakte vores kundeserviceteam, s\u00e5 d\u00e6kker vi omkostningerne ved returforsendelse.<\/p>\n<p style=\"text-align: justify;\">Nem tudunk l\u0151fegyvereket sz\u00e1ll\u00edtani P.O.-nak. dobozok vagy APO\/FPO c\u00edmek. Minden l\u0151fegyvert enged\u00e9llyel rendelkez\u0151 keresked\u0151h\u00f6z kell sz\u00e1ll\u00edtani, \u00e9s az \u00fcgyf\u00e9lnek meg kell gy\u0151z\u0151dnie arr\u00f3l, hogy a keresked\u0151 hajland\u00f3 \u00e1tvenni \u00e9s \u00e1tadni a l\u0151fegyvert. Elk\u00f6telezettek vagyunk amellett, hogy \u00fcgyfeleinknek kiv\u00e1l\u00f3 min\u0151s\u00e9g\u0171 l\u0151fegyvereket \u00e9s kiv\u00e1l\u00f3 \u00fcgyf\u00e9lszolg\u00e1latot biztos\u00edtsunk. Ha b\u00e1rmilyen k\u00e9rd\u00e9se vagy agg\u00e1lya van visszak\u00fcld\u00e9si \u00e9s cserepolitik\u00e1nkkal kapcsolatban, k\u00e9rj\u00fck, forduljon \u00fcgyf\u00e9lszolg\u00e1latunkhoz seg\u00edts\u00e9g\u00e9rt.<\/p>\n<p style=\"text-align: justify;\"><strong>Lemond\u00e1si felt\u00e9telek:<\/strong><\/p>\n<p style=\"text-align: justify;\">A Gunmeplug.com webhelyen meg\u00e9rtj\u00fck, hogy a k\u00f6r\u00fclm\u00e9nyek n\u00e9ha v\u00e1ltoznak, \u00e9s el\u0151fordulhat, hogy t\u00f6r\u00f6lnie kell a megrendel\u00e9s\u00e9t. Szeretn\u00e9nk a lehet\u0151 legegyszer\u0171bb\u00e9 \u00e9s k\u00e9nyelmesebb\u00e9 tenni a lemond\u00e1si folyamatot.<\/p>\n<p style=\"text-align: justify;\">Ha t\u00f6r\u00f6lni k\u00edv\u00e1nja rendel\u00e9s\u00e9t, k\u00e9rj\u00fck, a lehet\u0151 leghamarabb l\u00e9pjen kapcsolatba \u00fcgyf\u00e9lszolg\u00e1latunkkal a [telefonsz\u00e1m vagy e-mail c\u00edm] telefonsz\u00e1mon, \u00e9s adja meg rendel\u00e9si sz\u00e1m\u00e1t \u00e9s a lemond\u00e1s ok\u00e1t. Csapatunk egy\u00fcttm\u0171k\u00f6dik \u00d6nnel a rendel\u00e9s t\u00f6rl\u00e9s\u00e9ben \u00e9s adott esetben a visszat\u00e9r\u00edt\u00e9sben. Felh\u00edvjuk figyelm\u00e9t, hogy el\u0151fordulhat, hogy egyes rendel\u00e9seket m\u00e1r kisz\u00e1ll\u00edtottak, vagy a kisz\u00e1ll\u00edt\u00e1s folyamatban van. Ilyen esetekben el\u0151fordulhat, hogy nem tudjuk t\u00f6r\u00f6lni a rendel\u00e9st, \u00e9s el\u0151fordulhat, hogy \u00d6nnek vissza kell k\u00fcldenie a term\u00e9ket a k\u00e9zbes\u00edt\u00e9s ut\u00e1n.<\/p>\n<p style=\"text-align: justify;\"><strong>Visszat\u00e9r\u00edt\u00e9sek<\/strong>:<\/p>\n<p style=\"text-align: justify;\">Ha lemondja rendel\u00e9s\u00e9t a kisz\u00e1ll\u00edt\u00e1s el\u0151tt, teljes \u00f6sszeget visszat\u00e9r\u00edt\u00fcnk az eredeti fizet\u00e9si m\u00f3dra. Ha megrendel\u00e9s\u00e9t m\u00e1r kisz\u00e1ll\u00edtottuk, csak akkor t\u00e9r\u00edtj\u00fck vissza a term\u00e9k(ek) \u00e1r\u00e1t, ha a visszak\u00fcld\u00f6tt \u00e1ru(ka)t eredeti \u00e1llapot\u00e1ban megkapjuk.<\/p>\n<p style=\"text-align: justify;\">Felh\u00edvjuk figyelm\u00e9t, hogy a sz\u00e1ll\u00edt\u00e1si \u00e9s kezel\u00e9si k\u00f6lts\u00e9gek nem t\u00e9r\u00edthet\u0151k vissza, \u00e9s \u00d6nt terhelik a visszak\u00fcld\u00e9s k\u00f6lts\u00e9gei. Ha s\u00e9r\u00fclt vagy hib\u00e1s term\u00e9ket kapott, k\u00e9rj\u00fck, tekintse meg visszak\u00fcld\u00e9si \u00e9s csereszab\u00e1lyzatunkat, hogy t\u00e1j\u00e9koz\u00f3djon arr\u00f3l, hogyan k\u00fcldheti vissza a term\u00e9ket, \u00e9s hogyan kaphat visszat\u00e9r\u00edt\u00e9st vagy cser\u00e9t.<\/p>\n<p style=\"text-align: justify;\">Elk\u00f6telezettek vagyunk amellett, hogy \u00fcgyfeleinknek kiv\u00e1l\u00f3 min\u0151s\u00e9g\u0171 l\u0151fegyvereket \u00e9s kiv\u00e1l\u00f3 \u00fcgyf\u00e9lszolg\u00e1latot biztos\u00edtsunk. Ha b\u00e1rmilyen k\u00e9rd\u00e9se vagy agg\u00e1lya van lemond\u00e1si szab\u00e1lyzatunkkal kapcsolatban, k\u00e9rj\u00fck, forduljon \u00fcgyf\u00e9lszolg\u00e1latunkhoz seg\u00edts\u00e9g\u00e9rt.<\/p>\n\n\t\t<\/div>\n\t<\/div>\n<\/div><\/div><\/div><\/div>","protected":false},"excerpt":{"rendered":"Thank you for choosing Gunmeplug.com for your firearm needs. We understand that sometimes returns\/ exchanges or cancellation may be necessary, and we want to ensure the process is as easy as possible. Exchanges: If you received a damaged or defective item, we would gladly exchange it for a new one. To initiate an exchange, please [...]","protected":false},"author":1,"featured_media":0,"parent":0,"menu_order":0,"comment_status":"closed","ping_status":"closed","template":"","meta":{"_acf_changed":false,"_joinchat":[],"footnotes":""},"class_list":["post-3229","page","type-page","status-publish","hentry"],"acf":[],"yoast_head":"<!-- This site is optimized with the Yoast SEO plugin v26.3 - https:\/\/yoast.com\/wordpress\/plugins\/seo\/ -->\n<title>Refund and Returns Policy - Buy gun online USA<\/title>\n<meta name=\"robots\" content=\"index, follow, max-snippet:-1, max-image-preview:large, max-video-preview:-1\" \/>\n<link rel=\"canonical\" href=\"https:\/\/www.gunmeplug.com\/hu\/refund_returns\/\" \/>\n<meta property=\"og:locale\" content=\"hu_HU\" \/>\n<meta property=\"og:type\" content=\"article\" \/>\n<meta property=\"og:title\" content=\"Refund and Returns Policy - Buy gun online USA\" \/>\n<meta property=\"og:url\" content=\"https:\/\/www.gunmeplug.com\/hu\/refund_returns\/\" \/>\n<meta property=\"og:site_name\" content=\"Buy gun online USA\" \/>\n<meta property=\"article:modified_time\" content=\"2023-05-03T10:02:34+00:00\" \/>\n<meta name=\"twitter:card\" content=\"summary_large_image\" \/>\n<meta name=\"twitter:label1\" content=\"Becs\u00fclt olvas\u00e1si id\u0151\" \/>\n\t<meta name=\"twitter:data1\" content=\"3 perc\" \/>\n<script type=\"application\/ld+json\" class=\"yoast-schema-graph\">{\"@context\":\"https:\/\/schema.org\",\"@graph\":[{\"@type\":\"WebPage\",\"@id\":\"https:\/\/www.gunmeplug.com\/refund_returns\/\",\"url\":\"https:\/\/www.gunmeplug.com\/refund_returns\/\",\"name\":\"Refund and Returns Policy - Buy gun online USA\",\"isPartOf\":{\"@id\":\"https:\/\/www.gunmeplug.com\/#website\"},\"datePublished\":\"2021-11-05T17:23:33+00:00\",\"dateModified\":\"2023-05-03T10:02:34+00:00\",\"breadcrumb\":{\"@id\":\"https:\/\/www.gunmeplug.com\/refund_returns\/#breadcrumb\"},\"inLanguage\":\"hu\",\"potentialAction\":[{\"@type\":\"ReadAction\",\"target\":[\"https:\/\/www.gunmeplug.com\/refund_returns\/\"]}]},{\"@type\":\"BreadcrumbList\",\"@id\":\"https:\/\/www.gunmeplug.com\/refund_returns\/#breadcrumb\",\"itemListElement\":[{\"@type\":\"ListItem\",\"position\":1,\"name\":\"Home\",\"item\":\"https:\/\/www.gunmeplug.com\/es\/\"},{\"@type\":\"ListItem\",\"position\":2,\"name\":\"Refund and Returns Policy\"}]},{\"@type\":\"WebSite\",\"@id\":\"https:\/\/www.gunmeplug.com\/#website\",\"url\":\"https:\/\/www.gunmeplug.com\/\",\"name\":\"Buy gun online USA\",\"description\":\"FireArms for sale online \",\"potentialAction\":[{\"@type\":\"SearchAction\",\"target\":{\"@type\":\"EntryPoint\",\"urlTemplate\":\"https:\/\/www.gunmeplug.com\/?s={search_term_string}\"},\"query-input\":{\"@type\":\"PropertyValueSpecification\",\"valueRequired\":true,\"valueName\":\"search_term_string\"}}],\"inLanguage\":\"hu\"}]}<\/script>\n<!-- \/ Yoast SEO plugin. -->","yoast_head_json":{"title":"Visszat\u00e9r\u00edt\u00e9si \u00e9s visszat\u00e9r\u00edt\u00e9si politika - Buy gun online USA","robots":{"index":"index","follow":"follow","max-snippet":"max-snippet:-1","max-image-preview":"max-image-preview:large","max-video-preview":"max-video-preview:-1"},"canonical":"https:\/\/www.gunmeplug.com\/hu\/refund_returns\/","og_locale":"hu_HU","og_type":"article","og_title":"Refund and Returns Policy - Buy gun online USA","og_url":"https:\/\/www.gunmeplug.com\/hu\/refund_returns\/","og_site_name":"Buy gun online USA","article_modified_time":"2023-05-03T10:02:34+00:00","twitter_card":"summary_large_image","twitter_misc":{"Becs\u00fclt olvas\u00e1si id\u0151":"3 perc"},"schema":{"@context":"https:\/\/schema.org","@graph":[{"@type":"WebPage","@id":"https:\/\/www.gunmeplug.com\/refund_returns\/","url":"https:\/\/www.gunmeplug.com\/refund_returns\/","name":"Visszat\u00e9r\u00edt\u00e9si \u00e9s visszat\u00e9r\u00edt\u00e9si politika - Buy gun online USA","isPartOf":{"@id":"https:\/\/www.gunmeplug.com\/#website"},"datePublished":"2021-11-05T17:23:33+00:00","dateModified":"2023-05-03T10:02:34+00:00","breadcrumb":{"@id":"https:\/\/www.gunmeplug.com\/refund_returns\/#breadcrumb"},"inLanguage":"hu","potentialAction":[{"@type":"ReadAction","target":["https:\/\/www.gunmeplug.com\/refund_returns\/"]}]},{"@type":"BreadcrumbList","@id":"https:\/\/www.gunmeplug.com\/refund_returns\/#breadcrumb","itemListElement":[{"@type":"ListItem","position":1,"name":"Home","item":"https:\/\/www.gunmeplug.com\/es\/"},{"@type":"ListItem","position":2,"name":"Refund and Returns Policy"}]},{"@type":"WebSite","@id":"https:\/\/www.gunmeplug.com\/#website","url":"https:\/\/www.gunmeplug.com\/","name":"Fegyverv\u00e1s\u00e1rl\u00e1s online USA","description":"Online elad\u00f3 t\u0171zfegyverek","potentialAction":[{"@type":"SearchAction","target":{"@type":"EntryPoint","urlTemplate":"https:\/\/www.gunmeplug.com\/?s={search_term_string}"},"query-input":{"@type":"PropertyValueSpecification","valueRequired":true,"valueName":"search_term_string"}}],"inLanguage":"hu"}]}},"_links":{"self":[{"href":"https:\/\/www.gunmeplug.com\/hu\/wp-json\/wp\/v2\/pages\/3229","targetHints":{"allow":["GET"]}}],"collection":[{"href":"https:\/\/www.gunmeplug.com\/hu\/wp-json\/wp\/v2\/pages"}],"about":[{"href":"https:\/\/www.gunmeplug.com\/hu\/wp-json\/wp\/v2\/types\/page"}],"author":[{"embeddable":true,"href":"https:\/\/www.gunmeplug.com\/hu\/wp-json\/wp\/v2\/users\/1"}],"replies":[{"embeddable":true,"href":"https:\/\/www.gunmeplug.com\/hu\/wp-json\/wp\/v2\/comments?post=3229"}],"version-history":[{"count":1,"href":"https:\/\/www.gunmeplug.com\/hu\/wp-json\/wp\/v2\/pages\/3229\/revisions"}],"predecessor-version":[{"id":3412,"href":"https:\/\/www.gunmeplug.com\/hu\/wp-json\/wp\/v2\/pages\/3229\/revisions\/3412"}],"wp:attachment":[{"href":"https:\/\/www.gunmeplug.com\/hu\/wp-json\/wp\/v2\/media?parent=3229"}],"curies":[{"name":"wp","href":"https:\/\/api.w.org\/{rel}","templated":true}]}}