{"id":1614,"date":"2016-02-22T09:13:48","date_gmt":"2016-02-22T09:13:48","guid":{"rendered":"http:\/\/themes.temashdesign.com\/woodstock\/electronics\/?page_id=1614"},"modified":"2023-05-03T10:00:07","modified_gmt":"2023-05-03T10:00:07","slug":"the-privacy-policy","status":"publish","type":"page","link":"https:\/\/www.gunmeplug.com\/hu\/the-privacy-policy\/","title":{"rendered":"Az adatv\u00e9delmi ir\u00e1nyelvek"},"content":{"rendered":"<div class=\"vc_row wpb_row vc_row-fluid\"><div class=\"wpb_column vc_column_container vc_col-sm-12\"><div class=\"vc_column-inner\"><div class=\"wpb_wrapper\">\n\t<div class=\"wpb_text_column wpb_content_element\" >\n\t\t<div class=\"wpb_wrapper\">\n\t\t\t<p style=\"text-align: justify;\"><strong>Adatv\u00e9delmi ir\u00e1nyelvek<\/strong><\/p>\n<p style=\"text-align: justify;\">We&#8217;re glad that our customers have trusted Gunmeplug for over 10 \u00a0years and are committed to protecting your private and personal Information. This Privacy Policy, which was last changed on September 24, 2015, tells you what Information Gunmeplug, LLC (&#8220;we&#8221; or &#8220;our&#8221;) collects from visitors to our Website, www.gunmeplug.com (&#8220;Website&#8221;), as well as from customers of the Website and how we use that Information.<\/p>\n<p style=\"text-align: justify;\"><strong>Az \u00d6nr\u0151l gy\u0171jt\u00f6tt inform\u00e1ci\u00f3k<\/strong><\/p>\n<p style=\"text-align: justify;\">We keep your information and a record of your purchases, swaps or returns, and gift cards or coupons in a secure database. Let&#8217;s put the Information together with other data and Information about you that we get from outside sources. We also collect information about how people use our Website by using &#8220;cookies&#8221; and other online tools like &#8220;pixel tags&#8221; to track how people click through it.<\/p>\n<p style=\"text-align: justify;\"><strong>Hogyan haszn\u00e1ljuk fel a kapott inform\u00e1ci\u00f3kat<\/strong><\/p>\n<p style=\"text-align: justify;\">Gunmeplug has been giving its customers great service for over 10 years. To keep doing this, we collect information that helps us give our customers the best possible experience. We use this information to process and track your online orders and purchases, to provide any services that you request or that are used to fulfil an order (including shipping, delivery, and setup options that third parties provide), to send you promotional offers we think you&#8217;ll be interested in, and to send you Information about our products and services.<\/p>\n<p style=\"text-align: justify;\"><strong>Harmadik felekkel megosztott inform\u00e1ci\u00f3k \u00e9s az \u00d6n adatv\u00e9delmi jogai<\/strong><\/p>\n<p style=\"text-align: justify;\">We have agreements with third parties to provide certain services to our customers, such as shipping, name and address confirmation, email marketing, third-party ads, promotion management, market research, and payment processing. We only give these third parties the information they need to do their jobs, and we build and keep our business relationships with them because they respect and protect your privacy. We may share our customer list (names and addresses) and general shopping behavior with third parties whose goods or services we think you might be interested in, but only if they agree to respect and protect your privacy the same way we do. We don&#8217;t give out email addresses in this way. If you don&#8217;t want to get mail from third parties and don&#8217;t want us to share any of your Information with third parties, please unsubscribe to opt-out. When the law or court order says we have to, we may give Information to a government body. We may also give Information to third parties who offer services to protect against fraud or identity theft. We also reserve the right, if we think it&#8217;s necessary, to use Information to protect the rights, property, and safety of our shops, our company, our customers, our workers, or others and to avoid harm or loss in connection with any suspected or real illegal activity.<\/p>\n<p style=\"text-align: justify;\"><strong>Az \u00d6n kommunik\u00e1ci\u00f3s lehet\u0151s\u00e9gei<\/strong><\/p>\n<p style=\"text-align: justify;\">\u00d6n v\u00e1laszthatja ki, hogy milyen t\u00edpus\u00fa inform\u00e1ci\u00f3kat k\u00fcld\u00fcnk \u00d6nnek. K\u00e9rj\u00fck, tudassa vel\u00fcnk az al\u00e1bbi c\u00edmen, ha nem szeretne t\u0151l\u00fcnk pap\u00edrt vagy e-mailt kapni. Le\u00e1ll\u00edthatja az e-mailes friss\u00edt\u00e9sek k\u00fcld\u00e9s\u00e9t is, ha minden \u00e1ltalunk k\u00fcld\u00f6tt e-mail alj\u00e1n tal\u00e1lhat\u00f3 linkre kattint.<\/p>\n<p style=\"text-align: justify;\">If you don&#8217;t want to hear from us by email or mail, write to us at the following address and make sure to give us your exact name and address, or click the &#8220;Unsubscribe&#8221; link at the bottom of your email:<\/p>\n<p style=\"text-align: justify;\"><strong>info@gunmeplug.com: \u00dcgyf\u00e9lszolg\u00e1lat<\/strong><\/p>\n<p style=\"text-align: justify;\">Tervezz\u00fck a levelez\u00e9s\u00fcnket, \u00edgy eltarthat n\u00e9h\u00e1ny h\u00e9tig, am\u00edg nem kap t\u0151l\u00fcnk t\u00f6bb levelet.<\/p>\n<p style=\"text-align: justify;\"><strong>S\u00fctik \u00e9s pixelc\u00edmk\u00e9k<\/strong><\/p>\n<p style=\"text-align: justify;\">We use &#8220;cookies,&#8221; which are small data files that your web browser stores, to help you place an order on our Website. We also use cookies to make your online shopping better and more personal. We use cookies to remember what you put in your shopping cart, to know when you come back to the Website, to speed up the checkout process if you have an online account, to find out how visitors and customers use the Website, which products they search for, and to create and send personalized marketing. If you want to avoid using cookies, whatsapp us at +44 7777240388 between 7 a.m. and 5 p.m. Central time, Monday through Friday, to place an order.<\/p>\n<p style=\"text-align: justify;\">Haszn\u00e1lunk pixelc\u00edmk\u00e9ket is, amelyek kis digit\u00e1lis k\u00e9pek, hogy megtudjuk, hogy a Weboldal mely r\u00e9szeit l\u00e1togatta meg, \u00e9s hogy a keres\u00e9sek mennyire m\u0171k\u00f6dnek. A pixelc\u00edmk\u00e9k lehet\u0151v\u00e9 teszik azt is, hogy e-maileket k\u00fcldj\u00fcnk \u00d6nnek olvashat\u00f3 m\u00f3don, \u00e9s jelzik nek\u00fcnk, ha megnyit egy t\u0151l\u00fcnk \u00e9rkez\u0151 e-mailt.<\/p>\n<p style=\"text-align: justify;\"><strong>Mit csin\u00e1lunk az \u00d6n e-mailj\u00e9vel<\/strong><\/p>\n<p style=\"text-align: justify;\">If you give us your email address, we&#8217;ll use it to talk to you about your order, return, or refund, answer any questions, and help you with customer service. When you make an order on the Website, you will get an email proof of the order and, in most cases, Information on how to track your package or shipment.<\/p>\n<p style=\"text-align: justify;\">We may also use your email to send you informational and promotional emails about goods, services, special offers, raffles and drawings, or events that interest you. If you don&#8217;t want to get emails from us anymore, click the &#8220;Unsubscribe&#8221; link at the bottom. Please give us at least ten (10) days after you choose to do what you want. Even if you choose not to get emails from us in the future, we may still contact you to answer a question, confirm an order and its state, talk about product recalls, warranties, or service agreements, or if a law, rule, or court order says we have to.<\/p>\n<p style=\"text-align: justify;\"><strong>Harmadik felek weboldalaira mutat\u00f3 linkek<\/strong><\/p>\n<p style=\"text-align: justify;\">From time to time, we may decide to put links on our Website to other websites run by third parties. We don&#8217;t have any control over the content of third-party websites, so we can only make promises about how accurate, up-to-date, useful, and high-quality the Information there is. We are not responsible for offensive, wrong, false, or illegal content that a third party puts on its Website. We are also not responsible or liable for such websites&#8217; goods, materials, or practices (including privacy policies). We suggest you look carefully at the privacy rules of any website that is not yours.<\/p>\n<p style=\"text-align: justify;\"><strong>Inform\u00e1ci\u00f3inak ellen\u0151rz\u00e9se \u00e9s naprak\u00e9szen tart\u00e1sa<\/strong><\/p>\n<p style=\"text-align: justify;\">You can check any of the Information you&#8217;ve given us and change it by going to the &#8220;My Account&#8221; part of the Website and logging in with your registered email address and password.<\/p>\n<p style=\"text-align: justify;\"><strong>Children&#8217;s Privacy<\/strong><\/p>\n<p style=\"text-align: justify;\">Our Website is not for children and is not aimed at them. We don&#8217;t take or keep any information about children under the age of 13 without the explicit permission of their parents. If you are a parent or guardian and you think we have Information about your kid that you did not permit us to have, please whatsapp us at +44 7777240388<\/p>\n<p style=\"text-align: justify;\"><strong>Biztons\u00e1g<\/strong><\/p>\n<p style=\"text-align: justify;\">Az Inform\u00e1ci\u00f3k \u00e9s a Weboldalunkon t\u00f6rt\u00e9n\u0151 online v\u00e1s\u00e1rl\u00e1sok v\u00e9delme \u00e9rdek\u00e9ben a boltokhoz hasonl\u00f3 biztons\u00e1gi l\u00e9p\u00e9seket alkalmazunk. Weboldalainkon Secure Sockets Layer \u00e9s m\u00e1s titkos\u00edt\u00e1si technol\u00f3gi\u00e1kat haszn\u00e1lunk az interneten kereszt\u00fcl k\u00fcld\u00f6tt inform\u00e1ci\u00f3k v\u00e9delm\u00e9re.<\/p>\n<p style=\"text-align: justify;\"><strong>Az adatv\u00e9delmi szab\u00e1lyok v\u00e1ltoznak.<\/strong><\/p>\n<p style=\"text-align: justify;\">Fenntartjuk a jogot, hogy id\u0151nk\u00e9nt m\u00f3dos\u00edtsuk ezt az Adatv\u00e9delmi szab\u00e1lyzatot, ez\u00e9rt k\u00e9rj\u00fck, gyakran ellen\u0151rizze weboldalunk ezen r\u00e9sz\u00e9t a friss\u00edt\u00e9sek vagy v\u00e1ltoz\u00e1sok miatt. Ha a jelen Adatv\u00e9delmi szab\u00e1lyzat olyan m\u00f3dos\u00edt\u00e1sait v\u00e9gezz\u00fck el, amelyek nagym\u00e9rt\u00e9kben megv\u00e1ltoztatj\u00e1k az \u00d6n adatainak felhaszn\u00e1l\u00e1si m\u00f3dj\u00e1t, err\u0151l a Weboldalunkon t\u00e1j\u00e9koztatni fogjuk, \u00e9s \u00d6n d\u00f6nthet \u00fagy, hogy ne engedje, hogy az adatait ilyen m\u00f3don haszn\u00e1ljuk fel. Az Adatv\u00e9delmi szab\u00e1lyzatot az \u00d6n t\u00e1j\u00e9koztat\u00e1sa n\u00e9lk\u00fcl is megv\u00e1ltoztathatjuk, ha t\u00f6rv\u00e9nyt vagy szab\u00e1lyt, b\u00edr\u00f3s\u00e1gi v\u00e9gz\u00e9st vagy hivatalos l\u00e9p\u00e9st kell k\u00f6vetn\u00fcnk.<\/p>\n<p style=\"text-align: justify;\"><strong>\u00dcgyfelek<\/strong> <strong>Szolg\u00e1ltat\u00e1s<\/strong><\/p>\n<p style=\"text-align: justify;\">Annak \u00e9rdek\u00e9ben, hogy tov\u00e1bbra is a lehet\u0151 legjobb \u00fcgyf\u00e9lszolg\u00e1latot ny\u00fajtsuk, nyomon k\u00f6vethetj\u00fck a munkat\u00e1rsainkkal folytatott \u00edr\u00e1sbeli vagy telefonos besz\u00e9lget\u00e9seit.<\/p>\n<p style=\"text-align: justify;\"><em><strong>Kapcsolat<\/strong><\/em><\/p>\n<p style=\"text-align: justify;\">A +44 7777240388-as telefonsz\u00e1mon whatsappelhet, vagy \u00edrhat nek\u00fcnk a info@gunmeplug.com c\u00edmre.<\/p>\n\n\t\t<\/div>\n\t<\/div>\n<\/div><\/div><\/div><\/div>","protected":false},"excerpt":{"rendered":"Privacy Policy We're glad that our customers have trusted Gunmeplug for over 10 \u00a0years and are committed to protecting your private and personal Information. This Privacy Policy, which was last changed on September 24, 2015, tells you what Information Gunmeplug, LLC (\"we\" or \"our\") collects from visitors to our Website, www.gunmeplug.com (\"Website\"), as well as [...]","protected":false},"author":1,"featured_media":0,"parent":0,"menu_order":0,"comment_status":"closed","ping_status":"closed","template":"page-narrow.php","meta":{"_acf_changed":false,"_joinchat":[],"footnotes":""},"class_list":["post-1614","page","type-page","status-publish","hentry"],"acf":[],"yoast_head":"<!-- This site is optimized with the Yoast SEO plugin v26.3 - https:\/\/yoast.com\/wordpress\/plugins\/seo\/ -->\n<title>The Privacy Policy - Buy gun online USA<\/title>\n<meta name=\"robots\" content=\"index, follow, max-snippet:-1, max-image-preview:large, max-video-preview:-1\" \/>\n<link rel=\"canonical\" href=\"https:\/\/www.gunmeplug.com\/hu\/the-privacy-policy\/\" \/>\n<meta property=\"og:locale\" content=\"hu_HU\" \/>\n<meta property=\"og:type\" content=\"article\" \/>\n<meta property=\"og:title\" content=\"The Privacy Policy - Buy gun online USA\" \/>\n<meta property=\"og:url\" content=\"https:\/\/www.gunmeplug.com\/hu\/the-privacy-policy\/\" \/>\n<meta property=\"og:site_name\" content=\"Buy gun online USA\" \/>\n<meta property=\"article:modified_time\" content=\"2023-05-03T10:00:07+00:00\" \/>\n<meta name=\"twitter:card\" content=\"summary_large_image\" \/>\n<meta name=\"twitter:label1\" content=\"Becs\u00fclt olvas\u00e1si id\u0151\" \/>\n\t<meta name=\"twitter:data1\" content=\"7 perc\" \/>\n<script type=\"application\/ld+json\" class=\"yoast-schema-graph\">{\"@context\":\"https:\/\/schema.org\",\"@graph\":[{\"@type\":\"WebPage\",\"@id\":\"https:\/\/www.gunmeplug.com\/the-privacy-policy\/\",\"url\":\"https:\/\/www.gunmeplug.com\/the-privacy-policy\/\",\"name\":\"The Privacy Policy - Buy gun online USA\",\"isPartOf\":{\"@id\":\"https:\/\/www.gunmeplug.com\/#website\"},\"datePublished\":\"2016-02-22T09:13:48+00:00\",\"dateModified\":\"2023-05-03T10:00:07+00:00\",\"breadcrumb\":{\"@id\":\"https:\/\/www.gunmeplug.com\/the-privacy-policy\/#breadcrumb\"},\"inLanguage\":\"hu\",\"potentialAction\":[{\"@type\":\"ReadAction\",\"target\":[\"https:\/\/www.gunmeplug.com\/the-privacy-policy\/\"]}]},{\"@type\":\"BreadcrumbList\",\"@id\":\"https:\/\/www.gunmeplug.com\/the-privacy-policy\/#breadcrumb\",\"itemListElement\":[{\"@type\":\"ListItem\",\"position\":1,\"name\":\"Home\",\"item\":\"https:\/\/www.gunmeplug.com\/es\/\"},{\"@type\":\"ListItem\",\"position\":2,\"name\":\"The Privacy Policy\"}]},{\"@type\":\"WebSite\",\"@id\":\"https:\/\/www.gunmeplug.com\/#website\",\"url\":\"https:\/\/www.gunmeplug.com\/\",\"name\":\"Buy gun online USA\",\"description\":\"FireArms for sale online \",\"potentialAction\":[{\"@type\":\"SearchAction\",\"target\":{\"@type\":\"EntryPoint\",\"urlTemplate\":\"https:\/\/www.gunmeplug.com\/?s={search_term_string}\"},\"query-input\":{\"@type\":\"PropertyValueSpecification\",\"valueRequired\":true,\"valueName\":\"search_term_string\"}}],\"inLanguage\":\"hu\"}]}<\/script>\n<!-- \/ Yoast SEO plugin. -->","yoast_head_json":{"title":"Adatv\u00e9delmi szab\u00e1lyzat - Buy gun online USA","robots":{"index":"index","follow":"follow","max-snippet":"max-snippet:-1","max-image-preview":"max-image-preview:large","max-video-preview":"max-video-preview:-1"},"canonical":"https:\/\/www.gunmeplug.com\/hu\/the-privacy-policy\/","og_locale":"hu_HU","og_type":"article","og_title":"The Privacy Policy - Buy gun online USA","og_url":"https:\/\/www.gunmeplug.com\/hu\/the-privacy-policy\/","og_site_name":"Buy gun online USA","article_modified_time":"2023-05-03T10:00:07+00:00","twitter_card":"summary_large_image","twitter_misc":{"Becs\u00fclt olvas\u00e1si id\u0151":"7 perc"},"schema":{"@context":"https:\/\/schema.org","@graph":[{"@type":"WebPage","@id":"https:\/\/www.gunmeplug.com\/the-privacy-policy\/","url":"https:\/\/www.gunmeplug.com\/the-privacy-policy\/","name":"Adatv\u00e9delmi szab\u00e1lyzat - Buy gun online USA","isPartOf":{"@id":"https:\/\/www.gunmeplug.com\/#website"},"datePublished":"2016-02-22T09:13:48+00:00","dateModified":"2023-05-03T10:00:07+00:00","breadcrumb":{"@id":"https:\/\/www.gunmeplug.com\/the-privacy-policy\/#breadcrumb"},"inLanguage":"hu","potentialAction":[{"@type":"ReadAction","target":["https:\/\/www.gunmeplug.com\/the-privacy-policy\/"]}]},{"@type":"BreadcrumbList","@id":"https:\/\/www.gunmeplug.com\/the-privacy-policy\/#breadcrumb","itemListElement":[{"@type":"ListItem","position":1,"name":"Home","item":"https:\/\/www.gunmeplug.com\/es\/"},{"@type":"ListItem","position":2,"name":"The Privacy Policy"}]},{"@type":"WebSite","@id":"https:\/\/www.gunmeplug.com\/#website","url":"https:\/\/www.gunmeplug.com\/","name":"Fegyverv\u00e1s\u00e1rl\u00e1s online USA","description":"Online elad\u00f3 t\u0171zfegyverek","potentialAction":[{"@type":"SearchAction","target":{"@type":"EntryPoint","urlTemplate":"https:\/\/www.gunmeplug.com\/?s={search_term_string}"},"query-input":{"@type":"PropertyValueSpecification","valueRequired":true,"valueName":"search_term_string"}}],"inLanguage":"hu"}]}},"_links":{"self":[{"href":"https:\/\/www.gunmeplug.com\/hu\/wp-json\/wp\/v2\/pages\/1614","targetHints":{"allow":["GET"]}}],"collection":[{"href":"https:\/\/www.gunmeplug.com\/hu\/wp-json\/wp\/v2\/pages"}],"about":[{"href":"https:\/\/www.gunmeplug.com\/hu\/wp-json\/wp\/v2\/types\/page"}],"author":[{"embeddable":true,"href":"https:\/\/www.gunmeplug.com\/hu\/wp-json\/wp\/v2\/users\/1"}],"replies":[{"embeddable":true,"href":"https:\/\/www.gunmeplug.com\/hu\/wp-json\/wp\/v2\/comments?post=1614"}],"version-history":[{"count":2,"href":"https:\/\/www.gunmeplug.com\/hu\/wp-json\/wp\/v2\/pages\/1614\/revisions"}],"predecessor-version":[{"id":3414,"href":"https:\/\/www.gunmeplug.com\/hu\/wp-json\/wp\/v2\/pages\/1614\/revisions\/3414"}],"wp:attachment":[{"href":"https:\/\/www.gunmeplug.com\/hu\/wp-json\/wp\/v2\/media?parent=1614"}],"curies":[{"name":"wp","href":"https:\/\/api.w.org\/{rel}","templated":true}]}}