{"id":3936,"date":"2024-11-23T16:18:48","date_gmt":"2024-11-23T16:18:48","guid":{"rendered":"https:\/\/www.gunmeplug.com\/?post_type=product&#038;p=3936"},"modified":"2024-11-23T16:21:07","modified_gmt":"2024-11-23T16:21:07","slug":"hallussapito-ja-hankintalupa-pal","status":"publish","type":"product","link":"https:\/\/www.gunmeplug.com\/fi\/tuote\/hallussapito-ja-hankintalupa-pal\/","title":{"rendered":"Hallussapito- ja hankintalupa (PAL)"},"content":{"rendered":"<h2><strong>Osta tai hae hallussapito- ja hankintalupaa (PAL) verkossa Kanadassa.<\/strong><\/h2>\n<p>Etsit\u00e4\u00e4n <strong>ostaa <a href=\"https:\/\/www.gunmeplug.com\/fi\/aseenkantolupa-todistus-2\/\">Hallussapito- ja hankintalupa<\/a> (PAL)<\/strong> tai tarvitset apua navigoinnissa <strong>PAL-hakemusprosessi<\/strong>? Osoitteessa <strong>GunMePlug<\/strong>Olemme erikoistuneet auttamaan kanadalaisia heid\u00e4n... <strong>PAL-lisenssihakemukset<\/strong>, ensuring compliance with federal firearm regulations. Whether you\u2019re applying for the first time, renewing your <strong>PAL-lisenssi<\/strong>tai etsiv\u00e4t neuvoja seuraavissa asioissa <strong>PAL-lisenssin hankkiminen<\/strong>teemme prosessista yksinkertaisen, turvallisen ja luotettavan.<a href=\"https:\/\/factoryson.com\/product\/caluanie-muelear-oxidize-1l\/\">.<\/a><\/p>\n<p>Osoitteessa <strong>nopeat PAL-lisenssien hyv\u00e4ksynn\u00e4t<\/strong>, avoin hinnoittelu ja <strong>luotettavat PAL-lisenssin tarjoajat<\/strong>GunMePlug on paras valinta kanadalaisille, jotka haluavat omistaa tai hankkia ampuma-aseita laillisesti. Palvelumme kattavat kaiken <strong>PAL-vaatimukset<\/strong> osoitteeseen <strong>ampuma-aseturvallisuuskurssit<\/strong> joita tarvitaan hakemuksen t\u00e4ytt\u00e4miseen.<\/p>\n<h3><strong>Kuinka hankkia hallussapito- ja hankintalupa (PAL)?<\/strong><\/h3>\n<p>Hankkiminen <strong>PAL-lisenssi<\/strong> involves meeting Canada\u2019s firearm ownership requirements, which include:<\/p>\n<ul>\n<li><strong>PAL-vaatimukset Kanadassa<\/strong>: Sinun on oltava v\u00e4hint\u00e4\u00e4n 18-vuotias, suoritettava ampuma-aseturvallisuuskurssi ja l\u00e4p\u00e4ist\u00e4v\u00e4 taustatarkastukset.<\/li>\n<li><strong>PAL:n ampuma-aseturvallisuuskurssi<\/strong>: T\u00e4m\u00e4 on pakollinen kaikille PAL-hakijoille, ja sill\u00e4 varmistetaan ampuma-aseiden turvallinen k\u00e4sittely ja s\u00e4ilytys.<\/li>\n<li><strong>PAL-lisenssihakemus<\/strong>: Toimita hakemus RCMP:lle vaadittujen asiakirjojen ja maksun kanssa. GunMePlug auttaa sinua t\u00e4m\u00e4n prosessin jokaisessa vaiheessa.<\/li>\n<li><strong>Hallussapito ja hankinta Lisenssikustannukset<\/strong>: Annamme avoimia tietoja maksuista, jotta yll\u00e4tyksi\u00e4 ei tule.<\/li>\n<\/ul>\n<h3><strong>Osta hallussapito- ja hankintalupa (PAL) verkossa.<\/strong><\/h3>\n<p>GunMePlugissa voit <strong>ostaa hallussapito- ja hankintalupa verkossa.<\/strong> nopeasti ja turvallisesti. Tarjoamme:<\/p>\n<ul>\n<li><strong>Myyt\u00e4v\u00e4t PAL-lisenssit<\/strong>: Edulliset luparatkaisut, jotka on r\u00e4\u00e4t\u00e4l\u00f6ity ampuma-aseiden omistustarpeisiinne.<\/li>\n<li><strong>Nopeat PAL-lisenssien hyv\u00e4ksynn\u00e4t<\/strong>: Nopeuta hakemustasi ammattimaisella ohjauksella ja tuella.<\/li>\n<li><strong>Turvallinen PAL-lisenssin k\u00e4sittely<\/strong>: Asetamme henkil\u00f6kohtaisten tietojesi turvallisuuden etusijalle.<\/li>\n<li><strong>Uudista PAL-lisenssi verkossa<\/strong>: Yksinkertaista uudistamisprosessiasi asiantuntija-avullamme.<\/li>\n<\/ul>\n<h3><strong>Miksi valita GunMePlug PAL-lisenssisi?<\/strong><\/h3>\n<p>GunMePlug yhdist\u00e4\u00e4 sinut <strong>luotettavat PAL-lisenssin tarjoajat<\/strong> to ensure your application is fast, secure, and compliant with Canadian laws. Whether you\u2019re applying for a new PAL or need to <strong>uudista PAL-lisenssi<\/strong>tarjoamme t\u00e4yden tuen prosessin kaikissa vaiheissa. Alustamme tarjoaa my\u00f6s resursseja <strong>ampuma-aseturvallisuuskurssit<\/strong>, mik\u00e4 auttaa sinua t\u00e4ytt\u00e4m\u00e4\u00e4n tukikelpoisuuskriteerit tehokkaasti.<\/p>\n<h3><strong>Usein kysytyt kysymykset (FAQ)<\/strong><\/h3>\n<p><strong>Mik\u00e4 on hallussapito- ja hankintalupa (PAL)?<\/strong><br \/>\nPAL on pakollinen lupa ampuma-aseiden omistamiseen tai hankkimiseen Kanadassa. Se todistaa, ett\u00e4 olet t\u00e4ytt\u00e4nyt kaikki ampuma-aseiden hallussapitoa koskevat lakis\u00e4\u00e4teiset vaatimukset.<\/p>\n<p><strong>Kuinka paljon PAL-lisenssi maksaa?<\/strong><br \/>\nKustannukset vaihtelevat sen mukaan, mink\u00e4 tyyppisi\u00e4 ampuma-aseita aiot omistaa, ja ne vaihtelevat yleens\u00e4 $60:st\u00e4 $80:een. GunMePlug tarjoaa l\u00e4pin\u00e4kyv\u00e4n hinnoittelun kaikille palveluille.<\/p>\n<p><strong>Voinko hakea PAL-lisenssi\u00e4 verkossa?<\/strong><br \/>\nKyll\u00e4, GunMePlug tarjoaa virtaviivaistetun <strong>online PAL-hakemus<\/strong> prosessi, mik\u00e4 helpottaa ja nopeuttaa hakemuksen tekemist\u00e4.<\/p>\n<p><strong>Mit\u00e4 asiakirjoja tarvitaan PAL-lisenssi\u00e4 varten?<\/strong><br \/>\nTarvitset todistuksen i\u00e4st\u00e4si, ampuma-aseturvallisuuskurssin suorittamisesta ja voimassa olevan henkil\u00f6todistuksen hakemuksen t\u00e4ytt\u00e4mist\u00e4 varten.<\/p>\n<p><strong>Kuinka kauan PAL-lisenssin saaminen kest\u00e4\u00e4?<\/strong><br \/>\nK\u00e4sittelyaika vaihtelee, mutta GunMePlug auttaa nopeuttamaan hyv\u00e4ksynt\u00e4\u00e4 varmistamalla, ett\u00e4 kaikki asiakirjat ovat tarkkoja ja t\u00e4ydellisi\u00e4.<\/p>\n<h3><strong>Aloita omistus- ja hankintalupahakemus t\u00e4n\u00e4\u00e4n<\/strong><\/h3>\n<p>Don\u2019t let complicated regulations and paperwork delay your ability to own firearms in Canada. At <strong>GunMePlug<\/strong>, varmistamme sujuvan, nopean ja turvallisen prosessin sinun <strong>PAL-lisenssihakemus<\/strong>. Whether you\u2019re applying for a new license or renewing an existing one, we provide reliable support tailored to your needs. Start your <strong>PAL-lisenssihakemus<\/strong> t\u00e4n\u00e4\u00e4n GunMePlugin kanssa ja nauti nopeista hyv\u00e4ksynn\u00f6ist\u00e4 ja asiantuntija-avusta.<\/p>","protected":false},"excerpt":{"rendered":"<p>Buy or Apply for a Possession and Acquisition License (PAL) Online in Canada Looking to buy a Possession and Acquisition License (PAL) or need help navigating the PAL application process? At GunMePlug, we specialize in assisting Canadians with their PAL license applications, ensuring compliance with federal firearm regulations. Whether you\u2019re applying for the first time, [&hellip;]<\/p>","protected":false},"featured_media":3937,"template":"","meta":{"_acf_changed":false,"_joinchat":[]},"product_brand":[],"product_cat":[333],"product_tag":[385,390,374,387,379,389,377,381,392,378,388,383,382,375,391,376,393,386,384,380],"class_list":{"0":"post-3936","1":"product","2":"type-product","3":"status-publish","4":"has-post-thumbnail","6":"product_cat-gun-license-certifficate","7":"product_tag-affordable-pal-license","8":"product_tag-apply-for-pal-license-canada","9":"product_tag-buy-possession-and-acquisition-license","10":"product_tag-canada-firearm-ownership-license","11":"product_tag-fast-pal-license-approvals","12":"product_tag-firearm-safety-course-for-pal","13":"product_tag-how-to-get-a-pal-license","14":"product_tag-online-pal-application","15":"product_tag-pal-gun-license-canada","16":"product_tag-pal-license-application","17":"product_tag-pal-license-eligibility","18":"product_tag-pal-requirements-in-canada","19":"product_tag-possession-and-acquisition-license-cost","20":"product_tag-possession-and-acquisition-license-for-sale","21":"product_tag-possession-and-acquisition-permit-assistance","22":"product_tag-purchase-pal-license-online","23":"product_tag-reliable-pal-license-providers","24":"product_tag-renew-pal-license-online","25":"product_tag-secure-pal-license-processing","26":"product_tag-trusted-pal-license-providers","28":"first","29":"instock","30":"shipping-taxable","31":"product-type-simple"},"acf":[],"yoast_head":"<!-- This site is optimized with the Yoast SEO plugin v26.3 - https:\/\/yoast.com\/wordpress\/plugins\/seo\/ -->\n<title>Buy Possession and Acquisition License (PAL) | Fast Approvals<\/title>\n<meta name=\"description\" content=\"Buy Possession and Acquisition License (PAL) online with GunMePlug. Secure PAL applications, fast approvals, and trusted providers in Canada. Apply now!\" \/>\n<meta name=\"robots\" content=\"index, follow, max-snippet:-1, max-image-preview:large, max-video-preview:-1\" \/>\n<link rel=\"canonical\" href=\"https:\/\/www.gunmeplug.com\/fi\/tuote\/hallussapito-ja-hankintalupa-pal\/\" \/>\n<meta property=\"og:locale\" content=\"fi_FI\" \/>\n<meta property=\"og:type\" content=\"article\" \/>\n<meta property=\"og:title\" content=\"Buy Possession and Acquisition License (PAL) | Fast Approvals\" \/>\n<meta property=\"og:description\" content=\"Buy Possession and Acquisition License (PAL) online with GunMePlug. Secure PAL applications, fast approvals, and trusted providers in Canada. Apply now!\" \/>\n<meta property=\"og:url\" content=\"https:\/\/www.gunmeplug.com\/fi\/tuote\/hallussapito-ja-hankintalupa-pal\/\" \/>\n<meta property=\"og:site_name\" content=\"Buy gun online USA\" \/>\n<meta property=\"article:modified_time\" content=\"2024-11-23T16:21:07+00:00\" \/>\n<meta property=\"og:image\" content=\"https:\/\/www.gunmeplug.com\/wp-content\/uploads\/2024\/11\/Possession-and-Acquisition-License-PAL.jpg\" \/>\n\t<meta property=\"og:image:width\" content=\"283\" \/>\n\t<meta property=\"og:image:height\" content=\"178\" \/>\n\t<meta property=\"og:image:type\" content=\"image\/jpeg\" \/>\n<meta name=\"twitter:card\" content=\"summary_large_image\" \/>\n<meta name=\"twitter:label1\" content=\"Arvioitu lukuaika\" \/>\n\t<meta name=\"twitter:data1\" content=\"3 minuuttia\" \/>\n<script type=\"application\/ld+json\" class=\"yoast-schema-graph\">{\"@context\":\"https:\/\/schema.org\",\"@graph\":[{\"@type\":\"WebPage\",\"@id\":\"https:\/\/www.gunmeplug.com\/vi\/san-pham-2\/possession-and-acquisition-license-pal\/\",\"url\":\"https:\/\/www.gunmeplug.com\/vi\/san-pham-2\/possession-and-acquisition-license-pal\/\",\"name\":\"Buy Possession and Acquisition License (PAL) | Fast Approvals\",\"isPartOf\":{\"@id\":\"https:\/\/www.gunmeplug.com\/#website\"},\"primaryImageOfPage\":{\"@id\":\"https:\/\/www.gunmeplug.com\/vi\/san-pham-2\/possession-and-acquisition-license-pal\/#primaryimage\"},\"image\":{\"@id\":\"https:\/\/www.gunmeplug.com\/vi\/san-pham-2\/possession-and-acquisition-license-pal\/#primaryimage\"},\"thumbnailUrl\":\"https:\/\/www.gunmeplug.com\/wp-content\/uploads\/2024\/11\/Possession-and-Acquisition-License-PAL.jpg\",\"datePublished\":\"2024-11-23T16:18:48+00:00\",\"dateModified\":\"2024-11-23T16:21:07+00:00\",\"description\":\"Buy Possession and Acquisition License (PAL) online with GunMePlug. Secure PAL applications, fast approvals, and trusted providers in Canada. Apply now!\",\"breadcrumb\":{\"@id\":\"https:\/\/www.gunmeplug.com\/vi\/san-pham-2\/possession-and-acquisition-license-pal\/#breadcrumb\"},\"inLanguage\":\"fi\",\"potentialAction\":[{\"@type\":\"ReadAction\",\"target\":[\"https:\/\/www.gunmeplug.com\/vi\/san-pham-2\/possession-and-acquisition-license-pal\/\"]}]},{\"@type\":\"ImageObject\",\"inLanguage\":\"fi\",\"@id\":\"https:\/\/www.gunmeplug.com\/vi\/san-pham-2\/possession-and-acquisition-license-pal\/#primaryimage\",\"url\":\"https:\/\/www.gunmeplug.com\/wp-content\/uploads\/2024\/11\/Possession-and-Acquisition-License-PAL.jpg\",\"contentUrl\":\"https:\/\/www.gunmeplug.com\/wp-content\/uploads\/2024\/11\/Possession-and-Acquisition-License-PAL.jpg\",\"width\":283,\"height\":178,\"caption\":\"Buy Possession and Acquisition License\"},{\"@type\":\"BreadcrumbList\",\"@id\":\"https:\/\/www.gunmeplug.com\/vi\/san-pham-2\/possession-and-acquisition-license-pal\/#breadcrumb\",\"itemListElement\":[{\"@type\":\"ListItem\",\"position\":1,\"name\":\"Home\",\"item\":\"https:\/\/www.gunmeplug.com\/es\/\"},{\"@type\":\"ListItem\",\"position\":2,\"name\":\"Shop\",\"item\":\"https:\/\/www.gunmeplug.com\/es\/shop\/\"},{\"@type\":\"ListItem\",\"position\":3,\"name\":\"Possession and Acquisition License (PAL)\"}]},{\"@type\":\"WebSite\",\"@id\":\"https:\/\/www.gunmeplug.com\/#website\",\"url\":\"https:\/\/www.gunmeplug.com\/\",\"name\":\"Buy gun online USA\",\"description\":\"FireArms for sale online \",\"potentialAction\":[{\"@type\":\"SearchAction\",\"target\":{\"@type\":\"EntryPoint\",\"urlTemplate\":\"https:\/\/www.gunmeplug.com\/?s={search_term_string}\"},\"query-input\":{\"@type\":\"PropertyValueSpecification\",\"valueRequired\":true,\"valueName\":\"search_term_string\"}}],\"inLanguage\":\"fi\"}]}<\/script>\n<!-- \/ Yoast SEO plugin. -->","yoast_head_json":{"title":"Osta omistus- ja hankintalupa (PAL) | Nopeat hyv\u00e4ksynn\u00e4t","description":"Osta hallussapito- ja hankintalupa (PAL) verkossa GunMePlugin avulla. Turvalliset PAL-hakemukset, nopeat hyv\u00e4ksynn\u00e4t ja luotettavat palveluntarjoajat Kanadassa. Hae nyt!","robots":{"index":"index","follow":"follow","max-snippet":"max-snippet:-1","max-image-preview":"max-image-preview:large","max-video-preview":"max-video-preview:-1"},"canonical":"https:\/\/www.gunmeplug.com\/fi\/tuote\/hallussapito-ja-hankintalupa-pal\/","og_locale":"fi_FI","og_type":"article","og_title":"Buy Possession and Acquisition License (PAL) | Fast Approvals","og_description":"Buy Possession and Acquisition License (PAL) online with GunMePlug. Secure PAL applications, fast approvals, and trusted providers in Canada. Apply now!","og_url":"https:\/\/www.gunmeplug.com\/fi\/tuote\/hallussapito-ja-hankintalupa-pal\/","og_site_name":"Buy gun online USA","article_modified_time":"2024-11-23T16:21:07+00:00","og_image":[{"width":283,"height":178,"url":"https:\/\/www.gunmeplug.com\/wp-content\/uploads\/2024\/11\/Possession-and-Acquisition-License-PAL.jpg","type":"image\/jpeg"}],"twitter_card":"summary_large_image","twitter_misc":{"Arvioitu lukuaika":"3 minuuttia"},"schema":{"@context":"https:\/\/schema.org","@graph":[{"@type":"WebPage","@id":"https:\/\/www.gunmeplug.com\/vi\/san-pham-2\/possession-and-acquisition-license-pal\/","url":"https:\/\/www.gunmeplug.com\/vi\/san-pham-2\/possession-and-acquisition-license-pal\/","name":"Osta omistus- ja hankintalupa (PAL) | Nopeat hyv\u00e4ksynn\u00e4t","isPartOf":{"@id":"https:\/\/www.gunmeplug.com\/#website"},"primaryImageOfPage":{"@id":"https:\/\/www.gunmeplug.com\/vi\/san-pham-2\/possession-and-acquisition-license-pal\/#primaryimage"},"image":{"@id":"https:\/\/www.gunmeplug.com\/vi\/san-pham-2\/possession-and-acquisition-license-pal\/#primaryimage"},"thumbnailUrl":"https:\/\/www.gunmeplug.com\/wp-content\/uploads\/2024\/11\/Possession-and-Acquisition-License-PAL.jpg","datePublished":"2024-11-23T16:18:48+00:00","dateModified":"2024-11-23T16:21:07+00:00","description":"Osta hallussapito- ja hankintalupa (PAL) verkossa GunMePlugin avulla. Turvalliset PAL-hakemukset, nopeat hyv\u00e4ksynn\u00e4t ja luotettavat palveluntarjoajat Kanadassa. Hae nyt!","breadcrumb":{"@id":"https:\/\/www.gunmeplug.com\/vi\/san-pham-2\/possession-and-acquisition-license-pal\/#breadcrumb"},"inLanguage":"fi","potentialAction":[{"@type":"ReadAction","target":["https:\/\/www.gunmeplug.com\/vi\/san-pham-2\/possession-and-acquisition-license-pal\/"]}]},{"@type":"ImageObject","inLanguage":"fi","@id":"https:\/\/www.gunmeplug.com\/vi\/san-pham-2\/possession-and-acquisition-license-pal\/#primaryimage","url":"https:\/\/www.gunmeplug.com\/wp-content\/uploads\/2024\/11\/Possession-and-Acquisition-License-PAL.jpg","contentUrl":"https:\/\/www.gunmeplug.com\/wp-content\/uploads\/2024\/11\/Possession-and-Acquisition-License-PAL.jpg","width":283,"height":178,"caption":"Buy Possession and Acquisition License"},{"@type":"BreadcrumbList","@id":"https:\/\/www.gunmeplug.com\/vi\/san-pham-2\/possession-and-acquisition-license-pal\/#breadcrumb","itemListElement":[{"@type":"ListItem","position":1,"name":"Home","item":"https:\/\/www.gunmeplug.com\/es\/"},{"@type":"ListItem","position":2,"name":"Shop","item":"https:\/\/www.gunmeplug.com\/es\/shop\/"},{"@type":"ListItem","position":3,"name":"Possession and Acquisition License (PAL)"}]},{"@type":"WebSite","@id":"https:\/\/www.gunmeplug.com\/#website","url":"https:\/\/www.gunmeplug.com\/","name":"Osta ase verkossa USA","description":"FireArms myyt\u00e4v\u00e4n\u00e4 verkossa","potentialAction":[{"@type":"SearchAction","target":{"@type":"EntryPoint","urlTemplate":"https:\/\/www.gunmeplug.com\/?s={search_term_string}"},"query-input":{"@type":"PropertyValueSpecification","valueRequired":true,"valueName":"search_term_string"}}],"inLanguage":"fi"}]}},"_links":{"self":[{"href":"https:\/\/www.gunmeplug.com\/fi\/wp-json\/wp\/v2\/product\/3936","targetHints":{"allow":["GET"]}}],"collection":[{"href":"https:\/\/www.gunmeplug.com\/fi\/wp-json\/wp\/v2\/product"}],"about":[{"href":"https:\/\/www.gunmeplug.com\/fi\/wp-json\/wp\/v2\/types\/product"}],"wp:featuredmedia":[{"embeddable":true,"href":"https:\/\/www.gunmeplug.com\/fi\/wp-json\/wp\/v2\/media\/3937"}],"wp:attachment":[{"href":"https:\/\/www.gunmeplug.com\/fi\/wp-json\/wp\/v2\/media?parent=3936"}],"wp:term":[{"taxonomy":"product_brand","embeddable":true,"href":"https:\/\/www.gunmeplug.com\/fi\/wp-json\/wp\/v2\/product_brand?post=3936"},{"taxonomy":"product_cat","embeddable":true,"href":"https:\/\/www.gunmeplug.com\/fi\/wp-json\/wp\/v2\/product_cat?post=3936"},{"taxonomy":"product_tag","embeddable":true,"href":"https:\/\/www.gunmeplug.com\/fi\/wp-json\/wp\/v2\/product_tag?post=3936"}],"curies":[{"name":"wp","href":"https:\/\/api.w.org\/{rel}","templated":true}]}}