{"id":3402,"date":"2023-05-03T09:39:24","date_gmt":"2023-05-03T09:39:24","guid":{"rendered":"https:\/\/www.gunmeplug.com\/?post_type=product&#038;p=3402"},"modified":"2023-05-03T10:20:09","modified_gmt":"2023-05-03T10:20:09","slug":"glock-g44-22lr-safe-action-black-pistol-4-101rd-ua4450101","status":"publish","type":"product","link":"https:\/\/www.gunmeplug.com\/fi\/tuote\/glock-g44-22lr-safe-action-black-pistol-4-101rd-ua4450101\/","title":{"rendered":"Glock G44 .22LR Safe Action Black Pistol 4&#8243; 10+1RD UA4450101"},"content":{"rendered":"<h3 class=\"tab_content_head\">DETAILS<\/h3>\n<div class=\"product attribute description\">\n<div class=\"value\">\n<p>Once you start with perfection \u2013 you stay with perfection. The G44 is the ideal pistol to start or enhance your shooting experience. The innovative design of the hybrid steel-polymer slide chambered in our first .22 caliber round provides a lightweight and low recoil functionality for optimal control.<\/p>\n<p>G44 testattiin perusteellisesti monenlaisilla ammuksilla maksimaalisen suorituskyvyn varmistamiseksi ja sen uudelleen m\u00e4\u00e4ritt\u00e4miseksi, mit\u00e4 pieni voi tehd\u00e4.<\/p>\n<p>G44 on kompaktin kokoinen pistooli, joka mukautuu l\u00e4hes kaikkiin k\u00e4siin k\u00e4ytt\u00e4m\u00e4ll\u00e4 pistoolin mukana toimitettuja selk\u00e4hihnoja. G44:ss\u00e4 on vakiona GLOCK Marksman Barrel (GMB), joka lis\u00e4\u00e4 tarkkuutta ja tarkkuutta.<\/p>\n<p>Oikeat varusteet ovat v\u00e4ltt\u00e4m\u00e4tt\u00f6mi\u00e4. G44:ss\u00e4 on s\u00e4\u00e4dett\u00e4v\u00e4t takat\u00e4ht\u00e4imet ja kaksi lastausapumakasiinia. Kaikki mit\u00e4 hyvin valmistautunut ampuja tarvitsee.<\/p>\n<p><strong>Tuotteen ominaisuudet:<\/strong><\/p>\n<ul>\n<li>Sis\u00e4lt\u00e4\u00e4 (2) 17. lehte\u00e4<\/li>\n<li>Glock Marksman Barrel<\/li>\n<li>Vaihdettavat selk\u00e4hihnat<\/li>\n<li>Tragerea declan\u0219atorului: 6 lbs<\/li>\n<\/ul>\n<\/div>\n<\/div>","protected":false},"excerpt":{"rendered":"<p>DETAILS Once you start with perfection \u2013 you stay with perfection. The G44 is the ideal pistol to start or enhance your shooting experience. The innovative design of the hybrid steel-polymer slide chambered in our first .22 caliber round provides a lightweight and low recoil functionality for optimal control. The G44 was thoroughly tested with [&hellip;]<\/p>","protected":false},"featured_media":3407,"template":"","meta":{"_acf_changed":false,"_joinchat":[]},"product_brand":[],"product_cat":[136],"product_tag":[],"class_list":{"0":"post-3402","1":"product","2":"type-product","3":"status-publish","4":"has-post-thumbnail","6":"product_cat-glocks-for-sale","8":"first","9":"instock","10":"sale","11":"shipping-taxable","12":"purchasable","13":"product-type-simple"},"acf":[],"yoast_head":"<!-- This site is optimized with the Yoast SEO plugin v26.3 - https:\/\/yoast.com\/wordpress\/plugins\/seo\/ -->\n<title>Glock G44 .22LR Safe Action Black Pistol 4&quot; 10+1RD UA4450101 - Buy gun online USA<\/title>\n<meta name=\"robots\" content=\"index, follow, max-snippet:-1, max-image-preview:large, max-video-preview:-1\" \/>\n<link rel=\"canonical\" href=\"https:\/\/www.gunmeplug.com\/fi\/tuote\/glock-g44-22lr-safe-action-black-pistol-4-101rd-ua4450101\/\" \/>\n<meta property=\"og:locale\" content=\"fi_FI\" \/>\n<meta property=\"og:type\" content=\"article\" \/>\n<meta property=\"og:title\" content=\"Glock G44 .22LR Safe Action Black Pistol 4&quot; 10+1RD UA4450101 - Buy gun online USA\" \/>\n<meta property=\"og:description\" content=\"DETAILS Once you start with perfection \u2013 you stay with perfection. The G44 is the ideal pistol to start or enhance your shooting experience. The innovative design of the hybrid steel-polymer slide chambered in our first .22 caliber round provides a lightweight and low recoil functionality for optimal control. The G44 was thoroughly tested with [&hellip;]\" \/>\n<meta property=\"og:url\" content=\"https:\/\/www.gunmeplug.com\/fi\/tuote\/glock-g44-22lr-safe-action-black-pistol-4-101rd-ua4450101\/\" \/>\n<meta property=\"og:site_name\" content=\"Buy gun online USA\" \/>\n<meta property=\"article:modified_time\" content=\"2023-05-03T10:20:09+00:00\" \/>\n<meta property=\"og:image\" content=\"https:\/\/www.gunmeplug.com\/wp-content\/uploads\/2023\/05\/Glock-G44-.22LR-Safe-Action-Black-Pistol.jpg\" \/>\n\t<meta property=\"og:image:width\" content=\"600\" \/>\n\t<meta property=\"og:image:height\" content=\"600\" \/>\n\t<meta property=\"og:image:type\" content=\"image\/jpeg\" \/>\n<meta name=\"twitter:card\" content=\"summary_large_image\" \/>\n<meta name=\"twitter:label1\" content=\"Arvioitu lukuaika\" \/>\n\t<meta name=\"twitter:data1\" content=\"1 minuutti\" \/>\n<script type=\"application\/ld+json\" class=\"yoast-schema-graph\">{\"@context\":\"https:\/\/schema.org\",\"@graph\":[{\"@type\":\"WebPage\",\"@id\":\"https:\/\/www.gunmeplug.com\/it\/prodotto\/glock-g44-22lr-safe-action-black-pistol-4-101rd-ua4450101\/\",\"url\":\"https:\/\/www.gunmeplug.com\/it\/prodotto\/glock-g44-22lr-safe-action-black-pistol-4-101rd-ua4450101\/\",\"name\":\"Glock G44 .22LR Safe Action Black Pistol 4\\\" 10+1RD UA4450101 - Buy gun online USA\",\"isPartOf\":{\"@id\":\"https:\/\/www.gunmeplug.com\/#website\"},\"primaryImageOfPage\":{\"@id\":\"https:\/\/www.gunmeplug.com\/it\/prodotto\/glock-g44-22lr-safe-action-black-pistol-4-101rd-ua4450101\/#primaryimage\"},\"image\":{\"@id\":\"https:\/\/www.gunmeplug.com\/it\/prodotto\/glock-g44-22lr-safe-action-black-pistol-4-101rd-ua4450101\/#primaryimage\"},\"thumbnailUrl\":\"https:\/\/www.gunmeplug.com\/wp-content\/uploads\/2023\/05\/Glock-G44-.22LR-Safe-Action-Black-Pistol.jpg\",\"datePublished\":\"2023-05-03T09:39:24+00:00\",\"dateModified\":\"2023-05-03T10:20:09+00:00\",\"breadcrumb\":{\"@id\":\"https:\/\/www.gunmeplug.com\/it\/prodotto\/glock-g44-22lr-safe-action-black-pistol-4-101rd-ua4450101\/#breadcrumb\"},\"inLanguage\":\"fi\",\"potentialAction\":[{\"@type\":\"ReadAction\",\"target\":[\"https:\/\/www.gunmeplug.com\/it\/prodotto\/glock-g44-22lr-safe-action-black-pistol-4-101rd-ua4450101\/\"]}]},{\"@type\":\"ImageObject\",\"inLanguage\":\"fi\",\"@id\":\"https:\/\/www.gunmeplug.com\/it\/prodotto\/glock-g44-22lr-safe-action-black-pistol-4-101rd-ua4450101\/#primaryimage\",\"url\":\"https:\/\/www.gunmeplug.com\/wp-content\/uploads\/2023\/05\/Glock-G44-.22LR-Safe-Action-Black-Pistol.jpg\",\"contentUrl\":\"https:\/\/www.gunmeplug.com\/wp-content\/uploads\/2023\/05\/Glock-G44-.22LR-Safe-Action-Black-Pistol.jpg\",\"width\":600,\"height\":600,\"caption\":\"Glock-G44-.22LR-Safe-Action-Black-Pistol\"},{\"@type\":\"BreadcrumbList\",\"@id\":\"https:\/\/www.gunmeplug.com\/it\/prodotto\/glock-g44-22lr-safe-action-black-pistol-4-101rd-ua4450101\/#breadcrumb\",\"itemListElement\":[{\"@type\":\"ListItem\",\"position\":1,\"name\":\"Home\",\"item\":\"https:\/\/www.gunmeplug.com\/es\/\"},{\"@type\":\"ListItem\",\"position\":2,\"name\":\"Shop\",\"item\":\"https:\/\/www.gunmeplug.com\/es\/shop\/\"},{\"@type\":\"ListItem\",\"position\":3,\"name\":\"Glock G44 .22LR Safe Action Black Pistol 4&#8243; 10+1RD UA4450101\"}]},{\"@type\":\"WebSite\",\"@id\":\"https:\/\/www.gunmeplug.com\/#website\",\"url\":\"https:\/\/www.gunmeplug.com\/\",\"name\":\"Buy gun online USA\",\"description\":\"FireArms for sale online \",\"potentialAction\":[{\"@type\":\"SearchAction\",\"target\":{\"@type\":\"EntryPoint\",\"urlTemplate\":\"https:\/\/www.gunmeplug.com\/?s={search_term_string}\"},\"query-input\":{\"@type\":\"PropertyValueSpecification\",\"valueRequired\":true,\"valueName\":\"search_term_string\"}}],\"inLanguage\":\"fi\"}]}<\/script>\n<!-- \/ Yoast SEO plugin. -->","yoast_head_json":{"title":"Glock G44 .22LR Safe Action Musta Pistooli 4\" 10+1RD UA4450101 - Osta ase netist\u00e4 USA:ssa","robots":{"index":"index","follow":"follow","max-snippet":"max-snippet:-1","max-image-preview":"max-image-preview:large","max-video-preview":"max-video-preview:-1"},"canonical":"https:\/\/www.gunmeplug.com\/fi\/tuote\/glock-g44-22lr-safe-action-black-pistol-4-101rd-ua4450101\/","og_locale":"fi_FI","og_type":"article","og_title":"Glock G44 .22LR Safe Action Black Pistol 4\" 10+1RD UA4450101 - Buy gun online USA","og_description":"DETAILS Once you start with perfection \u2013 you stay with perfection. The G44 is the ideal pistol to start or enhance your shooting experience. The innovative design of the hybrid steel-polymer slide chambered in our first .22 caliber round provides a lightweight and low recoil functionality for optimal control. The G44 was thoroughly tested with [&hellip;]","og_url":"https:\/\/www.gunmeplug.com\/fi\/tuote\/glock-g44-22lr-safe-action-black-pistol-4-101rd-ua4450101\/","og_site_name":"Buy gun online USA","article_modified_time":"2023-05-03T10:20:09+00:00","og_image":[{"width":600,"height":600,"url":"https:\/\/www.gunmeplug.com\/wp-content\/uploads\/2023\/05\/Glock-G44-.22LR-Safe-Action-Black-Pistol.jpg","type":"image\/jpeg"}],"twitter_card":"summary_large_image","twitter_misc":{"Arvioitu lukuaika":"1 minuutti"},"schema":{"@context":"https:\/\/schema.org","@graph":[{"@type":"WebPage","@id":"https:\/\/www.gunmeplug.com\/it\/prodotto\/glock-g44-22lr-safe-action-black-pistol-4-101rd-ua4450101\/","url":"https:\/\/www.gunmeplug.com\/it\/prodotto\/glock-g44-22lr-safe-action-black-pistol-4-101rd-ua4450101\/","name":"Glock G44 .22LR Safe Action Musta Pistooli 4\" 10+1RD UA4450101 - Osta ase netist\u00e4 USA:ssa","isPartOf":{"@id":"https:\/\/www.gunmeplug.com\/#website"},"primaryImageOfPage":{"@id":"https:\/\/www.gunmeplug.com\/it\/prodotto\/glock-g44-22lr-safe-action-black-pistol-4-101rd-ua4450101\/#primaryimage"},"image":{"@id":"https:\/\/www.gunmeplug.com\/it\/prodotto\/glock-g44-22lr-safe-action-black-pistol-4-101rd-ua4450101\/#primaryimage"},"thumbnailUrl":"https:\/\/www.gunmeplug.com\/wp-content\/uploads\/2023\/05\/Glock-G44-.22LR-Safe-Action-Black-Pistol.jpg","datePublished":"2023-05-03T09:39:24+00:00","dateModified":"2023-05-03T10:20:09+00:00","breadcrumb":{"@id":"https:\/\/www.gunmeplug.com\/it\/prodotto\/glock-g44-22lr-safe-action-black-pistol-4-101rd-ua4450101\/#breadcrumb"},"inLanguage":"fi","potentialAction":[{"@type":"ReadAction","target":["https:\/\/www.gunmeplug.com\/it\/prodotto\/glock-g44-22lr-safe-action-black-pistol-4-101rd-ua4450101\/"]}]},{"@type":"ImageObject","inLanguage":"fi","@id":"https:\/\/www.gunmeplug.com\/it\/prodotto\/glock-g44-22lr-safe-action-black-pistol-4-101rd-ua4450101\/#primaryimage","url":"https:\/\/www.gunmeplug.com\/wp-content\/uploads\/2023\/05\/Glock-G44-.22LR-Safe-Action-Black-Pistol.jpg","contentUrl":"https:\/\/www.gunmeplug.com\/wp-content\/uploads\/2023\/05\/Glock-G44-.22LR-Safe-Action-Black-Pistol.jpg","width":600,"height":600,"caption":"Glock-G44-.22LR-Safe-Action-Black-Pistol"},{"@type":"BreadcrumbList","@id":"https:\/\/www.gunmeplug.com\/it\/prodotto\/glock-g44-22lr-safe-action-black-pistol-4-101rd-ua4450101\/#breadcrumb","itemListElement":[{"@type":"ListItem","position":1,"name":"Home","item":"https:\/\/www.gunmeplug.com\/es\/"},{"@type":"ListItem","position":2,"name":"Shop","item":"https:\/\/www.gunmeplug.com\/es\/shop\/"},{"@type":"ListItem","position":3,"name":"Glock G44 .22LR Safe Action Black Pistol 4&#8243; 10+1RD UA4450101"}]},{"@type":"WebSite","@id":"https:\/\/www.gunmeplug.com\/#website","url":"https:\/\/www.gunmeplug.com\/","name":"Osta ase verkossa USA","description":"FireArms myyt\u00e4v\u00e4n\u00e4 verkossa","potentialAction":[{"@type":"SearchAction","target":{"@type":"EntryPoint","urlTemplate":"https:\/\/www.gunmeplug.com\/?s={search_term_string}"},"query-input":{"@type":"PropertyValueSpecification","valueRequired":true,"valueName":"search_term_string"}}],"inLanguage":"fi"}]}},"_links":{"self":[{"href":"https:\/\/www.gunmeplug.com\/fi\/wp-json\/wp\/v2\/product\/3402","targetHints":{"allow":["GET"]}}],"collection":[{"href":"https:\/\/www.gunmeplug.com\/fi\/wp-json\/wp\/v2\/product"}],"about":[{"href":"https:\/\/www.gunmeplug.com\/fi\/wp-json\/wp\/v2\/types\/product"}],"wp:featuredmedia":[{"embeddable":true,"href":"https:\/\/www.gunmeplug.com\/fi\/wp-json\/wp\/v2\/media\/3407"}],"wp:attachment":[{"href":"https:\/\/www.gunmeplug.com\/fi\/wp-json\/wp\/v2\/media?parent=3402"}],"wp:term":[{"taxonomy":"product_brand","embeddable":true,"href":"https:\/\/www.gunmeplug.com\/fi\/wp-json\/wp\/v2\/product_brand?post=3402"},{"taxonomy":"product_cat","embeddable":true,"href":"https:\/\/www.gunmeplug.com\/fi\/wp-json\/wp\/v2\/product_cat?post=3402"},{"taxonomy":"product_tag","embeddable":true,"href":"https:\/\/www.gunmeplug.com\/fi\/wp-json\/wp\/v2\/product_tag?post=3402"}],"curies":[{"name":"wp","href":"https:\/\/api.w.org\/{rel}","templated":true}]}}