{"id":3378,"date":"2023-05-03T09:18:46","date_gmt":"2023-05-03T09:18:46","guid":{"rendered":"https:\/\/www.gunmeplug.com\/?post_type=product&#038;p=3378"},"modified":"2023-05-03T10:12:54","modified_gmt":"2023-05-03T10:12:54","slug":"heritage-rough-rider-small-bore-22-lr-single-action-revolver-6-5-6rd-rr22b6","status":"publish","type":"product","link":"https:\/\/www.gunmeplug.com\/fi\/tuote\/heritage-rough-rider-small-bore-22-lr-single-action-revolver-6-5-6rd-rr22b6\/","title":{"rendered":"Heritage Rough Rider Small Bore .22 LR Single Action Revolver 6.5&#8243; 6RD RR22B6"},"content":{"rendered":"<h3 class=\"tab_content_head\">DETAILS<\/h3>\n<p><strong>EI MYYNNISS\u00c4 IL, HI tai MN.<\/strong><\/p>\n<p>For making tin cans dance in the back yard, pinging steel, or controlling pests and varmints around the farm, nothing beats the low-cost, high-adrenaline thrill of a single-action rimfire revolver. This Heritage\u2122 Rough Rider\u00ae handgun is chambered in .22 LR. SOA with fixed front sight, notch rear sight, cocobolo grip and black oxide finish. Compatible with .22 WMR Cylinder that is not included.<\/p>\n<p><strong>Tuotteen ominaisuudet:<\/strong><\/p>\n<ul>\n<li>Sinkkiseoksesta valmistettu kehys<\/li>\n<li>Seoster\u00e4ssylinteri<\/li>\n<li>Seoster\u00e4stynnyri<\/li>\n<li>Kiertonopeus: 1:14<\/li>\n<li>Urat: 6<\/li>\n<\/ul>","protected":false},"excerpt":{"rendered":"<p>DETAILS NOT FOR SALE IN IL, HI or MN. For making tin cans dance in the back yard, pinging steel, or controlling pests and varmints around the farm, nothing beats the low-cost, high-adrenaline thrill of a single-action rimfire revolver. This Heritage\u2122 Rough Rider\u00ae handgun is chambered in .22 LR. SOA with fixed front sight, notch [&hellip;]<\/p>","protected":false},"featured_media":3390,"template":"","meta":{"_acf_changed":false,"_joinchat":[]},"product_brand":[],"product_cat":[130],"product_tag":[],"class_list":{"0":"post-3378","1":"product","2":"type-product","3":"status-publish","4":"has-post-thumbnail","6":"product_cat-handguns","8":"first","9":"instock","10":"sale","11":"shipping-taxable","12":"purchasable","13":"product-type-simple"},"acf":[],"yoast_head":"<!-- This site is optimized with the Yoast SEO plugin v26.3 - https:\/\/yoast.com\/wordpress\/plugins\/seo\/ -->\n<title>Heritage Rough Rider Small Bore .22 LR Single Action Revolver 6.5&quot; 6RD RR22B6 - Buy gun online USA<\/title>\n<meta name=\"robots\" content=\"index, follow, max-snippet:-1, max-image-preview:large, max-video-preview:-1\" \/>\n<link rel=\"canonical\" href=\"https:\/\/www.gunmeplug.com\/fi\/tuote\/heritage-rough-rider-small-bore-22-lr-single-action-revolver-6-5-6rd-rr22b6\/\" \/>\n<meta property=\"og:locale\" content=\"fi_FI\" \/>\n<meta property=\"og:type\" content=\"article\" \/>\n<meta property=\"og:title\" content=\"Heritage Rough Rider Small Bore .22 LR Single Action Revolver 6.5&quot; 6RD RR22B6 - Buy gun online USA\" \/>\n<meta property=\"og:description\" content=\"DETAILS NOT FOR SALE IN IL, HI or MN. For making tin cans dance in the back yard, pinging steel, or controlling pests and varmints around the farm, nothing beats the low-cost, high-adrenaline thrill of a single-action rimfire revolver. This Heritage\u2122 Rough Rider\u00ae handgun is chambered in .22 LR. SOA with fixed front sight, notch [&hellip;]\" \/>\n<meta property=\"og:url\" content=\"https:\/\/www.gunmeplug.com\/fi\/tuote\/heritage-rough-rider-small-bore-22-lr-single-action-revolver-6-5-6rd-rr22b6\/\" \/>\n<meta property=\"og:site_name\" content=\"Buy gun online USA\" \/>\n<meta property=\"article:modified_time\" content=\"2023-05-03T10:12:54+00:00\" \/>\n<meta property=\"og:image\" content=\"https:\/\/www.gunmeplug.com\/wp-content\/uploads\/2023\/05\/Heritage-Rough-Rider-Small-Bore.jpg\" \/>\n\t<meta property=\"og:image:width\" content=\"600\" \/>\n\t<meta property=\"og:image:height\" content=\"600\" \/>\n\t<meta property=\"og:image:type\" content=\"image\/jpeg\" \/>\n<meta name=\"twitter:card\" content=\"summary_large_image\" \/>\n<script type=\"application\/ld+json\" class=\"yoast-schema-graph\">{\"@context\":\"https:\/\/schema.org\",\"@graph\":[{\"@type\":\"WebPage\",\"@id\":\"https:\/\/www.gunmeplug.com\/ro\/produs\/heritage-rough-rider-small-bore-22-lr-single-action-revolver-6-5-6rd-rr22b6-2\/\",\"url\":\"https:\/\/www.gunmeplug.com\/ro\/produs\/heritage-rough-rider-small-bore-22-lr-single-action-revolver-6-5-6rd-rr22b6-2\/\",\"name\":\"Heritage Rough Rider Small Bore .22 LR Single Action Revolver 6.5\\\" 6RD RR22B6 - Buy gun online USA\",\"isPartOf\":{\"@id\":\"https:\/\/www.gunmeplug.com\/#website\"},\"primaryImageOfPage\":{\"@id\":\"https:\/\/www.gunmeplug.com\/ro\/produs\/heritage-rough-rider-small-bore-22-lr-single-action-revolver-6-5-6rd-rr22b6-2\/#primaryimage\"},\"image\":{\"@id\":\"https:\/\/www.gunmeplug.com\/ro\/produs\/heritage-rough-rider-small-bore-22-lr-single-action-revolver-6-5-6rd-rr22b6-2\/#primaryimage\"},\"thumbnailUrl\":\"https:\/\/www.gunmeplug.com\/wp-content\/uploads\/2023\/05\/Heritage-Rough-Rider-Small-Bore.jpg\",\"datePublished\":\"2023-05-03T09:18:46+00:00\",\"dateModified\":\"2023-05-03T10:12:54+00:00\",\"breadcrumb\":{\"@id\":\"https:\/\/www.gunmeplug.com\/ro\/produs\/heritage-rough-rider-small-bore-22-lr-single-action-revolver-6-5-6rd-rr22b6-2\/#breadcrumb\"},\"inLanguage\":\"fi\",\"potentialAction\":[{\"@type\":\"ReadAction\",\"target\":[\"https:\/\/www.gunmeplug.com\/ro\/produs\/heritage-rough-rider-small-bore-22-lr-single-action-revolver-6-5-6rd-rr22b6-2\/\"]}]},{\"@type\":\"ImageObject\",\"inLanguage\":\"fi\",\"@id\":\"https:\/\/www.gunmeplug.com\/ro\/produs\/heritage-rough-rider-small-bore-22-lr-single-action-revolver-6-5-6rd-rr22b6-2\/#primaryimage\",\"url\":\"https:\/\/www.gunmeplug.com\/wp-content\/uploads\/2023\/05\/Heritage-Rough-Rider-Small-Bore.jpg\",\"contentUrl\":\"https:\/\/www.gunmeplug.com\/wp-content\/uploads\/2023\/05\/Heritage-Rough-Rider-Small-Bore.jpg\",\"width\":600,\"height\":600,\"caption\":\"Heritage-Rough-Rider-Small-Bore\"},{\"@type\":\"BreadcrumbList\",\"@id\":\"https:\/\/www.gunmeplug.com\/ro\/produs\/heritage-rough-rider-small-bore-22-lr-single-action-revolver-6-5-6rd-rr22b6-2\/#breadcrumb\",\"itemListElement\":[{\"@type\":\"ListItem\",\"position\":1,\"name\":\"Home\",\"item\":\"https:\/\/www.gunmeplug.com\/es\/\"},{\"@type\":\"ListItem\",\"position\":2,\"name\":\"Shop\",\"item\":\"https:\/\/www.gunmeplug.com\/es\/shop\/\"},{\"@type\":\"ListItem\",\"position\":3,\"name\":\"Heritage Rough Rider Small Bore .22 LR Single Action Revolver 6.5&#8243; 6RD RR22B6\"}]},{\"@type\":\"WebSite\",\"@id\":\"https:\/\/www.gunmeplug.com\/#website\",\"url\":\"https:\/\/www.gunmeplug.com\/\",\"name\":\"Buy gun online USA\",\"description\":\"FireArms for sale online \",\"potentialAction\":[{\"@type\":\"SearchAction\",\"target\":{\"@type\":\"EntryPoint\",\"urlTemplate\":\"https:\/\/www.gunmeplug.com\/?s={search_term_string}\"},\"query-input\":{\"@type\":\"PropertyValueSpecification\",\"valueRequired\":true,\"valueName\":\"search_term_string\"}}],\"inLanguage\":\"fi\"}]}<\/script>\n<!-- \/ Yoast SEO plugin. -->","yoast_head_json":{"title":"Heritage Rough Rider Small Bore .22 LR Single Action Revolver 6.5\" 6RD RR22B6 - Osta ase netiss\u00e4 USA:ssa","robots":{"index":"index","follow":"follow","max-snippet":"max-snippet:-1","max-image-preview":"max-image-preview:large","max-video-preview":"max-video-preview:-1"},"canonical":"https:\/\/www.gunmeplug.com\/fi\/tuote\/heritage-rough-rider-small-bore-22-lr-single-action-revolver-6-5-6rd-rr22b6\/","og_locale":"fi_FI","og_type":"article","og_title":"Heritage Rough Rider Small Bore .22 LR Single Action Revolver 6.5\" 6RD RR22B6 - Buy gun online USA","og_description":"DETAILS NOT FOR SALE IN IL, HI or MN. For making tin cans dance in the back yard, pinging steel, or controlling pests and varmints around the farm, nothing beats the low-cost, high-adrenaline thrill of a single-action rimfire revolver. This Heritage\u2122 Rough Rider\u00ae handgun is chambered in .22 LR. SOA with fixed front sight, notch [&hellip;]","og_url":"https:\/\/www.gunmeplug.com\/fi\/tuote\/heritage-rough-rider-small-bore-22-lr-single-action-revolver-6-5-6rd-rr22b6\/","og_site_name":"Buy gun online USA","article_modified_time":"2023-05-03T10:12:54+00:00","og_image":[{"width":600,"height":600,"url":"https:\/\/www.gunmeplug.com\/wp-content\/uploads\/2023\/05\/Heritage-Rough-Rider-Small-Bore.jpg","type":"image\/jpeg"}],"twitter_card":"summary_large_image","schema":{"@context":"https:\/\/schema.org","@graph":[{"@type":"WebPage","@id":"https:\/\/www.gunmeplug.com\/ro\/produs\/heritage-rough-rider-small-bore-22-lr-single-action-revolver-6-5-6rd-rr22b6-2\/","url":"https:\/\/www.gunmeplug.com\/ro\/produs\/heritage-rough-rider-small-bore-22-lr-single-action-revolver-6-5-6rd-rr22b6-2\/","name":"Heritage Rough Rider Small Bore .22 LR Single Action Revolver 6.5\" 6RD RR22B6 - Osta ase netiss\u00e4 USA:ssa","isPartOf":{"@id":"https:\/\/www.gunmeplug.com\/#website"},"primaryImageOfPage":{"@id":"https:\/\/www.gunmeplug.com\/ro\/produs\/heritage-rough-rider-small-bore-22-lr-single-action-revolver-6-5-6rd-rr22b6-2\/#primaryimage"},"image":{"@id":"https:\/\/www.gunmeplug.com\/ro\/produs\/heritage-rough-rider-small-bore-22-lr-single-action-revolver-6-5-6rd-rr22b6-2\/#primaryimage"},"thumbnailUrl":"https:\/\/www.gunmeplug.com\/wp-content\/uploads\/2023\/05\/Heritage-Rough-Rider-Small-Bore.jpg","datePublished":"2023-05-03T09:18:46+00:00","dateModified":"2023-05-03T10:12:54+00:00","breadcrumb":{"@id":"https:\/\/www.gunmeplug.com\/ro\/produs\/heritage-rough-rider-small-bore-22-lr-single-action-revolver-6-5-6rd-rr22b6-2\/#breadcrumb"},"inLanguage":"fi","potentialAction":[{"@type":"ReadAction","target":["https:\/\/www.gunmeplug.com\/ro\/produs\/heritage-rough-rider-small-bore-22-lr-single-action-revolver-6-5-6rd-rr22b6-2\/"]}]},{"@type":"ImageObject","inLanguage":"fi","@id":"https:\/\/www.gunmeplug.com\/ro\/produs\/heritage-rough-rider-small-bore-22-lr-single-action-revolver-6-5-6rd-rr22b6-2\/#primaryimage","url":"https:\/\/www.gunmeplug.com\/wp-content\/uploads\/2023\/05\/Heritage-Rough-Rider-Small-Bore.jpg","contentUrl":"https:\/\/www.gunmeplug.com\/wp-content\/uploads\/2023\/05\/Heritage-Rough-Rider-Small-Bore.jpg","width":600,"height":600,"caption":"Heritage-Rough-Rider-Small-Bore"},{"@type":"BreadcrumbList","@id":"https:\/\/www.gunmeplug.com\/ro\/produs\/heritage-rough-rider-small-bore-22-lr-single-action-revolver-6-5-6rd-rr22b6-2\/#breadcrumb","itemListElement":[{"@type":"ListItem","position":1,"name":"Home","item":"https:\/\/www.gunmeplug.com\/es\/"},{"@type":"ListItem","position":2,"name":"Shop","item":"https:\/\/www.gunmeplug.com\/es\/shop\/"},{"@type":"ListItem","position":3,"name":"Heritage Rough Rider Small Bore .22 LR Single Action Revolver 6.5&#8243; 6RD RR22B6"}]},{"@type":"WebSite","@id":"https:\/\/www.gunmeplug.com\/#website","url":"https:\/\/www.gunmeplug.com\/","name":"Osta ase verkossa USA","description":"FireArms myyt\u00e4v\u00e4n\u00e4 verkossa","potentialAction":[{"@type":"SearchAction","target":{"@type":"EntryPoint","urlTemplate":"https:\/\/www.gunmeplug.com\/?s={search_term_string}"},"query-input":{"@type":"PropertyValueSpecification","valueRequired":true,"valueName":"search_term_string"}}],"inLanguage":"fi"}]}},"_links":{"self":[{"href":"https:\/\/www.gunmeplug.com\/fi\/wp-json\/wp\/v2\/product\/3378","targetHints":{"allow":["GET"]}}],"collection":[{"href":"https:\/\/www.gunmeplug.com\/fi\/wp-json\/wp\/v2\/product"}],"about":[{"href":"https:\/\/www.gunmeplug.com\/fi\/wp-json\/wp\/v2\/types\/product"}],"wp:featuredmedia":[{"embeddable":true,"href":"https:\/\/www.gunmeplug.com\/fi\/wp-json\/wp\/v2\/media\/3390"}],"wp:attachment":[{"href":"https:\/\/www.gunmeplug.com\/fi\/wp-json\/wp\/v2\/media?parent=3378"}],"wp:term":[{"taxonomy":"product_brand","embeddable":true,"href":"https:\/\/www.gunmeplug.com\/fi\/wp-json\/wp\/v2\/product_brand?post=3378"},{"taxonomy":"product_cat","embeddable":true,"href":"https:\/\/www.gunmeplug.com\/fi\/wp-json\/wp\/v2\/product_cat?post=3378"},{"taxonomy":"product_tag","embeddable":true,"href":"https:\/\/www.gunmeplug.com\/fi\/wp-json\/wp\/v2\/product_tag?post=3378"}],"curies":[{"name":"wp","href":"https:\/\/api.w.org\/{rel}","templated":true}]}}