{"id":3130,"date":"2021-04-06T09:22:51","date_gmt":"2021-04-06T09:22:51","guid":{"rendered":"https:\/\/www.gunmeplug.com\/?post_type=product&#038;p=3130"},"modified":"2025-08-23T03:24:27","modified_gmt":"2025-08-23T03:24:27","slug":"ar-15-kivaarit-myytavana-2","status":"publish","type":"product","link":"https:\/\/www.gunmeplug.com\/fi\/tuote\/ar-15-kivaarit-myytavana-2\/","title":{"rendered":"Smith &#038; Wesson M&#038;P15 Sport II M-LOK .223\/5.56 AR-15 Rifle 10305 30+1 16&#8243;"},"content":{"rendered":"<p><strong>AR15-KIV\u00c4\u00c4RIT<\/strong><br \/>\nAR-15-kiv\u00e4\u00e4rit-myynniss\u00e4, AR-15-kiv\u00e4\u00e4ri on kevyt puoliautomaattikiv\u00e4\u00e4ri, joka perustuu Colt AR-15 tai M16 Military design. Vuonna 1956 ArmaLite suunnitteli kevyen rynn\u00e4kk\u00f6kiv\u00e4\u00e4rin sotilask\u00e4ytt\u00f6\u00f6n ja nimesi sen ArmaLite Rifle-15:ksi eli AR-15:ksi. Syntyiv\u00e4t markkinat, joilla monet valmistajat valmistivat omia versioita aseesta. <a href=\"https:\/\/www.gunmeplug.com\/fi\/\">AR-15<\/a> design for commercial sale. They are referred to as modern sporting rifle by the National Shooting Sports Foundation. AR-15 style rifles and AR-15 Pistols have become one of the most beloved and most vilified firearms in the United States. The rifle has been promoted as &#8220;America&#8217;s rifle&#8221; by the National Rifle Association. Atlantic Firearms offers a wide variety of AR15 Rifles for sale. You may also want to check out the AR15 Pistols with Arm Brace.<\/p>\n<p>Smith &amp; Wesson M&amp;P15 Sport II:ssa on nyt Magpul MOE M-LOK -kalusteet, jotka v\u00e4hent\u00e4v\u00e4t painoa ja parantavat ampumakokemusta. M&amp;P15-kiv\u00e4\u00e4rit ovat ihanteellinen moderni urheilukiv\u00e4\u00e4ri. M&amp;P15-kiv\u00e4\u00e4rit on rakennettu moniin k\u00e4ytt\u00f6tarkoituksiin eri olosuhteissa, ja ne ovat yht\u00e4 monipuolisia kuin luotettavia. M&amp;P15-kiv\u00e4\u00e4rit on suunniteltu monenlaisiin vapaa-ajan, AR-15-kiv\u00e4\u00e4rit myyntiin, urheiluammuntaan ja ammattik\u00e4ytt\u00f6\u00f6n, ja niit\u00e4 on helppo varustaa, mutta vaikea laskea alas. M&amp;P15-kiv\u00e4\u00e4rit ovat kevyit\u00e4 ja kest\u00e4vi\u00e4, ja ne ovat paras yhdistelm\u00e4 toimivuutta ja muotoa.<\/p>\n<p>AR-15-kiv\u00e4\u00e4rit-myynniss\u00e4<\/p>\n<p>AR-15 80% ALEMPI TAOTTU RUNKO<\/p>\n<p>AR15 KIV\u00c4\u00c4RI ANDERSON MANUFACTURING -B2-K850-AA00 -712038922260 -712038922260<\/p>\n<p>T\u00c4YDELLINEN AR15 KIV\u00c4\u00c4RIN ALEMPI 6-ASENTOINEN VARSI-ATI OMNI<\/p>\n<p>AR-15 PISTOOLI -ATI GOMX556P4 OMNI HYBRID MAXX<\/p>\n<p>ATI OMNI HYBRID MAXX RIA P3P KIV\u00c4\u00c4RI- GOMX556MP3P<\/p>\n<p>BEAR CREEK AR15 KIV\u00c4\u00c4RI .223 WYLDE- CR223WCM41618P-15M3CC<\/p>\n<p>BARRETT REC7 DI FIGHTER KARBIINI 5.56- BAR18967- BAR18967<\/p>\n<ul class=\"b_vList b_divsec\">\n<li data-priority=\"\"><strong>custom ar<\/strong>\u00a0kiv\u00e4\u00e4rit myyt\u00e4v\u00e4n\u00e4<\/li>\n<li data-priority=\"\"><strong>rynn\u00e4kk\u00f6kiv\u00e4\u00e4ri<\/strong>\u00a0myyt\u00e4v\u00e4n\u00e4\u00a0<strong>l\u00e4hell\u00e4ni<\/strong><\/li>\n<li data-priority=\"\">ar15\u00a0<strong>t\u00e4ydellinen<\/strong>\u00a0kiv\u00e4\u00e4rit myyt\u00e4v\u00e4n\u00e4<\/li>\n<li data-priority=\"\"><strong>colt ar15a4 kiv\u00e4\u00e4ri<\/strong>\u00a0myyt\u00e4v\u00e4n\u00e4<\/li>\n<li data-priority=\"\"><strong>ar<\/strong>\u00a0kiv\u00e4\u00e4rit myyt\u00e4v\u00e4n\u00e4\u00a0<strong>halpa<\/strong><\/li>\n<li data-priority=\"\"><strong>bushmaster ar 15<\/strong>\u00a0myyt\u00e4v\u00e4n\u00e4<\/li>\n<li data-priority=\"\"><strong>cabelas bushmaster ar 15<\/strong>\u00a0myynti<\/li>\n<li data-priority=\"\">ar15&#8242;<strong>s<\/strong>\u00a0myyt\u00e4v\u00e4n\u00e4\u00a0<strong>alle 600 varastossa<\/strong><\/li>\n<\/ul>","protected":false},"excerpt":{"rendered":"<p>AR15 RIFLES AR-15-Rifles-for-Sale, AR-15-kiv\u00e4\u00e4ri on kevyt puoliautomaattikiv\u00e4\u00e4ri, joka perustuu Colt AR-15 tai M16 Military design. Vuonna 1956 ArmaLite suunnitteli kevyen rynn\u00e4kk\u00f6kiv\u00e4\u00e4rin sotilask\u00e4ytt\u00f6\u00f6n ja nimesi sen ArmaLite Rifle-15:ksi eli AR-15:ksi. Syntyiv\u00e4t markkinat, joilla monet valmistajat valmistivat omia versioita AR-15-mallista kaupalliseen k\u00e4ytt\u00f6\u00f6n [...].<\/p>","protected":false},"featured_media":3131,"template":"","meta":{"_acf_changed":false,"_joinchat":[]},"product_brand":[],"product_cat":[166],"product_tag":[],"class_list":{"0":"post-3130","1":"product","2":"type-product","3":"status-publish","4":"has-post-thumbnail","6":"product_cat-rifles","8":"first","9":"instock","10":"featured","11":"shipping-taxable","12":"purchasable","13":"product-type-simple"},"acf":[],"yoast_head":"<!-- This site is optimized with the Yoast SEO plugin v26.3 - https:\/\/yoast.com\/wordpress\/plugins\/seo\/ -->\n<title>AR-15-Rifles-for-Sale, Shop AR-15 Rifles online, ar15 complete rifles<\/title>\n<meta name=\"description\" content=\"AR-15-Rifles-for-Sale, AR-15 style rifles and AR-15 Pistols have become one of the most beloved and most vilified firearms in the USA\" \/>\n<meta name=\"robots\" content=\"index, follow, max-snippet:-1, max-image-preview:large, max-video-preview:-1\" \/>\n<link rel=\"canonical\" href=\"https:\/\/www.gunmeplug.com\/fi\/tuote\/ar-15-kivaarit-myytavana-2\/\" \/>\n<meta property=\"og:locale\" content=\"fi_FI\" \/>\n<meta property=\"og:type\" content=\"article\" \/>\n<meta property=\"og:title\" content=\"AR-15-Rifles-for-Sale, Shop AR-15 Rifles online, ar15 complete rifles\" \/>\n<meta property=\"og:description\" content=\"AR-15-Rifles-for-Sale, AR-15 style rifles and AR-15 Pistols have become one of the most beloved and most vilified firearms in the USA\" \/>\n<meta property=\"og:url\" content=\"https:\/\/www.gunmeplug.com\/fi\/tuote\/ar-15-kivaarit-myytavana-2\/\" \/>\n<meta property=\"og:site_name\" content=\"Buy gun online USA\" \/>\n<meta property=\"article:modified_time\" content=\"2025-08-23T03:24:27+00:00\" \/>\n<meta property=\"og:image\" content=\"https:\/\/www.gunmeplug.com\/wp-content\/uploads\/2021\/04\/smith-wesson-m-p15-sport-ii-5-56-nato-223rem-16-rifle-30-1-10305.jpg\" \/>\n\t<meta property=\"og:image:width\" content=\"600\" \/>\n\t<meta property=\"og:image:height\" content=\"600\" \/>\n\t<meta property=\"og:image:type\" content=\"image\/jpeg\" \/>\n<meta name=\"twitter:card\" content=\"summary_large_image\" \/>\n<meta name=\"twitter:label1\" content=\"Arvioitu lukuaika\" \/>\n\t<meta name=\"twitter:data1\" content=\"2 minuuttia\" \/>\n<script type=\"application\/ld+json\" class=\"yoast-schema-graph\">{\"@context\":\"https:\/\/schema.org\",\"@graph\":[{\"@type\":\"WebPage\",\"@id\":\"https:\/\/www.gunmeplug.com\/it\/prodotto\/fucili-ar-15-in-vendita\/\",\"url\":\"https:\/\/www.gunmeplug.com\/it\/prodotto\/fucili-ar-15-in-vendita\/\",\"name\":\"AR-15-Rifles-for-Sale, Shop AR-15 Rifles online, ar15 complete rifles\",\"isPartOf\":{\"@id\":\"https:\/\/www.gunmeplug.com\/#website\"},\"primaryImageOfPage\":{\"@id\":\"https:\/\/www.gunmeplug.com\/it\/prodotto\/fucili-ar-15-in-vendita\/#primaryimage\"},\"image\":{\"@id\":\"https:\/\/www.gunmeplug.com\/it\/prodotto\/fucili-ar-15-in-vendita\/#primaryimage\"},\"thumbnailUrl\":\"https:\/\/www.gunmeplug.com\/wp-content\/uploads\/2021\/04\/smith-wesson-m-p15-sport-ii-5-56-nato-223rem-16-rifle-30-1-10305.jpg\",\"datePublished\":\"2021-04-06T09:22:51+00:00\",\"dateModified\":\"2025-08-23T03:24:27+00:00\",\"description\":\"AR-15-Rifles-for-Sale, AR-15 style rifles and AR-15 Pistols have become one of the most beloved and most vilified firearms in the USA\",\"breadcrumb\":{\"@id\":\"https:\/\/www.gunmeplug.com\/it\/prodotto\/fucili-ar-15-in-vendita\/#breadcrumb\"},\"inLanguage\":\"fi\",\"potentialAction\":[{\"@type\":\"ReadAction\",\"target\":[\"https:\/\/www.gunmeplug.com\/it\/prodotto\/fucili-ar-15-in-vendita\/\"]}]},{\"@type\":\"ImageObject\",\"inLanguage\":\"fi\",\"@id\":\"https:\/\/www.gunmeplug.com\/it\/prodotto\/fucili-ar-15-in-vendita\/#primaryimage\",\"url\":\"https:\/\/www.gunmeplug.com\/wp-content\/uploads\/2021\/04\/smith-wesson-m-p15-sport-ii-5-56-nato-223rem-16-rifle-30-1-10305.jpg\",\"contentUrl\":\"https:\/\/www.gunmeplug.com\/wp-content\/uploads\/2021\/04\/smith-wesson-m-p15-sport-ii-5-56-nato-223rem-16-rifle-30-1-10305.jpg\",\"width\":600,\"height\":600,\"caption\":\"AR-15-Rifles-for-Sale\"},{\"@type\":\"BreadcrumbList\",\"@id\":\"https:\/\/www.gunmeplug.com\/it\/prodotto\/fucili-ar-15-in-vendita\/#breadcrumb\",\"itemListElement\":[{\"@type\":\"ListItem\",\"position\":1,\"name\":\"Home\",\"item\":\"https:\/\/www.gunmeplug.com\/es\/\"},{\"@type\":\"ListItem\",\"position\":2,\"name\":\"Shop\",\"item\":\"https:\/\/www.gunmeplug.com\/es\/shop\/\"},{\"@type\":\"ListItem\",\"position\":3,\"name\":\"Smith &#038; Wesson M&#038;P15 Sport II M-LOK .223\/5.56 AR-15 Rifle 10305 30+1 16&#8243;\"}]},{\"@type\":\"WebSite\",\"@id\":\"https:\/\/www.gunmeplug.com\/#website\",\"url\":\"https:\/\/www.gunmeplug.com\/\",\"name\":\"Buy gun online USA\",\"description\":\"FireArms for sale online \",\"potentialAction\":[{\"@type\":\"SearchAction\",\"target\":{\"@type\":\"EntryPoint\",\"urlTemplate\":\"https:\/\/www.gunmeplug.com\/?s={search_term_string}\"},\"query-input\":{\"@type\":\"PropertyValueSpecification\",\"valueRequired\":true,\"valueName\":\"search_term_string\"}}],\"inLanguage\":\"fi\"}]}<\/script>\n<!-- \/ Yoast SEO plugin. -->","yoast_head_json":{"title":"AR-15-kiv\u00e4\u00e4rit-myyntiin, Shop AR-15 kiv\u00e4\u00e4rit verkossa, ar15 t\u00e4ydellinen kiv\u00e4\u00e4rit","description":"AR-15-kiv\u00e4\u00e4rit myyt\u00e4v\u00e4n\u00e4, AR-15-tyyliset kiv\u00e4\u00e4rit ja AR-15-pistoolit ovat tulleet yhdeksi rakastetuimmista ja halveksituimmista ampuma-aseista Yhdysvalloissa.","robots":{"index":"index","follow":"follow","max-snippet":"max-snippet:-1","max-image-preview":"max-image-preview:large","max-video-preview":"max-video-preview:-1"},"canonical":"https:\/\/www.gunmeplug.com\/fi\/tuote\/ar-15-kivaarit-myytavana-2\/","og_locale":"fi_FI","og_type":"article","og_title":"AR-15-Rifles-for-Sale, Shop AR-15 Rifles online, ar15 complete rifles","og_description":"AR-15-Rifles-for-Sale, AR-15 style rifles and AR-15 Pistols have become one of the most beloved and most vilified firearms in the USA","og_url":"https:\/\/www.gunmeplug.com\/fi\/tuote\/ar-15-kivaarit-myytavana-2\/","og_site_name":"Buy gun online USA","article_modified_time":"2025-08-23T03:24:27+00:00","og_image":[{"width":600,"height":600,"url":"https:\/\/www.gunmeplug.com\/wp-content\/uploads\/2021\/04\/smith-wesson-m-p15-sport-ii-5-56-nato-223rem-16-rifle-30-1-10305.jpg","type":"image\/jpeg"}],"twitter_card":"summary_large_image","twitter_misc":{"Arvioitu lukuaika":"2 minuuttia"},"schema":{"@context":"https:\/\/schema.org","@graph":[{"@type":"WebPage","@id":"https:\/\/www.gunmeplug.com\/it\/prodotto\/fucili-ar-15-in-vendita\/","url":"https:\/\/www.gunmeplug.com\/it\/prodotto\/fucili-ar-15-in-vendita\/","name":"AR-15-kiv\u00e4\u00e4rit-myyntiin, Shop AR-15 kiv\u00e4\u00e4rit verkossa, ar15 t\u00e4ydellinen kiv\u00e4\u00e4rit","isPartOf":{"@id":"https:\/\/www.gunmeplug.com\/#website"},"primaryImageOfPage":{"@id":"https:\/\/www.gunmeplug.com\/it\/prodotto\/fucili-ar-15-in-vendita\/#primaryimage"},"image":{"@id":"https:\/\/www.gunmeplug.com\/it\/prodotto\/fucili-ar-15-in-vendita\/#primaryimage"},"thumbnailUrl":"https:\/\/www.gunmeplug.com\/wp-content\/uploads\/2021\/04\/smith-wesson-m-p15-sport-ii-5-56-nato-223rem-16-rifle-30-1-10305.jpg","datePublished":"2021-04-06T09:22:51+00:00","dateModified":"2025-08-23T03:24:27+00:00","description":"AR-15-kiv\u00e4\u00e4rit myyt\u00e4v\u00e4n\u00e4, AR-15-tyyliset kiv\u00e4\u00e4rit ja AR-15-pistoolit ovat tulleet yhdeksi rakastetuimmista ja halveksituimmista ampuma-aseista Yhdysvalloissa.","breadcrumb":{"@id":"https:\/\/www.gunmeplug.com\/it\/prodotto\/fucili-ar-15-in-vendita\/#breadcrumb"},"inLanguage":"fi","potentialAction":[{"@type":"ReadAction","target":["https:\/\/www.gunmeplug.com\/it\/prodotto\/fucili-ar-15-in-vendita\/"]}]},{"@type":"ImageObject","inLanguage":"fi","@id":"https:\/\/www.gunmeplug.com\/it\/prodotto\/fucili-ar-15-in-vendita\/#primaryimage","url":"https:\/\/www.gunmeplug.com\/wp-content\/uploads\/2021\/04\/smith-wesson-m-p15-sport-ii-5-56-nato-223rem-16-rifle-30-1-10305.jpg","contentUrl":"https:\/\/www.gunmeplug.com\/wp-content\/uploads\/2021\/04\/smith-wesson-m-p15-sport-ii-5-56-nato-223rem-16-rifle-30-1-10305.jpg","width":600,"height":600,"caption":"AR-15-Rifles-for-Sale"},{"@type":"BreadcrumbList","@id":"https:\/\/www.gunmeplug.com\/it\/prodotto\/fucili-ar-15-in-vendita\/#breadcrumb","itemListElement":[{"@type":"ListItem","position":1,"name":"Home","item":"https:\/\/www.gunmeplug.com\/es\/"},{"@type":"ListItem","position":2,"name":"Shop","item":"https:\/\/www.gunmeplug.com\/es\/shop\/"},{"@type":"ListItem","position":3,"name":"Smith &#038; Wesson M&#038;P15 Sport II M-LOK .223\/5.56 AR-15 Rifle 10305 30+1 16&#8243;"}]},{"@type":"WebSite","@id":"https:\/\/www.gunmeplug.com\/#website","url":"https:\/\/www.gunmeplug.com\/","name":"Osta ase verkossa USA","description":"FireArms myyt\u00e4v\u00e4n\u00e4 verkossa","potentialAction":[{"@type":"SearchAction","target":{"@type":"EntryPoint","urlTemplate":"https:\/\/www.gunmeplug.com\/?s={search_term_string}"},"query-input":{"@type":"PropertyValueSpecification","valueRequired":true,"valueName":"search_term_string"}}],"inLanguage":"fi"}]}},"_links":{"self":[{"href":"https:\/\/www.gunmeplug.com\/fi\/wp-json\/wp\/v2\/product\/3130","targetHints":{"allow":["GET"]}}],"collection":[{"href":"https:\/\/www.gunmeplug.com\/fi\/wp-json\/wp\/v2\/product"}],"about":[{"href":"https:\/\/www.gunmeplug.com\/fi\/wp-json\/wp\/v2\/types\/product"}],"wp:featuredmedia":[{"embeddable":true,"href":"https:\/\/www.gunmeplug.com\/fi\/wp-json\/wp\/v2\/media\/3131"}],"wp:attachment":[{"href":"https:\/\/www.gunmeplug.com\/fi\/wp-json\/wp\/v2\/media?parent=3130"}],"wp:term":[{"taxonomy":"product_brand","embeddable":true,"href":"https:\/\/www.gunmeplug.com\/fi\/wp-json\/wp\/v2\/product_brand?post=3130"},{"taxonomy":"product_cat","embeddable":true,"href":"https:\/\/www.gunmeplug.com\/fi\/wp-json\/wp\/v2\/product_cat?post=3130"},{"taxonomy":"product_tag","embeddable":true,"href":"https:\/\/www.gunmeplug.com\/fi\/wp-json\/wp\/v2\/product_tag?post=3130"}],"curies":[{"name":"wp","href":"https:\/\/api.w.org\/{rel}","templated":true}]}}