{"id":3415,"date":"2023-05-03T10:04:44","date_gmt":"2023-05-03T10:04:44","guid":{"rendered":"https:\/\/www.gunmeplug.com\/?page_id=3415"},"modified":"2023-05-03T10:04:44","modified_gmt":"2023-05-03T10:04:44","slug":"merenkulku-toimitus","status":"publish","type":"page","link":"https:\/\/www.gunmeplug.com\/fi\/merenkulku-toimitus\/","title":{"rendered":"Shipping &#038; Delivery"},"content":{"rendered":"<div class=\"vc_row wpb_row vc_row-fluid\"><div class=\"wpb_column vc_column_container vc_col-sm-12\"><div class=\"vc_column-inner\"><div class=\"wpb_wrapper\">\n\t<div class=\"wpb_text_column wpb_content_element\" >\n\t\t<div class=\"wpb_wrapper\">\n\t\t\t<p style=\"text-align: justify;\">Gunmeplug.com-sivustolla nopea ja luotettava toimitus ja toimitus ovat ratkaisevan t\u00e4rkeit\u00e4 asiakastyytyv\u00e4isyyden kannalta. Olemme sitoutuneet tarjoamaan kaikille asiakkaillemme saumattoman ja vaivattoman toimituskokemuksen. Olemme Gunmeplug.com-sivustolla ylpeit\u00e4 siit\u00e4, ett\u00e4 asiakkaamme saavat tilauksensa ajallaan ja hyv\u00e4ss\u00e4 kunnossa. Toimitusprosessimme on suunniteltu yksinkertaiseksi, luotettavaksi ja k\u00e4tev\u00e4ksi asiakkaillemme.<\/p>\n<p style=\"text-align: justify;\"><strong>Kuljetusvaihtoehdot:<\/strong>\u00a0Both standard and express shipping are available to our clients. Each option&#8217;s shipping cost and estimated delivery time will be displayed at checkout.<\/p>\n<p style=\"text-align: justify;\"><strong>K\u00e4sittelyaika:<\/strong>\u00a0Pyrimme k\u00e4sittelem\u00e4\u00e4n kaikki tilaukset mahdollisimman nopeasti. K\u00e4sittelyaikamme on tyypillisesti 1-2 arkip\u00e4iv\u00e4\u00e4, ja viikonloppuisin tai pyh\u00e4p\u00e4ivin\u00e4 tehdyt tilaukset k\u00e4sitell\u00e4\u00e4n seuraavana arkip\u00e4iv\u00e4n\u00e4.<\/p>\n<p style=\"text-align: justify;\"><strong>Toimitusaika:<\/strong>\u00a0Shipping time varies depending on the customer&#8217;s shipping option. Standard shipping usually takes 3-5 business days, while expedited shipping takes 1-3 business days. Please note that these timeframes are estimates and may be affected by factors beyond our control, such as weather conditions or delivery carrier delays.<\/p>\n<p style=\"text-align: justify;\"><strong>Toimitus:<\/strong>\u00a0Toimitus tapahtuu asiakkaan kassalla ilmoittamaan osoitteeseen. Asiakas vastaa siit\u00e4, ett\u00e4 toimitusosoite on oikea ja t\u00e4ydellinen. Jos paketti palautetaan meille virheellisen tai puutteellisen osoitteen vuoksi, asiakas vastaa mahdollisista ylim\u00e4\u00e4r\u00e4isist\u00e4 toimituskuluista.<\/p>\n<p style=\"text-align: justify;\"><strong>Informa\u021bii de urm\u0103rire:<\/strong>\u00a0Annamme asiakkaille seurantanumeron heti, kun tilaus on l\u00e4hetetty. T\u00e4m\u00e4n seurantanumeron avulla asiakkaat voivat seurata pakettinsa toimitustilannetta.<\/p>\n<p style=\"text-align: justify;\"><strong>Vioittuneet tai kadonneet paketit:<\/strong>\u00a0Jos paketti katoaa tai vahingoittuu kuljetuksen aikana, ota meihin v\u00e4litt\u00f6m\u00e4sti yhteytt\u00e4. Teemme yhteisty\u00f6t\u00e4 kuljetusliikkeen kanssa ratkaistaksemme ongelman ja varmistaaksemme, ett\u00e4 asiakas saa tilauksensa v\u00e4litt\u00f6m\u00e4sti.<\/p>\n<p style=\"text-align: justify;\"><strong>Kansainv\u00e4linen toimitus:<\/strong>\u00a0T\u00e4ll\u00e4 hetkell\u00e4 emme tarjoa kansainv\u00e4list\u00e4 toimitusta. Toimitamme vain Yhdysvalloissa sijaitseviin osoitteisiin.<\/p>\n<p style=\"text-align: justify;\"><strong>Pakkaus:<\/strong>\u00a0Ymm\u00e4rr\u00e4mme tuotteidemme suojaamisen t\u00e4rkeyden kuljetuksen aikana. Siksi k\u00e4yt\u00e4mme tukevia ja kest\u00e4vi\u00e4 pakkausmateriaaleja varmistaaksemme, ett\u00e4 tuotteemme toimitetaan asiakkaillemme hyv\u00e4ss\u00e4 kunnossa.<\/p>\n<p style=\"text-align: justify;\"><strong>L\u00e4hetysvahvistus:<\/strong>\u00a0Once an order has been shipped, we will send a shipping confirmation email to the customer&#8217;s registered email address. The email will contain a tracking number and a link to the carrier&#8217;s website, allowing customers to track their package&#8217;s progress.<\/p>\n<p style=\"text-align: justify;\"><strong>Allekirjoitus vaaditaan:<\/strong>\u00a0Jotkut tilaukset saattavat vaatia allekirjoituksen toimituksen yhteydess\u00e4. T\u00e4m\u00e4 koskee tyypillisesti arvokkaita tuotteita tai t\u00e4t\u00e4 palvelua pyyt\u00e4ville asiakkaille. Jos allekirjoitus vaaditaan, rahdinkuljettaja yritt\u00e4\u00e4 toimittaa paketin kolme kertaa ennen kuin palauttaa sen meille.<\/p>\n<p style=\"text-align: justify;\">Gunmeplug.com is committed to providing our customers with prompt and reliable shipping and delivery. We strive to process all orders quickly and efficiently and offer multiple shipping options to meet our customers&#8217; needs. If you have any questions or concerns regarding shipping and delivery, please do not hesitate to contact our customer service team.<\/p>\n\n\t\t<\/div>\n\t<\/div>\n<\/div><\/div><\/div><\/div>","protected":false},"excerpt":{"rendered":"At Gunmeplug.com, prompt and reliable shipping and delivery are crucial to customer satisfaction. We are committed to providing all our customers with a seamless and hassle-free shipping experience. At Gunmeplug.com, we take great pride in ensuring that our customers receive their orders on time and in good condition. Our shipping and delivery process is designed [...]","protected":false},"author":1,"featured_media":0,"parent":0,"menu_order":0,"comment_status":"closed","ping_status":"closed","template":"","meta":{"_acf_changed":false,"_joinchat":[],"footnotes":""},"class_list":["post-3415","page","type-page","status-publish","hentry"],"acf":[],"yoast_head":"<!-- This site is optimized with the Yoast SEO plugin v26.3 - https:\/\/yoast.com\/wordpress\/plugins\/seo\/ -->\n<title>Shipping &amp; Delivery - Buy gun online USA<\/title>\n<meta name=\"robots\" content=\"index, follow, max-snippet:-1, max-image-preview:large, max-video-preview:-1\" \/>\n<link rel=\"canonical\" href=\"https:\/\/www.gunmeplug.com\/fi\/merenkulku-toimitus\/\" \/>\n<meta property=\"og:locale\" content=\"fi_FI\" \/>\n<meta property=\"og:type\" content=\"article\" \/>\n<meta property=\"og:title\" content=\"Shipping &amp; Delivery - Buy gun online USA\" \/>\n<meta property=\"og:url\" content=\"https:\/\/www.gunmeplug.com\/fi\/merenkulku-toimitus\/\" \/>\n<meta property=\"og:site_name\" content=\"Buy gun online USA\" \/>\n<meta name=\"twitter:card\" content=\"summary_large_image\" \/>\n<meta name=\"twitter:label1\" content=\"Arvioitu lukuaika\" \/>\n\t<meta name=\"twitter:data1\" content=\"3 minuuttia\" \/>\n<script type=\"application\/ld+json\" class=\"yoast-schema-graph\">{\"@context\":\"https:\/\/schema.org\",\"@graph\":[{\"@type\":\"WebPage\",\"@id\":\"https:\/\/www.gunmeplug.com\/es\/envio-entrega\/\",\"url\":\"https:\/\/www.gunmeplug.com\/es\/envio-entrega\/\",\"name\":\"Shipping & Delivery - Buy gun online USA\",\"isPartOf\":{\"@id\":\"https:\/\/www.gunmeplug.com\/#website\"},\"datePublished\":\"2023-05-03T10:04:44+00:00\",\"breadcrumb\":{\"@id\":\"https:\/\/www.gunmeplug.com\/es\/envio-entrega\/#breadcrumb\"},\"inLanguage\":\"fi\",\"potentialAction\":[{\"@type\":\"ReadAction\",\"target\":[\"https:\/\/www.gunmeplug.com\/es\/envio-entrega\/\"]}]},{\"@type\":\"BreadcrumbList\",\"@id\":\"https:\/\/www.gunmeplug.com\/es\/envio-entrega\/#breadcrumb\",\"itemListElement\":[{\"@type\":\"ListItem\",\"position\":1,\"name\":\"Home\",\"item\":\"https:\/\/www.gunmeplug.com\/es\/\"},{\"@type\":\"ListItem\",\"position\":2,\"name\":\"Shipping &#038; Delivery\"}]},{\"@type\":\"WebSite\",\"@id\":\"https:\/\/www.gunmeplug.com\/#website\",\"url\":\"https:\/\/www.gunmeplug.com\/\",\"name\":\"Buy gun online USA\",\"description\":\"FireArms for sale online \",\"potentialAction\":[{\"@type\":\"SearchAction\",\"target\":{\"@type\":\"EntryPoint\",\"urlTemplate\":\"https:\/\/www.gunmeplug.com\/?s={search_term_string}\"},\"query-input\":{\"@type\":\"PropertyValueSpecification\",\"valueRequired\":true,\"valueName\":\"search_term_string\"}}],\"inLanguage\":\"fi\"}]}<\/script>\n<!-- \/ Yoast SEO plugin. -->","yoast_head_json":{"title":"Toimitus ja toimitus - Osta ase verkossa USA","robots":{"index":"index","follow":"follow","max-snippet":"max-snippet:-1","max-image-preview":"max-image-preview:large","max-video-preview":"max-video-preview:-1"},"canonical":"https:\/\/www.gunmeplug.com\/fi\/merenkulku-toimitus\/","og_locale":"fi_FI","og_type":"article","og_title":"Shipping & Delivery - Buy gun online USA","og_url":"https:\/\/www.gunmeplug.com\/fi\/merenkulku-toimitus\/","og_site_name":"Buy gun online USA","twitter_card":"summary_large_image","twitter_misc":{"Arvioitu lukuaika":"3 minuuttia"},"schema":{"@context":"https:\/\/schema.org","@graph":[{"@type":"WebPage","@id":"https:\/\/www.gunmeplug.com\/es\/envio-entrega\/","url":"https:\/\/www.gunmeplug.com\/es\/envio-entrega\/","name":"Toimitus ja toimitus - Osta ase verkossa USA","isPartOf":{"@id":"https:\/\/www.gunmeplug.com\/#website"},"datePublished":"2023-05-03T10:04:44+00:00","breadcrumb":{"@id":"https:\/\/www.gunmeplug.com\/es\/envio-entrega\/#breadcrumb"},"inLanguage":"fi","potentialAction":[{"@type":"ReadAction","target":["https:\/\/www.gunmeplug.com\/es\/envio-entrega\/"]}]},{"@type":"BreadcrumbList","@id":"https:\/\/www.gunmeplug.com\/es\/envio-entrega\/#breadcrumb","itemListElement":[{"@type":"ListItem","position":1,"name":"Home","item":"https:\/\/www.gunmeplug.com\/es\/"},{"@type":"ListItem","position":2,"name":"Shipping &#038; Delivery"}]},{"@type":"WebSite","@id":"https:\/\/www.gunmeplug.com\/#website","url":"https:\/\/www.gunmeplug.com\/","name":"Osta ase verkossa USA","description":"FireArms myyt\u00e4v\u00e4n\u00e4 verkossa","potentialAction":[{"@type":"SearchAction","target":{"@type":"EntryPoint","urlTemplate":"https:\/\/www.gunmeplug.com\/?s={search_term_string}"},"query-input":{"@type":"PropertyValueSpecification","valueRequired":true,"valueName":"search_term_string"}}],"inLanguage":"fi"}]}},"_links":{"self":[{"href":"https:\/\/www.gunmeplug.com\/fi\/wp-json\/wp\/v2\/pages\/3415","targetHints":{"allow":["GET"]}}],"collection":[{"href":"https:\/\/www.gunmeplug.com\/fi\/wp-json\/wp\/v2\/pages"}],"about":[{"href":"https:\/\/www.gunmeplug.com\/fi\/wp-json\/wp\/v2\/types\/page"}],"author":[{"embeddable":true,"href":"https:\/\/www.gunmeplug.com\/fi\/wp-json\/wp\/v2\/users\/1"}],"replies":[{"embeddable":true,"href":"https:\/\/www.gunmeplug.com\/fi\/wp-json\/wp\/v2\/comments?post=3415"}],"version-history":[{"count":1,"href":"https:\/\/www.gunmeplug.com\/fi\/wp-json\/wp\/v2\/pages\/3415\/revisions"}],"predecessor-version":[{"id":3416,"href":"https:\/\/www.gunmeplug.com\/fi\/wp-json\/wp\/v2\/pages\/3415\/revisions\/3416"}],"wp:attachment":[{"href":"https:\/\/www.gunmeplug.com\/fi\/wp-json\/wp\/v2\/media?parent=3415"}],"curies":[{"name":"wp","href":"https:\/\/api.w.org\/{rel}","templated":true}]}}