{"id":3246,"date":"2022-03-09T11:00:08","date_gmt":"2022-03-09T11:00:08","guid":{"rendered":"https:\/\/www.gunmeplug.com\/?page_id=3246"},"modified":"2022-03-09T11:00:08","modified_gmt":"2022-03-09T11:00:08","slug":"tietolahteet","status":"publish","type":"page","link":"https:\/\/www.gunmeplug.com\/fi\/tietolahteet\/","title":{"rendered":"UKK"},"content":{"rendered":"<div class=\"vc_row wpb_row vc_row-fluid\"><div class=\"wpb_column vc_column_container vc_col-sm-12\"><div class=\"vc_column-inner\"><div class=\"wpb_wrapper\"><div  class=\"vc_toggle vc_toggle_round vc_toggle_color_default  vc_toggle_size_md\"><div class=\"vc_toggle_title\"><h4>1. Mist\u00e4 l\u00f6yd\u00e4n Gunmeplugin? Mik\u00e4 on heid\u00e4n puhelinnumeronsa?<\/h4><i class=\"vc_toggle_icon\"><\/i><\/div><div class=\"vc_toggle_content\"><p>Gunmeplug-verkkosivuston kauppojen paikannustoiminto auttaa sinua l\u00f6yt\u00e4m\u00e4\u00e4n l\u00e4hist\u00f6ll\u00e4 olevat paikat ja t\u00e4llaisten myym\u00e4l\u00f6iden yhteystiedot.<\/p>\n<\/div><\/div><div  class=\"vc_toggle vc_toggle_round vc_toggle_color_default  vc_toggle_size_md\"><div class=\"vc_toggle_title\"><h4>2. Onko mahdollista ostaa Gunmeplug.com-sivustolta ase ja toimittaa se paikalliseen kauppaani?<\/h4><i class=\"vc_toggle_icon\"><\/i><\/div><div class=\"vc_toggle_content\"><p>Yes! Because we don&#8217;t charge a transfer fee if you purchase online and pick it up at a nearby shop, this is a popular option.<\/p>\n<\/div><\/div><div  class=\"vc_toggle vc_toggle_round vc_toggle_color_default  vc_toggle_size_md\"><div class=\"vc_toggle_title\"><h4>3. Miten voin ostaa ampuma-aseen verkossa?<\/h4><i class=\"vc_toggle_icon\"><\/i><\/div><div class=\"vc_toggle_content\"><p>But there are several crucial attributes to bear in mind while using this strategy. We&#8217;ve put up a comprehensive guide on how to buy guns online, so please check it out!<\/p>\n<\/div><\/div><div  class=\"vc_toggle vc_toggle_round vc_toggle_color_default  vc_toggle_size_md\"><div class=\"vc_toggle_title\"><h4>4. Mik\u00e4 on Federally Licensed Dealer (FFL)?<\/h4><i class=\"vc_toggle_icon\"><\/i><\/div><div class=\"vc_toggle_content\"><p>Liittovaltion ampuma-aselupa tunnetaan nimell\u00e4 FFL. FFL-haltijoiden m\u00e4\u00e4r\u00e4 Yhdysvalloissa on nyt 58 000. Aseliikkeet, panttilainaamot ja urheilutuotteiden v\u00e4hitt\u00e4iskaupat ovat kaikki esimerkkej\u00e4 FFL-haltijoista. Toisaalta monilla ihmisill\u00e4 on FFL. ATF-lomake 4473 ja FBI-taustatarkistus vaaditaan, kun aseita myyd\u00e4\u00e4n verkossa ihmisille. Siell\u00e4 paikallinen FFL-haltija siirt\u00e4\u00e4 ampuma-aseen asiakkaalle.<\/p>\n<\/div><\/div><div  class=\"vc_toggle vc_toggle_round vc_toggle_color_default  vc_toggle_size_md\"><div class=\"vc_toggle_title\"><h4>5. Cum pot face ca un dealer local s\u0103 se ocupe de transferul armei mele de foc?<\/h4><i class=\"vc_toggle_icon\"><\/i><\/div><div class=\"vc_toggle_content\"><p>Valitset FFL-j\u00e4lleenmyyj\u00e4n alueellasi FFL-haltijoiden tietokannastamme kassalla sen sijaan, ett\u00e4 sy\u00f6t\u00e4t oman osoitteesi. Ennen kuin teet ostoksen meilt\u00e4, muista olla yhteydess\u00e4 valitsemaasi FFL-j\u00e4lleenmyyj\u00e4\u00e4n. Tarkista myyj\u00e4lt\u00e4 ennen tilauksen tekemist\u00e4, sallivatko he FFL-siirrot. Haluat ehk\u00e4 my\u00f6s selvitt\u00e4\u00e4, kuinka paljon ne veloittavat.<\/p>\n<\/div><\/div><div  class=\"vc_toggle vc_toggle_round vc_toggle_color_default  vc_toggle_size_md\"><div class=\"vc_toggle_title\"><h4>6. Onko mahdollista ostaa ase ja ammuksia samanaikaisesti?<\/h4><i class=\"vc_toggle_icon\"><\/i><\/div><div class=\"vc_toggle_content\"><p>No, you can&#8217;t buy a gun and ammo at the same time.<\/p>\n<\/div><\/div><div  class=\"vc_toggle vc_toggle_round vc_toggle_color_default  vc_toggle_size_md\"><div class=\"vc_toggle_title\"><h4>7. Gunmeplug on loppunut haluamastani tuliaseesta. Onko se viel\u00e4 ostettavissa?<\/h4><i class=\"vc_toggle_icon\"><\/i><\/div><div class=\"vc_toggle_content\"><p>It&#8217;s unlikely. However, check with your nearby retailer to see if they have the weapon in stock.<\/p>\n<\/div><\/div><div  class=\"vc_toggle vc_toggle_round vc_toggle_color_default  vc_toggle_size_md\"><div class=\"vc_toggle_title\"><h4>8. As of now, my order is still in the &quot;processing&quot; stage. How do you explain it?<\/h4><i class=\"vc_toggle_icon\"><\/i><\/div><div class=\"vc_toggle_content\"><p>If you see this, it implies your purchase was received, but it hasn&#8217;t yet been dispatched.<\/p>\n<\/div><\/div><div  class=\"vc_toggle vc_toggle_round vc_toggle_color_default  vc_toggle_size_md\"><div class=\"vc_toggle_title\"><h4>9. There&#039;s no longer any indication that a charge is pending on my credit card. Is everything in order?<\/h4><i class=\"vc_toggle_icon\"><\/i><\/div><div class=\"vc_toggle_content\"><p>Yes. The first charge was only an authorization to verify that the amount of your purchase may be deducted from your payment method&#8217;s account. After a few days, such authorization usually expires. When your purchase is sent, a new charge will show on your credit card statement.<\/p>\n<\/div><\/div><div  class=\"vc_toggle vc_toggle_round vc_toggle_color_default  vc_toggle_size_md\"><div class=\"vc_toggle_title\"><h4>10. Tilausvahvistuss\u00e4hk\u00f6postia ei l\u00e4hetetty minulle. Onko ostokseni valmis?<\/h4><i class=\"vc_toggle_icon\"><\/i><\/div><div class=\"vc_toggle_content\"><p>Yes, it&#8217;s quite likely that so. Give yourself time to get your confirmation email, and be sure to check your spam folder as well. If you need to resend your order confirmation email, please contact customer support.<\/p>\n<\/div><\/div><div  class=\"vc_toggle vc_toggle_round vc_toggle_color_default  vc_toggle_size_md\"><div class=\"vc_toggle_title\"><h4>11. L\u00e4hetysvahvistuss\u00e4hk\u00f6postissani oli rikkin\u00e4inen linkki l\u00e4hetyksen seurantaan.<\/h4><i class=\"vc_toggle_icon\"><\/i><\/div><div class=\"vc_toggle_content\"><p>The tracking link might take up to 24 hours to activate once the order is shipped. After receiving your shipping confirmation, please wait at least 24 hours before doing another verification check. Please contact customer care if this doesn&#8217;t work for you.<\/p>\n<\/div><\/div><div  class=\"vc_toggle vc_toggle_round vc_toggle_color_default  vc_toggle_size_md\"><div class=\"vc_toggle_title\"><h4>12. Aseeni on saapunut paikalliseen kauppaani seurantatietojen mukaan. Voinko menn\u00e4 hakemaan sen heti?<\/h4><i class=\"vc_toggle_icon\"><\/i><\/div><div class=\"vc_toggle_content\"><p>Your gun is ready for pickup, but you must wait for a call from the shop before you arrive. Call the shop if you have any questions regarding your order&#8217;s progress.<\/p>\n<\/div><\/div><div  class=\"vc_toggle vc_toggle_round vc_toggle_color_default  vc_toggle_size_md\"><div class=\"vc_toggle_title\"><h4>13. Mist\u00e4 syyst\u00e4 tarvitsen FFL-j\u00e4lleenmyyj\u00e4n saadakseni AR:ni alhaisemmaksi?<\/h4><i class=\"vc_toggle_icon\"><\/i><\/div><div class=\"vc_toggle_content\"><p>Noudattaa liittovaltion hallituksen m\u00e4\u00e4r\u00e4yksi\u00e4.<\/p>\n<\/div><\/div><div  class=\"vc_toggle vc_toggle_round vc_toggle_color_default  vc_toggle_size_md\"><div class=\"vc_toggle_title\"><h4>14. Mik\u00e4 on prosessi, jonka kautta alennukset toimivat?<\/h4><i class=\"vc_toggle_icon\"><\/i><\/div><div class=\"vc_toggle_content\"><p>Saat lis\u00e4tietoja alennuksista vierailemalla t\u00e4ll\u00e4 sivulla.<\/p>\n<\/div><\/div><div  class=\"vc_toggle vc_toggle_round vc_toggle_color_default  vc_toggle_size_md\"><div class=\"vc_toggle_title\"><h4>15. Mik\u00e4 on Gunmeplug-tuotteiden palautusk\u00e4yt\u00e4nt\u00f6?<\/h4><i class=\"vc_toggle_icon\"><\/i><\/div><div class=\"vc_toggle_content\"><p>Jos sinulla on kysytt\u00e4v\u00e4\u00e4, tutustu palautus- ja peruutusehtoihimme.<\/p>\n<\/div><\/div><div  class=\"vc_toggle vc_toggle_round vc_toggle_color_default  vc_toggle_size_md\"><div class=\"vc_toggle_title\"><h4>16. Hyv\u00e4ksytk\u00f6 PayPalin?<\/h4><i class=\"vc_toggle_icon\"><\/i><\/div><div class=\"vc_toggle_content\"><p>Ei. PayPal ei hyv\u00e4ksy maksuja aseista, ampuma-aseen osista tai ammuksista t\u00e4ll\u00e4 hetkell\u00e4.<\/p>\n<\/div><\/div><div  class=\"vc_toggle vc_toggle_round vc_toggle_color_default  vc_toggle_size_md\"><div class=\"vc_toggle_title\"><h4>17. Are customers&#039; personal information is given or sold to other parties?<\/h4><i class=\"vc_toggle_icon\"><\/i><\/div><div class=\"vc_toggle_content\"><p>Ei koskaan. Muista, ett\u00e4 yksityisyytesi on meille t\u00e4rke\u00e4\u00e4. Tietosuojak\u00e4yt\u00e4nt\u00f6mme sis\u00e4lt\u00e4\u00e4 kaikki tiedot.<\/p>\n<\/div><\/div><\/div><\/div><\/div><\/div>","protected":false},"excerpt":{"rendered":"1. Where can I find Gunmeplug? What is their phone number?The shop locator feature on the Gunmeplug website will help you find nearby locations and contact information for such stores. 2. Is there an option to buy a gun from Gunmeplug.com and have it delivered to my local shop?Yes! Because we don&#8217;t charge a transfer [...]","protected":false},"author":1,"featured_media":0,"parent":0,"menu_order":0,"comment_status":"closed","ping_status":"closed","template":"","meta":{"_acf_changed":false,"_joinchat":[],"footnotes":""},"class_list":["post-3246","page","type-page","status-publish","hentry"],"acf":[],"yoast_head":"<!-- This site is optimized with the Yoast SEO plugin v26.3 - https:\/\/yoast.com\/wordpress\/plugins\/seo\/ -->\n<title>FAQs - Buy gun online USA<\/title>\n<meta name=\"robots\" content=\"index, follow, max-snippet:-1, max-image-preview:large, max-video-preview:-1\" \/>\n<link rel=\"canonical\" href=\"https:\/\/www.gunmeplug.com\/fi\/tietolahteet\/\" \/>\n<meta property=\"og:locale\" content=\"fi_FI\" \/>\n<meta property=\"og:type\" content=\"article\" \/>\n<meta property=\"og:title\" content=\"FAQs - Buy gun online USA\" \/>\n<meta property=\"og:url\" content=\"https:\/\/www.gunmeplug.com\/fi\/tietolahteet\/\" \/>\n<meta property=\"og:site_name\" content=\"Buy gun online USA\" \/>\n<meta name=\"twitter:card\" content=\"summary_large_image\" \/>\n<meta name=\"twitter:label1\" content=\"Arvioitu lukuaika\" \/>\n\t<meta name=\"twitter:data1\" content=\"4 minuuttia\" \/>\n<script type=\"application\/ld+json\" class=\"yoast-schema-graph\">{\"@context\":\"https:\/\/schema.org\",\"@graph\":[{\"@type\":\"WebPage\",\"@id\":\"https:\/\/www.gunmeplug.com\/pt\/perguntas-frequentes\/\",\"url\":\"https:\/\/www.gunmeplug.com\/pt\/perguntas-frequentes\/\",\"name\":\"FAQs - Buy gun online USA\",\"isPartOf\":{\"@id\":\"https:\/\/www.gunmeplug.com\/#website\"},\"datePublished\":\"2022-03-09T11:00:08+00:00\",\"breadcrumb\":{\"@id\":\"https:\/\/www.gunmeplug.com\/pt\/perguntas-frequentes\/#breadcrumb\"},\"inLanguage\":\"fi\",\"potentialAction\":[{\"@type\":\"ReadAction\",\"target\":[\"https:\/\/www.gunmeplug.com\/pt\/perguntas-frequentes\/\"]}]},{\"@type\":\"BreadcrumbList\",\"@id\":\"https:\/\/www.gunmeplug.com\/pt\/perguntas-frequentes\/#breadcrumb\",\"itemListElement\":[{\"@type\":\"ListItem\",\"position\":1,\"name\":\"Home\",\"item\":\"https:\/\/www.gunmeplug.com\/es\/\"},{\"@type\":\"ListItem\",\"position\":2,\"name\":\"FAQs\"}]},{\"@type\":\"WebSite\",\"@id\":\"https:\/\/www.gunmeplug.com\/#website\",\"url\":\"https:\/\/www.gunmeplug.com\/\",\"name\":\"Buy gun online USA\",\"description\":\"FireArms for sale online \",\"potentialAction\":[{\"@type\":\"SearchAction\",\"target\":{\"@type\":\"EntryPoint\",\"urlTemplate\":\"https:\/\/www.gunmeplug.com\/?s={search_term_string}\"},\"query-input\":{\"@type\":\"PropertyValueSpecification\",\"valueRequired\":true,\"valueName\":\"search_term_string\"}}],\"inLanguage\":\"fi\"}]}<\/script>\n<!-- \/ Yoast SEO plugin. -->","yoast_head_json":{"title":"Usein kysytyt kysymykset - Osta ase verkossa USA","robots":{"index":"index","follow":"follow","max-snippet":"max-snippet:-1","max-image-preview":"max-image-preview:large","max-video-preview":"max-video-preview:-1"},"canonical":"https:\/\/www.gunmeplug.com\/fi\/tietolahteet\/","og_locale":"fi_FI","og_type":"article","og_title":"FAQs - Buy gun online USA","og_url":"https:\/\/www.gunmeplug.com\/fi\/tietolahteet\/","og_site_name":"Buy gun online USA","twitter_card":"summary_large_image","twitter_misc":{"Arvioitu lukuaika":"4 minuuttia"},"schema":{"@context":"https:\/\/schema.org","@graph":[{"@type":"WebPage","@id":"https:\/\/www.gunmeplug.com\/pt\/perguntas-frequentes\/","url":"https:\/\/www.gunmeplug.com\/pt\/perguntas-frequentes\/","name":"Usein kysytyt kysymykset - Osta ase verkossa USA","isPartOf":{"@id":"https:\/\/www.gunmeplug.com\/#website"},"datePublished":"2022-03-09T11:00:08+00:00","breadcrumb":{"@id":"https:\/\/www.gunmeplug.com\/pt\/perguntas-frequentes\/#breadcrumb"},"inLanguage":"fi","potentialAction":[{"@type":"ReadAction","target":["https:\/\/www.gunmeplug.com\/pt\/perguntas-frequentes\/"]}]},{"@type":"BreadcrumbList","@id":"https:\/\/www.gunmeplug.com\/pt\/perguntas-frequentes\/#breadcrumb","itemListElement":[{"@type":"ListItem","position":1,"name":"Home","item":"https:\/\/www.gunmeplug.com\/es\/"},{"@type":"ListItem","position":2,"name":"FAQs"}]},{"@type":"WebSite","@id":"https:\/\/www.gunmeplug.com\/#website","url":"https:\/\/www.gunmeplug.com\/","name":"Osta ase verkossa USA","description":"FireArms myyt\u00e4v\u00e4n\u00e4 verkossa","potentialAction":[{"@type":"SearchAction","target":{"@type":"EntryPoint","urlTemplate":"https:\/\/www.gunmeplug.com\/?s={search_term_string}"},"query-input":{"@type":"PropertyValueSpecification","valueRequired":true,"valueName":"search_term_string"}}],"inLanguage":"fi"}]}},"_links":{"self":[{"href":"https:\/\/www.gunmeplug.com\/fi\/wp-json\/wp\/v2\/pages\/3246","targetHints":{"allow":["GET"]}}],"collection":[{"href":"https:\/\/www.gunmeplug.com\/fi\/wp-json\/wp\/v2\/pages"}],"about":[{"href":"https:\/\/www.gunmeplug.com\/fi\/wp-json\/wp\/v2\/types\/page"}],"author":[{"embeddable":true,"href":"https:\/\/www.gunmeplug.com\/fi\/wp-json\/wp\/v2\/users\/1"}],"replies":[{"embeddable":true,"href":"https:\/\/www.gunmeplug.com\/fi\/wp-json\/wp\/v2\/comments?post=3246"}],"version-history":[{"count":2,"href":"https:\/\/www.gunmeplug.com\/fi\/wp-json\/wp\/v2\/pages\/3246\/revisions"}],"predecessor-version":[{"id":3248,"href":"https:\/\/www.gunmeplug.com\/fi\/wp-json\/wp\/v2\/pages\/3246\/revisions\/3248"}],"wp:attachment":[{"href":"https:\/\/www.gunmeplug.com\/fi\/wp-json\/wp\/v2\/media?parent=3246"}],"curies":[{"name":"wp","href":"https:\/\/api.w.org\/{rel}","templated":true}]}}