{"id":3243,"date":"2022-03-09T10:55:06","date_gmt":"2022-03-09T10:55:06","guid":{"rendered":"https:\/\/www.gunmeplug.com\/?page_id=3243"},"modified":"2022-03-09T10:55:06","modified_gmt":"2022-03-09T10:55:06","slug":"miten-ostaa-ase-online","status":"publish","type":"page","link":"https:\/\/www.gunmeplug.com\/fi\/miten-ostaa-ase-online\/","title":{"rendered":"Miten ostaa ase verkossa"},"content":{"rendered":"<div class=\"vc_row wpb_row vc_row-fluid\"><div class=\"wpb_column vc_column_container vc_col-sm-12\"><div class=\"vc_column-inner\"><div class=\"wpb_wrapper\">\n\t<div class=\"wpb_text_column wpb_content_element\" >\n\t\t<div class=\"wpb_wrapper\">\n\t\t\t<p style=\"text-align: justify;\">Voit <a href=\"https:\/\/www.gunmeplug.com\/fi\/\"><strong>buy\u00a0gun online<\/strong><\/a> aivan kuten voit ostaa mit\u00e4 tahansa muutakin. Suurin ero on se, ett\u00e4 aseita ei voida toimittaa suoraan ostajalle. Aseiden vastaanottamiseksi on oltava sertifioitu asekauppias. Valitse alueellasi sijaitseva asekauppias toimitusosoitteeksi kassaprosessin aikana.<\/p>\n<p style=\"text-align: justify;\">Me l\u00e4het\u00e4mme aseesi valitsemallesi j\u00e4lleenmyyj\u00e4lle. Lomake 4473 ja FBI:n taustatarkastus on t\u00e4ytett\u00e4v\u00e4, ennen kuin voit noutaa uuden aseesi aseliikkeest\u00e4. Aseen siirt\u00e4minen on usein maksutonta useimmissa aseliikkeiss\u00e4. K\u00e4siaseen siirto j\u00e4lleenmyyj\u00e4lt\u00e4 asiakkaalle kest\u00e4\u00e4 yleens\u00e4 noin 10-15 minuuttia.<\/p>\n<p style=\"text-align: justify;\">Odotusaika alkaa tietyiss\u00e4 paikoissa siirtomenettelyn p\u00e4\u00e4tytty\u00e4. Heti kun siirtoprosessi on saatu p\u00e4\u00e4t\u00f6kseen, muissa osavaltioissa olevat ostajat voivat ottaa ampuma-aseet haltuunsa.<\/p>\n<h3 style=\"text-align: justify;\">Vaiheet tilauksen tekemiseen<\/h3>\n<ol style=\"text-align: justify;\">\n<li>Lis\u00e4\u00e4 ase (<strong><a href=\"https:\/\/www.gunmeplug.com\/fi\/tuoteryhma-2\/kasiaseet\/\">K\u00e4siaseet<\/a>, <a href=\"https:\/\/www.gunmeplug.com\/fi\/tuoteryhma-2\/kivaarit\/\">Kiv\u00e4\u00e4ri<\/a>, <a href=\"https:\/\/www.gunmeplug.com\/fi\/tuoteryhma-2\/glocks-for-sale\/\">Glock<\/a><\/strong>) you want to your cart after you&#8217;ve found it.<\/li>\n<li>Siirry ostoskori-sivulle ja napsauta Checkout-painiketta saadaksesi ostoksesi valmiiksi.<\/li>\n<li>Voit kirjautua ulos vieraana, jos sinulla ei ole k\u00e4ytt\u00e4j\u00e4tunnusta ja salasanaa.<\/li>\n<li>Jatka sy\u00f6tt\u00e4m\u00e4ll\u00e4 laskutusosoitetietosi.<\/li>\n<li>Sy\u00f6t\u00e4 postinumerosi ja FFL-hakusi s\u00e4de ja napsauta sitten Etsi.<\/li>\n<li>Click Continue once you&#8217;ve selected the FFL dealer who will receive and process your weapon.<\/li>\n<li>Jatka valitsemalla l\u00e4hetystapa.<\/li>\n<li>Click Continue once you&#8217;ve entered your payment information.<\/li>\n<li>Click the &#8220;<strong><a href=\"https:\/\/www.gunmeplug.com\/fi\/shop\/\">Tee tilaus<\/a><\/strong>&#8221; tab after checking your order.<\/li>\n<\/ol>\n<p style=\"text-align: justify;\">T\u00e4ss\u00e4 on kaikki! Vahvistuss\u00e4hk\u00f6posti l\u00e4hetet\u00e4\u00e4n sinulle heti, kun olet tehnyt tilauksen kanssamme. Saat s\u00e4hk\u00f6postiviestin, jossa on seurantatiedot, kun tuotteesi l\u00e4hetet\u00e4\u00e4n.<\/p>\n<p><strong>Kiitos, ett\u00e4 teet ostoksia Gunmeplugissa!<\/strong><\/p>\n<p>Jos sinulla on kysytt\u00e4v\u00e4\u00e4 tai tarvitset apua, ota rohkeasti yhteytt\u00e4 osoitteeseen info@gunmeplug.com.<\/p>\n\n\t\t<\/div>\n\t<\/div>\n<\/div><\/div><\/div><\/div>","protected":false},"excerpt":{"rendered":"You can buy\u00a0gun online just like you can buy anything else. The major difference is that arms cannot be shipped directly to the purchaser. There must be a certified guns dealer to receive weapons. Select a gun dealer in your region as your shipping address during the checkout process. Your firearm will be sent to [...]","protected":false},"author":1,"featured_media":0,"parent":0,"menu_order":0,"comment_status":"closed","ping_status":"closed","template":"","meta":{"_acf_changed":false,"_joinchat":[],"footnotes":""},"class_list":["post-3243","page","type-page","status-publish","hentry"],"acf":[],"yoast_head":"<!-- This site is optimized with the Yoast SEO plugin v26.3 - https:\/\/yoast.com\/wordpress\/plugins\/seo\/ -->\n<title>How to Buy A Gun Online - Buy gun online USA<\/title>\n<meta name=\"robots\" content=\"index, follow, max-snippet:-1, max-image-preview:large, max-video-preview:-1\" \/>\n<link rel=\"canonical\" href=\"https:\/\/www.gunmeplug.com\/fi\/miten-ostaa-ase-online\/\" \/>\n<meta property=\"og:locale\" content=\"fi_FI\" \/>\n<meta property=\"og:type\" content=\"article\" \/>\n<meta property=\"og:title\" content=\"How to Buy A Gun Online - Buy gun online USA\" \/>\n<meta property=\"og:url\" content=\"https:\/\/www.gunmeplug.com\/fi\/miten-ostaa-ase-online\/\" \/>\n<meta property=\"og:site_name\" content=\"Buy gun online USA\" \/>\n<meta name=\"twitter:card\" content=\"summary_large_image\" \/>\n<meta name=\"twitter:label1\" content=\"Arvioitu lukuaika\" \/>\n\t<meta name=\"twitter:data1\" content=\"2 minuuttia\" \/>\n<script type=\"application\/ld+json\" class=\"yoast-schema-graph\">{\"@context\":\"https:\/\/schema.org\",\"@graph\":[{\"@type\":\"WebPage\",\"@id\":\"https:\/\/www.gunmeplug.com\/how-to-buy-a-gun-online\/\",\"url\":\"https:\/\/www.gunmeplug.com\/how-to-buy-a-gun-online\/\",\"name\":\"How to Buy A Gun Online - Buy gun online USA\",\"isPartOf\":{\"@id\":\"https:\/\/www.gunmeplug.com\/#website\"},\"datePublished\":\"2022-03-09T10:55:06+00:00\",\"breadcrumb\":{\"@id\":\"https:\/\/www.gunmeplug.com\/how-to-buy-a-gun-online\/#breadcrumb\"},\"inLanguage\":\"fi\",\"potentialAction\":[{\"@type\":\"ReadAction\",\"target\":[\"https:\/\/www.gunmeplug.com\/how-to-buy-a-gun-online\/\"]}]},{\"@type\":\"BreadcrumbList\",\"@id\":\"https:\/\/www.gunmeplug.com\/how-to-buy-a-gun-online\/#breadcrumb\",\"itemListElement\":[{\"@type\":\"ListItem\",\"position\":1,\"name\":\"Home\",\"item\":\"https:\/\/www.gunmeplug.com\/es\/\"},{\"@type\":\"ListItem\",\"position\":2,\"name\":\"How to Buy A Gun Online\"}]},{\"@type\":\"WebSite\",\"@id\":\"https:\/\/www.gunmeplug.com\/#website\",\"url\":\"https:\/\/www.gunmeplug.com\/\",\"name\":\"Buy gun online USA\",\"description\":\"FireArms for sale online \",\"potentialAction\":[{\"@type\":\"SearchAction\",\"target\":{\"@type\":\"EntryPoint\",\"urlTemplate\":\"https:\/\/www.gunmeplug.com\/?s={search_term_string}\"},\"query-input\":{\"@type\":\"PropertyValueSpecification\",\"valueRequired\":true,\"valueName\":\"search_term_string\"}}],\"inLanguage\":\"fi\"}]}<\/script>\n<!-- \/ Yoast SEO plugin. -->","yoast_head_json":{"title":"Miten ostaa ase verkossa - Osta ase verkossa USA:ssa","robots":{"index":"index","follow":"follow","max-snippet":"max-snippet:-1","max-image-preview":"max-image-preview:large","max-video-preview":"max-video-preview:-1"},"canonical":"https:\/\/www.gunmeplug.com\/fi\/miten-ostaa-ase-online\/","og_locale":"fi_FI","og_type":"article","og_title":"How to Buy A Gun Online - Buy gun online USA","og_url":"https:\/\/www.gunmeplug.com\/fi\/miten-ostaa-ase-online\/","og_site_name":"Buy gun online USA","twitter_card":"summary_large_image","twitter_misc":{"Arvioitu lukuaika":"2 minuuttia"},"schema":{"@context":"https:\/\/schema.org","@graph":[{"@type":"WebPage","@id":"https:\/\/www.gunmeplug.com\/how-to-buy-a-gun-online\/","url":"https:\/\/www.gunmeplug.com\/how-to-buy-a-gun-online\/","name":"Miten ostaa ase verkossa - Osta ase verkossa USA:ssa","isPartOf":{"@id":"https:\/\/www.gunmeplug.com\/#website"},"datePublished":"2022-03-09T10:55:06+00:00","breadcrumb":{"@id":"https:\/\/www.gunmeplug.com\/how-to-buy-a-gun-online\/#breadcrumb"},"inLanguage":"fi","potentialAction":[{"@type":"ReadAction","target":["https:\/\/www.gunmeplug.com\/how-to-buy-a-gun-online\/"]}]},{"@type":"BreadcrumbList","@id":"https:\/\/www.gunmeplug.com\/how-to-buy-a-gun-online\/#breadcrumb","itemListElement":[{"@type":"ListItem","position":1,"name":"Home","item":"https:\/\/www.gunmeplug.com\/es\/"},{"@type":"ListItem","position":2,"name":"How to Buy A Gun Online"}]},{"@type":"WebSite","@id":"https:\/\/www.gunmeplug.com\/#website","url":"https:\/\/www.gunmeplug.com\/","name":"Osta ase verkossa USA","description":"FireArms myyt\u00e4v\u00e4n\u00e4 verkossa","potentialAction":[{"@type":"SearchAction","target":{"@type":"EntryPoint","urlTemplate":"https:\/\/www.gunmeplug.com\/?s={search_term_string}"},"query-input":{"@type":"PropertyValueSpecification","valueRequired":true,"valueName":"search_term_string"}}],"inLanguage":"fi"}]}},"_links":{"self":[{"href":"https:\/\/www.gunmeplug.com\/fi\/wp-json\/wp\/v2\/pages\/3243","targetHints":{"allow":["GET"]}}],"collection":[{"href":"https:\/\/www.gunmeplug.com\/fi\/wp-json\/wp\/v2\/pages"}],"about":[{"href":"https:\/\/www.gunmeplug.com\/fi\/wp-json\/wp\/v2\/types\/page"}],"author":[{"embeddable":true,"href":"https:\/\/www.gunmeplug.com\/fi\/wp-json\/wp\/v2\/users\/1"}],"replies":[{"embeddable":true,"href":"https:\/\/www.gunmeplug.com\/fi\/wp-json\/wp\/v2\/comments?post=3243"}],"version-history":[{"count":2,"href":"https:\/\/www.gunmeplug.com\/fi\/wp-json\/wp\/v2\/pages\/3243\/revisions"}],"predecessor-version":[{"id":3245,"href":"https:\/\/www.gunmeplug.com\/fi\/wp-json\/wp\/v2\/pages\/3243\/revisions\/3245"}],"wp:attachment":[{"href":"https:\/\/www.gunmeplug.com\/fi\/wp-json\/wp\/v2\/media?parent=3243"}],"curies":[{"name":"wp","href":"https:\/\/api.w.org\/{rel}","templated":true}]}}