{"id":3229,"date":"2021-11-05T17:23:33","date_gmt":"2021-11-05T17:23:33","guid":{"rendered":"https:\/\/www.gunmeplug.com\/?page_id=3229"},"modified":"2023-05-03T10:02:34","modified_gmt":"2023-05-03T10:02:34","slug":"refund_returns","status":"publish","type":"page","link":"https:\/\/www.gunmeplug.com\/fi\/refund_returns\/","title":{"rendered":"Hyvitys- ja palautusk\u00e4yt\u00e4nt\u00f6"},"content":{"rendered":"<div class=\"vc_row wpb_row vc_row-fluid\"><div class=\"wpb_column vc_column_container vc_col-sm-12\"><div class=\"vc_column-inner\"><div class=\"wpb_wrapper\">\n\t<div class=\"wpb_text_column wpb_content_element\" >\n\t\t<div class=\"wpb_wrapper\">\n\t\t\t<p style=\"text-align: justify;\">Kiitos, ett\u00e4 valitsit Gunmeplug.com-sivuston ampuma-asetarpeisiisi. Ymm\u00e4rr\u00e4mme, ett\u00e4 joskus palautus\/vaihto tai peruutus voi olla tarpeen, ja haluamme varmistaa, ett\u00e4 prosessi on mahdollisimman helppoa.<\/p>\n<p style=\"text-align: justify;\"><strong>Vaihto<\/strong>:<\/p>\n<p style=\"text-align: justify;\">Jos sait vaurioituneen tai viallisen tuotteen, vaihdamme sen mielell\u00e4mme uuteen. Aloittaaksesi vaihdon, ota yhteytt\u00e4 asiakaspalveluumme numeroon [insert phone number or email] ja anna tilausnumerosi ja vaihdon syy.<\/p>\n<p style=\"text-align: justify;\">Tiimimme toimittaa sinulle palautusoikeusnumeron (RAN) ja ohjeet tuotteen palauttamiseen. Kun olemme vastaanottaneet palautetun tuotteen ja tarkistaneet sen kunnon, l\u00e4het\u00e4mme sinulle korvaavan tuotteen ilman lis\u00e4kustannuksia.<\/p>\n<p style=\"text-align: justify;\">Dac\u0103 dori\u021bi s\u0103 schimba\u021bi un articol cu un alt produs, v\u0103 rug\u0103m s\u0103 contacta\u021bi echipa noastr\u0103 de servicii pentru clien\u021bi pentru a ini\u021bia procesul de returnare descris mai sus. Odat\u0103 ce primim articolul returnat, vom emite o rambursare la metoda de plat\u0103 ini\u021bial\u0103 \u0219i pute\u021bi plasa o nou\u0103 comand\u0103 pentru produsul pe care dori\u021bi s\u0103 \u00eel primi\u021bi.<\/p>\n<p style=\"text-align: justify;\"><strong>laivaus<\/strong>:<\/p>\n<p style=\"text-align: justify;\">Toate return\u0103rile \u0219i schimburile sunt supuse unor taxe de transport, care vor fi deduse din rambursare. Dac\u0103 a\u021bi primit un articol deteriorat sau defect, v\u0103 rug\u0103m s\u0103 lua\u021bi leg\u0103tura cu echipa noastr\u0103 de servicii pentru clien\u021bi, iar noi vom acoperi costul transportului de retur.<\/p>\n<p style=\"text-align: justify;\">Emme voi l\u00e4hett\u00e4\u00e4 tuliaseita P.O.:lle. laatikoita tai APO\/FPO-osoitteita. Kaikki ampuma-aseet on l\u00e4hetett\u00e4v\u00e4 lisensoidulle j\u00e4lleenmyyj\u00e4lle, ja asiakkaan on varmistettava, ett\u00e4 j\u00e4lleenmyyj\u00e4 on valmis vastaanottamaan ja siirt\u00e4m\u00e4\u00e4n ampuma-aseen. Olemme sitoutuneet tarjoamaan asiakkaillemme korkealaatuisia tuliaseita ja erinomaista asiakaspalvelua. Jos sinulla on kysytt\u00e4v\u00e4\u00e4 palautus- ja vaihtok\u00e4yt\u00e4nn\u00f6st\u00e4mme, \u00e4l\u00e4 ep\u00e4r\u00f6i ottaa yhteytt\u00e4 asiakaspalveluumme saadaksesi apua.<\/p>\n<p style=\"text-align: justify;\"><strong>Politica de anulare:<\/strong><\/p>\n<p style=\"text-align: justify;\">Hos Gunmeplug.com forst\u00e5r vi, at omst\u00e6ndighederne nogle gange \u00e6ndrer sig, og du kan blive n\u00f8dt til at annullere din ordre. Vi \u00f8nsker at g\u00f8re annulleringsprocessen s\u00e5 nem og bekvem som muligt.<\/p>\n<p style=\"text-align: justify;\">Jos haluat peruuttaa tilauksesi, ota mahdollisimman pian yhteytt\u00e4 asiakaspalveluumme osoitteeseen [insert phone number or email] ja kerro tilausnumerosi ja peruutuksen syy. Tiimimme auttaa sinua peruuttamaan tilauksesi ja my\u00f6nt\u00e4m\u00e4\u00e4n hyvityksen tarvittaessa. Huomaa, ett\u00e4 jotkin tilaukset on saatettu jo l\u00e4hetetty tai niit\u00e4 ollaan l\u00e4hett\u00e4m\u00e4ss\u00e4. T\u00e4llaisissa tapauksissa emme ehk\u00e4 voi peruuttaa tilausta, ja saatat joutua palauttamaan tuotteen, kun se on toimitettu.<\/p>\n<p style=\"text-align: justify;\"><strong>Hyvitykset<\/strong>:<\/p>\n<p style=\"text-align: justify;\">Jos peruutat tilauksesi ennen kuin se on l\u00e4hetetty, hyvit\u00e4mme t\u00e4yden hyvityksen alkuper\u00e4iselle maksutavallesi. Jos tilauksesi on jo l\u00e4hetetty, hyvit\u00e4mme tuotteen (tuotteiden) hinnan vasta, kun saamme palautetun tuotteen (tuotteet) alkuper\u00e4isess\u00e4 kunnossaan.<\/p>\n<p style=\"text-align: justify;\">Huomaa, ett\u00e4 toimitus- ja k\u00e4sittelymaksuja ei palauteta, ja olet vastuussa palautuksen toimituskuluista. Jos sait vaurioituneen tai viallisen tuotteen, tutustu palautus- ja vaihtok\u00e4yt\u00e4nt\u00f6\u00f6mme saadaksesi tietoa tuotteen palauttamisesta ja hyvityksen tai vaihdon saamisesta.<\/p>\n<p style=\"text-align: justify;\">Olemme sitoutuneet tarjoamaan asiakkaillemme korkealaatuisia tuliaseita ja erinomaista asiakaspalvelua. Jos sinulla on kysytt\u00e4v\u00e4\u00e4 tai huolenaiheita peruutusk\u00e4yt\u00e4nn\u00f6ist\u00e4mme, \u00e4l\u00e4 ep\u00e4r\u00f6i ottaa yhteytt\u00e4 asiakaspalveluumme saadaksesi apua.<\/p>\n\n\t\t<\/div>\n\t<\/div>\n<\/div><\/div><\/div><\/div>","protected":false},"excerpt":{"rendered":"Thank you for choosing Gunmeplug.com for your firearm needs. We understand that sometimes returns\/ exchanges or cancellation may be necessary, and we want to ensure the process is as easy as possible. Exchanges: If you received a damaged or defective item, we would gladly exchange it for a new one. To initiate an exchange, please [...]","protected":false},"author":1,"featured_media":0,"parent":0,"menu_order":0,"comment_status":"closed","ping_status":"closed","template":"","meta":{"_acf_changed":false,"_joinchat":[],"footnotes":""},"class_list":["post-3229","page","type-page","status-publish","hentry"],"acf":[],"yoast_head":"<!-- This site is optimized with the Yoast SEO plugin v26.3 - https:\/\/yoast.com\/wordpress\/plugins\/seo\/ -->\n<title>Refund and Returns Policy - Buy gun online USA<\/title>\n<meta name=\"robots\" content=\"index, follow, max-snippet:-1, max-image-preview:large, max-video-preview:-1\" \/>\n<link rel=\"canonical\" href=\"https:\/\/www.gunmeplug.com\/fi\/refund_returns\/\" \/>\n<meta property=\"og:locale\" content=\"fi_FI\" \/>\n<meta property=\"og:type\" content=\"article\" \/>\n<meta property=\"og:title\" content=\"Refund and Returns Policy - Buy gun online USA\" \/>\n<meta property=\"og:url\" content=\"https:\/\/www.gunmeplug.com\/fi\/refund_returns\/\" \/>\n<meta property=\"og:site_name\" content=\"Buy gun online USA\" \/>\n<meta property=\"article:modified_time\" content=\"2023-05-03T10:02:34+00:00\" \/>\n<meta name=\"twitter:card\" content=\"summary_large_image\" \/>\n<meta name=\"twitter:label1\" content=\"Arvioitu lukuaika\" \/>\n\t<meta name=\"twitter:data1\" content=\"3 minuuttia\" \/>\n<script type=\"application\/ld+json\" class=\"yoast-schema-graph\">{\"@context\":\"https:\/\/schema.org\",\"@graph\":[{\"@type\":\"WebPage\",\"@id\":\"https:\/\/www.gunmeplug.com\/refund_returns\/\",\"url\":\"https:\/\/www.gunmeplug.com\/refund_returns\/\",\"name\":\"Refund and Returns Policy - Buy gun online USA\",\"isPartOf\":{\"@id\":\"https:\/\/www.gunmeplug.com\/#website\"},\"datePublished\":\"2021-11-05T17:23:33+00:00\",\"dateModified\":\"2023-05-03T10:02:34+00:00\",\"breadcrumb\":{\"@id\":\"https:\/\/www.gunmeplug.com\/refund_returns\/#breadcrumb\"},\"inLanguage\":\"fi\",\"potentialAction\":[{\"@type\":\"ReadAction\",\"target\":[\"https:\/\/www.gunmeplug.com\/refund_returns\/\"]}]},{\"@type\":\"BreadcrumbList\",\"@id\":\"https:\/\/www.gunmeplug.com\/refund_returns\/#breadcrumb\",\"itemListElement\":[{\"@type\":\"ListItem\",\"position\":1,\"name\":\"Home\",\"item\":\"https:\/\/www.gunmeplug.com\/es\/\"},{\"@type\":\"ListItem\",\"position\":2,\"name\":\"Refund and Returns Policy\"}]},{\"@type\":\"WebSite\",\"@id\":\"https:\/\/www.gunmeplug.com\/#website\",\"url\":\"https:\/\/www.gunmeplug.com\/\",\"name\":\"Buy gun online USA\",\"description\":\"FireArms for sale online \",\"potentialAction\":[{\"@type\":\"SearchAction\",\"target\":{\"@type\":\"EntryPoint\",\"urlTemplate\":\"https:\/\/www.gunmeplug.com\/?s={search_term_string}\"},\"query-input\":{\"@type\":\"PropertyValueSpecification\",\"valueRequired\":true,\"valueName\":\"search_term_string\"}}],\"inLanguage\":\"fi\"}]}<\/script>\n<!-- \/ Yoast SEO plugin. -->","yoast_head_json":{"title":"Palautus- ja palautusk\u00e4yt\u00e4nt\u00f6 - Osta ase netist\u00e4 Yhdysvalloissa","robots":{"index":"index","follow":"follow","max-snippet":"max-snippet:-1","max-image-preview":"max-image-preview:large","max-video-preview":"max-video-preview:-1"},"canonical":"https:\/\/www.gunmeplug.com\/fi\/refund_returns\/","og_locale":"fi_FI","og_type":"article","og_title":"Refund and Returns Policy - Buy gun online USA","og_url":"https:\/\/www.gunmeplug.com\/fi\/refund_returns\/","og_site_name":"Buy gun online USA","article_modified_time":"2023-05-03T10:02:34+00:00","twitter_card":"summary_large_image","twitter_misc":{"Arvioitu lukuaika":"3 minuuttia"},"schema":{"@context":"https:\/\/schema.org","@graph":[{"@type":"WebPage","@id":"https:\/\/www.gunmeplug.com\/refund_returns\/","url":"https:\/\/www.gunmeplug.com\/refund_returns\/","name":"Palautus- ja palautusk\u00e4yt\u00e4nt\u00f6 - Osta ase netist\u00e4 Yhdysvalloissa","isPartOf":{"@id":"https:\/\/www.gunmeplug.com\/#website"},"datePublished":"2021-11-05T17:23:33+00:00","dateModified":"2023-05-03T10:02:34+00:00","breadcrumb":{"@id":"https:\/\/www.gunmeplug.com\/refund_returns\/#breadcrumb"},"inLanguage":"fi","potentialAction":[{"@type":"ReadAction","target":["https:\/\/www.gunmeplug.com\/refund_returns\/"]}]},{"@type":"BreadcrumbList","@id":"https:\/\/www.gunmeplug.com\/refund_returns\/#breadcrumb","itemListElement":[{"@type":"ListItem","position":1,"name":"Home","item":"https:\/\/www.gunmeplug.com\/es\/"},{"@type":"ListItem","position":2,"name":"Refund and Returns Policy"}]},{"@type":"WebSite","@id":"https:\/\/www.gunmeplug.com\/#website","url":"https:\/\/www.gunmeplug.com\/","name":"Osta ase verkossa USA","description":"FireArms myyt\u00e4v\u00e4n\u00e4 verkossa","potentialAction":[{"@type":"SearchAction","target":{"@type":"EntryPoint","urlTemplate":"https:\/\/www.gunmeplug.com\/?s={search_term_string}"},"query-input":{"@type":"PropertyValueSpecification","valueRequired":true,"valueName":"search_term_string"}}],"inLanguage":"fi"}]}},"_links":{"self":[{"href":"https:\/\/www.gunmeplug.com\/fi\/wp-json\/wp\/v2\/pages\/3229","targetHints":{"allow":["GET"]}}],"collection":[{"href":"https:\/\/www.gunmeplug.com\/fi\/wp-json\/wp\/v2\/pages"}],"about":[{"href":"https:\/\/www.gunmeplug.com\/fi\/wp-json\/wp\/v2\/types\/page"}],"author":[{"embeddable":true,"href":"https:\/\/www.gunmeplug.com\/fi\/wp-json\/wp\/v2\/users\/1"}],"replies":[{"embeddable":true,"href":"https:\/\/www.gunmeplug.com\/fi\/wp-json\/wp\/v2\/comments?post=3229"}],"version-history":[{"count":1,"href":"https:\/\/www.gunmeplug.com\/fi\/wp-json\/wp\/v2\/pages\/3229\/revisions"}],"predecessor-version":[{"id":3412,"href":"https:\/\/www.gunmeplug.com\/fi\/wp-json\/wp\/v2\/pages\/3229\/revisions\/3412"}],"wp:attachment":[{"href":"https:\/\/www.gunmeplug.com\/fi\/wp-json\/wp\/v2\/media?parent=3229"}],"curies":[{"name":"wp","href":"https:\/\/api.w.org\/{rel}","templated":true}]}}