{"id":3930,"date":"2024-11-23T15:47:45","date_gmt":"2024-11-23T15:47:45","guid":{"rendered":"https:\/\/www.gunmeplug.com\/?post_type=product&#038;p=3930"},"modified":"2024-11-23T15:57:36","modified_gmt":"2024-11-23T15:57:36","slug":"permiso-de-compra-de-armas","status":"publish","type":"product","link":"https:\/\/www.gunmeplug.com\/es\/producto\/permiso-de-compra-de-armas\/","title":{"rendered":"Permiso de compra de armas de fuego"},"content":{"rendered":"<h2><strong>Comprar o solicitar un permiso de compra de armas de fuego por Internet en EE.UU.<\/strong><\/h2>\n<p>Con vistas a <strong>comprar un permiso de compra de armas de fuego en l\u00ednea<\/strong> o necesita orientaci\u00f3n sobre la <strong>proceso de solicitud de permiso de compra de armas de fuego<\/strong>? En <strong>GunMePlug<\/strong>Facilitamos la navegaci\u00f3n a los compradores de armas de fuego de todo EE.UU. <strong>normativa estatal sobre armas de fuego<\/strong> y conocer el <strong>requisitos para la adquisici\u00f3n de armas de fuego<\/strong> in their area. Whether you\u2019re applying for the first time, renewing your <strong>permiso de registro de armas<\/strong>o buscando informaci\u00f3n sobre <strong>leyes sobre tenencia de armas<\/strong>le garantizamos una experiencia r\u00e1pida, fiable y segura. Los propietarios de armas de fuego de <strong>estados de alta demanda<\/strong> como <strong>California<\/strong>, <strong>Texas<\/strong>, <strong>Florida<\/strong>, <strong>Illinois<\/strong>y <strong>Georgia<\/strong>cuando se cumpla <strong>leyes sobre la compra de armas de fuego<\/strong> es fundamental. Centr\u00e1ndose en <strong>aprobaciones r\u00e1pidas de permisos de compra de armas de fuego<\/strong>le proporcionamos todo lo que necesita para poseer y comprar armas de fuego legalmente.<\/p>\n<h3><strong>C\u00f3mo obtener un permiso de compra de armas de fuego<\/strong><\/h3>\n<p>Conseguir un <strong>permiso de compra de armas<\/strong> involves several steps, depending on your state\u2019s requirements. GunMePlug simplifies this process, guiding you through key steps like the <strong>proceso de verificaci\u00f3n de antecedentes de armas de fuego<\/strong> y presentando un <strong>solicitud de permiso de armas en l\u00ednea<\/strong>. Cada estado tiene leyes \u00fanicas, por lo que GunMePlug se asegura de que sepas exactamente qu\u00e9 documentaci\u00f3n se necesita, desde pruebas de identidad hasta certificados de formaci\u00f3n. Para los estados que requieren que las armas de fuego est\u00e9n registradas, le ayudamos a completar su <strong>permiso de registro de armas<\/strong> de forma r\u00e1pida y precisa. La comprobaci\u00f3n de antecedentes es un paso obligatorio para todos los solicitantes, lo que garantiza que cumple los criterios de elegibilidad estatales y federales. Tambi\u00e9n ofrecemos precios transparentes para ayudarle a comprender el <strong>coste del permiso de compra de armas<\/strong>sin gastos ocultos.<\/p>\n<h3><strong>Comprar un permiso de compra de armas de fuego en l\u00ednea<\/strong><\/h3>\n<p>En GunMePlug, puede <strong>comprar un permiso de compra de armas de fuego en l\u00ednea<\/strong> con facilidad. Nuestros servicios est\u00e1n dise\u00f1ados para proporcionarle una asistencia segura, r\u00e1pida y fiable. Le ofrecemos <strong>venta de permisos de compra de armas de fuego<\/strong> at affordable rates, tailored to your state\u2019s requirements. You can complete your <strong>compra de licencia de armas en l\u00ednea<\/strong>Ahorre tiempo y esfuerzo con las solicitudes digitales. Agilizamos el proceso para garantizar <strong>aprobaciones r\u00e1pidas de permisos de compra de armas de fuego<\/strong>para evitarle retrasos innecesarios. Su informaci\u00f3n personal est\u00e1 siempre protegida con nuestro <strong>tramitaci\u00f3n segura de permisos de armas de fuego<\/strong>.<\/p>\n<h3><strong>Estados con gran demanda de permisos de compra de armas de fuego<\/strong><\/h3>\n<p><strong>California<\/strong> es conocida por sus estrictas leyes de control de armas, que exigen un <strong>Certificado de seguridad de armas de fuego (FSC)<\/strong> y estrictos controles de antecedentes para todas las compras de armas de fuego. <strong>Texas<\/strong> ofrece un proceso simplificado para la compra de armas de fuego con restricciones m\u00ednimas, lo que la convierte en una opci\u00f3n muy popular entre los propietarios de armas de fuego. <strong>Florida<\/strong>\u2019s firearm permits are in high demand due to its reciprocity agreements with other states. <strong>Illinois<\/strong> requiere un <strong>Tarjeta de Identificaci\u00f3n de Propietarios de Armas de Fuego (FOID)<\/strong> para todas las compras de armas de fuego. <strong>Georgia<\/strong> es conocida por su eficaz proceso de solicitud y sus indulgentes leyes sobre tenencia de armas.<\/p>\n<h3><strong>\u00bfPor qu\u00e9 elegir GunMePlug para su permiso de compra de armas de fuego?<\/strong><\/h3>\n<p>GunMePlug te conecta con <strong>proveedores de permisos de armas de confianza<\/strong> y garantiza el cumplimiento de todas <strong>normativa estatal sobre armas de fuego<\/strong>. Puede enviar sus datos de forma segura desde la comodidad de su casa a trav\u00e9s de nuestro <strong>solicitud de permiso de armas en l\u00ednea<\/strong>. Para aquellos que se encuentran en estados con periodos de espera, proporcionamos orientaci\u00f3n para gestionar la <strong>periodo de espera para la compra de armas<\/strong> eficazmente. Tambi\u00e9n le ayudamos con <strong>renovaci\u00f3n de permisos de armas<\/strong>Mantenga al d\u00eda sus credenciales. En <strong>control de antecedentes de armas de fuego<\/strong> para verificar <strong>leyes sobre tenencia de armas<\/strong>Ofrecemos un apoyo integral para el cumplimiento de la normativa.<\/p>\n<h3><strong>Preguntas m\u00e1s frecuentes (FAQ)<\/strong><\/h3>\n<p><strong>\u00bfCu\u00e1l es el proceso para solicitar un permiso de compra de armas de fuego?<\/strong> Para solicitarlo, debe completar una comprobaci\u00f3n de antecedentes, cumplir los requisitos de documentaci\u00f3n espec\u00edficos del estado y presentar una solicitud de registro de armas de fuego. GunMePlug te simplifica este proceso.<\/p>\n<p><strong>\u00bfNecesito un permiso para comprar un arma de fuego en todos los estados?<\/strong> No todos los estados exigen permisos, pero muchos, como California, Illinois y Nueva York, obligan a obtener un permiso. <strong>permiso de compra de armas<\/strong> o equivalente. GunMePlug proporciona orientaci\u00f3n en funci\u00f3n de su ubicaci\u00f3n.<\/p>\n<p><strong>\u00bfCu\u00e1nto cuesta un permiso de compra de armas de fuego?<\/strong> El coste var\u00eda seg\u00fan el estado, con tasas que suelen oscilar entre $25 y $100. Garantizamos precios transparentes sin tasas ocultas.<\/p>\n<p><strong>\u00bfPuedo solicitar un permiso de compra de armas de fuego por Internet?<\/strong> S\u00ed, con GunMePlug, puede completar su <strong>solicitud de permiso de compra de arma de fuego<\/strong> en l\u00ednea de forma r\u00e1pida y segura.<\/p>\n<p><strong>\u00bfQu\u00e9 documentos se necesitan para obtener un permiso de compra de armas de fuego?<\/strong> La mayor\u00eda de los estados exigen un documento de identidad v\u00e1lido, una prueba de residencia y la realizaci\u00f3n de un curso de seguridad sobre armas de fuego. Los requisitos adicionales pueden variar.<\/p>\n<h3><strong>Inicie hoy mismo su solicitud de permiso de compra de armas de fuego<\/strong><\/h3>\n<p>Don\u2019t let complex regulations and paperwork delay your firearm purchase. At <strong>GunMePlug<\/strong>, we prioritize efficiency, security, and compliance, ensuring a smooth experience for all applicants. Whether you\u2019re applying for the first time, renewing your permit, or seeking assistance with <strong>normativa estatal sobre armas de fuego<\/strong>estamos aqu\u00ed para ayudarle. Comienza tu <strong>solicitud de permiso de compra de arma de fuego<\/strong> hoy mismo y conf\u00ede en GunMePlug para obtener servicios fiables, asequibles y r\u00e1pidos.<\/p>","protected":false},"excerpt":{"rendered":"<p>Buy or Apply for a Firearm Purchase Permit Online in the USA Looking to buy a Firearm Purchase Permit online or need guidance on the firearm purchase permit application process? At GunMePlug, we make it easy for firearm buyers across the USA to navigate state firearm regulations and meet the firearm purchase requirements in their [&hellip;]<\/p>","protected":false},"featured_media":3931,"template":"","meta":{"_acf_changed":false,"_joinchat":[]},"product_brand":[],"product_cat":[333],"product_tag":[368,366,370,354,360,363,369,357,359,367,372,355,365,371,358,361,356,373,364,362],"class_list":{"0":"post-3930","1":"product","2":"type-product","3":"status-publish","4":"has-post-thumbnail","6":"product_cat-gun-license-certifficate","7":"product_tag-affordable-firearm-purchase-permit","8":"product_tag-apply-for-firearm-purchase-permit","9":"product_tag-buy-firearm-permit-online-usa","10":"product_tag-buy-firearm-purchase-permit","11":"product_tag-fast-firearm-purchase-permit-approvals","12":"product_tag-firearm-background-check-process","13":"product_tag-firearm-laws-by-state","14":"product_tag-firearm-permit-application","15":"product_tag-firearm-permit-cost","16":"product_tag-firearm-permit-renewal","17":"product_tag-firearm-purchase-permit-assistance","18":"product_tag-firearm-purchase-permit-for-sale","19":"product_tag-firearm-purchase-requirements","20":"product_tag-firearm-registration-permit","21":"product_tag-how-to-get-a-firearm-purchase-permit","22":"product_tag-online-firearm-permit-application","23":"product_tag-purchase-firearm-license-online","24":"product_tag-reliable-firearm-permit-providers","25":"product_tag-secure-firearm-permit-processing","26":"product_tag-trusted-firearm-permit-providers","28":"first","29":"outofstock","30":"shipping-taxable","31":"product-type-simple"},"acf":[],"yoast_head":"<!-- This site is optimized with the Yoast SEO plugin v26.3 - https:\/\/yoast.com\/wordpress\/plugins\/seo\/ -->\n<title>Buy a Firearm Purchase Permit Online | Fast Approvals<\/title>\n<meta name=\"description\" content=\"Buy a Firearm Purchase Permit online with GunMePlug. Fast approvals, trusted providers, and affordable firearm purchase permits tailored to your state. Apply now!\" \/>\n<meta name=\"robots\" content=\"index, follow, max-snippet:-1, max-image-preview:large, max-video-preview:-1\" \/>\n<link rel=\"canonical\" href=\"https:\/\/www.gunmeplug.com\/es\/producto\/permiso-de-compra-de-armas\/\" \/>\n<meta property=\"og:locale\" content=\"es_ES\" \/>\n<meta property=\"og:type\" content=\"article\" \/>\n<meta property=\"og:title\" content=\"Buy a Firearm Purchase Permit Online | Fast Approvals\" \/>\n<meta property=\"og:description\" content=\"Buy a Firearm Purchase Permit online with GunMePlug. Fast approvals, trusted providers, and affordable firearm purchase permits tailored to your state. Apply now!\" \/>\n<meta property=\"og:url\" content=\"https:\/\/www.gunmeplug.com\/es\/producto\/permiso-de-compra-de-armas\/\" \/>\n<meta property=\"og:site_name\" content=\"Buy gun online USA\" \/>\n<meta property=\"article:modified_time\" content=\"2024-11-23T15:57:36+00:00\" \/>\n<meta property=\"og:image\" content=\"https:\/\/www.gunmeplug.com\/wp-content\/uploads\/2024\/11\/Firearm-Purchase.png\" \/>\n\t<meta property=\"og:image:width\" content=\"197\" \/>\n\t<meta property=\"og:image:height\" content=\"255\" \/>\n\t<meta property=\"og:image:type\" content=\"image\/png\" \/>\n<meta name=\"twitter:card\" content=\"summary_large_image\" \/>\n<meta name=\"twitter:label1\" content=\"Tiempo de lectura\" \/>\n\t<meta name=\"twitter:data1\" content=\"4 minutos\" \/>\n<script type=\"application\/ld+json\" class=\"yoast-schema-graph\">{\"@context\":\"https:\/\/schema.org\",\"@graph\":[{\"@type\":\"WebPage\",\"@id\":\"https:\/\/www.gunmeplug.com\/vi\/san-pham-2\/firearm-purchase-permit\/\",\"url\":\"https:\/\/www.gunmeplug.com\/vi\/san-pham-2\/firearm-purchase-permit\/\",\"name\":\"Buy a Firearm Purchase Permit Online | Fast Approvals\",\"isPartOf\":{\"@id\":\"https:\/\/www.gunmeplug.com\/#website\"},\"primaryImageOfPage\":{\"@id\":\"https:\/\/www.gunmeplug.com\/vi\/san-pham-2\/firearm-purchase-permit\/#primaryimage\"},\"image\":{\"@id\":\"https:\/\/www.gunmeplug.com\/vi\/san-pham-2\/firearm-purchase-permit\/#primaryimage\"},\"thumbnailUrl\":\"https:\/\/www.gunmeplug.com\/wp-content\/uploads\/2024\/11\/Firearm-Purchase.png\",\"datePublished\":\"2024-11-23T15:47:45+00:00\",\"dateModified\":\"2024-11-23T15:57:36+00:00\",\"description\":\"Buy a Firearm Purchase Permit online with GunMePlug. Fast approvals, trusted providers, and affordable firearm purchase permits tailored to your state. Apply now!\",\"breadcrumb\":{\"@id\":\"https:\/\/www.gunmeplug.com\/vi\/san-pham-2\/firearm-purchase-permit\/#breadcrumb\"},\"inLanguage\":\"es\",\"potentialAction\":[{\"@type\":\"ReadAction\",\"target\":[\"https:\/\/www.gunmeplug.com\/vi\/san-pham-2\/firearm-purchase-permit\/\"]}]},{\"@type\":\"ImageObject\",\"inLanguage\":\"es\",\"@id\":\"https:\/\/www.gunmeplug.com\/vi\/san-pham-2\/firearm-purchase-permit\/#primaryimage\",\"url\":\"https:\/\/www.gunmeplug.com\/wp-content\/uploads\/2024\/11\/Firearm-Purchase.png\",\"contentUrl\":\"https:\/\/www.gunmeplug.com\/wp-content\/uploads\/2024\/11\/Firearm-Purchase.png\",\"width\":197,\"height\":255,\"caption\":\"Buy Firearm Purchase Permit\"},{\"@type\":\"BreadcrumbList\",\"@id\":\"https:\/\/www.gunmeplug.com\/vi\/san-pham-2\/firearm-purchase-permit\/#breadcrumb\",\"itemListElement\":[{\"@type\":\"ListItem\",\"position\":1,\"name\":\"Home\",\"item\":\"https:\/\/www.gunmeplug.com\/es\/\"},{\"@type\":\"ListItem\",\"position\":2,\"name\":\"Shop\",\"item\":\"https:\/\/www.gunmeplug.com\/es\/shop\/\"},{\"@type\":\"ListItem\",\"position\":3,\"name\":\"Firearm Purchase Permit\"}]},{\"@type\":\"WebSite\",\"@id\":\"https:\/\/www.gunmeplug.com\/#website\",\"url\":\"https:\/\/www.gunmeplug.com\/\",\"name\":\"Buy gun online USA\",\"description\":\"FireArms for sale online \",\"potentialAction\":[{\"@type\":\"SearchAction\",\"target\":{\"@type\":\"EntryPoint\",\"urlTemplate\":\"https:\/\/www.gunmeplug.com\/?s={search_term_string}\"},\"query-input\":{\"@type\":\"PropertyValueSpecification\",\"valueRequired\":true,\"valueName\":\"search_term_string\"}}],\"inLanguage\":\"es\"}]}<\/script>\n<!-- \/ Yoast SEO plugin. -->","yoast_head_json":{"title":"Comprar un permiso de compra de armas de fuego en l\u00ednea | Aprobaciones r\u00e1pidas","description":"Compre un Permiso de Compra de Arma de Fuego online con GunMePlug. Aprobaciones r\u00e1pidas, proveedores de confianza y permisos de compra de armas de fuego asequibles adaptados a su estado. \u00a1Aplique ahora!","robots":{"index":"index","follow":"follow","max-snippet":"max-snippet:-1","max-image-preview":"max-image-preview:large","max-video-preview":"max-video-preview:-1"},"canonical":"https:\/\/www.gunmeplug.com\/es\/producto\/permiso-de-compra-de-armas\/","og_locale":"es_ES","og_type":"article","og_title":"Buy a Firearm Purchase Permit Online | Fast Approvals","og_description":"Buy a Firearm Purchase Permit online with GunMePlug. Fast approvals, trusted providers, and affordable firearm purchase permits tailored to your state. Apply now!","og_url":"https:\/\/www.gunmeplug.com\/es\/producto\/permiso-de-compra-de-armas\/","og_site_name":"Buy gun online USA","article_modified_time":"2024-11-23T15:57:36+00:00","og_image":[{"width":197,"height":255,"url":"https:\/\/www.gunmeplug.com\/wp-content\/uploads\/2024\/11\/Firearm-Purchase.png","type":"image\/png"}],"twitter_card":"summary_large_image","twitter_misc":{"Tiempo de lectura":"4 minutos"},"schema":{"@context":"https:\/\/schema.org","@graph":[{"@type":"WebPage","@id":"https:\/\/www.gunmeplug.com\/vi\/san-pham-2\/firearm-purchase-permit\/","url":"https:\/\/www.gunmeplug.com\/vi\/san-pham-2\/firearm-purchase-permit\/","name":"Comprar un permiso de compra de armas de fuego en l\u00ednea | Aprobaciones r\u00e1pidas","isPartOf":{"@id":"https:\/\/www.gunmeplug.com\/#website"},"primaryImageOfPage":{"@id":"https:\/\/www.gunmeplug.com\/vi\/san-pham-2\/firearm-purchase-permit\/#primaryimage"},"image":{"@id":"https:\/\/www.gunmeplug.com\/vi\/san-pham-2\/firearm-purchase-permit\/#primaryimage"},"thumbnailUrl":"https:\/\/www.gunmeplug.com\/wp-content\/uploads\/2024\/11\/Firearm-Purchase.png","datePublished":"2024-11-23T15:47:45+00:00","dateModified":"2024-11-23T15:57:36+00:00","description":"Compre un Permiso de Compra de Arma de Fuego online con GunMePlug. Aprobaciones r\u00e1pidas, proveedores de confianza y permisos de compra de armas de fuego asequibles adaptados a su estado. \u00a1Aplique ahora!","breadcrumb":{"@id":"https:\/\/www.gunmeplug.com\/vi\/san-pham-2\/firearm-purchase-permit\/#breadcrumb"},"inLanguage":"es","potentialAction":[{"@type":"ReadAction","target":["https:\/\/www.gunmeplug.com\/vi\/san-pham-2\/firearm-purchase-permit\/"]}]},{"@type":"ImageObject","inLanguage":"es","@id":"https:\/\/www.gunmeplug.com\/vi\/san-pham-2\/firearm-purchase-permit\/#primaryimage","url":"https:\/\/www.gunmeplug.com\/wp-content\/uploads\/2024\/11\/Firearm-Purchase.png","contentUrl":"https:\/\/www.gunmeplug.com\/wp-content\/uploads\/2024\/11\/Firearm-Purchase.png","width":197,"height":255,"caption":"Buy Firearm Purchase Permit"},{"@type":"BreadcrumbList","@id":"https:\/\/www.gunmeplug.com\/vi\/san-pham-2\/firearm-purchase-permit\/#breadcrumb","itemListElement":[{"@type":"ListItem","position":1,"name":"Home","item":"https:\/\/www.gunmeplug.com\/es\/"},{"@type":"ListItem","position":2,"name":"Shop","item":"https:\/\/www.gunmeplug.com\/es\/shop\/"},{"@type":"ListItem","position":3,"name":"Firearm Purchase Permit"}]},{"@type":"WebSite","@id":"https:\/\/www.gunmeplug.com\/#website","url":"https:\/\/www.gunmeplug.com\/","name":"Comprar arma online EE.UU.","description":"Venta de armas de fuego en l\u00ednea","potentialAction":[{"@type":"SearchAction","target":{"@type":"EntryPoint","urlTemplate":"https:\/\/www.gunmeplug.com\/?s={search_term_string}"},"query-input":{"@type":"PropertyValueSpecification","valueRequired":true,"valueName":"search_term_string"}}],"inLanguage":"es"}]}},"_links":{"self":[{"href":"https:\/\/www.gunmeplug.com\/es\/wp-json\/wp\/v2\/product\/3930","targetHints":{"allow":["GET"]}}],"collection":[{"href":"https:\/\/www.gunmeplug.com\/es\/wp-json\/wp\/v2\/product"}],"about":[{"href":"https:\/\/www.gunmeplug.com\/es\/wp-json\/wp\/v2\/types\/product"}],"wp:featuredmedia":[{"embeddable":true,"href":"https:\/\/www.gunmeplug.com\/es\/wp-json\/wp\/v2\/media\/3931"}],"wp:attachment":[{"href":"https:\/\/www.gunmeplug.com\/es\/wp-json\/wp\/v2\/media?parent=3930"}],"wp:term":[{"taxonomy":"product_brand","embeddable":true,"href":"https:\/\/www.gunmeplug.com\/es\/wp-json\/wp\/v2\/product_brand?post=3930"},{"taxonomy":"product_cat","embeddable":true,"href":"https:\/\/www.gunmeplug.com\/es\/wp-json\/wp\/v2\/product_cat?post=3930"},{"taxonomy":"product_tag","embeddable":true,"href":"https:\/\/www.gunmeplug.com\/es\/wp-json\/wp\/v2\/product_tag?post=3930"}],"curies":[{"name":"wp","href":"https:\/\/api.w.org\/{rel}","templated":true}]}}