{"id":3406,"date":"2023-05-03T09:39:42","date_gmt":"2023-05-03T09:39:42","guid":{"rendered":"https:\/\/www.gunmeplug.com\/?post_type=product&#038;p=3406"},"modified":"2023-05-03T10:20:20","modified_gmt":"2023-05-03T10:20:20","slug":"glock-45-gen5-9mm-pistol-4-0-171rd-pa455s203","status":"publish","type":"product","link":"https:\/\/www.gunmeplug.com\/es\/producto\/glock-45-gen5-9mm-pistol-4-0-171rd-pa455s203\/","title":{"rendered":"Glock 45 Gen5 9mm Pistol 4.0&#8243; 17+1RD PA455S203"},"content":{"rendered":"<h3 class=\"tab_content_head\">DETALLES<\/h3>\n<div class=\"product attribute description\">\n<div class=\"value\">\n<p>TENGA EN CUENTA: Este art\u00edculo requiere un tiempo de procesamiento extendido de 10 d\u00edas.<\/p>\n<p>Una nueva incorporaci\u00f3n a la familia 9X19 de pistolas GLOCK que presenta lo \u00faltimo en dise\u00f1o e ingenier\u00eda visto en la quinta generaci\u00f3n de pistolas GLOCK. La GLOCK 45 combina el manejo r\u00e1pido de la diapositiva de tama\u00f1o compacto GLOCK 19 con el marco de tama\u00f1o completo como un Crossover compacto.<\/p>\n<p>Door het Crossover-ontwerp van de GLOCK 19X en de superieure GLOCK-afwerking met hard oppervlak in niet-reflecterend zwart over te nemen, is de G45 het ultieme servicepistool.<\/p>\n<p>Engineered with the GLOCK perfection promise, the G45 features the Safe Action System\u00ae and is backed by torture-testing that has made GLOCK a name synonymous with innovation and reliability.<\/p>\n<p>La G45 incorpora elementos de la 5\u00aa Generaci\u00f3n de pistolas GLOCK, incluyendo un gatillo m\u00e1s suave, una textura del armaz\u00f3n mejorada para un manejo seguro, un ret\u00e9n del cargador reversible, una palanca de parada de la corredera ambidiestra, el Sistema de Retroceso Modular (MBS) para un ajuste individual y el incre\u00edblemente preciso Ca\u00f1\u00f3n GLOCK Marksman (GMB). La G45 tambi\u00e9n cuenta con estr\u00edas delanteras fresadas con precisi\u00f3n delante del puerto de expulsi\u00f3n en ambos lados.<\/p>\n<p><strong>Caracter\u00edsticas del producto:<\/strong><\/p>\n<ul class=\"disc\">\n<li>Ca\u00f1\u00f3n Glock Marksman<\/li>\n<li>Pozo magn\u00e9tico acampanado<\/li>\n<li>Palanca de parada de la corredera ambidiestra<\/li>\n<li>Acabado nDLC en ca\u00f1\u00f3n y corredera<\/li>\n<li>Eliminaci\u00f3n de las ranuras para los dedos para mayor comodidad de todos los tama\u00f1os de mano<\/li>\n<li>Correas traseras intercambiables para tiradores de diferentes tallas<\/li>\n<li>Cargador reversible<\/li>\n<li>Picattiny Rail<\/li>\n<li>Protector de gatillo dentado<\/li>\n<li>Los seguros incluyen: Gatillo, percutor y ca\u00edda<\/li>\n<li>Incluye (3) cargadores de 17rd<\/li>\n<li>Peso del gatillo: 6 libras<\/li>\n<\/ul>\n<\/div>\n<\/div>","protected":false},"excerpt":{"rendered":"<p>DETAILS PLEASE NOTE: This item requires an extended processing time of 10 days. A new addition to the 9X19 family of GLOCK pistols featuring the latest in design and engineering seen in the 5th Generation of GLOCK pistols. The GLOCK 45 combines the fast handling of the GLOCK 19 compact-sized slide with the full-size frame [&hellip;]<\/p>","protected":false},"featured_media":3411,"template":"","meta":{"_acf_changed":false,"_joinchat":[]},"product_brand":[],"product_cat":[136],"product_tag":[],"class_list":{"0":"post-3406","1":"product","2":"type-product","3":"status-publish","4":"has-post-thumbnail","6":"product_cat-glocks-for-sale","8":"first","9":"instock","10":"sale","11":"shipping-taxable","12":"purchasable","13":"product-type-simple"},"acf":[],"yoast_head":"<!-- This site is optimized with the Yoast SEO plugin v26.3 - https:\/\/yoast.com\/wordpress\/plugins\/seo\/ -->\n<title>Glock 45 Gen5 9mm Pistol 4.0&quot; 17+1RD PA455S203 - Buy gun online USA<\/title>\n<meta name=\"robots\" content=\"index, follow, max-snippet:-1, max-image-preview:large, max-video-preview:-1\" \/>\n<link rel=\"canonical\" href=\"https:\/\/www.gunmeplug.com\/es\/producto\/glock-45-gen5-9mm-pistol-4-0-171rd-pa455s203\/\" \/>\n<meta property=\"og:locale\" content=\"es_ES\" \/>\n<meta property=\"og:type\" content=\"article\" \/>\n<meta property=\"og:title\" content=\"Glock 45 Gen5 9mm Pistol 4.0&quot; 17+1RD PA455S203 - Buy gun online USA\" \/>\n<meta property=\"og:description\" content=\"DETAILS PLEASE NOTE: This item requires an extended processing time of 10 days. A new addition to the 9X19 family of GLOCK pistols featuring the latest in design and engineering seen in the 5th Generation of GLOCK pistols. The GLOCK 45 combines the fast handling of the GLOCK 19 compact-sized slide with the full-size frame [&hellip;]\" \/>\n<meta property=\"og:url\" content=\"https:\/\/www.gunmeplug.com\/es\/producto\/glock-45-gen5-9mm-pistol-4-0-171rd-pa455s203\/\" \/>\n<meta property=\"og:site_name\" content=\"Buy gun online USA\" \/>\n<meta property=\"article:modified_time\" content=\"2023-05-03T10:20:20+00:00\" \/>\n<meta property=\"og:image\" content=\"https:\/\/www.gunmeplug.com\/wp-content\/uploads\/2023\/05\/Glock-45-Gen5-9mm-Pistol.jpg\" \/>\n\t<meta property=\"og:image:width\" content=\"600\" \/>\n\t<meta property=\"og:image:height\" content=\"600\" \/>\n\t<meta property=\"og:image:type\" content=\"image\/jpeg\" \/>\n<meta name=\"twitter:card\" content=\"summary_large_image\" \/>\n<meta name=\"twitter:label1\" content=\"Tiempo de lectura\" \/>\n\t<meta name=\"twitter:data1\" content=\"1 minuto\" \/>\n<script type=\"application\/ld+json\" class=\"yoast-schema-graph\">{\"@context\":\"https:\/\/schema.org\",\"@graph\":[{\"@type\":\"WebPage\",\"@id\":\"https:\/\/www.gunmeplug.com\/vi\/san-pham-2\/glock-45-gen5-9mm-pistol-4-0-171rd-pa455s203\/\",\"url\":\"https:\/\/www.gunmeplug.com\/vi\/san-pham-2\/glock-45-gen5-9mm-pistol-4-0-171rd-pa455s203\/\",\"name\":\"Glock 45 Gen5 9mm Pistol 4.0\\\" 17+1RD PA455S203 - Buy gun online USA\",\"isPartOf\":{\"@id\":\"https:\/\/www.gunmeplug.com\/#website\"},\"primaryImageOfPage\":{\"@id\":\"https:\/\/www.gunmeplug.com\/vi\/san-pham-2\/glock-45-gen5-9mm-pistol-4-0-171rd-pa455s203\/#primaryimage\"},\"image\":{\"@id\":\"https:\/\/www.gunmeplug.com\/vi\/san-pham-2\/glock-45-gen5-9mm-pistol-4-0-171rd-pa455s203\/#primaryimage\"},\"thumbnailUrl\":\"https:\/\/www.gunmeplug.com\/wp-content\/uploads\/2023\/05\/Glock-45-Gen5-9mm-Pistol.jpg\",\"datePublished\":\"2023-05-03T09:39:42+00:00\",\"dateModified\":\"2023-05-03T10:20:20+00:00\",\"breadcrumb\":{\"@id\":\"https:\/\/www.gunmeplug.com\/vi\/san-pham-2\/glock-45-gen5-9mm-pistol-4-0-171rd-pa455s203\/#breadcrumb\"},\"inLanguage\":\"es\",\"potentialAction\":[{\"@type\":\"ReadAction\",\"target\":[\"https:\/\/www.gunmeplug.com\/vi\/san-pham-2\/glock-45-gen5-9mm-pistol-4-0-171rd-pa455s203\/\"]}]},{\"@type\":\"ImageObject\",\"inLanguage\":\"es\",\"@id\":\"https:\/\/www.gunmeplug.com\/vi\/san-pham-2\/glock-45-gen5-9mm-pistol-4-0-171rd-pa455s203\/#primaryimage\",\"url\":\"https:\/\/www.gunmeplug.com\/wp-content\/uploads\/2023\/05\/Glock-45-Gen5-9mm-Pistol.jpg\",\"contentUrl\":\"https:\/\/www.gunmeplug.com\/wp-content\/uploads\/2023\/05\/Glock-45-Gen5-9mm-Pistol.jpg\",\"width\":600,\"height\":600,\"caption\":\"Glock-45-Gen5-9mm-Pistol\"},{\"@type\":\"BreadcrumbList\",\"@id\":\"https:\/\/www.gunmeplug.com\/vi\/san-pham-2\/glock-45-gen5-9mm-pistol-4-0-171rd-pa455s203\/#breadcrumb\",\"itemListElement\":[{\"@type\":\"ListItem\",\"position\":1,\"name\":\"Home\",\"item\":\"https:\/\/www.gunmeplug.com\/es\/\"},{\"@type\":\"ListItem\",\"position\":2,\"name\":\"Shop\",\"item\":\"https:\/\/www.gunmeplug.com\/es\/shop\/\"},{\"@type\":\"ListItem\",\"position\":3,\"name\":\"Glock 45 Gen5 9mm Pistol 4.0&#8243; 17+1RD PA455S203\"}]},{\"@type\":\"WebSite\",\"@id\":\"https:\/\/www.gunmeplug.com\/#website\",\"url\":\"https:\/\/www.gunmeplug.com\/\",\"name\":\"Buy gun online USA\",\"description\":\"FireArms for sale online \",\"potentialAction\":[{\"@type\":\"SearchAction\",\"target\":{\"@type\":\"EntryPoint\",\"urlTemplate\":\"https:\/\/www.gunmeplug.com\/?s={search_term_string}\"},\"query-input\":{\"@type\":\"PropertyValueSpecification\",\"valueRequired\":true,\"valueName\":\"search_term_string\"}}],\"inLanguage\":\"es\"}]}<\/script>\n<!-- \/ Yoast SEO plugin. -->","yoast_head_json":{"title":"Glock 45 Gen5 Pistola 9mm 4.0\" 17+1RD PA455S203 - Comprar arma online EEUU","robots":{"index":"index","follow":"follow","max-snippet":"max-snippet:-1","max-image-preview":"max-image-preview:large","max-video-preview":"max-video-preview:-1"},"canonical":"https:\/\/www.gunmeplug.com\/es\/producto\/glock-45-gen5-9mm-pistol-4-0-171rd-pa455s203\/","og_locale":"es_ES","og_type":"article","og_title":"Glock 45 Gen5 9mm Pistol 4.0\" 17+1RD PA455S203 - Buy gun online USA","og_description":"DETAILS PLEASE NOTE: This item requires an extended processing time of 10 days. A new addition to the 9X19 family of GLOCK pistols featuring the latest in design and engineering seen in the 5th Generation of GLOCK pistols. The GLOCK 45 combines the fast handling of the GLOCK 19 compact-sized slide with the full-size frame [&hellip;]","og_url":"https:\/\/www.gunmeplug.com\/es\/producto\/glock-45-gen5-9mm-pistol-4-0-171rd-pa455s203\/","og_site_name":"Buy gun online USA","article_modified_time":"2023-05-03T10:20:20+00:00","og_image":[{"width":600,"height":600,"url":"https:\/\/www.gunmeplug.com\/wp-content\/uploads\/2023\/05\/Glock-45-Gen5-9mm-Pistol.jpg","type":"image\/jpeg"}],"twitter_card":"summary_large_image","twitter_misc":{"Tiempo de lectura":"1 minuto"},"schema":{"@context":"https:\/\/schema.org","@graph":[{"@type":"WebPage","@id":"https:\/\/www.gunmeplug.com\/vi\/san-pham-2\/glock-45-gen5-9mm-pistol-4-0-171rd-pa455s203\/","url":"https:\/\/www.gunmeplug.com\/vi\/san-pham-2\/glock-45-gen5-9mm-pistol-4-0-171rd-pa455s203\/","name":"Glock 45 Gen5 Pistola 9mm 4.0\" 17+1RD PA455S203 - Comprar arma online EEUU","isPartOf":{"@id":"https:\/\/www.gunmeplug.com\/#website"},"primaryImageOfPage":{"@id":"https:\/\/www.gunmeplug.com\/vi\/san-pham-2\/glock-45-gen5-9mm-pistol-4-0-171rd-pa455s203\/#primaryimage"},"image":{"@id":"https:\/\/www.gunmeplug.com\/vi\/san-pham-2\/glock-45-gen5-9mm-pistol-4-0-171rd-pa455s203\/#primaryimage"},"thumbnailUrl":"https:\/\/www.gunmeplug.com\/wp-content\/uploads\/2023\/05\/Glock-45-Gen5-9mm-Pistol.jpg","datePublished":"2023-05-03T09:39:42+00:00","dateModified":"2023-05-03T10:20:20+00:00","breadcrumb":{"@id":"https:\/\/www.gunmeplug.com\/vi\/san-pham-2\/glock-45-gen5-9mm-pistol-4-0-171rd-pa455s203\/#breadcrumb"},"inLanguage":"es","potentialAction":[{"@type":"ReadAction","target":["https:\/\/www.gunmeplug.com\/vi\/san-pham-2\/glock-45-gen5-9mm-pistol-4-0-171rd-pa455s203\/"]}]},{"@type":"ImageObject","inLanguage":"es","@id":"https:\/\/www.gunmeplug.com\/vi\/san-pham-2\/glock-45-gen5-9mm-pistol-4-0-171rd-pa455s203\/#primaryimage","url":"https:\/\/www.gunmeplug.com\/wp-content\/uploads\/2023\/05\/Glock-45-Gen5-9mm-Pistol.jpg","contentUrl":"https:\/\/www.gunmeplug.com\/wp-content\/uploads\/2023\/05\/Glock-45-Gen5-9mm-Pistol.jpg","width":600,"height":600,"caption":"Glock-45-Gen5-9mm-Pistol"},{"@type":"BreadcrumbList","@id":"https:\/\/www.gunmeplug.com\/vi\/san-pham-2\/glock-45-gen5-9mm-pistol-4-0-171rd-pa455s203\/#breadcrumb","itemListElement":[{"@type":"ListItem","position":1,"name":"Home","item":"https:\/\/www.gunmeplug.com\/es\/"},{"@type":"ListItem","position":2,"name":"Shop","item":"https:\/\/www.gunmeplug.com\/es\/shop\/"},{"@type":"ListItem","position":3,"name":"Glock 45 Gen5 9mm Pistol 4.0&#8243; 17+1RD PA455S203"}]},{"@type":"WebSite","@id":"https:\/\/www.gunmeplug.com\/#website","url":"https:\/\/www.gunmeplug.com\/","name":"Comprar arma online EE.UU.","description":"Venta de armas de fuego en l\u00ednea","potentialAction":[{"@type":"SearchAction","target":{"@type":"EntryPoint","urlTemplate":"https:\/\/www.gunmeplug.com\/?s={search_term_string}"},"query-input":{"@type":"PropertyValueSpecification","valueRequired":true,"valueName":"search_term_string"}}],"inLanguage":"es"}]}},"_links":{"self":[{"href":"https:\/\/www.gunmeplug.com\/es\/wp-json\/wp\/v2\/product\/3406","targetHints":{"allow":["GET"]}}],"collection":[{"href":"https:\/\/www.gunmeplug.com\/es\/wp-json\/wp\/v2\/product"}],"about":[{"href":"https:\/\/www.gunmeplug.com\/es\/wp-json\/wp\/v2\/types\/product"}],"wp:featuredmedia":[{"embeddable":true,"href":"https:\/\/www.gunmeplug.com\/es\/wp-json\/wp\/v2\/media\/3411"}],"wp:attachment":[{"href":"https:\/\/www.gunmeplug.com\/es\/wp-json\/wp\/v2\/media?parent=3406"}],"wp:term":[{"taxonomy":"product_brand","embeddable":true,"href":"https:\/\/www.gunmeplug.com\/es\/wp-json\/wp\/v2\/product_brand?post=3406"},{"taxonomy":"product_cat","embeddable":true,"href":"https:\/\/www.gunmeplug.com\/es\/wp-json\/wp\/v2\/product_cat?post=3406"},{"taxonomy":"product_tag","embeddable":true,"href":"https:\/\/www.gunmeplug.com\/es\/wp-json\/wp\/v2\/product_tag?post=3406"}],"curies":[{"name":"wp","href":"https:\/\/api.w.org\/{rel}","templated":true}]}}