{"id":3402,"date":"2023-05-03T09:39:24","date_gmt":"2023-05-03T09:39:24","guid":{"rendered":"https:\/\/www.gunmeplug.com\/?post_type=product&#038;p=3402"},"modified":"2023-05-03T10:20:09","modified_gmt":"2023-05-03T10:20:09","slug":"glock-g44-22lr-safe-action-black-pistol-4-101rd-ua4450101","status":"publish","type":"product","link":"https:\/\/www.gunmeplug.com\/es\/producto\/glock-g44-22lr-safe-action-black-pistol-4-101rd-ua4450101\/","title":{"rendered":"Glock G44 .22LR Safe Action Black Pistol 4&#8243; 10+1RD UA4450101"},"content":{"rendered":"<h3 class=\"tab_content_head\">DETALLES<\/h3>\n<div class=\"product attribute description\">\n<div class=\"value\">\n<p>Once you start with perfection \u2013 you stay with perfection. The G44 is the ideal pistol to start or enhance your shooting experience. The innovative design of the hybrid steel-polymer slide chambered in our first .22 caliber round provides a lightweight and low recoil functionality for optimal control.<\/p>\n<p>El G44 se prob\u00f3 minuciosamente con una amplia variedad de municiones para garantizar el m\u00e1ximo rendimiento y redefinir lo que pueden hacer los peque\u00f1os.<\/p>\n<p>La G44 es una pistola de tama\u00f1o compacto con la capacidad de adaptarse a casi todos los tama\u00f1os de mano mediante el uso de las diferentes correas traseras que se suministran con la pistola. El G44 viene de serie con GLOCK Marksman Barrel (GMB) para una mayor exactitud y precisi\u00f3n.<\/p>\n<p>De juiste uitrusting is essentieel. De G44 wordt geleverd met verstelbare achtervizieren en twee laadhulpmagazijnen. Alles wat een goed voorbereide schutter nodig heeft.<\/p>\n<p><strong>Caracter\u00edsticas del producto:<\/strong><\/p>\n<ul>\n<li>Incluye (2) revistas 17.<\/li>\n<li>Ca\u00f1\u00f3n Glock Marksman<\/li>\n<li>Correas traseras intercambiables.<\/li>\n<li>Trigger Pull: 6 libbre<\/li>\n<\/ul>\n<\/div>\n<\/div>","protected":false},"excerpt":{"rendered":"<p>DETAILS Once you start with perfection \u2013 you stay with perfection. The G44 is the ideal pistol to start or enhance your shooting experience. The innovative design of the hybrid steel-polymer slide chambered in our first .22 caliber round provides a lightweight and low recoil functionality for optimal control. The G44 was thoroughly tested with [&hellip;]<\/p>","protected":false},"featured_media":3407,"template":"","meta":{"_acf_changed":false,"_joinchat":[]},"product_brand":[],"product_cat":[136],"product_tag":[],"class_list":{"0":"post-3402","1":"product","2":"type-product","3":"status-publish","4":"has-post-thumbnail","6":"product_cat-glocks-for-sale","8":"first","9":"instock","10":"sale","11":"shipping-taxable","12":"purchasable","13":"product-type-simple"},"acf":[],"yoast_head":"<!-- This site is optimized with the Yoast SEO plugin v26.3 - https:\/\/yoast.com\/wordpress\/plugins\/seo\/ -->\n<title>Glock G44 .22LR Safe Action Black Pistol 4&quot; 10+1RD UA4450101 - Buy gun online USA<\/title>\n<meta name=\"robots\" content=\"index, follow, max-snippet:-1, max-image-preview:large, max-video-preview:-1\" \/>\n<link rel=\"canonical\" href=\"https:\/\/www.gunmeplug.com\/es\/producto\/glock-g44-22lr-safe-action-black-pistol-4-101rd-ua4450101\/\" \/>\n<meta property=\"og:locale\" content=\"es_ES\" \/>\n<meta property=\"og:type\" content=\"article\" \/>\n<meta property=\"og:title\" content=\"Glock G44 .22LR Safe Action Black Pistol 4&quot; 10+1RD UA4450101 - Buy gun online USA\" \/>\n<meta property=\"og:description\" content=\"DETAILS Once you start with perfection \u2013 you stay with perfection. The G44 is the ideal pistol to start or enhance your shooting experience. The innovative design of the hybrid steel-polymer slide chambered in our first .22 caliber round provides a lightweight and low recoil functionality for optimal control. The G44 was thoroughly tested with [&hellip;]\" \/>\n<meta property=\"og:url\" content=\"https:\/\/www.gunmeplug.com\/es\/producto\/glock-g44-22lr-safe-action-black-pistol-4-101rd-ua4450101\/\" \/>\n<meta property=\"og:site_name\" content=\"Buy gun online USA\" \/>\n<meta property=\"article:modified_time\" content=\"2023-05-03T10:20:09+00:00\" \/>\n<meta property=\"og:image\" content=\"https:\/\/www.gunmeplug.com\/wp-content\/uploads\/2023\/05\/Glock-G44-.22LR-Safe-Action-Black-Pistol.jpg\" \/>\n\t<meta property=\"og:image:width\" content=\"600\" \/>\n\t<meta property=\"og:image:height\" content=\"600\" \/>\n\t<meta property=\"og:image:type\" content=\"image\/jpeg\" \/>\n<meta name=\"twitter:card\" content=\"summary_large_image\" \/>\n<meta name=\"twitter:label1\" content=\"Tiempo de lectura\" \/>\n\t<meta name=\"twitter:data1\" content=\"1 minuto\" \/>\n<script type=\"application\/ld+json\" class=\"yoast-schema-graph\">{\"@context\":\"https:\/\/schema.org\",\"@graph\":[{\"@type\":\"WebPage\",\"@id\":\"https:\/\/www.gunmeplug.com\/it\/prodotto\/glock-g44-22lr-safe-action-black-pistol-4-101rd-ua4450101\/\",\"url\":\"https:\/\/www.gunmeplug.com\/it\/prodotto\/glock-g44-22lr-safe-action-black-pistol-4-101rd-ua4450101\/\",\"name\":\"Glock G44 .22LR Safe Action Black Pistol 4\\\" 10+1RD UA4450101 - Buy gun online USA\",\"isPartOf\":{\"@id\":\"https:\/\/www.gunmeplug.com\/#website\"},\"primaryImageOfPage\":{\"@id\":\"https:\/\/www.gunmeplug.com\/it\/prodotto\/glock-g44-22lr-safe-action-black-pistol-4-101rd-ua4450101\/#primaryimage\"},\"image\":{\"@id\":\"https:\/\/www.gunmeplug.com\/it\/prodotto\/glock-g44-22lr-safe-action-black-pistol-4-101rd-ua4450101\/#primaryimage\"},\"thumbnailUrl\":\"https:\/\/www.gunmeplug.com\/wp-content\/uploads\/2023\/05\/Glock-G44-.22LR-Safe-Action-Black-Pistol.jpg\",\"datePublished\":\"2023-05-03T09:39:24+00:00\",\"dateModified\":\"2023-05-03T10:20:09+00:00\",\"breadcrumb\":{\"@id\":\"https:\/\/www.gunmeplug.com\/it\/prodotto\/glock-g44-22lr-safe-action-black-pistol-4-101rd-ua4450101\/#breadcrumb\"},\"inLanguage\":\"es\",\"potentialAction\":[{\"@type\":\"ReadAction\",\"target\":[\"https:\/\/www.gunmeplug.com\/it\/prodotto\/glock-g44-22lr-safe-action-black-pistol-4-101rd-ua4450101\/\"]}]},{\"@type\":\"ImageObject\",\"inLanguage\":\"es\",\"@id\":\"https:\/\/www.gunmeplug.com\/it\/prodotto\/glock-g44-22lr-safe-action-black-pistol-4-101rd-ua4450101\/#primaryimage\",\"url\":\"https:\/\/www.gunmeplug.com\/wp-content\/uploads\/2023\/05\/Glock-G44-.22LR-Safe-Action-Black-Pistol.jpg\",\"contentUrl\":\"https:\/\/www.gunmeplug.com\/wp-content\/uploads\/2023\/05\/Glock-G44-.22LR-Safe-Action-Black-Pistol.jpg\",\"width\":600,\"height\":600,\"caption\":\"Glock-G44-.22LR-Safe-Action-Black-Pistol\"},{\"@type\":\"BreadcrumbList\",\"@id\":\"https:\/\/www.gunmeplug.com\/it\/prodotto\/glock-g44-22lr-safe-action-black-pistol-4-101rd-ua4450101\/#breadcrumb\",\"itemListElement\":[{\"@type\":\"ListItem\",\"position\":1,\"name\":\"Home\",\"item\":\"https:\/\/www.gunmeplug.com\/es\/\"},{\"@type\":\"ListItem\",\"position\":2,\"name\":\"Shop\",\"item\":\"https:\/\/www.gunmeplug.com\/es\/shop\/\"},{\"@type\":\"ListItem\",\"position\":3,\"name\":\"Glock G44 .22LR Safe Action Black Pistol 4&#8243; 10+1RD UA4450101\"}]},{\"@type\":\"WebSite\",\"@id\":\"https:\/\/www.gunmeplug.com\/#website\",\"url\":\"https:\/\/www.gunmeplug.com\/\",\"name\":\"Buy gun online USA\",\"description\":\"FireArms for sale online \",\"potentialAction\":[{\"@type\":\"SearchAction\",\"target\":{\"@type\":\"EntryPoint\",\"urlTemplate\":\"https:\/\/www.gunmeplug.com\/?s={search_term_string}\"},\"query-input\":{\"@type\":\"PropertyValueSpecification\",\"valueRequired\":true,\"valueName\":\"search_term_string\"}}],\"inLanguage\":\"es\"}]}<\/script>\n<!-- \/ Yoast SEO plugin. -->","yoast_head_json":{"title":"Glock G44 .22LR Safe Action Pistola Negra 4\" 10+1RD UA4450101 - Comprar arma online EEUU","robots":{"index":"index","follow":"follow","max-snippet":"max-snippet:-1","max-image-preview":"max-image-preview:large","max-video-preview":"max-video-preview:-1"},"canonical":"https:\/\/www.gunmeplug.com\/es\/producto\/glock-g44-22lr-safe-action-black-pistol-4-101rd-ua4450101\/","og_locale":"es_ES","og_type":"article","og_title":"Glock G44 .22LR Safe Action Black Pistol 4\" 10+1RD UA4450101 - Buy gun online USA","og_description":"DETAILS Once you start with perfection \u2013 you stay with perfection. The G44 is the ideal pistol to start or enhance your shooting experience. The innovative design of the hybrid steel-polymer slide chambered in our first .22 caliber round provides a lightweight and low recoil functionality for optimal control. The G44 was thoroughly tested with [&hellip;]","og_url":"https:\/\/www.gunmeplug.com\/es\/producto\/glock-g44-22lr-safe-action-black-pistol-4-101rd-ua4450101\/","og_site_name":"Buy gun online USA","article_modified_time":"2023-05-03T10:20:09+00:00","og_image":[{"width":600,"height":600,"url":"https:\/\/www.gunmeplug.com\/wp-content\/uploads\/2023\/05\/Glock-G44-.22LR-Safe-Action-Black-Pistol.jpg","type":"image\/jpeg"}],"twitter_card":"summary_large_image","twitter_misc":{"Tiempo de lectura":"1 minuto"},"schema":{"@context":"https:\/\/schema.org","@graph":[{"@type":"WebPage","@id":"https:\/\/www.gunmeplug.com\/it\/prodotto\/glock-g44-22lr-safe-action-black-pistol-4-101rd-ua4450101\/","url":"https:\/\/www.gunmeplug.com\/it\/prodotto\/glock-g44-22lr-safe-action-black-pistol-4-101rd-ua4450101\/","name":"Glock G44 .22LR Safe Action Pistola Negra 4\" 10+1RD UA4450101 - Comprar arma online EEUU","isPartOf":{"@id":"https:\/\/www.gunmeplug.com\/#website"},"primaryImageOfPage":{"@id":"https:\/\/www.gunmeplug.com\/it\/prodotto\/glock-g44-22lr-safe-action-black-pistol-4-101rd-ua4450101\/#primaryimage"},"image":{"@id":"https:\/\/www.gunmeplug.com\/it\/prodotto\/glock-g44-22lr-safe-action-black-pistol-4-101rd-ua4450101\/#primaryimage"},"thumbnailUrl":"https:\/\/www.gunmeplug.com\/wp-content\/uploads\/2023\/05\/Glock-G44-.22LR-Safe-Action-Black-Pistol.jpg","datePublished":"2023-05-03T09:39:24+00:00","dateModified":"2023-05-03T10:20:09+00:00","breadcrumb":{"@id":"https:\/\/www.gunmeplug.com\/it\/prodotto\/glock-g44-22lr-safe-action-black-pistol-4-101rd-ua4450101\/#breadcrumb"},"inLanguage":"es","potentialAction":[{"@type":"ReadAction","target":["https:\/\/www.gunmeplug.com\/it\/prodotto\/glock-g44-22lr-safe-action-black-pistol-4-101rd-ua4450101\/"]}]},{"@type":"ImageObject","inLanguage":"es","@id":"https:\/\/www.gunmeplug.com\/it\/prodotto\/glock-g44-22lr-safe-action-black-pistol-4-101rd-ua4450101\/#primaryimage","url":"https:\/\/www.gunmeplug.com\/wp-content\/uploads\/2023\/05\/Glock-G44-.22LR-Safe-Action-Black-Pistol.jpg","contentUrl":"https:\/\/www.gunmeplug.com\/wp-content\/uploads\/2023\/05\/Glock-G44-.22LR-Safe-Action-Black-Pistol.jpg","width":600,"height":600,"caption":"Glock-G44-.22LR-Safe-Action-Black-Pistol"},{"@type":"BreadcrumbList","@id":"https:\/\/www.gunmeplug.com\/it\/prodotto\/glock-g44-22lr-safe-action-black-pistol-4-101rd-ua4450101\/#breadcrumb","itemListElement":[{"@type":"ListItem","position":1,"name":"Home","item":"https:\/\/www.gunmeplug.com\/es\/"},{"@type":"ListItem","position":2,"name":"Shop","item":"https:\/\/www.gunmeplug.com\/es\/shop\/"},{"@type":"ListItem","position":3,"name":"Glock G44 .22LR Safe Action Black Pistol 4&#8243; 10+1RD UA4450101"}]},{"@type":"WebSite","@id":"https:\/\/www.gunmeplug.com\/#website","url":"https:\/\/www.gunmeplug.com\/","name":"Comprar arma online EE.UU.","description":"Venta de armas de fuego en l\u00ednea","potentialAction":[{"@type":"SearchAction","target":{"@type":"EntryPoint","urlTemplate":"https:\/\/www.gunmeplug.com\/?s={search_term_string}"},"query-input":{"@type":"PropertyValueSpecification","valueRequired":true,"valueName":"search_term_string"}}],"inLanguage":"es"}]}},"_links":{"self":[{"href":"https:\/\/www.gunmeplug.com\/es\/wp-json\/wp\/v2\/product\/3402","targetHints":{"allow":["GET"]}}],"collection":[{"href":"https:\/\/www.gunmeplug.com\/es\/wp-json\/wp\/v2\/product"}],"about":[{"href":"https:\/\/www.gunmeplug.com\/es\/wp-json\/wp\/v2\/types\/product"}],"wp:featuredmedia":[{"embeddable":true,"href":"https:\/\/www.gunmeplug.com\/es\/wp-json\/wp\/v2\/media\/3407"}],"wp:attachment":[{"href":"https:\/\/www.gunmeplug.com\/es\/wp-json\/wp\/v2\/media?parent=3402"}],"wp:term":[{"taxonomy":"product_brand","embeddable":true,"href":"https:\/\/www.gunmeplug.com\/es\/wp-json\/wp\/v2\/product_brand?post=3402"},{"taxonomy":"product_cat","embeddable":true,"href":"https:\/\/www.gunmeplug.com\/es\/wp-json\/wp\/v2\/product_cat?post=3402"},{"taxonomy":"product_tag","embeddable":true,"href":"https:\/\/www.gunmeplug.com\/es\/wp-json\/wp\/v2\/product_tag?post=3402"}],"curies":[{"name":"wp","href":"https:\/\/api.w.org\/{rel}","templated":true}]}}