{"id":3382,"date":"2023-05-03T09:18:58","date_gmt":"2023-05-03T09:18:58","guid":{"rendered":"https:\/\/www.gunmeplug.com\/?post_type=product&#038;p=3382"},"modified":"2023-05-03T10:14:02","modified_gmt":"2023-05-03T10:14:02","slug":"heritage-rough-rider-small-bore-22-lr-single-action-revolver-rr22b4","status":"publish","type":"product","link":"https:\/\/www.gunmeplug.com\/es\/producto\/heritage-rough-rider-small-bore-22-lr-single-action-revolver-rr22b4\/","title":{"rendered":"Rev\u00f3lver de acci\u00f3n simple Heritage Rough Rider Small Bore .22 LR RR22B4"},"content":{"rendered":"<h3 class=\"tab_content_head\">DETALLES<\/h3>\n<div class=\"product attribute description\">\n<div class=\"value\">\n<p>NO A LA VENTA EN IL, HI o MN.<\/p>\n<p>Born of the traditions of the Old West, the Rough Rider maintains much of the look and feel of the legendary Single Action Army revolver, only in a scaled down version. Chambered for the .22LR\u00a0cartridge, the Rough Rider is manufactured using state-of-the-art precision machinery that assures its accuracy and reliability. The cylinder lock-up is tight and the perfect timing of the action makes for a handgun that will put its shots where you want &#8217;em.<\/p>\n<p>El ca\u00f1\u00f3n mecanizado est\u00e1 microrroscado y se inserta en el marco para obtener el espacio \u00f3ptimo entre el ca\u00f1\u00f3n y el cilindro para brindarle el m\u00e1ximo rendimiento de la munici\u00f3n. Un bloque de martillo montado en el escudo de retroceso brinda protecci\u00f3n adicional y tiene un indicador de punto rojo que le permite saber cu\u00e1ndo el arma est\u00e1 lista para la acci\u00f3n. Un nuevo martillo plano de aspecto m\u00e1s aut\u00e9ntico combinado con nuevas y ex\u00f3ticas empu\u00f1aduras de cocobolo hacen que el Rough Rider sea tanto funcional como atractivo. Tambi\u00e9n hay otros materiales de empu\u00f1adura disponibles, adem\u00e1s de las opciones de acabado que incluyen el atractivo y duradero Smooth Silver Satin. Cuando se trata de Rough Rider, \u00a1no se toman atajos!<\/p>\n<p>Ideal para la caza, el plinking o los disparos de acci\u00f3n del oeste, deje que el Rough Rider sea su elecci\u00f3n en un nuevo rev\u00f3lver de percusi\u00f3n anular.<\/p>\n<h3>Caracter\u00edsticas:<\/h3>\n<ul class=\"disc\">\n<li>Longitud del giro de estriado: 1 vuelta en 14 pulgadas RH<\/li>\n<li>Material del barril: Acero 1215<\/li>\n<li>Material del marco: Aleaci\u00f3n de aluminio<\/li>\n<li>Material de los cilindros: Acero 12L14<\/li>\n<li>Pu\u00f1os de cocobolo<\/li>\n<\/ul>\n<\/div>\n<\/div>","protected":false},"excerpt":{"rendered":"<p>DETAILS NOT FOR SALE IN IL, HI or MN. Born of the traditions of the Old West, the Rough Rider maintains much of the look and feel of the legendary Single Action Army revolver, only in a scaled down version. Chambered for the .22LR\u00a0cartridge, the Rough Rider is manufactured using state-of-the-art precision machinery that assures [&hellip;]<\/p>","protected":false},"featured_media":3389,"template":"","meta":{"_acf_changed":false,"_joinchat":[]},"product_brand":[],"product_cat":[130],"product_tag":[],"class_list":{"0":"post-3382","1":"product","2":"type-product","3":"status-publish","4":"has-post-thumbnail","6":"product_cat-handguns","8":"first","9":"instock","10":"sale","11":"shipping-taxable","12":"purchasable","13":"product-type-simple"},"acf":[],"yoast_head":"<!-- This site is optimized with the Yoast SEO plugin v26.3 - https:\/\/yoast.com\/wordpress\/plugins\/seo\/ -->\n<title>Heritage Rough Rider Small Bore .22 LR Single Action Revolver RR22B4 - Buy gun online USA<\/title>\n<meta name=\"robots\" content=\"index, follow, max-snippet:-1, max-image-preview:large, max-video-preview:-1\" \/>\n<link rel=\"canonical\" href=\"https:\/\/www.gunmeplug.com\/es\/producto\/heritage-rough-rider-small-bore-22-lr-single-action-revolver-rr22b4\/\" \/>\n<meta property=\"og:locale\" content=\"es_ES\" \/>\n<meta property=\"og:type\" content=\"article\" \/>\n<meta property=\"og:title\" content=\"Heritage Rough Rider Small Bore .22 LR Single Action Revolver RR22B4 - Buy gun online USA\" \/>\n<meta property=\"og:description\" content=\"DETAILS NOT FOR SALE IN IL, HI or MN. Born of the traditions of the Old West, the Rough Rider maintains much of the look and feel of the legendary Single Action Army revolver, only in a scaled down version. Chambered for the .22LR\u00a0cartridge, the Rough Rider is manufactured using state-of-the-art precision machinery that assures [&hellip;]\" \/>\n<meta property=\"og:url\" content=\"https:\/\/www.gunmeplug.com\/es\/producto\/heritage-rough-rider-small-bore-22-lr-single-action-revolver-rr22b4\/\" \/>\n<meta property=\"og:site_name\" content=\"Buy gun online USA\" \/>\n<meta property=\"article:modified_time\" content=\"2023-05-03T10:14:02+00:00\" \/>\n<meta property=\"og:image\" content=\"https:\/\/www.gunmeplug.com\/wp-content\/uploads\/2023\/05\/Heritage-Rough-Rider-Small-Bore-.22-1.jpg\" \/>\n\t<meta property=\"og:image:width\" content=\"600\" \/>\n\t<meta property=\"og:image:height\" content=\"600\" \/>\n\t<meta property=\"og:image:type\" content=\"image\/jpeg\" \/>\n<meta name=\"twitter:card\" content=\"summary_large_image\" \/>\n<meta name=\"twitter:label1\" content=\"Tiempo de lectura\" \/>\n\t<meta name=\"twitter:data1\" content=\"1 minuto\" \/>\n<script type=\"application\/ld+json\" class=\"yoast-schema-graph\">{\"@context\":\"https:\/\/schema.org\",\"@graph\":[{\"@type\":\"WebPage\",\"@id\":\"https:\/\/www.gunmeplug.com\/pt\/produto\/heritage-rough-rider-small-bore-22-lr-single-action-revolver-rr22b4\/\",\"url\":\"https:\/\/www.gunmeplug.com\/pt\/produto\/heritage-rough-rider-small-bore-22-lr-single-action-revolver-rr22b4\/\",\"name\":\"Heritage Rough Rider Small Bore .22 LR Single Action Revolver RR22B4 - Buy gun online USA\",\"isPartOf\":{\"@id\":\"https:\/\/www.gunmeplug.com\/#website\"},\"primaryImageOfPage\":{\"@id\":\"https:\/\/www.gunmeplug.com\/pt\/produto\/heritage-rough-rider-small-bore-22-lr-single-action-revolver-rr22b4\/#primaryimage\"},\"image\":{\"@id\":\"https:\/\/www.gunmeplug.com\/pt\/produto\/heritage-rough-rider-small-bore-22-lr-single-action-revolver-rr22b4\/#primaryimage\"},\"thumbnailUrl\":\"https:\/\/www.gunmeplug.com\/wp-content\/uploads\/2023\/05\/Heritage-Rough-Rider-Small-Bore-.22-1.jpg\",\"datePublished\":\"2023-05-03T09:18:58+00:00\",\"dateModified\":\"2023-05-03T10:14:02+00:00\",\"breadcrumb\":{\"@id\":\"https:\/\/www.gunmeplug.com\/pt\/produto\/heritage-rough-rider-small-bore-22-lr-single-action-revolver-rr22b4\/#breadcrumb\"},\"inLanguage\":\"es\",\"potentialAction\":[{\"@type\":\"ReadAction\",\"target\":[\"https:\/\/www.gunmeplug.com\/pt\/produto\/heritage-rough-rider-small-bore-22-lr-single-action-revolver-rr22b4\/\"]}]},{\"@type\":\"ImageObject\",\"inLanguage\":\"es\",\"@id\":\"https:\/\/www.gunmeplug.com\/pt\/produto\/heritage-rough-rider-small-bore-22-lr-single-action-revolver-rr22b4\/#primaryimage\",\"url\":\"https:\/\/www.gunmeplug.com\/wp-content\/uploads\/2023\/05\/Heritage-Rough-Rider-Small-Bore-.22-1.jpg\",\"contentUrl\":\"https:\/\/www.gunmeplug.com\/wp-content\/uploads\/2023\/05\/Heritage-Rough-Rider-Small-Bore-.22-1.jpg\",\"width\":600,\"height\":600,\"caption\":\"Heritage-Rough-Rider-Small-Bore-.22\"},{\"@type\":\"BreadcrumbList\",\"@id\":\"https:\/\/www.gunmeplug.com\/pt\/produto\/heritage-rough-rider-small-bore-22-lr-single-action-revolver-rr22b4\/#breadcrumb\",\"itemListElement\":[{\"@type\":\"ListItem\",\"position\":1,\"name\":\"Home\",\"item\":\"https:\/\/www.gunmeplug.com\/es\/\"},{\"@type\":\"ListItem\",\"position\":2,\"name\":\"Shop\",\"item\":\"https:\/\/www.gunmeplug.com\/es\/shop\/\"},{\"@type\":\"ListItem\",\"position\":3,\"name\":\"Heritage Rough Rider Small Bore .22 LR Single Action Revolver RR22B4\"}]},{\"@type\":\"WebSite\",\"@id\":\"https:\/\/www.gunmeplug.com\/#website\",\"url\":\"https:\/\/www.gunmeplug.com\/\",\"name\":\"Buy gun online USA\",\"description\":\"FireArms for sale online \",\"potentialAction\":[{\"@type\":\"SearchAction\",\"target\":{\"@type\":\"EntryPoint\",\"urlTemplate\":\"https:\/\/www.gunmeplug.com\/?s={search_term_string}\"},\"query-input\":{\"@type\":\"PropertyValueSpecification\",\"valueRequired\":true,\"valueName\":\"search_term_string\"}}],\"inLanguage\":\"es\"}]}<\/script>\n<!-- \/ Yoast SEO plugin. -->","yoast_head_json":{"title":"Heritage Rough Rider Small Bore .22 LR Single Action Revolver RR22B4 - Comprar arma online EE.UU.","robots":{"index":"index","follow":"follow","max-snippet":"max-snippet:-1","max-image-preview":"max-image-preview:large","max-video-preview":"max-video-preview:-1"},"canonical":"https:\/\/www.gunmeplug.com\/es\/producto\/heritage-rough-rider-small-bore-22-lr-single-action-revolver-rr22b4\/","og_locale":"es_ES","og_type":"article","og_title":"Heritage Rough Rider Small Bore .22 LR Single Action Revolver RR22B4 - Buy gun online USA","og_description":"DETAILS NOT FOR SALE IN IL, HI or MN. Born of the traditions of the Old West, the Rough Rider maintains much of the look and feel of the legendary Single Action Army revolver, only in a scaled down version. Chambered for the .22LR\u00a0cartridge, the Rough Rider is manufactured using state-of-the-art precision machinery that assures [&hellip;]","og_url":"https:\/\/www.gunmeplug.com\/es\/producto\/heritage-rough-rider-small-bore-22-lr-single-action-revolver-rr22b4\/","og_site_name":"Buy gun online USA","article_modified_time":"2023-05-03T10:14:02+00:00","og_image":[{"width":600,"height":600,"url":"https:\/\/www.gunmeplug.com\/wp-content\/uploads\/2023\/05\/Heritage-Rough-Rider-Small-Bore-.22-1.jpg","type":"image\/jpeg"}],"twitter_card":"summary_large_image","twitter_misc":{"Tiempo de lectura":"1 minuto"},"schema":{"@context":"https:\/\/schema.org","@graph":[{"@type":"WebPage","@id":"https:\/\/www.gunmeplug.com\/pt\/produto\/heritage-rough-rider-small-bore-22-lr-single-action-revolver-rr22b4\/","url":"https:\/\/www.gunmeplug.com\/pt\/produto\/heritage-rough-rider-small-bore-22-lr-single-action-revolver-rr22b4\/","name":"Heritage Rough Rider Small Bore .22 LR Single Action Revolver RR22B4 - Comprar arma online EE.UU.","isPartOf":{"@id":"https:\/\/www.gunmeplug.com\/#website"},"primaryImageOfPage":{"@id":"https:\/\/www.gunmeplug.com\/pt\/produto\/heritage-rough-rider-small-bore-22-lr-single-action-revolver-rr22b4\/#primaryimage"},"image":{"@id":"https:\/\/www.gunmeplug.com\/pt\/produto\/heritage-rough-rider-small-bore-22-lr-single-action-revolver-rr22b4\/#primaryimage"},"thumbnailUrl":"https:\/\/www.gunmeplug.com\/wp-content\/uploads\/2023\/05\/Heritage-Rough-Rider-Small-Bore-.22-1.jpg","datePublished":"2023-05-03T09:18:58+00:00","dateModified":"2023-05-03T10:14:02+00:00","breadcrumb":{"@id":"https:\/\/www.gunmeplug.com\/pt\/produto\/heritage-rough-rider-small-bore-22-lr-single-action-revolver-rr22b4\/#breadcrumb"},"inLanguage":"es","potentialAction":[{"@type":"ReadAction","target":["https:\/\/www.gunmeplug.com\/pt\/produto\/heritage-rough-rider-small-bore-22-lr-single-action-revolver-rr22b4\/"]}]},{"@type":"ImageObject","inLanguage":"es","@id":"https:\/\/www.gunmeplug.com\/pt\/produto\/heritage-rough-rider-small-bore-22-lr-single-action-revolver-rr22b4\/#primaryimage","url":"https:\/\/www.gunmeplug.com\/wp-content\/uploads\/2023\/05\/Heritage-Rough-Rider-Small-Bore-.22-1.jpg","contentUrl":"https:\/\/www.gunmeplug.com\/wp-content\/uploads\/2023\/05\/Heritage-Rough-Rider-Small-Bore-.22-1.jpg","width":600,"height":600,"caption":"Heritage-Rough-Rider-Small-Bore-.22"},{"@type":"BreadcrumbList","@id":"https:\/\/www.gunmeplug.com\/pt\/produto\/heritage-rough-rider-small-bore-22-lr-single-action-revolver-rr22b4\/#breadcrumb","itemListElement":[{"@type":"ListItem","position":1,"name":"Home","item":"https:\/\/www.gunmeplug.com\/es\/"},{"@type":"ListItem","position":2,"name":"Shop","item":"https:\/\/www.gunmeplug.com\/es\/shop\/"},{"@type":"ListItem","position":3,"name":"Heritage Rough Rider Small Bore .22 LR Single Action Revolver RR22B4"}]},{"@type":"WebSite","@id":"https:\/\/www.gunmeplug.com\/#website","url":"https:\/\/www.gunmeplug.com\/","name":"Comprar arma online EE.UU.","description":"Venta de armas de fuego en l\u00ednea","potentialAction":[{"@type":"SearchAction","target":{"@type":"EntryPoint","urlTemplate":"https:\/\/www.gunmeplug.com\/?s={search_term_string}"},"query-input":{"@type":"PropertyValueSpecification","valueRequired":true,"valueName":"search_term_string"}}],"inLanguage":"es"}]}},"_links":{"self":[{"href":"https:\/\/www.gunmeplug.com\/es\/wp-json\/wp\/v2\/product\/3382","targetHints":{"allow":["GET"]}}],"collection":[{"href":"https:\/\/www.gunmeplug.com\/es\/wp-json\/wp\/v2\/product"}],"about":[{"href":"https:\/\/www.gunmeplug.com\/es\/wp-json\/wp\/v2\/types\/product"}],"wp:featuredmedia":[{"embeddable":true,"href":"https:\/\/www.gunmeplug.com\/es\/wp-json\/wp\/v2\/media\/3389"}],"wp:attachment":[{"href":"https:\/\/www.gunmeplug.com\/es\/wp-json\/wp\/v2\/media?parent=3382"}],"wp:term":[{"taxonomy":"product_brand","embeddable":true,"href":"https:\/\/www.gunmeplug.com\/es\/wp-json\/wp\/v2\/product_brand?post=3382"},{"taxonomy":"product_cat","embeddable":true,"href":"https:\/\/www.gunmeplug.com\/es\/wp-json\/wp\/v2\/product_cat?post=3382"},{"taxonomy":"product_tag","embeddable":true,"href":"https:\/\/www.gunmeplug.com\/es\/wp-json\/wp\/v2\/product_tag?post=3382"}],"curies":[{"name":"wp","href":"https:\/\/api.w.org\/{rel}","templated":true}]}}