{"id":3161,"date":"2021-04-08T06:43:39","date_gmt":"2021-04-08T06:43:39","guid":{"rendered":"https:\/\/www.gunmeplug.com\/?post_type=product&#038;p=3161"},"modified":"2024-11-20T07:36:03","modified_gmt":"2024-11-20T07:36:03","slug":"glock-17-gen5-9mm-17rd-4-49-pistol-w-front-serrations-pa175s203","status":"publish","type":"product","link":"https:\/\/www.gunmeplug.com\/es\/producto\/glock-17-gen5-9mm-17rd-4-49-pistol-w-front-serrations-pa175s203\/","title":{"rendered":"Glock 17 Gen5 9mm 17rd 4.49&#8243; Pistol w\/ Front Serrations PA175S203"},"content":{"rendered":"<p><strong>POR FAVOR : Glock 17 Gen 5 en venta\u00a0<\/strong><\/p>\n<div id=\"description\" class=\"data item content\">\n<div class=\"product attribute description\">\n<p>The GLOCK 17 Gen5&#8217;s redesigned frame design eliminates the finger grooves for increased versatility, yet it still lets you to modify <a href=\"https:\/\/en.wikipedia.org\/wiki\/Gun#Military\">su<\/a> agarre con las diferentes correas traseras. Mientras que las fracciones de segundo importan, un pozo de cargador acampanado y un recorte en la parte delantera del armaz\u00f3n permiten al usuario m\u00e1s velocidad al recargar. Los operadores zurdos y diestros apreciar\u00e1n el ret\u00e9n del cargador m\u00e1s grande y reversible, que puede cambiarse a nivel del usuario, as\u00ed como la corredera ambidiestra <a href=\"https:\/\/www.gunmeplug.com\/es\/producto\/glock-19m-9mm\/\">Detener<\/a> palanca. Para una mayor precisi\u00f3n, el estriado y la corona del ca\u00f1\u00f3n se ajustaron ligeramente.<\/p>\n<\/div>\n<\/div>\n<div id=\"additional\" class=\"data item content\">\n<h3 class=\"tab_content_head\">M\u00c1S INFORMACI\u00d3N<\/h3>\n<div class=\"additional-attributes-wrapper table-wrapper\">\n<table id=\"product-attribute-specs-table\" class=\"data table additional-attributes\">\n<caption class=\"table-caption\">M\u00e1s informaci\u00f3n<\/caption>\n<tbody>\n<tr>\n<th class=\"col label\" scope=\"row\">SKU<\/th>\n<td class=\"col data\" data-th=\"SKU\">1794001983<\/td>\n<\/tr>\n<tr>\n<th class=\"col label\" scope=\"row\">UPC<\/th>\n<td class=\"col data\" data-th=\"UPC\">764503037108<\/td>\n<\/tr>\n<tr>\n<th class=\"col label\" scope=\"row\">Marca<\/th>\n<td class=\"col data\" data-th=\"Brand\">Glock<\/td>\n<\/tr>\n<tr>\n<th class=\"col label\" scope=\"row\">Nombre del modelo<\/th>\n<td class=\"col data\" data-th=\"Model Name\">G17 Gen5<\/td>\n<\/tr>\n<tr>\n<th class=\"col label\" scope=\"row\">MPN<\/th>\n<td class=\"col data\" data-th=\"MPN\">PA175S203<\/td>\n<\/tr>\n<tr>\n<th class=\"col label\" scope=\"row\">Calibre<\/th>\n<td class=\"col data\" data-th=\"Caliber\">9mm<\/td>\n<\/tr>\n<tr>\n<th class=\"col label\" scope=\"row\">Clase<\/th>\n<td class=\"col data\" data-th=\"Class\">Tama\u00f1o completo<\/td>\n<\/tr>\n<tr>\n<th class=\"col label\" scope=\"row\">Capacidad<\/th>\n<td class=\"col data\" data-th=\"Capacity\">17+1<\/td>\n<\/tr>\n<tr>\n<th class=\"col label\" scope=\"row\">Longitud del ca\u00f1\u00f3n<\/th>\n<td class=\"col data\" data-th=\"Barrel Length\">4.49&#8243;<\/td>\n<\/tr>\n<tr>\n<th class=\"col label\" scope=\"row\">Longitud<\/th>\n<td class=\"col data\" data-th=\"Length\">7.32&#8243;<\/td>\n<\/tr>\n<tr>\n<th class=\"col label\" scope=\"row\">Peso<\/th>\n<td class=\"col data\" data-th=\"Weight\">22.04 oz.<\/td>\n<\/tr>\n<tr>\n<th class=\"col label\" scope=\"row\">Vistas<\/th>\n<td class=\"col data\" data-th=\"Sights\">Miras fijas Glock<\/td>\n<\/tr>\n<tr>\n<th class=\"col label\" scope=\"row\">Agarre<\/th>\n<td class=\"col data\" data-th=\"Grip\">Pol\u00edmero negro<\/td>\n<\/tr>\n<tr>\n<th class=\"col label\" scope=\"row\">Disparador<\/th>\n<td class=\"col data\" data-th=\"Trigger\">Est\u00e1ndar<\/td>\n<\/tr>\n<tr>\n<th class=\"col label\" scope=\"row\">Seguridad<\/th>\n<td class=\"col data\" data-th=\"Safety\">&#8211;<\/td>\n<\/tr>\n<tr>\n<th class=\"col label\" scope=\"row\">Acabado<\/th>\n<td class=\"col data\" data-th=\"Finish\">Negro nDLC<\/td>\n<\/tr>\n<tr>\n<th class=\"col label\" scope=\"row\">Condici\u00f3n<\/th>\n<td class=\"col data\" data-th=\"Condition\">Nuevo en caja<\/td>\n<\/tr>\n<tr>\n<th class=\"col label\" scope=\"row\">MSRP (est\u00e1tico)<\/th>\n<td class=\"col data\" data-th=\"MSRP (Static)\">647.00<\/td>\n<\/tr>\n<\/tbody>\n<\/table>\n<\/div>\n<\/div>","protected":false},"excerpt":{"rendered":"<p>PLEASE NOTE : Glock 17 Gen 5 For Sale\u00a0 The GLOCK 17 Gen5&#8217;s redesigned frame design eliminates the finger grooves for increased versatility, yet it still lets you to modify your grip with the different back straps. While fractions of a second matter, a flared mag-well and a cutout on the front of the frame [&hellip;]<\/p>","protected":false},"featured_media":3162,"template":"","meta":{"_acf_changed":false,"_joinchat":[]},"product_brand":[],"product_cat":[136,130],"product_tag":[],"class_list":{"0":"post-3161","1":"product","2":"type-product","3":"status-publish","4":"has-post-thumbnail","6":"product_cat-glocks-for-sale","7":"product_cat-handguns","9":"first","10":"instock","11":"shipping-taxable","12":"product-type-simple"},"acf":[],"yoast_head":"<!-- This site is optimized with the Yoast SEO plugin v26.3 - https:\/\/yoast.com\/wordpress\/plugins\/seo\/ -->\n<title>GLOCK 17 Gen5, Glock 17 gen5 co2 air pistol, G17 Gen5 MOS<\/title>\n<meta name=\"description\" content=\"GLOCK 17 Gen5, Glock 17 GEN 5 for sale. The GLOCK G17 Gen5 is a versatile 9mm pistol that improves on the classic design of GLOCK&#039;s original handguns.\" \/>\n<meta name=\"robots\" content=\"index, follow, max-snippet:-1, max-image-preview:large, max-video-preview:-1\" \/>\n<link rel=\"canonical\" href=\"https:\/\/www.gunmeplug.com\/es\/producto\/glock-17-gen5-9mm-17rd-4-49-pistol-w-front-serrations-pa175s203\/\" \/>\n<meta property=\"og:locale\" content=\"es_ES\" \/>\n<meta property=\"og:type\" content=\"article\" \/>\n<meta property=\"og:title\" content=\"GLOCK 17 Gen5, Glock 17 gen5 co2 air pistol, G17 Gen5 MOS\" \/>\n<meta property=\"og:description\" content=\"GLOCK 17 Gen5, Glock 17 GEN 5 for sale. The GLOCK G17 Gen5 is a versatile 9mm pistol that improves on the classic design of GLOCK&#039;s original handguns.\" \/>\n<meta property=\"og:url\" content=\"https:\/\/www.gunmeplug.com\/es\/producto\/glock-17-gen5-9mm-17rd-4-49-pistol-w-front-serrations-pa175s203\/\" \/>\n<meta property=\"og:site_name\" content=\"Buy gun online USA\" \/>\n<meta property=\"article:modified_time\" content=\"2024-11-20T07:36:03+00:00\" \/>\n<meta property=\"og:image\" content=\"https:\/\/www.gunmeplug.com\/wp-content\/uploads\/2021\/04\/glock-17-gen5-9mm-17rd-4-49-pistol-w-front-serrations-pa175s203.jpg\" \/>\n\t<meta property=\"og:image:width\" content=\"600\" \/>\n\t<meta property=\"og:image:height\" content=\"600\" \/>\n\t<meta property=\"og:image:type\" content=\"image\/jpeg\" \/>\n<meta name=\"twitter:card\" content=\"summary_large_image\" \/>\n<meta name=\"twitter:label1\" content=\"Tiempo de lectura\" \/>\n\t<meta name=\"twitter:data1\" content=\"1 minuto\" \/>\n<script type=\"application\/ld+json\" class=\"yoast-schema-graph\">{\"@context\":\"https:\/\/schema.org\",\"@graph\":[{\"@type\":\"WebPage\",\"@id\":\"https:\/\/www.gunmeplug.com\/pt\/produto\/glock-17-gen5-9mm-17rd-4-49-pistol-w-front-serrations-pa175s203\/\",\"url\":\"https:\/\/www.gunmeplug.com\/pt\/produto\/glock-17-gen5-9mm-17rd-4-49-pistol-w-front-serrations-pa175s203\/\",\"name\":\"GLOCK 17 Gen5, Glock 17 gen5 co2 air pistol, G17 Gen5 MOS\",\"isPartOf\":{\"@id\":\"https:\/\/www.gunmeplug.com\/#website\"},\"primaryImageOfPage\":{\"@id\":\"https:\/\/www.gunmeplug.com\/pt\/produto\/glock-17-gen5-9mm-17rd-4-49-pistol-w-front-serrations-pa175s203\/#primaryimage\"},\"image\":{\"@id\":\"https:\/\/www.gunmeplug.com\/pt\/produto\/glock-17-gen5-9mm-17rd-4-49-pistol-w-front-serrations-pa175s203\/#primaryimage\"},\"thumbnailUrl\":\"https:\/\/www.gunmeplug.com\/wp-content\/uploads\/2021\/04\/glock-17-gen5-9mm-17rd-4-49-pistol-w-front-serrations-pa175s203.jpg\",\"datePublished\":\"2021-04-08T06:43:39+00:00\",\"dateModified\":\"2024-11-20T07:36:03+00:00\",\"description\":\"GLOCK 17 Gen5, Glock 17 GEN 5 for sale. The GLOCK G17 Gen5 is a versatile 9mm pistol that improves on the classic design of GLOCK's original handguns.\",\"breadcrumb\":{\"@id\":\"https:\/\/www.gunmeplug.com\/pt\/produto\/glock-17-gen5-9mm-17rd-4-49-pistol-w-front-serrations-pa175s203\/#breadcrumb\"},\"inLanguage\":\"es\",\"potentialAction\":[{\"@type\":\"ReadAction\",\"target\":[\"https:\/\/www.gunmeplug.com\/pt\/produto\/glock-17-gen5-9mm-17rd-4-49-pistol-w-front-serrations-pa175s203\/\"]}]},{\"@type\":\"ImageObject\",\"inLanguage\":\"es\",\"@id\":\"https:\/\/www.gunmeplug.com\/pt\/produto\/glock-17-gen5-9mm-17rd-4-49-pistol-w-front-serrations-pa175s203\/#primaryimage\",\"url\":\"https:\/\/www.gunmeplug.com\/wp-content\/uploads\/2021\/04\/glock-17-gen5-9mm-17rd-4-49-pistol-w-front-serrations-pa175s203.jpg\",\"contentUrl\":\"https:\/\/www.gunmeplug.com\/wp-content\/uploads\/2021\/04\/glock-17-gen5-9mm-17rd-4-49-pistol-w-front-serrations-pa175s203.jpg\",\"width\":600,\"height\":600,\"caption\":\"GLOCK 17 Gen5\"},{\"@type\":\"BreadcrumbList\",\"@id\":\"https:\/\/www.gunmeplug.com\/pt\/produto\/glock-17-gen5-9mm-17rd-4-49-pistol-w-front-serrations-pa175s203\/#breadcrumb\",\"itemListElement\":[{\"@type\":\"ListItem\",\"position\":1,\"name\":\"Home\",\"item\":\"https:\/\/www.gunmeplug.com\/es\/\"},{\"@type\":\"ListItem\",\"position\":2,\"name\":\"Shop\",\"item\":\"https:\/\/www.gunmeplug.com\/es\/shop\/\"},{\"@type\":\"ListItem\",\"position\":3,\"name\":\"Glock 17 Gen5 9mm 17rd 4.49&#8243; Pistol w\/ Front Serrations PA175S203\"}]},{\"@type\":\"WebSite\",\"@id\":\"https:\/\/www.gunmeplug.com\/#website\",\"url\":\"https:\/\/www.gunmeplug.com\/\",\"name\":\"Buy gun online USA\",\"description\":\"FireArms for sale online \",\"potentialAction\":[{\"@type\":\"SearchAction\",\"target\":{\"@type\":\"EntryPoint\",\"urlTemplate\":\"https:\/\/www.gunmeplug.com\/?s={search_term_string}\"},\"query-input\":{\"@type\":\"PropertyValueSpecification\",\"valueRequired\":true,\"valueName\":\"search_term_string\"}}],\"inLanguage\":\"es\"}]}<\/script>\n<!-- \/ Yoast SEO plugin. -->","yoast_head_json":{"title":"GLOCK 17 Gen5, Glock 17 gen5 pistola de aire co2, G17 Gen5 MOS","description":"GLOCK 17 Gen5, Glock 17 GEN 5 en venta. La GLOCK G17 Gen5 es una pistola vers\u00e1til de 9mm que mejora el dise\u00f1o cl\u00e1sico de las pistolas originales de GLOCK.","robots":{"index":"index","follow":"follow","max-snippet":"max-snippet:-1","max-image-preview":"max-image-preview:large","max-video-preview":"max-video-preview:-1"},"canonical":"https:\/\/www.gunmeplug.com\/es\/producto\/glock-17-gen5-9mm-17rd-4-49-pistol-w-front-serrations-pa175s203\/","og_locale":"es_ES","og_type":"article","og_title":"GLOCK 17 Gen5, Glock 17 gen5 co2 air pistol, G17 Gen5 MOS","og_description":"GLOCK 17 Gen5, Glock 17 GEN 5 for sale. The GLOCK G17 Gen5 is a versatile 9mm pistol that improves on the classic design of GLOCK's original handguns.","og_url":"https:\/\/www.gunmeplug.com\/es\/producto\/glock-17-gen5-9mm-17rd-4-49-pistol-w-front-serrations-pa175s203\/","og_site_name":"Buy gun online USA","article_modified_time":"2024-11-20T07:36:03+00:00","og_image":[{"width":600,"height":600,"url":"https:\/\/www.gunmeplug.com\/wp-content\/uploads\/2021\/04\/glock-17-gen5-9mm-17rd-4-49-pistol-w-front-serrations-pa175s203.jpg","type":"image\/jpeg"}],"twitter_card":"summary_large_image","twitter_misc":{"Tiempo de lectura":"1 minuto"},"schema":{"@context":"https:\/\/schema.org","@graph":[{"@type":"WebPage","@id":"https:\/\/www.gunmeplug.com\/pt\/produto\/glock-17-gen5-9mm-17rd-4-49-pistol-w-front-serrations-pa175s203\/","url":"https:\/\/www.gunmeplug.com\/pt\/produto\/glock-17-gen5-9mm-17rd-4-49-pistol-w-front-serrations-pa175s203\/","name":"GLOCK 17 Gen5, Glock 17 gen5 pistola de aire co2, G17 Gen5 MOS","isPartOf":{"@id":"https:\/\/www.gunmeplug.com\/#website"},"primaryImageOfPage":{"@id":"https:\/\/www.gunmeplug.com\/pt\/produto\/glock-17-gen5-9mm-17rd-4-49-pistol-w-front-serrations-pa175s203\/#primaryimage"},"image":{"@id":"https:\/\/www.gunmeplug.com\/pt\/produto\/glock-17-gen5-9mm-17rd-4-49-pistol-w-front-serrations-pa175s203\/#primaryimage"},"thumbnailUrl":"https:\/\/www.gunmeplug.com\/wp-content\/uploads\/2021\/04\/glock-17-gen5-9mm-17rd-4-49-pistol-w-front-serrations-pa175s203.jpg","datePublished":"2021-04-08T06:43:39+00:00","dateModified":"2024-11-20T07:36:03+00:00","description":"GLOCK 17 Gen5, Glock 17 GEN 5 en venta. La GLOCK G17 Gen5 es una pistola vers\u00e1til de 9mm que mejora el dise\u00f1o cl\u00e1sico de las pistolas originales de GLOCK.","breadcrumb":{"@id":"https:\/\/www.gunmeplug.com\/pt\/produto\/glock-17-gen5-9mm-17rd-4-49-pistol-w-front-serrations-pa175s203\/#breadcrumb"},"inLanguage":"es","potentialAction":[{"@type":"ReadAction","target":["https:\/\/www.gunmeplug.com\/pt\/produto\/glock-17-gen5-9mm-17rd-4-49-pistol-w-front-serrations-pa175s203\/"]}]},{"@type":"ImageObject","inLanguage":"es","@id":"https:\/\/www.gunmeplug.com\/pt\/produto\/glock-17-gen5-9mm-17rd-4-49-pistol-w-front-serrations-pa175s203\/#primaryimage","url":"https:\/\/www.gunmeplug.com\/wp-content\/uploads\/2021\/04\/glock-17-gen5-9mm-17rd-4-49-pistol-w-front-serrations-pa175s203.jpg","contentUrl":"https:\/\/www.gunmeplug.com\/wp-content\/uploads\/2021\/04\/glock-17-gen5-9mm-17rd-4-49-pistol-w-front-serrations-pa175s203.jpg","width":600,"height":600,"caption":"GLOCK 17 Gen5"},{"@type":"BreadcrumbList","@id":"https:\/\/www.gunmeplug.com\/pt\/produto\/glock-17-gen5-9mm-17rd-4-49-pistol-w-front-serrations-pa175s203\/#breadcrumb","itemListElement":[{"@type":"ListItem","position":1,"name":"Home","item":"https:\/\/www.gunmeplug.com\/es\/"},{"@type":"ListItem","position":2,"name":"Shop","item":"https:\/\/www.gunmeplug.com\/es\/shop\/"},{"@type":"ListItem","position":3,"name":"Glock 17 Gen5 9mm 17rd 4.49&#8243; Pistol w\/ Front Serrations PA175S203"}]},{"@type":"WebSite","@id":"https:\/\/www.gunmeplug.com\/#website","url":"https:\/\/www.gunmeplug.com\/","name":"Comprar arma online EE.UU.","description":"Venta de armas de fuego en l\u00ednea","potentialAction":[{"@type":"SearchAction","target":{"@type":"EntryPoint","urlTemplate":"https:\/\/www.gunmeplug.com\/?s={search_term_string}"},"query-input":{"@type":"PropertyValueSpecification","valueRequired":true,"valueName":"search_term_string"}}],"inLanguage":"es"}]}},"_links":{"self":[{"href":"https:\/\/www.gunmeplug.com\/es\/wp-json\/wp\/v2\/product\/3161","targetHints":{"allow":["GET"]}}],"collection":[{"href":"https:\/\/www.gunmeplug.com\/es\/wp-json\/wp\/v2\/product"}],"about":[{"href":"https:\/\/www.gunmeplug.com\/es\/wp-json\/wp\/v2\/types\/product"}],"wp:featuredmedia":[{"embeddable":true,"href":"https:\/\/www.gunmeplug.com\/es\/wp-json\/wp\/v2\/media\/3162"}],"wp:attachment":[{"href":"https:\/\/www.gunmeplug.com\/es\/wp-json\/wp\/v2\/media?parent=3161"}],"wp:term":[{"taxonomy":"product_brand","embeddable":true,"href":"https:\/\/www.gunmeplug.com\/es\/wp-json\/wp\/v2\/product_brand?post=3161"},{"taxonomy":"product_cat","embeddable":true,"href":"https:\/\/www.gunmeplug.com\/es\/wp-json\/wp\/v2\/product_cat?post=3161"},{"taxonomy":"product_tag","embeddable":true,"href":"https:\/\/www.gunmeplug.com\/es\/wp-json\/wp\/v2\/product_tag?post=3161"}],"curies":[{"name":"wp","href":"https:\/\/api.w.org\/{rel}","templated":true}]}}