{"id":3155,"date":"2021-04-08T06:38:35","date_gmt":"2021-04-08T06:38:35","guid":{"rendered":"https:\/\/www.gunmeplug.com\/?post_type=product&#038;p=3155"},"modified":"2025-06-19T03:43:43","modified_gmt":"2025-06-19T03:43:43","slug":"glock-19-gen3-9mm-15rd-4-01-pistol-pi-19502-03","status":"publish","type":"product","link":"https:\/\/www.gunmeplug.com\/es\/producto\/glock-19-gen3-9mm-15rd-4-01-pistol-pi-19502-03\/","title":{"rendered":"Glock 19 Gen3 9mm 15rd 4.01&#8243; Pistol PI-19502-03"},"content":{"rendered":"<p>Glock 19 Gen3 9mm is ideal for a more versatile role because of its reduced dimensions when compared to the standard sized option. Chambered in 9&#215;19, the G19 has found worldwide acclaim with both <a href=\"https:\/\/www.gunmeplug.com\/es\/producto\/glock-19-gen3-9mm-15rd-4-01-pistol-pi-19502-03\/\">privado<\/a> y agencias de seguridad p\u00fablica. Adem\u00e1s de utilizarse como pistola de servicio convencional, es ideal para llevarla oculta o como arma de reserva Glock 19 Gen3 9mm.<\/p>\n<p>Modelo: Gen 3 19<br \/>\nTipo: Pistola: Semi-Auto<br \/>\nCalibre: 9MM<br \/>\nAcabado: Negro mate<br \/>\nAcci\u00f3n: Acci\u00f3n segura<br \/>\nLa vista: <a href=\"https:\/\/en.wikipedia.org\/wiki\/Gun#Military\">Fijo<\/a><br \/>\nLongitud del ca\u00f1\u00f3n: 4,02<br \/>\nLongitud total: 6,85<br \/>\nPeso: 20.99 oz<br \/>\nCapacidad: 15+1<br \/>\n# de Mags: 2<br \/>\nSeguridad: Acci\u00f3n segura - 3 seguros autom\u00e1ticos separados<br \/>\nReceptor: Pol\u00edmero con ranuras para los dedos<br \/>\nEmbalaje: Caja de pl\u00e1stico<br \/>\nCaracter\u00edsticas: Cargador de cargador, varilla de limpieza y cepillo<\/p>","protected":false},"excerpt":{"rendered":"<p>Glock 19 Gen3 9mm is ideal for a more versatile role because of its reduced dimensions when compared to the standard sized option. Chambered in 9&#215;19, the G19 has found worldwide acclaim with both private and public security agencies. In addition to being used as a conventional service pistol, it is ideal for concealed carry [&hellip;]<\/p>","protected":false},"featured_media":3156,"template":"","meta":{"_acf_changed":false,"_joinchat":[]},"product_brand":[],"product_cat":[136,130],"product_tag":[204,203,209,208,206,205,207],"class_list":{"0":"post-3155","1":"product","2":"type-product","3":"status-publish","4":"has-post-thumbnail","6":"product_cat-glocks-for-sale","7":"product_cat-handguns","8":"product_tag-g19-gen-3-for-sale","9":"product_tag-gen-3-glock-for-sale","10":"product_tag-gen-4-vs-gen-5-glock","11":"product_tag-glock-17-gen-3-accessories","12":"product_tag-glock-19c-gen-3","13":"product_tag-glock-g19-gen3","14":"product_tag-glock-gen-3-vs-gen-5","16":"first","17":"instock","18":"shipping-taxable","19":"purchasable","20":"product-type-simple"},"acf":[],"yoast_head":"<!-- This site is optimized with the Yoast SEO plugin v26.3 - https:\/\/yoast.com\/wordpress\/plugins\/seo\/ -->\n<title>Glock 19 Gen3 9mm, GEN3\/4 - 9MM FOR SALE - Glock 19 Pistols<\/title>\n<meta name=\"description\" content=\"The Glock 19 Gen 3 for sale online is considered a very balanced and comfortably sized Glock which makes it the most popular handgun carried in the United States\" \/>\n<meta name=\"robots\" content=\"index, follow, max-snippet:-1, max-image-preview:large, max-video-preview:-1\" \/>\n<link rel=\"canonical\" href=\"https:\/\/www.gunmeplug.com\/es\/producto\/glock-19-gen3-9mm-15rd-4-01-pistol-pi-19502-03\/\" \/>\n<meta property=\"og:locale\" content=\"es_ES\" \/>\n<meta property=\"og:type\" content=\"article\" \/>\n<meta property=\"og:title\" content=\"Glock 19 Gen3 9mm, GEN3\/4 - 9MM FOR SALE - Glock 19 Pistols\" \/>\n<meta property=\"og:description\" content=\"The Glock 19 Gen 3 for sale online is considered a very balanced and comfortably sized Glock which makes it the most popular handgun carried in the United States\" \/>\n<meta property=\"og:url\" content=\"https:\/\/www.gunmeplug.com\/es\/producto\/glock-19-gen3-9mm-15rd-4-01-pistol-pi-19502-03\/\" \/>\n<meta property=\"og:site_name\" content=\"Buy gun online USA\" \/>\n<meta property=\"article:modified_time\" content=\"2025-06-19T03:43:43+00:00\" \/>\n<meta property=\"og:image\" content=\"https:\/\/www.gunmeplug.com\/wp-content\/uploads\/2021\/04\/glock-19-gen3-9mm-15rd-4-01-pistol-pi-19502-03.jpg\" \/>\n\t<meta property=\"og:image:width\" content=\"600\" \/>\n\t<meta property=\"og:image:height\" content=\"600\" \/>\n\t<meta property=\"og:image:type\" content=\"image\/jpeg\" \/>\n<meta name=\"twitter:card\" content=\"summary_large_image\" \/>\n<meta name=\"twitter:label1\" content=\"Tiempo de lectura\" \/>\n\t<meta name=\"twitter:data1\" content=\"1 minuto\" \/>\n<script type=\"application\/ld+json\" class=\"yoast-schema-graph\">{\"@context\":\"https:\/\/schema.org\",\"@graph\":[{\"@type\":\"WebPage\",\"@id\":\"https:\/\/www.gunmeplug.com\/vi\/san-pham-2\/glock-19-gen3-9mm-15rd-4-01-pistol-pi-19502-03\/\",\"url\":\"https:\/\/www.gunmeplug.com\/vi\/san-pham-2\/glock-19-gen3-9mm-15rd-4-01-pistol-pi-19502-03\/\",\"name\":\"Glock 19 Gen3 9mm, GEN3\/4 - 9MM FOR SALE - Glock 19 Pistols\",\"isPartOf\":{\"@id\":\"https:\/\/www.gunmeplug.com\/#website\"},\"primaryImageOfPage\":{\"@id\":\"https:\/\/www.gunmeplug.com\/vi\/san-pham-2\/glock-19-gen3-9mm-15rd-4-01-pistol-pi-19502-03\/#primaryimage\"},\"image\":{\"@id\":\"https:\/\/www.gunmeplug.com\/vi\/san-pham-2\/glock-19-gen3-9mm-15rd-4-01-pistol-pi-19502-03\/#primaryimage\"},\"thumbnailUrl\":\"https:\/\/www.gunmeplug.com\/wp-content\/uploads\/2021\/04\/glock-19-gen3-9mm-15rd-4-01-pistol-pi-19502-03.jpg\",\"datePublished\":\"2021-04-08T06:38:35+00:00\",\"dateModified\":\"2025-06-19T03:43:43+00:00\",\"description\":\"The Glock 19 Gen 3 for sale online is considered a very balanced and comfortably sized Glock which makes it the most popular handgun carried in the United States\",\"breadcrumb\":{\"@id\":\"https:\/\/www.gunmeplug.com\/vi\/san-pham-2\/glock-19-gen3-9mm-15rd-4-01-pistol-pi-19502-03\/#breadcrumb\"},\"inLanguage\":\"es\",\"potentialAction\":[{\"@type\":\"ReadAction\",\"target\":[\"https:\/\/www.gunmeplug.com\/vi\/san-pham-2\/glock-19-gen3-9mm-15rd-4-01-pistol-pi-19502-03\/\"]}]},{\"@type\":\"ImageObject\",\"inLanguage\":\"es\",\"@id\":\"https:\/\/www.gunmeplug.com\/vi\/san-pham-2\/glock-19-gen3-9mm-15rd-4-01-pistol-pi-19502-03\/#primaryimage\",\"url\":\"https:\/\/www.gunmeplug.com\/wp-content\/uploads\/2021\/04\/glock-19-gen3-9mm-15rd-4-01-pistol-pi-19502-03.jpg\",\"contentUrl\":\"https:\/\/www.gunmeplug.com\/wp-content\/uploads\/2021\/04\/glock-19-gen3-9mm-15rd-4-01-pistol-pi-19502-03.jpg\",\"width\":600,\"height\":600,\"caption\":\"Glock 19 Gen3 9mm\"},{\"@type\":\"BreadcrumbList\",\"@id\":\"https:\/\/www.gunmeplug.com\/vi\/san-pham-2\/glock-19-gen3-9mm-15rd-4-01-pistol-pi-19502-03\/#breadcrumb\",\"itemListElement\":[{\"@type\":\"ListItem\",\"position\":1,\"name\":\"Home\",\"item\":\"https:\/\/www.gunmeplug.com\/es\/\"},{\"@type\":\"ListItem\",\"position\":2,\"name\":\"Shop\",\"item\":\"https:\/\/www.gunmeplug.com\/es\/shop\/\"},{\"@type\":\"ListItem\",\"position\":3,\"name\":\"Glock 19 Gen3 9mm 15rd 4.01&#8243; Pistol PI-19502-03\"}]},{\"@type\":\"WebSite\",\"@id\":\"https:\/\/www.gunmeplug.com\/#website\",\"url\":\"https:\/\/www.gunmeplug.com\/\",\"name\":\"Buy gun online USA\",\"description\":\"FireArms for sale online \",\"potentialAction\":[{\"@type\":\"SearchAction\",\"target\":{\"@type\":\"EntryPoint\",\"urlTemplate\":\"https:\/\/www.gunmeplug.com\/?s={search_term_string}\"},\"query-input\":{\"@type\":\"PropertyValueSpecification\",\"valueRequired\":true,\"valueName\":\"search_term_string\"}}],\"inLanguage\":\"es\"}]}<\/script>\n<!-- \/ Yoast SEO plugin. -->","yoast_head_json":{"title":"Glock 19 Gen3 9mm, GEN3\/4 - 9MM EN VENTA - Pistolas Glock 19","description":"La Glock 19 Gen 3 en venta online se considera una Glock muy equilibrada y de tama\u00f1o c\u00f3modo lo que la convierte en la pistola m\u00e1s popular que se lleva en Estados Unidos","robots":{"index":"index","follow":"follow","max-snippet":"max-snippet:-1","max-image-preview":"max-image-preview:large","max-video-preview":"max-video-preview:-1"},"canonical":"https:\/\/www.gunmeplug.com\/es\/producto\/glock-19-gen3-9mm-15rd-4-01-pistol-pi-19502-03\/","og_locale":"es_ES","og_type":"article","og_title":"Glock 19 Gen3 9mm, GEN3\/4 - 9MM FOR SALE - Glock 19 Pistols","og_description":"The Glock 19 Gen 3 for sale online is considered a very balanced and comfortably sized Glock which makes it the most popular handgun carried in the United States","og_url":"https:\/\/www.gunmeplug.com\/es\/producto\/glock-19-gen3-9mm-15rd-4-01-pistol-pi-19502-03\/","og_site_name":"Buy gun online USA","article_modified_time":"2025-06-19T03:43:43+00:00","og_image":[{"width":600,"height":600,"url":"https:\/\/www.gunmeplug.com\/wp-content\/uploads\/2021\/04\/glock-19-gen3-9mm-15rd-4-01-pistol-pi-19502-03.jpg","type":"image\/jpeg"}],"twitter_card":"summary_large_image","twitter_misc":{"Tiempo de lectura":"1 minuto"},"schema":{"@context":"https:\/\/schema.org","@graph":[{"@type":"WebPage","@id":"https:\/\/www.gunmeplug.com\/vi\/san-pham-2\/glock-19-gen3-9mm-15rd-4-01-pistol-pi-19502-03\/","url":"https:\/\/www.gunmeplug.com\/vi\/san-pham-2\/glock-19-gen3-9mm-15rd-4-01-pistol-pi-19502-03\/","name":"Glock 19 Gen3 9mm, GEN3\/4 - 9MM EN VENTA - Pistolas Glock 19","isPartOf":{"@id":"https:\/\/www.gunmeplug.com\/#website"},"primaryImageOfPage":{"@id":"https:\/\/www.gunmeplug.com\/vi\/san-pham-2\/glock-19-gen3-9mm-15rd-4-01-pistol-pi-19502-03\/#primaryimage"},"image":{"@id":"https:\/\/www.gunmeplug.com\/vi\/san-pham-2\/glock-19-gen3-9mm-15rd-4-01-pistol-pi-19502-03\/#primaryimage"},"thumbnailUrl":"https:\/\/www.gunmeplug.com\/wp-content\/uploads\/2021\/04\/glock-19-gen3-9mm-15rd-4-01-pistol-pi-19502-03.jpg","datePublished":"2021-04-08T06:38:35+00:00","dateModified":"2025-06-19T03:43:43+00:00","description":"La Glock 19 Gen 3 en venta online se considera una Glock muy equilibrada y de tama\u00f1o c\u00f3modo lo que la convierte en la pistola m\u00e1s popular que se lleva en Estados Unidos","breadcrumb":{"@id":"https:\/\/www.gunmeplug.com\/vi\/san-pham-2\/glock-19-gen3-9mm-15rd-4-01-pistol-pi-19502-03\/#breadcrumb"},"inLanguage":"es","potentialAction":[{"@type":"ReadAction","target":["https:\/\/www.gunmeplug.com\/vi\/san-pham-2\/glock-19-gen3-9mm-15rd-4-01-pistol-pi-19502-03\/"]}]},{"@type":"ImageObject","inLanguage":"es","@id":"https:\/\/www.gunmeplug.com\/vi\/san-pham-2\/glock-19-gen3-9mm-15rd-4-01-pistol-pi-19502-03\/#primaryimage","url":"https:\/\/www.gunmeplug.com\/wp-content\/uploads\/2021\/04\/glock-19-gen3-9mm-15rd-4-01-pistol-pi-19502-03.jpg","contentUrl":"https:\/\/www.gunmeplug.com\/wp-content\/uploads\/2021\/04\/glock-19-gen3-9mm-15rd-4-01-pistol-pi-19502-03.jpg","width":600,"height":600,"caption":"Glock 19 Gen3 9mm"},{"@type":"BreadcrumbList","@id":"https:\/\/www.gunmeplug.com\/vi\/san-pham-2\/glock-19-gen3-9mm-15rd-4-01-pistol-pi-19502-03\/#breadcrumb","itemListElement":[{"@type":"ListItem","position":1,"name":"Home","item":"https:\/\/www.gunmeplug.com\/es\/"},{"@type":"ListItem","position":2,"name":"Shop","item":"https:\/\/www.gunmeplug.com\/es\/shop\/"},{"@type":"ListItem","position":3,"name":"Glock 19 Gen3 9mm 15rd 4.01&#8243; Pistol PI-19502-03"}]},{"@type":"WebSite","@id":"https:\/\/www.gunmeplug.com\/#website","url":"https:\/\/www.gunmeplug.com\/","name":"Comprar arma online EE.UU.","description":"Venta de armas de fuego en l\u00ednea","potentialAction":[{"@type":"SearchAction","target":{"@type":"EntryPoint","urlTemplate":"https:\/\/www.gunmeplug.com\/?s={search_term_string}"},"query-input":{"@type":"PropertyValueSpecification","valueRequired":true,"valueName":"search_term_string"}}],"inLanguage":"es"}]}},"_links":{"self":[{"href":"https:\/\/www.gunmeplug.com\/es\/wp-json\/wp\/v2\/product\/3155","targetHints":{"allow":["GET"]}}],"collection":[{"href":"https:\/\/www.gunmeplug.com\/es\/wp-json\/wp\/v2\/product"}],"about":[{"href":"https:\/\/www.gunmeplug.com\/es\/wp-json\/wp\/v2\/types\/product"}],"wp:featuredmedia":[{"embeddable":true,"href":"https:\/\/www.gunmeplug.com\/es\/wp-json\/wp\/v2\/media\/3156"}],"wp:attachment":[{"href":"https:\/\/www.gunmeplug.com\/es\/wp-json\/wp\/v2\/media?parent=3155"}],"wp:term":[{"taxonomy":"product_brand","embeddable":true,"href":"https:\/\/www.gunmeplug.com\/es\/wp-json\/wp\/v2\/product_brand?post=3155"},{"taxonomy":"product_cat","embeddable":true,"href":"https:\/\/www.gunmeplug.com\/es\/wp-json\/wp\/v2\/product_cat?post=3155"},{"taxonomy":"product_tag","embeddable":true,"href":"https:\/\/www.gunmeplug.com\/es\/wp-json\/wp\/v2\/product_tag?post=3155"}],"curies":[{"name":"wp","href":"https:\/\/api.w.org\/{rel}","templated":true}]}}