{"id":3130,"date":"2021-04-06T09:22:51","date_gmt":"2021-04-06T09:22:51","guid":{"rendered":"https:\/\/www.gunmeplug.com\/?post_type=product&#038;p=3130"},"modified":"2025-08-23T03:24:27","modified_gmt":"2025-08-23T03:24:27","slug":"ar-15-rifles-for-sale","status":"publish","type":"product","link":"https:\/\/www.gunmeplug.com\/es\/producto\/ar-15-rifles-for-sale\/","title":{"rendered":"Smith &#038; Wesson M&#038;P15 Sport II M-LOK .223\/5.56 AR-15 Rifle 10305 30+1 16&#8243;"},"content":{"rendered":"<p><strong>RIFLES AR15<\/strong><br \/>\nAR-15-Rifles para la venta, El rifle AR-15 es un rifle semiautom\u00e1tico ligero basado en el dise\u00f1o militar Colt AR-15 o M16. En 1956, ArmaLite dise\u00f1\u00f3 un rifle de asalto ligero para uso militar y lo design\u00f3 como ArmaLite Rifle-15, o AR-15. Surgi\u00f3 un mercado con muchos fabricantes que produc\u00edan su propia versi\u00f3n del <a href=\"https:\/\/www.gunmeplug.com\/es\/\">AR-15<\/a> design for commercial sale. They are referred to as modern sporting rifle by the National Shooting Sports Foundation. AR-15 style rifles and AR-15 Pistols have become one of the most beloved and most vilified firearms in the United States. The rifle has been promoted as &#8220;America&#8217;s rifle&#8221; by the National Rifle Association. Atlantic Firearms offers a wide variety of AR15 Rifles for sale. You may also want to check out the AR15 Pistols with Arm Brace.<\/p>\n<p>El Smith &amp; Wesson M&amp;P15 Sport II ahora viene con el mobiliario Magpul MOE M-LOK, que ofrece un peso reducido y mejora su experiencia de tiro. Los rifles M&amp;P15 son el rifle deportivo moderno ideal. Construidos para realizar m\u00faltiples usos en diversas condiciones, los rifles M&amp;P15 son tan vers\u00e1tiles como fiables. Dise\u00f1ados para una amplia variedad de aplicaciones recreativas, de venta de rifles AR-15, de tiro deportivo y profesionales, los rifles M&amp;P15 son f\u00e1ciles de complementar, pero dif\u00edciles de dejar. Los rifles M&amp;P15 son ligeros y resistentes y encarnan la mejor combinaci\u00f3n de funci\u00f3n y forma.<\/p>\n<p>Fusiles AR-15 en venta<\/p>\n<p>AR-15 80% RECEPTOR INFERIOR FORJADO<\/p>\n<p>AR15 RIFLE ANDERSON MANUFACTURING -B2-K850-AA00 -712038922260<\/p>\n<p>CULATA COMPLETA PARA RIFLE AR15 CON CULATA DE 6 POSICIONES-ATI OMNI<\/p>\n<p>PISTOLA AR-15 -ATI GOMX556P4 OMNI HYBRID MAXX<\/p>\n<p>RIFLE ATI OMNI HYBRID MAXX RIA P3P- GOMX556MP3P<\/p>\n<p>RIFLE BEAR CREEK AR15 .223 WYLDE- CR223WCM41618P-15M3CC<\/p>\n<p>BARRETT REC7 DI FIGHTER CARBINE 5.56- BAR18967<\/p>\n<ul class=\"b_vList b_divsec\">\n<li data-priority=\"\"><strong>ar por encargo<\/strong>\u00a0rifles en venta<\/li>\n<li data-priority=\"\"><strong>rifle de asalto<\/strong>\u00a0en venta\u00a0<strong>cerca de m\u00ed<\/strong><\/li>\n<li data-priority=\"\">ar15\u00a0<strong>completa<\/strong>\u00a0rifles en venta<\/li>\n<li data-priority=\"\"><strong>rifle colt ar15a4<\/strong>\u00a0en venta<\/li>\n<li data-priority=\"\"><strong>ar<\/strong>\u00a0rifles en venta\u00a0<strong>barato<\/strong><\/li>\n<li data-priority=\"\"><strong>bushmaster ar 15<\/strong>\u00a0en venta<\/li>\n<li data-priority=\"\"><strong>cabelas bushmaster ar 15<\/strong>\u00a0venta<\/li>\n<li data-priority=\"\">ar15&#8242;<strong>s<\/strong>\u00a0en venta\u00a0<strong>menos de 600 en stock<\/strong><\/li>\n<\/ul>","protected":false},"excerpt":{"rendered":"<p>AR15 RIFLES AR-15-Rifles-for-Sale, The AR-15 rifle is a lightweight semi-automatic rifle based on the Colt AR-15 or M16 Military design. In 1956, ArmaLite designed a lightweight assault rifle for military use and designated it the ArmaLite Rifle-15, or AR-15. A marketplace emerged with many manufacturers producing their own version of the AR-15 design for commercial [&hellip;]<\/p>","protected":false},"featured_media":3131,"template":"","meta":{"_acf_changed":false,"_joinchat":[]},"product_brand":[],"product_cat":[166],"product_tag":[],"class_list":{"0":"post-3130","1":"product","2":"type-product","3":"status-publish","4":"has-post-thumbnail","6":"product_cat-rifles","8":"first","9":"instock","10":"featured","11":"shipping-taxable","12":"purchasable","13":"product-type-simple"},"acf":[],"yoast_head":"<!-- This site is optimized with the Yoast SEO plugin v26.3 - https:\/\/yoast.com\/wordpress\/plugins\/seo\/ -->\n<title>AR-15-Rifles-for-Sale, Shop AR-15 Rifles online, ar15 complete rifles<\/title>\n<meta name=\"description\" content=\"AR-15-Rifles-for-Sale, AR-15 style rifles and AR-15 Pistols have become one of the most beloved and most vilified firearms in the USA\" \/>\n<meta name=\"robots\" content=\"index, follow, max-snippet:-1, max-image-preview:large, max-video-preview:-1\" \/>\n<link rel=\"canonical\" href=\"https:\/\/www.gunmeplug.com\/es\/producto\/ar-15-rifles-for-sale\/\" \/>\n<meta property=\"og:locale\" content=\"es_ES\" \/>\n<meta property=\"og:type\" content=\"article\" \/>\n<meta property=\"og:title\" content=\"AR-15-Rifles-for-Sale, Shop AR-15 Rifles online, ar15 complete rifles\" \/>\n<meta property=\"og:description\" content=\"AR-15-Rifles-for-Sale, AR-15 style rifles and AR-15 Pistols have become one of the most beloved and most vilified firearms in the USA\" \/>\n<meta property=\"og:url\" content=\"https:\/\/www.gunmeplug.com\/es\/producto\/ar-15-rifles-for-sale\/\" \/>\n<meta property=\"og:site_name\" content=\"Buy gun online USA\" \/>\n<meta property=\"article:modified_time\" content=\"2025-08-23T03:24:27+00:00\" \/>\n<meta property=\"og:image\" content=\"https:\/\/www.gunmeplug.com\/wp-content\/uploads\/2021\/04\/smith-wesson-m-p15-sport-ii-5-56-nato-223rem-16-rifle-30-1-10305.jpg\" \/>\n\t<meta property=\"og:image:width\" content=\"600\" \/>\n\t<meta property=\"og:image:height\" content=\"600\" \/>\n\t<meta property=\"og:image:type\" content=\"image\/jpeg\" \/>\n<meta name=\"twitter:card\" content=\"summary_large_image\" \/>\n<meta name=\"twitter:label1\" content=\"Tiempo de lectura\" \/>\n\t<meta name=\"twitter:data1\" content=\"2 minutos\" \/>\n<script type=\"application\/ld+json\" class=\"yoast-schema-graph\">{\"@context\":\"https:\/\/schema.org\",\"@graph\":[{\"@type\":\"WebPage\",\"@id\":\"https:\/\/www.gunmeplug.com\/it\/prodotto\/fucili-ar-15-in-vendita\/\",\"url\":\"https:\/\/www.gunmeplug.com\/it\/prodotto\/fucili-ar-15-in-vendita\/\",\"name\":\"AR-15-Rifles-for-Sale, Shop AR-15 Rifles online, ar15 complete rifles\",\"isPartOf\":{\"@id\":\"https:\/\/www.gunmeplug.com\/#website\"},\"primaryImageOfPage\":{\"@id\":\"https:\/\/www.gunmeplug.com\/it\/prodotto\/fucili-ar-15-in-vendita\/#primaryimage\"},\"image\":{\"@id\":\"https:\/\/www.gunmeplug.com\/it\/prodotto\/fucili-ar-15-in-vendita\/#primaryimage\"},\"thumbnailUrl\":\"https:\/\/www.gunmeplug.com\/wp-content\/uploads\/2021\/04\/smith-wesson-m-p15-sport-ii-5-56-nato-223rem-16-rifle-30-1-10305.jpg\",\"datePublished\":\"2021-04-06T09:22:51+00:00\",\"dateModified\":\"2025-08-23T03:24:27+00:00\",\"description\":\"AR-15-Rifles-for-Sale, AR-15 style rifles and AR-15 Pistols have become one of the most beloved and most vilified firearms in the USA\",\"breadcrumb\":{\"@id\":\"https:\/\/www.gunmeplug.com\/it\/prodotto\/fucili-ar-15-in-vendita\/#breadcrumb\"},\"inLanguage\":\"es\",\"potentialAction\":[{\"@type\":\"ReadAction\",\"target\":[\"https:\/\/www.gunmeplug.com\/it\/prodotto\/fucili-ar-15-in-vendita\/\"]}]},{\"@type\":\"ImageObject\",\"inLanguage\":\"es\",\"@id\":\"https:\/\/www.gunmeplug.com\/it\/prodotto\/fucili-ar-15-in-vendita\/#primaryimage\",\"url\":\"https:\/\/www.gunmeplug.com\/wp-content\/uploads\/2021\/04\/smith-wesson-m-p15-sport-ii-5-56-nato-223rem-16-rifle-30-1-10305.jpg\",\"contentUrl\":\"https:\/\/www.gunmeplug.com\/wp-content\/uploads\/2021\/04\/smith-wesson-m-p15-sport-ii-5-56-nato-223rem-16-rifle-30-1-10305.jpg\",\"width\":600,\"height\":600,\"caption\":\"AR-15-Rifles-for-Sale\"},{\"@type\":\"BreadcrumbList\",\"@id\":\"https:\/\/www.gunmeplug.com\/it\/prodotto\/fucili-ar-15-in-vendita\/#breadcrumb\",\"itemListElement\":[{\"@type\":\"ListItem\",\"position\":1,\"name\":\"Home\",\"item\":\"https:\/\/www.gunmeplug.com\/es\/\"},{\"@type\":\"ListItem\",\"position\":2,\"name\":\"Shop\",\"item\":\"https:\/\/www.gunmeplug.com\/es\/shop\/\"},{\"@type\":\"ListItem\",\"position\":3,\"name\":\"Smith &#038; Wesson M&#038;P15 Sport II M-LOK .223\/5.56 AR-15 Rifle 10305 30+1 16&#8243;\"}]},{\"@type\":\"WebSite\",\"@id\":\"https:\/\/www.gunmeplug.com\/#website\",\"url\":\"https:\/\/www.gunmeplug.com\/\",\"name\":\"Buy gun online USA\",\"description\":\"FireArms for sale online \",\"potentialAction\":[{\"@type\":\"SearchAction\",\"target\":{\"@type\":\"EntryPoint\",\"urlTemplate\":\"https:\/\/www.gunmeplug.com\/?s={search_term_string}\"},\"query-input\":{\"@type\":\"PropertyValueSpecification\",\"valueRequired\":true,\"valueName\":\"search_term_string\"}}],\"inLanguage\":\"es\"}]}<\/script>\n<!-- \/ Yoast SEO plugin. -->","yoast_head_json":{"title":"AR-15-Rifles-for-Sale, Tienda de rifles AR-15 en l\u00ednea, ar15 rifles completos","description":"Rifles AR-15 para la venta, los rifles estilo AR-15 y las pistolas AR-15 se han convertido en una de las armas de fuego m\u00e1s queridas y m\u00e1s vilipendiadas en los Estados Unidos","robots":{"index":"index","follow":"follow","max-snippet":"max-snippet:-1","max-image-preview":"max-image-preview:large","max-video-preview":"max-video-preview:-1"},"canonical":"https:\/\/www.gunmeplug.com\/es\/producto\/ar-15-rifles-for-sale\/","og_locale":"es_ES","og_type":"article","og_title":"AR-15-Rifles-for-Sale, Shop AR-15 Rifles online, ar15 complete rifles","og_description":"AR-15-Rifles-for-Sale, AR-15 style rifles and AR-15 Pistols have become one of the most beloved and most vilified firearms in the USA","og_url":"https:\/\/www.gunmeplug.com\/es\/producto\/ar-15-rifles-for-sale\/","og_site_name":"Buy gun online USA","article_modified_time":"2025-08-23T03:24:27+00:00","og_image":[{"width":600,"height":600,"url":"https:\/\/www.gunmeplug.com\/wp-content\/uploads\/2021\/04\/smith-wesson-m-p15-sport-ii-5-56-nato-223rem-16-rifle-30-1-10305.jpg","type":"image\/jpeg"}],"twitter_card":"summary_large_image","twitter_misc":{"Tiempo de lectura":"2 minutos"},"schema":{"@context":"https:\/\/schema.org","@graph":[{"@type":"WebPage","@id":"https:\/\/www.gunmeplug.com\/it\/prodotto\/fucili-ar-15-in-vendita\/","url":"https:\/\/www.gunmeplug.com\/it\/prodotto\/fucili-ar-15-in-vendita\/","name":"AR-15-Rifles-for-Sale, Tienda de rifles AR-15 en l\u00ednea, ar15 rifles completos","isPartOf":{"@id":"https:\/\/www.gunmeplug.com\/#website"},"primaryImageOfPage":{"@id":"https:\/\/www.gunmeplug.com\/it\/prodotto\/fucili-ar-15-in-vendita\/#primaryimage"},"image":{"@id":"https:\/\/www.gunmeplug.com\/it\/prodotto\/fucili-ar-15-in-vendita\/#primaryimage"},"thumbnailUrl":"https:\/\/www.gunmeplug.com\/wp-content\/uploads\/2021\/04\/smith-wesson-m-p15-sport-ii-5-56-nato-223rem-16-rifle-30-1-10305.jpg","datePublished":"2021-04-06T09:22:51+00:00","dateModified":"2025-08-23T03:24:27+00:00","description":"Rifles AR-15 para la venta, los rifles estilo AR-15 y las pistolas AR-15 se han convertido en una de las armas de fuego m\u00e1s queridas y m\u00e1s vilipendiadas en los Estados Unidos","breadcrumb":{"@id":"https:\/\/www.gunmeplug.com\/it\/prodotto\/fucili-ar-15-in-vendita\/#breadcrumb"},"inLanguage":"es","potentialAction":[{"@type":"ReadAction","target":["https:\/\/www.gunmeplug.com\/it\/prodotto\/fucili-ar-15-in-vendita\/"]}]},{"@type":"ImageObject","inLanguage":"es","@id":"https:\/\/www.gunmeplug.com\/it\/prodotto\/fucili-ar-15-in-vendita\/#primaryimage","url":"https:\/\/www.gunmeplug.com\/wp-content\/uploads\/2021\/04\/smith-wesson-m-p15-sport-ii-5-56-nato-223rem-16-rifle-30-1-10305.jpg","contentUrl":"https:\/\/www.gunmeplug.com\/wp-content\/uploads\/2021\/04\/smith-wesson-m-p15-sport-ii-5-56-nato-223rem-16-rifle-30-1-10305.jpg","width":600,"height":600,"caption":"AR-15-Rifles-for-Sale"},{"@type":"BreadcrumbList","@id":"https:\/\/www.gunmeplug.com\/it\/prodotto\/fucili-ar-15-in-vendita\/#breadcrumb","itemListElement":[{"@type":"ListItem","position":1,"name":"Home","item":"https:\/\/www.gunmeplug.com\/es\/"},{"@type":"ListItem","position":2,"name":"Shop","item":"https:\/\/www.gunmeplug.com\/es\/shop\/"},{"@type":"ListItem","position":3,"name":"Smith &#038; Wesson M&#038;P15 Sport II M-LOK .223\/5.56 AR-15 Rifle 10305 30+1 16&#8243;"}]},{"@type":"WebSite","@id":"https:\/\/www.gunmeplug.com\/#website","url":"https:\/\/www.gunmeplug.com\/","name":"Comprar arma online EE.UU.","description":"Venta de armas de fuego en l\u00ednea","potentialAction":[{"@type":"SearchAction","target":{"@type":"EntryPoint","urlTemplate":"https:\/\/www.gunmeplug.com\/?s={search_term_string}"},"query-input":{"@type":"PropertyValueSpecification","valueRequired":true,"valueName":"search_term_string"}}],"inLanguage":"es"}]}},"_links":{"self":[{"href":"https:\/\/www.gunmeplug.com\/es\/wp-json\/wp\/v2\/product\/3130","targetHints":{"allow":["GET"]}}],"collection":[{"href":"https:\/\/www.gunmeplug.com\/es\/wp-json\/wp\/v2\/product"}],"about":[{"href":"https:\/\/www.gunmeplug.com\/es\/wp-json\/wp\/v2\/types\/product"}],"wp:featuredmedia":[{"embeddable":true,"href":"https:\/\/www.gunmeplug.com\/es\/wp-json\/wp\/v2\/media\/3131"}],"wp:attachment":[{"href":"https:\/\/www.gunmeplug.com\/es\/wp-json\/wp\/v2\/media?parent=3130"}],"wp:term":[{"taxonomy":"product_brand","embeddable":true,"href":"https:\/\/www.gunmeplug.com\/es\/wp-json\/wp\/v2\/product_brand?post=3130"},{"taxonomy":"product_cat","embeddable":true,"href":"https:\/\/www.gunmeplug.com\/es\/wp-json\/wp\/v2\/product_cat?post=3130"},{"taxonomy":"product_tag","embeddable":true,"href":"https:\/\/www.gunmeplug.com\/es\/wp-json\/wp\/v2\/product_tag?post=3130"}],"curies":[{"name":"wp","href":"https:\/\/api.w.org\/{rel}","templated":true}]}}