{"id":3128,"date":"2021-04-06T09:20:26","date_gmt":"2021-04-06T09:20:26","guid":{"rendered":"https:\/\/www.gunmeplug.com\/?post_type=product&#038;p=3128"},"modified":"2025-07-14T03:35:24","modified_gmt":"2025-07-14T03:35:24","slug":"century-arms-ras47-7-62x39mm-ak-47-semi-automatic-30rd-16-5-rifle-ri2403n","status":"publish","type":"product","link":"https:\/\/www.gunmeplug.com\/es\/producto\/century-arms-ras47-7-62x39mm-ak-47-semi-automatic-30rd-16-5-rifle-ri2403n\/","title":{"rendered":"Century Arms RAS47 7.62X39mm AK-47 Semi-Automatic 30rd 16.5&#8243; Rifle RI2403N"},"content":{"rendered":"<h1>Fusil AK Century Arms RAS47<\/h1>\n<p>El Est\u00e1ndar del Ej\u00e9rcito Rojo de Century Arms (RAS47) es <a href=\"https:\/\/www.gunmeplug.com\/es\/producto\/century-arms-ras47-7-62x39mm-ak-47-semi-automatic-30rd-16-5-rifle-ri2403n\/\">1<\/a>00% American-made featuring a 16&#8243; Chrome-moly 4150 nitrate treated barrel and is the first AK side scope rail mount to offer a return to zero capability. Offers four times clamping improvement over traditional side scope <a href=\"https:\/\/en.wikipedia.org\/wiki\/Gun#Military\">ferrocarril<\/a> montajes y mejora la adquisici\u00f3n de la vista para los disparos de seguimiento.<\/p>\n<div class=\"product-primary-details-wrapper\">\n<div id=\"accordion\">\n<div id=\"product-details-wrapper\" class=\"collapse in\" aria-labelledby=\"productDetails\">\n<div class=\"product-description\">\n<p>El Century Arms RAS47 es un rifle de estilo AK de dise\u00f1o americano fabricado 100% en los Estados Unidos. Con c\u00e1mara de 7.62x39mm el RAS47 viene con un cargador de 30 balas aunque acepta todos los cargadores est\u00e1ndar de AK. La montura lateral del AK del RAS47 es cuatro veces m\u00e1s fiable que las monturas laterales tradicionales. Equipado con la empu\u00f1adura y el guardamanos Magpul MOE AK, el RAS47 es fiable y f\u00e1cil de usar.<\/p>\n<p>Fusil semiautom\u00e1tico estilo AK-47<br \/>\nCapacidad de 30 rondas<br \/>\nMontaje de carril de alcance lateral AK<br \/>\nReceptor y ca\u00f1\u00f3n de acero<br \/>\nEmpu\u00f1adura y guardamanos Magpul MOE AK<\/p>\n<h6>DESCRIPCI\u00d3N DEL VENDEDOR<\/h6>\n<p>El Century Arms RAS47 es un rifle semiautom\u00e1tico con rec\u00e1mara de 7,62x39mm con una capacidad de 30 rondas. Este rifle de estilo AK-47, que cumple con la normativa de California, tiene un ca\u00f1\u00f3n roscado de acero cromado de 16,5 pulgadas adornado con miras de rifle abiertas est\u00e1ndar. El mobiliario de pol\u00edmero negro incluye una empu\u00f1adura de pistola angular texturizada y un guardamonte forrado para garantizar que los usuarios tengan un agarre seguro. Este paquete viene con cuatro cargadores de 30 rondas.<\/p>\n<h6>MODIFICACIONES<\/h6>\n<p>4-30 RD MAGS<\/p>\n<table>\n<tbody>\n<tr>\n<td>UPC<\/td>\n<td>GDC0000001984<\/td>\n<\/tr>\n<tr>\n<td>Calibre<\/td>\n<td>7.62X39MM<\/td>\n<\/tr>\n<tr>\n<td>Acci\u00f3n<\/td>\n<td>NO ESPECIFICADO<\/td>\n<\/tr>\n<tr>\n<td>Capacidad<\/td>\n<td>30 RONDA<\/td>\n<\/tr>\n<tr>\n<td>Longitud del ca\u00f1\u00f3n<\/td>\n<td>16,5 BARRILES<\/td>\n<\/tr>\n<tr>\n<td>Peso<\/td>\n<td>8.4<\/td>\n<\/tr>\n<\/tbody>\n<\/table>\n<\/div>\n<\/div>\n<\/div>\n<\/div>\n<div class=\"related-products-wrapper\">\n<div class=\"cross-sell-pdp\">\n<div class=\"cross-sell-carousel-item-container slick-initialized slick-slider\"><\/div>\n<\/div>\n<\/div>","protected":false},"excerpt":{"rendered":"<p>Century Arms RAS47 AK Rifle The Century Arms Red Army Standard (RAS47) is 100% American-made featuring a 16&#8243; Chrome-moly 4150 nitrate treated barrel and is the first AK side scope rail mount to offer a return to zero capability. Offers four times clamping improvement over traditional side scope rail mounts and improves sight acquisition for [&hellip;]<\/p>","protected":false},"featured_media":3129,"template":"","meta":{"_acf_changed":false,"_joinchat":[]},"product_brand":[],"product_cat":[166],"product_tag":[],"class_list":{"0":"post-3128","1":"product","2":"type-product","3":"status-publish","4":"has-post-thumbnail","6":"product_cat-rifles","8":"first","9":"instock","10":"sale","11":"shipping-taxable","12":"purchasable","13":"product-type-simple"},"acf":[],"yoast_head":"<!-- This site is optimized with the Yoast SEO plugin v26.3 - https:\/\/yoast.com\/wordpress\/plugins\/seo\/ -->\n<title>Century Arms RAS47 AK Rifle , Century Arms Ras47 - For Sale<\/title>\n<meta name=\"description\" content=\"Century Arms RAS47 AK Rifle, Find Century Arms RAS-47 For Sale for sale at gunmeplug the best online firearms and outdoor gear site.\" \/>\n<meta name=\"robots\" content=\"index, follow, max-snippet:-1, max-image-preview:large, max-video-preview:-1\" \/>\n<link rel=\"canonical\" href=\"https:\/\/www.gunmeplug.com\/es\/producto\/century-arms-ras47-7-62x39mm-ak-47-semi-automatic-30rd-16-5-rifle-ri2403n\/\" \/>\n<meta property=\"og:locale\" content=\"es_ES\" \/>\n<meta property=\"og:type\" content=\"article\" \/>\n<meta property=\"og:title\" content=\"Century Arms RAS47 AK Rifle , Century Arms Ras47 - For Sale\" \/>\n<meta property=\"og:description\" content=\"Century Arms RAS47 AK Rifle, Find Century Arms RAS-47 For Sale for sale at gunmeplug the best online firearms and outdoor gear site.\" \/>\n<meta property=\"og:url\" content=\"https:\/\/www.gunmeplug.com\/es\/producto\/century-arms-ras47-7-62x39mm-ak-47-semi-automatic-30rd-16-5-rifle-ri2403n\/\" \/>\n<meta property=\"og:site_name\" content=\"Buy gun online USA\" \/>\n<meta property=\"article:modified_time\" content=\"2025-07-14T03:35:24+00:00\" \/>\n<meta property=\"og:image\" content=\"https:\/\/www.gunmeplug.com\/wp-content\/uploads\/2021\/04\/century-arms-ras47-7-62x39-ak-47-semi-automatic-rifle-ri2403n.jpg\" \/>\n\t<meta property=\"og:image:width\" content=\"600\" \/>\n\t<meta property=\"og:image:height\" content=\"600\" \/>\n\t<meta property=\"og:image:type\" content=\"image\/jpeg\" \/>\n<meta name=\"twitter:card\" content=\"summary_large_image\" \/>\n<meta name=\"twitter:label1\" content=\"Tiempo de lectura\" \/>\n\t<meta name=\"twitter:data1\" content=\"2 minutos\" \/>\n<script type=\"application\/ld+json\" class=\"yoast-schema-graph\">{\"@context\":\"https:\/\/schema.org\",\"@graph\":[{\"@type\":\"WebPage\",\"@id\":\"https:\/\/www.gunmeplug.com\/nl\/product\/century-arms-ras47-7-62x39mm-ak-47-semi-automatic-30rd-16-5-rifle-ri2403n\/\",\"url\":\"https:\/\/www.gunmeplug.com\/nl\/product\/century-arms-ras47-7-62x39mm-ak-47-semi-automatic-30rd-16-5-rifle-ri2403n\/\",\"name\":\"Century Arms RAS47 AK Rifle , Century Arms Ras47 - For Sale\",\"isPartOf\":{\"@id\":\"https:\/\/www.gunmeplug.com\/#website\"},\"primaryImageOfPage\":{\"@id\":\"https:\/\/www.gunmeplug.com\/nl\/product\/century-arms-ras47-7-62x39mm-ak-47-semi-automatic-30rd-16-5-rifle-ri2403n\/#primaryimage\"},\"image\":{\"@id\":\"https:\/\/www.gunmeplug.com\/nl\/product\/century-arms-ras47-7-62x39mm-ak-47-semi-automatic-30rd-16-5-rifle-ri2403n\/#primaryimage\"},\"thumbnailUrl\":\"https:\/\/www.gunmeplug.com\/wp-content\/uploads\/2021\/04\/century-arms-ras47-7-62x39-ak-47-semi-automatic-rifle-ri2403n.jpg\",\"datePublished\":\"2021-04-06T09:20:26+00:00\",\"dateModified\":\"2025-07-14T03:35:24+00:00\",\"description\":\"Century Arms RAS47 AK Rifle, Find Century Arms RAS-47 For Sale for sale at gunmeplug the best online firearms and outdoor gear site.\",\"breadcrumb\":{\"@id\":\"https:\/\/www.gunmeplug.com\/nl\/product\/century-arms-ras47-7-62x39mm-ak-47-semi-automatic-30rd-16-5-rifle-ri2403n\/#breadcrumb\"},\"inLanguage\":\"es\",\"potentialAction\":[{\"@type\":\"ReadAction\",\"target\":[\"https:\/\/www.gunmeplug.com\/nl\/product\/century-arms-ras47-7-62x39mm-ak-47-semi-automatic-30rd-16-5-rifle-ri2403n\/\"]}]},{\"@type\":\"ImageObject\",\"inLanguage\":\"es\",\"@id\":\"https:\/\/www.gunmeplug.com\/nl\/product\/century-arms-ras47-7-62x39mm-ak-47-semi-automatic-30rd-16-5-rifle-ri2403n\/#primaryimage\",\"url\":\"https:\/\/www.gunmeplug.com\/wp-content\/uploads\/2021\/04\/century-arms-ras47-7-62x39-ak-47-semi-automatic-rifle-ri2403n.jpg\",\"contentUrl\":\"https:\/\/www.gunmeplug.com\/wp-content\/uploads\/2021\/04\/century-arms-ras47-7-62x39-ak-47-semi-automatic-rifle-ri2403n.jpg\",\"width\":600,\"height\":600,\"caption\":\"Century Arms RAS47 AK Rifle\"},{\"@type\":\"BreadcrumbList\",\"@id\":\"https:\/\/www.gunmeplug.com\/nl\/product\/century-arms-ras47-7-62x39mm-ak-47-semi-automatic-30rd-16-5-rifle-ri2403n\/#breadcrumb\",\"itemListElement\":[{\"@type\":\"ListItem\",\"position\":1,\"name\":\"Home\",\"item\":\"https:\/\/www.gunmeplug.com\/es\/\"},{\"@type\":\"ListItem\",\"position\":2,\"name\":\"Shop\",\"item\":\"https:\/\/www.gunmeplug.com\/es\/shop\/\"},{\"@type\":\"ListItem\",\"position\":3,\"name\":\"Century Arms RAS47 7.62X39mm AK-47 Semi-Automatic 30rd 16.5&#8243; Rifle RI2403N\"}]},{\"@type\":\"WebSite\",\"@id\":\"https:\/\/www.gunmeplug.com\/#website\",\"url\":\"https:\/\/www.gunmeplug.com\/\",\"name\":\"Buy gun online USA\",\"description\":\"FireArms for sale online \",\"potentialAction\":[{\"@type\":\"SearchAction\",\"target\":{\"@type\":\"EntryPoint\",\"urlTemplate\":\"https:\/\/www.gunmeplug.com\/?s={search_term_string}\"},\"query-input\":{\"@type\":\"PropertyValueSpecification\",\"valueRequired\":true,\"valueName\":\"search_term_string\"}}],\"inLanguage\":\"es\"}]}<\/script>\n<!-- \/ Yoast SEO plugin. -->","yoast_head_json":{"title":"Century Arms RAS47 Rifle AK , Century Arms Ras47 - En venta","description":"Century Arms RAS47 AK Rifle, Encuentra Century Arms RAS-47 para la venta en gunmeplug el mejor sitio en l\u00ednea de armas de fuego y equipo al aire libre.","robots":{"index":"index","follow":"follow","max-snippet":"max-snippet:-1","max-image-preview":"max-image-preview:large","max-video-preview":"max-video-preview:-1"},"canonical":"https:\/\/www.gunmeplug.com\/es\/producto\/century-arms-ras47-7-62x39mm-ak-47-semi-automatic-30rd-16-5-rifle-ri2403n\/","og_locale":"es_ES","og_type":"article","og_title":"Century Arms RAS47 AK Rifle , Century Arms Ras47 - For Sale","og_description":"Century Arms RAS47 AK Rifle, Find Century Arms RAS-47 For Sale for sale at gunmeplug the best online firearms and outdoor gear site.","og_url":"https:\/\/www.gunmeplug.com\/es\/producto\/century-arms-ras47-7-62x39mm-ak-47-semi-automatic-30rd-16-5-rifle-ri2403n\/","og_site_name":"Buy gun online USA","article_modified_time":"2025-07-14T03:35:24+00:00","og_image":[{"width":600,"height":600,"url":"https:\/\/www.gunmeplug.com\/wp-content\/uploads\/2021\/04\/century-arms-ras47-7-62x39-ak-47-semi-automatic-rifle-ri2403n.jpg","type":"image\/jpeg"}],"twitter_card":"summary_large_image","twitter_misc":{"Tiempo de lectura":"2 minutos"},"schema":{"@context":"https:\/\/schema.org","@graph":[{"@type":"WebPage","@id":"https:\/\/www.gunmeplug.com\/nl\/product\/century-arms-ras47-7-62x39mm-ak-47-semi-automatic-30rd-16-5-rifle-ri2403n\/","url":"https:\/\/www.gunmeplug.com\/nl\/product\/century-arms-ras47-7-62x39mm-ak-47-semi-automatic-30rd-16-5-rifle-ri2403n\/","name":"Century Arms RAS47 Rifle AK , Century Arms Ras47 - En venta","isPartOf":{"@id":"https:\/\/www.gunmeplug.com\/#website"},"primaryImageOfPage":{"@id":"https:\/\/www.gunmeplug.com\/nl\/product\/century-arms-ras47-7-62x39mm-ak-47-semi-automatic-30rd-16-5-rifle-ri2403n\/#primaryimage"},"image":{"@id":"https:\/\/www.gunmeplug.com\/nl\/product\/century-arms-ras47-7-62x39mm-ak-47-semi-automatic-30rd-16-5-rifle-ri2403n\/#primaryimage"},"thumbnailUrl":"https:\/\/www.gunmeplug.com\/wp-content\/uploads\/2021\/04\/century-arms-ras47-7-62x39-ak-47-semi-automatic-rifle-ri2403n.jpg","datePublished":"2021-04-06T09:20:26+00:00","dateModified":"2025-07-14T03:35:24+00:00","description":"Century Arms RAS47 AK Rifle, Encuentra Century Arms RAS-47 para la venta en gunmeplug el mejor sitio en l\u00ednea de armas de fuego y equipo al aire libre.","breadcrumb":{"@id":"https:\/\/www.gunmeplug.com\/nl\/product\/century-arms-ras47-7-62x39mm-ak-47-semi-automatic-30rd-16-5-rifle-ri2403n\/#breadcrumb"},"inLanguage":"es","potentialAction":[{"@type":"ReadAction","target":["https:\/\/www.gunmeplug.com\/nl\/product\/century-arms-ras47-7-62x39mm-ak-47-semi-automatic-30rd-16-5-rifle-ri2403n\/"]}]},{"@type":"ImageObject","inLanguage":"es","@id":"https:\/\/www.gunmeplug.com\/nl\/product\/century-arms-ras47-7-62x39mm-ak-47-semi-automatic-30rd-16-5-rifle-ri2403n\/#primaryimage","url":"https:\/\/www.gunmeplug.com\/wp-content\/uploads\/2021\/04\/century-arms-ras47-7-62x39-ak-47-semi-automatic-rifle-ri2403n.jpg","contentUrl":"https:\/\/www.gunmeplug.com\/wp-content\/uploads\/2021\/04\/century-arms-ras47-7-62x39-ak-47-semi-automatic-rifle-ri2403n.jpg","width":600,"height":600,"caption":"Century Arms RAS47 AK Rifle"},{"@type":"BreadcrumbList","@id":"https:\/\/www.gunmeplug.com\/nl\/product\/century-arms-ras47-7-62x39mm-ak-47-semi-automatic-30rd-16-5-rifle-ri2403n\/#breadcrumb","itemListElement":[{"@type":"ListItem","position":1,"name":"Home","item":"https:\/\/www.gunmeplug.com\/es\/"},{"@type":"ListItem","position":2,"name":"Shop","item":"https:\/\/www.gunmeplug.com\/es\/shop\/"},{"@type":"ListItem","position":3,"name":"Century Arms RAS47 7.62X39mm AK-47 Semi-Automatic 30rd 16.5&#8243; Rifle RI2403N"}]},{"@type":"WebSite","@id":"https:\/\/www.gunmeplug.com\/#website","url":"https:\/\/www.gunmeplug.com\/","name":"Comprar arma online EE.UU.","description":"Venta de armas de fuego en l\u00ednea","potentialAction":[{"@type":"SearchAction","target":{"@type":"EntryPoint","urlTemplate":"https:\/\/www.gunmeplug.com\/?s={search_term_string}"},"query-input":{"@type":"PropertyValueSpecification","valueRequired":true,"valueName":"search_term_string"}}],"inLanguage":"es"}]}},"_links":{"self":[{"href":"https:\/\/www.gunmeplug.com\/es\/wp-json\/wp\/v2\/product\/3128","targetHints":{"allow":["GET"]}}],"collection":[{"href":"https:\/\/www.gunmeplug.com\/es\/wp-json\/wp\/v2\/product"}],"about":[{"href":"https:\/\/www.gunmeplug.com\/es\/wp-json\/wp\/v2\/types\/product"}],"wp:featuredmedia":[{"embeddable":true,"href":"https:\/\/www.gunmeplug.com\/es\/wp-json\/wp\/v2\/media\/3129"}],"wp:attachment":[{"href":"https:\/\/www.gunmeplug.com\/es\/wp-json\/wp\/v2\/media?parent=3128"}],"wp:term":[{"taxonomy":"product_brand","embeddable":true,"href":"https:\/\/www.gunmeplug.com\/es\/wp-json\/wp\/v2\/product_brand?post=3128"},{"taxonomy":"product_cat","embeddable":true,"href":"https:\/\/www.gunmeplug.com\/es\/wp-json\/wp\/v2\/product_cat?post=3128"},{"taxonomy":"product_tag","embeddable":true,"href":"https:\/\/www.gunmeplug.com\/es\/wp-json\/wp\/v2\/product_tag?post=3128"}],"curies":[{"name":"wp","href":"https:\/\/api.w.org\/{rel}","templated":true}]}}