{"id":3246,"date":"2022-03-09T11:00:08","date_gmt":"2022-03-09T11:00:08","guid":{"rendered":"https:\/\/www.gunmeplug.com\/?page_id=3246"},"modified":"2022-03-09T11:00:08","modified_gmt":"2022-03-09T11:00:08","slug":"preguntas-frecuentes","status":"publish","type":"page","link":"https:\/\/www.gunmeplug.com\/es\/preguntas-frecuentes\/","title":{"rendered":"preguntas frecuentes"},"content":{"rendered":"<div class=\"vc_row wpb_row vc_row-fluid\"><div class=\"wpb_column vc_column_container vc_col-sm-12\"><div class=\"vc_column-inner\"><div class=\"wpb_wrapper\"><div  class=\"vc_toggle vc_toggle_round vc_toggle_color_default  vc_toggle_size_md\"><div class=\"vc_toggle_title\"><h4>1. \u00bfD\u00f3nde puedo encontrar Gunmeplug? \u00bfCu\u00e1l es su n\u00famero de tel\u00e9fono?<\/h4><i class=\"vc_toggle_icon\"><\/i><\/div><div class=\"vc_toggle_content\"><p>La funci\u00f3n de localizaci\u00f3n de tiendas en el sitio web de Gunmeplug lo ayudar\u00e1 a encontrar ubicaciones cercanas e informaci\u00f3n de contacto para dichas tiendas.<\/p>\n<\/div><\/div><div  class=\"vc_toggle vc_toggle_round vc_toggle_color_default  vc_toggle_size_md\"><div class=\"vc_toggle_title\"><h4>2. \u00bfExiste la opci\u00f3n de comprar un arma en Gunmeplug.com y recibirla en mi tienda local?<\/h4><i class=\"vc_toggle_icon\"><\/i><\/div><div class=\"vc_toggle_content\"><p>Yes! Because we don&#8217;t charge a transfer fee if you purchase online and pick it up at a nearby shop, this is a popular option.<\/p>\n<\/div><\/div><div  class=\"vc_toggle vc_toggle_round vc_toggle_color_default  vc_toggle_size_md\"><div class=\"vc_toggle_title\"><h4>3. En la web, \u00bfc\u00f3mo puedo comprar un arma de fuego?<\/h4><i class=\"vc_toggle_icon\"><\/i><\/div><div class=\"vc_toggle_content\"><p>But there are several crucial attributes to bear in mind while using this strategy. We&#8217;ve put up a comprehensive guide on how to buy guns online, so please check it out!<\/p>\n<\/div><\/div><div  class=\"vc_toggle vc_toggle_round vc_toggle_color_default  vc_toggle_size_md\"><div class=\"vc_toggle_title\"><h4>4. \u00bfQu\u00e9 es un distribuidor con licencia federal (FFL)?<\/h4><i class=\"vc_toggle_icon\"><\/i><\/div><div class=\"vc_toggle_content\"><p>Una licencia federal de armas de fuego se conoce como FFL. El n\u00famero de titulares de FFL en los Estados Unidos ahora es de 58.000. Las tiendas de armas, las casas de empe\u00f1o y las empresas minoristas de art\u00edculos deportivos son ejemplos de titulares de FFL. Muchas personas, por otro lado, tienen un FFL. Se requiere el formulario ATF 4473 y una verificaci\u00f3n de antecedentes del FBI para cualquier venta de armas a personas en l\u00ednea. Una vez all\u00ed, un titular local de FFL transferir\u00e1 el arma de fuego al cliente.<\/p>\n<\/div><\/div><div  class=\"vc_toggle vc_toggle_round vc_toggle_color_default  vc_toggle_size_md\"><div class=\"vc_toggle_title\"><h4>5. \u00bfC\u00f3mo puedo conseguir que un distribuidor local se encargue de la transferencia de mi arma de fuego?<\/h4><i class=\"vc_toggle_icon\"><\/i><\/div><div class=\"vc_toggle_content\"><p>Elegir\u00e1 un distribuidor de FFL en su \u00e1rea de nuestra base de datos de titulares de FFL durante el proceso de pago en lugar de ingresar su propia direcci\u00f3n. Antes de realizar una compra con nosotros, aseg\u00farese de ponerse en contacto con el distribuidor de FFL de su elecci\u00f3n. Debe consultar con el distribuidor antes de realizar un pedido para ver si permiten transferencias FFL. Tambi\u00e9n es posible que desee averiguar cu\u00e1nto cobran.<\/p>\n<\/div><\/div><div  class=\"vc_toggle vc_toggle_round vc_toggle_color_default  vc_toggle_size_md\"><div class=\"vc_toggle_title\"><h4>6. \u00bfEs posible comprar un arma y munici\u00f3n al mismo tiempo?<\/h4><i class=\"vc_toggle_icon\"><\/i><\/div><div class=\"vc_toggle_content\"><p>No, you can&#8217;t buy a gun and ammo at the same time.<\/p>\n<\/div><\/div><div  class=\"vc_toggle vc_toggle_round vc_toggle_color_default  vc_toggle_size_md\"><div class=\"vc_toggle_title\"><h4>7. Gunmeplug no tiene stock del arma que quiero. Aun esta disponible para comprar?<\/h4><i class=\"vc_toggle_icon\"><\/i><\/div><div class=\"vc_toggle_content\"><p>It&#8217;s unlikely. However, check with your nearby retailer to see if they have the weapon in stock.<\/p>\n<\/div><\/div><div  class=\"vc_toggle vc_toggle_round vc_toggle_color_default  vc_toggle_size_md\"><div class=\"vc_toggle_title\"><h4>8. As of now, my order is still in the &quot;processing&quot; stage. How do you explain it?<\/h4><i class=\"vc_toggle_icon\"><\/i><\/div><div class=\"vc_toggle_content\"><p>If you see this, it implies your purchase was received, but it hasn&#8217;t yet been dispatched.<\/p>\n<\/div><\/div><div  class=\"vc_toggle vc_toggle_round vc_toggle_color_default  vc_toggle_size_md\"><div class=\"vc_toggle_title\"><h4>9. There&#039;s no longer any indication that a charge is pending on my credit card. Is everything in order?<\/h4><i class=\"vc_toggle_icon\"><\/i><\/div><div class=\"vc_toggle_content\"><p>Yes. The first charge was only an authorization to verify that the amount of your purchase may be deducted from your payment method&#8217;s account. After a few days, such authorization usually expires. When your purchase is sent, a new charge will show on your credit card statement.<\/p>\n<\/div><\/div><div  class=\"vc_toggle vc_toggle_round vc_toggle_color_default  vc_toggle_size_md\"><div class=\"vc_toggle_title\"><h4>10. No se me envi\u00f3 el correo electr\u00f3nico de confirmaci\u00f3n de mi pedido. \u00bfEst\u00e1 completa mi compra?<\/h4><i class=\"vc_toggle_icon\"><\/i><\/div><div class=\"vc_toggle_content\"><p>Yes, it&#8217;s quite likely that so. Give yourself time to get your confirmation email, and be sure to check your spam folder as well. If you need to resend your order confirmation email, please contact customer support.<\/p>\n<\/div><\/div><div  class=\"vc_toggle vc_toggle_round vc_toggle_color_default  vc_toggle_size_md\"><div class=\"vc_toggle_title\"><h4>11. Mi correo electr\u00f3nico de confirmaci\u00f3n de env\u00edo ten\u00eda un enlace roto para el seguimiento del env\u00edo.<\/h4><i class=\"vc_toggle_icon\"><\/i><\/div><div class=\"vc_toggle_content\"><p>The tracking link might take up to 24 hours to activate once the order is shipped. After receiving your shipping confirmation, please wait at least 24 hours before doing another verification check. Please contact customer care if this doesn&#8217;t work for you.<\/p>\n<\/div><\/div><div  class=\"vc_toggle vc_toggle_round vc_toggle_color_default  vc_toggle_size_md\"><div class=\"vc_toggle_title\"><h4>12. Mi arma lleg\u00f3 a mi tienda local, seg\u00fan la informaci\u00f3n de seguimiento. \u00bfEs posible que vaya a buscarlo ahora mismo?<\/h4><i class=\"vc_toggle_icon\"><\/i><\/div><div class=\"vc_toggle_content\"><p>Your gun is ready for pickup, but you must wait for a call from the shop before you arrive. Call the shop if you have any questions regarding your order&#8217;s progress.<\/p>\n<\/div><\/div><div  class=\"vc_toggle vc_toggle_round vc_toggle_color_default  vc_toggle_size_md\"><div class=\"vc_toggle_title\"><h4>13. \u00bfPor qu\u00e9 motivo necesito un distribuidor de FFL para reducir mi AR?<\/h4><i class=\"vc_toggle_icon\"><\/i><\/div><div class=\"vc_toggle_content\"><p>Para cumplir con las \u00f3rdenes del gobierno federal.<\/p>\n<\/div><\/div><div  class=\"vc_toggle vc_toggle_round vc_toggle_color_default  vc_toggle_size_md\"><div class=\"vc_toggle_title\"><h4>14. \u00bfCu\u00e1l es el proceso a trav\u00e9s del cual funcionan los reembolsos?<\/h4><i class=\"vc_toggle_icon\"><\/i><\/div><div class=\"vc_toggle_content\"><p>Puede obtener m\u00e1s informaci\u00f3n sobre los reembolsos visitando esta p\u00e1gina.<\/p>\n<\/div><\/div><div  class=\"vc_toggle vc_toggle_round vc_toggle_color_default  vc_toggle_size_md\"><div class=\"vc_toggle_title\"><h4>15. \u00bfCu\u00e1l es la pol\u00edtica de devoluci\u00f3n de los productos Gunmeplug?<\/h4><i class=\"vc_toggle_icon\"><\/i><\/div><div class=\"vc_toggle_content\"><p>Si tienes alguna duda, consulta nuestra pol\u00edtica de devoluciones y cancelaciones.<\/p>\n<\/div><\/div><div  class=\"vc_toggle vc_toggle_round vc_toggle_color_default  vc_toggle_size_md\"><div class=\"vc_toggle_title\"><h4>16. \u00bfUsted acepta PayPal?<\/h4><i class=\"vc_toggle_icon\"><\/i><\/div><div class=\"vc_toggle_content\"><p>No. PayPal no aceptar\u00e1 pagos por armas, piezas de armas de fuego o municiones en este momento.<\/p>\n<\/div><\/div><div  class=\"vc_toggle vc_toggle_round vc_toggle_color_default  vc_toggle_size_md\"><div class=\"vc_toggle_title\"><h4>17. Are customers&#039; personal information is given or sold to other parties?<\/h4><i class=\"vc_toggle_icon\"><\/i><\/div><div class=\"vc_toggle_content\"><p>Nunca. Tenga en cuenta que su privacidad es importante para nosotros. Nuestra pol\u00edtica de privacidad tiene toda la informaci\u00f3n.<\/p>\n<\/div><\/div><\/div><\/div><\/div><\/div>","protected":false},"excerpt":{"rendered":"1. Where can I find Gunmeplug? What is their phone number?The shop locator feature on the Gunmeplug website will help you find nearby locations and contact information for such stores. 2. Is there an option to buy a gun from Gunmeplug.com and have it delivered to my local shop?Yes! Because we don&#8217;t charge a transfer [...]","protected":false},"author":1,"featured_media":0,"parent":0,"menu_order":0,"comment_status":"closed","ping_status":"closed","template":"","meta":{"_acf_changed":false,"_joinchat":[],"footnotes":""},"class_list":["post-3246","page","type-page","status-publish","hentry"],"acf":[],"yoast_head":"<!-- This site is optimized with the Yoast SEO plugin v26.3 - https:\/\/yoast.com\/wordpress\/plugins\/seo\/ -->\n<title>FAQs - Buy gun online USA<\/title>\n<meta name=\"robots\" content=\"index, follow, max-snippet:-1, max-image-preview:large, max-video-preview:-1\" \/>\n<link rel=\"canonical\" href=\"https:\/\/www.gunmeplug.com\/es\/preguntas-frecuentes\/\" \/>\n<meta property=\"og:locale\" content=\"es_ES\" \/>\n<meta property=\"og:type\" content=\"article\" \/>\n<meta property=\"og:title\" content=\"FAQs - Buy gun online USA\" \/>\n<meta property=\"og:url\" content=\"https:\/\/www.gunmeplug.com\/es\/preguntas-frecuentes\/\" \/>\n<meta property=\"og:site_name\" content=\"Buy gun online USA\" \/>\n<meta name=\"twitter:card\" content=\"summary_large_image\" \/>\n<meta name=\"twitter:label1\" content=\"Tiempo de lectura\" \/>\n\t<meta name=\"twitter:data1\" content=\"4 minutos\" \/>\n<script type=\"application\/ld+json\" class=\"yoast-schema-graph\">{\"@context\":\"https:\/\/schema.org\",\"@graph\":[{\"@type\":\"WebPage\",\"@id\":\"https:\/\/www.gunmeplug.com\/pt\/perguntas-frequentes\/\",\"url\":\"https:\/\/www.gunmeplug.com\/pt\/perguntas-frequentes\/\",\"name\":\"FAQs - Buy gun online USA\",\"isPartOf\":{\"@id\":\"https:\/\/www.gunmeplug.com\/#website\"},\"datePublished\":\"2022-03-09T11:00:08+00:00\",\"breadcrumb\":{\"@id\":\"https:\/\/www.gunmeplug.com\/pt\/perguntas-frequentes\/#breadcrumb\"},\"inLanguage\":\"es\",\"potentialAction\":[{\"@type\":\"ReadAction\",\"target\":[\"https:\/\/www.gunmeplug.com\/pt\/perguntas-frequentes\/\"]}]},{\"@type\":\"BreadcrumbList\",\"@id\":\"https:\/\/www.gunmeplug.com\/pt\/perguntas-frequentes\/#breadcrumb\",\"itemListElement\":[{\"@type\":\"ListItem\",\"position\":1,\"name\":\"Home\",\"item\":\"https:\/\/www.gunmeplug.com\/es\/\"},{\"@type\":\"ListItem\",\"position\":2,\"name\":\"FAQs\"}]},{\"@type\":\"WebSite\",\"@id\":\"https:\/\/www.gunmeplug.com\/#website\",\"url\":\"https:\/\/www.gunmeplug.com\/\",\"name\":\"Buy gun online USA\",\"description\":\"FireArms for sale online \",\"potentialAction\":[{\"@type\":\"SearchAction\",\"target\":{\"@type\":\"EntryPoint\",\"urlTemplate\":\"https:\/\/www.gunmeplug.com\/?s={search_term_string}\"},\"query-input\":{\"@type\":\"PropertyValueSpecification\",\"valueRequired\":true,\"valueName\":\"search_term_string\"}}],\"inLanguage\":\"es\"}]}<\/script>\n<!-- \/ Yoast SEO plugin. -->","yoast_head_json":{"title":"Preguntas frecuentes - Comprar arma online EE.UU.","robots":{"index":"index","follow":"follow","max-snippet":"max-snippet:-1","max-image-preview":"max-image-preview:large","max-video-preview":"max-video-preview:-1"},"canonical":"https:\/\/www.gunmeplug.com\/es\/preguntas-frecuentes\/","og_locale":"es_ES","og_type":"article","og_title":"FAQs - Buy gun online USA","og_url":"https:\/\/www.gunmeplug.com\/es\/preguntas-frecuentes\/","og_site_name":"Buy gun online USA","twitter_card":"summary_large_image","twitter_misc":{"Tiempo de lectura":"4 minutos"},"schema":{"@context":"https:\/\/schema.org","@graph":[{"@type":"WebPage","@id":"https:\/\/www.gunmeplug.com\/pt\/perguntas-frequentes\/","url":"https:\/\/www.gunmeplug.com\/pt\/perguntas-frequentes\/","name":"Preguntas frecuentes - Comprar arma online EE.UU.","isPartOf":{"@id":"https:\/\/www.gunmeplug.com\/#website"},"datePublished":"2022-03-09T11:00:08+00:00","breadcrumb":{"@id":"https:\/\/www.gunmeplug.com\/pt\/perguntas-frequentes\/#breadcrumb"},"inLanguage":"es","potentialAction":[{"@type":"ReadAction","target":["https:\/\/www.gunmeplug.com\/pt\/perguntas-frequentes\/"]}]},{"@type":"BreadcrumbList","@id":"https:\/\/www.gunmeplug.com\/pt\/perguntas-frequentes\/#breadcrumb","itemListElement":[{"@type":"ListItem","position":1,"name":"Home","item":"https:\/\/www.gunmeplug.com\/es\/"},{"@type":"ListItem","position":2,"name":"FAQs"}]},{"@type":"WebSite","@id":"https:\/\/www.gunmeplug.com\/#website","url":"https:\/\/www.gunmeplug.com\/","name":"Comprar arma online EE.UU.","description":"Venta de armas de fuego en l\u00ednea","potentialAction":[{"@type":"SearchAction","target":{"@type":"EntryPoint","urlTemplate":"https:\/\/www.gunmeplug.com\/?s={search_term_string}"},"query-input":{"@type":"PropertyValueSpecification","valueRequired":true,"valueName":"search_term_string"}}],"inLanguage":"es"}]}},"_links":{"self":[{"href":"https:\/\/www.gunmeplug.com\/es\/wp-json\/wp\/v2\/pages\/3246","targetHints":{"allow":["GET"]}}],"collection":[{"href":"https:\/\/www.gunmeplug.com\/es\/wp-json\/wp\/v2\/pages"}],"about":[{"href":"https:\/\/www.gunmeplug.com\/es\/wp-json\/wp\/v2\/types\/page"}],"author":[{"embeddable":true,"href":"https:\/\/www.gunmeplug.com\/es\/wp-json\/wp\/v2\/users\/1"}],"replies":[{"embeddable":true,"href":"https:\/\/www.gunmeplug.com\/es\/wp-json\/wp\/v2\/comments?post=3246"}],"version-history":[{"count":2,"href":"https:\/\/www.gunmeplug.com\/es\/wp-json\/wp\/v2\/pages\/3246\/revisions"}],"predecessor-version":[{"id":3248,"href":"https:\/\/www.gunmeplug.com\/es\/wp-json\/wp\/v2\/pages\/3246\/revisions\/3248"}],"wp:attachment":[{"href":"https:\/\/www.gunmeplug.com\/es\/wp-json\/wp\/v2\/media?parent=3246"}],"curies":[{"name":"wp","href":"https:\/\/api.w.org\/{rel}","templated":true}]}}