{"id":3229,"date":"2021-11-05T17:23:33","date_gmt":"2021-11-05T17:23:33","guid":{"rendered":"https:\/\/www.gunmeplug.com\/?page_id=3229"},"modified":"2023-05-03T10:02:34","modified_gmt":"2023-05-03T10:02:34","slug":"devoluciones_devolucion","status":"publish","type":"page","link":"https:\/\/www.gunmeplug.com\/es\/devoluciones_devolucion\/","title":{"rendered":"Pol\u00edtica de reembolso y devoluciones"},"content":{"rendered":"<div class=\"vc_row wpb_row vc_row-fluid\"><div class=\"wpb_column vc_column_container vc_col-sm-12\"><div class=\"vc_column-inner\"><div class=\"wpb_wrapper\">\n\t<div class=\"wpb_text_column wpb_content_element\" >\n\t\t<div class=\"wpb_wrapper\">\n\t\t\t<p style=\"text-align: justify;\">Gracias por elegir Gunmeplug.com para sus necesidades de armas de fuego. Entendemos que a veces pueden ser necesarias devoluciones\/cambios o cancelaciones, y queremos asegurarnos de que el proceso sea lo m\u00e1s f\u00e1cil posible.<\/p>\n<p style=\"text-align: justify;\"><strong>Intercambios<\/strong>:<\/p>\n<p style=\"text-align: justify;\">Si recibi\u00f3 un art\u00edculo da\u00f1ado o defectuoso, con gusto lo cambiaremos por uno nuevo. Para iniciar un cambio, comun\u00edquese con nuestro equipo de servicio al cliente al [insertar n\u00famero de tel\u00e9fono o correo electr\u00f3nico] y proporcione su n\u00famero de pedido y el motivo del cambio.<\/p>\n<p style=\"text-align: justify;\">Nuestro equipo le proporcionar\u00e1 un n\u00famero de autorizaci\u00f3n de devoluci\u00f3n (RAN) e instrucciones sobre c\u00f3mo devolver el art\u00edculo. Una vez que recibamos su art\u00edculo devuelto y verifiquemos su condici\u00f3n, le enviaremos un art\u00edculo de reemplazo sin costo adicional.<\/p>\n<p style=\"text-align: justify;\">Si desea cambiar un art\u00edculo por un producto diferente, comun\u00edquese con nuestro equipo de servicio al cliente para iniciar el proceso de devoluci\u00f3n descrito anteriormente. Una vez que recibamos su art\u00edculo devuelto, emitiremos un reembolso a su m\u00e9todo de pago original y podr\u00e1 realizar un nuevo pedido del producto que le gustar\u00eda recibir en su lugar.<\/p>\n<p style=\"text-align: justify;\"><strong>Env\u00edo<\/strong>:<\/p>\n<p style=\"text-align: justify;\">Todas las devoluciones y cambios est\u00e1n sujetos a gastos de env\u00edo, que se deducir\u00e1n de su reembolso. Si recibi\u00f3 un art\u00edculo da\u00f1ado o defectuoso, comun\u00edquese con nuestro equipo de servicio al cliente y cubriremos el costo del env\u00edo de devoluci\u00f3n.<\/p>\n<p style=\"text-align: justify;\">We kunnen geen vuurwapens verzenden naar P.O. boxen of APO\/FPO-adressen. Alle vuurwapens moeten worden verzonden naar een erkende dealer en de klant moet ervoor zorgen dat de dealer bereid is het vuurwapen te ontvangen en over te dragen. We doen er alles aan om onze klanten hoogwaardige vuurwapens en uitstekende klantenservice te bieden. Als u vragen of opmerkingen heeft over ons retour- en ruilbeleid, aarzel dan niet om contact op te nemen met onze klantenservice voor hulp.<\/p>\n<p style=\"text-align: justify;\"><strong>Politica di cancellazione:<\/strong><\/p>\n<p style=\"text-align: justify;\">Wir bei Gunmeplug.com verstehen, dass sich die Umst\u00e4nde manchmal \u00e4ndern und Sie Ihre Bestellung m\u00f6glicherweise stornieren m\u00fcssen. Wir m\u00f6chten den Stornierungsprozess so einfach und bequem wie m\u00f6glich gestalten.<\/p>\n<p style=\"text-align: justify;\">Se desideri annullare il tuo ordine, ti preghiamo di metterti in contatto con il nostro servizio clienti il prima possibile all'indirizzo [inserire numero di telefono o e-mail] con il numero dell'ordine e il motivo della cancellazione. Il nostro team lavorer\u00e0 con te per annullare l'ordine ed emettere un rimborso, se applicabile. Tieni presente che alcuni ordini potrebbero essere gi\u00e0 stati spediti o sono in fase di spedizione. In tali casi, potremmo non essere in grado di annullare l'ordine e potrebbe essere necessario restituire l'articolo una volta consegnato.<\/p>\n<p style=\"text-align: justify;\"><strong>Reembolsos<\/strong>:<\/p>\n<p style=\"text-align: justify;\">Si cancela su pedido antes de que se haya enviado, emitiremos un reembolso completo a su m\u00e9todo de pago original. Si su pedido ya ha sido enviado, emitiremos un reembolso por el costo de los art\u00edculos solo una vez que recibamos los art\u00edculos devueltos en su estado original.<\/p>\n<p style=\"text-align: justify;\">Tenga en cuenta que las tarifas de env\u00edo y manejo no son reembolsables, y usted ser\u00e1 responsable del costo del env\u00edo de devoluci\u00f3n. Si recibi\u00f3 un art\u00edculo da\u00f1ado o defectuoso, consulte nuestra pol\u00edtica de devoluciones y cambios para obtener informaci\u00f3n sobre c\u00f3mo devolver el art\u00edculo y recibir un reembolso o cambio.<\/p>\n<p style=\"text-align: justify;\">Estamos comprometidos a proporcionar a nuestros clientes armas de fuego de alta calidad y un excelente servicio al cliente. Si tiene alguna pregunta o inquietud sobre nuestra pol\u00edtica de cancelaci\u00f3n, no dude en ponerse en contacto con nuestro equipo de atenci\u00f3n al cliente para obtener ayuda.<\/p>\n\n\t\t<\/div>\n\t<\/div>\n<\/div><\/div><\/div><\/div>","protected":false},"excerpt":{"rendered":"Thank you for choosing Gunmeplug.com for your firearm needs. We understand that sometimes returns\/ exchanges or cancellation may be necessary, and we want to ensure the process is as easy as possible. Exchanges: If you received a damaged or defective item, we would gladly exchange it for a new one. To initiate an exchange, please [...]","protected":false},"author":1,"featured_media":0,"parent":0,"menu_order":0,"comment_status":"closed","ping_status":"closed","template":"","meta":{"_acf_changed":false,"_joinchat":[],"footnotes":""},"class_list":["post-3229","page","type-page","status-publish","hentry"],"acf":[],"yoast_head":"<!-- This site is optimized with the Yoast SEO plugin v26.3 - https:\/\/yoast.com\/wordpress\/plugins\/seo\/ -->\n<title>Refund and Returns Policy - Buy gun online USA<\/title>\n<meta name=\"robots\" content=\"index, follow, max-snippet:-1, max-image-preview:large, max-video-preview:-1\" \/>\n<link rel=\"canonical\" href=\"https:\/\/www.gunmeplug.com\/es\/devoluciones_devolucion\/\" \/>\n<meta property=\"og:locale\" content=\"es_ES\" \/>\n<meta property=\"og:type\" content=\"article\" \/>\n<meta property=\"og:title\" content=\"Refund and Returns Policy - Buy gun online USA\" \/>\n<meta property=\"og:url\" content=\"https:\/\/www.gunmeplug.com\/es\/devoluciones_devolucion\/\" \/>\n<meta property=\"og:site_name\" content=\"Buy gun online USA\" \/>\n<meta property=\"article:modified_time\" content=\"2023-05-03T10:02:34+00:00\" \/>\n<meta name=\"twitter:card\" content=\"summary_large_image\" \/>\n<meta name=\"twitter:label1\" content=\"Tiempo de lectura\" \/>\n\t<meta name=\"twitter:data1\" content=\"3 minutos\" \/>\n<script type=\"application\/ld+json\" class=\"yoast-schema-graph\">{\"@context\":\"https:\/\/schema.org\",\"@graph\":[{\"@type\":\"WebPage\",\"@id\":\"https:\/\/www.gunmeplug.com\/refund_returns\/\",\"url\":\"https:\/\/www.gunmeplug.com\/refund_returns\/\",\"name\":\"Refund and Returns Policy - Buy gun online USA\",\"isPartOf\":{\"@id\":\"https:\/\/www.gunmeplug.com\/#website\"},\"datePublished\":\"2021-11-05T17:23:33+00:00\",\"dateModified\":\"2023-05-03T10:02:34+00:00\",\"breadcrumb\":{\"@id\":\"https:\/\/www.gunmeplug.com\/refund_returns\/#breadcrumb\"},\"inLanguage\":\"es\",\"potentialAction\":[{\"@type\":\"ReadAction\",\"target\":[\"https:\/\/www.gunmeplug.com\/refund_returns\/\"]}]},{\"@type\":\"BreadcrumbList\",\"@id\":\"https:\/\/www.gunmeplug.com\/refund_returns\/#breadcrumb\",\"itemListElement\":[{\"@type\":\"ListItem\",\"position\":1,\"name\":\"Home\",\"item\":\"https:\/\/www.gunmeplug.com\/es\/\"},{\"@type\":\"ListItem\",\"position\":2,\"name\":\"Refund and Returns Policy\"}]},{\"@type\":\"WebSite\",\"@id\":\"https:\/\/www.gunmeplug.com\/#website\",\"url\":\"https:\/\/www.gunmeplug.com\/\",\"name\":\"Buy gun online USA\",\"description\":\"FireArms for sale online \",\"potentialAction\":[{\"@type\":\"SearchAction\",\"target\":{\"@type\":\"EntryPoint\",\"urlTemplate\":\"https:\/\/www.gunmeplug.com\/?s={search_term_string}\"},\"query-input\":{\"@type\":\"PropertyValueSpecification\",\"valueRequired\":true,\"valueName\":\"search_term_string\"}}],\"inLanguage\":\"es\"}]}<\/script>\n<!-- \/ Yoast SEO plugin. -->","yoast_head_json":{"title":"Pol\u00edtica de devoluciones y reembolsos - Buy gun online USA","robots":{"index":"index","follow":"follow","max-snippet":"max-snippet:-1","max-image-preview":"max-image-preview:large","max-video-preview":"max-video-preview:-1"},"canonical":"https:\/\/www.gunmeplug.com\/es\/devoluciones_devolucion\/","og_locale":"es_ES","og_type":"article","og_title":"Refund and Returns Policy - Buy gun online USA","og_url":"https:\/\/www.gunmeplug.com\/es\/devoluciones_devolucion\/","og_site_name":"Buy gun online USA","article_modified_time":"2023-05-03T10:02:34+00:00","twitter_card":"summary_large_image","twitter_misc":{"Tiempo de lectura":"3 minutos"},"schema":{"@context":"https:\/\/schema.org","@graph":[{"@type":"WebPage","@id":"https:\/\/www.gunmeplug.com\/refund_returns\/","url":"https:\/\/www.gunmeplug.com\/refund_returns\/","name":"Pol\u00edtica de devoluciones y reembolsos - Buy gun online USA","isPartOf":{"@id":"https:\/\/www.gunmeplug.com\/#website"},"datePublished":"2021-11-05T17:23:33+00:00","dateModified":"2023-05-03T10:02:34+00:00","breadcrumb":{"@id":"https:\/\/www.gunmeplug.com\/refund_returns\/#breadcrumb"},"inLanguage":"es","potentialAction":[{"@type":"ReadAction","target":["https:\/\/www.gunmeplug.com\/refund_returns\/"]}]},{"@type":"BreadcrumbList","@id":"https:\/\/www.gunmeplug.com\/refund_returns\/#breadcrumb","itemListElement":[{"@type":"ListItem","position":1,"name":"Home","item":"https:\/\/www.gunmeplug.com\/es\/"},{"@type":"ListItem","position":2,"name":"Refund and Returns Policy"}]},{"@type":"WebSite","@id":"https:\/\/www.gunmeplug.com\/#website","url":"https:\/\/www.gunmeplug.com\/","name":"Comprar arma online EE.UU.","description":"Venta de armas de fuego en l\u00ednea","potentialAction":[{"@type":"SearchAction","target":{"@type":"EntryPoint","urlTemplate":"https:\/\/www.gunmeplug.com\/?s={search_term_string}"},"query-input":{"@type":"PropertyValueSpecification","valueRequired":true,"valueName":"search_term_string"}}],"inLanguage":"es"}]}},"_links":{"self":[{"href":"https:\/\/www.gunmeplug.com\/es\/wp-json\/wp\/v2\/pages\/3229","targetHints":{"allow":["GET"]}}],"collection":[{"href":"https:\/\/www.gunmeplug.com\/es\/wp-json\/wp\/v2\/pages"}],"about":[{"href":"https:\/\/www.gunmeplug.com\/es\/wp-json\/wp\/v2\/types\/page"}],"author":[{"embeddable":true,"href":"https:\/\/www.gunmeplug.com\/es\/wp-json\/wp\/v2\/users\/1"}],"replies":[{"embeddable":true,"href":"https:\/\/www.gunmeplug.com\/es\/wp-json\/wp\/v2\/comments?post=3229"}],"version-history":[{"count":1,"href":"https:\/\/www.gunmeplug.com\/es\/wp-json\/wp\/v2\/pages\/3229\/revisions"}],"predecessor-version":[{"id":3412,"href":"https:\/\/www.gunmeplug.com\/es\/wp-json\/wp\/v2\/pages\/3229\/revisions\/3412"}],"wp:attachment":[{"href":"https:\/\/www.gunmeplug.com\/es\/wp-json\/wp\/v2\/media?parent=3229"}],"curies":[{"name":"wp","href":"https:\/\/api.w.org\/{rel}","templated":true}]}}