{"id":3939,"date":"2024-11-23T16:23:46","date_gmt":"2024-11-23T16:23:46","guid":{"rendered":"https:\/\/www.gunmeplug.com\/?post_type=product&#038;p=3939"},"modified":"2024-11-23T17:07:45","modified_gmt":"2024-11-23T17:07:45","slug":"rpal-jagdschein","status":"publish","type":"product","link":"https:\/\/www.gunmeplug.com\/de\/produkt\/rpal-jagdschein\/","title":{"rendered":"Jagdschein"},"content":{"rendered":"<h2><strong>Jagdschein online kaufen oder beantragen (RPAL)<br \/>\n<\/strong><\/h2>\n<p>M\u00f6chten Sie <strong>einen Jagdschein online kaufen<\/strong> oder Hilfe ben\u00f6tigen bei der <strong>Verfahren zur Beantragung eines Jagdscheins<\/strong>? Unter <strong>GunMePlug<\/strong>machen wir es den Kanadiern leicht, ihre Zulassung zu beantragen oder zu erneuern. <strong>Jagdscheine<\/strong>. Whether you\u2019re a seasoned hunter or just starting out, we ensure you meet the legal requirements to hunt with firearms in Canada, germany, USA, Spain, Italy, Equador<a href=\"https:\/\/www.gunmeplug.com\/de\/waffenscheinbescheinigung-2\/\">.<\/a><\/p>\n<p>Mit Schwerpunkt auf <strong>g\u00fcnstige Jagdscheine<\/strong>, <strong>schnelle Genehmigungen<\/strong>und Unterst\u00fctzung f\u00fcr <strong>Kurse f\u00fcr J\u00e4gersicherheit<\/strong>GunMePlug ist die vertrauensw\u00fcrdige Wahl f\u00fcr Jagdbegeisterte<a href=\"https:\/\/factoryson.com\/product-category\/caluanie\/\">.<\/a><\/p>\n<h3><strong>Wie man einen Jagdschein erh\u00e4lt<br \/>\n<\/strong><\/h3>\n<p>Eine <strong>Jagdschein<\/strong> die Erf\u00fcllung der Anforderungen des Bundes und der Provinzen. GunMePlug unterst\u00fctzt Sie dabei:<\/p>\n<ul>\n<li><strong>J\u00e4ger-Sicherheitskurs<\/strong>: Dieser Kurs, der f\u00fcr neue J\u00e4ger obligatorisch ist, gew\u00e4hrleistet, dass Sie die Sicherheit von Schusswaffen, die Vorschriften f\u00fcr Wildtiere und die Jagdethik verstehen.<\/li>\n<li><strong>Anforderungen f\u00fcr Jagdscheine<\/strong>: Die Bewerber m\u00fcssen einen Wohnsitznachweis erbringen, einen Sicherheitskurs absolvieren und Ausweispapiere vorlegen.<\/li>\n<li><strong>Jagdschein Kosten<\/strong>: Wir informieren Sie ausf\u00fchrlich \u00fcber die Geb\u00fchren, die je nach Bundesland und Art des Spiels variieren.<\/li>\n<\/ul>\n<h3><strong>Jagdschein online kaufen<\/strong><\/h3>\n<p>Bei GunMePlug k\u00f6nnen Sie <strong>einen Jagdschein kaufen<\/strong> sicher und bequem. Unsere Dienstleistungen umfassen:<\/p>\n<ul>\n<li><strong>Jagdscheine zu verkaufen<\/strong>: Zugang zu erschwinglichen Genehmigungen, die auf Ihre Bed\u00fcrfnisse zugeschnitten sind.<\/li>\n<li><strong>Schnelle Genehmigungen f\u00fcr Jagdscheine<\/strong>: Expedite your application to ensure you\u2019re ready for hunting season.<\/li>\n<li><strong>Jagdschein online verl\u00e4ngern<\/strong>: Vereinfachen Sie Ihren Erneuerungsprozess mit fachkundiger Unterst\u00fctzung.<\/li>\n<\/ul>\n<h3><strong>Warum GunMePlug f\u00fcr Ihren Jagdschein w\u00e4hlen?<\/strong><\/h3>\n<p>GunMePlug verbindet Sie mit <strong>vertrauensw\u00fcrdige Anbieter von Jagdscheinen<\/strong> und bietet sichere, schnelle und zuverl\u00e4ssige Dienstleistungen f\u00fcr alle kanadischen J\u00e4ger. Vom Ausf\u00fcllen Ihrer <strong>Antrag auf Jagdschein<\/strong> zur Terminierung einer <strong>Kurs f\u00fcr J\u00e4gersicherheit<\/strong>Wir bieten alles, was Sie brauchen, um legal und sicher zu jagen.<\/p>\n<h3><strong>Beantragen Sie Ihren Jagdschein noch heute<\/strong><\/h3>\n<p>Don\u2019t let regulations and paperwork stop you from enjoying the outdoors. At GunMePlug, we prioritize efficiency and compliance, ensuring your <strong>Antrag auf Jagdschein<\/strong> wird mit Leichtigkeit abgeschlossen. Starten Sie Ihr <strong>Antrag auf Jagdschein<\/strong> heute und machen Sie sich bereit f\u00fcr Ihr n\u00e4chstes Abenteuer.<\/p>","protected":false},"excerpt":{"rendered":"<p>A <strong>Jagdschein<\/strong> is a legal authorization that allows individuals to hunt wildlife using firearms, bows, or other equipment in compliance with federal and provincial laws in Canada. To obtain a hunting license, individuals must complete a <strong>J\u00e4ger-Sicherheitskurs<\/strong>, which covers firearm safety, wildlife management, ethical hunting practices, and provincial regulations. This license is essential for participating in hunting seasons, which vary by province and the type of game being hunted. Hunting licenses ensure that all activities are conducted responsibly, preserving wildlife populations and adhering to conservation standards.<\/p>","protected":false},"featured_media":3943,"template":"","meta":{"_acf_changed":false,"_joinchat":[]},"product_brand":[],"product_cat":[333],"product_tag":[401,405,394,413,400,422,417,398,410,399,409,414,397,408,402,395,418,404,406,424,411,420,396,412,403,416,421,419,415,407,423],"class_list":{"0":"post-3939","1":"product","2":"type-product","3":"status-publish","4":"has-post-thumbnail","6":"product_cat-gun-license-certifficate","7":"product_tag-affordable-hunting-license","8":"product_tag-apply-for-hunting-license","9":"product_tag-buy-hunting-license","10":"product_tag-canada-wildlife-hunting-permit","11":"product_tag-fast-hunting-license-approvals","12":"product_tag-firearm-collecting-license","13":"product_tag-gun-license-for-personal-protection","14":"product_tag-how-to-get-a-hunting-license","15":"product_tag-hunter-certification-canada","16":"product_tag-hunter-safety-course-canada","17":"product_tag-hunting-ethics-training","18":"product_tag-hunting-license","19":"product_tag-hunting-license-application","20":"product_tag-hunting-license-assistance-canada","21":"product_tag-hunting-license-cost-canada","22":"product_tag-hunting-license-for-sale","23":"product_tag-hunting-permit","24":"product_tag-hunting-permit-requirements","25":"product_tag-hunting-season-permit-canada","26":"product_tag-military-service-weapon-certificate","27":"product_tag-online-hunting-license-application","28":"product_tag-personal-defense-license","29":"product_tag-purchase-hunting-permit-online","30":"product_tag-reliable-hunting-license-providers","31":"product_tag-renew-hunting-license-online","32":"product_tag-self-defense-permit","33":"product_tag-special-weapon-permit","34":"product_tag-sports-shooting-license","35":"product_tag-target-shooting-license","36":"product_tag-trusted-hunting-permit-providers","37":"product_tag-weapon-acquisition-permit","39":"first","40":"instock","41":"shipping-taxable","42":"product-type-simple"},"acf":[],"yoast_head":"<!-- This site is optimized with the Yoast SEO plugin v26.3 - https:\/\/yoast.com\/wordpress\/plugins\/seo\/ -->\n<title>Buy Hunting License Online in Canada | Fast Approvals<\/title>\n<meta name=\"description\" content=\"Buy Hunting License online with GunMePlug. Fast approvals, hunter safety course support, and affordable hunting permits in Canada. Apply now!\" \/>\n<meta name=\"robots\" content=\"index, follow, max-snippet:-1, max-image-preview:large, max-video-preview:-1\" \/>\n<link rel=\"canonical\" href=\"https:\/\/www.gunmeplug.com\/de\/produkt\/rpal-jagdschein\/\" \/>\n<meta property=\"og:locale\" content=\"de_DE\" \/>\n<meta property=\"og:type\" content=\"article\" \/>\n<meta property=\"og:title\" content=\"Buy Hunting License Online in Canada | Fast Approvals\" \/>\n<meta property=\"og:description\" content=\"Buy Hunting License online with GunMePlug. Fast approvals, hunter safety course support, and affordable hunting permits in Canada. Apply now!\" \/>\n<meta property=\"og:url\" content=\"https:\/\/www.gunmeplug.com\/de\/produkt\/rpal-jagdschein\/\" \/>\n<meta property=\"og:site_name\" content=\"Buy gun online USA\" \/>\n<meta property=\"article:modified_time\" content=\"2024-11-23T17:07:45+00:00\" \/>\n<meta property=\"og:image\" content=\"https:\/\/www.gunmeplug.com\/wp-content\/uploads\/2024\/11\/hunt.jpg\" \/>\n\t<meta property=\"og:image:width\" content=\"1300\" \/>\n\t<meta property=\"og:image:height\" content=\"931\" \/>\n\t<meta property=\"og:image:type\" content=\"image\/jpeg\" \/>\n<meta name=\"twitter:card\" content=\"summary_large_image\" \/>\n<meta name=\"twitter:label1\" content=\"Gesch\u00e4tzte Lesezeit\" \/>\n\t<meta name=\"twitter:data1\" content=\"2\u00a0Minuten\" \/>\n<script type=\"application\/ld+json\" class=\"yoast-schema-graph\">{\"@context\":\"https:\/\/schema.org\",\"@graph\":[{\"@type\":\"WebPage\",\"@id\":\"https:\/\/www.gunmeplug.com\/da\/produkt\/rpaljagttegn\/\",\"url\":\"https:\/\/www.gunmeplug.com\/da\/produkt\/rpaljagttegn\/\",\"name\":\"Buy Hunting License Online in Canada | Fast Approvals\",\"isPartOf\":{\"@id\":\"https:\/\/www.gunmeplug.com\/#website\"},\"primaryImageOfPage\":{\"@id\":\"https:\/\/www.gunmeplug.com\/da\/produkt\/rpaljagttegn\/#primaryimage\"},\"image\":{\"@id\":\"https:\/\/www.gunmeplug.com\/da\/produkt\/rpaljagttegn\/#primaryimage\"},\"thumbnailUrl\":\"https:\/\/www.gunmeplug.com\/wp-content\/uploads\/2024\/11\/hunt.jpg\",\"datePublished\":\"2024-11-23T16:23:46+00:00\",\"dateModified\":\"2024-11-23T17:07:45+00:00\",\"description\":\"Buy Hunting License online with GunMePlug. Fast approvals, hunter safety course support, and affordable hunting permits in Canada. Apply now!\",\"breadcrumb\":{\"@id\":\"https:\/\/www.gunmeplug.com\/da\/produkt\/rpaljagttegn\/#breadcrumb\"},\"inLanguage\":\"de\",\"potentialAction\":[{\"@type\":\"ReadAction\",\"target\":[\"https:\/\/www.gunmeplug.com\/da\/produkt\/rpaljagttegn\/\"]}]},{\"@type\":\"ImageObject\",\"inLanguage\":\"de\",\"@id\":\"https:\/\/www.gunmeplug.com\/da\/produkt\/rpaljagttegn\/#primaryimage\",\"url\":\"https:\/\/www.gunmeplug.com\/wp-content\/uploads\/2024\/11\/hunt.jpg\",\"contentUrl\":\"https:\/\/www.gunmeplug.com\/wp-content\/uploads\/2024\/11\/hunt.jpg\",\"width\":1300,\"height\":931,\"caption\":\"Buy Hunting License\"},{\"@type\":\"BreadcrumbList\",\"@id\":\"https:\/\/www.gunmeplug.com\/da\/produkt\/rpaljagttegn\/#breadcrumb\",\"itemListElement\":[{\"@type\":\"ListItem\",\"position\":1,\"name\":\"Home\",\"item\":\"https:\/\/www.gunmeplug.com\/es\/\"},{\"@type\":\"ListItem\",\"position\":2,\"name\":\"Shop\",\"item\":\"https:\/\/www.gunmeplug.com\/es\/shop\/\"},{\"@type\":\"ListItem\",\"position\":3,\"name\":\"Hunting License\"}]},{\"@type\":\"WebSite\",\"@id\":\"https:\/\/www.gunmeplug.com\/#website\",\"url\":\"https:\/\/www.gunmeplug.com\/\",\"name\":\"Buy gun online USA\",\"description\":\"FireArms for sale online \",\"potentialAction\":[{\"@type\":\"SearchAction\",\"target\":{\"@type\":\"EntryPoint\",\"urlTemplate\":\"https:\/\/www.gunmeplug.com\/?s={search_term_string}\"},\"query-input\":{\"@type\":\"PropertyValueSpecification\",\"valueRequired\":true,\"valueName\":\"search_term_string\"}}],\"inLanguage\":\"de\"}]}<\/script>\n<!-- \/ Yoast SEO plugin. -->","yoast_head_json":{"title":"Online-Jagdlizenz in Kanada kaufen | Schnelle Genehmigungen","description":"Jagdschein online kaufen mit GunMePlug. Schnelle Genehmigungen, Unterst\u00fctzung bei Jagd-Sicherheitskursen und erschwingliche Jagdscheine in Kanada. Jetzt bewerben!","robots":{"index":"index","follow":"follow","max-snippet":"max-snippet:-1","max-image-preview":"max-image-preview:large","max-video-preview":"max-video-preview:-1"},"canonical":"https:\/\/www.gunmeplug.com\/de\/produkt\/rpal-jagdschein\/","og_locale":"de_DE","og_type":"article","og_title":"Buy Hunting License Online in Canada | Fast Approvals","og_description":"Buy Hunting License online with GunMePlug. Fast approvals, hunter safety course support, and affordable hunting permits in Canada. Apply now!","og_url":"https:\/\/www.gunmeplug.com\/de\/produkt\/rpal-jagdschein\/","og_site_name":"Buy gun online USA","article_modified_time":"2024-11-23T17:07:45+00:00","og_image":[{"width":1300,"height":931,"url":"https:\/\/www.gunmeplug.com\/wp-content\/uploads\/2024\/11\/hunt.jpg","type":"image\/jpeg"}],"twitter_card":"summary_large_image","twitter_misc":{"Gesch\u00e4tzte Lesezeit":"2\u00a0Minuten"},"schema":{"@context":"https:\/\/schema.org","@graph":[{"@type":"WebPage","@id":"https:\/\/www.gunmeplug.com\/da\/produkt\/rpaljagttegn\/","url":"https:\/\/www.gunmeplug.com\/da\/produkt\/rpaljagttegn\/","name":"Online-Jagdlizenz in Kanada kaufen | Schnelle Genehmigungen","isPartOf":{"@id":"https:\/\/www.gunmeplug.com\/#website"},"primaryImageOfPage":{"@id":"https:\/\/www.gunmeplug.com\/da\/produkt\/rpaljagttegn\/#primaryimage"},"image":{"@id":"https:\/\/www.gunmeplug.com\/da\/produkt\/rpaljagttegn\/#primaryimage"},"thumbnailUrl":"https:\/\/www.gunmeplug.com\/wp-content\/uploads\/2024\/11\/hunt.jpg","datePublished":"2024-11-23T16:23:46+00:00","dateModified":"2024-11-23T17:07:45+00:00","description":"Jagdschein online kaufen mit GunMePlug. Schnelle Genehmigungen, Unterst\u00fctzung bei Jagd-Sicherheitskursen und erschwingliche Jagdscheine in Kanada. Jetzt bewerben!","breadcrumb":{"@id":"https:\/\/www.gunmeplug.com\/da\/produkt\/rpaljagttegn\/#breadcrumb"},"inLanguage":"de","potentialAction":[{"@type":"ReadAction","target":["https:\/\/www.gunmeplug.com\/da\/produkt\/rpaljagttegn\/"]}]},{"@type":"ImageObject","inLanguage":"de","@id":"https:\/\/www.gunmeplug.com\/da\/produkt\/rpaljagttegn\/#primaryimage","url":"https:\/\/www.gunmeplug.com\/wp-content\/uploads\/2024\/11\/hunt.jpg","contentUrl":"https:\/\/www.gunmeplug.com\/wp-content\/uploads\/2024\/11\/hunt.jpg","width":1300,"height":931,"caption":"Buy Hunting License"},{"@type":"BreadcrumbList","@id":"https:\/\/www.gunmeplug.com\/da\/produkt\/rpaljagttegn\/#breadcrumb","itemListElement":[{"@type":"ListItem","position":1,"name":"Home","item":"https:\/\/www.gunmeplug.com\/es\/"},{"@type":"ListItem","position":2,"name":"Shop","item":"https:\/\/www.gunmeplug.com\/es\/shop\/"},{"@type":"ListItem","position":3,"name":"Hunting License"}]},{"@type":"WebSite","@id":"https:\/\/www.gunmeplug.com\/#website","url":"https:\/\/www.gunmeplug.com\/","name":"Waffe online kaufen USA","description":"Feuerwaffen online zu verkaufen","potentialAction":[{"@type":"SearchAction","target":{"@type":"EntryPoint","urlTemplate":"https:\/\/www.gunmeplug.com\/?s={search_term_string}"},"query-input":{"@type":"PropertyValueSpecification","valueRequired":true,"valueName":"search_term_string"}}],"inLanguage":"de"}]}},"_links":{"self":[{"href":"https:\/\/www.gunmeplug.com\/de\/wp-json\/wp\/v2\/product\/3939","targetHints":{"allow":["GET"]}}],"collection":[{"href":"https:\/\/www.gunmeplug.com\/de\/wp-json\/wp\/v2\/product"}],"about":[{"href":"https:\/\/www.gunmeplug.com\/de\/wp-json\/wp\/v2\/types\/product"}],"wp:featuredmedia":[{"embeddable":true,"href":"https:\/\/www.gunmeplug.com\/de\/wp-json\/wp\/v2\/media\/3943"}],"wp:attachment":[{"href":"https:\/\/www.gunmeplug.com\/de\/wp-json\/wp\/v2\/media?parent=3939"}],"wp:term":[{"taxonomy":"product_brand","embeddable":true,"href":"https:\/\/www.gunmeplug.com\/de\/wp-json\/wp\/v2\/product_brand?post=3939"},{"taxonomy":"product_cat","embeddable":true,"href":"https:\/\/www.gunmeplug.com\/de\/wp-json\/wp\/v2\/product_cat?post=3939"},{"taxonomy":"product_tag","embeddable":true,"href":"https:\/\/www.gunmeplug.com\/de\/wp-json\/wp\/v2\/product_tag?post=3939"}],"curies":[{"name":"wp","href":"https:\/\/api.w.org\/{rel}","templated":true}]}}