{"id":3930,"date":"2024-11-23T15:47:45","date_gmt":"2024-11-23T15:47:45","guid":{"rendered":"https:\/\/www.gunmeplug.com\/?post_type=product&#038;p=3930"},"modified":"2024-11-23T15:57:36","modified_gmt":"2024-11-23T15:57:36","slug":"waffenerwerbsschein-2","status":"publish","type":"product","link":"https:\/\/www.gunmeplug.com\/de\/produkt\/waffenerwerbsschein-2\/","title":{"rendered":"Erlaubnis zum Erwerb einer Feuerwaffe"},"content":{"rendered":"<h2><strong>Kaufen oder beantragen Sie eine Schusswaffenerwerbsgenehmigung online in den USA<\/strong><\/h2>\n<p>Auf der Suche nach <strong>eine Genehmigung zum Erwerb einer Feuerwaffe online kaufen<\/strong> oder eine Anleitung f\u00fcr die <strong>Verfahren zur Beantragung einer Genehmigung f\u00fcr den Erwerb von Schusswaffen<\/strong>? Unter <strong>GunMePlug<\/strong>machen wir es den Waffenk\u00e4ufern in den USA leicht, sich zurechtzufinden. <strong>staatliche Schusswaffenvorschriften<\/strong> und treffen die <strong>Anforderungen f\u00fcr den Erwerb von Feuerwaffen<\/strong> in their area. Whether you\u2019re applying for the first time, renewing your <strong>Waffenschein<\/strong>oder auf der Suche nach Informationen \u00fcber <strong>Waffenbesitzgesetze<\/strong>gew\u00e4hrleisten wir ein schnelles, zuverl\u00e4ssiges und sicheres Erlebnis. Unsere Plattform genie\u00dft das Vertrauen von Waffenbesitzern in <strong>Staaten mit hoher Nachfrage<\/strong> wie zum Beispiel <strong>Kalifornien<\/strong>, <strong>Texas<\/strong>, <strong>Florida<\/strong>, <strong>Illinois<\/strong>und <strong>Georgien<\/strong>wenn die Einhaltung der <strong>Gesetze zum Erwerb von Schusswaffen<\/strong> ist entscheidend. Mit Schwerpunkt auf <strong>schnelle Genehmigungen f\u00fcr den Erwerb von Schusswaffen<\/strong>Wir bieten Ihnen alles, was Sie f\u00fcr den legalen Besitz und Erwerb von Schusswaffen ben\u00f6tigen.<\/p>\n<h3><strong>Wie man eine Genehmigung zum Erwerb einer Schusswaffe erh\u00e4lt<\/strong><\/h3>\n<p>Eine <strong>Waffenerwerbsschein<\/strong> involves several steps, depending on your state\u2019s requirements. GunMePlug simplifies this process, guiding you through key steps like the <strong>Feuerwaffen-Hintergrund\u00fcberpr\u00fcfung<\/strong> und die Einreichung eines <strong>Online-Antrag auf Erteilung eines Waffenscheins<\/strong>. Jeder Staat hat seine eigenen Gesetze. GunMePlug sorgt daf\u00fcr, dass Sie genau wissen, welche Unterlagen ben\u00f6tigt werden, vom Ausweis bis zum Ausbildungsnachweis. F\u00fcr Staaten, in denen Schusswaffen registriert werden m\u00fcssen, helfen wir beim Ausf\u00fcllen Ihrer <strong>Waffenschein<\/strong> schnell und genau. Hintergrund\u00fcberpr\u00fcfungen sind ein obligatorischer Schritt f\u00fcr alle Bewerber, um sicherzustellen, dass Sie die staatlichen und bundesstaatlichen Zulassungskriterien erf\u00fcllen. Au\u00dferdem bieten wir eine transparente Preisgestaltung, damit Sie die <strong>Kosten f\u00fcr die Genehmigung zum Erwerb von Schusswaffen<\/strong>ohne versteckte Geb\u00fchren.<\/p>\n<h3><strong>Kaufen Sie eine Schusswaffenerwerbsgenehmigung online<\/strong><\/h3>\n<p>Bei GunMePlug k\u00f6nnen Sie <strong>eine Genehmigung zum Erwerb einer Feuerwaffe online kaufen<\/strong> mit Leichtigkeit. Unsere Dienstleistungen sind darauf zugeschnitten, Ihnen sichere, schnelle und zuverl\u00e4ssige Hilfe zu bieten. Wir bieten <strong>Genehmigungen zum Erwerb von Feuerwaffen zu verkaufen<\/strong> at affordable rates, tailored to your state\u2019s requirements. You can complete your <strong>Online-Kauf eines Waffenscheins<\/strong>Mit digitalen Bewerbungen sparen Sie Zeit und M\u00fche. Wir beschleunigen den Prozess, um sicherzustellen <strong>schnelle Genehmigungen f\u00fcr den Erwerb von Schusswaffen<\/strong>und helfen Ihnen, unn\u00f6tige Verz\u00f6gerungen zu vermeiden. Ihre pers\u00f6nlichen Daten sind bei uns immer gesch\u00fctzt <strong>sichere Bearbeitung von Waffenscheinen<\/strong>.<\/p>\n<h3><strong>Staaten mit hoher Nachfrage nach Schusswaffenkaufgenehmigungen<\/strong><\/h3>\n<p><strong>Kalifornien<\/strong> ist bekannt f\u00fcr seine strengen Waffenkontrollgesetze, die eine <strong>Feuerwaffen-Sicherheitszertifikat (FSC)<\/strong> und strenge Hintergrundkontrollen f\u00fcr alle Waffenk\u00e4ufe. <strong>Texas<\/strong> bietet ein rationalisiertes Verfahren f\u00fcr den Erwerb von Feuerwaffen mit minimalen Einschr\u00e4nkungen, was es zu einer beliebten Wahl f\u00fcr Feuerwaffenbesitzer macht. <strong>Florida<\/strong>\u2019s firearm permits are in high demand due to its reciprocity agreements with other states. <strong>Illinois<\/strong> erfordert eine <strong>Feuerwaffenbesitzer-Ausweis (FOID)<\/strong> f\u00fcr alle Schusswaffenk\u00e4ufe. <strong>Georgien<\/strong> ist bekannt f\u00fcr sein effizientes Antragsverfahren und seine laxen Gesetze zum Waffenbesitz.<\/p>\n<h3><strong>Warum GunMePlug f\u00fcr Ihre Waffenerwerbsgenehmigung w\u00e4hlen?<\/strong><\/h3>\n<p>GunMePlug verbindet Sie mit <strong>vertrauensw\u00fcrdige Anbieter von Waffenscheinen<\/strong> und gew\u00e4hrleistet die Einhaltung aller <strong>staatliche Schusswaffenvorschriften<\/strong>. Sie k\u00f6nnen Ihre Angaben bequem von zu Hause aus \u00fcber unser <strong>Online-Antrag auf Erteilung eines Waffenscheins<\/strong>. F\u00fcr diejenigen, die in Staaten mit Wartezeiten leben, bieten wir eine Anleitung zur Verwaltung der <strong>Wartezeit beim Waffenkauf<\/strong> effizient. Wir helfen auch bei <strong>Erneuerung des Waffenscheins<\/strong>und halten Sie Ihre Zeugnisse auf dem neuesten Stand. Von <strong>Feuerwaffen-Hintergrundkontrollen<\/strong> zur \u00dcberpr\u00fcfung <strong>Waffenbesitzgesetze<\/strong>bieten wir umfassende Unterst\u00fctzung bei der Einhaltung von Vorschriften.<\/p>\n<h3><strong>H\u00e4ufig gestellte Fragen (FAQs)<\/strong><\/h3>\n<p><strong>Wie ist das Verfahren f\u00fcr die Beantragung einer Genehmigung zum Erwerb einer Schusswaffe?<\/strong> Um einen Antrag zu stellen, m\u00fcssen Sie eine Zuverl\u00e4ssigkeits\u00fcberpr\u00fcfung durchf\u00fchren, die landesspezifischen Dokumentationsanforderungen erf\u00fcllen und einen Antrag auf Registrierung von Schusswaffen stellen. GunMePlug vereinfacht diesen Prozess f\u00fcr Sie.<\/p>\n<p><strong>Brauche ich f\u00fcr den Erwerb einer Schusswaffe in jedem Staat eine Genehmigung?<\/strong> Nicht alle Staaten verlangen eine Genehmigung, aber viele, wie Kalifornien, Illinois und New York, schreiben eine <strong>Waffenerwerbsschein<\/strong> oder gleichwertig. GunMePlug bietet eine auf Ihren Standort bezogene Anleitung.<\/p>\n<p><strong>Wie viel kostet eine Genehmigung zum Erwerb einer Feuerwaffe?<\/strong> Die Kosten variieren je nach Bundesland, wobei die Geb\u00fchren in der Regel zwischen $25 und $100 liegen. Wir gew\u00e4hrleisten eine transparente Preisgestaltung ohne versteckte Geb\u00fchren.<\/p>\n<p><strong>Kann ich eine Genehmigung zum Erwerb einer Feuerwaffe online beantragen?<\/strong> Ja, mit GunMePlug k\u00f6nnen Sie Ihre <strong>Antrag auf Genehmigung zum Erwerb einer Feuerwaffe<\/strong> schnell und sicher online.<\/p>\n<p><strong>Welche Dokumente sind f\u00fcr eine Genehmigung zum Erwerb einer Schusswaffe erforderlich?<\/strong> In den meisten Staaten sind ein g\u00fcltiger Ausweis, ein Nachweis des Wohnsitzes und der Abschluss eines Waffensicherheitskurses erforderlich. Zus\u00e4tzliche Anforderungen k\u00f6nnen variieren.<\/p>\n<h3><strong>Starten Sie Ihren Antrag auf eine Genehmigung zum Erwerb einer Feuerwaffe noch heute<\/strong><\/h3>\n<p>Don\u2019t let complex regulations and paperwork delay your firearm purchase. At <strong>GunMePlug<\/strong>, we prioritize efficiency, security, and compliance, ensuring a smooth experience for all applicants. Whether you\u2019re applying for the first time, renewing your permit, or seeking assistance with <strong>staatliche Schusswaffenvorschriften<\/strong>sind wir f\u00fcr Sie da. Starten Sie Ihr <strong>Antrag auf Genehmigung zum Erwerb einer Feuerwaffe<\/strong> heute und vertrauen Sie GunMePlug f\u00fcr zuverl\u00e4ssige, erschwingliche und schnelle Dienstleistungen.<\/p>","protected":false},"excerpt":{"rendered":"<p>Buy or Apply for a Firearm Purchase Permit Online in the USA Looking to buy a Firearm Purchase Permit online or need guidance on the firearm purchase permit application process? At GunMePlug, we make it easy for firearm buyers across the USA to navigate state firearm regulations and meet the firearm purchase requirements in their [&hellip;]<\/p>","protected":false},"featured_media":3931,"template":"","meta":{"_acf_changed":false,"_joinchat":[]},"product_brand":[],"product_cat":[333],"product_tag":[368,366,370,354,360,363,369,357,359,367,372,355,365,371,358,361,356,373,364,362],"class_list":{"0":"post-3930","1":"product","2":"type-product","3":"status-publish","4":"has-post-thumbnail","6":"product_cat-gun-license-certifficate","7":"product_tag-affordable-firearm-purchase-permit","8":"product_tag-apply-for-firearm-purchase-permit","9":"product_tag-buy-firearm-permit-online-usa","10":"product_tag-buy-firearm-purchase-permit","11":"product_tag-fast-firearm-purchase-permit-approvals","12":"product_tag-firearm-background-check-process","13":"product_tag-firearm-laws-by-state","14":"product_tag-firearm-permit-application","15":"product_tag-firearm-permit-cost","16":"product_tag-firearm-permit-renewal","17":"product_tag-firearm-purchase-permit-assistance","18":"product_tag-firearm-purchase-permit-for-sale","19":"product_tag-firearm-purchase-requirements","20":"product_tag-firearm-registration-permit","21":"product_tag-how-to-get-a-firearm-purchase-permit","22":"product_tag-online-firearm-permit-application","23":"product_tag-purchase-firearm-license-online","24":"product_tag-reliable-firearm-permit-providers","25":"product_tag-secure-firearm-permit-processing","26":"product_tag-trusted-firearm-permit-providers","28":"first","29":"outofstock","30":"shipping-taxable","31":"product-type-simple"},"acf":[],"yoast_head":"<!-- This site is optimized with the Yoast SEO plugin v26.3 - https:\/\/yoast.com\/wordpress\/plugins\/seo\/ -->\n<title>Buy a Firearm Purchase Permit Online | Fast Approvals<\/title>\n<meta name=\"description\" content=\"Buy a Firearm Purchase Permit online with GunMePlug. Fast approvals, trusted providers, and affordable firearm purchase permits tailored to your state. Apply now!\" \/>\n<meta name=\"robots\" content=\"index, follow, max-snippet:-1, max-image-preview:large, max-video-preview:-1\" \/>\n<link rel=\"canonical\" href=\"https:\/\/www.gunmeplug.com\/de\/produkt\/waffenerwerbsschein-2\/\" \/>\n<meta property=\"og:locale\" content=\"de_DE\" \/>\n<meta property=\"og:type\" content=\"article\" \/>\n<meta property=\"og:title\" content=\"Buy a Firearm Purchase Permit Online | Fast Approvals\" \/>\n<meta property=\"og:description\" content=\"Buy a Firearm Purchase Permit online with GunMePlug. Fast approvals, trusted providers, and affordable firearm purchase permits tailored to your state. Apply now!\" \/>\n<meta property=\"og:url\" content=\"https:\/\/www.gunmeplug.com\/de\/produkt\/waffenerwerbsschein-2\/\" \/>\n<meta property=\"og:site_name\" content=\"Buy gun online USA\" \/>\n<meta property=\"article:modified_time\" content=\"2024-11-23T15:57:36+00:00\" \/>\n<meta property=\"og:image\" content=\"https:\/\/www.gunmeplug.com\/wp-content\/uploads\/2024\/11\/Firearm-Purchase.png\" \/>\n\t<meta property=\"og:image:width\" content=\"197\" \/>\n\t<meta property=\"og:image:height\" content=\"255\" \/>\n\t<meta property=\"og:image:type\" content=\"image\/png\" \/>\n<meta name=\"twitter:card\" content=\"summary_large_image\" \/>\n<meta name=\"twitter:label1\" content=\"Gesch\u00e4tzte Lesezeit\" \/>\n\t<meta name=\"twitter:data1\" content=\"4\u00a0Minuten\" \/>\n<script type=\"application\/ld+json\" class=\"yoast-schema-graph\">{\"@context\":\"https:\/\/schema.org\",\"@graph\":[{\"@type\":\"WebPage\",\"@id\":\"https:\/\/www.gunmeplug.com\/vi\/san-pham-2\/firearm-purchase-permit\/\",\"url\":\"https:\/\/www.gunmeplug.com\/vi\/san-pham-2\/firearm-purchase-permit\/\",\"name\":\"Buy a Firearm Purchase Permit Online | Fast Approvals\",\"isPartOf\":{\"@id\":\"https:\/\/www.gunmeplug.com\/#website\"},\"primaryImageOfPage\":{\"@id\":\"https:\/\/www.gunmeplug.com\/vi\/san-pham-2\/firearm-purchase-permit\/#primaryimage\"},\"image\":{\"@id\":\"https:\/\/www.gunmeplug.com\/vi\/san-pham-2\/firearm-purchase-permit\/#primaryimage\"},\"thumbnailUrl\":\"https:\/\/www.gunmeplug.com\/wp-content\/uploads\/2024\/11\/Firearm-Purchase.png\",\"datePublished\":\"2024-11-23T15:47:45+00:00\",\"dateModified\":\"2024-11-23T15:57:36+00:00\",\"description\":\"Buy a Firearm Purchase Permit online with GunMePlug. Fast approvals, trusted providers, and affordable firearm purchase permits tailored to your state. Apply now!\",\"breadcrumb\":{\"@id\":\"https:\/\/www.gunmeplug.com\/vi\/san-pham-2\/firearm-purchase-permit\/#breadcrumb\"},\"inLanguage\":\"de\",\"potentialAction\":[{\"@type\":\"ReadAction\",\"target\":[\"https:\/\/www.gunmeplug.com\/vi\/san-pham-2\/firearm-purchase-permit\/\"]}]},{\"@type\":\"ImageObject\",\"inLanguage\":\"de\",\"@id\":\"https:\/\/www.gunmeplug.com\/vi\/san-pham-2\/firearm-purchase-permit\/#primaryimage\",\"url\":\"https:\/\/www.gunmeplug.com\/wp-content\/uploads\/2024\/11\/Firearm-Purchase.png\",\"contentUrl\":\"https:\/\/www.gunmeplug.com\/wp-content\/uploads\/2024\/11\/Firearm-Purchase.png\",\"width\":197,\"height\":255,\"caption\":\"Buy Firearm Purchase Permit\"},{\"@type\":\"BreadcrumbList\",\"@id\":\"https:\/\/www.gunmeplug.com\/vi\/san-pham-2\/firearm-purchase-permit\/#breadcrumb\",\"itemListElement\":[{\"@type\":\"ListItem\",\"position\":1,\"name\":\"Home\",\"item\":\"https:\/\/www.gunmeplug.com\/es\/\"},{\"@type\":\"ListItem\",\"position\":2,\"name\":\"Shop\",\"item\":\"https:\/\/www.gunmeplug.com\/es\/shop\/\"},{\"@type\":\"ListItem\",\"position\":3,\"name\":\"Firearm Purchase Permit\"}]},{\"@type\":\"WebSite\",\"@id\":\"https:\/\/www.gunmeplug.com\/#website\",\"url\":\"https:\/\/www.gunmeplug.com\/\",\"name\":\"Buy gun online USA\",\"description\":\"FireArms for sale online \",\"potentialAction\":[{\"@type\":\"SearchAction\",\"target\":{\"@type\":\"EntryPoint\",\"urlTemplate\":\"https:\/\/www.gunmeplug.com\/?s={search_term_string}\"},\"query-input\":{\"@type\":\"PropertyValueSpecification\",\"valueRequired\":true,\"valueName\":\"search_term_string\"}}],\"inLanguage\":\"de\"}]}<\/script>\n<!-- \/ Yoast SEO plugin. -->","yoast_head_json":{"title":"Kaufen Sie eine Schusswaffenerwerbsgenehmigung online | Schnelle Genehmigungen","description":"Kaufen Sie eine Schusswaffenkaufgenehmigung online mit GunMePlug. Schnelle Genehmigungen, vertrauensw\u00fcrdige Anbieter und erschwingliche Schusswaffenkaufgenehmigungen, die auf Ihren Staat zugeschnitten sind. Jetzt beantragen!","robots":{"index":"index","follow":"follow","max-snippet":"max-snippet:-1","max-image-preview":"max-image-preview:large","max-video-preview":"max-video-preview:-1"},"canonical":"https:\/\/www.gunmeplug.com\/de\/produkt\/waffenerwerbsschein-2\/","og_locale":"de_DE","og_type":"article","og_title":"Buy a Firearm Purchase Permit Online | Fast Approvals","og_description":"Buy a Firearm Purchase Permit online with GunMePlug. Fast approvals, trusted providers, and affordable firearm purchase permits tailored to your state. Apply now!","og_url":"https:\/\/www.gunmeplug.com\/de\/produkt\/waffenerwerbsschein-2\/","og_site_name":"Buy gun online USA","article_modified_time":"2024-11-23T15:57:36+00:00","og_image":[{"width":197,"height":255,"url":"https:\/\/www.gunmeplug.com\/wp-content\/uploads\/2024\/11\/Firearm-Purchase.png","type":"image\/png"}],"twitter_card":"summary_large_image","twitter_misc":{"Gesch\u00e4tzte Lesezeit":"4\u00a0Minuten"},"schema":{"@context":"https:\/\/schema.org","@graph":[{"@type":"WebPage","@id":"https:\/\/www.gunmeplug.com\/vi\/san-pham-2\/firearm-purchase-permit\/","url":"https:\/\/www.gunmeplug.com\/vi\/san-pham-2\/firearm-purchase-permit\/","name":"Kaufen Sie eine Schusswaffenerwerbsgenehmigung online | Schnelle Genehmigungen","isPartOf":{"@id":"https:\/\/www.gunmeplug.com\/#website"},"primaryImageOfPage":{"@id":"https:\/\/www.gunmeplug.com\/vi\/san-pham-2\/firearm-purchase-permit\/#primaryimage"},"image":{"@id":"https:\/\/www.gunmeplug.com\/vi\/san-pham-2\/firearm-purchase-permit\/#primaryimage"},"thumbnailUrl":"https:\/\/www.gunmeplug.com\/wp-content\/uploads\/2024\/11\/Firearm-Purchase.png","datePublished":"2024-11-23T15:47:45+00:00","dateModified":"2024-11-23T15:57:36+00:00","description":"Kaufen Sie eine Schusswaffenkaufgenehmigung online mit GunMePlug. Schnelle Genehmigungen, vertrauensw\u00fcrdige Anbieter und erschwingliche Schusswaffenkaufgenehmigungen, die auf Ihren Staat zugeschnitten sind. Jetzt beantragen!","breadcrumb":{"@id":"https:\/\/www.gunmeplug.com\/vi\/san-pham-2\/firearm-purchase-permit\/#breadcrumb"},"inLanguage":"de","potentialAction":[{"@type":"ReadAction","target":["https:\/\/www.gunmeplug.com\/vi\/san-pham-2\/firearm-purchase-permit\/"]}]},{"@type":"ImageObject","inLanguage":"de","@id":"https:\/\/www.gunmeplug.com\/vi\/san-pham-2\/firearm-purchase-permit\/#primaryimage","url":"https:\/\/www.gunmeplug.com\/wp-content\/uploads\/2024\/11\/Firearm-Purchase.png","contentUrl":"https:\/\/www.gunmeplug.com\/wp-content\/uploads\/2024\/11\/Firearm-Purchase.png","width":197,"height":255,"caption":"Buy Firearm Purchase Permit"},{"@type":"BreadcrumbList","@id":"https:\/\/www.gunmeplug.com\/vi\/san-pham-2\/firearm-purchase-permit\/#breadcrumb","itemListElement":[{"@type":"ListItem","position":1,"name":"Home","item":"https:\/\/www.gunmeplug.com\/es\/"},{"@type":"ListItem","position":2,"name":"Shop","item":"https:\/\/www.gunmeplug.com\/es\/shop\/"},{"@type":"ListItem","position":3,"name":"Firearm Purchase Permit"}]},{"@type":"WebSite","@id":"https:\/\/www.gunmeplug.com\/#website","url":"https:\/\/www.gunmeplug.com\/","name":"Waffe online kaufen USA","description":"Feuerwaffen online zu verkaufen","potentialAction":[{"@type":"SearchAction","target":{"@type":"EntryPoint","urlTemplate":"https:\/\/www.gunmeplug.com\/?s={search_term_string}"},"query-input":{"@type":"PropertyValueSpecification","valueRequired":true,"valueName":"search_term_string"}}],"inLanguage":"de"}]}},"_links":{"self":[{"href":"https:\/\/www.gunmeplug.com\/de\/wp-json\/wp\/v2\/product\/3930","targetHints":{"allow":["GET"]}}],"collection":[{"href":"https:\/\/www.gunmeplug.com\/de\/wp-json\/wp\/v2\/product"}],"about":[{"href":"https:\/\/www.gunmeplug.com\/de\/wp-json\/wp\/v2\/types\/product"}],"wp:featuredmedia":[{"embeddable":true,"href":"https:\/\/www.gunmeplug.com\/de\/wp-json\/wp\/v2\/media\/3931"}],"wp:attachment":[{"href":"https:\/\/www.gunmeplug.com\/de\/wp-json\/wp\/v2\/media?parent=3930"}],"wp:term":[{"taxonomy":"product_brand","embeddable":true,"href":"https:\/\/www.gunmeplug.com\/de\/wp-json\/wp\/v2\/product_brand?post=3930"},{"taxonomy":"product_cat","embeddable":true,"href":"https:\/\/www.gunmeplug.com\/de\/wp-json\/wp\/v2\/product_cat?post=3930"},{"taxonomy":"product_tag","embeddable":true,"href":"https:\/\/www.gunmeplug.com\/de\/wp-json\/wp\/v2\/product_tag?post=3930"}],"curies":[{"name":"wp","href":"https:\/\/api.w.org\/{rel}","templated":true}]}}