{"id":3924,"date":"2024-11-23T13:52:21","date_gmt":"2024-11-23T13:52:21","guid":{"rendered":"https:\/\/www.gunmeplug.com\/?post_type=product&#038;p=3924"},"modified":"2024-11-23T15:21:47","modified_gmt":"2024-11-23T15:21:47","slug":"erlaubnis-zum-verdeckten-tragen-ccw","status":"publish","type":"product","link":"https:\/\/www.gunmeplug.com\/de\/produkt\/erlaubnis-zum-verdeckten-tragen-ccw\/","title":{"rendered":"Concealed Carry Permit (CCW)"},"content":{"rendered":"<h2><strong>Beantragen oder kaufen Sie einen Concealed Carry Permit (CCW) online in den USA<\/strong><\/h2>\n<p>M\u00f6chten Sie <strong>einen Concealed Carry Permit online kaufen<\/strong> oder fragend <strong>wie man eine Erlaubnis zum verdeckten Tragen erh\u00e4lt<\/strong>? Unter <strong>GunMePlug<\/strong>Wir sind darauf spezialisiert, Einwohnern in den USA bei der Navigation durch die <strong>Antragsverfahren f\u00fcr CCW-Genehmigungen<\/strong> with ease. Whether you\u2019re applying for the first time, need a <strong>Erneuerung der CCW-Erlaubnis<\/strong>, oder suchen nach <strong>Concealed Carry-Kurse in Ihrer N\u00e4he<\/strong>, we\u2019re here to make the process fast and hassle-free<a href=\"https:\/\/www.gunmeplug.com\/de\/produktkategorie\/handfeuerwaffen\/\">.<\/a><\/p>\n<p>Unsere Plattform bietet Zugang zu <strong>vertrauensw\u00fcrdige Anbieter von CCW-Genehmigungen<\/strong>die Einhaltung der landesspezifischen Vorschriften in Staaten mit hoher Nachfrage wie <strong>Texas<\/strong>, <strong>Florida<\/strong>, <strong>Utah<\/strong>, <strong>Arizona<\/strong>und <strong>Virginia<\/strong>. Mit schrittweiser Anleitung und <strong>schnelle Genehmigungen f\u00fcr Concealed Carry Permits<\/strong>sind wir Ihre erste Wahl f\u00fcr alle CCW-Bed\u00fcrfnisse<a href=\"https:\/\/factoryson.com\/product\/20l-caluanie-muelear-oxidize\/\">.<\/a><\/p>\n<h3><strong>Wie man eine verdeckte Trageerlaubnis erh\u00e4lt<\/strong><\/h3>\n<p>Erlangung eines <strong>Lizenz zum verdeckten Tragen<\/strong> kann mit den richtigen Mitteln ganz einfach sein. Egal, ob Sie Unterst\u00fctzung bei einem <strong>CCW-Hintergrund-Check-Prozess<\/strong>finden <strong>CCW-Online-Schulungen<\/strong>oder das Verst\u00e4ndnis der <strong>Gesetze zum verdeckten Tragen nach Staat<\/strong>, <strong>GunMePlug<\/strong> stellt sicher, dass Sie alle Anforderungen erf\u00fcllen.<\/p>\n<ul>\n<li><strong>CCW-Lizenz-Anforderungen<\/strong>: Jeder Staat hat eigene Regeln f\u00fcr das verdeckte Tragen von Schusswaffen. Wir bieten detaillierte Anweisungen, die auf Ihren Staat zugeschnitten sind.<\/li>\n<li><strong>Concealed Carry Reciprocity Karte<\/strong>: Erfahren Sie, welche Staaten Ihre Genehmigung anerkennen, und stellen Sie sicher, dass Sie die Vorschriften einhalten, wenn Sie unterwegs sind.<\/li>\n<li><strong>Verborgene Trageerlaubnis Kosten<\/strong>: Erschwingliche Optionen und transparente Preise f\u00fcr Ihr <strong>Antrag auf CCW-Erlaubnis<\/strong>.<\/li>\n<\/ul>\n<h3><strong>Online eine Erlaubnis zum verdeckten Tragen kaufen<\/strong><\/h3>\n<p>Bei GunMePlug k\u00f6nnen Sie <strong>eine Erlaubnis zum verdeckten Tragen erwerben<\/strong> schnell und sicher. Unsere Dienstleistungen umfassen:<\/p>\n<ul>\n<li><strong>Concealed Carry Permit zu verkaufen<\/strong>: Zugang zu erschwinglichen CCW-Optionen.<\/li>\n<li><strong>Online CCW-Training kaufen<\/strong>: Erf\u00fcllen Sie Ihre Ausbildungsanforderungen mit zertifizierten Online-Kursen.<\/li>\n<li><strong>Fast-Track Concealed Carry Permit<\/strong>: Beschleunigen Sie Ihr Bewerbungsverfahren mit professioneller Unterst\u00fctzung.<\/li>\n<\/ul>\n<h3><strong>Staaten mit hoher Nachfrage nach CCW-Genehmigungen<\/strong><\/h3>\n<ul>\n<li><strong>Texas<\/strong>: Texas ist bekannt f\u00fcr seine ausgepr\u00e4gte Kultur des Waffenbesitzes und hat eine hohe Nachfrage nach <strong>CCW-Lizenzen<\/strong>.<\/li>\n<li><strong>Florida<\/strong>: Dank der Gegenseitigkeitsabkommen mit vielen Staaten ist Florida eine gute Wahl f\u00fcr die Erlangung eines <strong>Bewilligung zum verdeckten Tragen<\/strong>.<\/li>\n<li><strong>Utah<\/strong>: Die Utah <strong>Bewilligung zum verdeckten Tragen<\/strong> ist aufgrund seiner breiten Akzeptanz in anderen Staaten beliebt.<\/li>\n<li><strong>Arizona<\/strong>: Die Anforderungen sind einfach und die Genehmigungen werden weitgehend anerkannt.<\/li>\n<li><strong>Virginia<\/strong>: Bekannt f\u00fcr seine <strong>schnelle Genehmigungen f\u00fcr Concealed Carry Permits<\/strong> und die Gegenseitigkeit mit anderen Staaten.<\/li>\n<\/ul>\n<h3><strong>Warum GunMePlug w\u00e4hlen?<\/strong><\/h3>\n<p>GunMePlug verbindet Sie mit <strong>vertrauensw\u00fcrdige Anbieter f\u00fcr CCW-Genehmigungen<\/strong>anbieten:<\/p>\n<ul>\n<li><strong>Online CCW-Ausbildungskurse<\/strong>: Satisfy your state\u2019s training requirements from the comfort of your home.<\/li>\n<li><strong>Sicheres Verfahren f\u00fcr eine verdeckte Trageerlaubnis<\/strong>: Wir legen Wert auf Sicherheit und Einhaltung der Vorschriften f\u00fcr alle Bewerber.<\/li>\n<li><strong>CCW-Reziprozit\u00e4t und Anleitung<\/strong>: Erfahren Sie, wo Ihre Genehmigung g\u00fcltig ist und wie Sie die Verl\u00e4ngerungsbedingungen erf\u00fcllen k\u00f6nnen.<\/li>\n<\/ul>\n<h3><strong>Starten Sie Ihren CCW-Antrag noch heute<\/strong><\/h3>\n<p>Don\u2019t wait to secure your <strong>Bewilligung zum verdeckten Tragen<\/strong>. Whether you\u2019re applying for the first time, renewing your license, or looking for <strong>Concealed Carry-Kurse in Ihrer N\u00e4he<\/strong>, <strong>GunMePlug<\/strong> ist hier, um zu helfen. Jetzt bewerben und genie\u00dfen <strong>schnelle Genehmigungen<\/strong>, eine sichere Abwicklung und ein gutes Gef\u00fchl. Vertrauen Sie <strong>GunMePlug<\/strong> f\u00fcr alle Ihre <strong>CCW-Lizenz<\/strong> Bed\u00fcrfnisse in den gesamten USA.<\/p>","protected":false},"excerpt":{"rendered":"<p>Apply or Buy a Concealed Carry Permit (CCW) Online in the USA Are you looking to buy a Concealed Carry Permit online or wondering how to get a Concealed Carry Permit? At GunMePlug, we specialize in helping residents across the USA navigate the CCW permit application process with ease. Whether you\u2019re applying for the first [&hellip;]<\/p>","protected":false},"featured_media":3926,"template":"","meta":{"_acf_changed":false,"_joinchat":[]},"product_brand":[],"product_cat":[136,333],"product_tag":[349,346,353,334,352,343,350,338,341,337,348,342,345,335,339,347,340,336,351,344],"class_list":{"0":"post-3924","1":"product","2":"type-product","3":"status-publish","4":"has-post-thumbnail","6":"product_cat-glocks-for-sale","7":"product_cat-gun-license-certifficate","8":"product_tag-affordable-concealed-carry-permit","9":"product_tag-apply-for-concealed-carry-permit","10":"product_tag-buy-concealed-carry-license-in-usa","11":"product_tag-buy-concealed-carry-permit","12":"product_tag-ccw-application-assistance","13":"product_tag-ccw-background-check-process","14":"product_tag-ccw-license-requirements","15":"product_tag-ccw-permit-renewal","16":"product_tag-ccw-reciprocity-map","17":"product_tag-concealed-carry-classes-near-me","18":"product_tag-concealed-carry-laws-by-state","19":"product_tag-concealed-carry-license-process","20":"product_tag-concealed-carry-permit-cost","21":"product_tag-concealed-carry-permit-for-sale","22":"product_tag-fast-concealed-carry-permit-approvals","23":"product_tag-how-to-get-a-concealed-carry-permit","24":"product_tag-online-ccw-training-courses","25":"product_tag-purchase-ccw-license-online","26":"product_tag-secure-concealed-carry-permit-processing","27":"product_tag-trusted-ccw-permit-providers","29":"first","30":"instock","31":"shipping-taxable","32":"product-type-simple"},"acf":[],"yoast_head":"<!-- This site is optimized with the Yoast SEO plugin v26.3 - https:\/\/yoast.com\/wordpress\/plugins\/seo\/ -->\n<title>Buy a Concealed Carry Permit Online | Fast CCW Approvals<\/title>\n<meta name=\"description\" content=\"Buy a Concealed Carry Permit online with GunMePlug. Fast CCW approvals, trusted providers, and affordable concealed carry licenses for all USA states. Apply now!\" \/>\n<meta name=\"robots\" content=\"index, follow, max-snippet:-1, max-image-preview:large, max-video-preview:-1\" \/>\n<link rel=\"canonical\" href=\"https:\/\/www.gunmeplug.com\/de\/produkt\/erlaubnis-zum-verdeckten-tragen-ccw\/\" \/>\n<meta property=\"og:locale\" content=\"de_DE\" \/>\n<meta property=\"og:type\" content=\"article\" \/>\n<meta property=\"og:title\" content=\"Buy a Concealed Carry Permit Online | Fast CCW Approvals\" \/>\n<meta property=\"og:description\" content=\"Buy a Concealed Carry Permit online with GunMePlug. Fast CCW approvals, trusted providers, and affordable concealed carry licenses for all USA states. Apply now!\" \/>\n<meta property=\"og:url\" content=\"https:\/\/www.gunmeplug.com\/de\/produkt\/erlaubnis-zum-verdeckten-tragen-ccw\/\" \/>\n<meta property=\"og:site_name\" content=\"Buy gun online USA\" \/>\n<meta property=\"article:modified_time\" content=\"2024-11-23T15:21:47+00:00\" \/>\n<meta property=\"og:image\" content=\"https:\/\/www.gunmeplug.com\/wp-content\/uploads\/2024\/11\/north-carolina-county-ccw-card-paper-300x158-1.webp\" \/>\n\t<meta property=\"og:image:width\" content=\"300\" \/>\n\t<meta property=\"og:image:height\" content=\"158\" \/>\n\t<meta property=\"og:image:type\" content=\"image\/webp\" \/>\n<meta name=\"twitter:card\" content=\"summary_large_image\" \/>\n<meta name=\"twitter:label1\" content=\"Gesch\u00e4tzte Lesezeit\" \/>\n\t<meta name=\"twitter:data1\" content=\"3\u00a0Minuten\" \/>\n<script type=\"application\/ld+json\" class=\"yoast-schema-graph\">{\"@context\":\"https:\/\/schema.org\",\"@graph\":[{\"@type\":\"WebPage\",\"@id\":\"https:\/\/www.gunmeplug.com\/es\/producto\/permiso-de-tenencia-oculta-ccw\/\",\"url\":\"https:\/\/www.gunmeplug.com\/es\/producto\/permiso-de-tenencia-oculta-ccw\/\",\"name\":\"Buy a Concealed Carry Permit Online | Fast CCW Approvals\",\"isPartOf\":{\"@id\":\"https:\/\/www.gunmeplug.com\/#website\"},\"primaryImageOfPage\":{\"@id\":\"https:\/\/www.gunmeplug.com\/es\/producto\/permiso-de-tenencia-oculta-ccw\/#primaryimage\"},\"image\":{\"@id\":\"https:\/\/www.gunmeplug.com\/es\/producto\/permiso-de-tenencia-oculta-ccw\/#primaryimage\"},\"thumbnailUrl\":\"https:\/\/www.gunmeplug.com\/wp-content\/uploads\/2024\/11\/north-carolina-county-ccw-card-paper-300x158-1.webp\",\"datePublished\":\"2024-11-23T13:52:21+00:00\",\"dateModified\":\"2024-11-23T15:21:47+00:00\",\"description\":\"Buy a Concealed Carry Permit online with GunMePlug. Fast CCW approvals, trusted providers, and affordable concealed carry licenses for all USA states. Apply now!\",\"breadcrumb\":{\"@id\":\"https:\/\/www.gunmeplug.com\/es\/producto\/permiso-de-tenencia-oculta-ccw\/#breadcrumb\"},\"inLanguage\":\"de\",\"potentialAction\":[{\"@type\":\"ReadAction\",\"target\":[\"https:\/\/www.gunmeplug.com\/es\/producto\/permiso-de-tenencia-oculta-ccw\/\"]}]},{\"@type\":\"ImageObject\",\"inLanguage\":\"de\",\"@id\":\"https:\/\/www.gunmeplug.com\/es\/producto\/permiso-de-tenencia-oculta-ccw\/#primaryimage\",\"url\":\"https:\/\/www.gunmeplug.com\/wp-content\/uploads\/2024\/11\/north-carolina-county-ccw-card-paper-300x158-1.webp\",\"contentUrl\":\"https:\/\/www.gunmeplug.com\/wp-content\/uploads\/2024\/11\/north-carolina-county-ccw-card-paper-300x158-1.webp\",\"width\":300,\"height\":158,\"caption\":\"Buy Concealed Carry Permit\"},{\"@type\":\"BreadcrumbList\",\"@id\":\"https:\/\/www.gunmeplug.com\/es\/producto\/permiso-de-tenencia-oculta-ccw\/#breadcrumb\",\"itemListElement\":[{\"@type\":\"ListItem\",\"position\":1,\"name\":\"Home\",\"item\":\"https:\/\/www.gunmeplug.com\/es\/\"},{\"@type\":\"ListItem\",\"position\":2,\"name\":\"Shop\",\"item\":\"https:\/\/www.gunmeplug.com\/es\/shop\/\"},{\"@type\":\"ListItem\",\"position\":3,\"name\":\"Concealed Carry Permit (CCW)\"}]},{\"@type\":\"WebSite\",\"@id\":\"https:\/\/www.gunmeplug.com\/#website\",\"url\":\"https:\/\/www.gunmeplug.com\/\",\"name\":\"Buy gun online USA\",\"description\":\"FireArms for sale online \",\"potentialAction\":[{\"@type\":\"SearchAction\",\"target\":{\"@type\":\"EntryPoint\",\"urlTemplate\":\"https:\/\/www.gunmeplug.com\/?s={search_term_string}\"},\"query-input\":{\"@type\":\"PropertyValueSpecification\",\"valueRequired\":true,\"valueName\":\"search_term_string\"}}],\"inLanguage\":\"de\"}]}<\/script>\n<!-- \/ Yoast SEO plugin. -->","yoast_head_json":{"title":"Kaufen Sie ein Concealed Carry Permit Online | Fast CCW Genehmigungen","description":"Kaufen Sie eine Concealed Carry Permit online mit GunMePlug. Schnelle CCW Genehmigungen, vertrauensw\u00fcrdige Anbieter und erschwingliche Concealed Carry Lizenzen f\u00fcr alle USA Staaten. Jetzt beantragen!","robots":{"index":"index","follow":"follow","max-snippet":"max-snippet:-1","max-image-preview":"max-image-preview:large","max-video-preview":"max-video-preview:-1"},"canonical":"https:\/\/www.gunmeplug.com\/de\/produkt\/erlaubnis-zum-verdeckten-tragen-ccw\/","og_locale":"de_DE","og_type":"article","og_title":"Buy a Concealed Carry Permit Online | Fast CCW Approvals","og_description":"Buy a Concealed Carry Permit online with GunMePlug. Fast CCW approvals, trusted providers, and affordable concealed carry licenses for all USA states. Apply now!","og_url":"https:\/\/www.gunmeplug.com\/de\/produkt\/erlaubnis-zum-verdeckten-tragen-ccw\/","og_site_name":"Buy gun online USA","article_modified_time":"2024-11-23T15:21:47+00:00","og_image":[{"width":300,"height":158,"url":"https:\/\/www.gunmeplug.com\/wp-content\/uploads\/2024\/11\/north-carolina-county-ccw-card-paper-300x158-1.webp","type":"image\/webp"}],"twitter_card":"summary_large_image","twitter_misc":{"Gesch\u00e4tzte Lesezeit":"3\u00a0Minuten"},"schema":{"@context":"https:\/\/schema.org","@graph":[{"@type":"WebPage","@id":"https:\/\/www.gunmeplug.com\/es\/producto\/permiso-de-tenencia-oculta-ccw\/","url":"https:\/\/www.gunmeplug.com\/es\/producto\/permiso-de-tenencia-oculta-ccw\/","name":"Kaufen Sie ein Concealed Carry Permit Online | Fast CCW Genehmigungen","isPartOf":{"@id":"https:\/\/www.gunmeplug.com\/#website"},"primaryImageOfPage":{"@id":"https:\/\/www.gunmeplug.com\/es\/producto\/permiso-de-tenencia-oculta-ccw\/#primaryimage"},"image":{"@id":"https:\/\/www.gunmeplug.com\/es\/producto\/permiso-de-tenencia-oculta-ccw\/#primaryimage"},"thumbnailUrl":"https:\/\/www.gunmeplug.com\/wp-content\/uploads\/2024\/11\/north-carolina-county-ccw-card-paper-300x158-1.webp","datePublished":"2024-11-23T13:52:21+00:00","dateModified":"2024-11-23T15:21:47+00:00","description":"Kaufen Sie eine Concealed Carry Permit online mit GunMePlug. Schnelle CCW Genehmigungen, vertrauensw\u00fcrdige Anbieter und erschwingliche Concealed Carry Lizenzen f\u00fcr alle USA Staaten. Jetzt beantragen!","breadcrumb":{"@id":"https:\/\/www.gunmeplug.com\/es\/producto\/permiso-de-tenencia-oculta-ccw\/#breadcrumb"},"inLanguage":"de","potentialAction":[{"@type":"ReadAction","target":["https:\/\/www.gunmeplug.com\/es\/producto\/permiso-de-tenencia-oculta-ccw\/"]}]},{"@type":"ImageObject","inLanguage":"de","@id":"https:\/\/www.gunmeplug.com\/es\/producto\/permiso-de-tenencia-oculta-ccw\/#primaryimage","url":"https:\/\/www.gunmeplug.com\/wp-content\/uploads\/2024\/11\/north-carolina-county-ccw-card-paper-300x158-1.webp","contentUrl":"https:\/\/www.gunmeplug.com\/wp-content\/uploads\/2024\/11\/north-carolina-county-ccw-card-paper-300x158-1.webp","width":300,"height":158,"caption":"Buy Concealed Carry Permit"},{"@type":"BreadcrumbList","@id":"https:\/\/www.gunmeplug.com\/es\/producto\/permiso-de-tenencia-oculta-ccw\/#breadcrumb","itemListElement":[{"@type":"ListItem","position":1,"name":"Home","item":"https:\/\/www.gunmeplug.com\/es\/"},{"@type":"ListItem","position":2,"name":"Shop","item":"https:\/\/www.gunmeplug.com\/es\/shop\/"},{"@type":"ListItem","position":3,"name":"Concealed Carry Permit (CCW)"}]},{"@type":"WebSite","@id":"https:\/\/www.gunmeplug.com\/#website","url":"https:\/\/www.gunmeplug.com\/","name":"Waffe online kaufen USA","description":"Feuerwaffen online zu verkaufen","potentialAction":[{"@type":"SearchAction","target":{"@type":"EntryPoint","urlTemplate":"https:\/\/www.gunmeplug.com\/?s={search_term_string}"},"query-input":{"@type":"PropertyValueSpecification","valueRequired":true,"valueName":"search_term_string"}}],"inLanguage":"de"}]}},"_links":{"self":[{"href":"https:\/\/www.gunmeplug.com\/de\/wp-json\/wp\/v2\/product\/3924","targetHints":{"allow":["GET"]}}],"collection":[{"href":"https:\/\/www.gunmeplug.com\/de\/wp-json\/wp\/v2\/product"}],"about":[{"href":"https:\/\/www.gunmeplug.com\/de\/wp-json\/wp\/v2\/types\/product"}],"wp:featuredmedia":[{"embeddable":true,"href":"https:\/\/www.gunmeplug.com\/de\/wp-json\/wp\/v2\/media\/3926"}],"wp:attachment":[{"href":"https:\/\/www.gunmeplug.com\/de\/wp-json\/wp\/v2\/media?parent=3924"}],"wp:term":[{"taxonomy":"product_brand","embeddable":true,"href":"https:\/\/www.gunmeplug.com\/de\/wp-json\/wp\/v2\/product_brand?post=3924"},{"taxonomy":"product_cat","embeddable":true,"href":"https:\/\/www.gunmeplug.com\/de\/wp-json\/wp\/v2\/product_cat?post=3924"},{"taxonomy":"product_tag","embeddable":true,"href":"https:\/\/www.gunmeplug.com\/de\/wp-json\/wp\/v2\/product_tag?post=3924"}],"curies":[{"name":"wp","href":"https:\/\/api.w.org\/{rel}","templated":true}]}}