{"id":3441,"date":"2023-05-04T08:31:48","date_gmt":"2023-05-04T08:31:48","guid":{"rendered":"https:\/\/www.gunmeplug.com\/?post_type=product&#038;p=3441"},"modified":"2023-05-04T09:40:57","modified_gmt":"2023-05-04T09:40:57","slug":"magpul-pmag-m2-moe-223-5-56-30-round-magazine-mag571-blk","status":"publish","type":"product","link":"https:\/\/www.gunmeplug.com\/de\/produkt\/magpul-pmag-m2-moe-223-5-56-30-round-magazine-mag571-blk\/","title":{"rendered":"Magpul PMAG M2 MOE .223\/5.56 30 Runden Magazin MAG571-BLK"},"content":{"rendered":"<h3 class=\"tab_content_head\">DETAILS<\/h3>\n<div class=\"product attribute description\">\n<div class=\"value\">\n<p>The PMAG 30 AR\/M4 GEN M2 MOE is a 30-round 5.56&#215;45 NATO (.223 Remington) AR15\/M4 compatible magazine that offers a cost competitive upgrade from the aluminum USGI.<\/p>\n<p>Es verf\u00fcgt \u00fcber eine schlagfeste Polymerkonstruktion, ein leicht zerlegbares Design mit einer ausgestellten Bodenplatte f\u00fcr eine positive Magazinentnahme, eine widerstandsf\u00e4hige Edelstahlfeder f\u00fcr Korrosionsbest\u00e4ndigkeit und einen kippsicheren, selbstschmierenden Mitnehmer f\u00fcr erh\u00f6hte Zuverl\u00e4ssigkeit.<\/p>\n<h3>Merkmale:<\/h3>\n<ul class=\"disc\">\n<li>Optimiert f\u00fcr die Verwendung mit Colt-Spec AR15\/M4-Schusswaffen<\/li>\n<li>Sto\u00df- und bruchfeste Polymerkonstruktion<\/li>\n<li>Innengeometrie mit konstanter Kr\u00fcmmung f\u00fcr reibungslosen Vorschub<\/li>\n<li>Kippsicherer, selbstschmierender Mitnehmer f\u00fcr erh\u00f6hte Zuverl\u00e4ssigkeit<\/li>\n<li>Edelstahlfeder nach USGI-Spezifikation f\u00fcr Korrosionsbest\u00e4ndigkeit und Feldkompatibilit\u00e4t<\/li>\n<li>Strukturierte Grifffl\u00e4che und ausgestellte Bodenplatte f\u00fcr eine sichere Magazinhandhabung und einfache Demontage<\/li>\n<\/ul>\n<\/div>\n<\/div>","protected":false},"excerpt":{"rendered":"<p>DETAILS The PMAG 30 AR\/M4 GEN M2 MOE is a 30-round 5.56&#215;45 NATO (.223 Remington) AR15\/M4 compatible magazine that offers a cost competitive upgrade from the aluminum USGI. It features an impact resistant polymer construction, easy to disassemble design with a flared floorplate for positive magazine extraction, resilient stainless steel spring for corrosion resistance, and [&hellip;]<\/p>","protected":false},"featured_media":3446,"template":"","meta":{"_acf_changed":false,"_joinchat":[]},"product_brand":[],"product_cat":[332,331],"product_tag":[],"class_list":{"0":"post-3441","1":"product","2":"type-product","3":"status-publish","4":"has-post-thumbnail","6":"product_cat-accessories","7":"product_cat-magazines","9":"first","10":"instock","11":"shipping-taxable","12":"purchasable","13":"product-type-simple"},"acf":[],"yoast_head":"<!-- This site is optimized with the Yoast SEO plugin v26.3 - https:\/\/yoast.com\/wordpress\/plugins\/seo\/ -->\n<title>Magpul PMAG M2 MOE .223\/5.56 30 Round Magazine MAG571-BLK - Buy gun online USA<\/title>\n<meta name=\"robots\" content=\"index, follow, max-snippet:-1, max-image-preview:large, max-video-preview:-1\" \/>\n<link rel=\"canonical\" href=\"https:\/\/www.gunmeplug.com\/de\/produkt\/magpul-pmag-m2-moe-223-5-56-30-round-magazine-mag571-blk\/\" \/>\n<meta property=\"og:locale\" content=\"de_DE\" \/>\n<meta property=\"og:type\" content=\"article\" \/>\n<meta property=\"og:title\" content=\"Magpul PMAG M2 MOE .223\/5.56 30 Round Magazine MAG571-BLK - Buy gun online USA\" \/>\n<meta property=\"og:description\" content=\"DETAILS The PMAG 30 AR\/M4 GEN M2 MOE is a 30-round 5.56&#215;45 NATO (.223 Remington) AR15\/M4 compatible magazine that offers a cost competitive upgrade from the aluminum USGI. It features an impact resistant polymer construction, easy to disassemble design with a flared floorplate for positive magazine extraction, resilient stainless steel spring for corrosion resistance, and [&hellip;]\" \/>\n<meta property=\"og:url\" content=\"https:\/\/www.gunmeplug.com\/de\/produkt\/magpul-pmag-m2-moe-223-5-56-30-round-magazine-mag571-blk\/\" \/>\n<meta property=\"og:site_name\" content=\"Buy gun online USA\" \/>\n<meta property=\"article:modified_time\" content=\"2023-05-04T09:40:57+00:00\" \/>\n<meta property=\"og:image\" content=\"https:\/\/www.gunmeplug.com\/wp-content\/uploads\/2023\/05\/Magpul-PMAG-M2-MOE.jpg\" \/>\n\t<meta property=\"og:image:width\" content=\"600\" \/>\n\t<meta property=\"og:image:height\" content=\"600\" \/>\n\t<meta property=\"og:image:type\" content=\"image\/jpeg\" \/>\n<meta name=\"twitter:card\" content=\"summary_large_image\" \/>\n<meta name=\"twitter:label1\" content=\"Gesch\u00e4tzte Lesezeit\" \/>\n\t<meta name=\"twitter:data1\" content=\"1\u00a0Minute\" \/>\n<script type=\"application\/ld+json\" class=\"yoast-schema-graph\">{\"@context\":\"https:\/\/schema.org\",\"@graph\":[{\"@type\":\"WebPage\",\"@id\":\"https:\/\/www.gunmeplug.com\/es\/producto\/magpul-pmag-m2-moe-223-5-56-30-round-magazine-mag571-blk\/\",\"url\":\"https:\/\/www.gunmeplug.com\/es\/producto\/magpul-pmag-m2-moe-223-5-56-30-round-magazine-mag571-blk\/\",\"name\":\"Magpul PMAG M2 MOE .223\/5.56 30 Round Magazine MAG571-BLK - Buy gun online USA\",\"isPartOf\":{\"@id\":\"https:\/\/www.gunmeplug.com\/#website\"},\"primaryImageOfPage\":{\"@id\":\"https:\/\/www.gunmeplug.com\/es\/producto\/magpul-pmag-m2-moe-223-5-56-30-round-magazine-mag571-blk\/#primaryimage\"},\"image\":{\"@id\":\"https:\/\/www.gunmeplug.com\/es\/producto\/magpul-pmag-m2-moe-223-5-56-30-round-magazine-mag571-blk\/#primaryimage\"},\"thumbnailUrl\":\"https:\/\/www.gunmeplug.com\/wp-content\/uploads\/2023\/05\/Magpul-PMAG-M2-MOE.jpg\",\"datePublished\":\"2023-05-04T08:31:48+00:00\",\"dateModified\":\"2023-05-04T09:40:57+00:00\",\"breadcrumb\":{\"@id\":\"https:\/\/www.gunmeplug.com\/es\/producto\/magpul-pmag-m2-moe-223-5-56-30-round-magazine-mag571-blk\/#breadcrumb\"},\"inLanguage\":\"de\",\"potentialAction\":[{\"@type\":\"ReadAction\",\"target\":[\"https:\/\/www.gunmeplug.com\/es\/producto\/magpul-pmag-m2-moe-223-5-56-30-round-magazine-mag571-blk\/\"]}]},{\"@type\":\"ImageObject\",\"inLanguage\":\"de\",\"@id\":\"https:\/\/www.gunmeplug.com\/es\/producto\/magpul-pmag-m2-moe-223-5-56-30-round-magazine-mag571-blk\/#primaryimage\",\"url\":\"https:\/\/www.gunmeplug.com\/wp-content\/uploads\/2023\/05\/Magpul-PMAG-M2-MOE.jpg\",\"contentUrl\":\"https:\/\/www.gunmeplug.com\/wp-content\/uploads\/2023\/05\/Magpul-PMAG-M2-MOE.jpg\",\"width\":600,\"height\":600,\"caption\":\"Magpul-PMAG-M2-MOE\"},{\"@type\":\"BreadcrumbList\",\"@id\":\"https:\/\/www.gunmeplug.com\/es\/producto\/magpul-pmag-m2-moe-223-5-56-30-round-magazine-mag571-blk\/#breadcrumb\",\"itemListElement\":[{\"@type\":\"ListItem\",\"position\":1,\"name\":\"Home\",\"item\":\"https:\/\/www.gunmeplug.com\/es\/\"},{\"@type\":\"ListItem\",\"position\":2,\"name\":\"Shop\",\"item\":\"https:\/\/www.gunmeplug.com\/es\/shop\/\"},{\"@type\":\"ListItem\",\"position\":3,\"name\":\"Magpul PMAG M2 MOE .223\/5.56 30 Round Magazine MAG571-BLK\"}]},{\"@type\":\"WebSite\",\"@id\":\"https:\/\/www.gunmeplug.com\/#website\",\"url\":\"https:\/\/www.gunmeplug.com\/\",\"name\":\"Buy gun online USA\",\"description\":\"FireArms for sale online \",\"potentialAction\":[{\"@type\":\"SearchAction\",\"target\":{\"@type\":\"EntryPoint\",\"urlTemplate\":\"https:\/\/www.gunmeplug.com\/?s={search_term_string}\"},\"query-input\":{\"@type\":\"PropertyValueSpecification\",\"valueRequired\":true,\"valueName\":\"search_term_string\"}}],\"inLanguage\":\"de\"}]}<\/script>\n<!-- \/ Yoast SEO plugin. -->","yoast_head_json":{"title":"Magpul PMAG M2 MOE .223\/5.56 30 Runden Magazin MAG571-BLK - Waffe online kaufen USA","robots":{"index":"index","follow":"follow","max-snippet":"max-snippet:-1","max-image-preview":"max-image-preview:large","max-video-preview":"max-video-preview:-1"},"canonical":"https:\/\/www.gunmeplug.com\/de\/produkt\/magpul-pmag-m2-moe-223-5-56-30-round-magazine-mag571-blk\/","og_locale":"de_DE","og_type":"article","og_title":"Magpul PMAG M2 MOE .223\/5.56 30 Round Magazine MAG571-BLK - Buy gun online USA","og_description":"DETAILS The PMAG 30 AR\/M4 GEN M2 MOE is a 30-round 5.56&#215;45 NATO (.223 Remington) AR15\/M4 compatible magazine that offers a cost competitive upgrade from the aluminum USGI. It features an impact resistant polymer construction, easy to disassemble design with a flared floorplate for positive magazine extraction, resilient stainless steel spring for corrosion resistance, and [&hellip;]","og_url":"https:\/\/www.gunmeplug.com\/de\/produkt\/magpul-pmag-m2-moe-223-5-56-30-round-magazine-mag571-blk\/","og_site_name":"Buy gun online USA","article_modified_time":"2023-05-04T09:40:57+00:00","og_image":[{"width":600,"height":600,"url":"https:\/\/www.gunmeplug.com\/wp-content\/uploads\/2023\/05\/Magpul-PMAG-M2-MOE.jpg","type":"image\/jpeg"}],"twitter_card":"summary_large_image","twitter_misc":{"Gesch\u00e4tzte Lesezeit":"1\u00a0Minute"},"schema":{"@context":"https:\/\/schema.org","@graph":[{"@type":"WebPage","@id":"https:\/\/www.gunmeplug.com\/es\/producto\/magpul-pmag-m2-moe-223-5-56-30-round-magazine-mag571-blk\/","url":"https:\/\/www.gunmeplug.com\/es\/producto\/magpul-pmag-m2-moe-223-5-56-30-round-magazine-mag571-blk\/","name":"Magpul PMAG M2 MOE .223\/5.56 30 Runden Magazin MAG571-BLK - Waffe online kaufen USA","isPartOf":{"@id":"https:\/\/www.gunmeplug.com\/#website"},"primaryImageOfPage":{"@id":"https:\/\/www.gunmeplug.com\/es\/producto\/magpul-pmag-m2-moe-223-5-56-30-round-magazine-mag571-blk\/#primaryimage"},"image":{"@id":"https:\/\/www.gunmeplug.com\/es\/producto\/magpul-pmag-m2-moe-223-5-56-30-round-magazine-mag571-blk\/#primaryimage"},"thumbnailUrl":"https:\/\/www.gunmeplug.com\/wp-content\/uploads\/2023\/05\/Magpul-PMAG-M2-MOE.jpg","datePublished":"2023-05-04T08:31:48+00:00","dateModified":"2023-05-04T09:40:57+00:00","breadcrumb":{"@id":"https:\/\/www.gunmeplug.com\/es\/producto\/magpul-pmag-m2-moe-223-5-56-30-round-magazine-mag571-blk\/#breadcrumb"},"inLanguage":"de","potentialAction":[{"@type":"ReadAction","target":["https:\/\/www.gunmeplug.com\/es\/producto\/magpul-pmag-m2-moe-223-5-56-30-round-magazine-mag571-blk\/"]}]},{"@type":"ImageObject","inLanguage":"de","@id":"https:\/\/www.gunmeplug.com\/es\/producto\/magpul-pmag-m2-moe-223-5-56-30-round-magazine-mag571-blk\/#primaryimage","url":"https:\/\/www.gunmeplug.com\/wp-content\/uploads\/2023\/05\/Magpul-PMAG-M2-MOE.jpg","contentUrl":"https:\/\/www.gunmeplug.com\/wp-content\/uploads\/2023\/05\/Magpul-PMAG-M2-MOE.jpg","width":600,"height":600,"caption":"Magpul-PMAG-M2-MOE"},{"@type":"BreadcrumbList","@id":"https:\/\/www.gunmeplug.com\/es\/producto\/magpul-pmag-m2-moe-223-5-56-30-round-magazine-mag571-blk\/#breadcrumb","itemListElement":[{"@type":"ListItem","position":1,"name":"Home","item":"https:\/\/www.gunmeplug.com\/es\/"},{"@type":"ListItem","position":2,"name":"Shop","item":"https:\/\/www.gunmeplug.com\/es\/shop\/"},{"@type":"ListItem","position":3,"name":"Magpul PMAG M2 MOE .223\/5.56 30 Round Magazine MAG571-BLK"}]},{"@type":"WebSite","@id":"https:\/\/www.gunmeplug.com\/#website","url":"https:\/\/www.gunmeplug.com\/","name":"Waffe online kaufen USA","description":"Feuerwaffen online zu verkaufen","potentialAction":[{"@type":"SearchAction","target":{"@type":"EntryPoint","urlTemplate":"https:\/\/www.gunmeplug.com\/?s={search_term_string}"},"query-input":{"@type":"PropertyValueSpecification","valueRequired":true,"valueName":"search_term_string"}}],"inLanguage":"de"}]}},"_links":{"self":[{"href":"https:\/\/www.gunmeplug.com\/de\/wp-json\/wp\/v2\/product\/3441","targetHints":{"allow":["GET"]}}],"collection":[{"href":"https:\/\/www.gunmeplug.com\/de\/wp-json\/wp\/v2\/product"}],"about":[{"href":"https:\/\/www.gunmeplug.com\/de\/wp-json\/wp\/v2\/types\/product"}],"wp:featuredmedia":[{"embeddable":true,"href":"https:\/\/www.gunmeplug.com\/de\/wp-json\/wp\/v2\/media\/3446"}],"wp:attachment":[{"href":"https:\/\/www.gunmeplug.com\/de\/wp-json\/wp\/v2\/media?parent=3441"}],"wp:term":[{"taxonomy":"product_brand","embeddable":true,"href":"https:\/\/www.gunmeplug.com\/de\/wp-json\/wp\/v2\/product_brand?post=3441"},{"taxonomy":"product_cat","embeddable":true,"href":"https:\/\/www.gunmeplug.com\/de\/wp-json\/wp\/v2\/product_cat?post=3441"},{"taxonomy":"product_tag","embeddable":true,"href":"https:\/\/www.gunmeplug.com\/de\/wp-json\/wp\/v2\/product_tag?post=3441"}],"curies":[{"name":"wp","href":"https:\/\/api.w.org\/{rel}","templated":true}]}}