{"id":3406,"date":"2023-05-03T09:39:42","date_gmt":"2023-05-03T09:39:42","guid":{"rendered":"https:\/\/www.gunmeplug.com\/?post_type=product&#038;p=3406"},"modified":"2023-05-03T10:20:20","modified_gmt":"2023-05-03T10:20:20","slug":"glock-45-gen5-9mm-pistol-4-0-171rd-pa455s203","status":"publish","type":"product","link":"https:\/\/www.gunmeplug.com\/de\/produkt\/glock-45-gen5-9mm-pistol-4-0-171rd-pa455s203\/","title":{"rendered":"Glock 45 Gen5 9mm Pistol 4.0&#8243; 17+1RD PA455S203"},"content":{"rendered":"<h3 class=\"tab_content_head\">DETAILS<\/h3>\n<div class=\"product attribute description\">\n<div class=\"value\">\n<p>BITTE BEACHTEN SIE: Dieser Artikel ben\u00f6tigt eine verl\u00e4ngerte Bearbeitungszeit von 10 Tagen.<\/p>\n<p>Ein Neuzugang in der 9X19-Familie von GLOCK-Pistolen mit dem neuesten Design und der neuesten Technik der 5. Generation von GLOCK-Pistolen. Die GLOCK 45 vereint als kompakter Crossover das schnelle Handling der GLOCK 19 compact-sized slide mit dem Full-Size-Frame.<\/p>\n<p>Die G45 \u00fcbernimmt das Crossover-Design der GLOCK 19X und das \u00fcberlegene GLOCK-Hartoberfl\u00e4chen-Finish in nicht reflektierendem Schwarz und ist die ultimative Dienstpistole.<\/p>\n<p>Engineered with the GLOCK perfection promise, the G45 features the Safe Action System\u00ae and is backed by torture-testing that has made GLOCK a name synonymous with innovation and reliability.<\/p>\n<p>Die G45 verf\u00fcgt \u00fcber Elemente der 5. Generation der GLOCK Pistolen, wie z.B. einen weicheren Abzug, eine verbesserte Rahmentextur f\u00fcr sicheres Handling, einen reversiblen Magazinverschluss, einen beidh\u00e4ndig bedienbaren Schlittenstopphebel, das Modular Backstrap System (MBS) f\u00fcr individuelle Einstellbarkeit und den unglaublich pr\u00e4zisen, match-grade GLOCK Marksman Barrel (GMB). Die G45 verf\u00fcgt au\u00dferdem \u00fcber eine beidseitig vor der Auswurf\u00f6ffnung pr\u00e4zisionsgefr\u00e4ste Frontzahnung.<\/p>\n<p><strong>Produktmerkmale:<\/strong><\/p>\n<ul class=\"disc\">\n<li>Glock Marksman Lauf<\/li>\n<li>Aufgeweiteter Mag-Well<\/li>\n<li>Beidh\u00e4ndig bedienbarer Schiebe-Stopp-Hebel<\/li>\n<li>nDLC Finish auf Lauf und Schlitten<\/li>\n<li>Entfernung der Fingerrillen f\u00fcr Komfort f\u00fcr alle Handgr\u00f6\u00dfen<\/li>\n<li>Austauschbare R\u00fcckengurte f\u00fcr unterschiedlich gro\u00dfe Sch\u00fctzen<\/li>\n<li>Umkehrbare Magazinverriegelung<\/li>\n<li>Picadinschiene<\/li>\n<li>Gezackter Abzugsb\u00fcgel<\/li>\n<li>Safeties umfassen: Abzug, Schlagbolzen, und Tropfen<\/li>\n<li>Enth\u00e4lt (3) 17rd Magazine<\/li>\n<li>Abzug Gewicht: 6lbs<\/li>\n<\/ul>\n<\/div>\n<\/div>","protected":false},"excerpt":{"rendered":"<p>DETAILS PLEASE NOTE: This item requires an extended processing time of 10 days. A new addition to the 9X19 family of GLOCK pistols featuring the latest in design and engineering seen in the 5th Generation of GLOCK pistols. The GLOCK 45 combines the fast handling of the GLOCK 19 compact-sized slide with the full-size frame [&hellip;]<\/p>","protected":false},"featured_media":3411,"template":"","meta":{"_acf_changed":false,"_joinchat":[]},"product_brand":[],"product_cat":[136],"product_tag":[],"class_list":{"0":"post-3406","1":"product","2":"type-product","3":"status-publish","4":"has-post-thumbnail","6":"product_cat-glocks-for-sale","8":"first","9":"instock","10":"sale","11":"shipping-taxable","12":"purchasable","13":"product-type-simple"},"acf":[],"yoast_head":"<!-- This site is optimized with the Yoast SEO plugin v26.3 - https:\/\/yoast.com\/wordpress\/plugins\/seo\/ -->\n<title>Glock 45 Gen5 9mm Pistol 4.0&quot; 17+1RD PA455S203 - Buy gun online USA<\/title>\n<meta name=\"robots\" content=\"index, follow, max-snippet:-1, max-image-preview:large, max-video-preview:-1\" \/>\n<link rel=\"canonical\" href=\"https:\/\/www.gunmeplug.com\/de\/produkt\/glock-45-gen5-9mm-pistol-4-0-171rd-pa455s203\/\" \/>\n<meta property=\"og:locale\" content=\"de_DE\" \/>\n<meta property=\"og:type\" content=\"article\" \/>\n<meta property=\"og:title\" content=\"Glock 45 Gen5 9mm Pistol 4.0&quot; 17+1RD PA455S203 - Buy gun online USA\" \/>\n<meta property=\"og:description\" content=\"DETAILS PLEASE NOTE: This item requires an extended processing time of 10 days. A new addition to the 9X19 family of GLOCK pistols featuring the latest in design and engineering seen in the 5th Generation of GLOCK pistols. The GLOCK 45 combines the fast handling of the GLOCK 19 compact-sized slide with the full-size frame [&hellip;]\" \/>\n<meta property=\"og:url\" content=\"https:\/\/www.gunmeplug.com\/de\/produkt\/glock-45-gen5-9mm-pistol-4-0-171rd-pa455s203\/\" \/>\n<meta property=\"og:site_name\" content=\"Buy gun online USA\" \/>\n<meta property=\"article:modified_time\" content=\"2023-05-03T10:20:20+00:00\" \/>\n<meta property=\"og:image\" content=\"https:\/\/www.gunmeplug.com\/wp-content\/uploads\/2023\/05\/Glock-45-Gen5-9mm-Pistol.jpg\" \/>\n\t<meta property=\"og:image:width\" content=\"600\" \/>\n\t<meta property=\"og:image:height\" content=\"600\" \/>\n\t<meta property=\"og:image:type\" content=\"image\/jpeg\" \/>\n<meta name=\"twitter:card\" content=\"summary_large_image\" \/>\n<meta name=\"twitter:label1\" content=\"Gesch\u00e4tzte Lesezeit\" \/>\n\t<meta name=\"twitter:data1\" content=\"1\u00a0Minute\" \/>\n<script type=\"application\/ld+json\" class=\"yoast-schema-graph\">{\"@context\":\"https:\/\/schema.org\",\"@graph\":[{\"@type\":\"WebPage\",\"@id\":\"https:\/\/www.gunmeplug.com\/vi\/san-pham-2\/glock-45-gen5-9mm-pistol-4-0-171rd-pa455s203\/\",\"url\":\"https:\/\/www.gunmeplug.com\/vi\/san-pham-2\/glock-45-gen5-9mm-pistol-4-0-171rd-pa455s203\/\",\"name\":\"Glock 45 Gen5 9mm Pistol 4.0\\\" 17+1RD PA455S203 - Buy gun online USA\",\"isPartOf\":{\"@id\":\"https:\/\/www.gunmeplug.com\/#website\"},\"primaryImageOfPage\":{\"@id\":\"https:\/\/www.gunmeplug.com\/vi\/san-pham-2\/glock-45-gen5-9mm-pistol-4-0-171rd-pa455s203\/#primaryimage\"},\"image\":{\"@id\":\"https:\/\/www.gunmeplug.com\/vi\/san-pham-2\/glock-45-gen5-9mm-pistol-4-0-171rd-pa455s203\/#primaryimage\"},\"thumbnailUrl\":\"https:\/\/www.gunmeplug.com\/wp-content\/uploads\/2023\/05\/Glock-45-Gen5-9mm-Pistol.jpg\",\"datePublished\":\"2023-05-03T09:39:42+00:00\",\"dateModified\":\"2023-05-03T10:20:20+00:00\",\"breadcrumb\":{\"@id\":\"https:\/\/www.gunmeplug.com\/vi\/san-pham-2\/glock-45-gen5-9mm-pistol-4-0-171rd-pa455s203\/#breadcrumb\"},\"inLanguage\":\"de\",\"potentialAction\":[{\"@type\":\"ReadAction\",\"target\":[\"https:\/\/www.gunmeplug.com\/vi\/san-pham-2\/glock-45-gen5-9mm-pistol-4-0-171rd-pa455s203\/\"]}]},{\"@type\":\"ImageObject\",\"inLanguage\":\"de\",\"@id\":\"https:\/\/www.gunmeplug.com\/vi\/san-pham-2\/glock-45-gen5-9mm-pistol-4-0-171rd-pa455s203\/#primaryimage\",\"url\":\"https:\/\/www.gunmeplug.com\/wp-content\/uploads\/2023\/05\/Glock-45-Gen5-9mm-Pistol.jpg\",\"contentUrl\":\"https:\/\/www.gunmeplug.com\/wp-content\/uploads\/2023\/05\/Glock-45-Gen5-9mm-Pistol.jpg\",\"width\":600,\"height\":600,\"caption\":\"Glock-45-Gen5-9mm-Pistol\"},{\"@type\":\"BreadcrumbList\",\"@id\":\"https:\/\/www.gunmeplug.com\/vi\/san-pham-2\/glock-45-gen5-9mm-pistol-4-0-171rd-pa455s203\/#breadcrumb\",\"itemListElement\":[{\"@type\":\"ListItem\",\"position\":1,\"name\":\"Home\",\"item\":\"https:\/\/www.gunmeplug.com\/es\/\"},{\"@type\":\"ListItem\",\"position\":2,\"name\":\"Shop\",\"item\":\"https:\/\/www.gunmeplug.com\/es\/shop\/\"},{\"@type\":\"ListItem\",\"position\":3,\"name\":\"Glock 45 Gen5 9mm Pistol 4.0&#8243; 17+1RD PA455S203\"}]},{\"@type\":\"WebSite\",\"@id\":\"https:\/\/www.gunmeplug.com\/#website\",\"url\":\"https:\/\/www.gunmeplug.com\/\",\"name\":\"Buy gun online USA\",\"description\":\"FireArms for sale online \",\"potentialAction\":[{\"@type\":\"SearchAction\",\"target\":{\"@type\":\"EntryPoint\",\"urlTemplate\":\"https:\/\/www.gunmeplug.com\/?s={search_term_string}\"},\"query-input\":{\"@type\":\"PropertyValueSpecification\",\"valueRequired\":true,\"valueName\":\"search_term_string\"}}],\"inLanguage\":\"de\"}]}<\/script>\n<!-- \/ Yoast SEO plugin. -->","yoast_head_json":{"title":"Glock 45 Gen5 9mm Pistole 4.0\" 17+1RD PA455S203 - Waffe online kaufen USA","robots":{"index":"index","follow":"follow","max-snippet":"max-snippet:-1","max-image-preview":"max-image-preview:large","max-video-preview":"max-video-preview:-1"},"canonical":"https:\/\/www.gunmeplug.com\/de\/produkt\/glock-45-gen5-9mm-pistol-4-0-171rd-pa455s203\/","og_locale":"de_DE","og_type":"article","og_title":"Glock 45 Gen5 9mm Pistol 4.0\" 17+1RD PA455S203 - Buy gun online USA","og_description":"DETAILS PLEASE NOTE: This item requires an extended processing time of 10 days. A new addition to the 9X19 family of GLOCK pistols featuring the latest in design and engineering seen in the 5th Generation of GLOCK pistols. The GLOCK 45 combines the fast handling of the GLOCK 19 compact-sized slide with the full-size frame [&hellip;]","og_url":"https:\/\/www.gunmeplug.com\/de\/produkt\/glock-45-gen5-9mm-pistol-4-0-171rd-pa455s203\/","og_site_name":"Buy gun online USA","article_modified_time":"2023-05-03T10:20:20+00:00","og_image":[{"width":600,"height":600,"url":"https:\/\/www.gunmeplug.com\/wp-content\/uploads\/2023\/05\/Glock-45-Gen5-9mm-Pistol.jpg","type":"image\/jpeg"}],"twitter_card":"summary_large_image","twitter_misc":{"Gesch\u00e4tzte Lesezeit":"1\u00a0Minute"},"schema":{"@context":"https:\/\/schema.org","@graph":[{"@type":"WebPage","@id":"https:\/\/www.gunmeplug.com\/vi\/san-pham-2\/glock-45-gen5-9mm-pistol-4-0-171rd-pa455s203\/","url":"https:\/\/www.gunmeplug.com\/vi\/san-pham-2\/glock-45-gen5-9mm-pistol-4-0-171rd-pa455s203\/","name":"Glock 45 Gen5 9mm Pistole 4.0\" 17+1RD PA455S203 - Waffe online kaufen USA","isPartOf":{"@id":"https:\/\/www.gunmeplug.com\/#website"},"primaryImageOfPage":{"@id":"https:\/\/www.gunmeplug.com\/vi\/san-pham-2\/glock-45-gen5-9mm-pistol-4-0-171rd-pa455s203\/#primaryimage"},"image":{"@id":"https:\/\/www.gunmeplug.com\/vi\/san-pham-2\/glock-45-gen5-9mm-pistol-4-0-171rd-pa455s203\/#primaryimage"},"thumbnailUrl":"https:\/\/www.gunmeplug.com\/wp-content\/uploads\/2023\/05\/Glock-45-Gen5-9mm-Pistol.jpg","datePublished":"2023-05-03T09:39:42+00:00","dateModified":"2023-05-03T10:20:20+00:00","breadcrumb":{"@id":"https:\/\/www.gunmeplug.com\/vi\/san-pham-2\/glock-45-gen5-9mm-pistol-4-0-171rd-pa455s203\/#breadcrumb"},"inLanguage":"de","potentialAction":[{"@type":"ReadAction","target":["https:\/\/www.gunmeplug.com\/vi\/san-pham-2\/glock-45-gen5-9mm-pistol-4-0-171rd-pa455s203\/"]}]},{"@type":"ImageObject","inLanguage":"de","@id":"https:\/\/www.gunmeplug.com\/vi\/san-pham-2\/glock-45-gen5-9mm-pistol-4-0-171rd-pa455s203\/#primaryimage","url":"https:\/\/www.gunmeplug.com\/wp-content\/uploads\/2023\/05\/Glock-45-Gen5-9mm-Pistol.jpg","contentUrl":"https:\/\/www.gunmeplug.com\/wp-content\/uploads\/2023\/05\/Glock-45-Gen5-9mm-Pistol.jpg","width":600,"height":600,"caption":"Glock-45-Gen5-9mm-Pistol"},{"@type":"BreadcrumbList","@id":"https:\/\/www.gunmeplug.com\/vi\/san-pham-2\/glock-45-gen5-9mm-pistol-4-0-171rd-pa455s203\/#breadcrumb","itemListElement":[{"@type":"ListItem","position":1,"name":"Home","item":"https:\/\/www.gunmeplug.com\/es\/"},{"@type":"ListItem","position":2,"name":"Shop","item":"https:\/\/www.gunmeplug.com\/es\/shop\/"},{"@type":"ListItem","position":3,"name":"Glock 45 Gen5 9mm Pistol 4.0&#8243; 17+1RD PA455S203"}]},{"@type":"WebSite","@id":"https:\/\/www.gunmeplug.com\/#website","url":"https:\/\/www.gunmeplug.com\/","name":"Waffe online kaufen USA","description":"Feuerwaffen online zu verkaufen","potentialAction":[{"@type":"SearchAction","target":{"@type":"EntryPoint","urlTemplate":"https:\/\/www.gunmeplug.com\/?s={search_term_string}"},"query-input":{"@type":"PropertyValueSpecification","valueRequired":true,"valueName":"search_term_string"}}],"inLanguage":"de"}]}},"_links":{"self":[{"href":"https:\/\/www.gunmeplug.com\/de\/wp-json\/wp\/v2\/product\/3406","targetHints":{"allow":["GET"]}}],"collection":[{"href":"https:\/\/www.gunmeplug.com\/de\/wp-json\/wp\/v2\/product"}],"about":[{"href":"https:\/\/www.gunmeplug.com\/de\/wp-json\/wp\/v2\/types\/product"}],"wp:featuredmedia":[{"embeddable":true,"href":"https:\/\/www.gunmeplug.com\/de\/wp-json\/wp\/v2\/media\/3411"}],"wp:attachment":[{"href":"https:\/\/www.gunmeplug.com\/de\/wp-json\/wp\/v2\/media?parent=3406"}],"wp:term":[{"taxonomy":"product_brand","embeddable":true,"href":"https:\/\/www.gunmeplug.com\/de\/wp-json\/wp\/v2\/product_brand?post=3406"},{"taxonomy":"product_cat","embeddable":true,"href":"https:\/\/www.gunmeplug.com\/de\/wp-json\/wp\/v2\/product_cat?post=3406"},{"taxonomy":"product_tag","embeddable":true,"href":"https:\/\/www.gunmeplug.com\/de\/wp-json\/wp\/v2\/product_tag?post=3406"}],"curies":[{"name":"wp","href":"https:\/\/api.w.org\/{rel}","templated":true}]}}