{"id":3150,"date":"2021-04-08T06:27:12","date_gmt":"2021-04-08T06:27:12","guid":{"rendered":"https:\/\/www.gunmeplug.com\/?post_type=product&#038;p=3150"},"modified":"2025-04-19T00:26:27","modified_gmt":"2025-04-19T00:26:27","slug":"dpms-panther-oracle-atacs-308-ar-15-rifle-60560","status":"publish","type":"product","link":"https:\/\/www.gunmeplug.com\/de\/produkt\/dpms-panther-oracle-atacs-308-ar-15-rifle-60560\/","title":{"rendered":"DPMS Panther Oracle .308 AR-10 20rd 16&#8243; Rifle 60560"},"content":{"rendered":"<div id=\"description\" class=\"data item content\">\n<div class=\"product attribute description\">\n<h1>DPMS LR-308 online kaufen<\/h1>\n<div><\/div>\n<div class=\"value\">Buy DPMS LR-308 Online, The .308 Oracle, much like it\u2019s 5.56mm little brother, is one of our most popular rifles due to its compact size, rugged military carbine features and .308 firepower. Just <a href=\"https:\/\/www.gunmeplug.com\/de\/produkt\/century-arms-ras47-7-62x39mm-ak-47-semi-automatic-30rd-16-5-rifle-ri2403n\/\">hinzuf\u00fcgen.<\/a> optics and ammo and it\u2019s ready to <a href=\"https:\/\/en.wikipedia.org\/wiki\/Gun#Military\">jagen<\/a> oder auf dem Schie\u00dfstand auffallen.<\/div>\n<\/div>\n<\/div>\n<div id=\"additional\" class=\"data item content\"><\/div>\n<div>\n<div class=\"postContent\">If you are looking for an entry level AR-10 style rifle, then the DPMS Oracle at Gunmeplug is just for you. This firearm is chambered in .308 Winchester\/7.62 NATO Rifle and has a 16&#8243; barrel. The magazine holds 20 rounds of ammunition and the rifle has a collapsible stock. The A3 upper receiver and gas block allow quick attachment of either optics or detachable Iron sights.<\/p>\n<p><strong>Spezifikationen und Merkmale:<\/strong><\/div>\n<div class=\"postContent\">\nDPMS<br \/>\nOracle Halbautomatisches Gewehr<br \/>\n7,62 NATO-Kammer (auch f\u00fcr .308 Winchester geeignet)<br \/>\n16&#8243; 4140 Chrome Moly Steel Barrel with .308 A2 Flash Hider<br \/>\n20 Runden<br \/>\nSchwarzes Finish<br \/>\n1\/10 Rechtsdrall<br \/>\nGasbetrieben<br \/>\nA3 Style Flattop Oberteil mit Hartcoat eloxiert Teflon beschichtet Schwarz<br \/>\nBillet Hartcoat eloxiert Unterteil<br \/>\nStandard AR-15 Abzugsgruppe<br \/>\nOptik bereit<br \/>\nDPMS 6 Position Pardus Lager<br \/>\nKarabiner L\u00e4nge GlacierGuards<br \/>\n8.3 lb&#8217;s<br \/>\n36.38&#8243; Overall Length<\/div>\n<p>&nbsp;<\/p>\n<div class=\"vendor-footer\">Lakeland Firearms ist ein lizenzierter Waffenh\u00e4ndler mit Sitz in Waupaca, WI. Wir k\u00f6nnen zu jedem lizenzierten FFL H\u00e4ndler in den Vereinigten Staaten befinden zu versenden. Oder Sie k\u00f6nnen Ihre Feuerwaffe von uns abholen in unserem Gesch\u00e4ft. (Sie m\u00fcssen alle erforderlichen Papiere ausf\u00fcllen) Wenn Sie irgendwelche Fragen haben, senden Sie uns bitte eine E-Mail oder rufen Sie uns an 715-258-2110.<\/div>\n<\/div>","protected":false},"excerpt":{"rendered":"<p>Buy DPMS LR-308 Online Buy DPMS LR-308 Online, The .308 Oracle, much like it\u2019s 5.56mm little brother, is one of our most popular rifles due to its compact size, rugged military carbine features and .308 firepower. Just add optics and ammo and it\u2019s ready to hunt or turn heads at the range. If you are [&hellip;]<\/p>","protected":false},"featured_media":3151,"template":"","meta":{"_acf_changed":false,"_joinchat":[]},"product_brand":[],"product_cat":[166],"product_tag":[228,231,233,232,230,229,226,227],"class_list":{"0":"post-3150","1":"product","2":"type-product","3":"status-publish","4":"has-post-thumbnail","6":"product_cat-rifles","7":"product_tag-dpms-308-rifle-price","8":"product_tag-dpms-ar-10-308-price","9":"product_tag-dpms-model-lr-308-value","10":"product_tag-dpms-oracle-308-upgrades","11":"product_tag-dpms-panther-308-for-sale","12":"product_tag-dpms-panther-arms-308-for-sale","13":"product_tag-dpms-panther-lr-308-price","14":"product_tag-dpms-panther-oracle-308","16":"first","17":"instock","18":"sale","19":"shipping-taxable","20":"purchasable","21":"product-type-simple"},"acf":[],"yoast_head":"<!-- This site is optimized with the Yoast SEO plugin v26.3 - https:\/\/yoast.com\/wordpress\/plugins\/seo\/ -->\n<title>Buy DPMS LR-308 Online , DPMS - rifles for sale<\/title>\n<meta name=\"description\" content=\"Buy DPMS LR-308 Online, Find DPMS LR-308 for sale at Gunmeplug.com, You can buy DPMS LR-308 with confidence from thousands of sellers\" \/>\n<meta name=\"robots\" content=\"index, follow, max-snippet:-1, max-image-preview:large, max-video-preview:-1\" \/>\n<link rel=\"canonical\" href=\"https:\/\/www.gunmeplug.com\/de\/produkt\/dpms-panther-oracle-atacs-308-ar-15-rifle-60560\/\" \/>\n<meta property=\"og:locale\" content=\"de_DE\" \/>\n<meta property=\"og:type\" content=\"article\" \/>\n<meta property=\"og:title\" content=\"Buy DPMS LR-308 Online , DPMS - rifles for sale\" \/>\n<meta property=\"og:description\" content=\"Buy DPMS LR-308 Online, Find DPMS LR-308 for sale at Gunmeplug.com, You can buy DPMS LR-308 with confidence from thousands of sellers\" \/>\n<meta property=\"og:url\" content=\"https:\/\/www.gunmeplug.com\/de\/produkt\/dpms-panther-oracle-atacs-308-ar-15-rifle-60560\/\" \/>\n<meta property=\"og:site_name\" content=\"Buy gun online USA\" \/>\n<meta property=\"article:modified_time\" content=\"2025-04-19T00:26:27+00:00\" \/>\n<meta property=\"og:image\" content=\"https:\/\/www.gunmeplug.com\/wp-content\/uploads\/2021\/04\/dpms-panther-oracle-atacs-308-ar-15-rifle-60560.jpg\" \/>\n\t<meta property=\"og:image:width\" content=\"600\" \/>\n\t<meta property=\"og:image:height\" content=\"600\" \/>\n\t<meta property=\"og:image:type\" content=\"image\/jpeg\" \/>\n<meta name=\"twitter:card\" content=\"summary_large_image\" \/>\n<meta name=\"twitter:label1\" content=\"Gesch\u00e4tzte Lesezeit\" \/>\n\t<meta name=\"twitter:data1\" content=\"2\u00a0Minuten\" \/>\n<script type=\"application\/ld+json\" class=\"yoast-schema-graph\">{\"@context\":\"https:\/\/schema.org\",\"@graph\":[{\"@type\":\"WebPage\",\"@id\":\"https:\/\/www.gunmeplug.com\/de\/produkt\/dpms-panther-oracle-atacs-308-ar-15-rifle-60560\/\",\"url\":\"https:\/\/www.gunmeplug.com\/de\/produkt\/dpms-panther-oracle-atacs-308-ar-15-rifle-60560\/\",\"name\":\"Buy DPMS LR-308 Online , DPMS - rifles for sale\",\"isPartOf\":{\"@id\":\"https:\/\/www.gunmeplug.com\/#website\"},\"primaryImageOfPage\":{\"@id\":\"https:\/\/www.gunmeplug.com\/de\/produkt\/dpms-panther-oracle-atacs-308-ar-15-rifle-60560\/#primaryimage\"},\"image\":{\"@id\":\"https:\/\/www.gunmeplug.com\/de\/produkt\/dpms-panther-oracle-atacs-308-ar-15-rifle-60560\/#primaryimage\"},\"thumbnailUrl\":\"https:\/\/www.gunmeplug.com\/wp-content\/uploads\/2021\/04\/dpms-panther-oracle-atacs-308-ar-15-rifle-60560.jpg\",\"datePublished\":\"2021-04-08T06:27:12+00:00\",\"dateModified\":\"2025-04-19T00:26:27+00:00\",\"description\":\"Buy DPMS LR-308 Online, Find DPMS LR-308 for sale at Gunmeplug.com, You can buy DPMS LR-308 with confidence from thousands of sellers\",\"breadcrumb\":{\"@id\":\"https:\/\/www.gunmeplug.com\/de\/produkt\/dpms-panther-oracle-atacs-308-ar-15-rifle-60560\/#breadcrumb\"},\"inLanguage\":\"de\",\"potentialAction\":[{\"@type\":\"ReadAction\",\"target\":[\"https:\/\/www.gunmeplug.com\/de\/produkt\/dpms-panther-oracle-atacs-308-ar-15-rifle-60560\/\"]}]},{\"@type\":\"ImageObject\",\"inLanguage\":\"de\",\"@id\":\"https:\/\/www.gunmeplug.com\/de\/produkt\/dpms-panther-oracle-atacs-308-ar-15-rifle-60560\/#primaryimage\",\"url\":\"https:\/\/www.gunmeplug.com\/wp-content\/uploads\/2021\/04\/dpms-panther-oracle-atacs-308-ar-15-rifle-60560.jpg\",\"contentUrl\":\"https:\/\/www.gunmeplug.com\/wp-content\/uploads\/2021\/04\/dpms-panther-oracle-atacs-308-ar-15-rifle-60560.jpg\",\"width\":600,\"height\":600,\"caption\":\"Buy DPMS LR-308 Online\"},{\"@type\":\"BreadcrumbList\",\"@id\":\"https:\/\/www.gunmeplug.com\/de\/produkt\/dpms-panther-oracle-atacs-308-ar-15-rifle-60560\/#breadcrumb\",\"itemListElement\":[{\"@type\":\"ListItem\",\"position\":1,\"name\":\"Home\",\"item\":\"https:\/\/www.gunmeplug.com\/es\/\"},{\"@type\":\"ListItem\",\"position\":2,\"name\":\"Shop\",\"item\":\"https:\/\/www.gunmeplug.com\/es\/shop\/\"},{\"@type\":\"ListItem\",\"position\":3,\"name\":\"DPMS Panther Oracle .308 AR-10 20rd 16&#8243; Rifle 60560\"}]},{\"@type\":\"WebSite\",\"@id\":\"https:\/\/www.gunmeplug.com\/#website\",\"url\":\"https:\/\/www.gunmeplug.com\/\",\"name\":\"Buy gun online USA\",\"description\":\"FireArms for sale online \",\"potentialAction\":[{\"@type\":\"SearchAction\",\"target\":{\"@type\":\"EntryPoint\",\"urlTemplate\":\"https:\/\/www.gunmeplug.com\/?s={search_term_string}\"},\"query-input\":{\"@type\":\"PropertyValueSpecification\",\"valueRequired\":true,\"valueName\":\"search_term_string\"}}],\"inLanguage\":\"de\"}]}<\/script>\n<!-- \/ Yoast SEO plugin. -->","yoast_head_json":{"title":"DPMS LR-308 Online Kaufen , DPMS - gewehres zu verkaufen","description":"Kaufen DPMS LR-308 Online, Finden Sie DPMS LR-308 zum Verkauf bei Gunmeplug.com, Sie k\u00f6nnen DPMS LR-308 mit Vertrauen von Tausenden von Verk\u00e4ufern kaufen","robots":{"index":"index","follow":"follow","max-snippet":"max-snippet:-1","max-image-preview":"max-image-preview:large","max-video-preview":"max-video-preview:-1"},"canonical":"https:\/\/www.gunmeplug.com\/de\/produkt\/dpms-panther-oracle-atacs-308-ar-15-rifle-60560\/","og_locale":"de_DE","og_type":"article","og_title":"Buy DPMS LR-308 Online , DPMS - rifles for sale","og_description":"Buy DPMS LR-308 Online, Find DPMS LR-308 for sale at Gunmeplug.com, You can buy DPMS LR-308 with confidence from thousands of sellers","og_url":"https:\/\/www.gunmeplug.com\/de\/produkt\/dpms-panther-oracle-atacs-308-ar-15-rifle-60560\/","og_site_name":"Buy gun online USA","article_modified_time":"2025-04-19T00:26:27+00:00","og_image":[{"width":600,"height":600,"url":"https:\/\/www.gunmeplug.com\/wp-content\/uploads\/2021\/04\/dpms-panther-oracle-atacs-308-ar-15-rifle-60560.jpg","type":"image\/jpeg"}],"twitter_card":"summary_large_image","twitter_misc":{"Gesch\u00e4tzte Lesezeit":"2\u00a0Minuten"},"schema":{"@context":"https:\/\/schema.org","@graph":[{"@type":"WebPage","@id":"https:\/\/www.gunmeplug.com\/de\/produkt\/dpms-panther-oracle-atacs-308-ar-15-rifle-60560\/","url":"https:\/\/www.gunmeplug.com\/de\/produkt\/dpms-panther-oracle-atacs-308-ar-15-rifle-60560\/","name":"DPMS LR-308 Online Kaufen , DPMS - gewehres zu verkaufen","isPartOf":{"@id":"https:\/\/www.gunmeplug.com\/#website"},"primaryImageOfPage":{"@id":"https:\/\/www.gunmeplug.com\/de\/produkt\/dpms-panther-oracle-atacs-308-ar-15-rifle-60560\/#primaryimage"},"image":{"@id":"https:\/\/www.gunmeplug.com\/de\/produkt\/dpms-panther-oracle-atacs-308-ar-15-rifle-60560\/#primaryimage"},"thumbnailUrl":"https:\/\/www.gunmeplug.com\/wp-content\/uploads\/2021\/04\/dpms-panther-oracle-atacs-308-ar-15-rifle-60560.jpg","datePublished":"2021-04-08T06:27:12+00:00","dateModified":"2025-04-19T00:26:27+00:00","description":"Kaufen DPMS LR-308 Online, Finden Sie DPMS LR-308 zum Verkauf bei Gunmeplug.com, Sie k\u00f6nnen DPMS LR-308 mit Vertrauen von Tausenden von Verk\u00e4ufern kaufen","breadcrumb":{"@id":"https:\/\/www.gunmeplug.com\/de\/produkt\/dpms-panther-oracle-atacs-308-ar-15-rifle-60560\/#breadcrumb"},"inLanguage":"de","potentialAction":[{"@type":"ReadAction","target":["https:\/\/www.gunmeplug.com\/de\/produkt\/dpms-panther-oracle-atacs-308-ar-15-rifle-60560\/"]}]},{"@type":"ImageObject","inLanguage":"de","@id":"https:\/\/www.gunmeplug.com\/de\/produkt\/dpms-panther-oracle-atacs-308-ar-15-rifle-60560\/#primaryimage","url":"https:\/\/www.gunmeplug.com\/wp-content\/uploads\/2021\/04\/dpms-panther-oracle-atacs-308-ar-15-rifle-60560.jpg","contentUrl":"https:\/\/www.gunmeplug.com\/wp-content\/uploads\/2021\/04\/dpms-panther-oracle-atacs-308-ar-15-rifle-60560.jpg","width":600,"height":600,"caption":"Buy DPMS LR-308 Online"},{"@type":"BreadcrumbList","@id":"https:\/\/www.gunmeplug.com\/de\/produkt\/dpms-panther-oracle-atacs-308-ar-15-rifle-60560\/#breadcrumb","itemListElement":[{"@type":"ListItem","position":1,"name":"Home","item":"https:\/\/www.gunmeplug.com\/es\/"},{"@type":"ListItem","position":2,"name":"Shop","item":"https:\/\/www.gunmeplug.com\/es\/shop\/"},{"@type":"ListItem","position":3,"name":"DPMS Panther Oracle .308 AR-10 20rd 16&#8243; Rifle 60560"}]},{"@type":"WebSite","@id":"https:\/\/www.gunmeplug.com\/#website","url":"https:\/\/www.gunmeplug.com\/","name":"Waffe online kaufen USA","description":"Feuerwaffen online zu verkaufen","potentialAction":[{"@type":"SearchAction","target":{"@type":"EntryPoint","urlTemplate":"https:\/\/www.gunmeplug.com\/?s={search_term_string}"},"query-input":{"@type":"PropertyValueSpecification","valueRequired":true,"valueName":"search_term_string"}}],"inLanguage":"de"}]}},"_links":{"self":[{"href":"https:\/\/www.gunmeplug.com\/de\/wp-json\/wp\/v2\/product\/3150","targetHints":{"allow":["GET"]}}],"collection":[{"href":"https:\/\/www.gunmeplug.com\/de\/wp-json\/wp\/v2\/product"}],"about":[{"href":"https:\/\/www.gunmeplug.com\/de\/wp-json\/wp\/v2\/types\/product"}],"wp:featuredmedia":[{"embeddable":true,"href":"https:\/\/www.gunmeplug.com\/de\/wp-json\/wp\/v2\/media\/3151"}],"wp:attachment":[{"href":"https:\/\/www.gunmeplug.com\/de\/wp-json\/wp\/v2\/media?parent=3150"}],"wp:term":[{"taxonomy":"product_brand","embeddable":true,"href":"https:\/\/www.gunmeplug.com\/de\/wp-json\/wp\/v2\/product_brand?post=3150"},{"taxonomy":"product_cat","embeddable":true,"href":"https:\/\/www.gunmeplug.com\/de\/wp-json\/wp\/v2\/product_cat?post=3150"},{"taxonomy":"product_tag","embeddable":true,"href":"https:\/\/www.gunmeplug.com\/de\/wp-json\/wp\/v2\/product_tag?post=3150"}],"curies":[{"name":"wp","href":"https:\/\/api.w.org\/{rel}","templated":true}]}}