{"id":3123,"date":"2021-04-06T08:36:13","date_gmt":"2021-04-06T08:36:13","guid":{"rendered":"https:\/\/www.gunmeplug.com\/?post_type=product&#038;p=3123"},"modified":"2024-10-22T13:36:13","modified_gmt":"2024-10-22T13:36:13","slug":"taurus-g2c-9mm-12rd-3-2-pistol-1-g2c931-12","status":"publish","type":"product","link":"https:\/\/www.gunmeplug.com\/de\/produkt\/taurus-g2c-9mm-12rd-3-2-pistol-1-g2c931-12\/","title":{"rendered":"Taurus G2C 9mm 12rd 3.2&#8243; Pistol 1-G2C931-12"},"content":{"rendered":"<h1>Taurus G2C 9mm 12rd 3.2&#8243; Pistol 1-G2C931-12<\/h1>\n<p>Taurus G2C 9mm Pistol, With its lightweight polymer frame, thin profile, and ramped 3.2&#8243; barrel, the G2C is the ideal concealed carry handgun. The G2C features an accessory rail, high-profile sights with a fixed front, an aggressive, textured grip <a href=\"https:\/\/en.wikipedia.org\/wiki\/Gun#Military\">und<\/a> geschmolzenen Kanten f\u00fcr zus\u00e4tzlichen Komfort und einfaches Verstecken. Sie hat eine Ladezustandsanzeige, eine manuelle Sicherung und eine Abzugssicherung. Dieses G2C-Modell hat einen gebl\u00e4uten Edelstahlschlitten und einen schwarzen Rahmen.<\/p>\n<p>Marke: Taurus<br \/>\nModell: G2C<br \/>\nTyp: Pistole: Halbautomatisch<br \/>\nKaliber: 9MM<br \/>\nAusf\u00fchrung: Mattschwarz<br \/>\nAktion: Double Action<br \/>\nSchaft: Polymer Rahmen<br \/>\nAnblick: FT: Fixiert Wei\u00df<a href=\"https:\/\/www.gunmeplug.com\/de\/produkt\/taurus-g2c-9mm-12rd-3-2-pistol-1-g2c931-12\/\"> Punkt<\/a> RR: Einstellbarer wei\u00dfer Punkt<br \/>\nL\u00e4nge des Laufs: 3,2<br \/>\nGesamtl\u00e4nge: 6,2<br \/>\nGewicht: 22 Unzen<br \/>\nFassungsverm\u00f6gen: 12+1<br \/>\n# von Mags: 2<br \/>\nSicherheit: Manuelle Sicherheit<br \/>\nEmpf\u00e4nger: Accedssory Schiene<br \/>\nMerkmale: Texturierter Griff; d\u00fcnnes Profil, hohe Profilvisiere<\/p>\n<p>&nbsp;<\/p>\n<h1>Taurus G2C online unter <a href=\"https:\/\/www.gunmeplug.com\/de\/\">Gunmeplug.com<\/a><\/h1>\n<div class=\"seo-wrap\">\n<p>Die Taurus G2C ist eine kompakte halbautomatische Single-Action mit R\u00fccksto\u00df. Die Pistole mit Schlagbolzen ist mit 12+1 Kapazit\u00e4t in 9 mm Luger oder 10+1 Kapazit\u00e4t in .40 S&amp;W erh\u00e4ltlich.<\/p>\n<p>Key dimensions include a 1.2\u201d width, 5.1\u201d height, 6.3\u201d overall length. All this envelopes a 3.2\u201d long barrel and the aforementioned 12-round or 10-round double-stack magazine. There\u2019s a single-slot Mil-STD 1913 Picatinny accessory rail under the recoil spring housing. The gun has good looks derived from its functionality. For instance, the slide front is cut down some to cut weight and bulk. The back of the slide has diagonal slide serrations. Key controls (magazine release, thumb safety and slide catch) are on the left. Actually, the magazine release is reversible, so it can be on the right too. Thanks to the polymer frame, weight is only 22 ounces.<\/p>\n<\/div>\n<p>&nbsp;<\/p>","protected":false},"excerpt":{"rendered":"<p>Taurus G2C 9mm 12rd 3.2&#8243; Pistol 1-G2C931-12 Taurus G2C 9mm Pistol, With its lightweight polymer frame, thin profile, and ramped 3.2&#8243; barrel, the G2C is the ideal concealed carry handgun. The G2C features an accessory rail, high-profile sights with a fixed front, an aggressive, textured grip and melted edges for added comfort and easy concealment. [&hellip;]<\/p>","protected":false},"featured_media":3125,"template":"","meta":{"_acf_changed":false,"_joinchat":[]},"product_brand":[],"product_cat":[130],"product_tag":[236,240,234,235,239,238,237],"class_list":{"0":"post-3123","1":"product","2":"type-product","3":"status-publish","4":"has-post-thumbnail","6":"product_cat-handguns","7":"product_tag-best-price-on-taurus-g2c","8":"product_tag-buy-taurus-g2c-online","9":"product_tag-taurus-g2c-9mm-best-price","10":"product_tag-taurus-g2c-9mm-in-stock","11":"product_tag-taurus-g2c-9mm-near-me","12":"product_tag-taurus-g2c-9mm-price","13":"product_tag-taurus-g2c-used-price","15":"first","16":"instock","17":"sale","18":"shipping-taxable","19":"purchasable","20":"product-type-simple"},"acf":[],"yoast_head":"<!-- This site is optimized with the Yoast SEO plugin v26.3 - https:\/\/yoast.com\/wordpress\/plugins\/seo\/ -->\n<title>Taurus G2C 9mm Pistol, Taurus G2C For Sale - 9MM 1-G2C931-12<\/title>\n<meta name=\"description\" content=\"Taurus G2C 9mm Pistol, Taurus G2C For Sale - 9MM 1-G2C931-12 -725327616030, You can buy original registered Taurus G2C 9mm pistol at Gunmeplug\" \/>\n<meta name=\"robots\" content=\"index, follow, max-snippet:-1, max-image-preview:large, max-video-preview:-1\" \/>\n<link rel=\"canonical\" href=\"https:\/\/www.gunmeplug.com\/de\/produkt\/taurus-g2c-9mm-12rd-3-2-pistol-1-g2c931-12\/\" \/>\n<meta property=\"og:locale\" content=\"de_DE\" \/>\n<meta property=\"og:type\" content=\"article\" \/>\n<meta property=\"og:title\" content=\"Taurus G2C 9mm Pistol, Taurus G2C For Sale - 9MM 1-G2C931-12\" \/>\n<meta property=\"og:description\" content=\"Taurus G2C 9mm Pistol, Taurus G2C For Sale - 9MM 1-G2C931-12 -725327616030, You can buy original registered Taurus G2C 9mm pistol at Gunmeplug\" \/>\n<meta property=\"og:url\" content=\"https:\/\/www.gunmeplug.com\/de\/produkt\/taurus-g2c-9mm-12rd-3-2-pistol-1-g2c931-12\/\" \/>\n<meta property=\"og:site_name\" content=\"Buy gun online USA\" \/>\n<meta property=\"article:modified_time\" content=\"2024-10-22T13:36:13+00:00\" \/>\n<meta property=\"og:image\" content=\"https:\/\/www.gunmeplug.com\/wp-content\/uploads\/2021\/04\/taurus-g2c-9mm-12rd-3-2-pistol-1-g2c931-12.jpg\" \/>\n\t<meta property=\"og:image:width\" content=\"600\" \/>\n\t<meta property=\"og:image:height\" content=\"600\" \/>\n\t<meta property=\"og:image:type\" content=\"image\/jpeg\" \/>\n<meta name=\"twitter:card\" content=\"summary_large_image\" \/>\n<meta name=\"twitter:label1\" content=\"Gesch\u00e4tzte Lesezeit\" \/>\n\t<meta name=\"twitter:data1\" content=\"2\u00a0Minuten\" \/>\n<script type=\"application\/ld+json\" class=\"yoast-schema-graph\">{\"@context\":\"https:\/\/schema.org\",\"@graph\":[{\"@type\":\"WebPage\",\"@id\":\"https:\/\/www.gunmeplug.com\/es\/producto\/taurus-g2c-9mm-12rd-3-2-pistol-1-g2c931-12\/\",\"url\":\"https:\/\/www.gunmeplug.com\/es\/producto\/taurus-g2c-9mm-12rd-3-2-pistol-1-g2c931-12\/\",\"name\":\"Taurus G2C 9mm Pistol, Taurus G2C For Sale - 9MM 1-G2C931-12\",\"isPartOf\":{\"@id\":\"https:\/\/www.gunmeplug.com\/#website\"},\"primaryImageOfPage\":{\"@id\":\"https:\/\/www.gunmeplug.com\/es\/producto\/taurus-g2c-9mm-12rd-3-2-pistol-1-g2c931-12\/#primaryimage\"},\"image\":{\"@id\":\"https:\/\/www.gunmeplug.com\/es\/producto\/taurus-g2c-9mm-12rd-3-2-pistol-1-g2c931-12\/#primaryimage\"},\"thumbnailUrl\":\"https:\/\/www.gunmeplug.com\/wp-content\/uploads\/2021\/04\/taurus-g2c-9mm-12rd-3-2-pistol-1-g2c931-12.jpg\",\"datePublished\":\"2021-04-06T08:36:13+00:00\",\"dateModified\":\"2024-10-22T13:36:13+00:00\",\"description\":\"Taurus G2C 9mm Pistol, Taurus G2C For Sale - 9MM 1-G2C931-12 -725327616030, You can buy original registered Taurus G2C 9mm pistol at Gunmeplug\",\"breadcrumb\":{\"@id\":\"https:\/\/www.gunmeplug.com\/es\/producto\/taurus-g2c-9mm-12rd-3-2-pistol-1-g2c931-12\/#breadcrumb\"},\"inLanguage\":\"de\",\"potentialAction\":[{\"@type\":\"ReadAction\",\"target\":[\"https:\/\/www.gunmeplug.com\/es\/producto\/taurus-g2c-9mm-12rd-3-2-pistol-1-g2c931-12\/\"]}]},{\"@type\":\"ImageObject\",\"inLanguage\":\"de\",\"@id\":\"https:\/\/www.gunmeplug.com\/es\/producto\/taurus-g2c-9mm-12rd-3-2-pistol-1-g2c931-12\/#primaryimage\",\"url\":\"https:\/\/www.gunmeplug.com\/wp-content\/uploads\/2021\/04\/taurus-g2c-9mm-12rd-3-2-pistol-1-g2c931-12.jpg\",\"contentUrl\":\"https:\/\/www.gunmeplug.com\/wp-content\/uploads\/2021\/04\/taurus-g2c-9mm-12rd-3-2-pistol-1-g2c931-12.jpg\",\"width\":600,\"height\":600,\"caption\":\"Taurus G2C 9mm Pistol\"},{\"@type\":\"BreadcrumbList\",\"@id\":\"https:\/\/www.gunmeplug.com\/es\/producto\/taurus-g2c-9mm-12rd-3-2-pistol-1-g2c931-12\/#breadcrumb\",\"itemListElement\":[{\"@type\":\"ListItem\",\"position\":1,\"name\":\"Home\",\"item\":\"https:\/\/www.gunmeplug.com\/es\/\"},{\"@type\":\"ListItem\",\"position\":2,\"name\":\"Shop\",\"item\":\"https:\/\/www.gunmeplug.com\/es\/shop\/\"},{\"@type\":\"ListItem\",\"position\":3,\"name\":\"Taurus G2C 9mm 12rd 3.2&#8243; Pistol 1-G2C931-12\"}]},{\"@type\":\"WebSite\",\"@id\":\"https:\/\/www.gunmeplug.com\/#website\",\"url\":\"https:\/\/www.gunmeplug.com\/\",\"name\":\"Buy gun online USA\",\"description\":\"FireArms for sale online \",\"potentialAction\":[{\"@type\":\"SearchAction\",\"target\":{\"@type\":\"EntryPoint\",\"urlTemplate\":\"https:\/\/www.gunmeplug.com\/?s={search_term_string}\"},\"query-input\":{\"@type\":\"PropertyValueSpecification\",\"valueRequired\":true,\"valueName\":\"search_term_string\"}}],\"inLanguage\":\"de\"}]}<\/script>\n<!-- \/ Yoast SEO plugin. -->","yoast_head_json":{"title":"Taurus G2C 9mm Pistole, Taurus G2C zu verkaufen - 9MM 1-G2C931-12","description":"Taurus G2C 9mm Pistole, Taurus G2C For Sale - 9MM 1-G2C931-12 -725327616030, Sie k\u00f6nnen original registrierte Taurus G2C 9mm Pistole bei Gunmeplug kaufen.","robots":{"index":"index","follow":"follow","max-snippet":"max-snippet:-1","max-image-preview":"max-image-preview:large","max-video-preview":"max-video-preview:-1"},"canonical":"https:\/\/www.gunmeplug.com\/de\/produkt\/taurus-g2c-9mm-12rd-3-2-pistol-1-g2c931-12\/","og_locale":"de_DE","og_type":"article","og_title":"Taurus G2C 9mm Pistol, Taurus G2C For Sale - 9MM 1-G2C931-12","og_description":"Taurus G2C 9mm Pistol, Taurus G2C For Sale - 9MM 1-G2C931-12 -725327616030, You can buy original registered Taurus G2C 9mm pistol at Gunmeplug","og_url":"https:\/\/www.gunmeplug.com\/de\/produkt\/taurus-g2c-9mm-12rd-3-2-pistol-1-g2c931-12\/","og_site_name":"Buy gun online USA","article_modified_time":"2024-10-22T13:36:13+00:00","og_image":[{"width":600,"height":600,"url":"https:\/\/www.gunmeplug.com\/wp-content\/uploads\/2021\/04\/taurus-g2c-9mm-12rd-3-2-pistol-1-g2c931-12.jpg","type":"image\/jpeg"}],"twitter_card":"summary_large_image","twitter_misc":{"Gesch\u00e4tzte Lesezeit":"2\u00a0Minuten"},"schema":{"@context":"https:\/\/schema.org","@graph":[{"@type":"WebPage","@id":"https:\/\/www.gunmeplug.com\/es\/producto\/taurus-g2c-9mm-12rd-3-2-pistol-1-g2c931-12\/","url":"https:\/\/www.gunmeplug.com\/es\/producto\/taurus-g2c-9mm-12rd-3-2-pistol-1-g2c931-12\/","name":"Taurus G2C 9mm Pistole, Taurus G2C zu verkaufen - 9MM 1-G2C931-12","isPartOf":{"@id":"https:\/\/www.gunmeplug.com\/#website"},"primaryImageOfPage":{"@id":"https:\/\/www.gunmeplug.com\/es\/producto\/taurus-g2c-9mm-12rd-3-2-pistol-1-g2c931-12\/#primaryimage"},"image":{"@id":"https:\/\/www.gunmeplug.com\/es\/producto\/taurus-g2c-9mm-12rd-3-2-pistol-1-g2c931-12\/#primaryimage"},"thumbnailUrl":"https:\/\/www.gunmeplug.com\/wp-content\/uploads\/2021\/04\/taurus-g2c-9mm-12rd-3-2-pistol-1-g2c931-12.jpg","datePublished":"2021-04-06T08:36:13+00:00","dateModified":"2024-10-22T13:36:13+00:00","description":"Taurus G2C 9mm Pistole, Taurus G2C For Sale - 9MM 1-G2C931-12 -725327616030, Sie k\u00f6nnen original registrierte Taurus G2C 9mm Pistole bei Gunmeplug kaufen.","breadcrumb":{"@id":"https:\/\/www.gunmeplug.com\/es\/producto\/taurus-g2c-9mm-12rd-3-2-pistol-1-g2c931-12\/#breadcrumb"},"inLanguage":"de","potentialAction":[{"@type":"ReadAction","target":["https:\/\/www.gunmeplug.com\/es\/producto\/taurus-g2c-9mm-12rd-3-2-pistol-1-g2c931-12\/"]}]},{"@type":"ImageObject","inLanguage":"de","@id":"https:\/\/www.gunmeplug.com\/es\/producto\/taurus-g2c-9mm-12rd-3-2-pistol-1-g2c931-12\/#primaryimage","url":"https:\/\/www.gunmeplug.com\/wp-content\/uploads\/2021\/04\/taurus-g2c-9mm-12rd-3-2-pistol-1-g2c931-12.jpg","contentUrl":"https:\/\/www.gunmeplug.com\/wp-content\/uploads\/2021\/04\/taurus-g2c-9mm-12rd-3-2-pistol-1-g2c931-12.jpg","width":600,"height":600,"caption":"Taurus G2C 9mm Pistol"},{"@type":"BreadcrumbList","@id":"https:\/\/www.gunmeplug.com\/es\/producto\/taurus-g2c-9mm-12rd-3-2-pistol-1-g2c931-12\/#breadcrumb","itemListElement":[{"@type":"ListItem","position":1,"name":"Home","item":"https:\/\/www.gunmeplug.com\/es\/"},{"@type":"ListItem","position":2,"name":"Shop","item":"https:\/\/www.gunmeplug.com\/es\/shop\/"},{"@type":"ListItem","position":3,"name":"Taurus G2C 9mm 12rd 3.2&#8243; Pistol 1-G2C931-12"}]},{"@type":"WebSite","@id":"https:\/\/www.gunmeplug.com\/#website","url":"https:\/\/www.gunmeplug.com\/","name":"Waffe online kaufen USA","description":"Feuerwaffen online zu verkaufen","potentialAction":[{"@type":"SearchAction","target":{"@type":"EntryPoint","urlTemplate":"https:\/\/www.gunmeplug.com\/?s={search_term_string}"},"query-input":{"@type":"PropertyValueSpecification","valueRequired":true,"valueName":"search_term_string"}}],"inLanguage":"de"}]}},"_links":{"self":[{"href":"https:\/\/www.gunmeplug.com\/de\/wp-json\/wp\/v2\/product\/3123","targetHints":{"allow":["GET"]}}],"collection":[{"href":"https:\/\/www.gunmeplug.com\/de\/wp-json\/wp\/v2\/product"}],"about":[{"href":"https:\/\/www.gunmeplug.com\/de\/wp-json\/wp\/v2\/types\/product"}],"wp:featuredmedia":[{"embeddable":true,"href":"https:\/\/www.gunmeplug.com\/de\/wp-json\/wp\/v2\/media\/3125"}],"wp:attachment":[{"href":"https:\/\/www.gunmeplug.com\/de\/wp-json\/wp\/v2\/media?parent=3123"}],"wp:term":[{"taxonomy":"product_brand","embeddable":true,"href":"https:\/\/www.gunmeplug.com\/de\/wp-json\/wp\/v2\/product_brand?post=3123"},{"taxonomy":"product_cat","embeddable":true,"href":"https:\/\/www.gunmeplug.com\/de\/wp-json\/wp\/v2\/product_cat?post=3123"},{"taxonomy":"product_tag","embeddable":true,"href":"https:\/\/www.gunmeplug.com\/de\/wp-json\/wp\/v2\/product_tag?post=3123"}],"curies":[{"name":"wp","href":"https:\/\/api.w.org\/{rel}","templated":true}]}}