{"id":3120,"date":"2021-04-06T08:34:13","date_gmt":"2021-04-06T08:34:13","guid":{"rendered":"https:\/\/www.gunmeplug.com\/?post_type=product&#038;p=3120"},"modified":"2025-08-23T03:24:42","modified_gmt":"2025-08-23T03:24:42","slug":"sig-sauer-p365-xl-9mm-12rd-3-7-pistol-365xl-9-bxr3","status":"publish","type":"product","link":"https:\/\/www.gunmeplug.com\/de\/produkt\/sig-sauer-p365-xl-9mm-12rd-3-7-pistol-365xl-9-bxr3\/","title":{"rendered":"Sig Sauer P365 XL 9mm 12rd 3.7&#8243; Pistol 365XL-9-BXR3"},"content":{"rendered":"<h1>Sig Sauer P365 XL 9mm 12rd 3.7&#8243; Pistol 365XL-9-BXR3<\/h1>\n<p>sig sauer handguns Die neue P365 High-Capacity Micro-Compact wird vorgestellt. Die revolution\u00e4re neue verdeckte Trageweise <a href=\"https:\/\/www.gunmeplug.com\/de\/produkt\/sig-sauer-p365-xl-9mm-12rd-3-7-pistol-365xl-9-bxr3\/\">Pistole<\/a> that gives you more capacity, more concealability and more capability. It\u2019s the one gun you can carry every day of the year.<\/p>\n<ul class=\"takelist\">\n<li class=\"takefeature\">XSeries P365 Griffmodul mit integriertem Carry Magwell und verl\u00e4ngertem Beavertail<\/li>\n<li class=\"takefeature\">Flachabzug mit 90-Grad-Break<\/li>\n<li class=\"takefeature\">Optic Ready Slide Kompatibel mit Romeo Zero und RMSc Optiken<\/li>\n<li>sig sauer handfeuerwaffen<\/li>\n<\/ul>\n<div class=\"takedescription\">\n<p>Die\u00a0<strong>Sig Sauer P320 XL XSeries 9mm Pistole<\/strong>\u00a0ist die ultimative Option f\u00fcr Ihre pers\u00f6nliche Verteidigung <a href=\"https:\/\/en.wikipedia.org\/wiki\/Gun#Military\">oder<\/a> verdeckte Trageweise\u00a0<strong>Pistole<\/strong>. Die hohe Kapazit\u00e4t der Mikro-Kompakt\u00a0<strong>Pistole<\/strong>\u00a0ist kleiner und leichter als andere\u00a0<strong>Pistolen<\/strong>\u00a0in seiner Klasse. Die\u00a0<strong>P365<\/strong>\u00a0ist ein mit St\u00fcrmer befeuerter\u00a0<strong>Pistole<\/strong>\u00a0mit dem sauberen, knackigen Abzug, den Sie von\u00a0<strong>SIG<\/strong>und verf\u00fcgt \u00fcber eine hohe Kapazit\u00e4t, patentierte modifizierte Double-Stack-Magazin f\u00fcr eine 12 + 1 Kapazit\u00e4t.<\/p>\n<\/div>\n<h2>FEATURES<\/h2>\n<p>The P365 XL redefines what a concealed-carry pistol should be and how it should be used. When it comes to carrying capacity, the P365 XL offers 12+1 or 15+1 in a micro-compact, exceptionally concealable package that retains the comfort and shootability of a full-size pistol. This model has a longer slide, a barrel that is 3.7 inches in length, and the new 365 XSeries grip module, which has an extended beavertail and an integrated magwell. The new slide and grip module adds only 1\/2&#8243; to the overall length and height of the P365 while boosting capacity to 12+1 9mm rounds, which is a significant improvement. P365 trigger pull is crisp and clean, yet the &#8220;X&#8221; distinctive flat profile trigger breaks at 90 degrees due to the flat profile trigger&#8217;s flat profile. The tiniest ever multi-tool with an incredible amount of versatility and capability.<\/p>","protected":false},"excerpt":{"rendered":"<p>Sig Sauer P365 XL 9mm 12rd 3.7&#8243; Pistol 365XL-9-BXR3 sig sauer handguns Introducing the game-changing P365 High-Capacity Micro-Compact. The revolutionary new concealed carry pistol that gives you more capacity, more concealability and more capability. It\u2019s the one gun you can carry every day of the year. XSeries P365 Grip Module with Integrated Carry Magwell and [&hellip;]<\/p>","protected":false},"featured_media":3121,"template":"","meta":{"_acf_changed":false,"_joinchat":[]},"product_brand":[],"product_cat":[130],"product_tag":[244,247,241,246,245,248,243,242],"class_list":{"0":"post-3120","1":"product","2":"type-product","3":"status-publish","4":"has-post-thumbnail","6":"product_cat-handguns","7":"product_tag-sig-sauer-9mm-pistol-prices","8":"product_tag-sig-sauer-handguns","9":"product_tag-sig-sauer-p365-9mm-pistol-for-sale","10":"product_tag-sig-sauer-p365-sas","11":"product_tag-sig-sauer-p365-sas-for-sale","12":"product_tag-sig-sauer-p365-xl-clearance-sales","13":"product_tag-sig-sauer-p365-xl-for-sale","14":"product_tag-sig-sauer-p365xl-best-price","16":"first","17":"instock","18":"sale","19":"featured","20":"shipping-taxable","21":"purchasable","22":"product-type-simple"},"acf":[],"yoast_head":"<!-- This site is optimized with the Yoast SEO plugin v26.3 - https:\/\/yoast.com\/wordpress\/plugins\/seo\/ -->\n<title>sig sauer handguns, P365 XL - Pistols - Sig Sauer, sig sauer firearm USA<\/title>\n<meta name=\"description\" content=\"sig sauer handguns. Sig Sauer P365XL 9MM 3.7&quot; 12Rd Black. The P365 redefined what a concealed-carry pistol you can buy from Gunmeplug.com\" \/>\n<meta name=\"robots\" content=\"index, follow, max-snippet:-1, max-image-preview:large, max-video-preview:-1\" \/>\n<link rel=\"canonical\" href=\"https:\/\/www.gunmeplug.com\/de\/produkt\/sig-sauer-p365-xl-9mm-12rd-3-7-pistol-365xl-9-bxr3\/\" \/>\n<meta property=\"og:locale\" content=\"de_DE\" \/>\n<meta property=\"og:type\" content=\"article\" \/>\n<meta property=\"og:title\" content=\"sig sauer handguns, P365 XL - Pistols - Sig Sauer, sig sauer firearm USA\" \/>\n<meta property=\"og:description\" content=\"sig sauer handguns. Sig Sauer P365XL 9MM 3.7&quot; 12Rd Black. The P365 redefined what a concealed-carry pistol you can buy from Gunmeplug.com\" \/>\n<meta property=\"og:url\" content=\"https:\/\/www.gunmeplug.com\/de\/produkt\/sig-sauer-p365-xl-9mm-12rd-3-7-pistol-365xl-9-bxr3\/\" \/>\n<meta property=\"og:site_name\" content=\"Buy gun online USA\" \/>\n<meta property=\"article:modified_time\" content=\"2025-08-23T03:24:42+00:00\" \/>\n<meta property=\"og:image\" content=\"https:\/\/www.gunmeplug.com\/wp-content\/uploads\/2021\/04\/sig-sauer-p365-xl-365xl9bxr3.jpg\" \/>\n\t<meta property=\"og:image:width\" content=\"600\" \/>\n\t<meta property=\"og:image:height\" content=\"600\" \/>\n\t<meta property=\"og:image:type\" content=\"image\/jpeg\" \/>\n<meta name=\"twitter:card\" content=\"summary_large_image\" \/>\n<meta name=\"twitter:label1\" content=\"Gesch\u00e4tzte Lesezeit\" \/>\n\t<meta name=\"twitter:data1\" content=\"2\u00a0Minuten\" \/>\n<script type=\"application\/ld+json\" class=\"yoast-schema-graph\">{\"@context\":\"https:\/\/schema.org\",\"@graph\":[{\"@type\":\"WebPage\",\"@id\":\"https:\/\/www.gunmeplug.com\/product\/sig-sauer-p365-xl-9mm-12rd-3-7-pistol-365xl-9-bxr3\/\",\"url\":\"https:\/\/www.gunmeplug.com\/product\/sig-sauer-p365-xl-9mm-12rd-3-7-pistol-365xl-9-bxr3\/\",\"name\":\"sig sauer handguns, P365 XL - Pistols - Sig Sauer, sig sauer firearm USA\",\"isPartOf\":{\"@id\":\"https:\/\/www.gunmeplug.com\/#website\"},\"primaryImageOfPage\":{\"@id\":\"https:\/\/www.gunmeplug.com\/product\/sig-sauer-p365-xl-9mm-12rd-3-7-pistol-365xl-9-bxr3\/#primaryimage\"},\"image\":{\"@id\":\"https:\/\/www.gunmeplug.com\/product\/sig-sauer-p365-xl-9mm-12rd-3-7-pistol-365xl-9-bxr3\/#primaryimage\"},\"thumbnailUrl\":\"https:\/\/www.gunmeplug.com\/wp-content\/uploads\/2021\/04\/sig-sauer-p365-xl-365xl9bxr3.jpg\",\"datePublished\":\"2021-04-06T08:34:13+00:00\",\"dateModified\":\"2025-08-23T03:24:42+00:00\",\"description\":\"sig sauer handguns. Sig Sauer P365XL 9MM 3.7\\\" 12Rd Black. The P365 redefined what a concealed-carry pistol you can buy from Gunmeplug.com\",\"breadcrumb\":{\"@id\":\"https:\/\/www.gunmeplug.com\/product\/sig-sauer-p365-xl-9mm-12rd-3-7-pistol-365xl-9-bxr3\/#breadcrumb\"},\"inLanguage\":\"de\",\"potentialAction\":[{\"@type\":\"ReadAction\",\"target\":[\"https:\/\/www.gunmeplug.com\/product\/sig-sauer-p365-xl-9mm-12rd-3-7-pistol-365xl-9-bxr3\/\"]}]},{\"@type\":\"ImageObject\",\"inLanguage\":\"de\",\"@id\":\"https:\/\/www.gunmeplug.com\/product\/sig-sauer-p365-xl-9mm-12rd-3-7-pistol-365xl-9-bxr3\/#primaryimage\",\"url\":\"https:\/\/www.gunmeplug.com\/wp-content\/uploads\/2021\/04\/sig-sauer-p365-xl-365xl9bxr3.jpg\",\"contentUrl\":\"https:\/\/www.gunmeplug.com\/wp-content\/uploads\/2021\/04\/sig-sauer-p365-xl-365xl9bxr3.jpg\",\"width\":600,\"height\":600,\"caption\":\"sig sauer handguns\"},{\"@type\":\"BreadcrumbList\",\"@id\":\"https:\/\/www.gunmeplug.com\/product\/sig-sauer-p365-xl-9mm-12rd-3-7-pistol-365xl-9-bxr3\/#breadcrumb\",\"itemListElement\":[{\"@type\":\"ListItem\",\"position\":1,\"name\":\"Home\",\"item\":\"https:\/\/www.gunmeplug.com\/es\/\"},{\"@type\":\"ListItem\",\"position\":2,\"name\":\"Shop\",\"item\":\"https:\/\/www.gunmeplug.com\/es\/shop\/\"},{\"@type\":\"ListItem\",\"position\":3,\"name\":\"Sig Sauer P365 XL 9mm 12rd 3.7&#8243; Pistol 365XL-9-BXR3\"}]},{\"@type\":\"WebSite\",\"@id\":\"https:\/\/www.gunmeplug.com\/#website\",\"url\":\"https:\/\/www.gunmeplug.com\/\",\"name\":\"Buy gun online USA\",\"description\":\"FireArms for sale online \",\"potentialAction\":[{\"@type\":\"SearchAction\",\"target\":{\"@type\":\"EntryPoint\",\"urlTemplate\":\"https:\/\/www.gunmeplug.com\/?s={search_term_string}\"},\"query-input\":{\"@type\":\"PropertyValueSpecification\",\"valueRequired\":true,\"valueName\":\"search_term_string\"}}],\"inLanguage\":\"de\"}]}<\/script>\n<!-- \/ Yoast SEO plugin. -->","yoast_head_json":{"title":"sig sauer handfeuerwaffen, P365 XL - Pistolen - Sig Sauer, sig sauer schusswaffe USA","description":"sig sauer handfeuerwaffen. Sig Sauer P365XL 9MM 3.7\" 12Rd Schwarz. Die P365 neu definiert, was eine verdeckte Trage Pistole k\u00f6nnen Sie von Gunmeplug.com kaufen","robots":{"index":"index","follow":"follow","max-snippet":"max-snippet:-1","max-image-preview":"max-image-preview:large","max-video-preview":"max-video-preview:-1"},"canonical":"https:\/\/www.gunmeplug.com\/de\/produkt\/sig-sauer-p365-xl-9mm-12rd-3-7-pistol-365xl-9-bxr3\/","og_locale":"de_DE","og_type":"article","og_title":"sig sauer handguns, P365 XL - Pistols - Sig Sauer, sig sauer firearm USA","og_description":"sig sauer handguns. Sig Sauer P365XL 9MM 3.7\" 12Rd Black. The P365 redefined what a concealed-carry pistol you can buy from Gunmeplug.com","og_url":"https:\/\/www.gunmeplug.com\/de\/produkt\/sig-sauer-p365-xl-9mm-12rd-3-7-pistol-365xl-9-bxr3\/","og_site_name":"Buy gun online USA","article_modified_time":"2025-08-23T03:24:42+00:00","og_image":[{"width":600,"height":600,"url":"https:\/\/www.gunmeplug.com\/wp-content\/uploads\/2021\/04\/sig-sauer-p365-xl-365xl9bxr3.jpg","type":"image\/jpeg"}],"twitter_card":"summary_large_image","twitter_misc":{"Gesch\u00e4tzte Lesezeit":"2\u00a0Minuten"},"schema":{"@context":"https:\/\/schema.org","@graph":[{"@type":"WebPage","@id":"https:\/\/www.gunmeplug.com\/product\/sig-sauer-p365-xl-9mm-12rd-3-7-pistol-365xl-9-bxr3\/","url":"https:\/\/www.gunmeplug.com\/product\/sig-sauer-p365-xl-9mm-12rd-3-7-pistol-365xl-9-bxr3\/","name":"sig sauer handfeuerwaffen, P365 XL - Pistolen - Sig Sauer, sig sauer schusswaffe USA","isPartOf":{"@id":"https:\/\/www.gunmeplug.com\/#website"},"primaryImageOfPage":{"@id":"https:\/\/www.gunmeplug.com\/product\/sig-sauer-p365-xl-9mm-12rd-3-7-pistol-365xl-9-bxr3\/#primaryimage"},"image":{"@id":"https:\/\/www.gunmeplug.com\/product\/sig-sauer-p365-xl-9mm-12rd-3-7-pistol-365xl-9-bxr3\/#primaryimage"},"thumbnailUrl":"https:\/\/www.gunmeplug.com\/wp-content\/uploads\/2021\/04\/sig-sauer-p365-xl-365xl9bxr3.jpg","datePublished":"2021-04-06T08:34:13+00:00","dateModified":"2025-08-23T03:24:42+00:00","description":"sig sauer handfeuerwaffen. Sig Sauer P365XL 9MM 3.7\" 12Rd Schwarz. Die P365 neu definiert, was eine verdeckte Trage Pistole k\u00f6nnen Sie von Gunmeplug.com kaufen","breadcrumb":{"@id":"https:\/\/www.gunmeplug.com\/product\/sig-sauer-p365-xl-9mm-12rd-3-7-pistol-365xl-9-bxr3\/#breadcrumb"},"inLanguage":"de","potentialAction":[{"@type":"ReadAction","target":["https:\/\/www.gunmeplug.com\/product\/sig-sauer-p365-xl-9mm-12rd-3-7-pistol-365xl-9-bxr3\/"]}]},{"@type":"ImageObject","inLanguage":"de","@id":"https:\/\/www.gunmeplug.com\/product\/sig-sauer-p365-xl-9mm-12rd-3-7-pistol-365xl-9-bxr3\/#primaryimage","url":"https:\/\/www.gunmeplug.com\/wp-content\/uploads\/2021\/04\/sig-sauer-p365-xl-365xl9bxr3.jpg","contentUrl":"https:\/\/www.gunmeplug.com\/wp-content\/uploads\/2021\/04\/sig-sauer-p365-xl-365xl9bxr3.jpg","width":600,"height":600,"caption":"sig sauer handguns"},{"@type":"BreadcrumbList","@id":"https:\/\/www.gunmeplug.com\/product\/sig-sauer-p365-xl-9mm-12rd-3-7-pistol-365xl-9-bxr3\/#breadcrumb","itemListElement":[{"@type":"ListItem","position":1,"name":"Home","item":"https:\/\/www.gunmeplug.com\/es\/"},{"@type":"ListItem","position":2,"name":"Shop","item":"https:\/\/www.gunmeplug.com\/es\/shop\/"},{"@type":"ListItem","position":3,"name":"Sig Sauer P365 XL 9mm 12rd 3.7&#8243; Pistol 365XL-9-BXR3"}]},{"@type":"WebSite","@id":"https:\/\/www.gunmeplug.com\/#website","url":"https:\/\/www.gunmeplug.com\/","name":"Waffe online kaufen USA","description":"Feuerwaffen online zu verkaufen","potentialAction":[{"@type":"SearchAction","target":{"@type":"EntryPoint","urlTemplate":"https:\/\/www.gunmeplug.com\/?s={search_term_string}"},"query-input":{"@type":"PropertyValueSpecification","valueRequired":true,"valueName":"search_term_string"}}],"inLanguage":"de"}]}},"_links":{"self":[{"href":"https:\/\/www.gunmeplug.com\/de\/wp-json\/wp\/v2\/product\/3120","targetHints":{"allow":["GET"]}}],"collection":[{"href":"https:\/\/www.gunmeplug.com\/de\/wp-json\/wp\/v2\/product"}],"about":[{"href":"https:\/\/www.gunmeplug.com\/de\/wp-json\/wp\/v2\/types\/product"}],"wp:featuredmedia":[{"embeddable":true,"href":"https:\/\/www.gunmeplug.com\/de\/wp-json\/wp\/v2\/media\/3121"}],"wp:attachment":[{"href":"https:\/\/www.gunmeplug.com\/de\/wp-json\/wp\/v2\/media?parent=3120"}],"wp:term":[{"taxonomy":"product_brand","embeddable":true,"href":"https:\/\/www.gunmeplug.com\/de\/wp-json\/wp\/v2\/product_brand?post=3120"},{"taxonomy":"product_cat","embeddable":true,"href":"https:\/\/www.gunmeplug.com\/de\/wp-json\/wp\/v2\/product_cat?post=3120"},{"taxonomy":"product_tag","embeddable":true,"href":"https:\/\/www.gunmeplug.com\/de\/wp-json\/wp\/v2\/product_tag?post=3120"}],"curies":[{"name":"wp","href":"https:\/\/api.w.org\/{rel}","templated":true}]}}