{"id":3111,"date":"2021-04-06T08:26:49","date_gmt":"2021-04-06T08:26:49","guid":{"rendered":"https:\/\/www.gunmeplug.com\/?post_type=product&#038;p=3111"},"modified":"2024-03-02T20:36:24","modified_gmt":"2024-03-02T20:36:24","slug":"ruger-57-5-7x28mm-pistol-16401-201-4-94","status":"publish","type":"product","link":"https:\/\/www.gunmeplug.com\/de\/produkt\/ruger-57-5-7x28mm-pistol-16401-201-4-94\/","title":{"rendered":"Ruger-57 5.7x28mm Pistol 16401 20+1 4.94&#8243;"},"content":{"rendered":"<h1>Ruger-57 5.7x28mm Pistol 16401 20+1 4.94&#8243;<\/h1>\n<p>Ruger 57 for Sale 5.7X28mm, Die Ruger-57TM ist eine bahnbrechende Halbautomatikpistole mit einem 5.7x28mm Patronenlager. Ruger hat die hohe Geschwindigkeit, niedrige R\u00fccksto\u00df 57 in den H\u00e4nden des durchschnittlichen Verbrauchers ohne Abstriche bei der Qualit\u00e4t, Ergonomie, oder Funktion. Die Ruger-57TM verf\u00fcgt \u00fcber einen leicht erreichbaren Abzug, eine beidh\u00e4ndig bedienbare manuelle Sicherung im Stil der 1911 und ein umkehrbares Magazin. <a href=\"https:\/\/www.gunmeplug.com\/de\/produkt\/ruger-57-5-7x28mm-pistol-16401-201-4-94\/\">freigeben<\/a> latch. The hardened billet steel slide includes lightening cuts to lessen felt recoil and is optic ready with an adapter sold separately. A fiber optic front sight with a windage and elevation adjustable serrated rear sight allow for quick and accurate target acquisition. The Ruger-57\u2122 truly is fun to shoot and cool to own.<\/p>\n<p>&nbsp;<\/p>\n<p><strong>FEATURES<\/strong><\/p>\n<div id=\"description\" class=\"data item content\">\n<div class=\"product attribute description\">\n<div class=\"value\">\n<div data-content-type=\"row\" data-appearance=\"contained\" data-element=\"main\">\n<div data-enable-parallax=\"0\" data-parallax-speed=\"0.5\" data-background-images=\"{}\" data-video-fallback-src=\"\" data-element=\"inner\">\n<div data-content-type=\"text\" data-appearance=\"default\" data-element=\"main\">\n<ul>\n<li>Ruger Secure Action\u2122 fire control system<\/li>\n<li>1911-Stil beidh\u00e4ndige manuelle Sicherung<\/li>\n<li>Umkehrbarer Magazinausl\u00f6ser<\/li>\n<li>Schlitten aus Billet-Stahl mit schwarzer Oxidschicht<\/li>\n<li>Picatinny-Zubeh\u00f6rschiene zur Montage von Lampen und Lasern<\/li>\n<li>Inspektions\u00f6ffnung zur visuellen Best\u00e4tigung einer geladenen oder leeren Kammer<\/li>\n<li>Einfache Demontage ohne zus\u00e4tzliches Werkzeug<\/li>\n<li>Strukturierter Hochleistungs-Griffrahmen aus glasgef\u00fclltem Nylon<\/li>\n<li>Inklusive zwei 20 Runden Stahlmagazine<\/li>\n<\/ul>\n<h4>SPEZIFIKATIONEN<\/h4>\n<ul class=\"small-specs\">\n<li>Kaliber: 5,7x28mm<\/li>\n<li>Kapazit\u00e4t: 20+1<\/li>\n<li>Griffrahmen: Hochleistungsf\u00e4higes, glasgef\u00fclltes Nylon<\/li>\n<li>L\u00e4nge des Laufs:\u00a0<span class=\"measureI\">4.94&#8243;<\/span><\/li>\n<li>Gesamtl\u00e4nge;\u00a0<span class=\"measureI\">8.65&#8243;<\/span><\/li>\n<li>Material des Laufs: Legierter Stahl<\/li>\n<li>Barrel Finish: <a href=\"https:\/\/en.wikipedia.org\/wiki\/Gun#Military\">Schwarz<\/a> Nitrid<\/li>\n<li>Vorderes Visier: Glasfaser-Optik<\/li>\n<li>Hinteres Visier: Einstellbar<\/li>\n<li>Material des Schlittens: Legierter Stahl<\/li>\n<li>Schlittenoberfl\u00e4che: Schwarzes Oxid<\/li>\n<li>Gewicht:\u00a0<span class=\"measureI\">24.5\u00a0oz.<\/span><\/li>\n<li>Breite des Schlittens:\u00a0<span class=\"measureI\">1.20&#8243;<\/span><\/li>\n<li>H\u00f6he:\u00a0<span class=\"measureI\">5.60&#8243;<\/span><\/li>\n<li>Rillen: 8<\/li>\n<li>Twist: 1:9&#8243; RH<\/li>\n<li>Verf\u00fcgbar in CA: Nein<\/li>\n<li>Verf\u00fcgbar in MA: Nein<\/li>\n<\/ul>\n<\/div>\n<\/div>\n<\/div>\n<\/div>\n<\/div>\n<\/div>\n<div id=\"additional\" class=\"content-title\">MEHR INFORMATIONEN<\/div>\n<div id=\"additional\" class=\"data item content\">\n<div class=\"additional-attributes-wrapper table-wrapper\">\n<table id=\"product-attribute-specs-table\" class=\"data table additional-attributes\">\n<caption class=\"table-caption\">Mehr Informationen<\/caption>\n<tbody>\n<tr>\n<th class=\"col label\" scope=\"row\">Produktname<\/th>\n<td class=\"col data\" data-th=\"Product Name\">Ruger-57 Semi-Auto Pistol 5.7x28mm 4.94&#8243; Barrel 20+1 16401<\/td>\n<\/tr>\n<tr>\n<th class=\"col label\" scope=\"row\">Marke<\/th>\n<td class=\"col data\" data-th=\"Brand\">R\u00fcger<\/td>\n<\/tr>\n<tr>\n<th class=\"col label\" scope=\"row\">Kaliber<\/th>\n<td class=\"col data\" data-th=\"Caliber\">5.7X28mm<\/td>\n<\/tr>\n<tr>\n<th class=\"col label\" scope=\"row\">Aktion<\/th>\n<td class=\"col data\" data-th=\"Action\">Interner Hammer<\/td>\n<\/tr>\n<tr>\n<th class=\"col label\" scope=\"row\">Trommel<\/th>\n<td class=\"col data\" data-th=\"Barrel\">3.00&#8243; &#8211; 5.99&#8243;<\/td>\n<\/tr>\n<\/tbody>\n<\/table>\n<\/div>\n<\/div>","protected":false},"excerpt":{"rendered":"<p>Ruger-57 5.7x28mm Pistol 16401 20+1 4.94&#8243; Ruger 57 for Sale 5.7X28mm, The Ruger-57TM is a game-changing semi-auto pistol with a 5.7x28mm chambering. Ruger has put the high velocity, low-recoiling 57 in the hands of the average consumer without sacrificing quality, ergonomics, or function. The Ruger-57TM has an easy-to-reach trigger, an ambidextrous manual safety in the [&hellip;]<\/p>","protected":false},"featured_media":3112,"template":"","meta":{"_acf_changed":false,"_joinchat":[]},"product_brand":[],"product_cat":[130],"product_tag":[264,262,260,261,263],"class_list":{"0":"post-3111","1":"product","2":"type-product","3":"status-publish","4":"has-post-thumbnail","6":"product_cat-handguns","7":"product_tag-ruger-5-7-for-sale","8":"product_tag-ruger-57-5-7x28-for-sale","9":"product_tag-ruger-57-in-stock-sale","10":"product_tag-ruger-57-pistol-for-cheap","11":"product_tag-ruger-model-57-for-sale","13":"first","14":"instock","15":"sale","16":"shipping-taxable","17":"purchasable","18":"product-type-simple"},"acf":[],"yoast_head":"<!-- This site is optimized with the Yoast SEO plugin v26.3 - https:\/\/yoast.com\/wordpress\/plugins\/seo\/ -->\n<title>Ruger 57 for Sale 5.7X28mm - Buy gun online USA<\/title>\n<meta name=\"description\" content=\"Ruger 57 for Sale 5.7X28mm, Ruger Model 57 Pistol for sale : Up for sale is a like new in the box Ruger model 57 \u201cFIVE SEVEN\u201d semi automatic target\/tactical pistol.\" \/>\n<meta name=\"robots\" content=\"index, follow, max-snippet:-1, max-image-preview:large, max-video-preview:-1\" \/>\n<link rel=\"canonical\" href=\"https:\/\/www.gunmeplug.com\/de\/produkt\/ruger-57-5-7x28mm-pistol-16401-201-4-94\/\" \/>\n<meta property=\"og:locale\" content=\"de_DE\" \/>\n<meta property=\"og:type\" content=\"article\" \/>\n<meta property=\"og:title\" content=\"Ruger 57 for Sale 5.7X28mm - Buy gun online USA\" \/>\n<meta property=\"og:description\" content=\"Ruger 57 for Sale 5.7X28mm, Ruger Model 57 Pistol for sale : Up for sale is a like new in the box Ruger model 57 \u201cFIVE SEVEN\u201d semi automatic target\/tactical pistol.\" \/>\n<meta property=\"og:url\" content=\"https:\/\/www.gunmeplug.com\/de\/produkt\/ruger-57-5-7x28mm-pistol-16401-201-4-94\/\" \/>\n<meta property=\"og:site_name\" content=\"Buy gun online USA\" \/>\n<meta property=\"article:modified_time\" content=\"2024-03-02T20:36:24+00:00\" \/>\n<meta property=\"og:image\" content=\"https:\/\/www.gunmeplug.com\/wp-content\/uploads\/2021\/04\/ruger-57-5-7x28mm-16401-1.jpg\" \/>\n\t<meta property=\"og:image:width\" content=\"600\" \/>\n\t<meta property=\"og:image:height\" content=\"600\" \/>\n\t<meta property=\"og:image:type\" content=\"image\/jpeg\" \/>\n<meta name=\"twitter:card\" content=\"summary_large_image\" \/>\n<meta name=\"twitter:label1\" content=\"Gesch\u00e4tzte Lesezeit\" \/>\n\t<meta name=\"twitter:data1\" content=\"1\u00a0Minute\" \/>\n<script type=\"application\/ld+json\" class=\"yoast-schema-graph\">{\"@context\":\"https:\/\/schema.org\",\"@graph\":[{\"@type\":\"WebPage\",\"@id\":\"https:\/\/www.gunmeplug.com\/nl\/product\/ruger-57-5-7x28mm-pistol-16401-201-4-94\/\",\"url\":\"https:\/\/www.gunmeplug.com\/nl\/product\/ruger-57-5-7x28mm-pistol-16401-201-4-94\/\",\"name\":\"Ruger 57 for Sale 5.7X28mm - Buy gun online USA\",\"isPartOf\":{\"@id\":\"https:\/\/www.gunmeplug.com\/#website\"},\"primaryImageOfPage\":{\"@id\":\"https:\/\/www.gunmeplug.com\/nl\/product\/ruger-57-5-7x28mm-pistol-16401-201-4-94\/#primaryimage\"},\"image\":{\"@id\":\"https:\/\/www.gunmeplug.com\/nl\/product\/ruger-57-5-7x28mm-pistol-16401-201-4-94\/#primaryimage\"},\"thumbnailUrl\":\"https:\/\/www.gunmeplug.com\/wp-content\/uploads\/2021\/04\/ruger-57-5-7x28mm-16401-1.jpg\",\"datePublished\":\"2021-04-06T08:26:49+00:00\",\"dateModified\":\"2024-03-02T20:36:24+00:00\",\"description\":\"Ruger 57 for Sale 5.7X28mm, Ruger Model 57 Pistol for sale : Up for sale is a like new in the box Ruger model 57 \u201cFIVE SEVEN\u201d semi automatic target\/tactical pistol.\",\"breadcrumb\":{\"@id\":\"https:\/\/www.gunmeplug.com\/nl\/product\/ruger-57-5-7x28mm-pistol-16401-201-4-94\/#breadcrumb\"},\"inLanguage\":\"de\",\"potentialAction\":[{\"@type\":\"ReadAction\",\"target\":[\"https:\/\/www.gunmeplug.com\/nl\/product\/ruger-57-5-7x28mm-pistol-16401-201-4-94\/\"]}]},{\"@type\":\"ImageObject\",\"inLanguage\":\"de\",\"@id\":\"https:\/\/www.gunmeplug.com\/nl\/product\/ruger-57-5-7x28mm-pistol-16401-201-4-94\/#primaryimage\",\"url\":\"https:\/\/www.gunmeplug.com\/wp-content\/uploads\/2021\/04\/ruger-57-5-7x28mm-16401-1.jpg\",\"contentUrl\":\"https:\/\/www.gunmeplug.com\/wp-content\/uploads\/2021\/04\/ruger-57-5-7x28mm-16401-1.jpg\",\"width\":600,\"height\":600,\"caption\":\"Ruger 57 for Sale 5.7X28mm\"},{\"@type\":\"BreadcrumbList\",\"@id\":\"https:\/\/www.gunmeplug.com\/nl\/product\/ruger-57-5-7x28mm-pistol-16401-201-4-94\/#breadcrumb\",\"itemListElement\":[{\"@type\":\"ListItem\",\"position\":1,\"name\":\"Home\",\"item\":\"https:\/\/www.gunmeplug.com\/es\/\"},{\"@type\":\"ListItem\",\"position\":2,\"name\":\"Shop\",\"item\":\"https:\/\/www.gunmeplug.com\/es\/shop\/\"},{\"@type\":\"ListItem\",\"position\":3,\"name\":\"Ruger-57 5.7x28mm Pistol 16401 20+1 4.94&#8243;\"}]},{\"@type\":\"WebSite\",\"@id\":\"https:\/\/www.gunmeplug.com\/#website\",\"url\":\"https:\/\/www.gunmeplug.com\/\",\"name\":\"Buy gun online USA\",\"description\":\"FireArms for sale online \",\"potentialAction\":[{\"@type\":\"SearchAction\",\"target\":{\"@type\":\"EntryPoint\",\"urlTemplate\":\"https:\/\/www.gunmeplug.com\/?s={search_term_string}\"},\"query-input\":{\"@type\":\"PropertyValueSpecification\",\"valueRequired\":true,\"valueName\":\"search_term_string\"}}],\"inLanguage\":\"de\"}]}<\/script>\n<!-- \/ Yoast SEO plugin. -->","yoast_head_json":{"title":"Ruger 57 zu verkaufen 5.7X28mm - Waffe online kaufen USA","description":"Ruger 57 for Sale 5.7X28mm, Ruger Model 57 Pistol for sale : Up for sale is a like new in the box Ruger model 57 \u201cFIVE SEVEN\u201d semi automatic target\/tactical pistol.","robots":{"index":"index","follow":"follow","max-snippet":"max-snippet:-1","max-image-preview":"max-image-preview:large","max-video-preview":"max-video-preview:-1"},"canonical":"https:\/\/www.gunmeplug.com\/de\/produkt\/ruger-57-5-7x28mm-pistol-16401-201-4-94\/","og_locale":"de_DE","og_type":"article","og_title":"Ruger 57 for Sale 5.7X28mm - Buy gun online USA","og_description":"Ruger 57 for Sale 5.7X28mm, Ruger Model 57 Pistol for sale : Up for sale is a like new in the box Ruger model 57 \u201cFIVE SEVEN\u201d semi automatic target\/tactical pistol.","og_url":"https:\/\/www.gunmeplug.com\/de\/produkt\/ruger-57-5-7x28mm-pistol-16401-201-4-94\/","og_site_name":"Buy gun online USA","article_modified_time":"2024-03-02T20:36:24+00:00","og_image":[{"width":600,"height":600,"url":"https:\/\/www.gunmeplug.com\/wp-content\/uploads\/2021\/04\/ruger-57-5-7x28mm-16401-1.jpg","type":"image\/jpeg"}],"twitter_card":"summary_large_image","twitter_misc":{"Gesch\u00e4tzte Lesezeit":"1\u00a0Minute"},"schema":{"@context":"https:\/\/schema.org","@graph":[{"@type":"WebPage","@id":"https:\/\/www.gunmeplug.com\/nl\/product\/ruger-57-5-7x28mm-pistol-16401-201-4-94\/","url":"https:\/\/www.gunmeplug.com\/nl\/product\/ruger-57-5-7x28mm-pistol-16401-201-4-94\/","name":"Ruger 57 zu verkaufen 5.7X28mm - Waffe online kaufen USA","isPartOf":{"@id":"https:\/\/www.gunmeplug.com\/#website"},"primaryImageOfPage":{"@id":"https:\/\/www.gunmeplug.com\/nl\/product\/ruger-57-5-7x28mm-pistol-16401-201-4-94\/#primaryimage"},"image":{"@id":"https:\/\/www.gunmeplug.com\/nl\/product\/ruger-57-5-7x28mm-pistol-16401-201-4-94\/#primaryimage"},"thumbnailUrl":"https:\/\/www.gunmeplug.com\/wp-content\/uploads\/2021\/04\/ruger-57-5-7x28mm-16401-1.jpg","datePublished":"2021-04-06T08:26:49+00:00","dateModified":"2024-03-02T20:36:24+00:00","description":"Ruger 57 for Sale 5.7X28mm, Ruger Model 57 Pistol for sale : Up for sale is a like new in the box Ruger model 57 \u201cFIVE SEVEN\u201d semi automatic target\/tactical pistol.","breadcrumb":{"@id":"https:\/\/www.gunmeplug.com\/nl\/product\/ruger-57-5-7x28mm-pistol-16401-201-4-94\/#breadcrumb"},"inLanguage":"de","potentialAction":[{"@type":"ReadAction","target":["https:\/\/www.gunmeplug.com\/nl\/product\/ruger-57-5-7x28mm-pistol-16401-201-4-94\/"]}]},{"@type":"ImageObject","inLanguage":"de","@id":"https:\/\/www.gunmeplug.com\/nl\/product\/ruger-57-5-7x28mm-pistol-16401-201-4-94\/#primaryimage","url":"https:\/\/www.gunmeplug.com\/wp-content\/uploads\/2021\/04\/ruger-57-5-7x28mm-16401-1.jpg","contentUrl":"https:\/\/www.gunmeplug.com\/wp-content\/uploads\/2021\/04\/ruger-57-5-7x28mm-16401-1.jpg","width":600,"height":600,"caption":"Ruger 57 for Sale 5.7X28mm"},{"@type":"BreadcrumbList","@id":"https:\/\/www.gunmeplug.com\/nl\/product\/ruger-57-5-7x28mm-pistol-16401-201-4-94\/#breadcrumb","itemListElement":[{"@type":"ListItem","position":1,"name":"Home","item":"https:\/\/www.gunmeplug.com\/es\/"},{"@type":"ListItem","position":2,"name":"Shop","item":"https:\/\/www.gunmeplug.com\/es\/shop\/"},{"@type":"ListItem","position":3,"name":"Ruger-57 5.7x28mm Pistol 16401 20+1 4.94&#8243;"}]},{"@type":"WebSite","@id":"https:\/\/www.gunmeplug.com\/#website","url":"https:\/\/www.gunmeplug.com\/","name":"Waffe online kaufen USA","description":"Feuerwaffen online zu verkaufen","potentialAction":[{"@type":"SearchAction","target":{"@type":"EntryPoint","urlTemplate":"https:\/\/www.gunmeplug.com\/?s={search_term_string}"},"query-input":{"@type":"PropertyValueSpecification","valueRequired":true,"valueName":"search_term_string"}}],"inLanguage":"de"}]}},"_links":{"self":[{"href":"https:\/\/www.gunmeplug.com\/de\/wp-json\/wp\/v2\/product\/3111","targetHints":{"allow":["GET"]}}],"collection":[{"href":"https:\/\/www.gunmeplug.com\/de\/wp-json\/wp\/v2\/product"}],"about":[{"href":"https:\/\/www.gunmeplug.com\/de\/wp-json\/wp\/v2\/types\/product"}],"wp:featuredmedia":[{"embeddable":true,"href":"https:\/\/www.gunmeplug.com\/de\/wp-json\/wp\/v2\/media\/3112"}],"wp:attachment":[{"href":"https:\/\/www.gunmeplug.com\/de\/wp-json\/wp\/v2\/media?parent=3111"}],"wp:term":[{"taxonomy":"product_brand","embeddable":true,"href":"https:\/\/www.gunmeplug.com\/de\/wp-json\/wp\/v2\/product_brand?post=3111"},{"taxonomy":"product_cat","embeddable":true,"href":"https:\/\/www.gunmeplug.com\/de\/wp-json\/wp\/v2\/product_cat?post=3111"},{"taxonomy":"product_tag","embeddable":true,"href":"https:\/\/www.gunmeplug.com\/de\/wp-json\/wp\/v2\/product_tag?post=3111"}],"curies":[{"name":"wp","href":"https:\/\/api.w.org\/{rel}","templated":true}]}}