{"id":3246,"date":"2022-03-09T11:00:08","date_gmt":"2022-03-09T11:00:08","guid":{"rendered":"https:\/\/www.gunmeplug.com\/?page_id=3246"},"modified":"2022-03-09T11:00:08","modified_gmt":"2022-03-09T11:00:08","slug":"faqs","status":"publish","type":"page","link":"https:\/\/www.gunmeplug.com\/de\/faqs\/","title":{"rendered":"H\u00e4ufig gestellte Fragen"},"content":{"rendered":"<div class=\"vc_row wpb_row vc_row-fluid\"><div class=\"wpb_column vc_column_container vc_col-sm-12\"><div class=\"vc_column-inner\"><div class=\"wpb_wrapper\"><div  class=\"vc_toggle vc_toggle_round vc_toggle_color_default  vc_toggle_size_md\"><div class=\"vc_toggle_title\"><h4>1. Wo finde ich Gunmeplug? Was ist ihre Telefonnummer?<\/h4><i class=\"vc_toggle_icon\"><\/i><\/div><div class=\"vc_toggle_content\"><p>Die Shop-Locator-Funktion auf der Gunmeplug-Website hilft Ihnen, Standorte in der N\u00e4he und Kontaktinformationen f\u00fcr solche Gesch\u00e4fte zu finden.<\/p>\n<\/div><\/div><div  class=\"vc_toggle vc_toggle_round vc_toggle_color_default  vc_toggle_size_md\"><div class=\"vc_toggle_title\"><h4>2. Gibt es eine Option, eine Waffe bei Gunmeplug.com zu kaufen und sie an mein lokales Gesch\u00e4ft liefern zu lassen?<\/h4><i class=\"vc_toggle_icon\"><\/i><\/div><div class=\"vc_toggle_content\"><p>Yes! Because we don&#8217;t charge a transfer fee if you purchase online and pick it up at a nearby shop, this is a popular option.<\/p>\n<\/div><\/div><div  class=\"vc_toggle vc_toggle_round vc_toggle_color_default  vc_toggle_size_md\"><div class=\"vc_toggle_title\"><h4>3. Wie kann ich im Internet eine Schusswaffe kaufen?<\/h4><i class=\"vc_toggle_icon\"><\/i><\/div><div class=\"vc_toggle_content\"><p>But there are several crucial attributes to bear in mind while using this strategy. We&#8217;ve put up a comprehensive guide on how to buy guns online, so please check it out!<\/p>\n<\/div><\/div><div  class=\"vc_toggle vc_toggle_round vc_toggle_color_default  vc_toggle_size_md\"><div class=\"vc_toggle_title\"><h4>4. Was ist ein staatlich lizenzierter H\u00e4ndler (FFL)?<\/h4><i class=\"vc_toggle_icon\"><\/i><\/div><div class=\"vc_toggle_content\"><p>Ein bundesstaatlicher Waffenschein wird als FFL bezeichnet. Die Zahl der FFL-Inhaber in den Vereinigten Staaten liegt jetzt bei 58.000. Waffengesch\u00e4fte, Pfandh\u00e4user und Sportartikeleinzelh\u00e4ndler sind Beispiele f\u00fcr FFL-Inhaber. Auf der anderen Seite haben viele Menschen eine FFL. Das ATF-Formular 4473 und eine FBI-Hintergrund\u00fcberpr\u00fcfung sind f\u00fcr jeden Online-Verkauf von Waffen an Personen erforderlich. Dort angekommen \u00fcbergibt ein lokaler FFL-Inhaber die Schusswaffe an den Kunden.<\/p>\n<\/div><\/div><div  class=\"vc_toggle vc_toggle_round vc_toggle_color_default  vc_toggle_size_md\"><div class=\"vc_toggle_title\"><h4>5. Wie kann ich einen H\u00e4ndler vor Ort dazu bringen, den Transfer meiner Schusswaffe zu \u00fcbernehmen?<\/h4><i class=\"vc_toggle_icon\"><\/i><\/div><div class=\"vc_toggle_content\"><p>Sie w\u00e4hlen w\u00e4hrend des Bestellvorgangs einen FFL-H\u00e4ndler in Ihrer N\u00e4he aus unserer Datenbank von FFL-Inhabern aus, anstatt Ihre eigene Adresse einzugeben. Bevor Sie bei uns einkaufen, wenden Sie sich unbedingt an den FFL-H\u00e4ndler Ihrer Wahl. Sie sollten sich vor einer Bestellung beim H\u00e4ndler erkundigen, ob er FFL-Transfers zul\u00e4sst. Vielleicht m\u00f6chten Sie auch herausfinden, wie viel sie verlangen.<\/p>\n<\/div><\/div><div  class=\"vc_toggle vc_toggle_round vc_toggle_color_default  vc_toggle_size_md\"><div class=\"vc_toggle_title\"><h4>6. Ist es m\u00f6glich, gleichzeitig eine Waffe und Munition zu kaufen?<\/h4><i class=\"vc_toggle_icon\"><\/i><\/div><div class=\"vc_toggle_content\"><p>No, you can&#8217;t buy a gun and ammo at the same time.<\/p>\n<\/div><\/div><div  class=\"vc_toggle vc_toggle_round vc_toggle_color_default  vc_toggle_size_md\"><div class=\"vc_toggle_title\"><h4>7. Gunmeplug hat die von mir gew\u00fcnschte Waffe nicht mehr vorr\u00e4tig. Ist es noch zu kaufen?<\/h4><i class=\"vc_toggle_icon\"><\/i><\/div><div class=\"vc_toggle_content\"><p>It&#8217;s unlikely. However, check with your nearby retailer to see if they have the weapon in stock.<\/p>\n<\/div><\/div><div  class=\"vc_toggle vc_toggle_round vc_toggle_color_default  vc_toggle_size_md\"><div class=\"vc_toggle_title\"><h4>8. As of now, my order is still in the &quot;processing&quot; stage. How do you explain it?<\/h4><i class=\"vc_toggle_icon\"><\/i><\/div><div class=\"vc_toggle_content\"><p>If you see this, it implies your purchase was received, but it hasn&#8217;t yet been dispatched.<\/p>\n<\/div><\/div><div  class=\"vc_toggle vc_toggle_round vc_toggle_color_default  vc_toggle_size_md\"><div class=\"vc_toggle_title\"><h4>9. There&#039;s no longer any indication that a charge is pending on my credit card. Is everything in order?<\/h4><i class=\"vc_toggle_icon\"><\/i><\/div><div class=\"vc_toggle_content\"><p>Yes. The first charge was only an authorization to verify that the amount of your purchase may be deducted from your payment method&#8217;s account. After a few days, such authorization usually expires. When your purchase is sent, a new charge will show on your credit card statement.<\/p>\n<\/div><\/div><div  class=\"vc_toggle vc_toggle_round vc_toggle_color_default  vc_toggle_size_md\"><div class=\"vc_toggle_title\"><h4>10. Meine Bestellbest\u00e4tigungs-E-Mail wurde nicht an mich gesendet. Ist mein Einkauf abgeschlossen?<\/h4><i class=\"vc_toggle_icon\"><\/i><\/div><div class=\"vc_toggle_content\"><p>Yes, it&#8217;s quite likely that so. Give yourself time to get your confirmation email, and be sure to check your spam folder as well. If you need to resend your order confirmation email, please contact customer support.<\/p>\n<\/div><\/div><div  class=\"vc_toggle vc_toggle_round vc_toggle_color_default  vc_toggle_size_md\"><div class=\"vc_toggle_title\"><h4>11. Meine Versandbest\u00e4tigungs-E-Mail enthielt einen fehlerhaften Link zur Sendungsverfolgung.<\/h4><i class=\"vc_toggle_icon\"><\/i><\/div><div class=\"vc_toggle_content\"><p>The tracking link might take up to 24 hours to activate once the order is shipped. After receiving your shipping confirmation, please wait at least 24 hours before doing another verification check. Please contact customer care if this doesn&#8217;t work for you.<\/p>\n<\/div><\/div><div  class=\"vc_toggle vc_toggle_round vc_toggle_color_default  vc_toggle_size_md\"><div class=\"vc_toggle_title\"><h4>12. Meine Waffe ist laut Tracking-Informationen in meinem \u00f6rtlichen Gesch\u00e4ft angekommen. Kann ich es jetzt sofort holen?<\/h4><i class=\"vc_toggle_icon\"><\/i><\/div><div class=\"vc_toggle_content\"><p>Your gun is ready for pickup, but you must wait for a call from the shop before you arrive. Call the shop if you have any questions regarding your order&#8217;s progress.<\/p>\n<\/div><\/div><div  class=\"vc_toggle vc_toggle_round vc_toggle_color_default  vc_toggle_size_md\"><div class=\"vc_toggle_title\"><h4>13. Aus welchem Grund brauche ich einen FFL-H\u00e4ndler, um meinen AR zu senken?<\/h4><i class=\"vc_toggle_icon\"><\/i><\/div><div class=\"vc_toggle_content\"><p>Anordnungen der Bundesregierung nachzukommen.<\/p>\n<\/div><\/div><div  class=\"vc_toggle vc_toggle_round vc_toggle_color_default  vc_toggle_size_md\"><div class=\"vc_toggle_title\"><h4>14. Welchen Prozess durchlaufen Rabatte?<\/h4><i class=\"vc_toggle_icon\"><\/i><\/div><div class=\"vc_toggle_content\"><p>Auf dieser Seite erfahren Sie mehr \u00fcber Rabatte.<\/p>\n<\/div><\/div><div  class=\"vc_toggle vc_toggle_round vc_toggle_color_default  vc_toggle_size_md\"><div class=\"vc_toggle_title\"><h4>15. Wie lauten die R\u00fcckgaberichtlinien f\u00fcr Gunmeplug-Produkte?<\/h4><i class=\"vc_toggle_icon\"><\/i><\/div><div class=\"vc_toggle_content\"><p>Je\u015bli masz jakiekolwiek pytania, zapoznaj si\u0119 z naszymi zasadami dotycz\u0105cymi zwrot\u00f3w i anulowania.<\/p>\n<\/div><\/div><div  class=\"vc_toggle vc_toggle_round vc_toggle_color_default  vc_toggle_size_md\"><div class=\"vc_toggle_title\"><h4>16. Wird PayPal von Ihnen akzeptiert?<\/h4><i class=\"vc_toggle_icon\"><\/i><\/div><div class=\"vc_toggle_content\"><p>Nein. PayPal akzeptiert derzeit keine Zahlungen f\u00fcr Waffen, Schusswaffenteile oder Munition.<\/p>\n<\/div><\/div><div  class=\"vc_toggle vc_toggle_round vc_toggle_color_default  vc_toggle_size_md\"><div class=\"vc_toggle_title\"><h4>17. Are customers&#039; personal information is given or sold to other parties?<\/h4><i class=\"vc_toggle_icon\"><\/i><\/div><div class=\"vc_toggle_content\"><p>Niemals. Bitte beachten Sie, dass uns Ihre Privatsph\u00e4re wichtig ist. Unsere Datenschutzerkl\u00e4rung enth\u00e4lt alle Informationen.<\/p>\n<\/div><\/div><\/div><\/div><\/div><\/div>","protected":false},"excerpt":{"rendered":"1. Where can I find Gunmeplug? What is their phone number?The shop locator feature on the Gunmeplug website will help you find nearby locations and contact information for such stores. 2. Is there an option to buy a gun from Gunmeplug.com and have it delivered to my local shop?Yes! Because we don&#8217;t charge a transfer [...]","protected":false},"author":1,"featured_media":0,"parent":0,"menu_order":0,"comment_status":"closed","ping_status":"closed","template":"","meta":{"_acf_changed":false,"_joinchat":[],"footnotes":""},"class_list":["post-3246","page","type-page","status-publish","hentry"],"acf":[],"yoast_head":"<!-- This site is optimized with the Yoast SEO plugin v26.3 - https:\/\/yoast.com\/wordpress\/plugins\/seo\/ -->\n<title>FAQs - Buy gun online USA<\/title>\n<meta name=\"robots\" content=\"index, follow, max-snippet:-1, max-image-preview:large, max-video-preview:-1\" \/>\n<link rel=\"canonical\" href=\"https:\/\/www.gunmeplug.com\/de\/faqs\/\" \/>\n<meta property=\"og:locale\" content=\"de_DE\" \/>\n<meta property=\"og:type\" content=\"article\" \/>\n<meta property=\"og:title\" content=\"FAQs - Buy gun online USA\" \/>\n<meta property=\"og:url\" content=\"https:\/\/www.gunmeplug.com\/de\/faqs\/\" \/>\n<meta property=\"og:site_name\" content=\"Buy gun online USA\" \/>\n<meta name=\"twitter:card\" content=\"summary_large_image\" \/>\n<meta name=\"twitter:label1\" content=\"Gesch\u00e4tzte Lesezeit\" \/>\n\t<meta name=\"twitter:data1\" content=\"4\u00a0Minuten\" \/>\n<script type=\"application\/ld+json\" class=\"yoast-schema-graph\">{\"@context\":\"https:\/\/schema.org\",\"@graph\":[{\"@type\":\"WebPage\",\"@id\":\"https:\/\/www.gunmeplug.com\/pt\/perguntas-frequentes\/\",\"url\":\"https:\/\/www.gunmeplug.com\/pt\/perguntas-frequentes\/\",\"name\":\"FAQs - Buy gun online USA\",\"isPartOf\":{\"@id\":\"https:\/\/www.gunmeplug.com\/#website\"},\"datePublished\":\"2022-03-09T11:00:08+00:00\",\"breadcrumb\":{\"@id\":\"https:\/\/www.gunmeplug.com\/pt\/perguntas-frequentes\/#breadcrumb\"},\"inLanguage\":\"de\",\"potentialAction\":[{\"@type\":\"ReadAction\",\"target\":[\"https:\/\/www.gunmeplug.com\/pt\/perguntas-frequentes\/\"]}]},{\"@type\":\"BreadcrumbList\",\"@id\":\"https:\/\/www.gunmeplug.com\/pt\/perguntas-frequentes\/#breadcrumb\",\"itemListElement\":[{\"@type\":\"ListItem\",\"position\":1,\"name\":\"Home\",\"item\":\"https:\/\/www.gunmeplug.com\/es\/\"},{\"@type\":\"ListItem\",\"position\":2,\"name\":\"FAQs\"}]},{\"@type\":\"WebSite\",\"@id\":\"https:\/\/www.gunmeplug.com\/#website\",\"url\":\"https:\/\/www.gunmeplug.com\/\",\"name\":\"Buy gun online USA\",\"description\":\"FireArms for sale online \",\"potentialAction\":[{\"@type\":\"SearchAction\",\"target\":{\"@type\":\"EntryPoint\",\"urlTemplate\":\"https:\/\/www.gunmeplug.com\/?s={search_term_string}\"},\"query-input\":{\"@type\":\"PropertyValueSpecification\",\"valueRequired\":true,\"valueName\":\"search_term_string\"}}],\"inLanguage\":\"de\"}]}<\/script>\n<!-- \/ Yoast SEO plugin. -->","yoast_head_json":{"title":"FAQs - Waffe online kaufen USA","robots":{"index":"index","follow":"follow","max-snippet":"max-snippet:-1","max-image-preview":"max-image-preview:large","max-video-preview":"max-video-preview:-1"},"canonical":"https:\/\/www.gunmeplug.com\/de\/faqs\/","og_locale":"de_DE","og_type":"article","og_title":"FAQs - Buy gun online USA","og_url":"https:\/\/www.gunmeplug.com\/de\/faqs\/","og_site_name":"Buy gun online USA","twitter_card":"summary_large_image","twitter_misc":{"Gesch\u00e4tzte Lesezeit":"4\u00a0Minuten"},"schema":{"@context":"https:\/\/schema.org","@graph":[{"@type":"WebPage","@id":"https:\/\/www.gunmeplug.com\/pt\/perguntas-frequentes\/","url":"https:\/\/www.gunmeplug.com\/pt\/perguntas-frequentes\/","name":"FAQs - Waffe online kaufen USA","isPartOf":{"@id":"https:\/\/www.gunmeplug.com\/#website"},"datePublished":"2022-03-09T11:00:08+00:00","breadcrumb":{"@id":"https:\/\/www.gunmeplug.com\/pt\/perguntas-frequentes\/#breadcrumb"},"inLanguage":"de","potentialAction":[{"@type":"ReadAction","target":["https:\/\/www.gunmeplug.com\/pt\/perguntas-frequentes\/"]}]},{"@type":"BreadcrumbList","@id":"https:\/\/www.gunmeplug.com\/pt\/perguntas-frequentes\/#breadcrumb","itemListElement":[{"@type":"ListItem","position":1,"name":"Home","item":"https:\/\/www.gunmeplug.com\/es\/"},{"@type":"ListItem","position":2,"name":"FAQs"}]},{"@type":"WebSite","@id":"https:\/\/www.gunmeplug.com\/#website","url":"https:\/\/www.gunmeplug.com\/","name":"Waffe online kaufen USA","description":"Feuerwaffen online zu verkaufen","potentialAction":[{"@type":"SearchAction","target":{"@type":"EntryPoint","urlTemplate":"https:\/\/www.gunmeplug.com\/?s={search_term_string}"},"query-input":{"@type":"PropertyValueSpecification","valueRequired":true,"valueName":"search_term_string"}}],"inLanguage":"de"}]}},"_links":{"self":[{"href":"https:\/\/www.gunmeplug.com\/de\/wp-json\/wp\/v2\/pages\/3246","targetHints":{"allow":["GET"]}}],"collection":[{"href":"https:\/\/www.gunmeplug.com\/de\/wp-json\/wp\/v2\/pages"}],"about":[{"href":"https:\/\/www.gunmeplug.com\/de\/wp-json\/wp\/v2\/types\/page"}],"author":[{"embeddable":true,"href":"https:\/\/www.gunmeplug.com\/de\/wp-json\/wp\/v2\/users\/1"}],"replies":[{"embeddable":true,"href":"https:\/\/www.gunmeplug.com\/de\/wp-json\/wp\/v2\/comments?post=3246"}],"version-history":[{"count":2,"href":"https:\/\/www.gunmeplug.com\/de\/wp-json\/wp\/v2\/pages\/3246\/revisions"}],"predecessor-version":[{"id":3248,"href":"https:\/\/www.gunmeplug.com\/de\/wp-json\/wp\/v2\/pages\/3246\/revisions\/3248"}],"wp:attachment":[{"href":"https:\/\/www.gunmeplug.com\/de\/wp-json\/wp\/v2\/media?parent=3246"}],"curies":[{"name":"wp","href":"https:\/\/api.w.org\/{rel}","templated":true}]}}