{"id":3243,"date":"2022-03-09T10:55:06","date_gmt":"2022-03-09T10:55:06","guid":{"rendered":"https:\/\/www.gunmeplug.com\/?page_id=3243"},"modified":"2022-03-09T10:55:06","modified_gmt":"2022-03-09T10:55:06","slug":"waffen-kaufen-online","status":"publish","type":"page","link":"https:\/\/www.gunmeplug.com\/de\/waffen-kaufen-online\/","title":{"rendered":"Wie man eine Waffe online kauft"},"content":{"rendered":"<div class=\"vc_row wpb_row vc_row-fluid\"><div class=\"wpb_column vc_column_container vc_col-sm-12\"><div class=\"vc_column-inner\"><div class=\"wpb_wrapper\">\n\t<div class=\"wpb_text_column wpb_content_element\" >\n\t\t<div class=\"wpb_wrapper\">\n\t\t\t<p style=\"text-align: justify;\">Sie k\u00f6nnen <a href=\"https:\/\/www.gunmeplug.com\/de\/\"><strong>buy\u00a0gun online<\/strong><\/a> so wie man alles andere auch kaufen kann. Der Hauptunterschied besteht darin, dass Waffen nicht direkt an den K\u00e4ufer versandt werden k\u00f6nnen. Es muss ein zertifizierter Waffenh\u00e4ndler vorhanden sein, um Waffen zu erhalten. W\u00e4hlen Sie w\u00e4hrend des Bestellvorgangs einen Waffenh\u00e4ndler in Ihrer Region als Lieferadresse aus.<\/p>\n<p style=\"text-align: justify;\">Ihre Waffe wird von uns an den H\u00e4ndler Ihrer Wahl geschickt. Das Formular 4473 und eine FBI-Hintergrund\u00fcberpr\u00fcfung m\u00fcssen ausgef\u00fcllt werden, bevor Sie Ihre neue Waffe in einem Waffengesch\u00e4ft abholen k\u00f6nnen. Die \u00dcbertragung einer Waffe ist in den meisten Waffengesch\u00e4ften kostenlos. Die \u00dcbergabe einer Handfeuerwaffe von einem H\u00e4ndler an einen Kunden dauert in der Regel etwa 10-15 Minuten.<\/p>\n<p style=\"text-align: justify;\">Nach Abschluss des \u00dcbertragungsverfahrens beginnt an bestimmten Orten eine Wartezeit. Sobald das \u00dcbertragungsverfahren abgeschlossen ist, k\u00f6nnen K\u00e4ufer in anderen Staaten ihre Feuerwaffen in Besitz nehmen.<\/p>\n<h3 style=\"text-align: justify;\">Schritte zur Aufgabe Ihrer Bestellung<\/h3>\n<ol style=\"text-align: justify;\">\n<li>F\u00fcgen Sie die Waffe (<strong><a href=\"https:\/\/www.gunmeplug.com\/de\/produktkategorie\/handfeuerwaffen\/\">Handfeuerwaffe<\/a>, <a href=\"https:\/\/www.gunmeplug.com\/de\/produktkategorie\/gewehre\/\">Gewehr<\/a>, <a href=\"https:\/\/www.gunmeplug.com\/de\/produktkategorie\/glocks-zu-verkaufen\/\">Glock<\/a><\/strong>) you want to your cart after you&#8217;ve found it.<\/li>\n<li>Rufen Sie die Seite Warenkorb auf und klicken Sie auf die Schaltfl\u00e4che Kasse, um Ihren Einkauf abzuschlie\u00dfen.<\/li>\n<li>Sie k\u00f6nnen als Gast auschecken, falls Sie keinen Benutzernamen und kein Passwort haben.<\/li>\n<li>Fahren Sie fort, indem Sie die Informationen zu Ihrer Rechnungsadresse eingeben.<\/li>\n<li>Geben Sie Ihre Postleitzahl und den Umkreis f\u00fcr Ihre FFL-Suche ein und klicken Sie dann auf Suchen.<\/li>\n<li>Click Continue once you&#8217;ve selected the FFL dealer who will receive and process your weapon.<\/li>\n<li>Fahren Sie fort mit der Wahl der Versandart.<\/li>\n<li>Click Continue once you&#8217;ve entered your payment information.<\/li>\n<li>Click the &#8220;<strong><a href=\"https:\/\/www.gunmeplug.com\/de\/shop\/\">Bestellung aufgeben<\/a><\/strong>&#8221; tab after checking your order.<\/li>\n<\/ol>\n<p style=\"text-align: justify;\">Das ist alles! Sie erhalten eine Best\u00e4tigungs-E-Mail, sobald Sie eine Bestellung bei uns aufgegeben haben. Eine E-Mail mit Informationen zur Sendungsverfolgung wird Ihnen zugeschickt, sobald Ihr Produkt versandt wird.<\/p>\n<p><strong>Danke, dass Sie bei Gunmeplug eingekauft haben!<\/strong><\/p>\n<p>Wenn Sie Fragen haben oder Hilfe ben\u00f6tigen, wenden Sie sich bitte an info@gunmeplug.com.<\/p>\n\n\t\t<\/div>\n\t<\/div>\n<\/div><\/div><\/div><\/div>","protected":false},"excerpt":{"rendered":"You can buy\u00a0gun online just like you can buy anything else. The major difference is that arms cannot be shipped directly to the purchaser. There must be a certified guns dealer to receive weapons. Select a gun dealer in your region as your shipping address during the checkout process. Your firearm will be sent to [...]","protected":false},"author":1,"featured_media":0,"parent":0,"menu_order":0,"comment_status":"closed","ping_status":"closed","template":"","meta":{"_acf_changed":false,"_joinchat":[],"footnotes":""},"class_list":["post-3243","page","type-page","status-publish","hentry"],"acf":[],"yoast_head":"<!-- This site is optimized with the Yoast SEO plugin v26.3 - https:\/\/yoast.com\/wordpress\/plugins\/seo\/ -->\n<title>How to Buy A Gun Online - Buy gun online USA<\/title>\n<meta name=\"robots\" content=\"index, follow, max-snippet:-1, max-image-preview:large, max-video-preview:-1\" \/>\n<link rel=\"canonical\" href=\"https:\/\/www.gunmeplug.com\/de\/waffen-kaufen-online\/\" \/>\n<meta property=\"og:locale\" content=\"de_DE\" \/>\n<meta property=\"og:type\" content=\"article\" \/>\n<meta property=\"og:title\" content=\"How to Buy A Gun Online - Buy gun online USA\" \/>\n<meta property=\"og:url\" content=\"https:\/\/www.gunmeplug.com\/de\/waffen-kaufen-online\/\" \/>\n<meta property=\"og:site_name\" content=\"Buy gun online USA\" \/>\n<meta name=\"twitter:card\" content=\"summary_large_image\" \/>\n<meta name=\"twitter:label1\" content=\"Gesch\u00e4tzte Lesezeit\" \/>\n\t<meta name=\"twitter:data1\" content=\"2\u00a0Minuten\" \/>\n<script type=\"application\/ld+json\" class=\"yoast-schema-graph\">{\"@context\":\"https:\/\/schema.org\",\"@graph\":[{\"@type\":\"WebPage\",\"@id\":\"https:\/\/www.gunmeplug.com\/how-to-buy-a-gun-online\/\",\"url\":\"https:\/\/www.gunmeplug.com\/how-to-buy-a-gun-online\/\",\"name\":\"How to Buy A Gun Online - Buy gun online USA\",\"isPartOf\":{\"@id\":\"https:\/\/www.gunmeplug.com\/#website\"},\"datePublished\":\"2022-03-09T10:55:06+00:00\",\"breadcrumb\":{\"@id\":\"https:\/\/www.gunmeplug.com\/how-to-buy-a-gun-online\/#breadcrumb\"},\"inLanguage\":\"de\",\"potentialAction\":[{\"@type\":\"ReadAction\",\"target\":[\"https:\/\/www.gunmeplug.com\/how-to-buy-a-gun-online\/\"]}]},{\"@type\":\"BreadcrumbList\",\"@id\":\"https:\/\/www.gunmeplug.com\/how-to-buy-a-gun-online\/#breadcrumb\",\"itemListElement\":[{\"@type\":\"ListItem\",\"position\":1,\"name\":\"Home\",\"item\":\"https:\/\/www.gunmeplug.com\/es\/\"},{\"@type\":\"ListItem\",\"position\":2,\"name\":\"How to Buy A Gun Online\"}]},{\"@type\":\"WebSite\",\"@id\":\"https:\/\/www.gunmeplug.com\/#website\",\"url\":\"https:\/\/www.gunmeplug.com\/\",\"name\":\"Buy gun online USA\",\"description\":\"FireArms for sale online \",\"potentialAction\":[{\"@type\":\"SearchAction\",\"target\":{\"@type\":\"EntryPoint\",\"urlTemplate\":\"https:\/\/www.gunmeplug.com\/?s={search_term_string}\"},\"query-input\":{\"@type\":\"PropertyValueSpecification\",\"valueRequired\":true,\"valueName\":\"search_term_string\"}}],\"inLanguage\":\"de\"}]}<\/script>\n<!-- \/ Yoast SEO plugin. -->","yoast_head_json":{"title":"Wie man eine Waffe online kauft - Waffe online kaufen USA","robots":{"index":"index","follow":"follow","max-snippet":"max-snippet:-1","max-image-preview":"max-image-preview:large","max-video-preview":"max-video-preview:-1"},"canonical":"https:\/\/www.gunmeplug.com\/de\/waffen-kaufen-online\/","og_locale":"de_DE","og_type":"article","og_title":"How to Buy A Gun Online - Buy gun online USA","og_url":"https:\/\/www.gunmeplug.com\/de\/waffen-kaufen-online\/","og_site_name":"Buy gun online USA","twitter_card":"summary_large_image","twitter_misc":{"Gesch\u00e4tzte Lesezeit":"2\u00a0Minuten"},"schema":{"@context":"https:\/\/schema.org","@graph":[{"@type":"WebPage","@id":"https:\/\/www.gunmeplug.com\/how-to-buy-a-gun-online\/","url":"https:\/\/www.gunmeplug.com\/how-to-buy-a-gun-online\/","name":"Wie man eine Waffe online kauft - Waffe online kaufen USA","isPartOf":{"@id":"https:\/\/www.gunmeplug.com\/#website"},"datePublished":"2022-03-09T10:55:06+00:00","breadcrumb":{"@id":"https:\/\/www.gunmeplug.com\/how-to-buy-a-gun-online\/#breadcrumb"},"inLanguage":"de","potentialAction":[{"@type":"ReadAction","target":["https:\/\/www.gunmeplug.com\/how-to-buy-a-gun-online\/"]}]},{"@type":"BreadcrumbList","@id":"https:\/\/www.gunmeplug.com\/how-to-buy-a-gun-online\/#breadcrumb","itemListElement":[{"@type":"ListItem","position":1,"name":"Home","item":"https:\/\/www.gunmeplug.com\/es\/"},{"@type":"ListItem","position":2,"name":"How to Buy A Gun Online"}]},{"@type":"WebSite","@id":"https:\/\/www.gunmeplug.com\/#website","url":"https:\/\/www.gunmeplug.com\/","name":"Waffe online kaufen USA","description":"Feuerwaffen online zu verkaufen","potentialAction":[{"@type":"SearchAction","target":{"@type":"EntryPoint","urlTemplate":"https:\/\/www.gunmeplug.com\/?s={search_term_string}"},"query-input":{"@type":"PropertyValueSpecification","valueRequired":true,"valueName":"search_term_string"}}],"inLanguage":"de"}]}},"_links":{"self":[{"href":"https:\/\/www.gunmeplug.com\/de\/wp-json\/wp\/v2\/pages\/3243","targetHints":{"allow":["GET"]}}],"collection":[{"href":"https:\/\/www.gunmeplug.com\/de\/wp-json\/wp\/v2\/pages"}],"about":[{"href":"https:\/\/www.gunmeplug.com\/de\/wp-json\/wp\/v2\/types\/page"}],"author":[{"embeddable":true,"href":"https:\/\/www.gunmeplug.com\/de\/wp-json\/wp\/v2\/users\/1"}],"replies":[{"embeddable":true,"href":"https:\/\/www.gunmeplug.com\/de\/wp-json\/wp\/v2\/comments?post=3243"}],"version-history":[{"count":2,"href":"https:\/\/www.gunmeplug.com\/de\/wp-json\/wp\/v2\/pages\/3243\/revisions"}],"predecessor-version":[{"id":3245,"href":"https:\/\/www.gunmeplug.com\/de\/wp-json\/wp\/v2\/pages\/3243\/revisions\/3245"}],"wp:attachment":[{"href":"https:\/\/www.gunmeplug.com\/de\/wp-json\/wp\/v2\/media?parent=3243"}],"curies":[{"name":"wp","href":"https:\/\/api.w.org\/{rel}","templated":true}]}}