{"id":3229,"date":"2021-11-05T17:23:33","date_gmt":"2021-11-05T17:23:33","guid":{"rendered":"https:\/\/www.gunmeplug.com\/?page_id=3229"},"modified":"2023-05-03T10:02:34","modified_gmt":"2023-05-03T10:02:34","slug":"ruckerstattung_ruckgaben","status":"publish","type":"page","link":"https:\/\/www.gunmeplug.com\/de\/ruckerstattung_ruckgaben\/","title":{"rendered":"R\u00fcckerstattungs- und R\u00fcckgaberecht"},"content":{"rendered":"<div class=\"vc_row wpb_row vc_row-fluid\"><div class=\"wpb_column vc_column_container vc_col-sm-12\"><div class=\"vc_column-inner\"><div class=\"wpb_wrapper\">\n\t<div class=\"wpb_text_column wpb_content_element\" >\n\t\t<div class=\"wpb_wrapper\">\n\t\t\t<p style=\"text-align: justify;\">Vielen Dank, dass Sie sich f\u00fcr Gunmeplug.com f\u00fcr Ihre Waffenbed\u00fcrfnisse entschieden haben. Wir verstehen, dass manchmal R\u00fcckgaben\/Umtausch oder Stornierungen erforderlich sein k\u00f6nnen, und wir m\u00f6chten sicherstellen, dass der Prozess so einfach wie m\u00f6glich ist.<\/p>\n<p style=\"text-align: justify;\"><strong>Austausch<\/strong>:<\/p>\n<p style=\"text-align: justify;\">Wenn Sie einen besch\u00e4digten oder defekten Artikel erhalten haben, tauschen wir ihn gerne gegen einen neuen um. Um einen Umtausch einzuleiten, kontaktieren Sie bitte unser Kundenservice-Team unter [Telefonnummer oder E-Mail-Adresse einf\u00fcgen] und geben Sie Ihre Bestellnummer und den Grund f\u00fcr den Umtausch an.<\/p>\n<p style=\"text-align: justify;\">Unser Team wird Ihnen eine Return Authorization Number (RAN) und Anweisungen zur R\u00fccksendung des Artikels zukommen lassen. Sobald wir Ihren zur\u00fcckgegebenen Artikel erhalten und seinen Zustand \u00fcberpr\u00fcft haben, werden wir Ihnen ohne zus\u00e4tzliche Kosten einen Ersatzartikel zusenden.<\/p>\n<p style=\"text-align: justify;\">Wenn Sie einen Artikel gegen ein anderes Produkt umtauschen m\u00f6chten, wenden Sie sich bitte an unser Kundendienstteam, um den oben beschriebenen R\u00fcckgabeprozess einzuleiten. Sobald wir Ihren zur\u00fcckgegebenen Artikel erhalten haben, erstatten wir Ihre urspr\u00fcngliche Zahlungsmethode und Sie k\u00f6nnen eine neue Bestellung f\u00fcr das Produkt aufgeben, das Sie stattdessen erhalten m\u00f6chten.<\/p>\n<p style=\"text-align: justify;\"><strong>Versand<\/strong>:<\/p>\n<p style=\"text-align: justify;\">Alle R\u00fccksendungen und Umtausche unterliegen Versandkosten, die von Ihrer R\u00fcckerstattung abgezogen werden. Wenn Sie einen besch\u00e4digten oder defekten Artikel erhalten haben, wenden Sie sich bitte an unser Kundendienstteam, und wir \u00fcbernehmen die Kosten f\u00fcr die R\u00fccksendung.<\/p>\n<p style=\"text-align: justify;\">Wir k\u00f6nnen keine Schusswaffen an P.O. Postf\u00e4cher oder APO\/FPO-Adressen. Alle Schusswaffen m\u00fcssen an einen lizenzierten H\u00e4ndler versandt werden, und der Kunde muss sicherstellen, dass der H\u00e4ndler bereit ist, die Schusswaffe entgegenzunehmen und weiterzugeben. Wir sind bestrebt, unseren Kunden hochwertige Schusswaffen und einen hervorragenden Kundenservice zu bieten. Wenn Sie Fragen oder Bedenken zu unseren R\u00fcckgabe- und Umtauschrichtlinien haben, wenden Sie sich bitte an unser Kundendienstteam, um Unterst\u00fctzung zu erhalten.<\/p>\n<p style=\"text-align: justify;\"><strong>Annuleringsvoorwaarden:<\/strong><\/p>\n<p style=\"text-align: justify;\">Wir bei Gunmeplug.com verstehen, dass sich die Umst\u00e4nde manchmal \u00e4ndern und Sie Ihre Bestellung m\u00f6glicherweise stornieren m\u00fcssen. Wir m\u00f6chten den Stornierungsprozess so einfach und bequem wie m\u00f6glich gestalten.<\/p>\n<p style=\"text-align: justify;\">Wenn Sie Ihre Bestellung stornieren m\u00f6chten, wenden Sie sich bitte so schnell wie m\u00f6glich an unser Kundendienstteam unter [Telefonnummer oder E-Mail-Adresse einf\u00fcgen] und geben Sie Ihre Bestellnummer und den Grund f\u00fcr die Stornierung an. Unser Team wird mit Ihnen zusammenarbeiten, um Ihre Bestellung zu stornieren und gegebenenfalls eine R\u00fcckerstattung vorzunehmen. Bitte beachten Sie, dass einige Bestellungen m\u00f6glicherweise bereits versandt wurden oder gerade versandt werden. In solchen F\u00e4llen k\u00f6nnen wir die Bestellung m\u00f6glicherweise nicht stornieren, und Sie m\u00fcssen den Artikel m\u00f6glicherweise zur\u00fccksenden, sobald er geliefert wurde.<\/p>\n<p style=\"text-align: justify;\"><strong>R\u00fcckerstattungen<\/strong>:<\/p>\n<p style=\"text-align: justify;\">Wenn Sie Ihre Bestellung stornieren, bevor sie versandt wurde, werden wir eine vollst\u00e4ndige R\u00fcckerstattung auf Ihre urspr\u00fcngliche Zahlungsmethode vornehmen. Wenn Ihre Bestellung bereits versandt wurde, erstatten wir die Kosten f\u00fcr die Artikel erst dann, wenn wir die zur\u00fcckgegebenen Artikel im Originalzustand erhalten haben.<\/p>\n<p style=\"text-align: justify;\">Bitte beachten Sie, dass Versand- und Bearbeitungsgeb\u00fchren nicht erstattungsf\u00e4hig sind und Sie f\u00fcr die Kosten der R\u00fccksendung verantwortlich sind. Wenn Sie einen besch\u00e4digten oder defekten Artikel erhalten haben, lesen Sie bitte unsere R\u00fcckgabe- und Umtauschrichtlinie f\u00fcr Informationen dar\u00fcber, wie Sie den Artikel zur\u00fccksenden und eine R\u00fcckerstattung oder einen Umtausch erhalten.<\/p>\n<p style=\"text-align: justify;\">Wir sind bestrebt, unseren Kunden hochwertige Schusswaffen und einen hervorragenden Kundenservice zu bieten. Wenn Sie Fragen oder Bedenken zu unseren Stornierungsbedingungen haben, wenden Sie sich bitte an unser Kundendienstteam, um Unterst\u00fctzung zu erhalten.<\/p>\n\n\t\t<\/div>\n\t<\/div>\n<\/div><\/div><\/div><\/div>","protected":false},"excerpt":{"rendered":"Thank you for choosing Gunmeplug.com for your firearm needs. We understand that sometimes returns\/ exchanges or cancellation may be necessary, and we want to ensure the process is as easy as possible. Exchanges: If you received a damaged or defective item, we would gladly exchange it for a new one. To initiate an exchange, please [...]","protected":false},"author":1,"featured_media":0,"parent":0,"menu_order":0,"comment_status":"closed","ping_status":"closed","template":"","meta":{"_acf_changed":false,"_joinchat":[],"footnotes":""},"class_list":["post-3229","page","type-page","status-publish","hentry"],"acf":[],"yoast_head":"<!-- This site is optimized with the Yoast SEO plugin v26.3 - https:\/\/yoast.com\/wordpress\/plugins\/seo\/ -->\n<title>Refund and Returns Policy - Buy gun online USA<\/title>\n<meta name=\"robots\" content=\"index, follow, max-snippet:-1, max-image-preview:large, max-video-preview:-1\" \/>\n<link rel=\"canonical\" href=\"https:\/\/www.gunmeplug.com\/de\/ruckerstattung_ruckgaben\/\" \/>\n<meta property=\"og:locale\" content=\"de_DE\" \/>\n<meta property=\"og:type\" content=\"article\" \/>\n<meta property=\"og:title\" content=\"Refund and Returns Policy - Buy gun online USA\" \/>\n<meta property=\"og:url\" content=\"https:\/\/www.gunmeplug.com\/de\/ruckerstattung_ruckgaben\/\" \/>\n<meta property=\"og:site_name\" content=\"Buy gun online USA\" \/>\n<meta property=\"article:modified_time\" content=\"2023-05-03T10:02:34+00:00\" \/>\n<meta name=\"twitter:card\" content=\"summary_large_image\" \/>\n<meta name=\"twitter:label1\" content=\"Gesch\u00e4tzte Lesezeit\" \/>\n\t<meta name=\"twitter:data1\" content=\"3\u00a0Minuten\" \/>\n<script type=\"application\/ld+json\" class=\"yoast-schema-graph\">{\"@context\":\"https:\/\/schema.org\",\"@graph\":[{\"@type\":\"WebPage\",\"@id\":\"https:\/\/www.gunmeplug.com\/refund_returns\/\",\"url\":\"https:\/\/www.gunmeplug.com\/refund_returns\/\",\"name\":\"Refund and Returns Policy - Buy gun online USA\",\"isPartOf\":{\"@id\":\"https:\/\/www.gunmeplug.com\/#website\"},\"datePublished\":\"2021-11-05T17:23:33+00:00\",\"dateModified\":\"2023-05-03T10:02:34+00:00\",\"breadcrumb\":{\"@id\":\"https:\/\/www.gunmeplug.com\/refund_returns\/#breadcrumb\"},\"inLanguage\":\"de\",\"potentialAction\":[{\"@type\":\"ReadAction\",\"target\":[\"https:\/\/www.gunmeplug.com\/refund_returns\/\"]}]},{\"@type\":\"BreadcrumbList\",\"@id\":\"https:\/\/www.gunmeplug.com\/refund_returns\/#breadcrumb\",\"itemListElement\":[{\"@type\":\"ListItem\",\"position\":1,\"name\":\"Home\",\"item\":\"https:\/\/www.gunmeplug.com\/es\/\"},{\"@type\":\"ListItem\",\"position\":2,\"name\":\"Refund and Returns Policy\"}]},{\"@type\":\"WebSite\",\"@id\":\"https:\/\/www.gunmeplug.com\/#website\",\"url\":\"https:\/\/www.gunmeplug.com\/\",\"name\":\"Buy gun online USA\",\"description\":\"FireArms for sale online \",\"potentialAction\":[{\"@type\":\"SearchAction\",\"target\":{\"@type\":\"EntryPoint\",\"urlTemplate\":\"https:\/\/www.gunmeplug.com\/?s={search_term_string}\"},\"query-input\":{\"@type\":\"PropertyValueSpecification\",\"valueRequired\":true,\"valueName\":\"search_term_string\"}}],\"inLanguage\":\"de\"}]}<\/script>\n<!-- \/ Yoast SEO plugin. -->","yoast_head_json":{"title":"R\u00fcckerstattungs- und R\u00fcckgabebedingungen - Buy gun online USA","robots":{"index":"index","follow":"follow","max-snippet":"max-snippet:-1","max-image-preview":"max-image-preview:large","max-video-preview":"max-video-preview:-1"},"canonical":"https:\/\/www.gunmeplug.com\/de\/ruckerstattung_ruckgaben\/","og_locale":"de_DE","og_type":"article","og_title":"Refund and Returns Policy - Buy gun online USA","og_url":"https:\/\/www.gunmeplug.com\/de\/ruckerstattung_ruckgaben\/","og_site_name":"Buy gun online USA","article_modified_time":"2023-05-03T10:02:34+00:00","twitter_card":"summary_large_image","twitter_misc":{"Gesch\u00e4tzte Lesezeit":"3\u00a0Minuten"},"schema":{"@context":"https:\/\/schema.org","@graph":[{"@type":"WebPage","@id":"https:\/\/www.gunmeplug.com\/refund_returns\/","url":"https:\/\/www.gunmeplug.com\/refund_returns\/","name":"R\u00fcckerstattungs- und R\u00fcckgabebedingungen - Buy gun online USA","isPartOf":{"@id":"https:\/\/www.gunmeplug.com\/#website"},"datePublished":"2021-11-05T17:23:33+00:00","dateModified":"2023-05-03T10:02:34+00:00","breadcrumb":{"@id":"https:\/\/www.gunmeplug.com\/refund_returns\/#breadcrumb"},"inLanguage":"de","potentialAction":[{"@type":"ReadAction","target":["https:\/\/www.gunmeplug.com\/refund_returns\/"]}]},{"@type":"BreadcrumbList","@id":"https:\/\/www.gunmeplug.com\/refund_returns\/#breadcrumb","itemListElement":[{"@type":"ListItem","position":1,"name":"Home","item":"https:\/\/www.gunmeplug.com\/es\/"},{"@type":"ListItem","position":2,"name":"Refund and Returns Policy"}]},{"@type":"WebSite","@id":"https:\/\/www.gunmeplug.com\/#website","url":"https:\/\/www.gunmeplug.com\/","name":"Waffe online kaufen USA","description":"Feuerwaffen online zu verkaufen","potentialAction":[{"@type":"SearchAction","target":{"@type":"EntryPoint","urlTemplate":"https:\/\/www.gunmeplug.com\/?s={search_term_string}"},"query-input":{"@type":"PropertyValueSpecification","valueRequired":true,"valueName":"search_term_string"}}],"inLanguage":"de"}]}},"_links":{"self":[{"href":"https:\/\/www.gunmeplug.com\/de\/wp-json\/wp\/v2\/pages\/3229","targetHints":{"allow":["GET"]}}],"collection":[{"href":"https:\/\/www.gunmeplug.com\/de\/wp-json\/wp\/v2\/pages"}],"about":[{"href":"https:\/\/www.gunmeplug.com\/de\/wp-json\/wp\/v2\/types\/page"}],"author":[{"embeddable":true,"href":"https:\/\/www.gunmeplug.com\/de\/wp-json\/wp\/v2\/users\/1"}],"replies":[{"embeddable":true,"href":"https:\/\/www.gunmeplug.com\/de\/wp-json\/wp\/v2\/comments?post=3229"}],"version-history":[{"count":1,"href":"https:\/\/www.gunmeplug.com\/de\/wp-json\/wp\/v2\/pages\/3229\/revisions"}],"predecessor-version":[{"id":3412,"href":"https:\/\/www.gunmeplug.com\/de\/wp-json\/wp\/v2\/pages\/3229\/revisions\/3412"}],"wp:attachment":[{"href":"https:\/\/www.gunmeplug.com\/de\/wp-json\/wp\/v2\/media?parent=3229"}],"curies":[{"name":"wp","href":"https:\/\/api.w.org\/{rel}","templated":true}]}}