{"id":1614,"date":"2016-02-22T09:13:48","date_gmt":"2016-02-22T09:13:48","guid":{"rendered":"http:\/\/themes.temashdesign.com\/woodstock\/electronics\/?page_id=1614"},"modified":"2023-05-03T10:00:07","modified_gmt":"2023-05-03T10:00:07","slug":"die-datenschutzpolitik","status":"publish","type":"page","link":"https:\/\/www.gunmeplug.com\/de\/die-datenschutzpolitik\/","title":{"rendered":"Die Datenschutzrichtlinie"},"content":{"rendered":"<div class=\"vc_row wpb_row vc_row-fluid\"><div class=\"wpb_column vc_column_container vc_col-sm-12\"><div class=\"vc_column-inner\"><div class=\"wpb_wrapper\">\n\t<div class=\"wpb_text_column wpb_content_element\" >\n\t\t<div class=\"wpb_wrapper\">\n\t\t\t<p style=\"text-align: justify;\"><strong>Datenschutzbestimmungen<\/strong><\/p>\n<p style=\"text-align: justify;\">We&#8217;re glad that our customers have trusted Gunmeplug for over 10 \u00a0years and are committed to protecting your private and personal Information. This Privacy Policy, which was last changed on September 24, 2015, tells you what Information Gunmeplug, LLC (&#8220;we&#8221; or &#8220;our&#8221;) collects from visitors to our Website, www.gunmeplug.com (&#8220;Website&#8221;), as well as from customers of the Website and how we use that Information.<\/p>\n<p style=\"text-align: justify;\"><strong>Informationen, die wir \u00fcber Sie sammeln<\/strong><\/p>\n<p style=\"text-align: justify;\">We keep your information and a record of your purchases, swaps or returns, and gift cards or coupons in a secure database. Let&#8217;s put the Information together with other data and Information about you that we get from outside sources. We also collect information about how people use our Website by using &#8220;cookies&#8221; and other online tools like &#8220;pixel tags&#8221; to track how people click through it.<\/p>\n<p style=\"text-align: justify;\"><strong>Wie wir die erhaltenen Informationen verwenden<\/strong><\/p>\n<p style=\"text-align: justify;\">Gunmeplug has been giving its customers great service for over 10 years. To keep doing this, we collect information that helps us give our customers the best possible experience. We use this information to process and track your online orders and purchases, to provide any services that you request or that are used to fulfil an order (including shipping, delivery, and setup options that third parties provide), to send you promotional offers we think you&#8217;ll be interested in, and to send you Information about our products and services.<\/p>\n<p style=\"text-align: justify;\"><strong>Weitergabe von Informationen an Dritte und Ihr Recht auf Datenschutz<\/strong><\/p>\n<p style=\"text-align: justify;\">We have agreements with third parties to provide certain services to our customers, such as shipping, name and address confirmation, email marketing, third-party ads, promotion management, market research, and payment processing. We only give these third parties the information they need to do their jobs, and we build and keep our business relationships with them because they respect and protect your privacy. We may share our customer list (names and addresses) and general shopping behavior with third parties whose goods or services we think you might be interested in, but only if they agree to respect and protect your privacy the same way we do. We don&#8217;t give out email addresses in this way. If you don&#8217;t want to get mail from third parties and don&#8217;t want us to share any of your Information with third parties, please unsubscribe to opt-out. When the law or court order says we have to, we may give Information to a government body. We may also give Information to third parties who offer services to protect against fraud or identity theft. We also reserve the right, if we think it&#8217;s necessary, to use Information to protect the rights, property, and safety of our shops, our company, our customers, our workers, or others and to avoid harm or loss in connection with any suspected or real illegal activity.<\/p>\n<p style=\"text-align: justify;\"><strong>Ihre Kommunikationsm\u00f6glichkeiten<\/strong><\/p>\n<p style=\"text-align: justify;\">Sie k\u00f6nnen w\u00e4hlen, welche Art von Informationen wir Ihnen zusenden. Bitte teilen Sie uns unter der unten angegebenen Adresse mit, wenn Sie keine Unterlagen oder E-Mails von uns erhalten m\u00f6chten. Sie k\u00f6nnen auch den Erhalt unserer E-Mail-Updates beenden, indem Sie auf den Link am Ende jeder E-Mail klicken, die wir Ihnen schicken.<\/p>\n<p style=\"text-align: justify;\">If you don&#8217;t want to hear from us by email or mail, write to us at the following address and make sure to give us your exact name and address, or click the &#8220;Unsubscribe&#8221; link at the bottom of your email:<\/p>\n<p style=\"text-align: justify;\"><strong>info@gunmeplug.com: Kundenbetreuung<\/strong><\/p>\n<p style=\"text-align: justify;\">Wir planen unsere Sendungen, so dass es einige Wochen dauern kann, bis Sie keine Post mehr von uns erhalten.<\/p>\n<p style=\"text-align: justify;\"><strong>Cookies und Pixel-Tags<\/strong><\/p>\n<p style=\"text-align: justify;\">We use &#8220;cookies,&#8221; which are small data files that your web browser stores, to help you place an order on our Website. We also use cookies to make your online shopping better and more personal. We use cookies to remember what you put in your shopping cart, to know when you come back to the Website, to speed up the checkout process if you have an online account, to find out how visitors and customers use the Website, which products they search for, and to create and send personalized marketing. If you want to avoid using cookies, whatsapp us at +44 7777240388 between 7 a.m. and 5 p.m. Central time, Monday through Friday, to place an order.<\/p>\n<p style=\"text-align: justify;\">Wir verwenden auch Pixel-Tags, das sind kleine digitale Bilder, um herauszufinden, welche Teile unserer Website Sie besucht haben und wie gut Ihre Suche funktioniert. Pixel-Tags erm\u00f6glichen es uns auch, Ihnen E-Mails in einer f\u00fcr Sie lesbaren Form zu senden, und sie teilen uns mit, wenn Sie eine E-Mail von uns \u00f6ffnen.<\/p>\n<p style=\"text-align: justify;\"><strong>Was wir mit Ihrer E-Mail machen<\/strong><\/p>\n<p style=\"text-align: justify;\">If you give us your email address, we&#8217;ll use it to talk to you about your order, return, or refund, answer any questions, and help you with customer service. When you make an order on the Website, you will get an email proof of the order and, in most cases, Information on how to track your package or shipment.<\/p>\n<p style=\"text-align: justify;\">We may also use your email to send you informational and promotional emails about goods, services, special offers, raffles and drawings, or events that interest you. If you don&#8217;t want to get emails from us anymore, click the &#8220;Unsubscribe&#8221; link at the bottom. Please give us at least ten (10) days after you choose to do what you want. Even if you choose not to get emails from us in the future, we may still contact you to answer a question, confirm an order and its state, talk about product recalls, warranties, or service agreements, or if a law, rule, or court order says we have to.<\/p>\n<p style=\"text-align: justify;\"><strong>Links zu Websites Dritter<\/strong><\/p>\n<p style=\"text-align: justify;\">From time to time, we may decide to put links on our Website to other websites run by third parties. We don&#8217;t have any control over the content of third-party websites, so we can only make promises about how accurate, up-to-date, useful, and high-quality the Information there is. We are not responsible for offensive, wrong, false, or illegal content that a third party puts on its Website. We are also not responsible or liable for such websites&#8217; goods, materials, or practices (including privacy policies). We suggest you look carefully at the privacy rules of any website that is not yours.<\/p>\n<p style=\"text-align: justify;\"><strong>Pr\u00fcfen Sie Ihre Informationen und halten Sie sie auf dem neuesten Stand<\/strong><\/p>\n<p style=\"text-align: justify;\">You can check any of the Information you&#8217;ve given us and change it by going to the &#8220;My Account&#8221; part of the Website and logging in with your registered email address and password.<\/p>\n<p style=\"text-align: justify;\"><strong>Children&#8217;s Privacy<\/strong><\/p>\n<p style=\"text-align: justify;\">Our Website is not for children and is not aimed at them. We don&#8217;t take or keep any information about children under the age of 13 without the explicit permission of their parents. If you are a parent or guardian and you think we have Information about your kid that you did not permit us to have, please whatsapp us at +44 7777240388<\/p>\n<p style=\"text-align: justify;\"><strong>Sicherheit<\/strong><\/p>\n<p style=\"text-align: justify;\">Um Informationen und Online-Eink\u00e4ufe auf unserer Website zu sch\u00fctzen, verwenden wir \u00e4hnliche Sicherheitsma\u00dfnahmen wie in Gesch\u00e4ften. Auf unseren Websites werden Secure Sockets Layer und andere Verschl\u00fcsselungstechnologien eingesetzt, um die von uns \u00fcber das Internet gesendeten Informationen zu sch\u00fctzen.<\/p>\n<p style=\"text-align: justify;\"><strong>Die Datenschutzbestimmungen \u00e4ndern sich.<\/strong><\/p>\n<p style=\"text-align: justify;\">Wir behalten uns das Recht vor, diese Datenschutzrichtlinie gelegentlich zu \u00e4ndern, daher sollten Sie diesen Teil unserer Website h\u00e4ufig auf Aktualisierungen oder \u00c4nderungen \u00fcberpr\u00fcfen. Wenn wir \u00c4nderungen an dieser Datenschutzrichtlinie vornehmen, die die Art und Weise, wie wir Ihre Daten verwenden, wesentlich ver\u00e4ndern, werden wir Sie auf unserer Website dar\u00fcber informieren, und Sie k\u00f6nnen sich daf\u00fcr entscheiden, dass wir Ihre Daten nicht auf diese Weise verwenden d\u00fcrfen. Wir k\u00f6nnen die Datenschutzrichtlinie \u00e4ndern, ohne Sie davon in Kenntnis zu setzen, wenn wir einem Gesetz oder einer Vorschrift, einem Gerichtsbeschluss oder einem offiziellen Schritt folgen m\u00fcssen.<\/p>\n<p style=\"text-align: justify;\"><strong>Kunden<\/strong> <strong>Dienst<\/strong><\/p>\n<p style=\"text-align: justify;\">Um sicherzustellen, dass wir weiterhin den bestm\u00f6glichen Kundenservice bieten, k\u00f6nnen wir alle schriftlichen oder telefonischen Gespr\u00e4che, die Sie mit unseren Mitarbeitern f\u00fchren, aufzeichnen.<\/p>\n<p style=\"text-align: justify;\"><em><strong>Kontakt<\/strong><\/em><\/p>\n<p style=\"text-align: justify;\">Sie k\u00f6nnen uns per Whatsapp unter +44 7777240388 erreichen oder uns unter info@gunmeplug.com schreiben.<\/p>\n\n\t\t<\/div>\n\t<\/div>\n<\/div><\/div><\/div><\/div>","protected":false},"excerpt":{"rendered":"Privacy Policy We're glad that our customers have trusted Gunmeplug for over 10 \u00a0years and are committed to protecting your private and personal Information. This Privacy Policy, which was last changed on September 24, 2015, tells you what Information Gunmeplug, LLC (\"we\" or \"our\") collects from visitors to our Website, www.gunmeplug.com (\"Website\"), as well as [...]","protected":false},"author":1,"featured_media":0,"parent":0,"menu_order":0,"comment_status":"closed","ping_status":"closed","template":"page-narrow.php","meta":{"_acf_changed":false,"_joinchat":[],"footnotes":""},"class_list":["post-1614","page","type-page","status-publish","hentry"],"acf":[],"yoast_head":"<!-- This site is optimized with the Yoast SEO plugin v26.3 - https:\/\/yoast.com\/wordpress\/plugins\/seo\/ -->\n<title>The Privacy Policy - Buy gun online USA<\/title>\n<meta name=\"robots\" content=\"index, follow, max-snippet:-1, max-image-preview:large, max-video-preview:-1\" \/>\n<link rel=\"canonical\" href=\"https:\/\/www.gunmeplug.com\/de\/die-datenschutzpolitik\/\" \/>\n<meta property=\"og:locale\" content=\"de_DE\" \/>\n<meta property=\"og:type\" content=\"article\" \/>\n<meta property=\"og:title\" content=\"The Privacy Policy - Buy gun online USA\" \/>\n<meta property=\"og:url\" content=\"https:\/\/www.gunmeplug.com\/de\/die-datenschutzpolitik\/\" \/>\n<meta property=\"og:site_name\" content=\"Buy gun online USA\" \/>\n<meta property=\"article:modified_time\" content=\"2023-05-03T10:00:07+00:00\" \/>\n<meta name=\"twitter:card\" content=\"summary_large_image\" \/>\n<meta name=\"twitter:label1\" content=\"Gesch\u00e4tzte Lesezeit\" \/>\n\t<meta name=\"twitter:data1\" content=\"7\u00a0Minuten\" \/>\n<script type=\"application\/ld+json\" class=\"yoast-schema-graph\">{\"@context\":\"https:\/\/schema.org\",\"@graph\":[{\"@type\":\"WebPage\",\"@id\":\"https:\/\/www.gunmeplug.com\/the-privacy-policy\/\",\"url\":\"https:\/\/www.gunmeplug.com\/the-privacy-policy\/\",\"name\":\"The Privacy Policy - Buy gun online USA\",\"isPartOf\":{\"@id\":\"https:\/\/www.gunmeplug.com\/#website\"},\"datePublished\":\"2016-02-22T09:13:48+00:00\",\"dateModified\":\"2023-05-03T10:00:07+00:00\",\"breadcrumb\":{\"@id\":\"https:\/\/www.gunmeplug.com\/the-privacy-policy\/#breadcrumb\"},\"inLanguage\":\"de\",\"potentialAction\":[{\"@type\":\"ReadAction\",\"target\":[\"https:\/\/www.gunmeplug.com\/the-privacy-policy\/\"]}]},{\"@type\":\"BreadcrumbList\",\"@id\":\"https:\/\/www.gunmeplug.com\/the-privacy-policy\/#breadcrumb\",\"itemListElement\":[{\"@type\":\"ListItem\",\"position\":1,\"name\":\"Home\",\"item\":\"https:\/\/www.gunmeplug.com\/es\/\"},{\"@type\":\"ListItem\",\"position\":2,\"name\":\"The Privacy Policy\"}]},{\"@type\":\"WebSite\",\"@id\":\"https:\/\/www.gunmeplug.com\/#website\",\"url\":\"https:\/\/www.gunmeplug.com\/\",\"name\":\"Buy gun online USA\",\"description\":\"FireArms for sale online \",\"potentialAction\":[{\"@type\":\"SearchAction\",\"target\":{\"@type\":\"EntryPoint\",\"urlTemplate\":\"https:\/\/www.gunmeplug.com\/?s={search_term_string}\"},\"query-input\":{\"@type\":\"PropertyValueSpecification\",\"valueRequired\":true,\"valueName\":\"search_term_string\"}}],\"inLanguage\":\"de\"}]}<\/script>\n<!-- \/ Yoast SEO plugin. -->","yoast_head_json":{"title":"Die Datenschutzbestimmungen - Waffe online kaufen USA","robots":{"index":"index","follow":"follow","max-snippet":"max-snippet:-1","max-image-preview":"max-image-preview:large","max-video-preview":"max-video-preview:-1"},"canonical":"https:\/\/www.gunmeplug.com\/de\/die-datenschutzpolitik\/","og_locale":"de_DE","og_type":"article","og_title":"The Privacy Policy - Buy gun online USA","og_url":"https:\/\/www.gunmeplug.com\/de\/die-datenschutzpolitik\/","og_site_name":"Buy gun online USA","article_modified_time":"2023-05-03T10:00:07+00:00","twitter_card":"summary_large_image","twitter_misc":{"Gesch\u00e4tzte Lesezeit":"7\u00a0Minuten"},"schema":{"@context":"https:\/\/schema.org","@graph":[{"@type":"WebPage","@id":"https:\/\/www.gunmeplug.com\/the-privacy-policy\/","url":"https:\/\/www.gunmeplug.com\/the-privacy-policy\/","name":"Die Datenschutzbestimmungen - Waffe online kaufen USA","isPartOf":{"@id":"https:\/\/www.gunmeplug.com\/#website"},"datePublished":"2016-02-22T09:13:48+00:00","dateModified":"2023-05-03T10:00:07+00:00","breadcrumb":{"@id":"https:\/\/www.gunmeplug.com\/the-privacy-policy\/#breadcrumb"},"inLanguage":"de","potentialAction":[{"@type":"ReadAction","target":["https:\/\/www.gunmeplug.com\/the-privacy-policy\/"]}]},{"@type":"BreadcrumbList","@id":"https:\/\/www.gunmeplug.com\/the-privacy-policy\/#breadcrumb","itemListElement":[{"@type":"ListItem","position":1,"name":"Home","item":"https:\/\/www.gunmeplug.com\/es\/"},{"@type":"ListItem","position":2,"name":"The Privacy Policy"}]},{"@type":"WebSite","@id":"https:\/\/www.gunmeplug.com\/#website","url":"https:\/\/www.gunmeplug.com\/","name":"Waffe online kaufen USA","description":"Feuerwaffen online zu verkaufen","potentialAction":[{"@type":"SearchAction","target":{"@type":"EntryPoint","urlTemplate":"https:\/\/www.gunmeplug.com\/?s={search_term_string}"},"query-input":{"@type":"PropertyValueSpecification","valueRequired":true,"valueName":"search_term_string"}}],"inLanguage":"de"}]}},"_links":{"self":[{"href":"https:\/\/www.gunmeplug.com\/de\/wp-json\/wp\/v2\/pages\/1614","targetHints":{"allow":["GET"]}}],"collection":[{"href":"https:\/\/www.gunmeplug.com\/de\/wp-json\/wp\/v2\/pages"}],"about":[{"href":"https:\/\/www.gunmeplug.com\/de\/wp-json\/wp\/v2\/types\/page"}],"author":[{"embeddable":true,"href":"https:\/\/www.gunmeplug.com\/de\/wp-json\/wp\/v2\/users\/1"}],"replies":[{"embeddable":true,"href":"https:\/\/www.gunmeplug.com\/de\/wp-json\/wp\/v2\/comments?post=1614"}],"version-history":[{"count":2,"href":"https:\/\/www.gunmeplug.com\/de\/wp-json\/wp\/v2\/pages\/1614\/revisions"}],"predecessor-version":[{"id":3414,"href":"https:\/\/www.gunmeplug.com\/de\/wp-json\/wp\/v2\/pages\/1614\/revisions\/3414"}],"wp:attachment":[{"href":"https:\/\/www.gunmeplug.com\/de\/wp-json\/wp\/v2\/media?parent=1614"}],"curies":[{"name":"wp","href":"https:\/\/api.w.org\/{rel}","templated":true}]}}