{"id":3443,"date":"2023-05-04T08:31:39","date_gmt":"2023-05-04T08:31:39","guid":{"rendered":"https:\/\/www.gunmeplug.com\/?post_type=product&#038;p=3443"},"modified":"2023-05-04T09:42:00","modified_gmt":"2023-05-04T09:42:00","slug":"kci-glock-compatible-17-18-19-26-34-9mm-33-round-extended-magazine-kci-mz008","status":"publish","type":"product","link":"https:\/\/www.gunmeplug.com\/da\/produkt\/kci-glock-compatible-17-18-19-26-34-9mm-33-round-extended-magazine-kci-mz008\/","title":{"rendered":"KCI Glock-kompatibelt 17\/18\/19\/26\/34 9mm 33-runds forl\u00e6nget magasin KCI-MZ008"},"content":{"rendered":"<h3 class=\"tab_content_head\">DETALJER<\/h3>\n<div class=\"product attribute description\">\n<div class=\"value\">\n<p>Designet til at passe til dine dobbeltstablede Glock-h\u00e5ndv\u00e5ben med kammer i 9 mm, dette KCI-udskiftningsmagasin giver p\u00e5lidelig, j\u00e6vn fremf\u00f8ringshandling til din yndlingspistol. Til brug med Glock 17\/18\/19\/26\/34 pistoler. 33-rund kapacitet.<\/p>\n<\/div>\n<\/div>","protected":false},"excerpt":{"rendered":"<p>DETALJER Dette KCI-erstatningsmagasin er designet til at passe til dine dobbeltstakkede Glock-pistoler i 9 mm og giver p\u00e5lidelig, j\u00e6vn fremf\u00f8ring til din yndlingspistol. Til brug med Glock 17\/18\/19\/26\/34-pistoler. Kapacitet p\u00e5 33 skud.<\/p>","protected":false},"featured_media":3448,"template":"","meta":{"_acf_changed":false,"_joinchat":[]},"product_brand":[],"product_cat":[332,331],"product_tag":[],"class_list":{"0":"post-3443","1":"product","2":"type-product","3":"status-publish","4":"has-post-thumbnail","6":"product_cat-accessories","7":"product_cat-magazines","9":"first","10":"instock","11":"shipping-taxable","12":"purchasable","13":"product-type-simple"},"acf":[],"yoast_head":"<!-- This site is optimized with the Yoast SEO plugin v26.3 - https:\/\/yoast.com\/wordpress\/plugins\/seo\/ -->\n<title>KCI Glock-Compatible 17\/18\/19\/26\/34 9mm 33-Round Extended Magazine KCI-MZ008 - Buy gun online USA<\/title>\n<meta name=\"robots\" content=\"index, follow, max-snippet:-1, max-image-preview:large, max-video-preview:-1\" \/>\n<link rel=\"canonical\" href=\"https:\/\/www.gunmeplug.com\/da\/produkt\/kci-glock-compatible-17-18-19-26-34-9mm-33-round-extended-magazine-kci-mz008\/\" \/>\n<meta property=\"og:locale\" content=\"da_DK\" \/>\n<meta property=\"og:type\" content=\"article\" \/>\n<meta property=\"og:title\" content=\"KCI Glock-Compatible 17\/18\/19\/26\/34 9mm 33-Round Extended Magazine KCI-MZ008 - Buy gun online USA\" \/>\n<meta property=\"og:description\" content=\"DETAILS Designed to fit your double-stack Glock handguns chambered in 9mm, this KCI Replacement Magazine provides reliable, smooth-feeding action for your favorite pistol. For use with Glock 17\/18\/19\/26\/34 pistols. 33-round capacity.\" \/>\n<meta property=\"og:url\" content=\"https:\/\/www.gunmeplug.com\/da\/produkt\/kci-glock-compatible-17-18-19-26-34-9mm-33-round-extended-magazine-kci-mz008\/\" \/>\n<meta property=\"og:site_name\" content=\"Buy gun online USA\" \/>\n<meta property=\"article:modified_time\" content=\"2023-05-04T09:42:00+00:00\" \/>\n<meta property=\"og:image\" content=\"https:\/\/www.gunmeplug.com\/wp-content\/uploads\/2023\/05\/KCI-Glock-Compatible.jpg\" \/>\n\t<meta property=\"og:image:width\" content=\"600\" \/>\n\t<meta property=\"og:image:height\" content=\"600\" \/>\n\t<meta property=\"og:image:type\" content=\"image\/jpeg\" \/>\n<meta name=\"twitter:card\" content=\"summary_large_image\" \/>\n<script type=\"application\/ld+json\" class=\"yoast-schema-graph\">{\"@context\":\"https:\/\/schema.org\",\"@graph\":[{\"@type\":\"WebPage\",\"@id\":\"https:\/\/www.gunmeplug.com\/product\/kci-glock-compatible-17-18-19-26-34-9mm-33-round-extended-magazine-kci-mz008\/\",\"url\":\"https:\/\/www.gunmeplug.com\/product\/kci-glock-compatible-17-18-19-26-34-9mm-33-round-extended-magazine-kci-mz008\/\",\"name\":\"KCI Glock-Compatible 17\/18\/19\/26\/34 9mm 33-Round Extended Magazine KCI-MZ008 - Buy gun online USA\",\"isPartOf\":{\"@id\":\"https:\/\/www.gunmeplug.com\/#website\"},\"primaryImageOfPage\":{\"@id\":\"https:\/\/www.gunmeplug.com\/product\/kci-glock-compatible-17-18-19-26-34-9mm-33-round-extended-magazine-kci-mz008\/#primaryimage\"},\"image\":{\"@id\":\"https:\/\/www.gunmeplug.com\/product\/kci-glock-compatible-17-18-19-26-34-9mm-33-round-extended-magazine-kci-mz008\/#primaryimage\"},\"thumbnailUrl\":\"https:\/\/www.gunmeplug.com\/wp-content\/uploads\/2023\/05\/KCI-Glock-Compatible.jpg\",\"datePublished\":\"2023-05-04T08:31:39+00:00\",\"dateModified\":\"2023-05-04T09:42:00+00:00\",\"breadcrumb\":{\"@id\":\"https:\/\/www.gunmeplug.com\/product\/kci-glock-compatible-17-18-19-26-34-9mm-33-round-extended-magazine-kci-mz008\/#breadcrumb\"},\"inLanguage\":\"da-DK\",\"potentialAction\":[{\"@type\":\"ReadAction\",\"target\":[\"https:\/\/www.gunmeplug.com\/product\/kci-glock-compatible-17-18-19-26-34-9mm-33-round-extended-magazine-kci-mz008\/\"]}]},{\"@type\":\"ImageObject\",\"inLanguage\":\"da-DK\",\"@id\":\"https:\/\/www.gunmeplug.com\/product\/kci-glock-compatible-17-18-19-26-34-9mm-33-round-extended-magazine-kci-mz008\/#primaryimage\",\"url\":\"https:\/\/www.gunmeplug.com\/wp-content\/uploads\/2023\/05\/KCI-Glock-Compatible.jpg\",\"contentUrl\":\"https:\/\/www.gunmeplug.com\/wp-content\/uploads\/2023\/05\/KCI-Glock-Compatible.jpg\",\"width\":600,\"height\":600,\"caption\":\"KCI-Glock-Compatible\"},{\"@type\":\"BreadcrumbList\",\"@id\":\"https:\/\/www.gunmeplug.com\/product\/kci-glock-compatible-17-18-19-26-34-9mm-33-round-extended-magazine-kci-mz008\/#breadcrumb\",\"itemListElement\":[{\"@type\":\"ListItem\",\"position\":1,\"name\":\"Home\",\"item\":\"https:\/\/www.gunmeplug.com\/es\/\"},{\"@type\":\"ListItem\",\"position\":2,\"name\":\"Shop\",\"item\":\"https:\/\/www.gunmeplug.com\/es\/shop\/\"},{\"@type\":\"ListItem\",\"position\":3,\"name\":\"KCI Glock-Compatible 17\/18\/19\/26\/34 9mm 33-Round Extended Magazine KCI-MZ008\"}]},{\"@type\":\"WebSite\",\"@id\":\"https:\/\/www.gunmeplug.com\/#website\",\"url\":\"https:\/\/www.gunmeplug.com\/\",\"name\":\"Buy gun online USA\",\"description\":\"FireArms for sale online \",\"potentialAction\":[{\"@type\":\"SearchAction\",\"target\":{\"@type\":\"EntryPoint\",\"urlTemplate\":\"https:\/\/www.gunmeplug.com\/?s={search_term_string}\"},\"query-input\":{\"@type\":\"PropertyValueSpecification\",\"valueRequired\":true,\"valueName\":\"search_term_string\"}}],\"inLanguage\":\"da-DK\"}]}<\/script>\n<!-- \/ Yoast SEO plugin. -->","yoast_head_json":{"title":"KCI Glock-kompatibelt 17\/18\/19\/26\/34 9mm 33-runds forl\u00e6nget magasin KCI-MZ008 - K\u00f8b pistol online USA","robots":{"index":"index","follow":"follow","max-snippet":"max-snippet:-1","max-image-preview":"max-image-preview:large","max-video-preview":"max-video-preview:-1"},"canonical":"https:\/\/www.gunmeplug.com\/da\/produkt\/kci-glock-compatible-17-18-19-26-34-9mm-33-round-extended-magazine-kci-mz008\/","og_locale":"da_DK","og_type":"article","og_title":"KCI Glock-Compatible 17\/18\/19\/26\/34 9mm 33-Round Extended Magazine KCI-MZ008 - Buy gun online USA","og_description":"DETAILS Designed to fit your double-stack Glock handguns chambered in 9mm, this KCI Replacement Magazine provides reliable, smooth-feeding action for your favorite pistol. For use with Glock 17\/18\/19\/26\/34 pistols. 33-round capacity.","og_url":"https:\/\/www.gunmeplug.com\/da\/produkt\/kci-glock-compatible-17-18-19-26-34-9mm-33-round-extended-magazine-kci-mz008\/","og_site_name":"Buy gun online USA","article_modified_time":"2023-05-04T09:42:00+00:00","og_image":[{"width":600,"height":600,"url":"https:\/\/www.gunmeplug.com\/wp-content\/uploads\/2023\/05\/KCI-Glock-Compatible.jpg","type":"image\/jpeg"}],"twitter_card":"summary_large_image","schema":{"@context":"https:\/\/schema.org","@graph":[{"@type":"WebPage","@id":"https:\/\/www.gunmeplug.com\/product\/kci-glock-compatible-17-18-19-26-34-9mm-33-round-extended-magazine-kci-mz008\/","url":"https:\/\/www.gunmeplug.com\/product\/kci-glock-compatible-17-18-19-26-34-9mm-33-round-extended-magazine-kci-mz008\/","name":"KCI Glock-kompatibelt 17\/18\/19\/26\/34 9mm 33-runds forl\u00e6nget magasin KCI-MZ008 - K\u00f8b pistol online USA","isPartOf":{"@id":"https:\/\/www.gunmeplug.com\/#website"},"primaryImageOfPage":{"@id":"https:\/\/www.gunmeplug.com\/product\/kci-glock-compatible-17-18-19-26-34-9mm-33-round-extended-magazine-kci-mz008\/#primaryimage"},"image":{"@id":"https:\/\/www.gunmeplug.com\/product\/kci-glock-compatible-17-18-19-26-34-9mm-33-round-extended-magazine-kci-mz008\/#primaryimage"},"thumbnailUrl":"https:\/\/www.gunmeplug.com\/wp-content\/uploads\/2023\/05\/KCI-Glock-Compatible.jpg","datePublished":"2023-05-04T08:31:39+00:00","dateModified":"2023-05-04T09:42:00+00:00","breadcrumb":{"@id":"https:\/\/www.gunmeplug.com\/product\/kci-glock-compatible-17-18-19-26-34-9mm-33-round-extended-magazine-kci-mz008\/#breadcrumb"},"inLanguage":"da-DK","potentialAction":[{"@type":"ReadAction","target":["https:\/\/www.gunmeplug.com\/product\/kci-glock-compatible-17-18-19-26-34-9mm-33-round-extended-magazine-kci-mz008\/"]}]},{"@type":"ImageObject","inLanguage":"da-DK","@id":"https:\/\/www.gunmeplug.com\/product\/kci-glock-compatible-17-18-19-26-34-9mm-33-round-extended-magazine-kci-mz008\/#primaryimage","url":"https:\/\/www.gunmeplug.com\/wp-content\/uploads\/2023\/05\/KCI-Glock-Compatible.jpg","contentUrl":"https:\/\/www.gunmeplug.com\/wp-content\/uploads\/2023\/05\/KCI-Glock-Compatible.jpg","width":600,"height":600,"caption":"KCI-Glock-Compatible"},{"@type":"BreadcrumbList","@id":"https:\/\/www.gunmeplug.com\/product\/kci-glock-compatible-17-18-19-26-34-9mm-33-round-extended-magazine-kci-mz008\/#breadcrumb","itemListElement":[{"@type":"ListItem","position":1,"name":"Home","item":"https:\/\/www.gunmeplug.com\/es\/"},{"@type":"ListItem","position":2,"name":"Shop","item":"https:\/\/www.gunmeplug.com\/es\/shop\/"},{"@type":"ListItem","position":3,"name":"KCI Glock-Compatible 17\/18\/19\/26\/34 9mm 33-Round Extended Magazine KCI-MZ008"}]},{"@type":"WebSite","@id":"https:\/\/www.gunmeplug.com\/#website","url":"https:\/\/www.gunmeplug.com\/","name":"K\u00f8b pistol online USA","description":"FireArms til salg online","potentialAction":[{"@type":"SearchAction","target":{"@type":"EntryPoint","urlTemplate":"https:\/\/www.gunmeplug.com\/?s={search_term_string}"},"query-input":{"@type":"PropertyValueSpecification","valueRequired":true,"valueName":"search_term_string"}}],"inLanguage":"da-DK"}]}},"_links":{"self":[{"href":"https:\/\/www.gunmeplug.com\/da\/wp-json\/wp\/v2\/product\/3443","targetHints":{"allow":["GET"]}}],"collection":[{"href":"https:\/\/www.gunmeplug.com\/da\/wp-json\/wp\/v2\/product"}],"about":[{"href":"https:\/\/www.gunmeplug.com\/da\/wp-json\/wp\/v2\/types\/product"}],"wp:featuredmedia":[{"embeddable":true,"href":"https:\/\/www.gunmeplug.com\/da\/wp-json\/wp\/v2\/media\/3448"}],"wp:attachment":[{"href":"https:\/\/www.gunmeplug.com\/da\/wp-json\/wp\/v2\/media?parent=3443"}],"wp:term":[{"taxonomy":"product_brand","embeddable":true,"href":"https:\/\/www.gunmeplug.com\/da\/wp-json\/wp\/v2\/product_brand?post=3443"},{"taxonomy":"product_cat","embeddable":true,"href":"https:\/\/www.gunmeplug.com\/da\/wp-json\/wp\/v2\/product_cat?post=3443"},{"taxonomy":"product_tag","embeddable":true,"href":"https:\/\/www.gunmeplug.com\/da\/wp-json\/wp\/v2\/product_tag?post=3443"}],"curies":[{"name":"wp","href":"https:\/\/api.w.org\/{rel}","templated":true}]}}