{"id":3442,"date":"2023-05-04T08:31:44","date_gmt":"2023-05-04T08:31:44","guid":{"rendered":"https:\/\/www.gunmeplug.com\/?post_type=product&#038;p=3442"},"modified":"2023-05-04T09:41:49","modified_gmt":"2023-05-04T09:41:49","slug":"mft-standard-kapacitet-polymer-30-rd-magasin-scpm556","status":"publish","type":"product","link":"https:\/\/www.gunmeplug.com\/da\/produkt\/mft-standard-kapacitet-polymer-30-rd-magasin-scpm556\/","title":{"rendered":"MFT Standard Capacity Polymer 30 RD Magazine SCPM556"},"content":{"rendered":"<h3 class=\"tab_content_head\">DETALJER<\/h3>\n<div class=\"product attribute description\">\n<div class=\"value\">\n<p>MFT Standard Capacity Polymer 30 RD Magazine SCPM556 er et 5.56 NATO-magasin udviklet som en forbedring af standard STANAG-designet. Demontering kr\u00e6ver intet v\u00e6rkt\u00f8j. Livstidsgaranti og lavet i USA!<\/p>\n<p><strong>Produktfunktioner:<\/strong><\/p>\n<ul>\n<li>MFT stipple tekstur<\/li>\n<li>Lav profil ribben foran tekstur<\/li>\n<li>Udvidet gulvplade<\/li>\n<li>Mal Pen dot matrix p\u00e5 gulvplade<\/li>\n<li>Dr\u00e6nhuller<\/li>\n<li>V\u00e6rkt\u00f8jsfri demontering med dobbelte gulvplade sikkerhedsudl\u00f8serfaner<\/li>\n<li>Hurtig ammunitionsdump<\/li>\n<li>Langtidsholdbar fjeder i rustfrit st\u00e5l<\/li>\n<li>Fire-vejs anti-vip f\u00f8lger<\/li>\n<li>Overdimensioneret mag fangst<\/li>\n<\/ul>\n<\/div>\n<\/div>","protected":false},"excerpt":{"rendered":"<p>DETALJER MFT Standard Capacity Polymer 30 RD Magazine SCPM556 er et 5,56 NATO-magasin, der er konstrueret som en forbedring af standard STANAG-designet. Adskillelse kr\u00e6ver intet v\u00e6rkt\u00f8j. Livstidsgaranti og fremstillet i USA! Produktegenskaber: MFT stipple tekstur Lav profil ribber front tekstur Flared bundplade Paint Pen dot matrix p\u00e5 bundplade [...]<\/p>","protected":false},"featured_media":3447,"template":"","meta":{"_acf_changed":false,"_joinchat":[]},"product_brand":[],"product_cat":[332,331],"product_tag":[],"class_list":{"0":"post-3442","1":"product","2":"type-product","3":"status-publish","4":"has-post-thumbnail","6":"product_cat-accessories","7":"product_cat-magazines","9":"first","10":"instock","11":"shipping-taxable","12":"purchasable","13":"product-type-simple"},"acf":[],"yoast_head":"<!-- This site is optimized with the Yoast SEO plugin v26.3 - https:\/\/yoast.com\/wordpress\/plugins\/seo\/ -->\n<title>MFT Standard Capacity Polymer 30 RD Magazine SCPM556 - Buy gun online USA<\/title>\n<meta name=\"robots\" content=\"index, follow, max-snippet:-1, max-image-preview:large, max-video-preview:-1\" \/>\n<link rel=\"canonical\" href=\"https:\/\/www.gunmeplug.com\/da\/produkt\/mft-standard-kapacitet-polymer-30-rd-magasin-scpm556\/\" \/>\n<meta property=\"og:locale\" content=\"da_DK\" \/>\n<meta property=\"og:type\" content=\"article\" \/>\n<meta property=\"og:title\" content=\"MFT Standard Capacity Polymer 30 RD Magazine SCPM556 - Buy gun online USA\" \/>\n<meta property=\"og:description\" content=\"DETAILS The MFT Standard Capacity Polymer 30 RD Magazine SCPM556 is a 5.56 NATO magazine engineered as an enhancement of the standard STANAG design. Disassembly requires no tools. Lifetime warranty and made in the USA! Product Features: MFT stipple texture Low profile ribs front texture Flared floor plate Paint Pen dot matrix on floor plate [&hellip;]\" \/>\n<meta property=\"og:url\" content=\"https:\/\/www.gunmeplug.com\/da\/produkt\/mft-standard-kapacitet-polymer-30-rd-magasin-scpm556\/\" \/>\n<meta property=\"og:site_name\" content=\"Buy gun online USA\" \/>\n<meta property=\"article:modified_time\" content=\"2023-05-04T09:41:49+00:00\" \/>\n<meta property=\"og:image\" content=\"https:\/\/www.gunmeplug.com\/wp-content\/uploads\/2023\/05\/MFT-Standard-Capacity-Polymer.jpg\" \/>\n\t<meta property=\"og:image:width\" content=\"600\" \/>\n\t<meta property=\"og:image:height\" content=\"600\" \/>\n\t<meta property=\"og:image:type\" content=\"image\/jpeg\" \/>\n<meta name=\"twitter:card\" content=\"summary_large_image\" \/>\n<script type=\"application\/ld+json\" class=\"yoast-schema-graph\">{\"@context\":\"https:\/\/schema.org\",\"@graph\":[{\"@type\":\"WebPage\",\"@id\":\"https:\/\/www.gunmeplug.com\/da\/produkt\/mft-standard-kapacitet-polymer-30-rd-magasin-scpm556\/\",\"url\":\"https:\/\/www.gunmeplug.com\/da\/produkt\/mft-standard-kapacitet-polymer-30-rd-magasin-scpm556\/\",\"name\":\"MFT Standard Capacity Polymer 30 RD Magazine SCPM556 - Buy gun online USA\",\"isPartOf\":{\"@id\":\"https:\/\/www.gunmeplug.com\/#website\"},\"primaryImageOfPage\":{\"@id\":\"https:\/\/www.gunmeplug.com\/da\/produkt\/mft-standard-kapacitet-polymer-30-rd-magasin-scpm556\/#primaryimage\"},\"image\":{\"@id\":\"https:\/\/www.gunmeplug.com\/da\/produkt\/mft-standard-kapacitet-polymer-30-rd-magasin-scpm556\/#primaryimage\"},\"thumbnailUrl\":\"https:\/\/www.gunmeplug.com\/wp-content\/uploads\/2023\/05\/MFT-Standard-Capacity-Polymer.jpg\",\"datePublished\":\"2023-05-04T08:31:44+00:00\",\"dateModified\":\"2023-05-04T09:41:49+00:00\",\"breadcrumb\":{\"@id\":\"https:\/\/www.gunmeplug.com\/da\/produkt\/mft-standard-kapacitet-polymer-30-rd-magasin-scpm556\/#breadcrumb\"},\"inLanguage\":\"da-DK\",\"potentialAction\":[{\"@type\":\"ReadAction\",\"target\":[\"https:\/\/www.gunmeplug.com\/da\/produkt\/mft-standard-kapacitet-polymer-30-rd-magasin-scpm556\/\"]}]},{\"@type\":\"ImageObject\",\"inLanguage\":\"da-DK\",\"@id\":\"https:\/\/www.gunmeplug.com\/da\/produkt\/mft-standard-kapacitet-polymer-30-rd-magasin-scpm556\/#primaryimage\",\"url\":\"https:\/\/www.gunmeplug.com\/wp-content\/uploads\/2023\/05\/MFT-Standard-Capacity-Polymer.jpg\",\"contentUrl\":\"https:\/\/www.gunmeplug.com\/wp-content\/uploads\/2023\/05\/MFT-Standard-Capacity-Polymer.jpg\",\"width\":600,\"height\":600,\"caption\":\"MFT-Standard-Capacity-Polymer\"},{\"@type\":\"BreadcrumbList\",\"@id\":\"https:\/\/www.gunmeplug.com\/da\/produkt\/mft-standard-kapacitet-polymer-30-rd-magasin-scpm556\/#breadcrumb\",\"itemListElement\":[{\"@type\":\"ListItem\",\"position\":1,\"name\":\"Home\",\"item\":\"https:\/\/www.gunmeplug.com\/es\/\"},{\"@type\":\"ListItem\",\"position\":2,\"name\":\"Shop\",\"item\":\"https:\/\/www.gunmeplug.com\/es\/shop\/\"},{\"@type\":\"ListItem\",\"position\":3,\"name\":\"MFT Standard Capacity Polymer 30 RD Magazine SCPM556\"}]},{\"@type\":\"WebSite\",\"@id\":\"https:\/\/www.gunmeplug.com\/#website\",\"url\":\"https:\/\/www.gunmeplug.com\/\",\"name\":\"Buy gun online USA\",\"description\":\"FireArms for sale online \",\"potentialAction\":[{\"@type\":\"SearchAction\",\"target\":{\"@type\":\"EntryPoint\",\"urlTemplate\":\"https:\/\/www.gunmeplug.com\/?s={search_term_string}\"},\"query-input\":{\"@type\":\"PropertyValueSpecification\",\"valueRequired\":true,\"valueName\":\"search_term_string\"}}],\"inLanguage\":\"da-DK\"}]}<\/script>\n<!-- \/ Yoast SEO plugin. -->","yoast_head_json":{"title":"MFT Standard Capacity Polymer 30 RD Magazine SCPM556 - K\u00f8b pistol online USA","robots":{"index":"index","follow":"follow","max-snippet":"max-snippet:-1","max-image-preview":"max-image-preview:large","max-video-preview":"max-video-preview:-1"},"canonical":"https:\/\/www.gunmeplug.com\/da\/produkt\/mft-standard-kapacitet-polymer-30-rd-magasin-scpm556\/","og_locale":"da_DK","og_type":"article","og_title":"MFT Standard Capacity Polymer 30 RD Magazine SCPM556 - Buy gun online USA","og_description":"DETAILS The MFT Standard Capacity Polymer 30 RD Magazine SCPM556 is a 5.56 NATO magazine engineered as an enhancement of the standard STANAG design. Disassembly requires no tools. Lifetime warranty and made in the USA! Product Features: MFT stipple texture Low profile ribs front texture Flared floor plate Paint Pen dot matrix on floor plate [&hellip;]","og_url":"https:\/\/www.gunmeplug.com\/da\/produkt\/mft-standard-kapacitet-polymer-30-rd-magasin-scpm556\/","og_site_name":"Buy gun online USA","article_modified_time":"2023-05-04T09:41:49+00:00","og_image":[{"width":600,"height":600,"url":"https:\/\/www.gunmeplug.com\/wp-content\/uploads\/2023\/05\/MFT-Standard-Capacity-Polymer.jpg","type":"image\/jpeg"}],"twitter_card":"summary_large_image","schema":{"@context":"https:\/\/schema.org","@graph":[{"@type":"WebPage","@id":"https:\/\/www.gunmeplug.com\/da\/produkt\/mft-standard-kapacitet-polymer-30-rd-magasin-scpm556\/","url":"https:\/\/www.gunmeplug.com\/da\/produkt\/mft-standard-kapacitet-polymer-30-rd-magasin-scpm556\/","name":"MFT Standard Capacity Polymer 30 RD Magazine SCPM556 - K\u00f8b pistol online USA","isPartOf":{"@id":"https:\/\/www.gunmeplug.com\/#website"},"primaryImageOfPage":{"@id":"https:\/\/www.gunmeplug.com\/da\/produkt\/mft-standard-kapacitet-polymer-30-rd-magasin-scpm556\/#primaryimage"},"image":{"@id":"https:\/\/www.gunmeplug.com\/da\/produkt\/mft-standard-kapacitet-polymer-30-rd-magasin-scpm556\/#primaryimage"},"thumbnailUrl":"https:\/\/www.gunmeplug.com\/wp-content\/uploads\/2023\/05\/MFT-Standard-Capacity-Polymer.jpg","datePublished":"2023-05-04T08:31:44+00:00","dateModified":"2023-05-04T09:41:49+00:00","breadcrumb":{"@id":"https:\/\/www.gunmeplug.com\/da\/produkt\/mft-standard-kapacitet-polymer-30-rd-magasin-scpm556\/#breadcrumb"},"inLanguage":"da-DK","potentialAction":[{"@type":"ReadAction","target":["https:\/\/www.gunmeplug.com\/da\/produkt\/mft-standard-kapacitet-polymer-30-rd-magasin-scpm556\/"]}]},{"@type":"ImageObject","inLanguage":"da-DK","@id":"https:\/\/www.gunmeplug.com\/da\/produkt\/mft-standard-kapacitet-polymer-30-rd-magasin-scpm556\/#primaryimage","url":"https:\/\/www.gunmeplug.com\/wp-content\/uploads\/2023\/05\/MFT-Standard-Capacity-Polymer.jpg","contentUrl":"https:\/\/www.gunmeplug.com\/wp-content\/uploads\/2023\/05\/MFT-Standard-Capacity-Polymer.jpg","width":600,"height":600,"caption":"MFT-Standard-Capacity-Polymer"},{"@type":"BreadcrumbList","@id":"https:\/\/www.gunmeplug.com\/da\/produkt\/mft-standard-kapacitet-polymer-30-rd-magasin-scpm556\/#breadcrumb","itemListElement":[{"@type":"ListItem","position":1,"name":"Home","item":"https:\/\/www.gunmeplug.com\/es\/"},{"@type":"ListItem","position":2,"name":"Shop","item":"https:\/\/www.gunmeplug.com\/es\/shop\/"},{"@type":"ListItem","position":3,"name":"MFT Standard Capacity Polymer 30 RD Magazine SCPM556"}]},{"@type":"WebSite","@id":"https:\/\/www.gunmeplug.com\/#website","url":"https:\/\/www.gunmeplug.com\/","name":"K\u00f8b pistol online USA","description":"FireArms til salg online","potentialAction":[{"@type":"SearchAction","target":{"@type":"EntryPoint","urlTemplate":"https:\/\/www.gunmeplug.com\/?s={search_term_string}"},"query-input":{"@type":"PropertyValueSpecification","valueRequired":true,"valueName":"search_term_string"}}],"inLanguage":"da-DK"}]}},"_links":{"self":[{"href":"https:\/\/www.gunmeplug.com\/da\/wp-json\/wp\/v2\/product\/3442","targetHints":{"allow":["GET"]}}],"collection":[{"href":"https:\/\/www.gunmeplug.com\/da\/wp-json\/wp\/v2\/product"}],"about":[{"href":"https:\/\/www.gunmeplug.com\/da\/wp-json\/wp\/v2\/types\/product"}],"wp:featuredmedia":[{"embeddable":true,"href":"https:\/\/www.gunmeplug.com\/da\/wp-json\/wp\/v2\/media\/3447"}],"wp:attachment":[{"href":"https:\/\/www.gunmeplug.com\/da\/wp-json\/wp\/v2\/media?parent=3442"}],"wp:term":[{"taxonomy":"product_brand","embeddable":true,"href":"https:\/\/www.gunmeplug.com\/da\/wp-json\/wp\/v2\/product_brand?post=3442"},{"taxonomy":"product_cat","embeddable":true,"href":"https:\/\/www.gunmeplug.com\/da\/wp-json\/wp\/v2\/product_cat?post=3442"},{"taxonomy":"product_tag","embeddable":true,"href":"https:\/\/www.gunmeplug.com\/da\/wp-json\/wp\/v2\/product_tag?post=3442"}],"curies":[{"name":"wp","href":"https:\/\/api.w.org\/{rel}","templated":true}]}}