{"id":3144,"date":"2021-04-08T06:24:40","date_gmt":"2021-04-08T06:24:40","guid":{"rendered":"https:\/\/www.gunmeplug.com\/?post_type=product&#038;p=3144"},"modified":"2024-10-10T08:56:20","modified_gmt":"2024-10-10T08:56:20","slug":"smith-wesson-m-p15-sport-ii","status":"publish","type":"product","link":"https:\/\/www.gunmeplug.com\/da\/produkt\/smith-wesson-m-p15-sport-ii\/","title":{"rendered":"Smith &#038; Wesson M&#038;P15 Sport II .223\/5.56 AR-15 Rifle 10202"},"content":{"rendered":"<h2>Smith &amp; Wesson M&amp;P15 SPORT II<\/h2>\n<p>Smith Wesson mp15 sport ii, is The M&amp;P line of Modern Sporting Rifles are lightweight, long-distance semi-auto Rifles that are easy to accessorize &#8212;<a href=\"https:\/\/www.gunmeplug.com\/da\/produkt\/smith-wesson-m-p15-sport-ii\/\"> men<\/a> Sv\u00e6r at nedl\u00e6gge. M&amp;P-gev\u00e6rerne er designet til at kunne bruges til mange form\u00e5l under alle forhold, og de er f\u00f8rende inden for alsidighed for sportsskytter, j\u00e6gere og konkurrenceskytter. Den nye M&amp;P15 Sport II er udstyret med st\u00f8vd\u00e6ksel og forward assist.<\/p>\n<p><strong>Funktioner:<\/strong><br \/>\nHj\u00e6lp fremad<br \/>\nSt\u00f8vomslag<br \/>\nSammenklappeligt skaft med 6 positioner<br \/>\nMagpul foldbart MBUS-sigte bagtil og justerbart A2-sigte fortil<br \/>\nSmedet indvendig aftr\u00e6kkerb\u00f8jle<br \/>\nH\u00e5ndbeskytter af h\u00f8jtemperatur-polymer<br \/>\n30rd. Magpul PMAG <a href=\"https:\/\/en.wikipedia.org\/wiki\/Gun#Military\">magasin<\/a><br \/>\nKompensator til flashd\u00e6mper<\/p>","protected":false},"excerpt":{"rendered":"<p>Smith &amp; Wesson M&amp;P15 SPORT II Smith Wesson mp15 sport ii, is The M&amp;P line of Modern Sporting Rifles are lightweight, long-distance semi-auto Rifles that are easy to accessorize &#8212; but tough to put down. Designed to perform multiple uses under all conditions, M&amp;P Rifles are the versatile field leader for sport shooters, hunters and [&hellip;]<\/p>","protected":false},"featured_media":3145,"template":"","meta":{"_acf_changed":false,"_joinchat":[]},"product_brand":[],"product_cat":[166],"product_tag":[],"class_list":{"0":"post-3144","1":"product","2":"type-product","3":"status-publish","4":"has-post-thumbnail","6":"product_cat-rifles","8":"first","9":"instock","10":"sale","11":"shipping-taxable","12":"purchasable","13":"product-type-simple"},"acf":[],"yoast_head":"<!-- This site is optimized with the Yoast SEO plugin v26.3 - https:\/\/yoast.com\/wordpress\/plugins\/seo\/ -->\n<title>smith wesson mp15 sport ii, smith and wesson m&amp;p 15 sport 2 for sale<\/title>\n<meta name=\"description\" content=\"smith wesson mp15 sport ii, The Smith &amp; Wesson M&amp;P15 Sport II is a low cost, entry-level AR15 built to the same high quality you can expect from Smith &amp; Wesson.\" \/>\n<meta name=\"robots\" content=\"index, follow, max-snippet:-1, max-image-preview:large, max-video-preview:-1\" \/>\n<link rel=\"canonical\" href=\"https:\/\/www.gunmeplug.com\/da\/produkt\/smith-wesson-m-p15-sport-ii\/\" \/>\n<meta property=\"og:locale\" content=\"da_DK\" \/>\n<meta property=\"og:type\" content=\"article\" \/>\n<meta property=\"og:title\" content=\"smith wesson mp15 sport ii, smith and wesson m&amp;p 15 sport 2 for sale\" \/>\n<meta property=\"og:description\" content=\"smith wesson mp15 sport ii, The Smith &amp; Wesson M&amp;P15 Sport II is a low cost, entry-level AR15 built to the same high quality you can expect from Smith &amp; Wesson.\" \/>\n<meta property=\"og:url\" content=\"https:\/\/www.gunmeplug.com\/da\/produkt\/smith-wesson-m-p15-sport-ii\/\" \/>\n<meta property=\"og:site_name\" content=\"Buy gun online USA\" \/>\n<meta property=\"article:modified_time\" content=\"2024-10-10T08:56:20+00:00\" \/>\n<meta property=\"og:image\" content=\"https:\/\/www.gunmeplug.com\/wp-content\/uploads\/2021\/04\/smith-wesson-m-p15-sport-ii.jpg\" \/>\n\t<meta property=\"og:image:width\" content=\"600\" \/>\n\t<meta property=\"og:image:height\" content=\"600\" \/>\n\t<meta property=\"og:image:type\" content=\"image\/jpeg\" \/>\n<meta name=\"twitter:card\" content=\"summary_large_image\" \/>\n<meta name=\"twitter:label1\" content=\"Estimeret l\u00e6setid\" \/>\n\t<meta name=\"twitter:data1\" content=\"1 minut\" \/>\n<script type=\"application\/ld+json\" class=\"yoast-schema-graph\">{\"@context\":\"https:\/\/schema.org\",\"@graph\":[{\"@type\":\"WebPage\",\"@id\":\"https:\/\/www.gunmeplug.com\/hu\/termek\/smith-wesson-m-p15-sport-ii\/\",\"url\":\"https:\/\/www.gunmeplug.com\/hu\/termek\/smith-wesson-m-p15-sport-ii\/\",\"name\":\"smith wesson mp15 sport ii, smith and wesson m&p 15 sport 2 for sale\",\"isPartOf\":{\"@id\":\"https:\/\/www.gunmeplug.com\/#website\"},\"primaryImageOfPage\":{\"@id\":\"https:\/\/www.gunmeplug.com\/hu\/termek\/smith-wesson-m-p15-sport-ii\/#primaryimage\"},\"image\":{\"@id\":\"https:\/\/www.gunmeplug.com\/hu\/termek\/smith-wesson-m-p15-sport-ii\/#primaryimage\"},\"thumbnailUrl\":\"https:\/\/www.gunmeplug.com\/wp-content\/uploads\/2021\/04\/smith-wesson-m-p15-sport-ii.jpg\",\"datePublished\":\"2021-04-08T06:24:40+00:00\",\"dateModified\":\"2024-10-10T08:56:20+00:00\",\"description\":\"smith wesson mp15 sport ii, The Smith & Wesson M&P15 Sport II is a low cost, entry-level AR15 built to the same high quality you can expect from Smith & Wesson.\",\"breadcrumb\":{\"@id\":\"https:\/\/www.gunmeplug.com\/hu\/termek\/smith-wesson-m-p15-sport-ii\/#breadcrumb\"},\"inLanguage\":\"da-DK\",\"potentialAction\":[{\"@type\":\"ReadAction\",\"target\":[\"https:\/\/www.gunmeplug.com\/hu\/termek\/smith-wesson-m-p15-sport-ii\/\"]}]},{\"@type\":\"ImageObject\",\"inLanguage\":\"da-DK\",\"@id\":\"https:\/\/www.gunmeplug.com\/hu\/termek\/smith-wesson-m-p15-sport-ii\/#primaryimage\",\"url\":\"https:\/\/www.gunmeplug.com\/wp-content\/uploads\/2021\/04\/smith-wesson-m-p15-sport-ii.jpg\",\"contentUrl\":\"https:\/\/www.gunmeplug.com\/wp-content\/uploads\/2021\/04\/smith-wesson-m-p15-sport-ii.jpg\",\"width\":600,\"height\":600,\"caption\":\"smith wesson mp15 sport ii\"},{\"@type\":\"BreadcrumbList\",\"@id\":\"https:\/\/www.gunmeplug.com\/hu\/termek\/smith-wesson-m-p15-sport-ii\/#breadcrumb\",\"itemListElement\":[{\"@type\":\"ListItem\",\"position\":1,\"name\":\"Home\",\"item\":\"https:\/\/www.gunmeplug.com\/es\/\"},{\"@type\":\"ListItem\",\"position\":2,\"name\":\"Shop\",\"item\":\"https:\/\/www.gunmeplug.com\/es\/shop\/\"},{\"@type\":\"ListItem\",\"position\":3,\"name\":\"Smith &#038; Wesson M&#038;P15 Sport II .223\/5.56 AR-15 Rifle 10202\"}]},{\"@type\":\"WebSite\",\"@id\":\"https:\/\/www.gunmeplug.com\/#website\",\"url\":\"https:\/\/www.gunmeplug.com\/\",\"name\":\"Buy gun online USA\",\"description\":\"FireArms for sale online \",\"potentialAction\":[{\"@type\":\"SearchAction\",\"target\":{\"@type\":\"EntryPoint\",\"urlTemplate\":\"https:\/\/www.gunmeplug.com\/?s={search_term_string}\"},\"query-input\":{\"@type\":\"PropertyValueSpecification\",\"valueRequired\":true,\"valueName\":\"search_term_string\"}}],\"inLanguage\":\"da-DK\"}]}<\/script>\n<!-- \/ Yoast SEO plugin. -->","yoast_head_json":{"title":"smith wesson mp15 sport ii, smith and wesson m&amp;p 15 sport 2 til salg","description":"smith wesson mp15 sport ii, Smith &amp; Wesson M&amp;P15 Sport II er en billig AR15 til nybegyndere, der er bygget i den samme h\u00f8je kvalitet, som du kan forvente af Smith &amp; Wesson.","robots":{"index":"index","follow":"follow","max-snippet":"max-snippet:-1","max-image-preview":"max-image-preview:large","max-video-preview":"max-video-preview:-1"},"canonical":"https:\/\/www.gunmeplug.com\/da\/produkt\/smith-wesson-m-p15-sport-ii\/","og_locale":"da_DK","og_type":"article","og_title":"smith wesson mp15 sport ii, smith and wesson m&p 15 sport 2 for sale","og_description":"smith wesson mp15 sport ii, The Smith & Wesson M&P15 Sport II is a low cost, entry-level AR15 built to the same high quality you can expect from Smith & Wesson.","og_url":"https:\/\/www.gunmeplug.com\/da\/produkt\/smith-wesson-m-p15-sport-ii\/","og_site_name":"Buy gun online USA","article_modified_time":"2024-10-10T08:56:20+00:00","og_image":[{"width":600,"height":600,"url":"https:\/\/www.gunmeplug.com\/wp-content\/uploads\/2021\/04\/smith-wesson-m-p15-sport-ii.jpg","type":"image\/jpeg"}],"twitter_card":"summary_large_image","twitter_misc":{"Estimeret l\u00e6setid":"1 minut"},"schema":{"@context":"https:\/\/schema.org","@graph":[{"@type":"WebPage","@id":"https:\/\/www.gunmeplug.com\/hu\/termek\/smith-wesson-m-p15-sport-ii\/","url":"https:\/\/www.gunmeplug.com\/hu\/termek\/smith-wesson-m-p15-sport-ii\/","name":"smith wesson mp15 sport ii, smith and wesson m&amp;p 15 sport 2 til salg","isPartOf":{"@id":"https:\/\/www.gunmeplug.com\/#website"},"primaryImageOfPage":{"@id":"https:\/\/www.gunmeplug.com\/hu\/termek\/smith-wesson-m-p15-sport-ii\/#primaryimage"},"image":{"@id":"https:\/\/www.gunmeplug.com\/hu\/termek\/smith-wesson-m-p15-sport-ii\/#primaryimage"},"thumbnailUrl":"https:\/\/www.gunmeplug.com\/wp-content\/uploads\/2021\/04\/smith-wesson-m-p15-sport-ii.jpg","datePublished":"2021-04-08T06:24:40+00:00","dateModified":"2024-10-10T08:56:20+00:00","description":"smith wesson mp15 sport ii, Smith &amp; Wesson M&amp;P15 Sport II er en billig AR15 til nybegyndere, der er bygget i den samme h\u00f8je kvalitet, som du kan forvente af Smith &amp; Wesson.","breadcrumb":{"@id":"https:\/\/www.gunmeplug.com\/hu\/termek\/smith-wesson-m-p15-sport-ii\/#breadcrumb"},"inLanguage":"da-DK","potentialAction":[{"@type":"ReadAction","target":["https:\/\/www.gunmeplug.com\/hu\/termek\/smith-wesson-m-p15-sport-ii\/"]}]},{"@type":"ImageObject","inLanguage":"da-DK","@id":"https:\/\/www.gunmeplug.com\/hu\/termek\/smith-wesson-m-p15-sport-ii\/#primaryimage","url":"https:\/\/www.gunmeplug.com\/wp-content\/uploads\/2021\/04\/smith-wesson-m-p15-sport-ii.jpg","contentUrl":"https:\/\/www.gunmeplug.com\/wp-content\/uploads\/2021\/04\/smith-wesson-m-p15-sport-ii.jpg","width":600,"height":600,"caption":"smith wesson mp15 sport ii"},{"@type":"BreadcrumbList","@id":"https:\/\/www.gunmeplug.com\/hu\/termek\/smith-wesson-m-p15-sport-ii\/#breadcrumb","itemListElement":[{"@type":"ListItem","position":1,"name":"Home","item":"https:\/\/www.gunmeplug.com\/es\/"},{"@type":"ListItem","position":2,"name":"Shop","item":"https:\/\/www.gunmeplug.com\/es\/shop\/"},{"@type":"ListItem","position":3,"name":"Smith &#038; Wesson M&#038;P15 Sport II .223\/5.56 AR-15 Rifle 10202"}]},{"@type":"WebSite","@id":"https:\/\/www.gunmeplug.com\/#website","url":"https:\/\/www.gunmeplug.com\/","name":"K\u00f8b pistol online USA","description":"FireArms til salg online","potentialAction":[{"@type":"SearchAction","target":{"@type":"EntryPoint","urlTemplate":"https:\/\/www.gunmeplug.com\/?s={search_term_string}"},"query-input":{"@type":"PropertyValueSpecification","valueRequired":true,"valueName":"search_term_string"}}],"inLanguage":"da-DK"}]}},"_links":{"self":[{"href":"https:\/\/www.gunmeplug.com\/da\/wp-json\/wp\/v2\/product\/3144","targetHints":{"allow":["GET"]}}],"collection":[{"href":"https:\/\/www.gunmeplug.com\/da\/wp-json\/wp\/v2\/product"}],"about":[{"href":"https:\/\/www.gunmeplug.com\/da\/wp-json\/wp\/v2\/types\/product"}],"wp:featuredmedia":[{"embeddable":true,"href":"https:\/\/www.gunmeplug.com\/da\/wp-json\/wp\/v2\/media\/3145"}],"wp:attachment":[{"href":"https:\/\/www.gunmeplug.com\/da\/wp-json\/wp\/v2\/media?parent=3144"}],"wp:term":[{"taxonomy":"product_brand","embeddable":true,"href":"https:\/\/www.gunmeplug.com\/da\/wp-json\/wp\/v2\/product_brand?post=3144"},{"taxonomy":"product_cat","embeddable":true,"href":"https:\/\/www.gunmeplug.com\/da\/wp-json\/wp\/v2\/product_cat?post=3144"},{"taxonomy":"product_tag","embeddable":true,"href":"https:\/\/www.gunmeplug.com\/da\/wp-json\/wp\/v2\/product_tag?post=3144"}],"curies":[{"name":"wp","href":"https:\/\/api.w.org\/{rel}","templated":true}]}}