{"id":3117,"date":"2021-04-06T08:32:26","date_gmt":"2021-04-06T08:32:26","guid":{"rendered":"https:\/\/www.gunmeplug.com\/?post_type=product&#038;p=3117"},"modified":"2025-08-12T22:52:36","modified_gmt":"2025-08-12T22:52:36","slug":"century-arms-draco-nak9-9mm-semi-auto-ak-pistol-33rd-11-14-hg3736-n","status":"publish","type":"product","link":"https:\/\/www.gunmeplug.com\/da\/produkt\/century-arms-draco-nak9-9mm-semi-auto-ak-pistol-33rd-11-14-hg3736-n\/","title":{"rendered":"Century Arms Draco NAK9 9mm Semi-Auto AK Pistol 33rd 11.14&#8243; HG3736-N"},"content":{"rendered":"<p>Draco NAK9 9mm AK Pistol har en stemplet modtager med en Picatinny optikskinne, 14x1mm LH gevind, tr\u00e6forende og bageste slyngeholder. Den accepterer Glock 17 og 19 mags og er <a href=\"https:\/\/www.gunmeplug.com\/da\/produkt\/ruger-57-5-7x28mm-pistol-16401-201-4-94\/\">kompatibel<\/a> with an AKM handguard. This model has a black finish, 11.14&#8243; barrel, and comes with one 33-round magazine.<\/p>\n<p><strong>DETALJER<\/strong><\/p>\n<div id=\"description\" class=\"data item content\">\n<div class=\"product attribute description\">\n<div class=\"value\">\n<p>BEM\u00c6RK: Denne vare kr\u00e6ver en forl\u00e6nget behandlingstid p\u00e5 10 dage.<\/p>\n<p>Draco NAK9 9mm AK-pistol har en stemplet modtager med en Picatinny optikskinne, 14x1mm LH gevind, <a href=\"https:\/\/en.wikipedia.org\/wiki\/Gun#Military\">tr\u00e6<\/a> forend, and rear sling mount. It accepts Glock 17 and 19 mags and is compatible with an AKM handguard. This model has a black finish, 11.14&#8243; barrel, and comes with one 33-round magazine.<\/p>\n<h3>Produktfunktioner:<\/h3>\n<ul class=\"disc\">\n<li>Fremstillet i Rum\u00e6nien<\/li>\n<li>1\/2X28 RH gevind<\/li>\n<li>Stemplet modtager<\/li>\n<li>Kan bruges til Glock 17 og 19 magasiner.<\/li>\n<li>Picatinny optikskinne p\u00e5 toppen af st\u00f8vcoveret<\/li>\n<li>Bageste slyngeholder<\/li>\n<li>Kompatibilitet med AKM-h\u00e5ndtag<\/li>\n<li>Leveres med en 33 rd. magasin.<\/li>\n<\/ul>\n<\/div>\n<\/div>\n<\/div>\n<div id=\"additional\" class=\"data item content\">\n<h3 class=\"tab_content_head\">FLERE OPLYSNINGER<\/h3>\n<div class=\"additional-attributes-wrapper table-wrapper\">\n<table id=\"product-attribute-specs-table\" class=\"data table additional-attributes\">\n<caption class=\"table-caption\">Flere oplysninger<\/caption>\n<tbody>\n<tr>\n<th class=\"col label\" scope=\"row\">SKU<\/th>\n<td class=\"col data\" data-th=\"SKU\">502550764<\/td>\n<\/tr>\n<tr>\n<th class=\"col label\" scope=\"row\">UPC<\/th>\n<td class=\"col data\" data-th=\"UPC\">787450474901<\/td>\n<\/tr>\n<tr>\n<th class=\"col label\" scope=\"row\">M\u00e6rke<\/th>\n<td class=\"col data\" data-th=\"Brand\">Century International Arms<\/td>\n<\/tr>\n<tr>\n<th class=\"col label\" scope=\"row\">Modelnavn<\/th>\n<td class=\"col data\" data-th=\"Model Name\">Draco NAK9<\/td>\n<\/tr>\n<tr>\n<th class=\"col label\" scope=\"row\">MPN<\/th>\n<td class=\"col data\" data-th=\"MPN\">HG3736N<\/td>\n<\/tr>\n<tr>\n<th class=\"col label\" scope=\"row\">Kaliber<\/th>\n<td class=\"col data\" data-th=\"Caliber\">9mm<\/td>\n<\/tr>\n<tr>\n<th class=\"col label\" scope=\"row\">Klasse<\/th>\n<td class=\"col data\" data-th=\"Class\">Fuld st\u00f8rrelse<\/td>\n<\/tr>\n<tr>\n<th class=\"col label\" scope=\"row\">Kapacitet<\/th>\n<td class=\"col data\" data-th=\"Capacity\">33+1<\/td>\n<\/tr>\n<tr>\n<th class=\"col label\" scope=\"row\">L\u00e6ngde af t\u00f8nde<\/th>\n<td class=\"col data\" data-th=\"Barrel Length\">11.14&#8243;<\/td>\n<\/tr>\n<tr>\n<th class=\"col label\" scope=\"row\">L\u00e6ngde<\/th>\n<td class=\"col data\" data-th=\"Length\">19.1&#8243;<\/td>\n<\/tr>\n<tr>\n<th class=\"col label\" scope=\"row\">V\u00e6gt<\/th>\n<td class=\"col data\" data-th=\"Weight\">6,38 lbs.<\/td>\n<\/tr>\n<tr>\n<th class=\"col label\" scope=\"row\">Sev\u00e6rdigheder<\/th>\n<td class=\"col data\" data-th=\"Sights\">Jern<\/td>\n<\/tr>\n<tr>\n<th class=\"col label\" scope=\"row\">Greb<\/th>\n<td class=\"col data\" data-th=\"Grip\">Sort polymer<\/td>\n<\/tr>\n<tr>\n<th class=\"col label\" scope=\"row\">Udl\u00f8ser<\/th>\n<td class=\"col data\" data-th=\"Trigger\">Standard<\/td>\n<\/tr>\n<tr>\n<th class=\"col label\" scope=\"row\">Sikkerhed<\/th>\n<td class=\"col data\" data-th=\"Safety\">H\u00e5ndtag<\/td>\n<\/tr>\n<tr>\n<th class=\"col label\" scope=\"row\">F\u00e6rdig<\/th>\n<td class=\"col data\" data-th=\"Finish\">Mat sort<\/td>\n<\/tr>\n<tr>\n<th class=\"col label\" scope=\"row\">Betingelse<\/th>\n<td class=\"col data\" data-th=\"Condition\">Ny i kassen<\/td>\n<\/tr>\n<\/tbody>\n<\/table>\n<\/div>\n<\/div>","protected":false},"excerpt":{"rendered":"<p>The Draco NAK9 9mm AK Pistol features a stamped receiver with a Picatinny optics rail, 14x1mm LH threads, wood forend, and rear sling mount. It accepts Glock 17 and 19 mags and is compatible with an AKM handguard. This model has a black finish, 11.14&#8243; barrel, and comes with one 33-round magazine. DETAILS PLEASE NOTE: [&hellip;]<\/p>","protected":false},"featured_media":3119,"template":"","meta":{"_acf_changed":false,"_joinchat":[]},"product_brand":[],"product_cat":[130],"product_tag":[],"class_list":{"0":"post-3117","1":"product","2":"type-product","3":"status-publish","4":"has-post-thumbnail","6":"product_cat-handguns","8":"first","9":"instock","10":"sale","11":"featured","12":"shipping-taxable","13":"purchasable","14":"product-type-simple"},"acf":[],"yoast_head":"<!-- This site is optimized with the Yoast SEO plugin v26.3 - https:\/\/yoast.com\/wordpress\/plugins\/seo\/ -->\n<title>Draco NAK9 9mm AK Pistol - Proven Arms and Outfitters<\/title>\n<meta name=\"description\" content=\"Draco NAK9 9mm AK Pistol, Gunmeplug.com They supply Century Arms Draco NAK9 AK Pistol at affordable costs. with guarantee\" \/>\n<meta name=\"robots\" content=\"index, follow, max-snippet:-1, max-image-preview:large, max-video-preview:-1\" \/>\n<link rel=\"canonical\" href=\"https:\/\/www.gunmeplug.com\/da\/produkt\/century-arms-draco-nak9-9mm-semi-auto-ak-pistol-33rd-11-14-hg3736-n\/\" \/>\n<meta property=\"og:locale\" content=\"da_DK\" \/>\n<meta property=\"og:type\" content=\"article\" \/>\n<meta property=\"og:title\" content=\"Draco NAK9 9mm AK Pistol - Proven Arms and Outfitters\" \/>\n<meta property=\"og:description\" content=\"Draco NAK9 9mm AK Pistol, Gunmeplug.com They supply Century Arms Draco NAK9 AK Pistol at affordable costs. with guarantee\" \/>\n<meta property=\"og:url\" content=\"https:\/\/www.gunmeplug.com\/da\/produkt\/century-arms-draco-nak9-9mm-semi-auto-ak-pistol-33rd-11-14-hg3736-n\/\" \/>\n<meta property=\"og:site_name\" content=\"Buy gun online USA\" \/>\n<meta property=\"article:modified_time\" content=\"2025-08-12T22:52:36+00:00\" \/>\n<meta property=\"og:image\" content=\"https:\/\/www.gunmeplug.com\/wp-content\/uploads\/2021\/04\/century-arms-draco-nak9-9mm-semi-auto-ak-pistol-33rd-11-14-hg3736-n.jpg\" \/>\n\t<meta property=\"og:image:width\" content=\"600\" \/>\n\t<meta property=\"og:image:height\" content=\"600\" \/>\n\t<meta property=\"og:image:type\" content=\"image\/jpeg\" \/>\n<meta name=\"twitter:card\" content=\"summary_large_image\" \/>\n<meta name=\"twitter:label1\" content=\"Estimeret l\u00e6setid\" \/>\n\t<meta name=\"twitter:data1\" content=\"1 minut\" \/>\n<script type=\"application\/ld+json\" class=\"yoast-schema-graph\">{\"@context\":\"https:\/\/schema.org\",\"@graph\":[{\"@type\":\"WebPage\",\"@id\":\"https:\/\/www.gunmeplug.com\/pl\/produkt\/century-arms-draco-nak9-9mm-semi-auto-ak-pistol-33rd-11-14-hg3736-n\/\",\"url\":\"https:\/\/www.gunmeplug.com\/pl\/produkt\/century-arms-draco-nak9-9mm-semi-auto-ak-pistol-33rd-11-14-hg3736-n\/\",\"name\":\"Draco NAK9 9mm AK Pistol - Proven Arms and Outfitters\",\"isPartOf\":{\"@id\":\"https:\/\/www.gunmeplug.com\/#website\"},\"primaryImageOfPage\":{\"@id\":\"https:\/\/www.gunmeplug.com\/pl\/produkt\/century-arms-draco-nak9-9mm-semi-auto-ak-pistol-33rd-11-14-hg3736-n\/#primaryimage\"},\"image\":{\"@id\":\"https:\/\/www.gunmeplug.com\/pl\/produkt\/century-arms-draco-nak9-9mm-semi-auto-ak-pistol-33rd-11-14-hg3736-n\/#primaryimage\"},\"thumbnailUrl\":\"https:\/\/www.gunmeplug.com\/wp-content\/uploads\/2021\/04\/century-arms-draco-nak9-9mm-semi-auto-ak-pistol-33rd-11-14-hg3736-n.jpg\",\"datePublished\":\"2021-04-06T08:32:26+00:00\",\"dateModified\":\"2025-08-12T22:52:36+00:00\",\"description\":\"Draco NAK9 9mm AK Pistol, Gunmeplug.com They supply Century Arms Draco NAK9 AK Pistol at affordable costs. with guarantee\",\"breadcrumb\":{\"@id\":\"https:\/\/www.gunmeplug.com\/pl\/produkt\/century-arms-draco-nak9-9mm-semi-auto-ak-pistol-33rd-11-14-hg3736-n\/#breadcrumb\"},\"inLanguage\":\"da-DK\",\"potentialAction\":[{\"@type\":\"ReadAction\",\"target\":[\"https:\/\/www.gunmeplug.com\/pl\/produkt\/century-arms-draco-nak9-9mm-semi-auto-ak-pistol-33rd-11-14-hg3736-n\/\"]}]},{\"@type\":\"ImageObject\",\"inLanguage\":\"da-DK\",\"@id\":\"https:\/\/www.gunmeplug.com\/pl\/produkt\/century-arms-draco-nak9-9mm-semi-auto-ak-pistol-33rd-11-14-hg3736-n\/#primaryimage\",\"url\":\"https:\/\/www.gunmeplug.com\/wp-content\/uploads\/2021\/04\/century-arms-draco-nak9-9mm-semi-auto-ak-pistol-33rd-11-14-hg3736-n.jpg\",\"contentUrl\":\"https:\/\/www.gunmeplug.com\/wp-content\/uploads\/2021\/04\/century-arms-draco-nak9-9mm-semi-auto-ak-pistol-33rd-11-14-hg3736-n.jpg\",\"width\":600,\"height\":600,\"caption\":\"Draco NAK9 9mm AK Pistol\"},{\"@type\":\"BreadcrumbList\",\"@id\":\"https:\/\/www.gunmeplug.com\/pl\/produkt\/century-arms-draco-nak9-9mm-semi-auto-ak-pistol-33rd-11-14-hg3736-n\/#breadcrumb\",\"itemListElement\":[{\"@type\":\"ListItem\",\"position\":1,\"name\":\"Home\",\"item\":\"https:\/\/www.gunmeplug.com\/es\/\"},{\"@type\":\"ListItem\",\"position\":2,\"name\":\"Shop\",\"item\":\"https:\/\/www.gunmeplug.com\/es\/shop\/\"},{\"@type\":\"ListItem\",\"position\":3,\"name\":\"Century Arms Draco NAK9 9mm Semi-Auto AK Pistol 33rd 11.14&#8243; HG3736-N\"}]},{\"@type\":\"WebSite\",\"@id\":\"https:\/\/www.gunmeplug.com\/#website\",\"url\":\"https:\/\/www.gunmeplug.com\/\",\"name\":\"Buy gun online USA\",\"description\":\"FireArms for sale online \",\"potentialAction\":[{\"@type\":\"SearchAction\",\"target\":{\"@type\":\"EntryPoint\",\"urlTemplate\":\"https:\/\/www.gunmeplug.com\/?s={search_term_string}\"},\"query-input\":{\"@type\":\"PropertyValueSpecification\",\"valueRequired\":true,\"valueName\":\"search_term_string\"}}],\"inLanguage\":\"da-DK\"}]}<\/script>\n<!-- \/ Yoast SEO plugin. -->","yoast_head_json":{"title":"Draco NAK9 9mm AK Pistol - Proven Arms and Outfitters","description":"Draco NAK9 9mm AK Pistol, Gunmeplug.com De leverer Century Arms Draco NAK9 AK Pistol til overkommelige priser. med garanti","robots":{"index":"index","follow":"follow","max-snippet":"max-snippet:-1","max-image-preview":"max-image-preview:large","max-video-preview":"max-video-preview:-1"},"canonical":"https:\/\/www.gunmeplug.com\/da\/produkt\/century-arms-draco-nak9-9mm-semi-auto-ak-pistol-33rd-11-14-hg3736-n\/","og_locale":"da_DK","og_type":"article","og_title":"Draco NAK9 9mm AK Pistol - Proven Arms and Outfitters","og_description":"Draco NAK9 9mm AK Pistol, Gunmeplug.com They supply Century Arms Draco NAK9 AK Pistol at affordable costs. with guarantee","og_url":"https:\/\/www.gunmeplug.com\/da\/produkt\/century-arms-draco-nak9-9mm-semi-auto-ak-pistol-33rd-11-14-hg3736-n\/","og_site_name":"Buy gun online USA","article_modified_time":"2025-08-12T22:52:36+00:00","og_image":[{"width":600,"height":600,"url":"https:\/\/www.gunmeplug.com\/wp-content\/uploads\/2021\/04\/century-arms-draco-nak9-9mm-semi-auto-ak-pistol-33rd-11-14-hg3736-n.jpg","type":"image\/jpeg"}],"twitter_card":"summary_large_image","twitter_misc":{"Estimeret l\u00e6setid":"1 minut"},"schema":{"@context":"https:\/\/schema.org","@graph":[{"@type":"WebPage","@id":"https:\/\/www.gunmeplug.com\/pl\/produkt\/century-arms-draco-nak9-9mm-semi-auto-ak-pistol-33rd-11-14-hg3736-n\/","url":"https:\/\/www.gunmeplug.com\/pl\/produkt\/century-arms-draco-nak9-9mm-semi-auto-ak-pistol-33rd-11-14-hg3736-n\/","name":"Draco NAK9 9mm AK Pistol - Proven Arms and Outfitters","isPartOf":{"@id":"https:\/\/www.gunmeplug.com\/#website"},"primaryImageOfPage":{"@id":"https:\/\/www.gunmeplug.com\/pl\/produkt\/century-arms-draco-nak9-9mm-semi-auto-ak-pistol-33rd-11-14-hg3736-n\/#primaryimage"},"image":{"@id":"https:\/\/www.gunmeplug.com\/pl\/produkt\/century-arms-draco-nak9-9mm-semi-auto-ak-pistol-33rd-11-14-hg3736-n\/#primaryimage"},"thumbnailUrl":"https:\/\/www.gunmeplug.com\/wp-content\/uploads\/2021\/04\/century-arms-draco-nak9-9mm-semi-auto-ak-pistol-33rd-11-14-hg3736-n.jpg","datePublished":"2021-04-06T08:32:26+00:00","dateModified":"2025-08-12T22:52:36+00:00","description":"Draco NAK9 9mm AK Pistol, Gunmeplug.com De leverer Century Arms Draco NAK9 AK Pistol til overkommelige priser. med garanti","breadcrumb":{"@id":"https:\/\/www.gunmeplug.com\/pl\/produkt\/century-arms-draco-nak9-9mm-semi-auto-ak-pistol-33rd-11-14-hg3736-n\/#breadcrumb"},"inLanguage":"da-DK","potentialAction":[{"@type":"ReadAction","target":["https:\/\/www.gunmeplug.com\/pl\/produkt\/century-arms-draco-nak9-9mm-semi-auto-ak-pistol-33rd-11-14-hg3736-n\/"]}]},{"@type":"ImageObject","inLanguage":"da-DK","@id":"https:\/\/www.gunmeplug.com\/pl\/produkt\/century-arms-draco-nak9-9mm-semi-auto-ak-pistol-33rd-11-14-hg3736-n\/#primaryimage","url":"https:\/\/www.gunmeplug.com\/wp-content\/uploads\/2021\/04\/century-arms-draco-nak9-9mm-semi-auto-ak-pistol-33rd-11-14-hg3736-n.jpg","contentUrl":"https:\/\/www.gunmeplug.com\/wp-content\/uploads\/2021\/04\/century-arms-draco-nak9-9mm-semi-auto-ak-pistol-33rd-11-14-hg3736-n.jpg","width":600,"height":600,"caption":"Draco NAK9 9mm AK Pistol"},{"@type":"BreadcrumbList","@id":"https:\/\/www.gunmeplug.com\/pl\/produkt\/century-arms-draco-nak9-9mm-semi-auto-ak-pistol-33rd-11-14-hg3736-n\/#breadcrumb","itemListElement":[{"@type":"ListItem","position":1,"name":"Home","item":"https:\/\/www.gunmeplug.com\/es\/"},{"@type":"ListItem","position":2,"name":"Shop","item":"https:\/\/www.gunmeplug.com\/es\/shop\/"},{"@type":"ListItem","position":3,"name":"Century Arms Draco NAK9 9mm Semi-Auto AK Pistol 33rd 11.14&#8243; HG3736-N"}]},{"@type":"WebSite","@id":"https:\/\/www.gunmeplug.com\/#website","url":"https:\/\/www.gunmeplug.com\/","name":"K\u00f8b pistol online USA","description":"FireArms til salg online","potentialAction":[{"@type":"SearchAction","target":{"@type":"EntryPoint","urlTemplate":"https:\/\/www.gunmeplug.com\/?s={search_term_string}"},"query-input":{"@type":"PropertyValueSpecification","valueRequired":true,"valueName":"search_term_string"}}],"inLanguage":"da-DK"}]}},"_links":{"self":[{"href":"https:\/\/www.gunmeplug.com\/da\/wp-json\/wp\/v2\/product\/3117","targetHints":{"allow":["GET"]}}],"collection":[{"href":"https:\/\/www.gunmeplug.com\/da\/wp-json\/wp\/v2\/product"}],"about":[{"href":"https:\/\/www.gunmeplug.com\/da\/wp-json\/wp\/v2\/types\/product"}],"wp:featuredmedia":[{"embeddable":true,"href":"https:\/\/www.gunmeplug.com\/da\/wp-json\/wp\/v2\/media\/3119"}],"wp:attachment":[{"href":"https:\/\/www.gunmeplug.com\/da\/wp-json\/wp\/v2\/media?parent=3117"}],"wp:term":[{"taxonomy":"product_brand","embeddable":true,"href":"https:\/\/www.gunmeplug.com\/da\/wp-json\/wp\/v2\/product_brand?post=3117"},{"taxonomy":"product_cat","embeddable":true,"href":"https:\/\/www.gunmeplug.com\/da\/wp-json\/wp\/v2\/product_cat?post=3117"},{"taxonomy":"product_tag","embeddable":true,"href":"https:\/\/www.gunmeplug.com\/da\/wp-json\/wp\/v2\/product_tag?post=3117"}],"curies":[{"name":"wp","href":"https:\/\/api.w.org\/{rel}","templated":true}]}}