{"id":3114,"date":"2021-04-06T08:29:42","date_gmt":"2021-04-06T08:29:42","guid":{"rendered":"https:\/\/www.gunmeplug.com\/?post_type=product&#038;p=3114"},"modified":"2025-03-07T13:19:02","modified_gmt":"2025-03-07T13:19:02","slug":"ruger-lcr-38-special-subcompact-revolver-5401","status":"publish","type":"product","link":"https:\/\/www.gunmeplug.com\/da\/produkt\/ruger-lcr-38-special-subcompact-revolver-5401\/","title":{"rendered":"Ruger LCR .38 Special Subcompact Revolver 5401"},"content":{"rendered":"<h1>Ruger LCR .38 Special Subcompact Revolver 5401<\/h1>\n<p>Buy Ruger LCR For Sale Online, Packed with the latest technological advances and features required by today&#8217;s most demanding shooters, the Ruger LCR is the evolution of the revolver. The Ruger\u00ae LCR\u00ae is a lightweight, small-frame <a href=\"https:\/\/www.gunmeplug.com\/da\/produkt\/ruger-lcr-38-special-subcompact-revolver-5401\/\">Revolver<\/a> med et unikt j\u00e6vnt aftr\u00e6k og en meget h\u00e5ndterbar rekyl.<\/p>\n<h2>Beskrivelse<\/h2>\n<p>What\u2019s in the Box<\/p>\n<p>Ruger LCR Revolver<br \/>\nV\u00e5benl\u00e5s<br \/>\n(2) N\u00f8gler til l\u00e5s<br \/>\nBrugt foringsr\u00f8r<br \/>\nV\u00e6rkt\u00f8j til fjernelse og justering af laser<br \/>\nOwners Manual, Packed with the latest technological advances and features required by today\u2019s most demanding shooters, the Ruger LCR is the evolution of the revolver. The Ruger LCR is a lightweight, small-frame revolver with a uniquely <a href=\"https:\/\/en.wikipedia.org\/wiki\/Gun#Military\">glat<\/a> aftr\u00e6kker og meget h\u00e5ndterbar rekyl.<\/p>\n<p>Cylinderen i rustfrit st\u00e5l med h\u00f8j styrke er kraftigt riflet (reducerer v\u00e6gten) og har en Ion bond Diamond black-finish for fremragende holdbarhed. Den monolitiske ramme, som underst\u00f8tter cylinderen og l\u00f8bet, er lavet af aluminium i 7000-serien i aerospace-kvalitet.<\/p>\n<p>Specifikationer for LaserMax-laseren<\/p>\n<p>V\u00e6gt: 0,5 oz.<br \/>\nB\u00f8lgel\u00e6ngde: 650 nm (r\u00f8d)<br \/>\nUdgangseffekt: 5 mW<br \/>\nBatteri: 1\/3 N lithium (1) medf\u00f8lger<br \/>\nBatteriets levetid: Over 5 timer<br \/>\nJustering: Fabriksjusteret p\u00e5 10 meter, brugerjusterbar til vindretning og elevation<br \/>\nGaranti: 5 \u00e5r, K\u00f8b Ruger LCR til salg online<\/p>\n<p>&nbsp;<\/p>\n<p>Specifikationer for skydev\u00e5ben, Producent: Ruger<br \/>\nKatalognummer: LCR-22<br \/>\nModelnummer: 5416<br \/>\nKaliber: 22 LR<br \/>\nFinish: Mat sort synergistisk h\u00e5rd bel\u00e6gning<br \/>\nGreb: Hogue Tamer Monogrip<br \/>\nForreste sigte: Udskiftelig, fastgjort rampe<br \/>\nBageste sigte: U-hak integreret<br \/>\nCylinderfinish: Ionbond Diamondblack<br \/>\nL\u00e6ngde p\u00e5 l\u00f8b: 1,875 tommer<br \/>\nSamlet l\u00e6ngde: 6,50 tommer<br \/>\nH\u00f8jde: 4,50 tommer<br \/>\nBredde: 1,28 tommer<br \/>\nV\u00e6gt: 14,90 oz.<br \/>\nKapacitet: 8<br \/>\nDrejning: 1:16 RH<br \/>\nRiller: 6<br \/>\nFunktioner: LaserMax Centerfire-laser<\/p>","protected":false},"excerpt":{"rendered":"<p>Specifikationer for skydev\u00e5ben,Producent: Ruger<br \/>\nKatalognummer: LCR-22<br \/>\nModelnummer: 5416<br \/>\nKaliber: 22 LR<br \/>\nFinish: Mat sort synergistisk h\u00e5rd bel\u00e6gning<br \/>\nGreb: Hogue Tamer Monogrip<br \/>\nForreste sigte: Udskiftelig, fastgjort rampe<br \/>\nBageste sigte: U-hak integreret<br \/>\nCylinderfinish: Ionbond Diamondblack<br \/>\nL\u00e6ngde p\u00e5 l\u00f8b: 1,875 tommer<br \/>\nSamlet l\u00e6ngde: 6,50 tommer<br \/>\nH\u00f8jde: 4,50 tommer<br \/>\nBredde: 1,28 tommer<br \/>\nV\u00e6gt: 14,90 oz.<br \/>\nKapacitet: 8<br \/>\nDrejning: 1:16 RH<br \/>\nRiller: 6<br \/>\nFunktioner: LaserMax Centerfire-laser<\/p>","protected":false},"featured_media":3116,"template":"","meta":{"_acf_changed":false,"_joinchat":[]},"product_brand":[],"product_cat":[130],"product_tag":[249,259,254,256,250,253,255,258,251,257,252],"class_list":{"0":"post-3114","1":"product","2":"type-product","3":"status-publish","4":"has-post-thumbnail","6":"product_cat-handguns","7":"product_tag-buy-guns-online-and-ammo","8":"product_tag-buy-guns-online-prudent","9":"product_tag-buy-ruger-22-pistols-revolvers","10":"product_tag-buy-ruger-22-semi-automatic-pistols","11":"product_tag-buy-ruger-9mm-pistols","12":"product_tag-buy-ruger-l-c-r-pistols","13":"product_tag-buy-ruger-lcr-pistols","14":"product_tag-purchase-ruger-pistols-online","15":"product_tag-ruger-22-pistols","16":"product_tag-ruger-sr-22-pistols-for-sale","17":"product_tag-ruger-22-target-pistols","19":"first","20":"instock","21":"sale","22":"featured","23":"shipping-taxable","24":"purchasable","25":"product-type-simple"},"acf":[],"yoast_head":"<!-- This site is optimized with the Yoast SEO plugin v26.3 - https:\/\/yoast.com\/wordpress\/plugins\/seo\/ -->\n<title>Buy Ruger LCR For Sale Online, Ruger lcr for sale @Gunmeplug.com<\/title>\n<meta name=\"description\" content=\"Buy Ruger LCR For Sale Online, Ruger LCR (Lightweight Carry Revolver) $459.99 \u2013 $522.99. Check out the BLACK FRIDAY PRICE\" \/>\n<meta name=\"robots\" content=\"index, follow, max-snippet:-1, max-image-preview:large, max-video-preview:-1\" \/>\n<link rel=\"canonical\" href=\"https:\/\/www.gunmeplug.com\/da\/produkt\/ruger-lcr-38-special-subcompact-revolver-5401\/\" \/>\n<meta property=\"og:locale\" content=\"da_DK\" \/>\n<meta property=\"og:type\" content=\"article\" \/>\n<meta property=\"og:title\" content=\"Buy Ruger LCR For Sale Online, Ruger lcr for sale @Gunmeplug.com\" \/>\n<meta property=\"og:description\" content=\"Buy Ruger LCR For Sale Online, Ruger LCR (Lightweight Carry Revolver) $459.99 \u2013 $522.99. Check out the BLACK FRIDAY PRICE\" \/>\n<meta property=\"og:url\" content=\"https:\/\/www.gunmeplug.com\/da\/produkt\/ruger-lcr-38-special-subcompact-revolver-5401\/\" \/>\n<meta property=\"og:site_name\" content=\"Buy gun online USA\" \/>\n<meta property=\"article:modified_time\" content=\"2025-03-07T13:19:02+00:00\" \/>\n<meta property=\"og:image\" content=\"https:\/\/www.gunmeplug.com\/wp-content\/uploads\/2021\/04\/ruger-lcr-38-special-subcompact-revolver-5401.jpg\" \/>\n\t<meta property=\"og:image:width\" content=\"600\" \/>\n\t<meta property=\"og:image:height\" content=\"600\" \/>\n\t<meta property=\"og:image:type\" content=\"image\/jpeg\" \/>\n<meta name=\"twitter:card\" content=\"summary_large_image\" \/>\n<meta name=\"twitter:label1\" content=\"Estimeret l\u00e6setid\" \/>\n\t<meta name=\"twitter:data1\" content=\"2 minutter\" \/>\n<script type=\"application\/ld+json\" class=\"yoast-schema-graph\">{\"@context\":\"https:\/\/schema.org\",\"@graph\":[{\"@type\":\"WebPage\",\"@id\":\"https:\/\/www.gunmeplug.com\/vi\/san-pham-2\/ruger-lcr-38-special-subcompact-revolver-5401\/\",\"url\":\"https:\/\/www.gunmeplug.com\/vi\/san-pham-2\/ruger-lcr-38-special-subcompact-revolver-5401\/\",\"name\":\"Buy Ruger LCR For Sale Online, Ruger lcr for sale @Gunmeplug.com\",\"isPartOf\":{\"@id\":\"https:\/\/www.gunmeplug.com\/#website\"},\"primaryImageOfPage\":{\"@id\":\"https:\/\/www.gunmeplug.com\/vi\/san-pham-2\/ruger-lcr-38-special-subcompact-revolver-5401\/#primaryimage\"},\"image\":{\"@id\":\"https:\/\/www.gunmeplug.com\/vi\/san-pham-2\/ruger-lcr-38-special-subcompact-revolver-5401\/#primaryimage\"},\"thumbnailUrl\":\"https:\/\/www.gunmeplug.com\/wp-content\/uploads\/2021\/04\/ruger-lcr-38-special-subcompact-revolver-5401.jpg\",\"datePublished\":\"2021-04-06T08:29:42+00:00\",\"dateModified\":\"2025-03-07T13:19:02+00:00\",\"description\":\"Buy Ruger LCR For Sale Online, Ruger LCR (Lightweight Carry Revolver) $459.99 \u2013 $522.99. Check out the BLACK FRIDAY PRICE\",\"breadcrumb\":{\"@id\":\"https:\/\/www.gunmeplug.com\/vi\/san-pham-2\/ruger-lcr-38-special-subcompact-revolver-5401\/#breadcrumb\"},\"inLanguage\":\"da-DK\",\"potentialAction\":[{\"@type\":\"ReadAction\",\"target\":[\"https:\/\/www.gunmeplug.com\/vi\/san-pham-2\/ruger-lcr-38-special-subcompact-revolver-5401\/\"]}]},{\"@type\":\"ImageObject\",\"inLanguage\":\"da-DK\",\"@id\":\"https:\/\/www.gunmeplug.com\/vi\/san-pham-2\/ruger-lcr-38-special-subcompact-revolver-5401\/#primaryimage\",\"url\":\"https:\/\/www.gunmeplug.com\/wp-content\/uploads\/2021\/04\/ruger-lcr-38-special-subcompact-revolver-5401.jpg\",\"contentUrl\":\"https:\/\/www.gunmeplug.com\/wp-content\/uploads\/2021\/04\/ruger-lcr-38-special-subcompact-revolver-5401.jpg\",\"width\":600,\"height\":600,\"caption\":\"Buy Ruger LCR For Sale Online\"},{\"@type\":\"BreadcrumbList\",\"@id\":\"https:\/\/www.gunmeplug.com\/vi\/san-pham-2\/ruger-lcr-38-special-subcompact-revolver-5401\/#breadcrumb\",\"itemListElement\":[{\"@type\":\"ListItem\",\"position\":1,\"name\":\"Home\",\"item\":\"https:\/\/www.gunmeplug.com\/es\/\"},{\"@type\":\"ListItem\",\"position\":2,\"name\":\"Shop\",\"item\":\"https:\/\/www.gunmeplug.com\/es\/shop\/\"},{\"@type\":\"ListItem\",\"position\":3,\"name\":\"Ruger LCR .38 Special Subcompact Revolver 5401\"}]},{\"@type\":\"WebSite\",\"@id\":\"https:\/\/www.gunmeplug.com\/#website\",\"url\":\"https:\/\/www.gunmeplug.com\/\",\"name\":\"Buy gun online USA\",\"description\":\"FireArms for sale online \",\"potentialAction\":[{\"@type\":\"SearchAction\",\"target\":{\"@type\":\"EntryPoint\",\"urlTemplate\":\"https:\/\/www.gunmeplug.com\/?s={search_term_string}\"},\"query-input\":{\"@type\":\"PropertyValueSpecification\",\"valueRequired\":true,\"valueName\":\"search_term_string\"}}],\"inLanguage\":\"da-DK\"}]}<\/script>\n<!-- \/ Yoast SEO plugin. -->","yoast_head_json":{"title":"K\u00f8b Ruger LCR til salg online, Ruger lcr til salg @Gunmeplug.com","description":"Buy Ruger LCR For Sale Online, Ruger LCR (Lightweight Carry Revolver) $459.99 \u2013 $522.99. Check out the BLACK FRIDAY PRICE","robots":{"index":"index","follow":"follow","max-snippet":"max-snippet:-1","max-image-preview":"max-image-preview:large","max-video-preview":"max-video-preview:-1"},"canonical":"https:\/\/www.gunmeplug.com\/da\/produkt\/ruger-lcr-38-special-subcompact-revolver-5401\/","og_locale":"da_DK","og_type":"article","og_title":"Buy Ruger LCR For Sale Online, Ruger lcr for sale @Gunmeplug.com","og_description":"Buy Ruger LCR For Sale Online, Ruger LCR (Lightweight Carry Revolver) $459.99 \u2013 $522.99. Check out the BLACK FRIDAY PRICE","og_url":"https:\/\/www.gunmeplug.com\/da\/produkt\/ruger-lcr-38-special-subcompact-revolver-5401\/","og_site_name":"Buy gun online USA","article_modified_time":"2025-03-07T13:19:02+00:00","og_image":[{"width":600,"height":600,"url":"https:\/\/www.gunmeplug.com\/wp-content\/uploads\/2021\/04\/ruger-lcr-38-special-subcompact-revolver-5401.jpg","type":"image\/jpeg"}],"twitter_card":"summary_large_image","twitter_misc":{"Estimeret l\u00e6setid":"2 minutter"},"schema":{"@context":"https:\/\/schema.org","@graph":[{"@type":"WebPage","@id":"https:\/\/www.gunmeplug.com\/vi\/san-pham-2\/ruger-lcr-38-special-subcompact-revolver-5401\/","url":"https:\/\/www.gunmeplug.com\/vi\/san-pham-2\/ruger-lcr-38-special-subcompact-revolver-5401\/","name":"K\u00f8b Ruger LCR til salg online, Ruger lcr til salg @Gunmeplug.com","isPartOf":{"@id":"https:\/\/www.gunmeplug.com\/#website"},"primaryImageOfPage":{"@id":"https:\/\/www.gunmeplug.com\/vi\/san-pham-2\/ruger-lcr-38-special-subcompact-revolver-5401\/#primaryimage"},"image":{"@id":"https:\/\/www.gunmeplug.com\/vi\/san-pham-2\/ruger-lcr-38-special-subcompact-revolver-5401\/#primaryimage"},"thumbnailUrl":"https:\/\/www.gunmeplug.com\/wp-content\/uploads\/2021\/04\/ruger-lcr-38-special-subcompact-revolver-5401.jpg","datePublished":"2021-04-06T08:29:42+00:00","dateModified":"2025-03-07T13:19:02+00:00","description":"Buy Ruger LCR For Sale Online, Ruger LCR (Lightweight Carry Revolver) $459.99 \u2013 $522.99. Check out the BLACK FRIDAY PRICE","breadcrumb":{"@id":"https:\/\/www.gunmeplug.com\/vi\/san-pham-2\/ruger-lcr-38-special-subcompact-revolver-5401\/#breadcrumb"},"inLanguage":"da-DK","potentialAction":[{"@type":"ReadAction","target":["https:\/\/www.gunmeplug.com\/vi\/san-pham-2\/ruger-lcr-38-special-subcompact-revolver-5401\/"]}]},{"@type":"ImageObject","inLanguage":"da-DK","@id":"https:\/\/www.gunmeplug.com\/vi\/san-pham-2\/ruger-lcr-38-special-subcompact-revolver-5401\/#primaryimage","url":"https:\/\/www.gunmeplug.com\/wp-content\/uploads\/2021\/04\/ruger-lcr-38-special-subcompact-revolver-5401.jpg","contentUrl":"https:\/\/www.gunmeplug.com\/wp-content\/uploads\/2021\/04\/ruger-lcr-38-special-subcompact-revolver-5401.jpg","width":600,"height":600,"caption":"Buy Ruger LCR For Sale Online"},{"@type":"BreadcrumbList","@id":"https:\/\/www.gunmeplug.com\/vi\/san-pham-2\/ruger-lcr-38-special-subcompact-revolver-5401\/#breadcrumb","itemListElement":[{"@type":"ListItem","position":1,"name":"Home","item":"https:\/\/www.gunmeplug.com\/es\/"},{"@type":"ListItem","position":2,"name":"Shop","item":"https:\/\/www.gunmeplug.com\/es\/shop\/"},{"@type":"ListItem","position":3,"name":"Ruger LCR .38 Special Subcompact Revolver 5401"}]},{"@type":"WebSite","@id":"https:\/\/www.gunmeplug.com\/#website","url":"https:\/\/www.gunmeplug.com\/","name":"K\u00f8b pistol online USA","description":"FireArms til salg online","potentialAction":[{"@type":"SearchAction","target":{"@type":"EntryPoint","urlTemplate":"https:\/\/www.gunmeplug.com\/?s={search_term_string}"},"query-input":{"@type":"PropertyValueSpecification","valueRequired":true,"valueName":"search_term_string"}}],"inLanguage":"da-DK"}]}},"_links":{"self":[{"href":"https:\/\/www.gunmeplug.com\/da\/wp-json\/wp\/v2\/product\/3114","targetHints":{"allow":["GET"]}}],"collection":[{"href":"https:\/\/www.gunmeplug.com\/da\/wp-json\/wp\/v2\/product"}],"about":[{"href":"https:\/\/www.gunmeplug.com\/da\/wp-json\/wp\/v2\/types\/product"}],"wp:featuredmedia":[{"embeddable":true,"href":"https:\/\/www.gunmeplug.com\/da\/wp-json\/wp\/v2\/media\/3116"}],"wp:attachment":[{"href":"https:\/\/www.gunmeplug.com\/da\/wp-json\/wp\/v2\/media?parent=3114"}],"wp:term":[{"taxonomy":"product_brand","embeddable":true,"href":"https:\/\/www.gunmeplug.com\/da\/wp-json\/wp\/v2\/product_brand?post=3114"},{"taxonomy":"product_cat","embeddable":true,"href":"https:\/\/www.gunmeplug.com\/da\/wp-json\/wp\/v2\/product_cat?post=3114"},{"taxonomy":"product_tag","embeddable":true,"href":"https:\/\/www.gunmeplug.com\/da\/wp-json\/wp\/v2\/product_tag?post=3114"}],"curies":[{"name":"wp","href":"https:\/\/api.w.org\/{rel}","templated":true}]}}