{"id":3415,"date":"2023-05-03T10:04:44","date_gmt":"2023-05-03T10:04:44","guid":{"rendered":"https:\/\/www.gunmeplug.com\/?page_id=3415"},"modified":"2023-05-03T10:04:44","modified_gmt":"2023-05-03T10:04:44","slug":"forsendelse-levering","status":"publish","type":"page","link":"https:\/\/www.gunmeplug.com\/da\/forsendelse-levering\/","title":{"rendered":"Shipping &#038; Delivery"},"content":{"rendered":"<div class=\"vc_row wpb_row vc_row-fluid\"><div class=\"wpb_column vc_column_container vc_col-sm-12\"><div class=\"vc_column-inner\"><div class=\"wpb_wrapper\">\n\t<div class=\"wpb_text_column wpb_content_element\" >\n\t\t<div class=\"wpb_wrapper\">\n\t\t\t<p style=\"text-align: justify;\">Hos Gunmeplug.com er hurtig og p\u00e5lidelig forsendelse og levering afg\u00f8rende for kundetilfredshed. Vi er forpligtet til at give alle vores kunder en problemfri og problemfri forsendelsesoplevelse. Hos Gunmeplug.com s\u00e6tter vi en stor \u00e6re i at sikre, at vores kunder modtager deres ordrer til tiden og i god stand. Vores forsendelses- og leveringsproces er designet til at v\u00e6re enkel, p\u00e5lidelig og bekvem for vores kunder.<\/p>\n<p style=\"text-align: justify;\"><strong>Forsendelsesmuligheder:<\/strong>\u00a0Both standard and express shipping are available to our clients. Each option&#8217;s shipping cost and estimated delivery time will be displayed at checkout.<\/p>\n<p style=\"text-align: justify;\"><strong>Behandlingstid:<\/strong>\u00a0Vi bestr\u00e6ber os p\u00e5 at behandle alle ordrer s\u00e5 hurtigt som muligt. Vores behandlingstid er typisk 1-2 hverdage, og ordrer afgivet i weekender eller p\u00e5 helligdage vil blive behandlet den n\u00e6ste hverdag.<\/p>\n<p style=\"text-align: justify;\"><strong>Forsendelsestid:<\/strong>\u00a0Shipping time varies depending on the customer&#8217;s shipping option. Standard shipping usually takes 3-5 business days, while expedited shipping takes 1-3 business days. Please note that these timeframes are estimates and may be affected by factors beyond our control, such as weather conditions or delivery carrier delays.<\/p>\n<p style=\"text-align: justify;\"><strong>Levering:<\/strong>\u00a0Levering vil ske til den adresse, som kunden har angivet ved kassen. Kunden er ansvarlig for, at leveringsadressen er n\u00f8jagtig og fuldst\u00e6ndig. Hvis en pakke returneres til os p\u00e5 grund af en forkert eller ufuldst\u00e6ndig adresse, vil kunden v\u00e6re ansvarlig for eventuelle ekstra forsendelsesgebyrer.<\/p>\n<p style=\"text-align: justify;\"><strong>Sporingsoplysninger:<\/strong>\u00a0Vi giver kunderne et sporingsnummer, s\u00e5 snart deres ordre er blevet afsendt. Kunder kan bruge dette sporingsnummer til at overv\u00e5ge leveringsstatus for deres pakke.<\/p>\n<p style=\"text-align: justify;\"><strong>Beskadigede eller mistede pakker:<\/strong>\u00a0Hvis en pakke g\u00e5r tabt eller bliver beskadiget under forsendelsen, skal du s\u00f8rge for at kontakte os med det samme. Vi vil samarbejde med fragtf\u00f8reren for at l\u00f8se problemet og sikre, at kunden modtager deres ordre med det samme.<\/p>\n<p style=\"text-align: justify;\"><strong>International forsendelse:<\/strong>\u00a0P\u00e5 nuv\u00e6rende tidspunkt tilbyder vi ikke international forsendelse. Vi sender kun til adresser inden for USA.<\/p>\n<p style=\"text-align: justify;\"><strong>Emballage:<\/strong>\u00a0Vi forst\u00e5r vigtigheden af at beskytte vores produkter under forsendelse. Derfor bruger vi robuste og holdbare emballagematerialer for at sikre, at vores produkter bliver leveret til vores kunder i god stand.<\/p>\n<p style=\"text-align: justify;\"><strong>Forsendelsesbekr\u00e6ftelse:<\/strong>\u00a0Once an order has been shipped, we will send a shipping confirmation email to the customer&#8217;s registered email address. The email will contain a tracking number and a link to the carrier&#8217;s website, allowing customers to track their package&#8217;s progress.<\/p>\n<p style=\"text-align: justify;\"><strong>Underskrift p\u00e5kr\u00e6vet:<\/strong>\u00a0Nogle ordrer kan kr\u00e6ve en underskrift ved levering. Dette er typisk for varer af h\u00f8j v\u00e6rdi eller kunder, der anmoder om denne service. Hvis en underskrift er p\u00e5kr\u00e6vet, vil transport\u00f8ren g\u00f8re tre fors\u00f8g p\u00e5 at levere pakken, f\u00f8r den returneres til os.<\/p>\n<p style=\"text-align: justify;\">Gunmeplug.com is committed to providing our customers with prompt and reliable shipping and delivery. We strive to process all orders quickly and efficiently and offer multiple shipping options to meet our customers&#8217; needs. If you have any questions or concerns regarding shipping and delivery, please do not hesitate to contact our customer service team.<\/p>\n\n\t\t<\/div>\n\t<\/div>\n<\/div><\/div><\/div><\/div>","protected":false},"excerpt":{"rendered":"At Gunmeplug.com, prompt and reliable shipping and delivery are crucial to customer satisfaction. We are committed to providing all our customers with a seamless and hassle-free shipping experience. At Gunmeplug.com, we take great pride in ensuring that our customers receive their orders on time and in good condition. Our shipping and delivery process is designed [...]","protected":false},"author":1,"featured_media":0,"parent":0,"menu_order":0,"comment_status":"closed","ping_status":"closed","template":"","meta":{"_acf_changed":false,"_joinchat":[],"footnotes":""},"class_list":["post-3415","page","type-page","status-publish","hentry"],"acf":[],"yoast_head":"<!-- This site is optimized with the Yoast SEO plugin v26.3 - https:\/\/yoast.com\/wordpress\/plugins\/seo\/ -->\n<title>Shipping &amp; Delivery - Buy gun online USA<\/title>\n<meta name=\"robots\" content=\"index, follow, max-snippet:-1, max-image-preview:large, max-video-preview:-1\" \/>\n<link rel=\"canonical\" href=\"https:\/\/www.gunmeplug.com\/da\/forsendelse-levering\/\" \/>\n<meta property=\"og:locale\" content=\"da_DK\" \/>\n<meta property=\"og:type\" content=\"article\" \/>\n<meta property=\"og:title\" content=\"Shipping &amp; Delivery - Buy gun online USA\" \/>\n<meta property=\"og:url\" content=\"https:\/\/www.gunmeplug.com\/da\/forsendelse-levering\/\" \/>\n<meta property=\"og:site_name\" content=\"Buy gun online USA\" \/>\n<meta name=\"twitter:card\" content=\"summary_large_image\" \/>\n<meta name=\"twitter:label1\" content=\"Estimeret l\u00e6setid\" \/>\n\t<meta name=\"twitter:data1\" content=\"3 minutter\" \/>\n<script type=\"application\/ld+json\" class=\"yoast-schema-graph\">{\"@context\":\"https:\/\/schema.org\",\"@graph\":[{\"@type\":\"WebPage\",\"@id\":\"https:\/\/www.gunmeplug.com\/es\/envio-entrega\/\",\"url\":\"https:\/\/www.gunmeplug.com\/es\/envio-entrega\/\",\"name\":\"Shipping & Delivery - Buy gun online USA\",\"isPartOf\":{\"@id\":\"https:\/\/www.gunmeplug.com\/#website\"},\"datePublished\":\"2023-05-03T10:04:44+00:00\",\"breadcrumb\":{\"@id\":\"https:\/\/www.gunmeplug.com\/es\/envio-entrega\/#breadcrumb\"},\"inLanguage\":\"da-DK\",\"potentialAction\":[{\"@type\":\"ReadAction\",\"target\":[\"https:\/\/www.gunmeplug.com\/es\/envio-entrega\/\"]}]},{\"@type\":\"BreadcrumbList\",\"@id\":\"https:\/\/www.gunmeplug.com\/es\/envio-entrega\/#breadcrumb\",\"itemListElement\":[{\"@type\":\"ListItem\",\"position\":1,\"name\":\"Home\",\"item\":\"https:\/\/www.gunmeplug.com\/es\/\"},{\"@type\":\"ListItem\",\"position\":2,\"name\":\"Shipping &#038; Delivery\"}]},{\"@type\":\"WebSite\",\"@id\":\"https:\/\/www.gunmeplug.com\/#website\",\"url\":\"https:\/\/www.gunmeplug.com\/\",\"name\":\"Buy gun online USA\",\"description\":\"FireArms for sale online \",\"potentialAction\":[{\"@type\":\"SearchAction\",\"target\":{\"@type\":\"EntryPoint\",\"urlTemplate\":\"https:\/\/www.gunmeplug.com\/?s={search_term_string}\"},\"query-input\":{\"@type\":\"PropertyValueSpecification\",\"valueRequired\":true,\"valueName\":\"search_term_string\"}}],\"inLanguage\":\"da-DK\"}]}<\/script>\n<!-- \/ Yoast SEO plugin. -->","yoast_head_json":{"title":"Forsendelse og levering - K\u00f8b pistol online USA","robots":{"index":"index","follow":"follow","max-snippet":"max-snippet:-1","max-image-preview":"max-image-preview:large","max-video-preview":"max-video-preview:-1"},"canonical":"https:\/\/www.gunmeplug.com\/da\/forsendelse-levering\/","og_locale":"da_DK","og_type":"article","og_title":"Shipping & Delivery - Buy gun online USA","og_url":"https:\/\/www.gunmeplug.com\/da\/forsendelse-levering\/","og_site_name":"Buy gun online USA","twitter_card":"summary_large_image","twitter_misc":{"Estimeret l\u00e6setid":"3 minutter"},"schema":{"@context":"https:\/\/schema.org","@graph":[{"@type":"WebPage","@id":"https:\/\/www.gunmeplug.com\/es\/envio-entrega\/","url":"https:\/\/www.gunmeplug.com\/es\/envio-entrega\/","name":"Forsendelse og levering - K\u00f8b pistol online USA","isPartOf":{"@id":"https:\/\/www.gunmeplug.com\/#website"},"datePublished":"2023-05-03T10:04:44+00:00","breadcrumb":{"@id":"https:\/\/www.gunmeplug.com\/es\/envio-entrega\/#breadcrumb"},"inLanguage":"da-DK","potentialAction":[{"@type":"ReadAction","target":["https:\/\/www.gunmeplug.com\/es\/envio-entrega\/"]}]},{"@type":"BreadcrumbList","@id":"https:\/\/www.gunmeplug.com\/es\/envio-entrega\/#breadcrumb","itemListElement":[{"@type":"ListItem","position":1,"name":"Home","item":"https:\/\/www.gunmeplug.com\/es\/"},{"@type":"ListItem","position":2,"name":"Shipping &#038; Delivery"}]},{"@type":"WebSite","@id":"https:\/\/www.gunmeplug.com\/#website","url":"https:\/\/www.gunmeplug.com\/","name":"K\u00f8b pistol online USA","description":"FireArms til salg online","potentialAction":[{"@type":"SearchAction","target":{"@type":"EntryPoint","urlTemplate":"https:\/\/www.gunmeplug.com\/?s={search_term_string}"},"query-input":{"@type":"PropertyValueSpecification","valueRequired":true,"valueName":"search_term_string"}}],"inLanguage":"da-DK"}]}},"_links":{"self":[{"href":"https:\/\/www.gunmeplug.com\/da\/wp-json\/wp\/v2\/pages\/3415","targetHints":{"allow":["GET"]}}],"collection":[{"href":"https:\/\/www.gunmeplug.com\/da\/wp-json\/wp\/v2\/pages"}],"about":[{"href":"https:\/\/www.gunmeplug.com\/da\/wp-json\/wp\/v2\/types\/page"}],"author":[{"embeddable":true,"href":"https:\/\/www.gunmeplug.com\/da\/wp-json\/wp\/v2\/users\/1"}],"replies":[{"embeddable":true,"href":"https:\/\/www.gunmeplug.com\/da\/wp-json\/wp\/v2\/comments?post=3415"}],"version-history":[{"count":1,"href":"https:\/\/www.gunmeplug.com\/da\/wp-json\/wp\/v2\/pages\/3415\/revisions"}],"predecessor-version":[{"id":3416,"href":"https:\/\/www.gunmeplug.com\/da\/wp-json\/wp\/v2\/pages\/3415\/revisions\/3416"}],"wp:attachment":[{"href":"https:\/\/www.gunmeplug.com\/da\/wp-json\/wp\/v2\/media?parent=3415"}],"curies":[{"name":"wp","href":"https:\/\/api.w.org\/{rel}","templated":true}]}}