{"id":3246,"date":"2022-03-09T11:00:08","date_gmt":"2022-03-09T11:00:08","guid":{"rendered":"https:\/\/www.gunmeplug.com\/?page_id=3246"},"modified":"2022-03-09T11:00:08","modified_gmt":"2022-03-09T11:00:08","slug":"faqer","status":"publish","type":"page","link":"https:\/\/www.gunmeplug.com\/da\/faqer\/","title":{"rendered":"Ofte stillede sp\u00f8rgsm\u00e5l"},"content":{"rendered":"<div class=\"vc_row wpb_row vc_row-fluid\"><div class=\"wpb_column vc_column_container vc_col-sm-12\"><div class=\"vc_column-inner\"><div class=\"wpb_wrapper\"><div  class=\"vc_toggle vc_toggle_round vc_toggle_color_default  vc_toggle_size_md\"><div class=\"vc_toggle_title\"><h4>1. Hvor kan jeg finde Gunmeplug? Hvad er deres telefonnummer?<\/h4><i class=\"vc_toggle_icon\"><\/i><\/div><div class=\"vc_toggle_content\"><p>Funktionen til butikslokalisering p\u00e5 Gunmeplug-webstedet hj\u00e6lper dig med at finde n\u00e6rliggende lokationer og kontaktoplysninger for s\u00e5danne butikker.<\/p>\n<\/div><\/div><div  class=\"vc_toggle vc_toggle_round vc_toggle_color_default  vc_toggle_size_md\"><div class=\"vc_toggle_title\"><h4>2. Er der mulighed for at k\u00f8be en pistol fra Gunmeplug.com og f\u00e5 den leveret til min lokale butik?<\/h4><i class=\"vc_toggle_icon\"><\/i><\/div><div class=\"vc_toggle_content\"><p>Yes! Because we don&#8217;t charge a transfer fee if you purchase online and pick it up at a nearby shop, this is a popular option.<\/p>\n<\/div><\/div><div  class=\"vc_toggle vc_toggle_round vc_toggle_color_default  vc_toggle_size_md\"><div class=\"vc_toggle_title\"><h4>3. Hvordan kan jeg k\u00f8be et skydev\u00e5ben p\u00e5 nettet?<\/h4><i class=\"vc_toggle_icon\"><\/i><\/div><div class=\"vc_toggle_content\"><p>But there are several crucial attributes to bear in mind while using this strategy. We&#8217;ve put up a comprehensive guide on how to buy guns online, so please check it out!<\/p>\n<\/div><\/div><div  class=\"vc_toggle vc_toggle_round vc_toggle_color_default  vc_toggle_size_md\"><div class=\"vc_toggle_title\"><h4>4. Hvad er en f\u00f8deralt licenseret forhandler (FFL)?<\/h4><i class=\"vc_toggle_icon\"><\/i><\/div><div class=\"vc_toggle_content\"><p>En f\u00f8deral v\u00e5benlicens er kendt som en FFL. Antallet af FFL-indehavere i USA er nu p\u00e5 58.000. V\u00e5benbutikker, pantel\u00e5nere og detailvirksomheder med sportsartikler er alle eksempler p\u00e5 FFL-indehavere. Mange mennesker har p\u00e5 den anden side en FFL. ATF-formular 4473 og et FBI-baggrundstjek er p\u00e5kr\u00e6vet for ethvert onlinesalg af v\u00e5ben til folk. N\u00e5r du er der, vil en lokal FFL-indehaver derefter overf\u00f8re skydev\u00e5bnet til kunden.<\/p>\n<\/div><\/div><div  class=\"vc_toggle vc_toggle_round vc_toggle_color_default  vc_toggle_size_md\"><div class=\"vc_toggle_title\"><h4>5. Hvordan kan jeg f\u00e5 en lokal forhandler til at h\u00e5ndtere overf\u00f8rslen af mit skydev\u00e5ben?<\/h4><i class=\"vc_toggle_icon\"><\/i><\/div><div class=\"vc_toggle_content\"><p>Du vil v\u00e6lge en FFL-forhandler i dit omr\u00e5de fra vores database over FFL-indehavere under checkout-processen i stedet for at indtaste din egen adresse. F\u00f8r du foretager et k\u00f8b hos os, skal du s\u00f8rge for at kontakte den FFL-forhandler, du v\u00e6lger. Du b\u00f8r tjekke med forhandleren, f\u00f8r du foretager en ordre, for at se, om de tillader FFL-overf\u00f8rsler. Du vil m\u00e5ske ogs\u00e5 finde ud af, hvor meget de opkr\u00e6ver.<\/p>\n<\/div><\/div><div  class=\"vc_toggle vc_toggle_round vc_toggle_color_default  vc_toggle_size_md\"><div class=\"vc_toggle_title\"><h4>6. Er det muligt at k\u00f8be en pistol og ammunition p\u00e5 samme tid?<\/h4><i class=\"vc_toggle_icon\"><\/i><\/div><div class=\"vc_toggle_content\"><p>No, you can&#8217;t buy a gun and ammo at the same time.<\/p>\n<\/div><\/div><div  class=\"vc_toggle vc_toggle_round vc_toggle_color_default  vc_toggle_size_md\"><div class=\"vc_toggle_title\"><h4>7. Gunmeplug er udsolgt af det skydev\u00e5ben, jeg \u00f8nsker. Er den stadig tilg\u00e6ngelig at k\u00f8be?<\/h4><i class=\"vc_toggle_icon\"><\/i><\/div><div class=\"vc_toggle_content\"><p>It&#8217;s unlikely. However, check with your nearby retailer to see if they have the weapon in stock.<\/p>\n<\/div><\/div><div  class=\"vc_toggle vc_toggle_round vc_toggle_color_default  vc_toggle_size_md\"><div class=\"vc_toggle_title\"><h4>8. As of now, my order is still in the &quot;processing&quot; stage. How do you explain it?<\/h4><i class=\"vc_toggle_icon\"><\/i><\/div><div class=\"vc_toggle_content\"><p>If you see this, it implies your purchase was received, but it hasn&#8217;t yet been dispatched.<\/p>\n<\/div><\/div><div  class=\"vc_toggle vc_toggle_round vc_toggle_color_default  vc_toggle_size_md\"><div class=\"vc_toggle_title\"><h4>9. There&#039;s no longer any indication that a charge is pending on my credit card. Is everything in order?<\/h4><i class=\"vc_toggle_icon\"><\/i><\/div><div class=\"vc_toggle_content\"><p>Yes. The first charge was only an authorization to verify that the amount of your purchase may be deducted from your payment method&#8217;s account. After a few days, such authorization usually expires. When your purchase is sent, a new charge will show on your credit card statement.<\/p>\n<\/div><\/div><div  class=\"vc_toggle vc_toggle_round vc_toggle_color_default  vc_toggle_size_md\"><div class=\"vc_toggle_title\"><h4>10. Min ordrebekr\u00e6ftelse e-mail blev ikke sendt til mig. Er mit k\u00f8b gennemf\u00f8rt?<\/h4><i class=\"vc_toggle_icon\"><\/i><\/div><div class=\"vc_toggle_content\"><p>Yes, it&#8217;s quite likely that so. Give yourself time to get your confirmation email, and be sure to check your spam folder as well. If you need to resend your order confirmation email, please contact customer support.<\/p>\n<\/div><\/div><div  class=\"vc_toggle vc_toggle_round vc_toggle_color_default  vc_toggle_size_md\"><div class=\"vc_toggle_title\"><h4>11. Min forsendelsesbekr\u00e6ftelses-e-mail havde et \u00f8delagt link til sporing af forsendelse.<\/h4><i class=\"vc_toggle_icon\"><\/i><\/div><div class=\"vc_toggle_content\"><p>The tracking link might take up to 24 hours to activate once the order is shipped. After receiving your shipping confirmation, please wait at least 24 hours before doing another verification check. Please contact customer care if this doesn&#8217;t work for you.<\/p>\n<\/div><\/div><div  class=\"vc_toggle vc_toggle_round vc_toggle_color_default  vc_toggle_size_md\"><div class=\"vc_toggle_title\"><h4>12. Min pistol er ankommet til min lokale butik, if\u00f8lge sporingsoplysningerne. Er det muligt for mig at g\u00e5 og hente det lige nu?<\/h4><i class=\"vc_toggle_icon\"><\/i><\/div><div class=\"vc_toggle_content\"><p>Your gun is ready for pickup, but you must wait for a call from the shop before you arrive. Call the shop if you have any questions regarding your order&#8217;s progress.<\/p>\n<\/div><\/div><div  class=\"vc_toggle vc_toggle_round vc_toggle_color_default  vc_toggle_size_md\"><div class=\"vc_toggle_title\"><h4>13. Af hvilken grund har jeg brug for en FFL-forhandler for at f\u00e5 min AR lavere?<\/h4><i class=\"vc_toggle_icon\"><\/i><\/div><div class=\"vc_toggle_content\"><p>For at efterkomme ordrer fra den f\u00f8derale regering.<\/p>\n<\/div><\/div><div  class=\"vc_toggle vc_toggle_round vc_toggle_color_default  vc_toggle_size_md\"><div class=\"vc_toggle_title\"><h4>14. Hvad er den proces, hvorigennem rabatter fungerer?<\/h4><i class=\"vc_toggle_icon\"><\/i><\/div><div class=\"vc_toggle_content\"><p>Du kan l\u00e6re mere om rabatter ved at bes\u00f8ge denne side.<\/p>\n<\/div><\/div><div  class=\"vc_toggle vc_toggle_round vc_toggle_color_default  vc_toggle_size_md\"><div class=\"vc_toggle_title\"><h4>15. Hvad er returpolitikken for Gunmeplug-produkter?<\/h4><i class=\"vc_toggle_icon\"><\/i><\/div><div class=\"vc_toggle_content\"><p>Hvis du har sp\u00f8rgsm\u00e5l, bedes du tjekke vores retur- og fortrydelsespolitik.<\/p>\n<\/div><\/div><div  class=\"vc_toggle vc_toggle_round vc_toggle_color_default  vc_toggle_size_md\"><div class=\"vc_toggle_title\"><h4>16. Er PayPal accepteret af dig?<\/h4><i class=\"vc_toggle_icon\"><\/i><\/div><div class=\"vc_toggle_content\"><p>Nej. PayPal accepterer ikke betalinger for v\u00e5ben, skydev\u00e5bendele eller ammunition p\u00e5 nuv\u00e6rende tidspunkt.<\/p>\n<\/div><\/div><div  class=\"vc_toggle vc_toggle_round vc_toggle_color_default  vc_toggle_size_md\"><div class=\"vc_toggle_title\"><h4>17. Are customers&#039; personal information is given or sold to other parties?<\/h4><i class=\"vc_toggle_icon\"><\/i><\/div><div class=\"vc_toggle_content\"><p>Aldrig. V\u00e6r opm\u00e6rksom p\u00e5, at dit privatliv er vigtigt for os. Vores privatlivspolitik har alle oplysningerne.<\/p>\n<\/div><\/div><\/div><\/div><\/div><\/div>","protected":false},"excerpt":{"rendered":"1. Where can I find Gunmeplug? What is their phone number?The shop locator feature on the Gunmeplug website will help you find nearby locations and contact information for such stores. 2. Is there an option to buy a gun from Gunmeplug.com and have it delivered to my local shop?Yes! Because we don&#8217;t charge a transfer [...]","protected":false},"author":1,"featured_media":0,"parent":0,"menu_order":0,"comment_status":"closed","ping_status":"closed","template":"","meta":{"_acf_changed":false,"_joinchat":[],"footnotes":""},"class_list":["post-3246","page","type-page","status-publish","hentry"],"acf":[],"yoast_head":"<!-- This site is optimized with the Yoast SEO plugin v26.3 - https:\/\/yoast.com\/wordpress\/plugins\/seo\/ -->\n<title>FAQs - Buy gun online USA<\/title>\n<meta name=\"robots\" content=\"index, follow, max-snippet:-1, max-image-preview:large, max-video-preview:-1\" \/>\n<link rel=\"canonical\" href=\"https:\/\/www.gunmeplug.com\/da\/faqer\/\" \/>\n<meta property=\"og:locale\" content=\"da_DK\" \/>\n<meta property=\"og:type\" content=\"article\" \/>\n<meta property=\"og:title\" content=\"FAQs - Buy gun online USA\" \/>\n<meta property=\"og:url\" content=\"https:\/\/www.gunmeplug.com\/da\/faqer\/\" \/>\n<meta property=\"og:site_name\" content=\"Buy gun online USA\" \/>\n<meta name=\"twitter:card\" content=\"summary_large_image\" \/>\n<meta name=\"twitter:label1\" content=\"Estimeret l\u00e6setid\" \/>\n\t<meta name=\"twitter:data1\" content=\"4 minutter\" \/>\n<script type=\"application\/ld+json\" class=\"yoast-schema-graph\">{\"@context\":\"https:\/\/schema.org\",\"@graph\":[{\"@type\":\"WebPage\",\"@id\":\"https:\/\/www.gunmeplug.com\/pt\/perguntas-frequentes\/\",\"url\":\"https:\/\/www.gunmeplug.com\/pt\/perguntas-frequentes\/\",\"name\":\"FAQs - Buy gun online USA\",\"isPartOf\":{\"@id\":\"https:\/\/www.gunmeplug.com\/#website\"},\"datePublished\":\"2022-03-09T11:00:08+00:00\",\"breadcrumb\":{\"@id\":\"https:\/\/www.gunmeplug.com\/pt\/perguntas-frequentes\/#breadcrumb\"},\"inLanguage\":\"da-DK\",\"potentialAction\":[{\"@type\":\"ReadAction\",\"target\":[\"https:\/\/www.gunmeplug.com\/pt\/perguntas-frequentes\/\"]}]},{\"@type\":\"BreadcrumbList\",\"@id\":\"https:\/\/www.gunmeplug.com\/pt\/perguntas-frequentes\/#breadcrumb\",\"itemListElement\":[{\"@type\":\"ListItem\",\"position\":1,\"name\":\"Home\",\"item\":\"https:\/\/www.gunmeplug.com\/es\/\"},{\"@type\":\"ListItem\",\"position\":2,\"name\":\"FAQs\"}]},{\"@type\":\"WebSite\",\"@id\":\"https:\/\/www.gunmeplug.com\/#website\",\"url\":\"https:\/\/www.gunmeplug.com\/\",\"name\":\"Buy gun online USA\",\"description\":\"FireArms for sale online \",\"potentialAction\":[{\"@type\":\"SearchAction\",\"target\":{\"@type\":\"EntryPoint\",\"urlTemplate\":\"https:\/\/www.gunmeplug.com\/?s={search_term_string}\"},\"query-input\":{\"@type\":\"PropertyValueSpecification\",\"valueRequired\":true,\"valueName\":\"search_term_string\"}}],\"inLanguage\":\"da-DK\"}]}<\/script>\n<!-- \/ Yoast SEO plugin. -->","yoast_head_json":{"title":"Ofte stillede sp\u00f8rgsm\u00e5l - K\u00f8b pistol online USA","robots":{"index":"index","follow":"follow","max-snippet":"max-snippet:-1","max-image-preview":"max-image-preview:large","max-video-preview":"max-video-preview:-1"},"canonical":"https:\/\/www.gunmeplug.com\/da\/faqer\/","og_locale":"da_DK","og_type":"article","og_title":"FAQs - Buy gun online USA","og_url":"https:\/\/www.gunmeplug.com\/da\/faqer\/","og_site_name":"Buy gun online USA","twitter_card":"summary_large_image","twitter_misc":{"Estimeret l\u00e6setid":"4 minutter"},"schema":{"@context":"https:\/\/schema.org","@graph":[{"@type":"WebPage","@id":"https:\/\/www.gunmeplug.com\/pt\/perguntas-frequentes\/","url":"https:\/\/www.gunmeplug.com\/pt\/perguntas-frequentes\/","name":"Ofte stillede sp\u00f8rgsm\u00e5l - K\u00f8b pistol online USA","isPartOf":{"@id":"https:\/\/www.gunmeplug.com\/#website"},"datePublished":"2022-03-09T11:00:08+00:00","breadcrumb":{"@id":"https:\/\/www.gunmeplug.com\/pt\/perguntas-frequentes\/#breadcrumb"},"inLanguage":"da-DK","potentialAction":[{"@type":"ReadAction","target":["https:\/\/www.gunmeplug.com\/pt\/perguntas-frequentes\/"]}]},{"@type":"BreadcrumbList","@id":"https:\/\/www.gunmeplug.com\/pt\/perguntas-frequentes\/#breadcrumb","itemListElement":[{"@type":"ListItem","position":1,"name":"Home","item":"https:\/\/www.gunmeplug.com\/es\/"},{"@type":"ListItem","position":2,"name":"FAQs"}]},{"@type":"WebSite","@id":"https:\/\/www.gunmeplug.com\/#website","url":"https:\/\/www.gunmeplug.com\/","name":"K\u00f8b pistol online USA","description":"FireArms til salg online","potentialAction":[{"@type":"SearchAction","target":{"@type":"EntryPoint","urlTemplate":"https:\/\/www.gunmeplug.com\/?s={search_term_string}"},"query-input":{"@type":"PropertyValueSpecification","valueRequired":true,"valueName":"search_term_string"}}],"inLanguage":"da-DK"}]}},"_links":{"self":[{"href":"https:\/\/www.gunmeplug.com\/da\/wp-json\/wp\/v2\/pages\/3246","targetHints":{"allow":["GET"]}}],"collection":[{"href":"https:\/\/www.gunmeplug.com\/da\/wp-json\/wp\/v2\/pages"}],"about":[{"href":"https:\/\/www.gunmeplug.com\/da\/wp-json\/wp\/v2\/types\/page"}],"author":[{"embeddable":true,"href":"https:\/\/www.gunmeplug.com\/da\/wp-json\/wp\/v2\/users\/1"}],"replies":[{"embeddable":true,"href":"https:\/\/www.gunmeplug.com\/da\/wp-json\/wp\/v2\/comments?post=3246"}],"version-history":[{"count":2,"href":"https:\/\/www.gunmeplug.com\/da\/wp-json\/wp\/v2\/pages\/3246\/revisions"}],"predecessor-version":[{"id":3248,"href":"https:\/\/www.gunmeplug.com\/da\/wp-json\/wp\/v2\/pages\/3246\/revisions\/3248"}],"wp:attachment":[{"href":"https:\/\/www.gunmeplug.com\/da\/wp-json\/wp\/v2\/media?parent=3246"}],"curies":[{"name":"wp","href":"https:\/\/api.w.org\/{rel}","templated":true}]}}