{"id":3243,"date":"2022-03-09T10:55:06","date_gmt":"2022-03-09T10:55:06","guid":{"rendered":"https:\/\/www.gunmeplug.com\/?page_id=3243"},"modified":"2022-03-09T10:55:06","modified_gmt":"2022-03-09T10:55:06","slug":"sadan-kober-du-et-vaben-online","status":"publish","type":"page","link":"https:\/\/www.gunmeplug.com\/da\/sadan-kober-du-et-vaben-online\/","title":{"rendered":"S\u00e5dan k\u00f8ber du en pistol online"},"content":{"rendered":"<div class=\"vc_row wpb_row vc_row-fluid\"><div class=\"wpb_column vc_column_container vc_col-sm-12\"><div class=\"vc_column-inner\"><div class=\"wpb_wrapper\">\n\t<div class=\"wpb_text_column wpb_content_element\" >\n\t\t<div class=\"wpb_wrapper\">\n\t\t\t<p style=\"text-align: justify;\">Du kan <a href=\"https:\/\/www.gunmeplug.com\/da\/\"><strong>buy\u00a0gun online<\/strong><\/a> ligesom man kan k\u00f8be alt muligt andet. Den store forskel er, at v\u00e5ben ikke kan sendes direkte til k\u00f8beren. Der skal v\u00e6re en certificeret v\u00e5benhandler for at modtage v\u00e5ben. V\u00e6lg en v\u00e5benhandler i din region som leveringsadresse under checkout-processen.<\/p>\n<p style=\"text-align: justify;\">Vi sender dit v\u00e5ben til den forhandler, du har valgt. Formular 4473 og et FBI-baggrundstjek skal v\u00e6re gennemf\u00f8rt, f\u00f8r du kan hente dit nye v\u00e5ben i en v\u00e5benbutik. Overdragelse af et v\u00e5ben er ofte gratis i de fleste v\u00e5benbutikker. Overdragelsen af et h\u00e5ndv\u00e5ben fra en forhandler til en kunde tager typisk omkring 10-15 minutter.<\/p>\n<p style=\"text-align: justify;\">Visse steder begynder en ventetid, n\u00e5r overf\u00f8rselsproceduren er afsluttet. S\u00e5 snart overf\u00f8rselsprocessen er afsluttet, kan k\u00f8bere i andre stater overtage deres skydev\u00e5ben.<\/p>\n<h3 style=\"text-align: justify;\">S\u00e5dan placerer du din ordre<\/h3>\n<ol style=\"text-align: justify;\">\n<li>Tilf\u00f8j pistolen (<strong><a href=\"https:\/\/www.gunmeplug.com\/da\/produkt-kategori-2\/handvaben\/\">H\u00e5ndv\u00e5ben<\/a>, <a href=\"https:\/\/www.gunmeplug.com\/da\/produkt-kategori-2\/rifler\/\">Gev\u00e6r<\/a>, <a href=\"https:\/\/www.gunmeplug.com\/da\/produkt-kategori-2\/glocks-til-salg\/\">Glock<\/a><\/strong>) you want to your cart after you&#8217;ve found it.<\/li>\n<li>G\u00e5 til siden med indk\u00f8bskurven, og klik p\u00e5 knappen Checkout for at gennemf\u00f8re dit k\u00f8b.<\/li>\n<li>Du kan tjekke ud som g\u00e6st, hvis du ikke har et brugernavn og en adgangskode.<\/li>\n<li>Forts\u00e6t med at indtaste din faktureringsadresse.<\/li>\n<li>Indtast dit postnummer og radius for din FFL-s\u00f8gning, og klik derefter p\u00e5 S\u00f8g.<\/li>\n<li>Click Continue once you&#8217;ve selected the FFL dealer who will receive and process your weapon.<\/li>\n<li>Forts\u00e6t med at v\u00e6lge din forsendelsesmetode.<\/li>\n<li>Click Continue once you&#8217;ve entered your payment information.<\/li>\n<li>Click the &#8220;<strong><a href=\"https:\/\/www.gunmeplug.com\/da\/shop\/\">L\u00e6g en ordre<\/a><\/strong>&#8221; tab after checking your order.<\/li>\n<\/ol>\n<p style=\"text-align: justify;\">Dette er alt! En bekr\u00e6ftelsesmail vil blive sendt til dig umiddelbart efter, at du har bestilt hos os. En e-mail med sporingsoplysninger vil blive sendt til dig, n\u00e5r dit produkt sendes.<\/p>\n<p><strong>Tak, fordi du handlede hos Gunmeplug!<\/strong><\/p>\n<p>Hvis du har sp\u00f8rgsm\u00e5l eller brug for hj\u00e6lp til noget, er du velkommen til at kontakte os p\u00e5 info@gunmeplug.com.<\/p>\n\n\t\t<\/div>\n\t<\/div>\n<\/div><\/div><\/div><\/div>","protected":false},"excerpt":{"rendered":"You can buy\u00a0gun online just like you can buy anything else. The major difference is that arms cannot be shipped directly to the purchaser. There must be a certified guns dealer to receive weapons. Select a gun dealer in your region as your shipping address during the checkout process. Your firearm will be sent to [...]","protected":false},"author":1,"featured_media":0,"parent":0,"menu_order":0,"comment_status":"closed","ping_status":"closed","template":"","meta":{"_acf_changed":false,"_joinchat":[],"footnotes":""},"class_list":["post-3243","page","type-page","status-publish","hentry"],"acf":[],"yoast_head":"<!-- This site is optimized with the Yoast SEO plugin v26.3 - https:\/\/yoast.com\/wordpress\/plugins\/seo\/ -->\n<title>How to Buy A Gun Online - Buy gun online USA<\/title>\n<meta name=\"robots\" content=\"index, follow, max-snippet:-1, max-image-preview:large, max-video-preview:-1\" \/>\n<link rel=\"canonical\" href=\"https:\/\/www.gunmeplug.com\/da\/sadan-kober-du-et-vaben-online\/\" \/>\n<meta property=\"og:locale\" content=\"da_DK\" \/>\n<meta property=\"og:type\" content=\"article\" \/>\n<meta property=\"og:title\" content=\"How to Buy A Gun Online - Buy gun online USA\" \/>\n<meta property=\"og:url\" content=\"https:\/\/www.gunmeplug.com\/da\/sadan-kober-du-et-vaben-online\/\" \/>\n<meta property=\"og:site_name\" content=\"Buy gun online USA\" \/>\n<meta name=\"twitter:card\" content=\"summary_large_image\" \/>\n<meta name=\"twitter:label1\" content=\"Estimeret l\u00e6setid\" \/>\n\t<meta name=\"twitter:data1\" content=\"2 minutter\" \/>\n<script type=\"application\/ld+json\" class=\"yoast-schema-graph\">{\"@context\":\"https:\/\/schema.org\",\"@graph\":[{\"@type\":\"WebPage\",\"@id\":\"https:\/\/www.gunmeplug.com\/how-to-buy-a-gun-online\/\",\"url\":\"https:\/\/www.gunmeplug.com\/how-to-buy-a-gun-online\/\",\"name\":\"How to Buy A Gun Online - Buy gun online USA\",\"isPartOf\":{\"@id\":\"https:\/\/www.gunmeplug.com\/#website\"},\"datePublished\":\"2022-03-09T10:55:06+00:00\",\"breadcrumb\":{\"@id\":\"https:\/\/www.gunmeplug.com\/how-to-buy-a-gun-online\/#breadcrumb\"},\"inLanguage\":\"da-DK\",\"potentialAction\":[{\"@type\":\"ReadAction\",\"target\":[\"https:\/\/www.gunmeplug.com\/how-to-buy-a-gun-online\/\"]}]},{\"@type\":\"BreadcrumbList\",\"@id\":\"https:\/\/www.gunmeplug.com\/how-to-buy-a-gun-online\/#breadcrumb\",\"itemListElement\":[{\"@type\":\"ListItem\",\"position\":1,\"name\":\"Home\",\"item\":\"https:\/\/www.gunmeplug.com\/es\/\"},{\"@type\":\"ListItem\",\"position\":2,\"name\":\"How to Buy A Gun Online\"}]},{\"@type\":\"WebSite\",\"@id\":\"https:\/\/www.gunmeplug.com\/#website\",\"url\":\"https:\/\/www.gunmeplug.com\/\",\"name\":\"Buy gun online USA\",\"description\":\"FireArms for sale online \",\"potentialAction\":[{\"@type\":\"SearchAction\",\"target\":{\"@type\":\"EntryPoint\",\"urlTemplate\":\"https:\/\/www.gunmeplug.com\/?s={search_term_string}\"},\"query-input\":{\"@type\":\"PropertyValueSpecification\",\"valueRequired\":true,\"valueName\":\"search_term_string\"}}],\"inLanguage\":\"da-DK\"}]}<\/script>\n<!-- \/ Yoast SEO plugin. -->","yoast_head_json":{"title":"S\u00e5dan k\u00f8ber du en pistol online - K\u00f8b pistol online USA","robots":{"index":"index","follow":"follow","max-snippet":"max-snippet:-1","max-image-preview":"max-image-preview:large","max-video-preview":"max-video-preview:-1"},"canonical":"https:\/\/www.gunmeplug.com\/da\/sadan-kober-du-et-vaben-online\/","og_locale":"da_DK","og_type":"article","og_title":"How to Buy A Gun Online - Buy gun online USA","og_url":"https:\/\/www.gunmeplug.com\/da\/sadan-kober-du-et-vaben-online\/","og_site_name":"Buy gun online USA","twitter_card":"summary_large_image","twitter_misc":{"Estimeret l\u00e6setid":"2 minutter"},"schema":{"@context":"https:\/\/schema.org","@graph":[{"@type":"WebPage","@id":"https:\/\/www.gunmeplug.com\/how-to-buy-a-gun-online\/","url":"https:\/\/www.gunmeplug.com\/how-to-buy-a-gun-online\/","name":"S\u00e5dan k\u00f8ber du en pistol online - K\u00f8b pistol online USA","isPartOf":{"@id":"https:\/\/www.gunmeplug.com\/#website"},"datePublished":"2022-03-09T10:55:06+00:00","breadcrumb":{"@id":"https:\/\/www.gunmeplug.com\/how-to-buy-a-gun-online\/#breadcrumb"},"inLanguage":"da-DK","potentialAction":[{"@type":"ReadAction","target":["https:\/\/www.gunmeplug.com\/how-to-buy-a-gun-online\/"]}]},{"@type":"BreadcrumbList","@id":"https:\/\/www.gunmeplug.com\/how-to-buy-a-gun-online\/#breadcrumb","itemListElement":[{"@type":"ListItem","position":1,"name":"Home","item":"https:\/\/www.gunmeplug.com\/es\/"},{"@type":"ListItem","position":2,"name":"How to Buy A Gun Online"}]},{"@type":"WebSite","@id":"https:\/\/www.gunmeplug.com\/#website","url":"https:\/\/www.gunmeplug.com\/","name":"K\u00f8b pistol online USA","description":"FireArms til salg online","potentialAction":[{"@type":"SearchAction","target":{"@type":"EntryPoint","urlTemplate":"https:\/\/www.gunmeplug.com\/?s={search_term_string}"},"query-input":{"@type":"PropertyValueSpecification","valueRequired":true,"valueName":"search_term_string"}}],"inLanguage":"da-DK"}]}},"_links":{"self":[{"href":"https:\/\/www.gunmeplug.com\/da\/wp-json\/wp\/v2\/pages\/3243","targetHints":{"allow":["GET"]}}],"collection":[{"href":"https:\/\/www.gunmeplug.com\/da\/wp-json\/wp\/v2\/pages"}],"about":[{"href":"https:\/\/www.gunmeplug.com\/da\/wp-json\/wp\/v2\/types\/page"}],"author":[{"embeddable":true,"href":"https:\/\/www.gunmeplug.com\/da\/wp-json\/wp\/v2\/users\/1"}],"replies":[{"embeddable":true,"href":"https:\/\/www.gunmeplug.com\/da\/wp-json\/wp\/v2\/comments?post=3243"}],"version-history":[{"count":2,"href":"https:\/\/www.gunmeplug.com\/da\/wp-json\/wp\/v2\/pages\/3243\/revisions"}],"predecessor-version":[{"id":3245,"href":"https:\/\/www.gunmeplug.com\/da\/wp-json\/wp\/v2\/pages\/3243\/revisions\/3245"}],"wp:attachment":[{"href":"https:\/\/www.gunmeplug.com\/da\/wp-json\/wp\/v2\/media?parent=3243"}],"curies":[{"name":"wp","href":"https:\/\/api.w.org\/{rel}","templated":true}]}}