{"id":3229,"date":"2021-11-05T17:23:33","date_gmt":"2021-11-05T17:23:33","guid":{"rendered":"https:\/\/www.gunmeplug.com\/?page_id=3229"},"modified":"2023-05-03T10:02:34","modified_gmt":"2023-05-03T10:02:34","slug":"refusion_returneringer","status":"publish","type":"page","link":"https:\/\/www.gunmeplug.com\/da\/refusion_returneringer\/","title":{"rendered":"Refusions- og returpolitik"},"content":{"rendered":"<div class=\"vc_row wpb_row vc_row-fluid\"><div class=\"wpb_column vc_column_container vc_col-sm-12\"><div class=\"vc_column-inner\"><div class=\"wpb_wrapper\">\n\t<div class=\"wpb_text_column wpb_content_element\" >\n\t\t<div class=\"wpb_wrapper\">\n\t\t\t<p style=\"text-align: justify;\">Tak fordi du valgte Gunmeplug.com til dine skydev\u00e5benbehov. Vi forst\u00e5r, at det nogle gange kan v\u00e6re n\u00f8dvendigt at returnere\/ombytte eller annullere, og vi \u00f8nsker at sikre, at processen er s\u00e5 nem som muligt.<\/p>\n<p style=\"text-align: justify;\"><strong>Udvekslinger<\/strong>:<\/p>\n<p style=\"text-align: justify;\">Hvis du har modtaget en beskadiget eller defekt vare, ombytter vi den gerne til en ny. For at starte en ombytning skal du kontakte vores kundeserviceteam p\u00e5 [inds\u00e6t telefonnummer eller e-mail] og oplyse dit ordrenummer og \u00e5rsagen til byttet.<\/p>\n<p style=\"text-align: justify;\">Vores team vil give dig et returautorisationsnummer (RAN) og instruktioner om returnering af varen. N\u00e5r vi har modtaget din returnerede vare og kontrolleret dens tilstand, sender vi en erstatningsvare til dig uden ekstra omkostninger.<\/p>\n<p style=\"text-align: justify;\">Hvis du gerne vil bytte en vare til et andet produkt, bedes du kontakte vores kundeserviceteam for at starte returprocessen beskrevet ovenfor. N\u00e5r vi har modtaget din returnerede vare, udsteder vi en refusion til din oprindelige betalingsmetode, og du kan i stedet afgive en ny ordre p\u00e5 det produkt, du gerne vil modtage.<\/p>\n<p style=\"text-align: justify;\"><strong>Forsendelse<\/strong>:<\/p>\n<p style=\"text-align: justify;\">Kaikista palautuksista ja vaihdoista veloitetaan toimituskulut, jotka v\u00e4hennet\u00e4\u00e4n hyvityksest\u00e4si. Jos sait vaurioituneen tai viallisen tuotteen, ole hyv\u00e4 ja ota yhteytt\u00e4 asiakaspalveluumme, niin katamme palautuksen toimituskulut.<\/p>\n<p style=\"text-align: justify;\">Vi kan ikke sende skydev\u00e5ben til P.O. kasser eller APO\/FPO-adresser. Alle skydev\u00e5ben skal sendes til en autoriseret forhandler, og kunden skal sikre sig, at forhandleren er villig til at modtage og overf\u00f8re skydev\u00e5bnet. Vi er forpligtet til at give vores kunder skydev\u00e5ben af h\u00f8j kvalitet og fremragende kundeservice. Hvis du har sp\u00f8rgsm\u00e5l eller bekymringer om vores returnerings- og byttepolitik, s\u00e5 t\u00f8v ikke med at kontakte vores kundeserviceteam for at f\u00e5 hj\u00e6lp.<\/p>\n<p style=\"text-align: justify;\"><strong>Afbestillingspolitik:<\/strong><\/p>\n<p style=\"text-align: justify;\">Hos Gunmeplug.com forst\u00e5r vi, at omst\u00e6ndighederne nogle gange \u00e6ndrer sig, og du kan blive n\u00f8dt til at annullere din ordre. Vi \u00f8nsker at g\u00f8re annulleringsprocessen s\u00e5 nem og bekvem som muligt.<\/p>\n<p style=\"text-align: justify;\">Hvis du \u00f8nsker at annullere din ordre, bedes du kontakte vores kundeserviceteam hurtigst muligt p\u00e5 [inds\u00e6t telefonnummer eller e-mail] med dit ordrenummer og \u00e5rsagen til annulleringen. Vores team vil arbejde sammen med dig om at annullere din ordre og udstede en refusion, hvis det er relevant. Bem\u00e6rk venligst, at nogle ordrer muligvis allerede er afsendt eller er ved at blive afsendt. I s\u00e5danne tilf\u00e6lde kan vi muligvis ikke annullere ordren, og du skal muligvis returnere varen, n\u00e5r den er leveret.<\/p>\n<p style=\"text-align: justify;\"><strong>Tilbagebetalinger<\/strong>:<\/p>\n<p style=\"text-align: justify;\">Hvis du annullerer din ordre, f\u00f8r den er blevet afsendt, udsteder vi en fuld refusion til din oprindelige betalingsmetode. Hvis din ordre allerede er afsendt, udsteder vi f\u00f8rst en refusion for prisen p\u00e5 varen\/varerne, n\u00e5r vi modtager den\/de returnerede vare i dens originale stand.<\/p>\n<p style=\"text-align: justify;\">Bem\u00e6rk venligst, at forsendelses- og ekspeditionsgebyrer ikke refunderes, og du er ansvarlig for omkostningerne ved returforsendelse. Hvis du har modtaget en beskadiget eller defekt vare, se venligst vores retur- og byttepolitik for information om, hvordan du returnerer varen og modtager en refusion eller ombytning.<\/p>\n<p style=\"text-align: justify;\">Vi er forpligtet til at give vores kunder skydev\u00e5ben af h\u00f8j kvalitet og fremragende kundeservice. Hvis du har sp\u00f8rgsm\u00e5l eller bekymringer vedr\u00f8rende vores afbestillingspolitik, s\u00e5 t\u00f8v ikke med at kontakte vores kundeserviceteam for at f\u00e5 hj\u00e6lp.<\/p>\n\n\t\t<\/div>\n\t<\/div>\n<\/div><\/div><\/div><\/div>","protected":false},"excerpt":{"rendered":"Thank you for choosing Gunmeplug.com for your firearm needs. We understand that sometimes returns\/ exchanges or cancellation may be necessary, and we want to ensure the process is as easy as possible. Exchanges: If you received a damaged or defective item, we would gladly exchange it for a new one. To initiate an exchange, please [...]","protected":false},"author":1,"featured_media":0,"parent":0,"menu_order":0,"comment_status":"closed","ping_status":"closed","template":"","meta":{"_acf_changed":false,"_joinchat":[],"footnotes":""},"class_list":["post-3229","page","type-page","status-publish","hentry"],"acf":[],"yoast_head":"<!-- This site is optimized with the Yoast SEO plugin v26.3 - https:\/\/yoast.com\/wordpress\/plugins\/seo\/ -->\n<title>Refund and Returns Policy - Buy gun online USA<\/title>\n<meta name=\"robots\" content=\"index, follow, max-snippet:-1, max-image-preview:large, max-video-preview:-1\" \/>\n<link rel=\"canonical\" href=\"https:\/\/www.gunmeplug.com\/da\/refusion_returneringer\/\" \/>\n<meta property=\"og:locale\" content=\"da_DK\" \/>\n<meta property=\"og:type\" content=\"article\" \/>\n<meta property=\"og:title\" content=\"Refund and Returns Policy - Buy gun online USA\" \/>\n<meta property=\"og:url\" content=\"https:\/\/www.gunmeplug.com\/da\/refusion_returneringer\/\" \/>\n<meta property=\"og:site_name\" content=\"Buy gun online USA\" \/>\n<meta property=\"article:modified_time\" content=\"2023-05-03T10:02:34+00:00\" \/>\n<meta name=\"twitter:card\" content=\"summary_large_image\" \/>\n<meta name=\"twitter:label1\" content=\"Estimeret l\u00e6setid\" \/>\n\t<meta name=\"twitter:data1\" content=\"3 minutter\" \/>\n<script type=\"application\/ld+json\" class=\"yoast-schema-graph\">{\"@context\":\"https:\/\/schema.org\",\"@graph\":[{\"@type\":\"WebPage\",\"@id\":\"https:\/\/www.gunmeplug.com\/refund_returns\/\",\"url\":\"https:\/\/www.gunmeplug.com\/refund_returns\/\",\"name\":\"Refund and Returns Policy - Buy gun online USA\",\"isPartOf\":{\"@id\":\"https:\/\/www.gunmeplug.com\/#website\"},\"datePublished\":\"2021-11-05T17:23:33+00:00\",\"dateModified\":\"2023-05-03T10:02:34+00:00\",\"breadcrumb\":{\"@id\":\"https:\/\/www.gunmeplug.com\/refund_returns\/#breadcrumb\"},\"inLanguage\":\"da-DK\",\"potentialAction\":[{\"@type\":\"ReadAction\",\"target\":[\"https:\/\/www.gunmeplug.com\/refund_returns\/\"]}]},{\"@type\":\"BreadcrumbList\",\"@id\":\"https:\/\/www.gunmeplug.com\/refund_returns\/#breadcrumb\",\"itemListElement\":[{\"@type\":\"ListItem\",\"position\":1,\"name\":\"Home\",\"item\":\"https:\/\/www.gunmeplug.com\/es\/\"},{\"@type\":\"ListItem\",\"position\":2,\"name\":\"Refund and Returns Policy\"}]},{\"@type\":\"WebSite\",\"@id\":\"https:\/\/www.gunmeplug.com\/#website\",\"url\":\"https:\/\/www.gunmeplug.com\/\",\"name\":\"Buy gun online USA\",\"description\":\"FireArms for sale online \",\"potentialAction\":[{\"@type\":\"SearchAction\",\"target\":{\"@type\":\"EntryPoint\",\"urlTemplate\":\"https:\/\/www.gunmeplug.com\/?s={search_term_string}\"},\"query-input\":{\"@type\":\"PropertyValueSpecification\",\"valueRequired\":true,\"valueName\":\"search_term_string\"}}],\"inLanguage\":\"da-DK\"}]}<\/script>\n<!-- \/ Yoast SEO plugin. -->","yoast_head_json":{"title":"Politik for tilbagebetaling og returnering - K\u00f8b pistol online USA","robots":{"index":"index","follow":"follow","max-snippet":"max-snippet:-1","max-image-preview":"max-image-preview:large","max-video-preview":"max-video-preview:-1"},"canonical":"https:\/\/www.gunmeplug.com\/da\/refusion_returneringer\/","og_locale":"da_DK","og_type":"article","og_title":"Refund and Returns Policy - Buy gun online USA","og_url":"https:\/\/www.gunmeplug.com\/da\/refusion_returneringer\/","og_site_name":"Buy gun online USA","article_modified_time":"2023-05-03T10:02:34+00:00","twitter_card":"summary_large_image","twitter_misc":{"Estimeret l\u00e6setid":"3 minutter"},"schema":{"@context":"https:\/\/schema.org","@graph":[{"@type":"WebPage","@id":"https:\/\/www.gunmeplug.com\/refund_returns\/","url":"https:\/\/www.gunmeplug.com\/refund_returns\/","name":"Politik for tilbagebetaling og returnering - K\u00f8b pistol online USA","isPartOf":{"@id":"https:\/\/www.gunmeplug.com\/#website"},"datePublished":"2021-11-05T17:23:33+00:00","dateModified":"2023-05-03T10:02:34+00:00","breadcrumb":{"@id":"https:\/\/www.gunmeplug.com\/refund_returns\/#breadcrumb"},"inLanguage":"da-DK","potentialAction":[{"@type":"ReadAction","target":["https:\/\/www.gunmeplug.com\/refund_returns\/"]}]},{"@type":"BreadcrumbList","@id":"https:\/\/www.gunmeplug.com\/refund_returns\/#breadcrumb","itemListElement":[{"@type":"ListItem","position":1,"name":"Home","item":"https:\/\/www.gunmeplug.com\/es\/"},{"@type":"ListItem","position":2,"name":"Refund and Returns Policy"}]},{"@type":"WebSite","@id":"https:\/\/www.gunmeplug.com\/#website","url":"https:\/\/www.gunmeplug.com\/","name":"K\u00f8b pistol online USA","description":"FireArms til salg online","potentialAction":[{"@type":"SearchAction","target":{"@type":"EntryPoint","urlTemplate":"https:\/\/www.gunmeplug.com\/?s={search_term_string}"},"query-input":{"@type":"PropertyValueSpecification","valueRequired":true,"valueName":"search_term_string"}}],"inLanguage":"da-DK"}]}},"_links":{"self":[{"href":"https:\/\/www.gunmeplug.com\/da\/wp-json\/wp\/v2\/pages\/3229","targetHints":{"allow":["GET"]}}],"collection":[{"href":"https:\/\/www.gunmeplug.com\/da\/wp-json\/wp\/v2\/pages"}],"about":[{"href":"https:\/\/www.gunmeplug.com\/da\/wp-json\/wp\/v2\/types\/page"}],"author":[{"embeddable":true,"href":"https:\/\/www.gunmeplug.com\/da\/wp-json\/wp\/v2\/users\/1"}],"replies":[{"embeddable":true,"href":"https:\/\/www.gunmeplug.com\/da\/wp-json\/wp\/v2\/comments?post=3229"}],"version-history":[{"count":1,"href":"https:\/\/www.gunmeplug.com\/da\/wp-json\/wp\/v2\/pages\/3229\/revisions"}],"predecessor-version":[{"id":3412,"href":"https:\/\/www.gunmeplug.com\/da\/wp-json\/wp\/v2\/pages\/3229\/revisions\/3412"}],"wp:attachment":[{"href":"https:\/\/www.gunmeplug.com\/da\/wp-json\/wp\/v2\/media?parent=3229"}],"curies":[{"name":"wp","href":"https:\/\/api.w.org\/{rel}","templated":true}]}}