{"id":3092,"date":"2021-04-05T13:04:10","date_gmt":"2021-04-05T13:04:10","guid":{"rendered":"https:\/\/www.gunmeplug.com\/?page_id=3092"},"modified":"2021-04-05T13:17:12","modified_gmt":"2021-04-05T13:17:12","slug":"om-os","status":"publish","type":"page","link":"https:\/\/www.gunmeplug.com\/da\/om-os\/","title":{"rendered":"Om os"},"content":{"rendered":"<div class=\"vc_row wpb_row vc_row-fluid\"><div class=\"wpb_column vc_column_container vc_col-sm-4\"><div class=\"vc_column-inner\"><div class=\"wpb_wrapper\"><div class=\"vc_icon_element vc_icon_element-outer vc_icon_element-align-center\"><div class=\"vc_icon_element-inner vc_icon_element-color-blue vc_icon_element-size-lg vc_icon_element-style- vc_icon_element-background-color-grey\" ><span class=\"vc_icon_element-icon fas fa-dolly\" ><\/span><\/div><\/div><h4 style=\"font-size: 20px;text-align: center\" class=\"vc_custom_heading\" >SIKKER FORSENDELSE<\/h4>\n\t<div class=\"wpb_text_column wpb_content_element\" >\n\t\t<div class=\"wpb_wrapper\">\n\t\t\t<p style=\"text-align: center;\">Beskyttelse af dit privatliv og din sikkerhed er vores topprioritet<\/p>\n\n\t\t<\/div>\n\t<\/div>\n<\/div><\/div><\/div><div class=\"wpb_column vc_column_container vc_col-sm-4\"><div class=\"vc_column-inner\"><div class=\"wpb_wrapper\"><div class=\"vc_icon_element vc_icon_element-outer vc_icon_element-align-center\"><div class=\"vc_icon_element-inner vc_icon_element-color-blue vc_icon_element-size-lg vc_icon_element-style- vc_icon_element-background-color-grey\" ><span class=\"vc_icon_element-icon fas fa-store-alt\" ><\/span><\/div><\/div><h4 style=\"font-size: 20px;text-align: center\" class=\"vc_custom_heading\" >K\u00d8B MED TILLID<\/h4>\n\t<div class=\"wpb_text_column wpb_content_element\" >\n\t\t<div class=\"wpb_wrapper\">\n\t\t\t<p style=\"text-align: center;\">Accepterer betaling med Google pay, apple pay, bitcoin osv.<\/p>\n\n\t\t<\/div>\n\t<\/div>\n<\/div><\/div><\/div><div class=\"wpb_column vc_column_container vc_col-sm-4\"><div class=\"vc_column-inner\"><div class=\"wpb_wrapper\"><div class=\"vc_icon_element vc_icon_element-outer vc_icon_element-align-center\"><div class=\"vc_icon_element-inner vc_icon_element-color-blue vc_icon_element-size-lg vc_icon_element-style- vc_icon_element-background-color-grey\" ><span class=\"vc_icon_element-icon fas fa-hand-holding-usd\" ><\/span><\/div><\/div><h4 style=\"font-size: 20px;text-align: center\" class=\"vc_custom_heading\" >PENGENE TILBAGE GARANTI<\/h4>\n\t<div class=\"wpb_text_column wpb_content_element\" >\n\t\t<div class=\"wpb_wrapper\">\n\t\t\t<p style=\"text-align: center;\">Giver 100% pengene tilbage-garanti for alle v\u00e5ben<\/p>\n\n\t\t<\/div>\n\t<\/div>\n<\/div><\/div><\/div><\/div><div class=\"vc_row wpb_row vc_row-fluid\"><div class=\"wpb_column vc_column_container vc_col-sm-12\"><div class=\"vc_column-inner\"><div class=\"wpb_wrapper\">\n<div class=\"vc-zigzag-wrapper vc-zigzag-align-center\"><div class=\"vc-zigzag-inner\" style=\"width: 100%;min-height: 14px;background: 0 repeat-x url(&#039;data:image\/svg+xml;utf-8,%3C%3Fxml%20version%3D%221.0%22%20encoding%3D%22utf-8%22%3F%3E%3C%21DOCTYPE%20svg%20PUBLIC%20%22-%2F%2FW3C%2F%2FDTD%20SVG%201.1%2F%2FEN%22%20%22http%3A%2F%2Fwww.w3.org%2FGraphics%2FSVG%2F1.1%2FDTD%2Fsvg11.dtd%22%3E%3Csvg%20width%3D%2214px%22%20height%3D%2212px%22%20viewBox%3D%220%200%2018%2015%22%20version%3D%221.1%22%20xmlns%3D%22http%3A%2F%2Fwww.w3.org%2F2000%2Fsvg%22%20xmlns%3Axlink%3D%22http%3A%2F%2Fwww.w3.org%2F1999%2Fxlink%22%3E%3Cpolygon%20id%3D%22Combined-Shape%22%20fill%3D%22%23ebebeb%22%20points%3D%228.98762301%200%200%209.12771969%200%2014.519983%209%205.40479869%2018%2014.519983%2018%209.12771969%22%3E%3C%2Fpolygon%3E%3C%2Fsvg%3E&#039;);\"><\/div><\/div><div class=\"vc_empty_space\"   style=\"height: 32px\"><span class=\"vc_empty_space_inner\"><\/span><\/div><\/div><\/div><\/div><\/div><div class=\"vc_row wpb_row vc_row-fluid\"><div class=\"wpb_column vc_column_container vc_col-sm-12\"><div class=\"vc_column-inner\"><div class=\"wpb_wrapper\">\n\t<div class=\"wpb_text_column wpb_content_element\" >\n\t\t<div class=\"wpb_wrapper\">\n\t\t\t<p style=\"text-align: center;\">Gunmeplug, som er en af de f\u00f8rste online v\u00e5benhandlere og en vigtig akt\u00f8r p\u00e5 markedet, blev grundlagt i 1997 af 3 passionerede skytter. Vi s\u00e5 (og ser stadig) behovet for at give adgang til det bedste og nyeste udstyr til de bedste priser til alle, der har adgang til en computer eller telefon, hvor som helst.<\/p>\n<p style=\"text-align: center;\">Vores fokus p\u00e5 skydev\u00e5ben og skydeudstyr g\u00f8r det muligt for os at k\u00f8be ind i store m\u00e6ngder og give besparelserne videre til dig. Alle, der arbejder hos Impact, lige fra ejerne til fragtpersonalet, er f\u00f8rst og fremmest skytter. Vi elsker absolut det, vi laver!<\/p>\n<p style=\"text-align: center;\">Et dedikeret team gennemg\u00e5r og tilf\u00f8jer nye produkter, n\u00e5r de viser sig at fungere som annonceret. Hvis feedback viser, at et produkt ikke lever op til forventningerne, tr\u00e6kker vi det tilbage.<\/p>\n<p style=\"text-align: center;\">We pioneered the \u2018Lifetime Guarantee\u2019 for any new gun we sell, and continue to stand behind every firearm- providing an extra level of confidence, and another reason to consider purchasing with us.<\/p>\n<p style=\"text-align: center;\">Impact Guns also matches prices- if you find the item you want elsewhere at a lower price, just let us know, we\u2019ll try our best to \u2018meet it or beat it\u2019.<\/p>\n<p style=\"text-align: center;\">Gunmeplug Performance, LLC blev oprettet i 1983 af Duvall Magill for at lette driften af et internationalt detailhandels- og engrosdistributionsnetv\u00e6rk med flere m\u00e6rker med b\u00e5de trykt og online katalogsalg, der d\u00e6kker et bredt spektrum af industrier.<\/p>\n<p style=\"text-align: center;\">N\u00e5r du handler hos Gunmeplug.com kan du forvente det h\u00f8jeste niveau af kvalitet og service, der findes. Vores forpligtelse til ekspertise er bygget p\u00e5 de h\u00f8jeste standarder for kundeservice. Vi tilbyder de bedste produkter p\u00e5 markedet bakket op af de mest kyndige fagfolk i branchen. Vi vokser konstant, og vi er s\u00e5 glade for at have vores kunders tillid og loyalitet.<\/p>\n\n\t\t<\/div>\n\t<\/div>\n<\/div><\/div><\/div><\/div><div class=\"vc_row wpb_row vc_row-fluid\"><div class=\"wpb_column vc_column_container vc_col-sm-12\"><div class=\"vc_column-inner\"><div class=\"wpb_wrapper\">\n\t<div  class=\"wpb_single_image wpb_content_element vc_align_center\">\n\t\t\n\t\t<figure class=\"wpb_wrapper vc_figure\">\n\t\t\t<div class=\"vc_single_image-wrapper vc_box_rounded  vc_box_border_grey\"><img loading=\"lazy\" decoding=\"async\" width=\"1024\" height=\"683\" src=\"https:\/\/www.gunmeplug.com\/wp-content\/uploads\/2021\/04\/about-us.jpg\" class=\"vc_single_image-img attachment-full\" alt=\"V\u00e5ben til salg i USA\" srcset=\"https:\/\/www.gunmeplug.com\/wp-content\/uploads\/2021\/04\/about-us.jpg 1024w, https:\/\/www.gunmeplug.com\/wp-content\/uploads\/2021\/04\/about-us-600x400.jpg 600w, https:\/\/www.gunmeplug.com\/wp-content\/uploads\/2021\/04\/about-us-300x200.jpg 300w, https:\/\/www.gunmeplug.com\/wp-content\/uploads\/2021\/04\/about-us-768x512.jpg 768w, https:\/\/www.gunmeplug.com\/wp-content\/uploads\/2021\/04\/about-us-1000x667.jpg 1000w\" sizes=\"auto, (max-width: 1024px) 100vw, 1024px\" \/><\/div>\n\t\t<\/figure>\n\t<\/div>\n<\/div><\/div><\/div><\/div>","protected":false},"excerpt":{"rendered":"SIKKER FRAGT Beskyttelse af dit privatliv og sikkerhed er vores h\u00f8jeste prioritet SHOP MED SIKKERHED Accepterer betaling via Google pay, apple pay, bitcoin osv. PENGE TILBAGE GARANTI Giver 100% penge-tilbage garanti for alle v\u00e5ben En af de f\u00f8rste online skydev\u00e5ben s\u00e6lgere og en stor styrke p\u00e5 markedet, Gunmeplug blev grundlagt i 1997 af 3 [...]","protected":false},"author":1,"featured_media":0,"parent":0,"menu_order":0,"comment_status":"closed","ping_status":"closed","template":"","meta":{"_acf_changed":false,"_joinchat":[],"footnotes":""},"class_list":["post-3092","page","type-page","status-publish","hentry"],"acf":[],"yoast_head":"<!-- This site is optimized with the Yoast SEO plugin v26.3 - https:\/\/yoast.com\/wordpress\/plugins\/seo\/ -->\n<title>About Us - Buy gun online USA<\/title>\n<meta name=\"robots\" content=\"index, follow, max-snippet:-1, max-image-preview:large, max-video-preview:-1\" \/>\n<link rel=\"canonical\" href=\"https:\/\/www.gunmeplug.com\/da\/om-os\/\" \/>\n<meta property=\"og:locale\" content=\"da_DK\" \/>\n<meta property=\"og:type\" content=\"article\" \/>\n<meta property=\"og:title\" content=\"About Us - Buy gun online USA\" \/>\n<meta property=\"og:url\" content=\"https:\/\/www.gunmeplug.com\/da\/om-os\/\" \/>\n<meta property=\"og:site_name\" content=\"Buy gun online USA\" \/>\n<meta property=\"article:modified_time\" content=\"2021-04-05T13:17:12+00:00\" \/>\n<meta name=\"twitter:card\" content=\"summary_large_image\" \/>\n<meta name=\"twitter:label1\" content=\"Estimeret l\u00e6setid\" \/>\n\t<meta name=\"twitter:data1\" content=\"2 minutter\" \/>\n<script type=\"application\/ld+json\" class=\"yoast-schema-graph\">{\"@context\":\"https:\/\/schema.org\",\"@graph\":[{\"@type\":\"WebPage\",\"@id\":\"https:\/\/www.gunmeplug.com\/about-us\/\",\"url\":\"https:\/\/www.gunmeplug.com\/about-us\/\",\"name\":\"About Us - Buy gun online USA\",\"isPartOf\":{\"@id\":\"https:\/\/www.gunmeplug.com\/#website\"},\"datePublished\":\"2021-04-05T13:04:10+00:00\",\"dateModified\":\"2021-04-05T13:17:12+00:00\",\"breadcrumb\":{\"@id\":\"https:\/\/www.gunmeplug.com\/about-us\/#breadcrumb\"},\"inLanguage\":\"da-DK\",\"potentialAction\":[{\"@type\":\"ReadAction\",\"target\":[\"https:\/\/www.gunmeplug.com\/about-us\/\"]}]},{\"@type\":\"BreadcrumbList\",\"@id\":\"https:\/\/www.gunmeplug.com\/about-us\/#breadcrumb\",\"itemListElement\":[{\"@type\":\"ListItem\",\"position\":1,\"name\":\"Home\",\"item\":\"https:\/\/www.gunmeplug.com\/es\/\"},{\"@type\":\"ListItem\",\"position\":2,\"name\":\"About Us\"}]},{\"@type\":\"WebSite\",\"@id\":\"https:\/\/www.gunmeplug.com\/#website\",\"url\":\"https:\/\/www.gunmeplug.com\/\",\"name\":\"Buy gun online USA\",\"description\":\"FireArms for sale online \",\"potentialAction\":[{\"@type\":\"SearchAction\",\"target\":{\"@type\":\"EntryPoint\",\"urlTemplate\":\"https:\/\/www.gunmeplug.com\/?s={search_term_string}\"},\"query-input\":{\"@type\":\"PropertyValueSpecification\",\"valueRequired\":true,\"valueName\":\"search_term_string\"}}],\"inLanguage\":\"da-DK\"}]}<\/script>\n<!-- \/ Yoast SEO plugin. -->","yoast_head_json":{"title":"Om os - K\u00f8b pistol online USA","robots":{"index":"index","follow":"follow","max-snippet":"max-snippet:-1","max-image-preview":"max-image-preview:large","max-video-preview":"max-video-preview:-1"},"canonical":"https:\/\/www.gunmeplug.com\/da\/om-os\/","og_locale":"da_DK","og_type":"article","og_title":"About Us - Buy gun online USA","og_url":"https:\/\/www.gunmeplug.com\/da\/om-os\/","og_site_name":"Buy gun online USA","article_modified_time":"2021-04-05T13:17:12+00:00","twitter_card":"summary_large_image","twitter_misc":{"Estimeret l\u00e6setid":"2 minutter"},"schema":{"@context":"https:\/\/schema.org","@graph":[{"@type":"WebPage","@id":"https:\/\/www.gunmeplug.com\/about-us\/","url":"https:\/\/www.gunmeplug.com\/about-us\/","name":"Om os - K\u00f8b pistol online USA","isPartOf":{"@id":"https:\/\/www.gunmeplug.com\/#website"},"datePublished":"2021-04-05T13:04:10+00:00","dateModified":"2021-04-05T13:17:12+00:00","breadcrumb":{"@id":"https:\/\/www.gunmeplug.com\/about-us\/#breadcrumb"},"inLanguage":"da-DK","potentialAction":[{"@type":"ReadAction","target":["https:\/\/www.gunmeplug.com\/about-us\/"]}]},{"@type":"BreadcrumbList","@id":"https:\/\/www.gunmeplug.com\/about-us\/#breadcrumb","itemListElement":[{"@type":"ListItem","position":1,"name":"Home","item":"https:\/\/www.gunmeplug.com\/es\/"},{"@type":"ListItem","position":2,"name":"About Us"}]},{"@type":"WebSite","@id":"https:\/\/www.gunmeplug.com\/#website","url":"https:\/\/www.gunmeplug.com\/","name":"K\u00f8b pistol online USA","description":"FireArms til salg online","potentialAction":[{"@type":"SearchAction","target":{"@type":"EntryPoint","urlTemplate":"https:\/\/www.gunmeplug.com\/?s={search_term_string}"},"query-input":{"@type":"PropertyValueSpecification","valueRequired":true,"valueName":"search_term_string"}}],"inLanguage":"da-DK"}]}},"_links":{"self":[{"href":"https:\/\/www.gunmeplug.com\/da\/wp-json\/wp\/v2\/pages\/3092","targetHints":{"allow":["GET"]}}],"collection":[{"href":"https:\/\/www.gunmeplug.com\/da\/wp-json\/wp\/v2\/pages"}],"about":[{"href":"https:\/\/www.gunmeplug.com\/da\/wp-json\/wp\/v2\/types\/page"}],"author":[{"embeddable":true,"href":"https:\/\/www.gunmeplug.com\/da\/wp-json\/wp\/v2\/users\/1"}],"replies":[{"embeddable":true,"href":"https:\/\/www.gunmeplug.com\/da\/wp-json\/wp\/v2\/comments?post=3092"}],"version-history":[{"count":5,"href":"https:\/\/www.gunmeplug.com\/da\/wp-json\/wp\/v2\/pages\/3092\/revisions"}],"predecessor-version":[{"id":3099,"href":"https:\/\/www.gunmeplug.com\/da\/wp-json\/wp\/v2\/pages\/3092\/revisions\/3099"}],"wp:attachment":[{"href":"https:\/\/www.gunmeplug.com\/da\/wp-json\/wp\/v2\/media?parent=3092"}],"curies":[{"name":"wp","href":"https:\/\/api.w.org\/{rel}","templated":true}]}}